{"id":37196,"date":"2025-04-09T05:37:05","date_gmt":"2025-04-09T11:37:05","guid":{"rendered":"https:\/\/www.mexicanguitarplayers.com\/tienda\/sin categor\u00eda\/cajon-meinl-ajustable-mod-scp100awa\/"},"modified":"2026-04-10T04:25:01","modified_gmt":"2026-04-10T10:25:01","slug":"cajon-meinl-ajustable-mod-scp100awa","status":"publish","type":"product","link":"https:\/\/www.mexicanguitarplayers.com\/en\/tienda\/percusiones\/percusiones-mayores\/cajones\/cajon-meinl-ajustable-mod-scp100awa\/","title":{"rendered":"CAJON MEINL AJUSTABLE MOD. SCP100AWA"},"content":{"rendered":"<div style=\"text-align: justify\">\n<div>\n<h3>Ideal para sonidos flamencos y peruanos.<\/h3>\n<\/div>\n<div>Los cajones Snarecraft Professional de Meinl combinan la puntuaci\u00f3n r\u00edtmica articulada con una calidad tonal c\u00e1lida para brindar a los percusionistas un sonido enfocado y un amplio rango din\u00e1mico. Hecho de madera de abedul b\u00e1ltico, estos cajones responden con un golpes graves sordo y n\u00edtidos slaps. Los sonidos altamente expresivos de tarola provienen de alambres que se pueden ajustar con una perilla ubicada en el costado del caj\u00f3n. Girando la perilla, cambia la cantidad de presi\u00f3n que tienen los alambres, alterando su sensibilidad. Tambi\u00e9n pueden estar completamente apagados. Las esquinas redondeadas en la superficie ofrecen una comodidad total mientras maximizan su toque.<\/div>\n<div>\n<h4>Quick look<\/h4>\n<\/div>\n<ul style=\"margin: 0px 0px 0px 25px\">\n<li style=\"list-style-type: circle;margin: 5px\">Dimensions.<\/li>\n<\/ul>\n<div>\n<div style=\"font-weight: bold\">Dimensions.<\/div>\n<div>\n<p>Ancho: 11 3\/4&#8243;. Altura: 19 3\/4&#8243;. Profundidad: 12&#8243;.<\/p>\n<\/div>\n<\/div>\n<div>\n<h4>Characteristics<\/h4>\n<\/div>\n<div>\n<ul style=\"margin: 0px 0px 0px 25px\">\n<li style=\"list-style-type: circle;margin: 5px\">Cajon ajustable.<\/li>\n<li style=\"list-style-type: circle;margin: 5px\">Switch de pie activado.<\/li>\n<li style=\"list-style-type: circle;margin: 5px\">Cuerpo de 9 capas de abed\u00fal b\u00e1ltico de 12 mm.<\/li>\n<li style=\"list-style-type: circle;margin: 5px\">Placa frontal de fresno blanco americano.<\/li>\n<li style=\"list-style-type: circle;margin: 5px\">Esquinas redondeadas<\/li>\n<li style=\"list-style-type: circle;margin: 5px\">Patas de goma.<\/li>\n<li style=\"list-style-type: circle;margin: 5px\">Puerto de sonido trasero.<\/li>\n<\/ul>\n<\/div>\n<\/div>","protected":false},"excerpt":{"rendered":"<p>Cajon ajustable para estilos flamencos y peruanos, equipado con un switch de pie activado, fabricado con 9 capas de abed\u00fal b\u00e1ltico de 12 mm, placa frontal de fresno blanco americano, esquinas redondeadas para mayor comodidad, patas de goma, puerto de sonido trasero, dimensiones: ancho: 11 3\/4\u201d, altura: 19 3\/4\u201d, profundidad: 12\u201d.&hellip; <a class=\"kt-excerpt-readmore more-link\" href=\"https:\/\/www.mexicanguitarplayers.com\/en\/tienda\/percusiones\/percusiones-mayores\/cajones\/cajon-meinl-ajustable-mod-scp100awa\/\">Read more<\/a><\/p>","protected":false},"featured_media":37194,"comment_status":"open","ping_status":"closed","template":"","meta":{"kt_blocks_editor_width":""},"pwb-brand":[290],"product_brand":[],"product_cat":[268,208,267],"product_tag":[],"class_list":{"0":"post-37196","1":"product","2":"type-product","3":"status-publish","4":"has-post-thumbnail","6":"pwb-brand-meinl","7":"product_cat-cajones","8":"product_cat-percusiones","9":"product_cat-percusiones-mayores","10":"product_shipping_class-5-10-kg","12":"first","13":"outofstock","14":"taxable","15":"shipping-taxable","16":"purchasable","17":"product-type-simple"},"yoast_head":"<!-- This site is optimized with the Yoast SEO plugin v27.6 - https:\/\/yoast.com\/product\/yoast-seo-wordpress\/ -->\n<title>CAJON MEINL AJUSTABLE MOD. SCP100AWA - Mexican Guitar Players<\/title>\n<meta name=\"description\" content=\"Cajon ajustable para estilos flamencos y peruanos, equipado con un switch de pie activado, fabricado con 9 capas de abed\u00fal b\u00e1ltico de 12 mm, placa frontal de fresno blanco americano, esquinas redondeadas para mayor comodidad, patas de goma, puerto de sonido trasero, dimensiones: ancho: 11 3\/4\u201d, altura: 19 3\/4\u201d, profundidad: 12\u201d.\" \/>\n<meta name=\"robots\" content=\"index, follow, max-snippet:-1, max-image-preview:large, max-video-preview:-1\" \/>\n<link rel=\"canonical\" href=\"https:\/\/www.mexicanguitarplayers.com\/en\/tienda\/sin%20categor\u00eda\/cajon-meinl-ajustable-mod-scp100awa\/\" \/>\n<meta property=\"og:locale\" content=\"en_US\" \/>\n<meta property=\"og:type\" content=\"article\" \/>\n<meta property=\"og:title\" content=\"CAJON MEINL AJUSTABLE MOD. SCP100AWA - Mexican Guitar Players\" \/>\n<meta property=\"og:description\" content=\"Cajon ajustable para estilos flamencos y peruanos, equipado con un switch de pie activado, fabricado con 9 capas de abed\u00fal b\u00e1ltico de 12 mm, placa frontal de fresno blanco americano, esquinas redondeadas para mayor comodidad, patas de goma, puerto de sonido trasero, dimensiones: ancho: 11 3\/4\u201d, altura: 19 3\/4\u201d, profundidad: 12\u201d.\" \/>\n<meta property=\"og:url\" content=\"https:\/\/www.mexicanguitarplayers.com\/en\/tienda\/sin categor\u00eda\/cajon-meinl-ajustable-mod-scp100awa\/\" \/>\n<meta property=\"og:site_name\" content=\"Mexican Guitar Players\" \/>\n<meta property=\"article:modified_time\" content=\"2026-04-10T10:25:01+00:00\" \/>\n<meta name=\"twitter:card\" content=\"summary_large_image\" \/>\n<meta name=\"twitter:label1\" content=\"Est. reading time\" \/>\n\t<meta name=\"twitter:data1\" content=\"1 minute\" \/>\n<script type=\"application\/ld+json\" class=\"yoast-schema-graph\">{\"@context\":\"https:\\\/\\\/schema.org\",\"@graph\":[{\"@type\":[\"WebPage\",\"ItemPage\"],\"@id\":\"https:\\\/\\\/www.mexicanguitarplayers.com\\\/tienda\\\/sin categor\u00eda\\\/cajon-meinl-ajustable-mod-scp100awa\\\/\",\"url\":\"https:\\\/\\\/www.mexicanguitarplayers.com\\\/tienda\\\/sin categor\u00eda\\\/cajon-meinl-ajustable-mod-scp100awa\\\/\",\"name\":\"CAJON MEINL AJUSTABLE MOD. SCP100AWA - Mexican Guitar Players\",\"isPartOf\":{\"@id\":\"https:\\\/\\\/www.mexicanguitarplayers.com\\\/#website\"},\"primaryImageOfPage\":{\"@id\":\"https:\\\/\\\/www.mexicanguitarplayers.com\\\/tienda\\\/sin categor\u00eda\\\/cajon-meinl-ajustable-mod-scp100awa\\\/#primaryimage\"},\"image\":{\"@id\":\"https:\\\/\\\/www.mexicanguitarplayers.com\\\/tienda\\\/sin categor\u00eda\\\/cajon-meinl-ajustable-mod-scp100awa\\\/#primaryimage\"},\"thumbnailUrl\":\"https:\\\/\\\/www.mexicanguitarplayers.com\\\/wp-content\\\/uploads\\\/2025\\\/04\\\/IPMEISCP100AWA.jpg\",\"datePublished\":\"2025-04-09T11:37:05+00:00\",\"dateModified\":\"2026-04-10T10:25:01+00:00\",\"description\":\"Cajon ajustable para estilos flamencos y peruanos, equipado con un switch de pie activado, fabricado con 9 capas de abed\u00fal b\u00e1ltico de 12 mm, placa frontal de fresno blanco americano, esquinas redondeadas para mayor comodidad, patas de goma, puerto de sonido trasero, dimensiones: ancho: 11 3\\\/4\u201d, altura: 19 3\\\/4\u201d, profundidad: 12\u201d.\",\"breadcrumb\":{\"@id\":\"https:\\\/\\\/www.mexicanguitarplayers.com\\\/tienda\\\/sin categor\u00eda\\\/cajon-meinl-ajustable-mod-scp100awa\\\/#breadcrumb\"},\"inLanguage\":\"en-US\",\"potentialAction\":[{\"@type\":\"ReadAction\",\"target\":[\"https:\\\/\\\/www.mexicanguitarplayers.com\\\/tienda\\\/sin categor\u00eda\\\/cajon-meinl-ajustable-mod-scp100awa\\\/\"]}]},{\"@type\":\"ImageObject\",\"inLanguage\":\"en-US\",\"@id\":\"https:\\\/\\\/www.mexicanguitarplayers.com\\\/tienda\\\/sin categor\u00eda\\\/cajon-meinl-ajustable-mod-scp100awa\\\/#primaryimage\",\"url\":\"https:\\\/\\\/www.mexicanguitarplayers.com\\\/wp-content\\\/uploads\\\/2025\\\/04\\\/IPMEISCP100AWA.jpg\",\"contentUrl\":\"https:\\\/\\\/www.mexicanguitarplayers.com\\\/wp-content\\\/uploads\\\/2025\\\/04\\\/IPMEISCP100AWA.jpg\",\"width\":1200,\"height\":1200},{\"@type\":\"BreadcrumbList\",\"@id\":\"https:\\\/\\\/www.mexicanguitarplayers.com\\\/tienda\\\/sin categor\u00eda\\\/cajon-meinl-ajustable-mod-scp100awa\\\/#breadcrumb\",\"itemListElement\":[{\"@type\":\"ListItem\",\"position\":1,\"name\":\"Portada\",\"item\":\"https:\\\/\\\/www.mexicanguitarplayers.com\\\/\"},{\"@type\":\"ListItem\",\"position\":2,\"name\":\"Tienda\",\"item\":\"https:\\\/\\\/www.mexicanguitarplayers.com\\\/tienda\\\/\"},{\"@type\":\"ListItem\",\"position\":3,\"name\":\"CAJON MEINL AJUSTABLE MOD. SCP100AWA\"}]},{\"@type\":\"WebSite\",\"@id\":\"https:\\\/\\\/www.mexicanguitarplayers.com\\\/#website\",\"url\":\"https:\\\/\\\/www.mexicanguitarplayers.com\\\/\",\"name\":\"Mexican Guitar Players\",\"description\":\"Website\",\"publisher\":{\"@id\":\"https:\\\/\\\/www.mexicanguitarplayers.com\\\/#organization\"},\"potentialAction\":[{\"@type\":\"SearchAction\",\"target\":{\"@type\":\"EntryPoint\",\"urlTemplate\":\"https:\\\/\\\/www.mexicanguitarplayers.com\\\/?s={search_term_string}\"},\"query-input\":{\"@type\":\"PropertyValueSpecification\",\"valueRequired\":true,\"valueName\":\"search_term_string\"}}],\"inLanguage\":\"en-US\"},{\"@type\":\"Organization\",\"@id\":\"https:\\\/\\\/www.mexicanguitarplayers.com\\\/#organization\",\"name\":\"Mexican Guitar Players\",\"url\":\"https:\\\/\\\/www.mexicanguitarplayers.com\\\/\",\"logo\":{\"@type\":\"ImageObject\",\"inLanguage\":\"en-US\",\"@id\":\"https:\\\/\\\/www.mexicanguitarplayers.com\\\/#\\\/schema\\\/logo\\\/image\\\/\",\"url\":\"\",\"contentUrl\":\"\",\"caption\":\"Mexican Guitar Players\"},\"image\":{\"@id\":\"https:\\\/\\\/www.mexicanguitarplayers.com\\\/#\\\/schema\\\/logo\\\/image\\\/\"}}]}<\/script>\n<!-- \/ Yoast SEO plugin. -->","yoast_head_json":{"title":"CAJON MEINL AJUSTABLE MOD. SCP100AWA - Mexican Guitar Players","description":"Cajon ajustable para estilos flamencos y peruanos, equipado con un switch de pie activado, fabricado con 9 capas de abed\u00fal b\u00e1ltico de 12 mm, placa frontal de fresno blanco americano, esquinas redondeadas para mayor comodidad, patas de goma, puerto de sonido trasero, dimensiones: ancho: 11 3\/4\u201d, altura: 19 3\/4\u201d, profundidad: 12\u201d.","robots":{"index":"index","follow":"follow","max-snippet":"max-snippet:-1","max-image-preview":"max-image-preview:large","max-video-preview":"max-video-preview:-1"},"canonical":"https:\/\/www.mexicanguitarplayers.com\/en\/tienda\/sin categor\u00eda\/cajon-meinl-ajustable-mod-scp100awa\/","og_locale":"en_US","og_type":"article","og_title":"CAJON MEINL AJUSTABLE MOD. SCP100AWA - Mexican Guitar Players","og_description":"Cajon ajustable para estilos flamencos y peruanos, equipado con un switch de pie activado, fabricado con 9 capas de abed\u00fal b\u00e1ltico de 12 mm, placa frontal de fresno blanco americano, esquinas redondeadas para mayor comodidad, patas de goma, puerto de sonido trasero, dimensiones: ancho: 11 3\/4\u201d, altura: 19 3\/4\u201d, profundidad: 12\u201d.","og_url":"https:\/\/www.mexicanguitarplayers.com\/en\/tienda\/sin categor\u00eda\/cajon-meinl-ajustable-mod-scp100awa\/","og_site_name":"Mexican Guitar Players","article_modified_time":"2026-04-10T10:25:01+00:00","twitter_card":"summary_large_image","twitter_misc":{"Est. reading time":"1 minute"},"schema":{"@context":"https:\/\/schema.org","@graph":[{"@type":["WebPage","ItemPage"],"@id":"https:\/\/www.mexicanguitarplayers.com\/tienda\/sin categor\u00eda\/cajon-meinl-ajustable-mod-scp100awa\/","url":"https:\/\/www.mexicanguitarplayers.com\/tienda\/sin categor\u00eda\/cajon-meinl-ajustable-mod-scp100awa\/","name":"CAJON MEINL AJUSTABLE MOD. SCP100AWA - Mexican Guitar Players","isPartOf":{"@id":"https:\/\/www.mexicanguitarplayers.com\/#website"},"primaryImageOfPage":{"@id":"https:\/\/www.mexicanguitarplayers.com\/tienda\/sin categor\u00eda\/cajon-meinl-ajustable-mod-scp100awa\/#primaryimage"},"image":{"@id":"https:\/\/www.mexicanguitarplayers.com\/tienda\/sin categor\u00eda\/cajon-meinl-ajustable-mod-scp100awa\/#primaryimage"},"thumbnailUrl":"https:\/\/www.mexicanguitarplayers.com\/wp-content\/uploads\/2025\/04\/IPMEISCP100AWA.jpg","datePublished":"2025-04-09T11:37:05+00:00","dateModified":"2026-04-10T10:25:01+00:00","description":"Cajon ajustable para estilos flamencos y peruanos, equipado con un switch de pie activado, fabricado con 9 capas de abed\u00fal b\u00e1ltico de 12 mm, placa frontal de fresno blanco americano, esquinas redondeadas para mayor comodidad, patas de goma, puerto de sonido trasero, dimensiones: ancho: 11 3\/4\u201d, altura: 19 3\/4\u201d, profundidad: 12\u201d.","breadcrumb":{"@id":"https:\/\/www.mexicanguitarplayers.com\/tienda\/sin categor\u00eda\/cajon-meinl-ajustable-mod-scp100awa\/#breadcrumb"},"inLanguage":"en-US","potentialAction":[{"@type":"ReadAction","target":["https:\/\/www.mexicanguitarplayers.com\/tienda\/sin categor\u00eda\/cajon-meinl-ajustable-mod-scp100awa\/"]}]},{"@type":"ImageObject","inLanguage":"en-US","@id":"https:\/\/www.mexicanguitarplayers.com\/tienda\/sin categor\u00eda\/cajon-meinl-ajustable-mod-scp100awa\/#primaryimage","url":"https:\/\/www.mexicanguitarplayers.com\/wp-content\/uploads\/2025\/04\/IPMEISCP100AWA.jpg","contentUrl":"https:\/\/www.mexicanguitarplayers.com\/wp-content\/uploads\/2025\/04\/IPMEISCP100AWA.jpg","width":1200,"height":1200},{"@type":"BreadcrumbList","@id":"https:\/\/www.mexicanguitarplayers.com\/tienda\/sin categor\u00eda\/cajon-meinl-ajustable-mod-scp100awa\/#breadcrumb","itemListElement":[{"@type":"ListItem","position":1,"name":"Portada","item":"https:\/\/www.mexicanguitarplayers.com\/"},{"@type":"ListItem","position":2,"name":"Tienda","item":"https:\/\/www.mexicanguitarplayers.com\/tienda\/"},{"@type":"ListItem","position":3,"name":"CAJON MEINL AJUSTABLE MOD. SCP100AWA"}]},{"@type":"WebSite","@id":"https:\/\/www.mexicanguitarplayers.com\/#website","url":"https:\/\/www.mexicanguitarplayers.com\/","name":"Mexican Guitar Players","description":"Website","publisher":{"@id":"https:\/\/www.mexicanguitarplayers.com\/#organization"},"potentialAction":[{"@type":"SearchAction","target":{"@type":"EntryPoint","urlTemplate":"https:\/\/www.mexicanguitarplayers.com\/?s={search_term_string}"},"query-input":{"@type":"PropertyValueSpecification","valueRequired":true,"valueName":"search_term_string"}}],"inLanguage":"en-US"},{"@type":"Organization","@id":"https:\/\/www.mexicanguitarplayers.com\/#organization","name":"Mexican Guitar Players","url":"https:\/\/www.mexicanguitarplayers.com\/","logo":{"@type":"ImageObject","inLanguage":"en-US","@id":"https:\/\/www.mexicanguitarplayers.com\/#\/schema\/logo\/image\/","url":"","contentUrl":"","caption":"Mexican Guitar Players"},"image":{"@id":"https:\/\/www.mexicanguitarplayers.com\/#\/schema\/logo\/image\/"}}]}},"brands":[{"id":290,"name":"MEINL","slug":"meinl"}],"_links":{"self":[{"href":"https:\/\/www.mexicanguitarplayers.com\/en\/wp-json\/wp\/v2\/product\/37196","targetHints":{"allow":["GET"]}}],"collection":[{"href":"https:\/\/www.mexicanguitarplayers.com\/en\/wp-json\/wp\/v2\/product"}],"about":[{"href":"https:\/\/www.mexicanguitarplayers.com\/en\/wp-json\/wp\/v2\/types\/product"}],"replies":[{"embeddable":true,"href":"https:\/\/www.mexicanguitarplayers.com\/en\/wp-json\/wp\/v2\/comments?post=37196"}],"wp:featuredmedia":[{"embeddable":true,"href":"https:\/\/www.mexicanguitarplayers.com\/en\/wp-json\/wp\/v2\/media\/37194"}],"wp:attachment":[{"href":"https:\/\/www.mexicanguitarplayers.com\/en\/wp-json\/wp\/v2\/media?parent=37196"}],"wp:term":[{"taxonomy":"pwb-brand","embeddable":true,"href":"https:\/\/www.mexicanguitarplayers.com\/en\/wp-json\/wp\/v2\/pwb-brand?post=37196"},{"taxonomy":"product_brand","embeddable":true,"href":"https:\/\/www.mexicanguitarplayers.com\/en\/wp-json\/wp\/v2\/product_brand?post=37196"},{"taxonomy":"product_cat","embeddable":true,"href":"https:\/\/www.mexicanguitarplayers.com\/en\/wp-json\/wp\/v2\/product_cat?post=37196"},{"taxonomy":"product_tag","embeddable":true,"href":"https:\/\/www.mexicanguitarplayers.com\/en\/wp-json\/wp\/v2\/product_tag?post=37196"}],"curies":[{"name":"wp","href":"https:\/\/api.w.org\/{rel}","templated":true}]}}