{"id":37211,"date":"2025-04-09T05:37:23","date_gmt":"2025-04-09T11:37:23","guid":{"rendered":"https:\/\/www.mexicanguitarplayers.com\/tienda\/sin categor\u00eda\/funda-gator-p-bafle-gpa-712sm\/"},"modified":"2026-05-01T07:19:45","modified_gmt":"2026-05-01T13:19:45","slug":"funda-gator-p-bafle-gpa-712sm","status":"publish","type":"product","link":"https:\/\/www.mexicanguitarplayers.com\/en\/tienda\/accesorios\/estuches-y-fundas\/para-bafle\/funda-gator-p-bafle-gpa-712sm\/","title":{"rendered":"FUNDA GATOR P\/BAFLE GPA-712SM"},"content":{"rendered":"<div style=\"text-align: justify\">\n<div>\n<h3>Una manera segura de transportar tus altavoces.<\/h3>\n<\/div>\n<div>Esta funda para altavoz de Gator es ideal para proteger tus altavoces de 12&#8243; pulgadas y se ajusta muy bien a los modelos QSC K12, Mackie TH-12A, JBL PRX612M, JRX112M, y SRX712M y Behringer B2120, entre otros. Hace que transportar tu equipo de audio sea muy sencillo. El interior cuenta con un dise\u00f1o de doble cierre y un fondo de espuma estructurada para amortiguar el altavoz, la espuma lateral de 10 mm puede absorber los golpes leves y el exterior de resistente nylon evita la mayor\u00eda de los rasgu\u00f1os y abrasiones. Un juego de ruedas en l\u00ednea estilo pat\u00edn y un mango flexible, facilitan el transporte para una mayor comodidad y cuenta tambi\u00e9n con un gran bolsillo para accesorios.<\/div>\n<div>\n<h4>Quick look<\/h4>\n<\/div>\n<ul style=\"margin: 0px 0px 0px 25px\">\n<li style=\"list-style-type: circle;margin: 5px\">Modelos compatibles.<\/li>\n<li style=\"list-style-type: circle;margin: 5px\">Dimensiones interiores.<\/li>\n<li style=\"list-style-type: circle;margin: 5px\">Dimensiones exteriores.<\/li>\n<li style=\"list-style-type: circle;margin: 5px\">Weight.<\/li>\n<\/ul>\n<div>\n<div style=\"font-weight: bold\">Modelos compatibles.<\/div>\n<div>\n<p>QSC K12, Mackie TH-12A, JBL PRX612M, JRX112M, y SRX712M y Behringer B2120.<\/p>\n<\/div>\n<div style=\"font-weight: bold\">Dimensiones interiores.<\/div>\n<div>\n<p>Longitud interior: 28.5&#8243; (723.9 mm). Ancho interior: 18.5&#8243; (469.9 mm). Altura interior: 16&#8243; (406.4 mm).<\/p>\n<\/div>\n<div style=\"font-weight: bold\">Dimensiones exteriores.<\/div>\n<div>\n<p>Longitud exterior: 30.5&#8243; (774.7 mm). Ancho exterior: 20.5&#8243; (520.7 mm). Altura exterior: 18&#8243; (457.2 mm).<\/p>\n<\/div>\n<div style=\"font-weight: bold\">Weight.<\/div>\n<div>\n<p>6.3 kg.<\/p>\n<\/div>\n<\/div>\n<div>\n<h4>Characteristics<\/h4>\n<\/div>\n<div>\n<ul style=\"margin: 0px 0px 0px 25px\">\n<li style=\"list-style-type: circle;margin: 5px\">Funda compacta con ruedas para altavoz de 12&#8243; pulgadas.<\/li>\n<li style=\"list-style-type: circle;margin: 5px\">Dise\u00f1o de doble cierre.<\/li>\n<li style=\"list-style-type: circle;margin: 5px\">Espuma estructurada interior.<\/li>\n<li style=\"list-style-type: circle;margin: 5px\">Mango y ruedas extra\u00edbles.<\/li>\n<li style=\"list-style-type: circle;margin: 5px\">Fabricado con nylon resistente.<\/li>\n<li style=\"list-style-type: circle;margin: 5px\">Espuma lateral de 10 mm.<\/li>\n<li style=\"list-style-type: circle;margin: 5px\">Bolsillo grande para accesorios.<\/li>\n<li style=\"list-style-type: circle;margin: 5px\">Adam Audio <\/li>\n<li style=\"list-style-type: circle;margin: 5px\">Alto <\/li>\n<li style=\"list-style-type: circle;margin: 5px\">Alto Professional <\/li>\n<li style=\"list-style-type: circle;margin: 5px\">American Audio <\/li>\n<li style=\"list-style-type: circle;margin: 5px\">Anchor Audio <\/li>\n<li style=\"list-style-type: circle;margin: 5px\">B-52 <\/li>\n<li style=\"list-style-type: circle;margin: 5px\">Behringer <\/li>\n<li style=\"list-style-type: circle;margin: 5px\">Cerwin-Vega <\/li>\n<li style=\"list-style-type: circle;margin: 5px\">Community <\/li>\n<li style=\"list-style-type: circle;margin: 5px\">dB Technologies <\/li>\n<li style=\"list-style-type: circle;margin: 5px\">Denon DJ <\/li>\n<li style=\"list-style-type: circle;margin: 5px\">EAW <\/li>\n<li style=\"list-style-type: circle;margin: 5px\">Electro-Voice <\/li>\n<li style=\"list-style-type: circle;margin: 5px\">FBT <\/li>\n<li style=\"list-style-type: circle;margin: 5px\">Galaxy Audio <\/li>\n<li style=\"list-style-type: circle;margin: 5px\">Gemini <\/li>\n<li style=\"list-style-type: circle;margin: 5px\">JBL <\/li>\n<li style=\"list-style-type: circle;margin: 5px\">Kempton <\/li>\n<li style=\"list-style-type: circle;margin: 5px\">KRK <\/li>\n<li style=\"list-style-type: circle;margin: 5px\">Line 6 <\/li>\n<li style=\"list-style-type: circle;margin: 5px\">Mackie <\/li>\n<li style=\"list-style-type: circle;margin: 5px\">MIPRO <\/li>\n<li style=\"list-style-type: circle;margin: 5px\">Peavey <\/li>\n<li style=\"list-style-type: circle;margin: 5px\">Presonus <\/li>\n<li style=\"list-style-type: circle;margin: 5px\">QSC <\/li>\n<li style=\"list-style-type: circle;margin: 5px\">RCF <\/li>\n<li style=\"list-style-type: circle;margin: 5px\">Samson <\/li>\n<li style=\"list-style-type: circle;margin: 5px\">Studiomaster <\/li>\n<li style=\"list-style-type: circle;margin: 5px\">Turbosound <\/li>\n<li style=\"list-style-type: circle;margin: 5px\">Wharfedale <\/li>\n<li style=\"list-style-type: circle;margin: 5px\">Yamaha <\/li>\n<li style=\"list-style-type: circle;margin: 5px\">Yorkville <\/li>\n<\/ul>\n<\/div>\n<\/div>","protected":false},"excerpt":{"rendered":"<p>Funda compacta con ruedas para altavoz de 12\u201d pulgadas, ideal para la mayor\u00eda de los altavoces de 12\u201d pulgadas incluyendo los modelos QSC K12, Mackie TH-12A, JBL PRX612M, JRX112M, y SRX712M y Behringer B2120, dise\u00f1o de doble cierre que permite cargar f\u00e1cilmente el altavoz, la parte inferior de la funda tiene espuma estructurada para ajustarse al altavoz, mango y ruedas extra\u00edbles y resistentes, fabricado con nylon resistente con espuma lateral de 10 mm, bolsillo grande para accesorios.&hellip; <a class=\"kt-excerpt-readmore more-link\" href=\"https:\/\/www.mexicanguitarplayers.com\/en\/tienda\/accesorios\/estuches-y-fundas\/para-bafle\/funda-gator-p-bafle-gpa-712sm\/\">Read more<\/a><\/p>","protected":false},"featured_media":37201,"comment_status":"open","ping_status":"closed","template":"","meta":{"kt_blocks_editor_width":""},"pwb-brand":[572],"product_brand":[],"product_cat":[85,517,519],"product_tag":[],"class_list":{"0":"post-37211","1":"product","2":"type-product","3":"status-publish","4":"has-post-thumbnail","6":"pwb-brand-gator","7":"product_cat-accesorios","8":"product_cat-estuches-y-fundas","9":"product_cat-para-bafle","10":"product_shipping_class-0-5-kg","12":"first","13":"instock","14":"taxable","15":"shipping-taxable","16":"purchasable","17":"product-type-simple"},"yoast_head":"<!-- This site is optimized with the Yoast SEO plugin v27.5 - https:\/\/yoast.com\/product\/yoast-seo-wordpress\/ -->\n<title>FUNDA GATOR P\/BAFLE GPA-712SM - Mexican Guitar Players<\/title>\n<meta name=\"description\" content=\"Funda compacta con ruedas para altavoz de 12\u201d pulgadas, ideal para la mayor\u00eda de los altavoces de 12\u201d pulgadas incluyendo los modelos QSC K12, Mackie TH-12A, JBL PRX612M, JRX112M, y SRX712M y Behringer B2120, dise\u00f1o de doble cierre que permite cargar f\u00e1cilmente el altavoz, la parte inferior de la funda tiene espuma estructurada para ajustarse al altavoz, mango y ruedas extra\u00edbles y resistentes, fabricado con nylon resistente con espuma lateral de 10 mm, bolsillo grande para accesorios.\" \/>\n<meta name=\"robots\" content=\"index, follow, max-snippet:-1, max-image-preview:large, max-video-preview:-1\" \/>\n<link rel=\"canonical\" href=\"https:\/\/www.mexicanguitarplayers.com\/en\/tienda\/sin%20categor\u00eda\/funda-gator-p-bafle-gpa-712sm\/\" \/>\n<meta property=\"og:locale\" content=\"en_US\" \/>\n<meta property=\"og:type\" content=\"article\" \/>\n<meta property=\"og:title\" content=\"FUNDA GATOR P\/BAFLE GPA-712SM - Mexican Guitar Players\" \/>\n<meta property=\"og:description\" content=\"Funda compacta con ruedas para altavoz de 12\u201d pulgadas, ideal para la mayor\u00eda de los altavoces de 12\u201d pulgadas incluyendo los modelos QSC K12, Mackie TH-12A, JBL PRX612M, JRX112M, y SRX712M y Behringer B2120, dise\u00f1o de doble cierre que permite cargar f\u00e1cilmente el altavoz, la parte inferior de la funda tiene espuma estructurada para ajustarse al altavoz, mango y ruedas extra\u00edbles y resistentes, fabricado con nylon resistente con espuma lateral de 10 mm, bolsillo grande para accesorios.\" \/>\n<meta property=\"og:url\" content=\"https:\/\/www.mexicanguitarplayers.com\/en\/tienda\/sin categor\u00eda\/funda-gator-p-bafle-gpa-712sm\/\" \/>\n<meta property=\"og:site_name\" content=\"Mexican Guitar Players\" \/>\n<meta property=\"article:modified_time\" content=\"2026-05-01T13:19:45+00:00\" \/>\n<meta name=\"twitter:card\" content=\"summary_large_image\" \/>\n<meta name=\"twitter:label1\" content=\"Est. reading time\" \/>\n\t<meta name=\"twitter:data1\" content=\"1 minute\" \/>\n<script type=\"application\/ld+json\" class=\"yoast-schema-graph\">{\"@context\":\"https:\\\/\\\/schema.org\",\"@graph\":[{\"@type\":[\"WebPage\",\"ItemPage\"],\"@id\":\"https:\\\/\\\/www.mexicanguitarplayers.com\\\/tienda\\\/sin categor\u00eda\\\/funda-gator-p-bafle-gpa-712sm\\\/\",\"url\":\"https:\\\/\\\/www.mexicanguitarplayers.com\\\/tienda\\\/sin categor\u00eda\\\/funda-gator-p-bafle-gpa-712sm\\\/\",\"name\":\"FUNDA GATOR P\\\/BAFLE GPA-712SM - Mexican Guitar Players\",\"isPartOf\":{\"@id\":\"https:\\\/\\\/www.mexicanguitarplayers.com\\\/#website\"},\"primaryImageOfPage\":{\"@id\":\"https:\\\/\\\/www.mexicanguitarplayers.com\\\/tienda\\\/sin categor\u00eda\\\/funda-gator-p-bafle-gpa-712sm\\\/#primaryimage\"},\"image\":{\"@id\":\"https:\\\/\\\/www.mexicanguitarplayers.com\\\/tienda\\\/sin categor\u00eda\\\/funda-gator-p-bafle-gpa-712sm\\\/#primaryimage\"},\"thumbnailUrl\":\"https:\\\/\\\/www.mexicanguitarplayers.com\\\/wp-content\\\/uploads\\\/2025\\\/04\\\/VAGATGPA712SM.jpg\",\"datePublished\":\"2025-04-09T11:37:23+00:00\",\"dateModified\":\"2026-05-01T13:19:45+00:00\",\"description\":\"Funda compacta con ruedas para altavoz de 12\u201d pulgadas, ideal para la mayor\u00eda de los altavoces de 12\u201d pulgadas incluyendo los modelos QSC K12, Mackie TH-12A, JBL PRX612M, JRX112M, y SRX712M y Behringer B2120, dise\u00f1o de doble cierre que permite cargar f\u00e1cilmente el altavoz, la parte inferior de la funda tiene espuma estructurada para ajustarse al altavoz, mango y ruedas extra\u00edbles y resistentes, fabricado con nylon resistente con espuma lateral de 10 mm, bolsillo grande para accesorios.\",\"breadcrumb\":{\"@id\":\"https:\\\/\\\/www.mexicanguitarplayers.com\\\/tienda\\\/sin categor\u00eda\\\/funda-gator-p-bafle-gpa-712sm\\\/#breadcrumb\"},\"inLanguage\":\"en-US\",\"potentialAction\":[{\"@type\":\"ReadAction\",\"target\":[\"https:\\\/\\\/www.mexicanguitarplayers.com\\\/tienda\\\/sin categor\u00eda\\\/funda-gator-p-bafle-gpa-712sm\\\/\"]}]},{\"@type\":\"ImageObject\",\"inLanguage\":\"en-US\",\"@id\":\"https:\\\/\\\/www.mexicanguitarplayers.com\\\/tienda\\\/sin categor\u00eda\\\/funda-gator-p-bafle-gpa-712sm\\\/#primaryimage\",\"url\":\"https:\\\/\\\/www.mexicanguitarplayers.com\\\/wp-content\\\/uploads\\\/2025\\\/04\\\/VAGATGPA712SM.jpg\",\"contentUrl\":\"https:\\\/\\\/www.mexicanguitarplayers.com\\\/wp-content\\\/uploads\\\/2025\\\/04\\\/VAGATGPA712SM.jpg\",\"width\":1200,\"height\":1200},{\"@type\":\"BreadcrumbList\",\"@id\":\"https:\\\/\\\/www.mexicanguitarplayers.com\\\/tienda\\\/sin categor\u00eda\\\/funda-gator-p-bafle-gpa-712sm\\\/#breadcrumb\",\"itemListElement\":[{\"@type\":\"ListItem\",\"position\":1,\"name\":\"Portada\",\"item\":\"https:\\\/\\\/www.mexicanguitarplayers.com\\\/\"},{\"@type\":\"ListItem\",\"position\":2,\"name\":\"Tienda\",\"item\":\"https:\\\/\\\/www.mexicanguitarplayers.com\\\/tienda\\\/\"},{\"@type\":\"ListItem\",\"position\":3,\"name\":\"FUNDA GATOR P\\\/BAFLE GPA-712SM\"}]},{\"@type\":\"WebSite\",\"@id\":\"https:\\\/\\\/www.mexicanguitarplayers.com\\\/#website\",\"url\":\"https:\\\/\\\/www.mexicanguitarplayers.com\\\/\",\"name\":\"Mexican Guitar Players\",\"description\":\"Website\",\"publisher\":{\"@id\":\"https:\\\/\\\/www.mexicanguitarplayers.com\\\/#organization\"},\"potentialAction\":[{\"@type\":\"SearchAction\",\"target\":{\"@type\":\"EntryPoint\",\"urlTemplate\":\"https:\\\/\\\/www.mexicanguitarplayers.com\\\/?s={search_term_string}\"},\"query-input\":{\"@type\":\"PropertyValueSpecification\",\"valueRequired\":true,\"valueName\":\"search_term_string\"}}],\"inLanguage\":\"en-US\"},{\"@type\":\"Organization\",\"@id\":\"https:\\\/\\\/www.mexicanguitarplayers.com\\\/#organization\",\"name\":\"Mexican Guitar Players\",\"url\":\"https:\\\/\\\/www.mexicanguitarplayers.com\\\/\",\"logo\":{\"@type\":\"ImageObject\",\"inLanguage\":\"en-US\",\"@id\":\"https:\\\/\\\/www.mexicanguitarplayers.com\\\/#\\\/schema\\\/logo\\\/image\\\/\",\"url\":\"\",\"contentUrl\":\"\",\"caption\":\"Mexican Guitar Players\"},\"image\":{\"@id\":\"https:\\\/\\\/www.mexicanguitarplayers.com\\\/#\\\/schema\\\/logo\\\/image\\\/\"}}]}<\/script>\n<!-- \/ Yoast SEO plugin. -->","yoast_head_json":{"title":"FUNDA GATOR P\/BAFLE GPA-712SM - Mexican Guitar Players","description":"Funda compacta con ruedas para altavoz de 12\u201d pulgadas, ideal para la mayor\u00eda de los altavoces de 12\u201d pulgadas incluyendo los modelos QSC K12, Mackie TH-12A, JBL PRX612M, JRX112M, y SRX712M y Behringer B2120, dise\u00f1o de doble cierre que permite cargar f\u00e1cilmente el altavoz, la parte inferior de la funda tiene espuma estructurada para ajustarse al altavoz, mango y ruedas extra\u00edbles y resistentes, fabricado con nylon resistente con espuma lateral de 10 mm, bolsillo grande para accesorios.","robots":{"index":"index","follow":"follow","max-snippet":"max-snippet:-1","max-image-preview":"max-image-preview:large","max-video-preview":"max-video-preview:-1"},"canonical":"https:\/\/www.mexicanguitarplayers.com\/en\/tienda\/sin categor\u00eda\/funda-gator-p-bafle-gpa-712sm\/","og_locale":"en_US","og_type":"article","og_title":"FUNDA GATOR P\/BAFLE GPA-712SM - Mexican Guitar Players","og_description":"Funda compacta con ruedas para altavoz de 12\u201d pulgadas, ideal para la mayor\u00eda de los altavoces de 12\u201d pulgadas incluyendo los modelos QSC K12, Mackie TH-12A, JBL PRX612M, JRX112M, y SRX712M y Behringer B2120, dise\u00f1o de doble cierre que permite cargar f\u00e1cilmente el altavoz, la parte inferior de la funda tiene espuma estructurada para ajustarse al altavoz, mango y ruedas extra\u00edbles y resistentes, fabricado con nylon resistente con espuma lateral de 10 mm, bolsillo grande para accesorios.","og_url":"https:\/\/www.mexicanguitarplayers.com\/en\/tienda\/sin categor\u00eda\/funda-gator-p-bafle-gpa-712sm\/","og_site_name":"Mexican Guitar Players","article_modified_time":"2026-05-01T13:19:45+00:00","twitter_card":"summary_large_image","twitter_misc":{"Est. reading time":"1 minute"},"schema":{"@context":"https:\/\/schema.org","@graph":[{"@type":["WebPage","ItemPage"],"@id":"https:\/\/www.mexicanguitarplayers.com\/tienda\/sin categor\u00eda\/funda-gator-p-bafle-gpa-712sm\/","url":"https:\/\/www.mexicanguitarplayers.com\/tienda\/sin categor\u00eda\/funda-gator-p-bafle-gpa-712sm\/","name":"FUNDA GATOR P\/BAFLE GPA-712SM - Mexican Guitar Players","isPartOf":{"@id":"https:\/\/www.mexicanguitarplayers.com\/#website"},"primaryImageOfPage":{"@id":"https:\/\/www.mexicanguitarplayers.com\/tienda\/sin categor\u00eda\/funda-gator-p-bafle-gpa-712sm\/#primaryimage"},"image":{"@id":"https:\/\/www.mexicanguitarplayers.com\/tienda\/sin categor\u00eda\/funda-gator-p-bafle-gpa-712sm\/#primaryimage"},"thumbnailUrl":"https:\/\/www.mexicanguitarplayers.com\/wp-content\/uploads\/2025\/04\/VAGATGPA712SM.jpg","datePublished":"2025-04-09T11:37:23+00:00","dateModified":"2026-05-01T13:19:45+00:00","description":"Funda compacta con ruedas para altavoz de 12\u201d pulgadas, ideal para la mayor\u00eda de los altavoces de 12\u201d pulgadas incluyendo los modelos QSC K12, Mackie TH-12A, JBL PRX612M, JRX112M, y SRX712M y Behringer B2120, dise\u00f1o de doble cierre que permite cargar f\u00e1cilmente el altavoz, la parte inferior de la funda tiene espuma estructurada para ajustarse al altavoz, mango y ruedas extra\u00edbles y resistentes, fabricado con nylon resistente con espuma lateral de 10 mm, bolsillo grande para accesorios.","breadcrumb":{"@id":"https:\/\/www.mexicanguitarplayers.com\/tienda\/sin categor\u00eda\/funda-gator-p-bafle-gpa-712sm\/#breadcrumb"},"inLanguage":"en-US","potentialAction":[{"@type":"ReadAction","target":["https:\/\/www.mexicanguitarplayers.com\/tienda\/sin categor\u00eda\/funda-gator-p-bafle-gpa-712sm\/"]}]},{"@type":"ImageObject","inLanguage":"en-US","@id":"https:\/\/www.mexicanguitarplayers.com\/tienda\/sin categor\u00eda\/funda-gator-p-bafle-gpa-712sm\/#primaryimage","url":"https:\/\/www.mexicanguitarplayers.com\/wp-content\/uploads\/2025\/04\/VAGATGPA712SM.jpg","contentUrl":"https:\/\/www.mexicanguitarplayers.com\/wp-content\/uploads\/2025\/04\/VAGATGPA712SM.jpg","width":1200,"height":1200},{"@type":"BreadcrumbList","@id":"https:\/\/www.mexicanguitarplayers.com\/tienda\/sin categor\u00eda\/funda-gator-p-bafle-gpa-712sm\/#breadcrumb","itemListElement":[{"@type":"ListItem","position":1,"name":"Portada","item":"https:\/\/www.mexicanguitarplayers.com\/"},{"@type":"ListItem","position":2,"name":"Tienda","item":"https:\/\/www.mexicanguitarplayers.com\/tienda\/"},{"@type":"ListItem","position":3,"name":"FUNDA GATOR P\/BAFLE GPA-712SM"}]},{"@type":"WebSite","@id":"https:\/\/www.mexicanguitarplayers.com\/#website","url":"https:\/\/www.mexicanguitarplayers.com\/","name":"Mexican Guitar Players","description":"Website","publisher":{"@id":"https:\/\/www.mexicanguitarplayers.com\/#organization"},"potentialAction":[{"@type":"SearchAction","target":{"@type":"EntryPoint","urlTemplate":"https:\/\/www.mexicanguitarplayers.com\/?s={search_term_string}"},"query-input":{"@type":"PropertyValueSpecification","valueRequired":true,"valueName":"search_term_string"}}],"inLanguage":"en-US"},{"@type":"Organization","@id":"https:\/\/www.mexicanguitarplayers.com\/#organization","name":"Mexican Guitar Players","url":"https:\/\/www.mexicanguitarplayers.com\/","logo":{"@type":"ImageObject","inLanguage":"en-US","@id":"https:\/\/www.mexicanguitarplayers.com\/#\/schema\/logo\/image\/","url":"","contentUrl":"","caption":"Mexican Guitar Players"},"image":{"@id":"https:\/\/www.mexicanguitarplayers.com\/#\/schema\/logo\/image\/"}}]}},"brands":[{"id":572,"name":"GATOR","slug":"gator"}],"_links":{"self":[{"href":"https:\/\/www.mexicanguitarplayers.com\/en\/wp-json\/wp\/v2\/product\/37211","targetHints":{"allow":["GET"]}}],"collection":[{"href":"https:\/\/www.mexicanguitarplayers.com\/en\/wp-json\/wp\/v2\/product"}],"about":[{"href":"https:\/\/www.mexicanguitarplayers.com\/en\/wp-json\/wp\/v2\/types\/product"}],"replies":[{"embeddable":true,"href":"https:\/\/www.mexicanguitarplayers.com\/en\/wp-json\/wp\/v2\/comments?post=37211"}],"wp:featuredmedia":[{"embeddable":true,"href":"https:\/\/www.mexicanguitarplayers.com\/en\/wp-json\/wp\/v2\/media\/37201"}],"wp:attachment":[{"href":"https:\/\/www.mexicanguitarplayers.com\/en\/wp-json\/wp\/v2\/media?parent=37211"}],"wp:term":[{"taxonomy":"pwb-brand","embeddable":true,"href":"https:\/\/www.mexicanguitarplayers.com\/en\/wp-json\/wp\/v2\/pwb-brand?post=37211"},{"taxonomy":"product_brand","embeddable":true,"href":"https:\/\/www.mexicanguitarplayers.com\/en\/wp-json\/wp\/v2\/product_brand?post=37211"},{"taxonomy":"product_cat","embeddable":true,"href":"https:\/\/www.mexicanguitarplayers.com\/en\/wp-json\/wp\/v2\/product_cat?post=37211"},{"taxonomy":"product_tag","embeddable":true,"href":"https:\/\/www.mexicanguitarplayers.com\/en\/wp-json\/wp\/v2\/product_tag?post=37211"}],"curies":[{"name":"wp","href":"https:\/\/api.w.org\/{rel}","templated":true}]}}