{"id":37217,"date":"2025-04-09T05:37:30","date_gmt":"2025-04-09T11:37:30","guid":{"rendered":"https:\/\/www.mexicanguitarplayers.com\/tienda\/sin categor\u00eda\/cuerdas-d-addario-mod-dz312-4-4m\/"},"modified":"2026-04-10T04:24:58","modified_gmt":"2026-04-10T10:24:58","slug":"cuerdas-d-addario-mod-dz312-4-4m","status":"publish","type":"product","link":"https:\/\/www.mexicanguitarplayers.com\/en\/tienda\/accesorios\/para-guitarras\/cuerdas-y-encordaduras\/cuerdas-d-addario-mod-dz312-4-4m\/","title":{"rendered":"CUERDAS D ADDARIO    MOD. DZ312 4\/4M"},"content":{"rendered":"<div style=\"text-align: justify\">\n<div>\n<h3>Obt\u00e9n el mejor sonido cl\u00e1sico.<\/h3>\n<\/div>\n<div>Apta para violines de 4\/4 con una longitud de 13&#8243; pulgadas (328 mm), esta cuerda La de tensi\u00f3n media est\u00e1 optimizada para satisfacer las necesidades de la mayor\u00eda de los m\u00fasicos. Se ofrecen en estuches sellados de dise\u00f1o exclusivo que proporcionan protecci\u00f3n inigualable contra los elementos que causan corrosi\u00f3n. Las cuerdas con n\u00facleo sint\u00e9tico Zyex producen un sonido extremadamente c\u00e1lido y profundo. Las cuerdas Zyex est\u00e1n fabricadas en un material sint\u00e9tico de \u00faltima generaci\u00f3n que permite que las se mantengan incre\u00edblemente estables en condiciones clim\u00e1ticas adversas.  En pocas horas, las cuerdas Zylex se asientan en el instrumento con un sonido m\u00e1s c\u00e1lido que el de la mayor\u00eda de las cuerdas con n\u00facleo sint\u00e9tico.  Zyex tambi\u00e9n es una opci\u00f3n excelente para utilizar en instrumentos de sonido n\u00edtido.<\/div>\n<div>\n<h4>Quick look<\/h4>\n<\/div>\n<ul style=\"margin: 0px 0px 0px 25px\">\n<li style=\"list-style-type: circle;margin: 5px\">N\u00facleo de material sint\u00e9tico compuesto Zyex.<\/li>\n<li style=\"list-style-type: circle;margin: 5px\">Applications.<\/li>\n<\/ul>\n<div>\n<div style=\"font-weight: bold\">N\u00facleo de material sint\u00e9tico compuesto Zyex.<\/div>\n<div>\n<p>Lo m\u00e1s parecido a la tripa natural por lo que produce un sonido c\u00e1lido e incre\u00edblemente estable.<\/p>\n<\/div>\n<div style=\"font-weight: bold\">Applications.<\/div>\n<div>\n<p>Violines de 4\/4 con una longitud de 13 pulgadas (328 mm).<\/p>\n<\/div>\n<\/div>\n<div>\n<h4>Characteristics<\/h4>\n<\/div>\n<div>\n<ul style=\"margin: 0px 0px 0px 25px\">\n<li style=\"list-style-type: circle;margin: 5px\">Cuerda A entorchada en aluminio<\/li>\n<li style=\"list-style-type: circle;margin: 5px\">Tensi\u00f3n media.<\/li>\n<li style=\"list-style-type: circle;margin: 5px\">Tiempo de asentamiento r\u00e1pido.<\/li>\n<li style=\"list-style-type: circle;margin: 5px\">Excelente respuesta del arco.<\/li>\n<li style=\"list-style-type: circle;margin: 5px\">M\u00e1xima facilidad de uso.<\/li>\n<li style=\"list-style-type: circle;margin: 5px\">Amplia gama tonal.<\/li>\n<li style=\"list-style-type: circle;margin: 5px\">Dise\u00f1ada y fabricada en USA. <\/li>\n<\/ul>\n<\/div>\n<\/div>","protected":false},"excerpt":{"rendered":"<p>Cuerda individual LA para viol\u00edn Zyex de D&#8217;Addario, tensi\u00f3n media, apta para violines de 4\/4 con una longitud de 13 pulgadas (328 mm), protecci\u00f3n contra corrosi\u00f3n, n\u00facleo sint\u00e9tico Zyex, sonido extremadamente c\u00e1lido y profundo, excelente respuesta del arco, m\u00e1xima facilidad de uso, una amplia gama tonal.&hellip; <a class=\"kt-excerpt-readmore more-link\" href=\"https:\/\/www.mexicanguitarplayers.com\/en\/tienda\/accesorios\/para-guitarras\/cuerdas-y-encordaduras\/cuerdas-d-addario-mod-dz312-4-4m\/\">Read more<\/a><\/p>","protected":false},"featured_media":37216,"comment_status":"open","ping_status":"closed","template":"","meta":{"kt_blocks_editor_width":""},"pwb-brand":[347],"product_brand":[],"product_cat":[85,337,336],"product_tag":[],"class_list":{"0":"post-37217","1":"product","2":"type-product","3":"status-publish","4":"has-post-thumbnail","6":"pwb-brand-d-addario","7":"product_cat-accesorios","8":"product_cat-cuerdas-y-encordaduras","9":"product_cat-para-guitarras","10":"product_shipping_class-0-5-kg-cuerdas","12":"first","13":"outofstock","14":"taxable","15":"shipping-taxable","16":"purchasable","17":"product-type-simple"},"yoast_head":"<!-- This site is optimized with the Yoast SEO plugin v27.5 - https:\/\/yoast.com\/product\/yoast-seo-wordpress\/ -->\n<title>CUERDAS D ADDARIO  MOD. DZ312 4\/4M - Mexican Guitar Players<\/title>\n<meta name=\"description\" content=\"Cuerda individual LA para viol\u00edn Zyex de D&#039;Addario, tensi\u00f3n media, apta para violines de 4\/4 con una longitud de 13 pulgadas (328 mm), protecci\u00f3n contra corrosi\u00f3n, n\u00facleo sint\u00e9tico Zyex, sonido extremadamente c\u00e1lido y profundo, excelente respuesta del arco, m\u00e1xima facilidad de uso, una amplia gama tonal.\" \/>\n<meta name=\"robots\" content=\"index, follow, max-snippet:-1, max-image-preview:large, max-video-preview:-1\" \/>\n<link rel=\"canonical\" href=\"https:\/\/www.mexicanguitarplayers.com\/en\/tienda\/sin%20categor\u00eda\/cuerdas-d-addario-mod-dz312-4-4m\/\" \/>\n<meta property=\"og:locale\" content=\"en_US\" \/>\n<meta property=\"og:type\" content=\"article\" \/>\n<meta property=\"og:title\" content=\"CUERDAS D ADDARIO  MOD. DZ312 4\/4M - Mexican Guitar Players\" \/>\n<meta property=\"og:description\" content=\"Cuerda individual LA para viol\u00edn Zyex de D&#039;Addario, tensi\u00f3n media, apta para violines de 4\/4 con una longitud de 13 pulgadas (328 mm), protecci\u00f3n contra corrosi\u00f3n, n\u00facleo sint\u00e9tico Zyex, sonido extremadamente c\u00e1lido y profundo, excelente respuesta del arco, m\u00e1xima facilidad de uso, una amplia gama tonal.\" \/>\n<meta property=\"og:url\" content=\"https:\/\/www.mexicanguitarplayers.com\/en\/tienda\/sin categor\u00eda\/cuerdas-d-addario-mod-dz312-4-4m\/\" \/>\n<meta property=\"og:site_name\" content=\"Mexican Guitar Players\" \/>\n<meta property=\"article:modified_time\" content=\"2026-04-10T10:24:58+00:00\" \/>\n<meta name=\"twitter:card\" content=\"summary_large_image\" \/>\n<meta name=\"twitter:label1\" content=\"Est. reading time\" \/>\n\t<meta name=\"twitter:data1\" content=\"1 minute\" \/>\n<script type=\"application\/ld+json\" class=\"yoast-schema-graph\">{\"@context\":\"https:\\\/\\\/schema.org\",\"@graph\":[{\"@type\":[\"WebPage\",\"ItemPage\"],\"@id\":\"https:\\\/\\\/www.mexicanguitarplayers.com\\\/tienda\\\/sin categor\u00eda\\\/cuerdas-d-addario-mod-dz312-4-4m\\\/\",\"url\":\"https:\\\/\\\/www.mexicanguitarplayers.com\\\/tienda\\\/sin categor\u00eda\\\/cuerdas-d-addario-mod-dz312-4-4m\\\/\",\"name\":\"CUERDAS D ADDARIO MOD. DZ312 4\\\/4M - Mexican Guitar Players\",\"isPartOf\":{\"@id\":\"https:\\\/\\\/www.mexicanguitarplayers.com\\\/#website\"},\"primaryImageOfPage\":{\"@id\":\"https:\\\/\\\/www.mexicanguitarplayers.com\\\/tienda\\\/sin categor\u00eda\\\/cuerdas-d-addario-mod-dz312-4-4m\\\/#primaryimage\"},\"image\":{\"@id\":\"https:\\\/\\\/www.mexicanguitarplayers.com\\\/tienda\\\/sin categor\u00eda\\\/cuerdas-d-addario-mod-dz312-4-4m\\\/#primaryimage\"},\"thumbnailUrl\":\"https:\\\/\\\/www.mexicanguitarplayers.com\\\/wp-content\\\/uploads\\\/2025\\\/04\\\/RADADDZ31244M.jpg\",\"datePublished\":\"2025-04-09T11:37:30+00:00\",\"dateModified\":\"2026-04-10T10:24:58+00:00\",\"description\":\"Cuerda individual LA para viol\u00edn Zyex de D'Addario, tensi\u00f3n media, apta para violines de 4\\\/4 con una longitud de 13 pulgadas (328 mm), protecci\u00f3n contra corrosi\u00f3n, n\u00facleo sint\u00e9tico Zyex, sonido extremadamente c\u00e1lido y profundo, excelente respuesta del arco, m\u00e1xima facilidad de uso, una amplia gama tonal.\",\"breadcrumb\":{\"@id\":\"https:\\\/\\\/www.mexicanguitarplayers.com\\\/tienda\\\/sin categor\u00eda\\\/cuerdas-d-addario-mod-dz312-4-4m\\\/#breadcrumb\"},\"inLanguage\":\"en-US\",\"potentialAction\":[{\"@type\":\"ReadAction\",\"target\":[\"https:\\\/\\\/www.mexicanguitarplayers.com\\\/tienda\\\/sin categor\u00eda\\\/cuerdas-d-addario-mod-dz312-4-4m\\\/\"]}]},{\"@type\":\"ImageObject\",\"inLanguage\":\"en-US\",\"@id\":\"https:\\\/\\\/www.mexicanguitarplayers.com\\\/tienda\\\/sin categor\u00eda\\\/cuerdas-d-addario-mod-dz312-4-4m\\\/#primaryimage\",\"url\":\"https:\\\/\\\/www.mexicanguitarplayers.com\\\/wp-content\\\/uploads\\\/2025\\\/04\\\/RADADDZ31244M.jpg\",\"contentUrl\":\"https:\\\/\\\/www.mexicanguitarplayers.com\\\/wp-content\\\/uploads\\\/2025\\\/04\\\/RADADDZ31244M.jpg\",\"width\":1200,\"height\":1200},{\"@type\":\"BreadcrumbList\",\"@id\":\"https:\\\/\\\/www.mexicanguitarplayers.com\\\/tienda\\\/sin categor\u00eda\\\/cuerdas-d-addario-mod-dz312-4-4m\\\/#breadcrumb\",\"itemListElement\":[{\"@type\":\"ListItem\",\"position\":1,\"name\":\"Portada\",\"item\":\"https:\\\/\\\/www.mexicanguitarplayers.com\\\/\"},{\"@type\":\"ListItem\",\"position\":2,\"name\":\"Tienda\",\"item\":\"https:\\\/\\\/www.mexicanguitarplayers.com\\\/tienda\\\/\"},{\"@type\":\"ListItem\",\"position\":3,\"name\":\"CUERDAS D ADDARIO MOD. DZ312 4\\\/4M\"}]},{\"@type\":\"WebSite\",\"@id\":\"https:\\\/\\\/www.mexicanguitarplayers.com\\\/#website\",\"url\":\"https:\\\/\\\/www.mexicanguitarplayers.com\\\/\",\"name\":\"Mexican Guitar Players\",\"description\":\"Website\",\"publisher\":{\"@id\":\"https:\\\/\\\/www.mexicanguitarplayers.com\\\/#organization\"},\"potentialAction\":[{\"@type\":\"SearchAction\",\"target\":{\"@type\":\"EntryPoint\",\"urlTemplate\":\"https:\\\/\\\/www.mexicanguitarplayers.com\\\/?s={search_term_string}\"},\"query-input\":{\"@type\":\"PropertyValueSpecification\",\"valueRequired\":true,\"valueName\":\"search_term_string\"}}],\"inLanguage\":\"en-US\"},{\"@type\":\"Organization\",\"@id\":\"https:\\\/\\\/www.mexicanguitarplayers.com\\\/#organization\",\"name\":\"Mexican Guitar Players\",\"url\":\"https:\\\/\\\/www.mexicanguitarplayers.com\\\/\",\"logo\":{\"@type\":\"ImageObject\",\"inLanguage\":\"en-US\",\"@id\":\"https:\\\/\\\/www.mexicanguitarplayers.com\\\/#\\\/schema\\\/logo\\\/image\\\/\",\"url\":\"\",\"contentUrl\":\"\",\"caption\":\"Mexican Guitar Players\"},\"image\":{\"@id\":\"https:\\\/\\\/www.mexicanguitarplayers.com\\\/#\\\/schema\\\/logo\\\/image\\\/\"}}]}<\/script>\n<!-- \/ Yoast SEO plugin. -->","yoast_head_json":{"title":"CUERDAS D ADDARIO  MOD. DZ312 4\/4M - Mexican Guitar Players","description":"Cuerda individual LA para viol\u00edn Zyex de D'Addario, tensi\u00f3n media, apta para violines de 4\/4 con una longitud de 13 pulgadas (328 mm), protecci\u00f3n contra corrosi\u00f3n, n\u00facleo sint\u00e9tico Zyex, sonido extremadamente c\u00e1lido y profundo, excelente respuesta del arco, m\u00e1xima facilidad de uso, una amplia gama tonal.","robots":{"index":"index","follow":"follow","max-snippet":"max-snippet:-1","max-image-preview":"max-image-preview:large","max-video-preview":"max-video-preview:-1"},"canonical":"https:\/\/www.mexicanguitarplayers.com\/en\/tienda\/sin categor\u00eda\/cuerdas-d-addario-mod-dz312-4-4m\/","og_locale":"en_US","og_type":"article","og_title":"CUERDAS D ADDARIO  MOD. DZ312 4\/4M - Mexican Guitar Players","og_description":"Cuerda individual LA para viol\u00edn Zyex de D'Addario, tensi\u00f3n media, apta para violines de 4\/4 con una longitud de 13 pulgadas (328 mm), protecci\u00f3n contra corrosi\u00f3n, n\u00facleo sint\u00e9tico Zyex, sonido extremadamente c\u00e1lido y profundo, excelente respuesta del arco, m\u00e1xima facilidad de uso, una amplia gama tonal.","og_url":"https:\/\/www.mexicanguitarplayers.com\/en\/tienda\/sin categor\u00eda\/cuerdas-d-addario-mod-dz312-4-4m\/","og_site_name":"Mexican Guitar Players","article_modified_time":"2026-04-10T10:24:58+00:00","twitter_card":"summary_large_image","twitter_misc":{"Est. reading time":"1 minute"},"schema":{"@context":"https:\/\/schema.org","@graph":[{"@type":["WebPage","ItemPage"],"@id":"https:\/\/www.mexicanguitarplayers.com\/tienda\/sin categor\u00eda\/cuerdas-d-addario-mod-dz312-4-4m\/","url":"https:\/\/www.mexicanguitarplayers.com\/tienda\/sin categor\u00eda\/cuerdas-d-addario-mod-dz312-4-4m\/","name":"CUERDAS D ADDARIO MOD. DZ312 4\/4M - Mexican Guitar Players","isPartOf":{"@id":"https:\/\/www.mexicanguitarplayers.com\/#website"},"primaryImageOfPage":{"@id":"https:\/\/www.mexicanguitarplayers.com\/tienda\/sin categor\u00eda\/cuerdas-d-addario-mod-dz312-4-4m\/#primaryimage"},"image":{"@id":"https:\/\/www.mexicanguitarplayers.com\/tienda\/sin categor\u00eda\/cuerdas-d-addario-mod-dz312-4-4m\/#primaryimage"},"thumbnailUrl":"https:\/\/www.mexicanguitarplayers.com\/wp-content\/uploads\/2025\/04\/RADADDZ31244M.jpg","datePublished":"2025-04-09T11:37:30+00:00","dateModified":"2026-04-10T10:24:58+00:00","description":"Cuerda individual LA para viol\u00edn Zyex de D'Addario, tensi\u00f3n media, apta para violines de 4\/4 con una longitud de 13 pulgadas (328 mm), protecci\u00f3n contra corrosi\u00f3n, n\u00facleo sint\u00e9tico Zyex, sonido extremadamente c\u00e1lido y profundo, excelente respuesta del arco, m\u00e1xima facilidad de uso, una amplia gama tonal.","breadcrumb":{"@id":"https:\/\/www.mexicanguitarplayers.com\/tienda\/sin categor\u00eda\/cuerdas-d-addario-mod-dz312-4-4m\/#breadcrumb"},"inLanguage":"en-US","potentialAction":[{"@type":"ReadAction","target":["https:\/\/www.mexicanguitarplayers.com\/tienda\/sin categor\u00eda\/cuerdas-d-addario-mod-dz312-4-4m\/"]}]},{"@type":"ImageObject","inLanguage":"en-US","@id":"https:\/\/www.mexicanguitarplayers.com\/tienda\/sin categor\u00eda\/cuerdas-d-addario-mod-dz312-4-4m\/#primaryimage","url":"https:\/\/www.mexicanguitarplayers.com\/wp-content\/uploads\/2025\/04\/RADADDZ31244M.jpg","contentUrl":"https:\/\/www.mexicanguitarplayers.com\/wp-content\/uploads\/2025\/04\/RADADDZ31244M.jpg","width":1200,"height":1200},{"@type":"BreadcrumbList","@id":"https:\/\/www.mexicanguitarplayers.com\/tienda\/sin categor\u00eda\/cuerdas-d-addario-mod-dz312-4-4m\/#breadcrumb","itemListElement":[{"@type":"ListItem","position":1,"name":"Portada","item":"https:\/\/www.mexicanguitarplayers.com\/"},{"@type":"ListItem","position":2,"name":"Tienda","item":"https:\/\/www.mexicanguitarplayers.com\/tienda\/"},{"@type":"ListItem","position":3,"name":"CUERDAS D ADDARIO MOD. DZ312 4\/4M"}]},{"@type":"WebSite","@id":"https:\/\/www.mexicanguitarplayers.com\/#website","url":"https:\/\/www.mexicanguitarplayers.com\/","name":"Mexican Guitar Players","description":"Website","publisher":{"@id":"https:\/\/www.mexicanguitarplayers.com\/#organization"},"potentialAction":[{"@type":"SearchAction","target":{"@type":"EntryPoint","urlTemplate":"https:\/\/www.mexicanguitarplayers.com\/?s={search_term_string}"},"query-input":{"@type":"PropertyValueSpecification","valueRequired":true,"valueName":"search_term_string"}}],"inLanguage":"en-US"},{"@type":"Organization","@id":"https:\/\/www.mexicanguitarplayers.com\/#organization","name":"Mexican Guitar Players","url":"https:\/\/www.mexicanguitarplayers.com\/","logo":{"@type":"ImageObject","inLanguage":"en-US","@id":"https:\/\/www.mexicanguitarplayers.com\/#\/schema\/logo\/image\/","url":"","contentUrl":"","caption":"Mexican Guitar Players"},"image":{"@id":"https:\/\/www.mexicanguitarplayers.com\/#\/schema\/logo\/image\/"}}]}},"brands":[{"id":347,"name":"D ADDARIO","slug":"d-addario"}],"_links":{"self":[{"href":"https:\/\/www.mexicanguitarplayers.com\/en\/wp-json\/wp\/v2\/product\/37217","targetHints":{"allow":["GET"]}}],"collection":[{"href":"https:\/\/www.mexicanguitarplayers.com\/en\/wp-json\/wp\/v2\/product"}],"about":[{"href":"https:\/\/www.mexicanguitarplayers.com\/en\/wp-json\/wp\/v2\/types\/product"}],"replies":[{"embeddable":true,"href":"https:\/\/www.mexicanguitarplayers.com\/en\/wp-json\/wp\/v2\/comments?post=37217"}],"wp:featuredmedia":[{"embeddable":true,"href":"https:\/\/www.mexicanguitarplayers.com\/en\/wp-json\/wp\/v2\/media\/37216"}],"wp:attachment":[{"href":"https:\/\/www.mexicanguitarplayers.com\/en\/wp-json\/wp\/v2\/media?parent=37217"}],"wp:term":[{"taxonomy":"pwb-brand","embeddable":true,"href":"https:\/\/www.mexicanguitarplayers.com\/en\/wp-json\/wp\/v2\/pwb-brand?post=37217"},{"taxonomy":"product_brand","embeddable":true,"href":"https:\/\/www.mexicanguitarplayers.com\/en\/wp-json\/wp\/v2\/product_brand?post=37217"},{"taxonomy":"product_cat","embeddable":true,"href":"https:\/\/www.mexicanguitarplayers.com\/en\/wp-json\/wp\/v2\/product_cat?post=37217"},{"taxonomy":"product_tag","embeddable":true,"href":"https:\/\/www.mexicanguitarplayers.com\/en\/wp-json\/wp\/v2\/product_tag?post=37217"}],"curies":[{"name":"wp","href":"https:\/\/api.w.org\/{rel}","templated":true}]}}