{"id":37250,"date":"2025-04-09T05:38:14","date_gmt":"2025-04-09T11:38:14","guid":{"rendered":"https:\/\/www.mexicanguitarplayers.com\/tienda\/sin categor\u00eda\/funda-gator-p-bajo-gt-bass-tan\/"},"modified":"2026-05-01T07:19:43","modified_gmt":"2026-05-01T13:19:43","slug":"funda-gator-p-bajo-gt-bass-tan","status":"publish","type":"product","link":"https:\/\/www.mexicanguitarplayers.com\/en\/tienda\/accesorios\/estuches-y-fundas\/para-bajo-estuches-y-fundas\/funda-gator-p-bajo-gt-bass-tan\/","title":{"rendered":"FUNDA GATOR P\/BAJO GT-BASS-TAN"},"content":{"rendered":"<div style=\"text-align: justify\">\n<div>\n<h3>La mejor protecci\u00f3n para tu bajo el\u00e9ctrico.<\/h3>\n<\/div>\n<div>La serie Transit de fundas de Gator es una excelente soluci\u00f3n para transportar tu instrumento favorito, est\u00e1n fabricadas con materiales de la m\u00e1s alta calidad y son muy resistentes tanto a la intemperie como a los abusos del uso regular. El interior protege el acabado de tu bajo con un acolchado de 20 mm y un sistema de acolchado interior extra\u00edble de 3 puntos y cuenta con mucho espacio para almacenamiento de accesorios.<\/div>\n<div>\n<h4>Quick look<\/h4>\n<\/div>\n<ul style=\"margin: 0px 0px 0px 25px\">\n<li style=\"list-style-type: circle;margin: 5px\">Dimensiones interiores.<\/li>\n<li style=\"list-style-type: circle;margin: 5px\">Dimensiones exteriores.<\/li>\n<li style=\"list-style-type: circle;margin: 5px\">Weight.<\/li>\n<\/ul>\n<div>\n<div style=\"font-weight: bold\">Dimensiones interiores.<\/div>\n<div>\n<p>Altura interior: 2.6&#8243; (66.04 mm). Longitud del cuerpo: 25.4&#8243; (645.16 mm). Ancho de la parte inferior: 14.6&#8243; (370.84 mm). Ancho de la parte del medio: 12.4&#8243; (314.96 mm). Ancho de la parte superior: 11.8&#8243; (299.72 mm). Longitud total: 49.2&#8243; (1249.68 mm).<\/p>\n<\/div>\n<div style=\"font-weight: bold\">Dimensiones exteriores.<\/div>\n<div>\n<p>Longitud exterior: 50.4&#8243; (1280.16 mm). Ancho exterior: 16.3&#8243; (414.02 mm). Altura exterior: 4.5&#8243; (114.3 mm).<\/p>\n<\/div>\n<div style=\"font-weight: bold\">Weight.<\/div>\n<div>\n<p>2.1 kg.<\/p>\n<\/div>\n<\/div>\n<div>\n<h4>Characteristics<\/h4>\n<\/div>\n<div>\n<ul style=\"margin: 0px 0px 0px 25px\">\n<li style=\"list-style-type: circle;margin: 5px\">Funda para bajo el\u00e9ctrico.<\/li>\n<li style=\"list-style-type: circle;margin: 5px\">Exterior de tela resistente a la intemperie.<\/li>\n<li style=\"list-style-type: circle;margin: 5px\">Acolchado de espuma gruesa de 20 mm.<\/li>\n<li style=\"list-style-type: circle;margin: 5px\">Sistema de acolchado interior ajustable.<\/li>\n<li style=\"list-style-type: circle;margin: 5px\">Bolsillo frontal con cierre.<\/li>\n<li style=\"list-style-type: circle;margin: 5px\">Mango moldeado.<\/li>\n<li style=\"list-style-type: circle;margin: 5px\">Correas acolchadas extra\u00edbles.<\/li>\n<li style=\"list-style-type: circle;margin: 5px\">Anillos en D para accesorios.<\/li>\n<li style=\"list-style-type: circle;margin: 5px\">Fender <\/li>\n<li style=\"list-style-type: circle;margin: 5px\">Squier <\/li>\n<\/ul>\n<\/div>\n<\/div>","protected":false},"excerpt":{"rendered":"<p>Funda para bajo el\u00e9ctrico, serie Transit, exterior de tela mezclada resistente a la intemperie, gruesa banda de goma en la parte inferior de la funda que evita el desgaste y protege desde peque\u00f1os charcos hasta bebidas derramadas, acolchado de espuma gruesa de 20 mm cubierto con forro de felpa micro polar, construcci\u00f3n interior r\u00edgida dentro del marco de la bolsa para protecci\u00f3n tipo estuche, sistema de acolchado interior ajustable de tres puntos extra\u00edble que protege el cabezal, el brazo y la parte inferior del cuerpo, gran bolsillo frontal con cierre con hebilla con gancho G y trabillas para cinturones de seguridad que te permiten llenar el bolsillo hasta su m\u00e1xima capacidad y aun as\u00ed asegurarlo, bolsillo peque\u00f1o en la solapa frontal con forro suave para dispositivos electr\u00f3nicos que brindan acceso r\u00e1pido al tel\u00e9fono celular, llaves y dispositivos electr\u00f3nicos peque\u00f1os, mango moldeado, acolchado y contoneado para un agarre seguro pero c\u00f3modo, correas acolchadas extra\u00edbles de color combinado para mochila, varios anillos en D para accesorios.&hellip; <a class=\"kt-excerpt-readmore more-link\" href=\"https:\/\/www.mexicanguitarplayers.com\/en\/tienda\/accesorios\/estuches-y-fundas\/para-bajo-estuches-y-fundas\/funda-gator-p-bajo-gt-bass-tan\/\">Read more<\/a><\/p>","protected":false},"featured_media":37238,"comment_status":"open","ping_status":"closed","template":"","meta":{"kt_blocks_editor_width":""},"pwb-brand":[572],"product_brand":[],"product_cat":[85,517,578],"product_tag":[],"class_list":{"0":"post-37250","1":"product","2":"type-product","3":"status-publish","4":"has-post-thumbnail","6":"pwb-brand-gator","7":"product_cat-accesorios","8":"product_cat-estuches-y-fundas","9":"product_cat-para-bajo-estuches-y-fundas","10":"product_shipping_class-0-5-kg","12":"first","13":"instock","14":"taxable","15":"shipping-taxable","16":"purchasable","17":"product-type-simple"},"yoast_head":"<!-- This site is optimized with the Yoast SEO plugin v27.5 - https:\/\/yoast.com\/product\/yoast-seo-wordpress\/ -->\n<title>FUNDA GATOR P\/BAJO GT-BASS-TAN - Mexican Guitar Players<\/title>\n<meta name=\"description\" content=\"Funda para bajo el\u00e9ctrico, serie Transit, exterior de tela mezclada resistente a la intemperie, gruesa banda de goma en la parte inferior de la funda que evita el desgaste y protege desde peque\u00f1os charcos hasta bebidas derramadas, acolchado de espuma gruesa de 20 mm cubierto con forro de felpa micro polar, construcci\u00f3n interior r\u00edgida dentro del marco de la bolsa para protecci\u00f3n tipo estuche, sistema de acolchado interior ajustable de tres puntos extra\u00edble que protege el cabezal, el brazo y la parte inferior del cuerpo, gran bolsillo frontal con cierre con hebilla con gancho G y trabillas para cinturones de seguridad que te permiten llenar el bolsillo hasta su m\u00e1xima capacidad y aun as\u00ed asegurarlo, bolsillo peque\u00f1o en la solapa frontal con forro suave para dispositivos electr\u00f3nicos que brindan acceso r\u00e1pido al tel\u00e9fono celular, llaves y dispositivos electr\u00f3nicos peque\u00f1os, mango moldeado, acolchado y contoneado para un agarre seguro pero c\u00f3modo, correas acolchadas extra\u00edbles de color combinado para mochila, varios anillos en D para accesorios.\" \/>\n<meta name=\"robots\" content=\"index, follow, max-snippet:-1, max-image-preview:large, max-video-preview:-1\" \/>\n<link rel=\"canonical\" href=\"https:\/\/www.mexicanguitarplayers.com\/en\/tienda\/sin%20categor\u00eda\/funda-gator-p-bajo-gt-bass-tan\/\" \/>\n<meta property=\"og:locale\" content=\"en_US\" \/>\n<meta property=\"og:type\" content=\"article\" \/>\n<meta property=\"og:title\" content=\"FUNDA GATOR P\/BAJO GT-BASS-TAN - Mexican Guitar Players\" \/>\n<meta property=\"og:description\" content=\"Funda para bajo el\u00e9ctrico, serie Transit, exterior de tela mezclada resistente a la intemperie, gruesa banda de goma en la parte inferior de la funda que evita el desgaste y protege desde peque\u00f1os charcos hasta bebidas derramadas, acolchado de espuma gruesa de 20 mm cubierto con forro de felpa micro polar, construcci\u00f3n interior r\u00edgida dentro del marco de la bolsa para protecci\u00f3n tipo estuche, sistema de acolchado interior ajustable de tres puntos extra\u00edble que protege el cabezal, el brazo y la parte inferior del cuerpo, gran bolsillo frontal con cierre con hebilla con gancho G y trabillas para cinturones de seguridad que te permiten llenar el bolsillo hasta su m\u00e1xima capacidad y aun as\u00ed asegurarlo, bolsillo peque\u00f1o en la solapa frontal con forro suave para dispositivos electr\u00f3nicos que brindan acceso r\u00e1pido al tel\u00e9fono celular, llaves y dispositivos electr\u00f3nicos peque\u00f1os, mango moldeado, acolchado y contoneado para un agarre seguro pero c\u00f3modo, correas acolchadas extra\u00edbles de color combinado para mochila, varios anillos en D para accesorios.\" \/>\n<meta property=\"og:url\" content=\"https:\/\/www.mexicanguitarplayers.com\/en\/tienda\/sin categor\u00eda\/funda-gator-p-bajo-gt-bass-tan\/\" \/>\n<meta property=\"og:site_name\" content=\"Mexican Guitar Players\" \/>\n<meta property=\"article:modified_time\" content=\"2026-05-01T13:19:43+00:00\" \/>\n<meta name=\"twitter:card\" content=\"summary_large_image\" \/>\n<meta name=\"twitter:label1\" content=\"Est. reading time\" \/>\n\t<meta name=\"twitter:data1\" content=\"1 minute\" \/>\n<script type=\"application\/ld+json\" class=\"yoast-schema-graph\">{\"@context\":\"https:\\\/\\\/schema.org\",\"@graph\":[{\"@type\":[\"WebPage\",\"ItemPage\"],\"@id\":\"https:\\\/\\\/www.mexicanguitarplayers.com\\\/tienda\\\/sin categor\u00eda\\\/funda-gator-p-bajo-gt-bass-tan\\\/\",\"url\":\"https:\\\/\\\/www.mexicanguitarplayers.com\\\/tienda\\\/sin categor\u00eda\\\/funda-gator-p-bajo-gt-bass-tan\\\/\",\"name\":\"FUNDA GATOR P\\\/BAJO GT-BASS-TAN - Mexican Guitar Players\",\"isPartOf\":{\"@id\":\"https:\\\/\\\/www.mexicanguitarplayers.com\\\/#website\"},\"primaryImageOfPage\":{\"@id\":\"https:\\\/\\\/www.mexicanguitarplayers.com\\\/tienda\\\/sin categor\u00eda\\\/funda-gator-p-bajo-gt-bass-tan\\\/#primaryimage\"},\"image\":{\"@id\":\"https:\\\/\\\/www.mexicanguitarplayers.com\\\/tienda\\\/sin categor\u00eda\\\/funda-gator-p-bajo-gt-bass-tan\\\/#primaryimage\"},\"thumbnailUrl\":\"https:\\\/\\\/www.mexicanguitarplayers.com\\\/wp-content\\\/uploads\\\/2025\\\/04\\\/VAGATGTBASSTAN.jpg\",\"datePublished\":\"2025-04-09T11:38:14+00:00\",\"dateModified\":\"2026-05-01T13:19:43+00:00\",\"description\":\"Funda para bajo el\u00e9ctrico, serie Transit, exterior de tela mezclada resistente a la intemperie, gruesa banda de goma en la parte inferior de la funda que evita el desgaste y protege desde peque\u00f1os charcos hasta bebidas derramadas, acolchado de espuma gruesa de 20 mm cubierto con forro de felpa micro polar, construcci\u00f3n interior r\u00edgida dentro del marco de la bolsa para protecci\u00f3n tipo estuche, sistema de acolchado interior ajustable de tres puntos extra\u00edble que protege el cabezal, el brazo y la parte inferior del cuerpo, gran bolsillo frontal con cierre con hebilla con gancho G y trabillas para cinturones de seguridad que te permiten llenar el bolsillo hasta su m\u00e1xima capacidad y aun as\u00ed asegurarlo, bolsillo peque\u00f1o en la solapa frontal con forro suave para dispositivos electr\u00f3nicos que brindan acceso r\u00e1pido al tel\u00e9fono celular, llaves y dispositivos electr\u00f3nicos peque\u00f1os, mango moldeado, acolchado y contoneado para un agarre seguro pero c\u00f3modo, correas acolchadas extra\u00edbles de color combinado para mochila, varios anillos en D para accesorios.\",\"breadcrumb\":{\"@id\":\"https:\\\/\\\/www.mexicanguitarplayers.com\\\/tienda\\\/sin categor\u00eda\\\/funda-gator-p-bajo-gt-bass-tan\\\/#breadcrumb\"},\"inLanguage\":\"en-US\",\"potentialAction\":[{\"@type\":\"ReadAction\",\"target\":[\"https:\\\/\\\/www.mexicanguitarplayers.com\\\/tienda\\\/sin categor\u00eda\\\/funda-gator-p-bajo-gt-bass-tan\\\/\"]}]},{\"@type\":\"ImageObject\",\"inLanguage\":\"en-US\",\"@id\":\"https:\\\/\\\/www.mexicanguitarplayers.com\\\/tienda\\\/sin categor\u00eda\\\/funda-gator-p-bajo-gt-bass-tan\\\/#primaryimage\",\"url\":\"https:\\\/\\\/www.mexicanguitarplayers.com\\\/wp-content\\\/uploads\\\/2025\\\/04\\\/VAGATGTBASSTAN.jpg\",\"contentUrl\":\"https:\\\/\\\/www.mexicanguitarplayers.com\\\/wp-content\\\/uploads\\\/2025\\\/04\\\/VAGATGTBASSTAN.jpg\",\"width\":800,\"height\":1600},{\"@type\":\"BreadcrumbList\",\"@id\":\"https:\\\/\\\/www.mexicanguitarplayers.com\\\/tienda\\\/sin categor\u00eda\\\/funda-gator-p-bajo-gt-bass-tan\\\/#breadcrumb\",\"itemListElement\":[{\"@type\":\"ListItem\",\"position\":1,\"name\":\"Portada\",\"item\":\"https:\\\/\\\/www.mexicanguitarplayers.com\\\/\"},{\"@type\":\"ListItem\",\"position\":2,\"name\":\"Tienda\",\"item\":\"https:\\\/\\\/www.mexicanguitarplayers.com\\\/tienda\\\/\"},{\"@type\":\"ListItem\",\"position\":3,\"name\":\"FUNDA GATOR P\\\/BAJO GT-BASS-TAN\"}]},{\"@type\":\"WebSite\",\"@id\":\"https:\\\/\\\/www.mexicanguitarplayers.com\\\/#website\",\"url\":\"https:\\\/\\\/www.mexicanguitarplayers.com\\\/\",\"name\":\"Mexican Guitar Players\",\"description\":\"Website\",\"publisher\":{\"@id\":\"https:\\\/\\\/www.mexicanguitarplayers.com\\\/#organization\"},\"potentialAction\":[{\"@type\":\"SearchAction\",\"target\":{\"@type\":\"EntryPoint\",\"urlTemplate\":\"https:\\\/\\\/www.mexicanguitarplayers.com\\\/?s={search_term_string}\"},\"query-input\":{\"@type\":\"PropertyValueSpecification\",\"valueRequired\":true,\"valueName\":\"search_term_string\"}}],\"inLanguage\":\"en-US\"},{\"@type\":\"Organization\",\"@id\":\"https:\\\/\\\/www.mexicanguitarplayers.com\\\/#organization\",\"name\":\"Mexican Guitar Players\",\"url\":\"https:\\\/\\\/www.mexicanguitarplayers.com\\\/\",\"logo\":{\"@type\":\"ImageObject\",\"inLanguage\":\"en-US\",\"@id\":\"https:\\\/\\\/www.mexicanguitarplayers.com\\\/#\\\/schema\\\/logo\\\/image\\\/\",\"url\":\"\",\"contentUrl\":\"\",\"caption\":\"Mexican Guitar Players\"},\"image\":{\"@id\":\"https:\\\/\\\/www.mexicanguitarplayers.com\\\/#\\\/schema\\\/logo\\\/image\\\/\"}}]}<\/script>\n<!-- \/ Yoast SEO plugin. -->","yoast_head_json":{"title":"FUNDA GATOR P\/BAJO GT-BASS-TAN - Mexican Guitar Players","description":"Funda para bajo el\u00e9ctrico, serie Transit, exterior de tela mezclada resistente a la intemperie, gruesa banda de goma en la parte inferior de la funda que evita el desgaste y protege desde peque\u00f1os charcos hasta bebidas derramadas, acolchado de espuma gruesa de 20 mm cubierto con forro de felpa micro polar, construcci\u00f3n interior r\u00edgida dentro del marco de la bolsa para protecci\u00f3n tipo estuche, sistema de acolchado interior ajustable de tres puntos extra\u00edble que protege el cabezal, el brazo y la parte inferior del cuerpo, gran bolsillo frontal con cierre con hebilla con gancho G y trabillas para cinturones de seguridad que te permiten llenar el bolsillo hasta su m\u00e1xima capacidad y aun as\u00ed asegurarlo, bolsillo peque\u00f1o en la solapa frontal con forro suave para dispositivos electr\u00f3nicos que brindan acceso r\u00e1pido al tel\u00e9fono celular, llaves y dispositivos electr\u00f3nicos peque\u00f1os, mango moldeado, acolchado y contoneado para un agarre seguro pero c\u00f3modo, correas acolchadas extra\u00edbles de color combinado para mochila, varios anillos en D para accesorios.","robots":{"index":"index","follow":"follow","max-snippet":"max-snippet:-1","max-image-preview":"max-image-preview:large","max-video-preview":"max-video-preview:-1"},"canonical":"https:\/\/www.mexicanguitarplayers.com\/en\/tienda\/sin categor\u00eda\/funda-gator-p-bajo-gt-bass-tan\/","og_locale":"en_US","og_type":"article","og_title":"FUNDA GATOR P\/BAJO GT-BASS-TAN - Mexican Guitar Players","og_description":"Funda para bajo el\u00e9ctrico, serie Transit, exterior de tela mezclada resistente a la intemperie, gruesa banda de goma en la parte inferior de la funda que evita el desgaste y protege desde peque\u00f1os charcos hasta bebidas derramadas, acolchado de espuma gruesa de 20 mm cubierto con forro de felpa micro polar, construcci\u00f3n interior r\u00edgida dentro del marco de la bolsa para protecci\u00f3n tipo estuche, sistema de acolchado interior ajustable de tres puntos extra\u00edble que protege el cabezal, el brazo y la parte inferior del cuerpo, gran bolsillo frontal con cierre con hebilla con gancho G y trabillas para cinturones de seguridad que te permiten llenar el bolsillo hasta su m\u00e1xima capacidad y aun as\u00ed asegurarlo, bolsillo peque\u00f1o en la solapa frontal con forro suave para dispositivos electr\u00f3nicos que brindan acceso r\u00e1pido al tel\u00e9fono celular, llaves y dispositivos electr\u00f3nicos peque\u00f1os, mango moldeado, acolchado y contoneado para un agarre seguro pero c\u00f3modo, correas acolchadas extra\u00edbles de color combinado para mochila, varios anillos en D para accesorios.","og_url":"https:\/\/www.mexicanguitarplayers.com\/en\/tienda\/sin categor\u00eda\/funda-gator-p-bajo-gt-bass-tan\/","og_site_name":"Mexican Guitar Players","article_modified_time":"2026-05-01T13:19:43+00:00","twitter_card":"summary_large_image","twitter_misc":{"Est. reading time":"1 minute"},"schema":{"@context":"https:\/\/schema.org","@graph":[{"@type":["WebPage","ItemPage"],"@id":"https:\/\/www.mexicanguitarplayers.com\/tienda\/sin categor\u00eda\/funda-gator-p-bajo-gt-bass-tan\/","url":"https:\/\/www.mexicanguitarplayers.com\/tienda\/sin categor\u00eda\/funda-gator-p-bajo-gt-bass-tan\/","name":"FUNDA GATOR P\/BAJO GT-BASS-TAN - Mexican Guitar Players","isPartOf":{"@id":"https:\/\/www.mexicanguitarplayers.com\/#website"},"primaryImageOfPage":{"@id":"https:\/\/www.mexicanguitarplayers.com\/tienda\/sin categor\u00eda\/funda-gator-p-bajo-gt-bass-tan\/#primaryimage"},"image":{"@id":"https:\/\/www.mexicanguitarplayers.com\/tienda\/sin categor\u00eda\/funda-gator-p-bajo-gt-bass-tan\/#primaryimage"},"thumbnailUrl":"https:\/\/www.mexicanguitarplayers.com\/wp-content\/uploads\/2025\/04\/VAGATGTBASSTAN.jpg","datePublished":"2025-04-09T11:38:14+00:00","dateModified":"2026-05-01T13:19:43+00:00","description":"Funda para bajo el\u00e9ctrico, serie Transit, exterior de tela mezclada resistente a la intemperie, gruesa banda de goma en la parte inferior de la funda que evita el desgaste y protege desde peque\u00f1os charcos hasta bebidas derramadas, acolchado de espuma gruesa de 20 mm cubierto con forro de felpa micro polar, construcci\u00f3n interior r\u00edgida dentro del marco de la bolsa para protecci\u00f3n tipo estuche, sistema de acolchado interior ajustable de tres puntos extra\u00edble que protege el cabezal, el brazo y la parte inferior del cuerpo, gran bolsillo frontal con cierre con hebilla con gancho G y trabillas para cinturones de seguridad que te permiten llenar el bolsillo hasta su m\u00e1xima capacidad y aun as\u00ed asegurarlo, bolsillo peque\u00f1o en la solapa frontal con forro suave para dispositivos electr\u00f3nicos que brindan acceso r\u00e1pido al tel\u00e9fono celular, llaves y dispositivos electr\u00f3nicos peque\u00f1os, mango moldeado, acolchado y contoneado para un agarre seguro pero c\u00f3modo, correas acolchadas extra\u00edbles de color combinado para mochila, varios anillos en D para accesorios.","breadcrumb":{"@id":"https:\/\/www.mexicanguitarplayers.com\/tienda\/sin categor\u00eda\/funda-gator-p-bajo-gt-bass-tan\/#breadcrumb"},"inLanguage":"en-US","potentialAction":[{"@type":"ReadAction","target":["https:\/\/www.mexicanguitarplayers.com\/tienda\/sin categor\u00eda\/funda-gator-p-bajo-gt-bass-tan\/"]}]},{"@type":"ImageObject","inLanguage":"en-US","@id":"https:\/\/www.mexicanguitarplayers.com\/tienda\/sin categor\u00eda\/funda-gator-p-bajo-gt-bass-tan\/#primaryimage","url":"https:\/\/www.mexicanguitarplayers.com\/wp-content\/uploads\/2025\/04\/VAGATGTBASSTAN.jpg","contentUrl":"https:\/\/www.mexicanguitarplayers.com\/wp-content\/uploads\/2025\/04\/VAGATGTBASSTAN.jpg","width":800,"height":1600},{"@type":"BreadcrumbList","@id":"https:\/\/www.mexicanguitarplayers.com\/tienda\/sin categor\u00eda\/funda-gator-p-bajo-gt-bass-tan\/#breadcrumb","itemListElement":[{"@type":"ListItem","position":1,"name":"Portada","item":"https:\/\/www.mexicanguitarplayers.com\/"},{"@type":"ListItem","position":2,"name":"Tienda","item":"https:\/\/www.mexicanguitarplayers.com\/tienda\/"},{"@type":"ListItem","position":3,"name":"FUNDA GATOR P\/BAJO GT-BASS-TAN"}]},{"@type":"WebSite","@id":"https:\/\/www.mexicanguitarplayers.com\/#website","url":"https:\/\/www.mexicanguitarplayers.com\/","name":"Mexican Guitar Players","description":"Website","publisher":{"@id":"https:\/\/www.mexicanguitarplayers.com\/#organization"},"potentialAction":[{"@type":"SearchAction","target":{"@type":"EntryPoint","urlTemplate":"https:\/\/www.mexicanguitarplayers.com\/?s={search_term_string}"},"query-input":{"@type":"PropertyValueSpecification","valueRequired":true,"valueName":"search_term_string"}}],"inLanguage":"en-US"},{"@type":"Organization","@id":"https:\/\/www.mexicanguitarplayers.com\/#organization","name":"Mexican Guitar Players","url":"https:\/\/www.mexicanguitarplayers.com\/","logo":{"@type":"ImageObject","inLanguage":"en-US","@id":"https:\/\/www.mexicanguitarplayers.com\/#\/schema\/logo\/image\/","url":"","contentUrl":"","caption":"Mexican Guitar Players"},"image":{"@id":"https:\/\/www.mexicanguitarplayers.com\/#\/schema\/logo\/image\/"}}]}},"brands":[{"id":572,"name":"GATOR","slug":"gator"}],"_links":{"self":[{"href":"https:\/\/www.mexicanguitarplayers.com\/en\/wp-json\/wp\/v2\/product\/37250","targetHints":{"allow":["GET"]}}],"collection":[{"href":"https:\/\/www.mexicanguitarplayers.com\/en\/wp-json\/wp\/v2\/product"}],"about":[{"href":"https:\/\/www.mexicanguitarplayers.com\/en\/wp-json\/wp\/v2\/types\/product"}],"replies":[{"embeddable":true,"href":"https:\/\/www.mexicanguitarplayers.com\/en\/wp-json\/wp\/v2\/comments?post=37250"}],"wp:featuredmedia":[{"embeddable":true,"href":"https:\/\/www.mexicanguitarplayers.com\/en\/wp-json\/wp\/v2\/media\/37238"}],"wp:attachment":[{"href":"https:\/\/www.mexicanguitarplayers.com\/en\/wp-json\/wp\/v2\/media?parent=37250"}],"wp:term":[{"taxonomy":"pwb-brand","embeddable":true,"href":"https:\/\/www.mexicanguitarplayers.com\/en\/wp-json\/wp\/v2\/pwb-brand?post=37250"},{"taxonomy":"product_brand","embeddable":true,"href":"https:\/\/www.mexicanguitarplayers.com\/en\/wp-json\/wp\/v2\/product_brand?post=37250"},{"taxonomy":"product_cat","embeddable":true,"href":"https:\/\/www.mexicanguitarplayers.com\/en\/wp-json\/wp\/v2\/product_cat?post=37250"},{"taxonomy":"product_tag","embeddable":true,"href":"https:\/\/www.mexicanguitarplayers.com\/en\/wp-json\/wp\/v2\/product_tag?post=37250"}],"curies":[{"name":"wp","href":"https:\/\/api.w.org\/{rel}","templated":true}]}}