{"id":37308,"date":"2025-04-09T05:39:44","date_gmt":"2025-04-09T11:39:44","guid":{"rendered":"https:\/\/www.mexicanguitarplayers.com\/tienda\/sin categor\u00eda\/bafle-audiocenter-subwoofer-s3218a-ii-c-ruedas\/"},"modified":"2026-04-11T04:15:12","modified_gmt":"2026-04-11T10:15:12","slug":"bafle-audiocenter-subwoofer-s3218a-ii-c-ruedas","status":"publish","type":"product","link":"https:\/\/www.mexicanguitarplayers.com\/en\/tienda\/audio\/bafles-y-bocinas\/bafles\/bafles-activos\/bafle-audiocenter-subwoofer-s3218a-ii-c-ruedas\/","title":{"rendered":"BAFLE AUDIOCENTER SUBWOOFER S3218A II C\/RUEDAS"},"content":{"rendered":"<div style=\"text-align: justify\">\n<div>\n<h3>Subwoofer Audiocenter S3218A II CON RUEDAS <\/h3>\n<\/div>\n<div>Subwoofer Audiocenter activo doble de 18\u201d madera contrachapada, tiro forntal. Amplificador clase D 4000W de potencia pico, hasta 140dBSPL. Procesamiento Braincore se encargara de procesar la se\u00f1al de entrada del altavoz para un desempe\u00f1o \u00f3ptimo. <\/div>\n<div>\n<h4>Quick look<\/h4>\n<\/div>\n<ul style=\"margin: 0px 0px 0px 25px\">\n<li style=\"list-style-type: circle;margin: 5px\">Kind<\/li>\n<li style=\"list-style-type: circle;margin: 5px\">Respuesta de frecuencia (c\u00e1mara anecoica -6 dB).<\/li>\n<li style=\"list-style-type: circle;margin: 5px\">Maximum SPL.<\/li>\n<li style=\"list-style-type: circle;margin: 5px\">Driver LF.<\/li>\n<li style=\"list-style-type: circle;margin: 5px\">Amplifier.<\/li>\n<li style=\"list-style-type: circle;margin: 5px\">DSP<\/li>\n<li style=\"list-style-type: circle;margin: 5px\">Entrada\/Salida.<\/li>\n<li style=\"list-style-type: circle;margin: 5px\">Gabinete.<\/li>\n<li style=\"list-style-type: circle;margin: 5px\">Dimensions.<\/li>\n<li style=\"list-style-type: circle;margin: 5px\">Weight<\/li>\n<\/ul>\n<div>\n<div style=\"font-weight: bold\">Kind<\/div>\n<div>\n<p>Subwoofer activo doble de 18\u201d <\/p>\n<\/div>\n<div style=\"font-weight: bold\">Respuesta de frecuencia (c\u00e1mara anecoica -6 dB).<\/div>\n<div>\n<p>26Hz-135Hz<\/p>\n<\/div>\n<div style=\"font-weight: bold\">Maximum SPL.<\/div>\n<div>\n<p>140 dB.<\/p>\n<\/div>\n<div style=\"font-weight: bold\">Driver LF.<\/div>\n<div>\n<p>2 altavoces Audiocenter personalizados de 18\u201d con im\u00e1n de ferrita y bobina m\u00f3vil de 4\u201d pulgadas.<\/p>\n<\/div>\n<div style=\"font-weight: bold\">Amplifier.<\/div>\n<div>\n<p>Circuiter\u00eda del amplificador: Clase D.Potencia: 4000W pico. Respuesta de frecuencia de amplificador: (1W 8 ohms 2 canales): 20 Hz \u2013 6 kHz (\u00b10.5 dB). Distorsi\u00f3n de intermodulaci\u00f3n: &lt;0.05%Distorsi\u00f3n arm\u00f3nica total: &lt;0.05%Protecci\u00f3n DC, corto circuito,  sobrecarga, sobrecarga de entrada, sobrecarga de salida, arranque suave, sobretensi\u00f3n y subtensi\u00f3n.Sistema de enfriamiento: Enfriamiento con ventiladores, convecci\u00f3n de aire.<\/p>\n<\/div>\n<div style=\"font-weight: bold\">DSP<\/div>\n<div>\n<p>Procesador: 48 kHz frecuencia de muestreo de la se\u00f1al, precisi\u00f3n de 24 bits.Preajustes: 80 Hz, 100 Hz, 120 Hz.Crossover: Controlado por DSP.<\/p>\n<\/div>\n<div style=\"font-weight: bold\">Entrada\/Salida.<\/div>\n<div>\n<p>Entrada de se\u00f1al: 1 XLR NEUTRIK hembra. Salida de se\u00f1al: 1 XLR NEUTRIK\u00ae macho. Entrada de energ\u00eda: Plug de 3 pines. Voltaje de funcionamiento: 100V-130V\/60Hz <\/p>\n<\/div>\n<div style=\"font-weight: bold\">Gabinete.<\/div>\n<div>\n<p>Material del gabinete: CNC de excelente madera.Pole de montaje: Base M20, F35 mm.<\/p>\n<\/div>\n<div style=\"font-weight: bold\">Dimensions.<\/div>\n<div>\n<p>1206 \u00d7 565 \u00d7 694 mm. <\/p>\n<\/div>\n<div style=\"font-weight: bold\">Weight<\/div>\n<div>\n<p>68 kg.<\/p>\n<\/div>\n<\/div>\n<\/div>","protected":false},"excerpt":{"rendered":"<p>Subwoofer Audiocenter activo madera contrachapada, 2 bocinas de 18 pulgadas elaboradas por la marca, Bobina de 4\u201d, amplificador clase D 4000W pico, hasta 140dBSPL max @1m. DSP Braincore 48kHz A\/D, 3 cortes de frecuencia 80Hz, 100Hz, 120Hz. Respuesta de frecuencia 26Hz,-135Hz. Voltaje 100-130V. Pes 68kg. Medidas del equipo; Ancho 1.206m x Alto 56.5 cm x Profundidad 78 cm. Medidas caja: Ancho 65.1cm x  Alto 1.331m x 78 cm  (Tiro Frontal)&hellip; <a class=\"kt-excerpt-readmore more-link\" href=\"https:\/\/www.mexicanguitarplayers.com\/en\/tienda\/audio\/bafles-y-bocinas\/bafles\/bafles-activos\/bafle-audiocenter-subwoofer-s3218a-ii-c-ruedas\/\">Read more<\/a><\/p>","protected":false},"featured_media":37299,"comment_status":"open","ping_status":"closed","template":"","meta":{"kt_blocks_editor_width":""},"pwb-brand":[525],"product_brand":[],"product_cat":[213,222,472,221],"product_tag":[],"class_list":{"0":"post-37308","1":"product","2":"type-product","3":"status-publish","4":"has-post-thumbnail","6":"pwb-brand-audiocenter","7":"product_cat-audio","8":"product_cat-bafles","9":"product_cat-bafles-activos","10":"product_cat-bafles-y-bocinas","12":"first","13":"outofstock","14":"taxable","15":"shipping-taxable","16":"purchasable","17":"product-type-simple"},"yoast_head":"<!-- This site is optimized with the Yoast SEO plugin v27.5 - https:\/\/yoast.com\/product\/yoast-seo-wordpress\/ -->\n<title>BAFLE AUDIOCENTER SUBWOOFER S3218A II C\/RUEDAS - Mexican Guitar Players<\/title>\n<meta name=\"description\" content=\"Subwoofer Audiocenter activo madera contrachapada, 2 bocinas de 18 pulgadas elaboradas por la marca, Bobina de 4\u201d, amplificador clase D 4000W pico, hasta 140dBSPL max @1m. DSP Braincore 48kHz A\/D, 3 cortes de frecuencia 80Hz, 100Hz, 120Hz. Respuesta de frecuencia 26Hz,-135Hz. Voltaje 100-130V. Pes 68kg. Medidas del equipo; Ancho 1.206m x Alto 56.5 cm x Profundidad 78 cm. Medidas caja: Ancho 65.1cm x Alto 1.331m x 78 cm (Tiro Frontal)\" \/>\n<meta name=\"robots\" content=\"index, follow, max-snippet:-1, max-image-preview:large, max-video-preview:-1\" \/>\n<link rel=\"canonical\" href=\"https:\/\/www.mexicanguitarplayers.com\/en\/tienda\/sin%20categor\u00eda\/bafle-audiocenter-subwoofer-s3218a-ii-c-ruedas\/\" \/>\n<meta property=\"og:locale\" content=\"en_US\" \/>\n<meta property=\"og:type\" content=\"article\" \/>\n<meta property=\"og:title\" content=\"BAFLE AUDIOCENTER SUBWOOFER S3218A II C\/RUEDAS - Mexican Guitar Players\" \/>\n<meta property=\"og:description\" content=\"Subwoofer Audiocenter activo madera contrachapada, 2 bocinas de 18 pulgadas elaboradas por la marca, Bobina de 4\u201d, amplificador clase D 4000W pico, hasta 140dBSPL max @1m. DSP Braincore 48kHz A\/D, 3 cortes de frecuencia 80Hz, 100Hz, 120Hz. Respuesta de frecuencia 26Hz,-135Hz. Voltaje 100-130V. Pes 68kg. Medidas del equipo; Ancho 1.206m x Alto 56.5 cm x Profundidad 78 cm. Medidas caja: Ancho 65.1cm x Alto 1.331m x 78 cm (Tiro Frontal)\" \/>\n<meta property=\"og:url\" content=\"https:\/\/www.mexicanguitarplayers.com\/en\/tienda\/sin categor\u00eda\/bafle-audiocenter-subwoofer-s3218a-ii-c-ruedas\/\" \/>\n<meta property=\"og:site_name\" content=\"Mexican Guitar Players\" \/>\n<meta property=\"article:modified_time\" content=\"2026-04-11T10:15:12+00:00\" \/>\n<meta name=\"twitter:card\" content=\"summary_large_image\" \/>\n<meta name=\"twitter:label1\" content=\"Est. reading time\" \/>\n\t<meta name=\"twitter:data1\" content=\"1 minute\" \/>\n<script type=\"application\/ld+json\" class=\"yoast-schema-graph\">{\"@context\":\"https:\\\/\\\/schema.org\",\"@graph\":[{\"@type\":[\"WebPage\",\"ItemPage\"],\"@id\":\"https:\\\/\\\/www.mexicanguitarplayers.com\\\/tienda\\\/sin categor\u00eda\\\/bafle-audiocenter-subwoofer-s3218a-ii-c-ruedas\\\/\",\"url\":\"https:\\\/\\\/www.mexicanguitarplayers.com\\\/tienda\\\/sin categor\u00eda\\\/bafle-audiocenter-subwoofer-s3218a-ii-c-ruedas\\\/\",\"name\":\"BAFLE AUDIOCENTER SUBWOOFER S3218A II C\\\/RUEDAS - Mexican Guitar Players\",\"isPartOf\":{\"@id\":\"https:\\\/\\\/www.mexicanguitarplayers.com\\\/#website\"},\"primaryImageOfPage\":{\"@id\":\"https:\\\/\\\/www.mexicanguitarplayers.com\\\/tienda\\\/sin categor\u00eda\\\/bafle-audiocenter-subwoofer-s3218a-ii-c-ruedas\\\/#primaryimage\"},\"image\":{\"@id\":\"https:\\\/\\\/www.mexicanguitarplayers.com\\\/tienda\\\/sin categor\u00eda\\\/bafle-audiocenter-subwoofer-s3218a-ii-c-ruedas\\\/#primaryimage\"},\"thumbnailUrl\":\"https:\\\/\\\/www.mexicanguitarplayers.com\\\/wp-content\\\/uploads\\\/2025\\\/04\\\/IAACTS3218AII.png\",\"datePublished\":\"2025-04-09T11:39:44+00:00\",\"dateModified\":\"2026-04-11T10:15:12+00:00\",\"description\":\"Subwoofer Audiocenter activo madera contrachapada, 2 bocinas de 18 pulgadas elaboradas por la marca, Bobina de 4\u201d, amplificador clase D 4000W pico, hasta 140dBSPL max @1m. DSP Braincore 48kHz A\\\/D, 3 cortes de frecuencia 80Hz, 100Hz, 120Hz. Respuesta de frecuencia 26Hz,-135Hz. Voltaje 100-130V. Pes 68kg. Medidas del equipo; Ancho 1.206m x Alto 56.5 cm x Profundidad 78 cm. Medidas caja: Ancho 65.1cm x Alto 1.331m x 78 cm (Tiro Frontal)\",\"breadcrumb\":{\"@id\":\"https:\\\/\\\/www.mexicanguitarplayers.com\\\/tienda\\\/sin categor\u00eda\\\/bafle-audiocenter-subwoofer-s3218a-ii-c-ruedas\\\/#breadcrumb\"},\"inLanguage\":\"en-US\",\"potentialAction\":[{\"@type\":\"ReadAction\",\"target\":[\"https:\\\/\\\/www.mexicanguitarplayers.com\\\/tienda\\\/sin categor\u00eda\\\/bafle-audiocenter-subwoofer-s3218a-ii-c-ruedas\\\/\"]}]},{\"@type\":\"ImageObject\",\"inLanguage\":\"en-US\",\"@id\":\"https:\\\/\\\/www.mexicanguitarplayers.com\\\/tienda\\\/sin categor\u00eda\\\/bafle-audiocenter-subwoofer-s3218a-ii-c-ruedas\\\/#primaryimage\",\"url\":\"https:\\\/\\\/www.mexicanguitarplayers.com\\\/wp-content\\\/uploads\\\/2025\\\/04\\\/IAACTS3218AII.png\",\"contentUrl\":\"https:\\\/\\\/www.mexicanguitarplayers.com\\\/wp-content\\\/uploads\\\/2025\\\/04\\\/IAACTS3218AII.png\",\"width\":1200,\"height\":800},{\"@type\":\"BreadcrumbList\",\"@id\":\"https:\\\/\\\/www.mexicanguitarplayers.com\\\/tienda\\\/sin categor\u00eda\\\/bafle-audiocenter-subwoofer-s3218a-ii-c-ruedas\\\/#breadcrumb\",\"itemListElement\":[{\"@type\":\"ListItem\",\"position\":1,\"name\":\"Portada\",\"item\":\"https:\\\/\\\/www.mexicanguitarplayers.com\\\/\"},{\"@type\":\"ListItem\",\"position\":2,\"name\":\"Tienda\",\"item\":\"https:\\\/\\\/www.mexicanguitarplayers.com\\\/tienda\\\/\"},{\"@type\":\"ListItem\",\"position\":3,\"name\":\"BAFLE AUDIOCENTER SUBWOOFER S3218A II C\\\/RUEDAS\"}]},{\"@type\":\"WebSite\",\"@id\":\"https:\\\/\\\/www.mexicanguitarplayers.com\\\/#website\",\"url\":\"https:\\\/\\\/www.mexicanguitarplayers.com\\\/\",\"name\":\"Mexican Guitar Players\",\"description\":\"Website\",\"publisher\":{\"@id\":\"https:\\\/\\\/www.mexicanguitarplayers.com\\\/#organization\"},\"potentialAction\":[{\"@type\":\"SearchAction\",\"target\":{\"@type\":\"EntryPoint\",\"urlTemplate\":\"https:\\\/\\\/www.mexicanguitarplayers.com\\\/?s={search_term_string}\"},\"query-input\":{\"@type\":\"PropertyValueSpecification\",\"valueRequired\":true,\"valueName\":\"search_term_string\"}}],\"inLanguage\":\"en-US\"},{\"@type\":\"Organization\",\"@id\":\"https:\\\/\\\/www.mexicanguitarplayers.com\\\/#organization\",\"name\":\"Mexican Guitar Players\",\"url\":\"https:\\\/\\\/www.mexicanguitarplayers.com\\\/\",\"logo\":{\"@type\":\"ImageObject\",\"inLanguage\":\"en-US\",\"@id\":\"https:\\\/\\\/www.mexicanguitarplayers.com\\\/#\\\/schema\\\/logo\\\/image\\\/\",\"url\":\"\",\"contentUrl\":\"\",\"caption\":\"Mexican Guitar Players\"},\"image\":{\"@id\":\"https:\\\/\\\/www.mexicanguitarplayers.com\\\/#\\\/schema\\\/logo\\\/image\\\/\"}}]}<\/script>\n<!-- \/ Yoast SEO plugin. -->","yoast_head_json":{"title":"BAFLE AUDIOCENTER SUBWOOFER S3218A II C\/RUEDAS - Mexican Guitar Players","description":"Subwoofer Audiocenter activo madera contrachapada, 2 bocinas de 18 pulgadas elaboradas por la marca, Bobina de 4\u201d, amplificador clase D 4000W pico, hasta 140dBSPL max @1m. DSP Braincore 48kHz A\/D, 3 cortes de frecuencia 80Hz, 100Hz, 120Hz. Respuesta de frecuencia 26Hz,-135Hz. Voltaje 100-130V. Pes 68kg. Medidas del equipo; Ancho 1.206m x Alto 56.5 cm x Profundidad 78 cm. Medidas caja: Ancho 65.1cm x Alto 1.331m x 78 cm (Tiro Frontal)","robots":{"index":"index","follow":"follow","max-snippet":"max-snippet:-1","max-image-preview":"max-image-preview:large","max-video-preview":"max-video-preview:-1"},"canonical":"https:\/\/www.mexicanguitarplayers.com\/en\/tienda\/sin categor\u00eda\/bafle-audiocenter-subwoofer-s3218a-ii-c-ruedas\/","og_locale":"en_US","og_type":"article","og_title":"BAFLE AUDIOCENTER SUBWOOFER S3218A II C\/RUEDAS - Mexican Guitar Players","og_description":"Subwoofer Audiocenter activo madera contrachapada, 2 bocinas de 18 pulgadas elaboradas por la marca, Bobina de 4\u201d, amplificador clase D 4000W pico, hasta 140dBSPL max @1m. DSP Braincore 48kHz A\/D, 3 cortes de frecuencia 80Hz, 100Hz, 120Hz. Respuesta de frecuencia 26Hz,-135Hz. Voltaje 100-130V. Pes 68kg. Medidas del equipo; Ancho 1.206m x Alto 56.5 cm x Profundidad 78 cm. Medidas caja: Ancho 65.1cm x Alto 1.331m x 78 cm (Tiro Frontal)","og_url":"https:\/\/www.mexicanguitarplayers.com\/en\/tienda\/sin categor\u00eda\/bafle-audiocenter-subwoofer-s3218a-ii-c-ruedas\/","og_site_name":"Mexican Guitar Players","article_modified_time":"2026-04-11T10:15:12+00:00","twitter_card":"summary_large_image","twitter_misc":{"Est. reading time":"1 minute"},"schema":{"@context":"https:\/\/schema.org","@graph":[{"@type":["WebPage","ItemPage"],"@id":"https:\/\/www.mexicanguitarplayers.com\/tienda\/sin categor\u00eda\/bafle-audiocenter-subwoofer-s3218a-ii-c-ruedas\/","url":"https:\/\/www.mexicanguitarplayers.com\/tienda\/sin categor\u00eda\/bafle-audiocenter-subwoofer-s3218a-ii-c-ruedas\/","name":"BAFLE AUDIOCENTER SUBWOOFER S3218A II C\/RUEDAS - Mexican Guitar Players","isPartOf":{"@id":"https:\/\/www.mexicanguitarplayers.com\/#website"},"primaryImageOfPage":{"@id":"https:\/\/www.mexicanguitarplayers.com\/tienda\/sin categor\u00eda\/bafle-audiocenter-subwoofer-s3218a-ii-c-ruedas\/#primaryimage"},"image":{"@id":"https:\/\/www.mexicanguitarplayers.com\/tienda\/sin categor\u00eda\/bafle-audiocenter-subwoofer-s3218a-ii-c-ruedas\/#primaryimage"},"thumbnailUrl":"https:\/\/www.mexicanguitarplayers.com\/wp-content\/uploads\/2025\/04\/IAACTS3218AII.png","datePublished":"2025-04-09T11:39:44+00:00","dateModified":"2026-04-11T10:15:12+00:00","description":"Subwoofer Audiocenter activo madera contrachapada, 2 bocinas de 18 pulgadas elaboradas por la marca, Bobina de 4\u201d, amplificador clase D 4000W pico, hasta 140dBSPL max @1m. DSP Braincore 48kHz A\/D, 3 cortes de frecuencia 80Hz, 100Hz, 120Hz. Respuesta de frecuencia 26Hz,-135Hz. Voltaje 100-130V. Pes 68kg. Medidas del equipo; Ancho 1.206m x Alto 56.5 cm x Profundidad 78 cm. Medidas caja: Ancho 65.1cm x Alto 1.331m x 78 cm (Tiro Frontal)","breadcrumb":{"@id":"https:\/\/www.mexicanguitarplayers.com\/tienda\/sin categor\u00eda\/bafle-audiocenter-subwoofer-s3218a-ii-c-ruedas\/#breadcrumb"},"inLanguage":"en-US","potentialAction":[{"@type":"ReadAction","target":["https:\/\/www.mexicanguitarplayers.com\/tienda\/sin categor\u00eda\/bafle-audiocenter-subwoofer-s3218a-ii-c-ruedas\/"]}]},{"@type":"ImageObject","inLanguage":"en-US","@id":"https:\/\/www.mexicanguitarplayers.com\/tienda\/sin categor\u00eda\/bafle-audiocenter-subwoofer-s3218a-ii-c-ruedas\/#primaryimage","url":"https:\/\/www.mexicanguitarplayers.com\/wp-content\/uploads\/2025\/04\/IAACTS3218AII.png","contentUrl":"https:\/\/www.mexicanguitarplayers.com\/wp-content\/uploads\/2025\/04\/IAACTS3218AII.png","width":1200,"height":800},{"@type":"BreadcrumbList","@id":"https:\/\/www.mexicanguitarplayers.com\/tienda\/sin categor\u00eda\/bafle-audiocenter-subwoofer-s3218a-ii-c-ruedas\/#breadcrumb","itemListElement":[{"@type":"ListItem","position":1,"name":"Portada","item":"https:\/\/www.mexicanguitarplayers.com\/"},{"@type":"ListItem","position":2,"name":"Tienda","item":"https:\/\/www.mexicanguitarplayers.com\/tienda\/"},{"@type":"ListItem","position":3,"name":"BAFLE AUDIOCENTER SUBWOOFER S3218A II C\/RUEDAS"}]},{"@type":"WebSite","@id":"https:\/\/www.mexicanguitarplayers.com\/#website","url":"https:\/\/www.mexicanguitarplayers.com\/","name":"Mexican Guitar Players","description":"Website","publisher":{"@id":"https:\/\/www.mexicanguitarplayers.com\/#organization"},"potentialAction":[{"@type":"SearchAction","target":{"@type":"EntryPoint","urlTemplate":"https:\/\/www.mexicanguitarplayers.com\/?s={search_term_string}"},"query-input":{"@type":"PropertyValueSpecification","valueRequired":true,"valueName":"search_term_string"}}],"inLanguage":"en-US"},{"@type":"Organization","@id":"https:\/\/www.mexicanguitarplayers.com\/#organization","name":"Mexican Guitar Players","url":"https:\/\/www.mexicanguitarplayers.com\/","logo":{"@type":"ImageObject","inLanguage":"en-US","@id":"https:\/\/www.mexicanguitarplayers.com\/#\/schema\/logo\/image\/","url":"","contentUrl":"","caption":"Mexican Guitar Players"},"image":{"@id":"https:\/\/www.mexicanguitarplayers.com\/#\/schema\/logo\/image\/"}}]}},"brands":[{"id":525,"name":"AUDIOCENTER","slug":"audiocenter"}],"_links":{"self":[{"href":"https:\/\/www.mexicanguitarplayers.com\/en\/wp-json\/wp\/v2\/product\/37308","targetHints":{"allow":["GET"]}}],"collection":[{"href":"https:\/\/www.mexicanguitarplayers.com\/en\/wp-json\/wp\/v2\/product"}],"about":[{"href":"https:\/\/www.mexicanguitarplayers.com\/en\/wp-json\/wp\/v2\/types\/product"}],"replies":[{"embeddable":true,"href":"https:\/\/www.mexicanguitarplayers.com\/en\/wp-json\/wp\/v2\/comments?post=37308"}],"wp:featuredmedia":[{"embeddable":true,"href":"https:\/\/www.mexicanguitarplayers.com\/en\/wp-json\/wp\/v2\/media\/37299"}],"wp:attachment":[{"href":"https:\/\/www.mexicanguitarplayers.com\/en\/wp-json\/wp\/v2\/media?parent=37308"}],"wp:term":[{"taxonomy":"pwb-brand","embeddable":true,"href":"https:\/\/www.mexicanguitarplayers.com\/en\/wp-json\/wp\/v2\/pwb-brand?post=37308"},{"taxonomy":"product_brand","embeddable":true,"href":"https:\/\/www.mexicanguitarplayers.com\/en\/wp-json\/wp\/v2\/product_brand?post=37308"},{"taxonomy":"product_cat","embeddable":true,"href":"https:\/\/www.mexicanguitarplayers.com\/en\/wp-json\/wp\/v2\/product_cat?post=37308"},{"taxonomy":"product_tag","embeddable":true,"href":"https:\/\/www.mexicanguitarplayers.com\/en\/wp-json\/wp\/v2\/product_tag?post=37308"}],"curies":[{"name":"wp","href":"https:\/\/api.w.org\/{rel}","templated":true}]}}