{"id":37313,"date":"2025-04-09T05:39:49","date_gmt":"2025-04-09T11:39:49","guid":{"rendered":"https:\/\/www.mexicanguitarplayers.com\/tienda\/sin categor\u00eda\/tarola-premier-p-marcha-14x12-mod-0700\/"},"modified":"2026-04-10T04:24:46","modified_gmt":"2026-04-10T10:24:46","slug":"tarola-premier-p-marcha-14x12-mod-0700","status":"publish","type":"product","link":"https:\/\/www.mexicanguitarplayers.com\/en\/tienda\/percusiones\/baterias\/tambores-sueltos\/tarolas\/tarola-premier-p-marcha-14x12-mod-0700\/","title":{"rendered":"TAROLA PREMIER P\/MARCHA 14X12 MOD. 0700"},"content":{"rendered":"<div style=\"text-align: justify\">\n<div>\n<h3>El grande de la marcha.<\/h3>\n<\/div>\n<div>Dominando el mundo de los tambores de marcha, desde su introducci\u00f3n hace una d\u00e9cada, el HTS700 sigue siendo la elecci\u00f3n de los campeones que comparten el \u00e9xito de m\u00e1s t\u00edtulos en solos y de campeonato. 6 capas de abedul de 6 mm, con laqueado interior para un aumento en la respuesta y tono. <\/div>\n<div>\n<h4>Characteristics<\/h4>\n<\/div>\n<div>\n<ul style=\"margin: 0px 0px 0px 25px\">\n<li style=\"list-style-type: circle;margin: 5px\">Tiene suspensi\u00f3n \u201cDie-Cast\u201d y anillos intermedios.<\/li>\n<li style=\"list-style-type: circle;margin: 5px\">Conchas con libre suspensi\u00f3n que eliminan la restricci\u00f3n de sonido y aumentan la proyecci\u00f3n.<\/li>\n<li style=\"list-style-type: circle;margin: 5px\">Nuevos pernos cromados de tensi\u00f3n fijos con pernos. <\/li>\n<li style=\"list-style-type: circle;margin: 5px\">F\u00e1cil de transportar. <\/li>\n<li style=\"list-style-type: circle;margin: 5px\">Disponible en hardware plata con recubrimiento de polvo.<\/li>\n<li style=\"list-style-type: circle;margin: 5px\">6 capas de abedul de 6 mm.<\/li>\n<li style=\"list-style-type: circle;margin: 5px\">Filtros internos y externos.<\/li>\n<li style=\"list-style-type: circle;margin: 5px\">Parche blanco \u201cTendura\u201d, hecho por Remo.<\/li>\n<li style=\"list-style-type: circle;margin: 5px\">Colores: Negro, rojo met\u00e1lico, azul royal, blanco.<\/li>\n<li style=\"list-style-type: circle;margin: 5px\">Tama\u00f1o: 14\u201d x 12\u201d pulgadas.<\/li>\n<li style=\"list-style-type: circle;margin: 5px\">Escudo de plata con recubrimiento de polvo.<\/li>\n<li style=\"list-style-type: circle;margin: 5px\">Peso: 7.2 Kg.<\/li>\n<\/ul>\n<\/div>\n<\/div>","protected":false},"excerpt":{"rendered":"<p>Tambora Premier. Modelo: 0700. Concha de  6 capas de 6 mm de madera de abedul. Suspensi\u00f3n y aros de acero fundido. Entorchado interno y externo de 24 hilos cadauno. 14\u201d pulgadas de di\u00e1metro y 12\u201d pulgadas de profundidad.&hellip; <a class=\"kt-excerpt-readmore more-link\" href=\"https:\/\/www.mexicanguitarplayers.com\/en\/tienda\/percusiones\/baterias\/tambores-sueltos\/tarolas\/tarola-premier-p-marcha-14x12-mod-0700\/\">Read more<\/a><\/p>","protected":false},"featured_media":37312,"comment_status":"open","ping_status":"closed","template":"","meta":{"kt_blocks_editor_width":""},"pwb-brand":[212],"product_brand":[],"product_cat":[304,208,264],"product_tag":[],"class_list":{"0":"post-37313","1":"product","2":"type-product","3":"status-publish","4":"has-post-thumbnail","6":"pwb-brand-premier","7":"product_cat-instrumentos-de-marcha","8":"product_cat-percusiones","9":"product_cat-tarolas","10":"product_shipping_class-0-5-kg","12":"first","13":"outofstock","14":"taxable","15":"shipping-taxable","16":"purchasable","17":"product-type-simple"},"yoast_head":"<!-- This site is optimized with the Yoast SEO plugin v27.5 - https:\/\/yoast.com\/product\/yoast-seo-wordpress\/ -->\n<title>TAROLA PREMIER P\/MARCHA 14X12 MOD. 0700 - Mexican Guitar Players<\/title>\n<meta name=\"description\" content=\"Tambora Premier. Modelo: 0700. Concha de 6 capas de 6 mm de madera de abedul. Suspensi\u00f3n y aros de acero fundido. Entorchado interno y externo de 24 hilos cadauno. 14\u201d pulgadas de di\u00e1metro y 12\u201d pulgadas de profundidad.\" \/>\n<meta name=\"robots\" content=\"index, follow, max-snippet:-1, max-image-preview:large, max-video-preview:-1\" \/>\n<link rel=\"canonical\" href=\"https:\/\/www.mexicanguitarplayers.com\/en\/tienda\/sin%20categor\u00eda\/tarola-premier-p-marcha-14x12-mod-0700\/\" \/>\n<meta property=\"og:locale\" content=\"en_US\" \/>\n<meta property=\"og:type\" content=\"article\" \/>\n<meta property=\"og:title\" content=\"TAROLA PREMIER P\/MARCHA 14X12 MOD. 0700 - Mexican Guitar Players\" \/>\n<meta property=\"og:description\" content=\"Tambora Premier. Modelo: 0700. Concha de 6 capas de 6 mm de madera de abedul. Suspensi\u00f3n y aros de acero fundido. Entorchado interno y externo de 24 hilos cadauno. 14\u201d pulgadas de di\u00e1metro y 12\u201d pulgadas de profundidad.\" \/>\n<meta property=\"og:url\" content=\"https:\/\/www.mexicanguitarplayers.com\/en\/tienda\/sin categor\u00eda\/tarola-premier-p-marcha-14x12-mod-0700\/\" \/>\n<meta property=\"og:site_name\" content=\"Mexican Guitar Players\" \/>\n<meta property=\"article:modified_time\" content=\"2026-04-10T10:24:46+00:00\" \/>\n<meta name=\"twitter:card\" content=\"summary_large_image\" \/>\n<meta name=\"twitter:label1\" content=\"Est. reading time\" \/>\n\t<meta name=\"twitter:data1\" content=\"1 minute\" \/>\n<script type=\"application\/ld+json\" class=\"yoast-schema-graph\">{\"@context\":\"https:\\\/\\\/schema.org\",\"@graph\":[{\"@type\":[\"WebPage\",\"ItemPage\"],\"@id\":\"https:\\\/\\\/www.mexicanguitarplayers.com\\\/tienda\\\/sin categor\u00eda\\\/tarola-premier-p-marcha-14x12-mod-0700\\\/\",\"url\":\"https:\\\/\\\/www.mexicanguitarplayers.com\\\/tienda\\\/sin categor\u00eda\\\/tarola-premier-p-marcha-14x12-mod-0700\\\/\",\"name\":\"TAROLA PREMIER P\\\/MARCHA 14X12 MOD. 0700 - Mexican Guitar Players\",\"isPartOf\":{\"@id\":\"https:\\\/\\\/www.mexicanguitarplayers.com\\\/#website\"},\"primaryImageOfPage\":{\"@id\":\"https:\\\/\\\/www.mexicanguitarplayers.com\\\/tienda\\\/sin categor\u00eda\\\/tarola-premier-p-marcha-14x12-mod-0700\\\/#primaryimage\"},\"image\":{\"@id\":\"https:\\\/\\\/www.mexicanguitarplayers.com\\\/tienda\\\/sin categor\u00eda\\\/tarola-premier-p-marcha-14x12-mod-0700\\\/#primaryimage\"},\"thumbnailUrl\":\"https:\\\/\\\/www.mexicanguitarplayers.com\\\/wp-content\\\/uploads\\\/2025\\\/04\\\/IPPMR0700.jpg\",\"datePublished\":\"2025-04-09T11:39:49+00:00\",\"dateModified\":\"2026-04-10T10:24:46+00:00\",\"description\":\"Tambora Premier. Modelo: 0700. Concha de 6 capas de 6 mm de madera de abedul. Suspensi\u00f3n y aros de acero fundido. Entorchado interno y externo de 24 hilos cadauno. 14\u201d pulgadas de di\u00e1metro y 12\u201d pulgadas de profundidad.\",\"breadcrumb\":{\"@id\":\"https:\\\/\\\/www.mexicanguitarplayers.com\\\/tienda\\\/sin categor\u00eda\\\/tarola-premier-p-marcha-14x12-mod-0700\\\/#breadcrumb\"},\"inLanguage\":\"en-US\",\"potentialAction\":[{\"@type\":\"ReadAction\",\"target\":[\"https:\\\/\\\/www.mexicanguitarplayers.com\\\/tienda\\\/sin categor\u00eda\\\/tarola-premier-p-marcha-14x12-mod-0700\\\/\"]}]},{\"@type\":\"ImageObject\",\"inLanguage\":\"en-US\",\"@id\":\"https:\\\/\\\/www.mexicanguitarplayers.com\\\/tienda\\\/sin categor\u00eda\\\/tarola-premier-p-marcha-14x12-mod-0700\\\/#primaryimage\",\"url\":\"https:\\\/\\\/www.mexicanguitarplayers.com\\\/wp-content\\\/uploads\\\/2025\\\/04\\\/IPPMR0700.jpg\",\"contentUrl\":\"https:\\\/\\\/www.mexicanguitarplayers.com\\\/wp-content\\\/uploads\\\/2025\\\/04\\\/IPPMR0700.jpg\",\"width\":300,\"height\":300},{\"@type\":\"BreadcrumbList\",\"@id\":\"https:\\\/\\\/www.mexicanguitarplayers.com\\\/tienda\\\/sin categor\u00eda\\\/tarola-premier-p-marcha-14x12-mod-0700\\\/#breadcrumb\",\"itemListElement\":[{\"@type\":\"ListItem\",\"position\":1,\"name\":\"Portada\",\"item\":\"https:\\\/\\\/www.mexicanguitarplayers.com\\\/\"},{\"@type\":\"ListItem\",\"position\":2,\"name\":\"Tienda\",\"item\":\"https:\\\/\\\/www.mexicanguitarplayers.com\\\/tienda\\\/\"},{\"@type\":\"ListItem\",\"position\":3,\"name\":\"TAROLA PREMIER P\\\/MARCHA 14X12 MOD. 0700\"}]},{\"@type\":\"WebSite\",\"@id\":\"https:\\\/\\\/www.mexicanguitarplayers.com\\\/#website\",\"url\":\"https:\\\/\\\/www.mexicanguitarplayers.com\\\/\",\"name\":\"Mexican Guitar Players\",\"description\":\"Website\",\"publisher\":{\"@id\":\"https:\\\/\\\/www.mexicanguitarplayers.com\\\/#organization\"},\"potentialAction\":[{\"@type\":\"SearchAction\",\"target\":{\"@type\":\"EntryPoint\",\"urlTemplate\":\"https:\\\/\\\/www.mexicanguitarplayers.com\\\/?s={search_term_string}\"},\"query-input\":{\"@type\":\"PropertyValueSpecification\",\"valueRequired\":true,\"valueName\":\"search_term_string\"}}],\"inLanguage\":\"en-US\"},{\"@type\":\"Organization\",\"@id\":\"https:\\\/\\\/www.mexicanguitarplayers.com\\\/#organization\",\"name\":\"Mexican Guitar Players\",\"url\":\"https:\\\/\\\/www.mexicanguitarplayers.com\\\/\",\"logo\":{\"@type\":\"ImageObject\",\"inLanguage\":\"en-US\",\"@id\":\"https:\\\/\\\/www.mexicanguitarplayers.com\\\/#\\\/schema\\\/logo\\\/image\\\/\",\"url\":\"\",\"contentUrl\":\"\",\"caption\":\"Mexican Guitar Players\"},\"image\":{\"@id\":\"https:\\\/\\\/www.mexicanguitarplayers.com\\\/#\\\/schema\\\/logo\\\/image\\\/\"}}]}<\/script>\n<!-- \/ Yoast SEO plugin. -->","yoast_head_json":{"title":"TAROLA PREMIER P\/MARCHA 14X12 MOD. 0700 - Mexican Guitar Players","description":"Tambora Premier. Modelo: 0700. Concha de 6 capas de 6 mm de madera de abedul. Suspensi\u00f3n y aros de acero fundido. Entorchado interno y externo de 24 hilos cadauno. 14\u201d pulgadas de di\u00e1metro y 12\u201d pulgadas de profundidad.","robots":{"index":"index","follow":"follow","max-snippet":"max-snippet:-1","max-image-preview":"max-image-preview:large","max-video-preview":"max-video-preview:-1"},"canonical":"https:\/\/www.mexicanguitarplayers.com\/en\/tienda\/sin categor\u00eda\/tarola-premier-p-marcha-14x12-mod-0700\/","og_locale":"en_US","og_type":"article","og_title":"TAROLA PREMIER P\/MARCHA 14X12 MOD. 0700 - Mexican Guitar Players","og_description":"Tambora Premier. Modelo: 0700. Concha de 6 capas de 6 mm de madera de abedul. Suspensi\u00f3n y aros de acero fundido. Entorchado interno y externo de 24 hilos cadauno. 14\u201d pulgadas de di\u00e1metro y 12\u201d pulgadas de profundidad.","og_url":"https:\/\/www.mexicanguitarplayers.com\/en\/tienda\/sin categor\u00eda\/tarola-premier-p-marcha-14x12-mod-0700\/","og_site_name":"Mexican Guitar Players","article_modified_time":"2026-04-10T10:24:46+00:00","twitter_card":"summary_large_image","twitter_misc":{"Est. reading time":"1 minute"},"schema":{"@context":"https:\/\/schema.org","@graph":[{"@type":["WebPage","ItemPage"],"@id":"https:\/\/www.mexicanguitarplayers.com\/tienda\/sin categor\u00eda\/tarola-premier-p-marcha-14x12-mod-0700\/","url":"https:\/\/www.mexicanguitarplayers.com\/tienda\/sin categor\u00eda\/tarola-premier-p-marcha-14x12-mod-0700\/","name":"TAROLA PREMIER P\/MARCHA 14X12 MOD. 0700 - Mexican Guitar Players","isPartOf":{"@id":"https:\/\/www.mexicanguitarplayers.com\/#website"},"primaryImageOfPage":{"@id":"https:\/\/www.mexicanguitarplayers.com\/tienda\/sin categor\u00eda\/tarola-premier-p-marcha-14x12-mod-0700\/#primaryimage"},"image":{"@id":"https:\/\/www.mexicanguitarplayers.com\/tienda\/sin categor\u00eda\/tarola-premier-p-marcha-14x12-mod-0700\/#primaryimage"},"thumbnailUrl":"https:\/\/www.mexicanguitarplayers.com\/wp-content\/uploads\/2025\/04\/IPPMR0700.jpg","datePublished":"2025-04-09T11:39:49+00:00","dateModified":"2026-04-10T10:24:46+00:00","description":"Tambora Premier. Modelo: 0700. Concha de 6 capas de 6 mm de madera de abedul. Suspensi\u00f3n y aros de acero fundido. Entorchado interno y externo de 24 hilos cadauno. 14\u201d pulgadas de di\u00e1metro y 12\u201d pulgadas de profundidad.","breadcrumb":{"@id":"https:\/\/www.mexicanguitarplayers.com\/tienda\/sin categor\u00eda\/tarola-premier-p-marcha-14x12-mod-0700\/#breadcrumb"},"inLanguage":"en-US","potentialAction":[{"@type":"ReadAction","target":["https:\/\/www.mexicanguitarplayers.com\/tienda\/sin categor\u00eda\/tarola-premier-p-marcha-14x12-mod-0700\/"]}]},{"@type":"ImageObject","inLanguage":"en-US","@id":"https:\/\/www.mexicanguitarplayers.com\/tienda\/sin categor\u00eda\/tarola-premier-p-marcha-14x12-mod-0700\/#primaryimage","url":"https:\/\/www.mexicanguitarplayers.com\/wp-content\/uploads\/2025\/04\/IPPMR0700.jpg","contentUrl":"https:\/\/www.mexicanguitarplayers.com\/wp-content\/uploads\/2025\/04\/IPPMR0700.jpg","width":300,"height":300},{"@type":"BreadcrumbList","@id":"https:\/\/www.mexicanguitarplayers.com\/tienda\/sin categor\u00eda\/tarola-premier-p-marcha-14x12-mod-0700\/#breadcrumb","itemListElement":[{"@type":"ListItem","position":1,"name":"Portada","item":"https:\/\/www.mexicanguitarplayers.com\/"},{"@type":"ListItem","position":2,"name":"Tienda","item":"https:\/\/www.mexicanguitarplayers.com\/tienda\/"},{"@type":"ListItem","position":3,"name":"TAROLA PREMIER P\/MARCHA 14X12 MOD. 0700"}]},{"@type":"WebSite","@id":"https:\/\/www.mexicanguitarplayers.com\/#website","url":"https:\/\/www.mexicanguitarplayers.com\/","name":"Mexican Guitar Players","description":"Website","publisher":{"@id":"https:\/\/www.mexicanguitarplayers.com\/#organization"},"potentialAction":[{"@type":"SearchAction","target":{"@type":"EntryPoint","urlTemplate":"https:\/\/www.mexicanguitarplayers.com\/?s={search_term_string}"},"query-input":{"@type":"PropertyValueSpecification","valueRequired":true,"valueName":"search_term_string"}}],"inLanguage":"en-US"},{"@type":"Organization","@id":"https:\/\/www.mexicanguitarplayers.com\/#organization","name":"Mexican Guitar Players","url":"https:\/\/www.mexicanguitarplayers.com\/","logo":{"@type":"ImageObject","inLanguage":"en-US","@id":"https:\/\/www.mexicanguitarplayers.com\/#\/schema\/logo\/image\/","url":"","contentUrl":"","caption":"Mexican Guitar Players"},"image":{"@id":"https:\/\/www.mexicanguitarplayers.com\/#\/schema\/logo\/image\/"}}]}},"brands":[{"id":212,"name":"PREMIERE","slug":"premier"}],"_links":{"self":[{"href":"https:\/\/www.mexicanguitarplayers.com\/en\/wp-json\/wp\/v2\/product\/37313","targetHints":{"allow":["GET"]}}],"collection":[{"href":"https:\/\/www.mexicanguitarplayers.com\/en\/wp-json\/wp\/v2\/product"}],"about":[{"href":"https:\/\/www.mexicanguitarplayers.com\/en\/wp-json\/wp\/v2\/types\/product"}],"replies":[{"embeddable":true,"href":"https:\/\/www.mexicanguitarplayers.com\/en\/wp-json\/wp\/v2\/comments?post=37313"}],"wp:featuredmedia":[{"embeddable":true,"href":"https:\/\/www.mexicanguitarplayers.com\/en\/wp-json\/wp\/v2\/media\/37312"}],"wp:attachment":[{"href":"https:\/\/www.mexicanguitarplayers.com\/en\/wp-json\/wp\/v2\/media?parent=37313"}],"wp:term":[{"taxonomy":"pwb-brand","embeddable":true,"href":"https:\/\/www.mexicanguitarplayers.com\/en\/wp-json\/wp\/v2\/pwb-brand?post=37313"},{"taxonomy":"product_brand","embeddable":true,"href":"https:\/\/www.mexicanguitarplayers.com\/en\/wp-json\/wp\/v2\/product_brand?post=37313"},{"taxonomy":"product_cat","embeddable":true,"href":"https:\/\/www.mexicanguitarplayers.com\/en\/wp-json\/wp\/v2\/product_cat?post=37313"},{"taxonomy":"product_tag","embeddable":true,"href":"https:\/\/www.mexicanguitarplayers.com\/en\/wp-json\/wp\/v2\/product_tag?post=37313"}],"curies":[{"name":"wp","href":"https:\/\/api.w.org\/{rel}","templated":true}]}}