{"id":37334,"date":"2025-04-09T05:40:33","date_gmt":"2025-04-09T11:40:33","guid":{"rendered":"https:\/\/www.mexicanguitarplayers.com\/tienda\/sin categor\u00eda\/tahali-dimarzio-steve-vai-mod-dd3142\/"},"modified":"2026-04-10T04:24:45","modified_gmt":"2026-04-10T10:24:45","slug":"tahali-dimarzio-steve-vai-mod-dd3142","status":"publish","type":"product","link":"https:\/\/www.mexicanguitarplayers.com\/en\/tienda\/accesorios\/para-guitarras\/straps\/tahali-dimarzio-steve-vai-mod-dd3142\/","title":{"rendered":"TAHALI DIMARZIO STEVE VAI MOD. DD3142"},"content":{"rendered":"<div style=\"text-align: justify\">\n<div>\n<h3>ClipLock Blue Universe.<\/h3>\n<\/div>\n<div>Steve Vai ha utilizado los tahal\u00edes de guitarra ClipLock Quick Release durante m\u00e1s de 20 a\u00f1os. Naturalmente, estuvimos encantados y honrados cuando Steve acord\u00f3 colaborar con nosotros para producir los exclusivos tahal\u00edes de guitarra de Stave Vai ClipLock\u00ae. Nos complace ofrecer una versi\u00f3n est\u00e1ndar de los tahal\u00edes Universe de Steve. Steve puso una de sus pinturas originales a disposici\u00f3n de DiMarzio\u00ae y lo duplicamos para crear el tahal\u00ed Steve Vai Art. Steve dijo: &#8220;S\u00f3lo ten\u00eda dos reglas cuando pintaba: no pensar y no criticar el trabajo. Encontr\u00e9 que esto es tremendamente liberador. Es como entender la escritura autom\u00e1tica y no existe un error&#8221;. Este tahal\u00ed est\u00e1 hecho de microfibra impresa de alta calidad y los extremos son de cuero cosido y se ajusta a una guitarra el\u00e9ctrica. Se incluye un cord\u00f3n de cuero para poder usar el tahal\u00ed en una guitarra ac\u00fastica.<\/div>\n<div>\n<h4>Quick look<\/h4>\n<\/div>\n<ul style=\"margin: 0px 0px 0px 25px\">\n<li style=\"list-style-type: circle;margin: 5px\">Design.<\/li>\n<li style=\"list-style-type: circle;margin: 5px\">Material.<\/li>\n<li style=\"list-style-type: circle;margin: 5px\">System.<\/li>\n<li style=\"list-style-type: circle;margin: 5px\">Ancho.<\/li>\n<li style=\"list-style-type: circle;margin: 5px\">Longitud.<\/li>\n<li style=\"list-style-type: circle;margin: 5px\">Extremos.<\/li>\n<li style=\"list-style-type: circle;margin: 5px\">Accesorios.<\/li>\n<\/ul>\n<div>\n<div style=\"font-weight: bold\">Design.<\/div>\n<div>\n<p>Steve Vai Art Blanco.<\/p>\n<\/div>\n<div style=\"font-weight: bold\">Material.<\/div>\n<div>\n<p>Microfibra de alta calidad.<\/p>\n<\/div>\n<div style=\"font-weight: bold\">System.<\/div>\n<div>\n<p>ClipLock Quick Release.<\/p>\n<\/div>\n<div style=\"font-weight: bold\">Ancho.<\/div>\n<div>\n<p>2\u201d pulgadas (5 cm).<\/p>\n<\/div>\n<div style=\"font-weight: bold\">Longitud.<\/div>\n<div>\n<p>Se ajusta de 32\u201d a 56.6\u201d pulgadas (81 a 144 cm).<\/p>\n<\/div>\n<div style=\"font-weight: bold\">Extremos.<\/div>\n<div>\n<p>Extremos de cuero cosido.<\/p>\n<\/div>\n<div style=\"font-weight: bold\">Accesorios.<\/div>\n<div>\n<p>Incluye cord\u00f3n de cuero para poder usar el tahal\u00ed en una guitarra ac\u00fastica.<\/p>\n<\/div>\n<\/div>\n<\/div>","protected":false},"excerpt":{"rendered":"<p>Tahal\u00ed Steve Vai Signature, dise\u00f1o Steve Vai Art Blanco, fabricado con microfibra de alta calidad, sistema ClipLock Quick Release, se ajusta de 32\u201d a 56.6\u201d pulgadas (81 a 144 cm), ancho: 2\u201d pulgadas (5 cm), extremos de cuero cosido, incluye cord\u00f3n de cuero para poder usar el tahal\u00ed en una guitarra ac\u00fastica.&hellip; <a class=\"kt-excerpt-readmore more-link\" href=\"https:\/\/www.mexicanguitarplayers.com\/en\/tienda\/accesorios\/para-guitarras\/straps\/tahali-dimarzio-steve-vai-mod-dd3142\/\">Read more<\/a><\/p>","protected":false},"featured_media":37333,"comment_status":"open","ping_status":"closed","template":"","meta":{"kt_blocks_editor_width":""},"pwb-brand":[355],"product_brand":[],"product_cat":[85,336,352],"product_tag":[],"class_list":{"0":"post-37334","1":"product","2":"type-product","3":"status-publish","4":"has-post-thumbnail","6":"pwb-brand-dimarzio","7":"product_cat-accesorios","8":"product_cat-para-guitarras","9":"product_cat-straps","10":"product_shipping_class-0-5-kg","12":"first","13":"outofstock","14":"taxable","15":"shipping-taxable","16":"purchasable","17":"product-type-simple"},"yoast_head":"<!-- This site is optimized with the Yoast SEO plugin v27.5 - https:\/\/yoast.com\/product\/yoast-seo-wordpress\/ -->\n<title>TAHALI DIMARZIO STEVE VAI MOD. DD3142 - Mexican Guitar Players<\/title>\n<meta name=\"description\" content=\"Tahal\u00ed Steve Vai Signature, dise\u00f1o Steve Vai Art Blanco, fabricado con microfibra de alta calidad, sistema ClipLock Quick Release, se ajusta de 32\u201d a 56.6\u201d pulgadas (81 a 144 cm), ancho: 2\u201d pulgadas (5 cm), extremos de cuero cosido, incluye cord\u00f3n de cuero para poder usar el tahal\u00ed en una guitarra ac\u00fastica.\" \/>\n<meta name=\"robots\" content=\"index, follow, max-snippet:-1, max-image-preview:large, max-video-preview:-1\" \/>\n<link rel=\"canonical\" href=\"https:\/\/www.mexicanguitarplayers.com\/en\/tienda\/sin%20categor\u00eda\/tahali-dimarzio-steve-vai-mod-dd3142\/\" \/>\n<meta property=\"og:locale\" content=\"en_US\" \/>\n<meta property=\"og:type\" content=\"article\" \/>\n<meta property=\"og:title\" content=\"TAHALI DIMARZIO STEVE VAI MOD. DD3142 - Mexican Guitar Players\" \/>\n<meta property=\"og:description\" content=\"Tahal\u00ed Steve Vai Signature, dise\u00f1o Steve Vai Art Blanco, fabricado con microfibra de alta calidad, sistema ClipLock Quick Release, se ajusta de 32\u201d a 56.6\u201d pulgadas (81 a 144 cm), ancho: 2\u201d pulgadas (5 cm), extremos de cuero cosido, incluye cord\u00f3n de cuero para poder usar el tahal\u00ed en una guitarra ac\u00fastica.\" \/>\n<meta property=\"og:url\" content=\"https:\/\/www.mexicanguitarplayers.com\/en\/tienda\/sin categor\u00eda\/tahali-dimarzio-steve-vai-mod-dd3142\/\" \/>\n<meta property=\"og:site_name\" content=\"Mexican Guitar Players\" \/>\n<meta property=\"article:modified_time\" content=\"2026-04-10T10:24:45+00:00\" \/>\n<meta name=\"twitter:card\" content=\"summary_large_image\" \/>\n<meta name=\"twitter:label1\" content=\"Est. reading time\" \/>\n\t<meta name=\"twitter:data1\" content=\"1 minute\" \/>\n<script type=\"application\/ld+json\" class=\"yoast-schema-graph\">{\"@context\":\"https:\\\/\\\/schema.org\",\"@graph\":[{\"@type\":[\"WebPage\",\"ItemPage\"],\"@id\":\"https:\\\/\\\/www.mexicanguitarplayers.com\\\/tienda\\\/sin categor\u00eda\\\/tahali-dimarzio-steve-vai-mod-dd3142\\\/\",\"url\":\"https:\\\/\\\/www.mexicanguitarplayers.com\\\/tienda\\\/sin categor\u00eda\\\/tahali-dimarzio-steve-vai-mod-dd3142\\\/\",\"name\":\"TAHALI DIMARZIO STEVE VAI MOD. DD3142 - Mexican Guitar Players\",\"isPartOf\":{\"@id\":\"https:\\\/\\\/www.mexicanguitarplayers.com\\\/#website\"},\"primaryImageOfPage\":{\"@id\":\"https:\\\/\\\/www.mexicanguitarplayers.com\\\/tienda\\\/sin categor\u00eda\\\/tahali-dimarzio-steve-vai-mod-dd3142\\\/#primaryimage\"},\"image\":{\"@id\":\"https:\\\/\\\/www.mexicanguitarplayers.com\\\/tienda\\\/sin categor\u00eda\\\/tahali-dimarzio-steve-vai-mod-dd3142\\\/#primaryimage\"},\"thumbnailUrl\":\"https:\\\/\\\/www.mexicanguitarplayers.com\\\/wp-content\\\/uploads\\\/2025\\\/04\\\/RADIMDD3142.jpg\",\"datePublished\":\"2025-04-09T11:40:33+00:00\",\"dateModified\":\"2026-04-10T10:24:45+00:00\",\"description\":\"Tahal\u00ed Steve Vai Signature, dise\u00f1o Steve Vai Art Blanco, fabricado con microfibra de alta calidad, sistema ClipLock Quick Release, se ajusta de 32\u201d a 56.6\u201d pulgadas (81 a 144 cm), ancho: 2\u201d pulgadas (5 cm), extremos de cuero cosido, incluye cord\u00f3n de cuero para poder usar el tahal\u00ed en una guitarra ac\u00fastica.\",\"breadcrumb\":{\"@id\":\"https:\\\/\\\/www.mexicanguitarplayers.com\\\/tienda\\\/sin categor\u00eda\\\/tahali-dimarzio-steve-vai-mod-dd3142\\\/#breadcrumb\"},\"inLanguage\":\"en-US\",\"potentialAction\":[{\"@type\":\"ReadAction\",\"target\":[\"https:\\\/\\\/www.mexicanguitarplayers.com\\\/tienda\\\/sin categor\u00eda\\\/tahali-dimarzio-steve-vai-mod-dd3142\\\/\"]}]},{\"@type\":\"ImageObject\",\"inLanguage\":\"en-US\",\"@id\":\"https:\\\/\\\/www.mexicanguitarplayers.com\\\/tienda\\\/sin categor\u00eda\\\/tahali-dimarzio-steve-vai-mod-dd3142\\\/#primaryimage\",\"url\":\"https:\\\/\\\/www.mexicanguitarplayers.com\\\/wp-content\\\/uploads\\\/2025\\\/04\\\/RADIMDD3142.jpg\",\"contentUrl\":\"https:\\\/\\\/www.mexicanguitarplayers.com\\\/wp-content\\\/uploads\\\/2025\\\/04\\\/RADIMDD3142.jpg\",\"width\":1200,\"height\":1200},{\"@type\":\"BreadcrumbList\",\"@id\":\"https:\\\/\\\/www.mexicanguitarplayers.com\\\/tienda\\\/sin categor\u00eda\\\/tahali-dimarzio-steve-vai-mod-dd3142\\\/#breadcrumb\",\"itemListElement\":[{\"@type\":\"ListItem\",\"position\":1,\"name\":\"Portada\",\"item\":\"https:\\\/\\\/www.mexicanguitarplayers.com\\\/\"},{\"@type\":\"ListItem\",\"position\":2,\"name\":\"Tienda\",\"item\":\"https:\\\/\\\/www.mexicanguitarplayers.com\\\/tienda\\\/\"},{\"@type\":\"ListItem\",\"position\":3,\"name\":\"TAHALI DIMARZIO STEVE VAI MOD. DD3142\"}]},{\"@type\":\"WebSite\",\"@id\":\"https:\\\/\\\/www.mexicanguitarplayers.com\\\/#website\",\"url\":\"https:\\\/\\\/www.mexicanguitarplayers.com\\\/\",\"name\":\"Mexican Guitar Players\",\"description\":\"Website\",\"publisher\":{\"@id\":\"https:\\\/\\\/www.mexicanguitarplayers.com\\\/#organization\"},\"potentialAction\":[{\"@type\":\"SearchAction\",\"target\":{\"@type\":\"EntryPoint\",\"urlTemplate\":\"https:\\\/\\\/www.mexicanguitarplayers.com\\\/?s={search_term_string}\"},\"query-input\":{\"@type\":\"PropertyValueSpecification\",\"valueRequired\":true,\"valueName\":\"search_term_string\"}}],\"inLanguage\":\"en-US\"},{\"@type\":\"Organization\",\"@id\":\"https:\\\/\\\/www.mexicanguitarplayers.com\\\/#organization\",\"name\":\"Mexican Guitar Players\",\"url\":\"https:\\\/\\\/www.mexicanguitarplayers.com\\\/\",\"logo\":{\"@type\":\"ImageObject\",\"inLanguage\":\"en-US\",\"@id\":\"https:\\\/\\\/www.mexicanguitarplayers.com\\\/#\\\/schema\\\/logo\\\/image\\\/\",\"url\":\"\",\"contentUrl\":\"\",\"caption\":\"Mexican Guitar Players\"},\"image\":{\"@id\":\"https:\\\/\\\/www.mexicanguitarplayers.com\\\/#\\\/schema\\\/logo\\\/image\\\/\"}}]}<\/script>\n<!-- \/ Yoast SEO plugin. -->","yoast_head_json":{"title":"TAHALI DIMARZIO STEVE VAI MOD. DD3142 - Mexican Guitar Players","description":"Tahal\u00ed Steve Vai Signature, dise\u00f1o Steve Vai Art Blanco, fabricado con microfibra de alta calidad, sistema ClipLock Quick Release, se ajusta de 32\u201d a 56.6\u201d pulgadas (81 a 144 cm), ancho: 2\u201d pulgadas (5 cm), extremos de cuero cosido, incluye cord\u00f3n de cuero para poder usar el tahal\u00ed en una guitarra ac\u00fastica.","robots":{"index":"index","follow":"follow","max-snippet":"max-snippet:-1","max-image-preview":"max-image-preview:large","max-video-preview":"max-video-preview:-1"},"canonical":"https:\/\/www.mexicanguitarplayers.com\/en\/tienda\/sin categor\u00eda\/tahali-dimarzio-steve-vai-mod-dd3142\/","og_locale":"en_US","og_type":"article","og_title":"TAHALI DIMARZIO STEVE VAI MOD. DD3142 - Mexican Guitar Players","og_description":"Tahal\u00ed Steve Vai Signature, dise\u00f1o Steve Vai Art Blanco, fabricado con microfibra de alta calidad, sistema ClipLock Quick Release, se ajusta de 32\u201d a 56.6\u201d pulgadas (81 a 144 cm), ancho: 2\u201d pulgadas (5 cm), extremos de cuero cosido, incluye cord\u00f3n de cuero para poder usar el tahal\u00ed en una guitarra ac\u00fastica.","og_url":"https:\/\/www.mexicanguitarplayers.com\/en\/tienda\/sin categor\u00eda\/tahali-dimarzio-steve-vai-mod-dd3142\/","og_site_name":"Mexican Guitar Players","article_modified_time":"2026-04-10T10:24:45+00:00","twitter_card":"summary_large_image","twitter_misc":{"Est. reading time":"1 minute"},"schema":{"@context":"https:\/\/schema.org","@graph":[{"@type":["WebPage","ItemPage"],"@id":"https:\/\/www.mexicanguitarplayers.com\/tienda\/sin categor\u00eda\/tahali-dimarzio-steve-vai-mod-dd3142\/","url":"https:\/\/www.mexicanguitarplayers.com\/tienda\/sin categor\u00eda\/tahali-dimarzio-steve-vai-mod-dd3142\/","name":"TAHALI DIMARZIO STEVE VAI MOD. DD3142 - Mexican Guitar Players","isPartOf":{"@id":"https:\/\/www.mexicanguitarplayers.com\/#website"},"primaryImageOfPage":{"@id":"https:\/\/www.mexicanguitarplayers.com\/tienda\/sin categor\u00eda\/tahali-dimarzio-steve-vai-mod-dd3142\/#primaryimage"},"image":{"@id":"https:\/\/www.mexicanguitarplayers.com\/tienda\/sin categor\u00eda\/tahali-dimarzio-steve-vai-mod-dd3142\/#primaryimage"},"thumbnailUrl":"https:\/\/www.mexicanguitarplayers.com\/wp-content\/uploads\/2025\/04\/RADIMDD3142.jpg","datePublished":"2025-04-09T11:40:33+00:00","dateModified":"2026-04-10T10:24:45+00:00","description":"Tahal\u00ed Steve Vai Signature, dise\u00f1o Steve Vai Art Blanco, fabricado con microfibra de alta calidad, sistema ClipLock Quick Release, se ajusta de 32\u201d a 56.6\u201d pulgadas (81 a 144 cm), ancho: 2\u201d pulgadas (5 cm), extremos de cuero cosido, incluye cord\u00f3n de cuero para poder usar el tahal\u00ed en una guitarra ac\u00fastica.","breadcrumb":{"@id":"https:\/\/www.mexicanguitarplayers.com\/tienda\/sin categor\u00eda\/tahali-dimarzio-steve-vai-mod-dd3142\/#breadcrumb"},"inLanguage":"en-US","potentialAction":[{"@type":"ReadAction","target":["https:\/\/www.mexicanguitarplayers.com\/tienda\/sin categor\u00eda\/tahali-dimarzio-steve-vai-mod-dd3142\/"]}]},{"@type":"ImageObject","inLanguage":"en-US","@id":"https:\/\/www.mexicanguitarplayers.com\/tienda\/sin categor\u00eda\/tahali-dimarzio-steve-vai-mod-dd3142\/#primaryimage","url":"https:\/\/www.mexicanguitarplayers.com\/wp-content\/uploads\/2025\/04\/RADIMDD3142.jpg","contentUrl":"https:\/\/www.mexicanguitarplayers.com\/wp-content\/uploads\/2025\/04\/RADIMDD3142.jpg","width":1200,"height":1200},{"@type":"BreadcrumbList","@id":"https:\/\/www.mexicanguitarplayers.com\/tienda\/sin categor\u00eda\/tahali-dimarzio-steve-vai-mod-dd3142\/#breadcrumb","itemListElement":[{"@type":"ListItem","position":1,"name":"Portada","item":"https:\/\/www.mexicanguitarplayers.com\/"},{"@type":"ListItem","position":2,"name":"Tienda","item":"https:\/\/www.mexicanguitarplayers.com\/tienda\/"},{"@type":"ListItem","position":3,"name":"TAHALI DIMARZIO STEVE VAI MOD. DD3142"}]},{"@type":"WebSite","@id":"https:\/\/www.mexicanguitarplayers.com\/#website","url":"https:\/\/www.mexicanguitarplayers.com\/","name":"Mexican Guitar Players","description":"Website","publisher":{"@id":"https:\/\/www.mexicanguitarplayers.com\/#organization"},"potentialAction":[{"@type":"SearchAction","target":{"@type":"EntryPoint","urlTemplate":"https:\/\/www.mexicanguitarplayers.com\/?s={search_term_string}"},"query-input":{"@type":"PropertyValueSpecification","valueRequired":true,"valueName":"search_term_string"}}],"inLanguage":"en-US"},{"@type":"Organization","@id":"https:\/\/www.mexicanguitarplayers.com\/#organization","name":"Mexican Guitar Players","url":"https:\/\/www.mexicanguitarplayers.com\/","logo":{"@type":"ImageObject","inLanguage":"en-US","@id":"https:\/\/www.mexicanguitarplayers.com\/#\/schema\/logo\/image\/","url":"","contentUrl":"","caption":"Mexican Guitar Players"},"image":{"@id":"https:\/\/www.mexicanguitarplayers.com\/#\/schema\/logo\/image\/"}}]}},"brands":[{"id":355,"name":"DIMARZIO","slug":"dimarzio"}],"_links":{"self":[{"href":"https:\/\/www.mexicanguitarplayers.com\/en\/wp-json\/wp\/v2\/product\/37334","targetHints":{"allow":["GET"]}}],"collection":[{"href":"https:\/\/www.mexicanguitarplayers.com\/en\/wp-json\/wp\/v2\/product"}],"about":[{"href":"https:\/\/www.mexicanguitarplayers.com\/en\/wp-json\/wp\/v2\/types\/product"}],"replies":[{"embeddable":true,"href":"https:\/\/www.mexicanguitarplayers.com\/en\/wp-json\/wp\/v2\/comments?post=37334"}],"wp:featuredmedia":[{"embeddable":true,"href":"https:\/\/www.mexicanguitarplayers.com\/en\/wp-json\/wp\/v2\/media\/37333"}],"wp:attachment":[{"href":"https:\/\/www.mexicanguitarplayers.com\/en\/wp-json\/wp\/v2\/media?parent=37334"}],"wp:term":[{"taxonomy":"pwb-brand","embeddable":true,"href":"https:\/\/www.mexicanguitarplayers.com\/en\/wp-json\/wp\/v2\/pwb-brand?post=37334"},{"taxonomy":"product_brand","embeddable":true,"href":"https:\/\/www.mexicanguitarplayers.com\/en\/wp-json\/wp\/v2\/product_brand?post=37334"},{"taxonomy":"product_cat","embeddable":true,"href":"https:\/\/www.mexicanguitarplayers.com\/en\/wp-json\/wp\/v2\/product_cat?post=37334"},{"taxonomy":"product_tag","embeddable":true,"href":"https:\/\/www.mexicanguitarplayers.com\/en\/wp-json\/wp\/v2\/product_tag?post=37334"}],"curies":[{"name":"wp","href":"https:\/\/api.w.org\/{rel}","templated":true}]}}