{"id":37343,"date":"2025-04-09T05:40:44","date_gmt":"2025-04-09T11:40:44","guid":{"rendered":"https:\/\/www.mexicanguitarplayers.com\/tienda\/sin categor\u00eda\/ukelele-flight-e-acust-duc-380-ceq-jade\/"},"modified":"2026-04-10T04:24:44","modified_gmt":"2026-04-10T10:24:44","slug":"ukelele-flight-e-acust-duc-380-ceq-jade","status":"publish","type":"product","link":"https:\/\/www.mexicanguitarplayers.com\/en\/tienda\/cuerdas\/folkloricos-y-regionales\/ukelele-flight-e-acust-duc-380-ceq-jade\/","title":{"rendered":"UKELELE FLIGHT E\/ACUST. DUC 380 CEQ JADE"},"content":{"rendered":"<div style=\"text-align: justify\">\n<div>\n<h3>El verde es el color de los pulmones de nuestro planeta. <\/h3>\n<\/div>\n<div>Respira vida musical en tu atm\u00f3sfera inmediata. El verde es el color de la envidia cuando otros miran este delicioso instrumento. Tan \u00edntimo como un bosque tranquilo o tan abierto como la Sabana, este uke es un instrumento que no querr\u00e1s lejos de tu lado. El tama\u00f1o concierto trae lo mejor de ambos mundos en un s\u00f3lo instrumento. Con una pastilla incorporada y resaque, este ser\u00e1 el caballo de batalla que resistir\u00e1 todas las tormentas y te mantendr\u00e1 flotando con la adulaci\u00f3n de tu audiencia.<\/div>\n<div>\n<h4>Quick look<\/h4>\n<\/div>\n<ul style=\"margin: 0px 0px 0px 25px\">\n<li style=\"list-style-type: circle;margin: 5px\">El rojo dorado se vuelve azul profundo.<\/li>\n<li style=\"list-style-type: circle;margin: 5px\">Vamos a tocar.<\/li>\n<li style=\"list-style-type: circle;margin: 5px\">Apunta y llega alto.<\/li>\n<li style=\"list-style-type: circle;margin: 5px\">Equipado con preamplificador Flight FU-T3.<\/li>\n<li style=\"list-style-type: circle;margin: 5px\">Abrocha tu cintur\u00f3n de seguridad.<\/li>\n<li style=\"list-style-type: circle;margin: 5px\">Tono de perfecta calidad.<\/li>\n<li style=\"list-style-type: circle;margin: 5px\">Todo comienza con el cabezal.<\/li>\n<li style=\"list-style-type: circle;margin: 5px\">Libro instruccional.<\/li>\n<\/ul>\n<div>\n<div style=\"font-weight: bold\">El rojo dorado se vuelve azul profundo.<\/div>\n<div>\n<p>La caoba es una madera dura que se ha utilizado para fabricar instrumentos musicales de calidad durante siglos. Es conocida por su tono s\u00f3lido y contundente, con baja frecuencia de sobretono y buena respuesta de gama alta. Es altamente resistente y con esa excelente resistencia es muy estable y tiene menos probabilidades de deformarse que muchos otros tipos de madera.<\/p>\n<\/div>\n<div style=\"font-weight: bold\">Vamos a tocar.<\/div>\n<div>\n<p>El brazo est\u00e1 hecho de okoume africano y el diapas\u00f3n de nogal. Es una gran combinaci\u00f3n que garantiza una afinaci\u00f3n estable en todo el diapas\u00f3n. Es suave para tus manos y tambi\u00e9n se ve muy bien.<\/p>\n<\/div>\n<div style=\"font-weight: bold\">Apunta y llega alto.<\/div>\n<div>\n<p>En Flight queremos que alcances tu m\u00e1ximo potencial como m\u00fasico. No siempre necesitar\u00e1s el resaque pero est\u00e1 ah\u00ed para cuando tu exploraci\u00f3n te lleve m\u00e1s all\u00e1 de lo que cre\u00edas posible.<\/p>\n<\/div>\n<div style=\"font-weight: bold\">Equipado con preamplificador Flight FU-T3.<\/div>\n<div>\n<p>El preamplificador\/EQ es un dispositivo que te permite conectar un ukelele a un amplificador. El preamplificador cuenta con un afinador, lo que te ahorra el dolor de cabeza de recordar d\u00f3nde dejaste el afinador la noche anterior. Sin embargo, lo m\u00e1s importante de este peque\u00f1o dispositivo es que te dar\u00e1 la libertad de conectarte donde y cuando quieras.<\/p>\n<\/div>\n<div style=\"font-weight: bold\">Abrocha tu cintur\u00f3n de seguridad.<\/div>\n<div>\n<p>Por supuesto, es bueno aprender a tocar el ukelele sin usar un tahal\u00ed, pero \u00bfPor qu\u00e9 no usar un tahal\u00ed si puedes usarlo en ambos sentidos? Un tahal\u00ed facilita sostener el ukelele para que puedas seguir tocando durante horas. Tambi\u00e9n te permite estar &#8220;manos libres&#8221; entre canciones.<\/p>\n<\/div>\n<div style=\"font-weight: bold\">Tono de perfecta calidad.<\/div>\n<div>\n<p>Cejuela de hueso y puente de nogal. La cejuela puede ser un componente peque\u00f1o, pero determina el sonido. La cejuela y la montura de este ukelele est\u00e1n hechos de hueso (no de pl\u00e1stico). S\u00f3lo uno de los detalles que hacen que este ukelele sea realmente especial.<\/p>\n<\/div>\n<div style=\"font-weight: bold\">Todo comienza con el cabezal.<\/div>\n<div>\n<p>Se ve bien y se afina muy f\u00e1cil. El dise\u00f1o del cabezal es una parte integral de nuestra identidad. Todos los ukeleles Flight cuentan con un cabezal cuidadosamente dise\u00f1ado con afinadores que siempre te mantendr\u00e1n afinado.<\/p>\n<\/div>\n<div style=\"font-weight: bold\">Libro instruccional.<\/div>\n<div>\n<p>Aprende con estilo. Tambi\u00e9n hemos dise\u00f1ado una linda gu\u00eda de 8 p\u00e1ginas para ayudarte en el camino hacia la futura fama del ukelele. Est\u00e1 repleto de toda la informaci\u00f3n necesaria para un comienzo r\u00e1pido, incluyendo diagramas de acordes, patrones de rasgueo y progresiones de acordes para tus primeros ejercicios.<\/p>\n<\/div>\n<\/div>\n<\/div>","protected":false},"excerpt":{"rendered":"<p>Ukelele concierto electroac\u00fastico con resaque, tapa, aros y fondo de caoba, puente de nogal, 17 trastes, brazo de okoume africano, diapas\u00f3n de nogal, cejuela de hueso de 35 mm de ancho, montura de hueso, pastilla activa Flight FU-T3 con ecualizador y afinador incorporados, marcadores de posici\u00f3n en los trastes 5, 7, 10, 12 y 14, espalda arqueada, roseta grabada con l\u00e1ser, incluye funda.&hellip; <a class=\"kt-excerpt-readmore more-link\" href=\"https:\/\/www.mexicanguitarplayers.com\/en\/tienda\/cuerdas\/folkloricos-y-regionales\/ukelele-flight-e-acust-duc-380-ceq-jade\/\">Read more<\/a><\/p>","protected":false},"featured_media":37340,"comment_status":"open","ping_status":"closed","template":"","meta":{"kt_blocks_editor_width":""},"pwb-brand":[322],"product_brand":[],"product_cat":[224,320],"product_tag":[],"class_list":{"0":"post-37343","1":"product","2":"type-product","3":"status-publish","4":"has-post-thumbnail","6":"pwb-brand-flight","7":"product_cat-cuerdas","8":"product_cat-folkloricos-y-regionales","9":"product_shipping_class-0-5-kg","11":"first","12":"outofstock","13":"taxable","14":"shipping-taxable","15":"purchasable","16":"product-type-simple"},"yoast_head":"<!-- This site is optimized with the Yoast SEO plugin v27.6 - https:\/\/yoast.com\/product\/yoast-seo-wordpress\/ -->\n<title>UKELELE FLIGHT E\/ACUST. DUC 380 CEQ JADE - Mexican Guitar Players<\/title>\n<meta name=\"description\" content=\"Ukelele concierto electroac\u00fastico con resaque, tapa, aros y fondo de caoba, puente de nogal, 17 trastes, brazo de okoume africano, diapas\u00f3n de nogal, cejuela de hueso de 35 mm de ancho, montura de hueso, pastilla activa Flight FU-T3 con ecualizador y afinador incorporados, marcadores de posici\u00f3n en los trastes 5, 7, 10, 12 y 14, espalda arqueada, roseta grabada con l\u00e1ser, incluye funda.\" \/>\n<meta name=\"robots\" content=\"index, follow, max-snippet:-1, max-image-preview:large, max-video-preview:-1\" \/>\n<link rel=\"canonical\" href=\"https:\/\/www.mexicanguitarplayers.com\/en\/tienda\/sin%20categor\u00eda\/ukelele-flight-e-acust-duc-380-ceq-jade\/\" \/>\n<meta property=\"og:locale\" content=\"en_US\" \/>\n<meta property=\"og:type\" content=\"article\" \/>\n<meta property=\"og:title\" content=\"UKELELE FLIGHT E\/ACUST. DUC 380 CEQ JADE - Mexican Guitar Players\" \/>\n<meta property=\"og:description\" content=\"Ukelele concierto electroac\u00fastico con resaque, tapa, aros y fondo de caoba, puente de nogal, 17 trastes, brazo de okoume africano, diapas\u00f3n de nogal, cejuela de hueso de 35 mm de ancho, montura de hueso, pastilla activa Flight FU-T3 con ecualizador y afinador incorporados, marcadores de posici\u00f3n en los trastes 5, 7, 10, 12 y 14, espalda arqueada, roseta grabada con l\u00e1ser, incluye funda.\" \/>\n<meta property=\"og:url\" content=\"https:\/\/www.mexicanguitarplayers.com\/en\/tienda\/sin categor\u00eda\/ukelele-flight-e-acust-duc-380-ceq-jade\/\" \/>\n<meta property=\"og:site_name\" content=\"Mexican Guitar Players\" \/>\n<meta property=\"article:modified_time\" content=\"2026-04-10T10:24:44+00:00\" \/>\n<meta name=\"twitter:card\" content=\"summary_large_image\" \/>\n<meta name=\"twitter:label1\" content=\"Est. reading time\" \/>\n\t<meta name=\"twitter:data1\" content=\"3 minutes\" \/>\n<script type=\"application\/ld+json\" class=\"yoast-schema-graph\">{\"@context\":\"https:\\\/\\\/schema.org\",\"@graph\":[{\"@type\":[\"WebPage\",\"ItemPage\"],\"@id\":\"https:\\\/\\\/www.mexicanguitarplayers.com\\\/tienda\\\/sin categor\u00eda\\\/ukelele-flight-e-acust-duc-380-ceq-jade\\\/\",\"url\":\"https:\\\/\\\/www.mexicanguitarplayers.com\\\/tienda\\\/sin categor\u00eda\\\/ukelele-flight-e-acust-duc-380-ceq-jade\\\/\",\"name\":\"UKELELE FLIGHT E\\\/ACUST. DUC 380 CEQ JADE - Mexican Guitar Players\",\"isPartOf\":{\"@id\":\"https:\\\/\\\/www.mexicanguitarplayers.com\\\/#website\"},\"primaryImageOfPage\":{\"@id\":\"https:\\\/\\\/www.mexicanguitarplayers.com\\\/tienda\\\/sin categor\u00eda\\\/ukelele-flight-e-acust-duc-380-ceq-jade\\\/#primaryimage\"},\"image\":{\"@id\":\"https:\\\/\\\/www.mexicanguitarplayers.com\\\/tienda\\\/sin categor\u00eda\\\/ukelele-flight-e-acust-duc-380-ceq-jade\\\/#primaryimage\"},\"thumbnailUrl\":\"https:\\\/\\\/www.mexicanguitarplayers.com\\\/wp-content\\\/uploads\\\/2025\\\/04\\\/ISFLIDUC380EJA.jpg\",\"datePublished\":\"2025-04-09T11:40:44+00:00\",\"dateModified\":\"2026-04-10T10:24:44+00:00\",\"description\":\"Ukelele concierto electroac\u00fastico con resaque, tapa, aros y fondo de caoba, puente de nogal, 17 trastes, brazo de okoume africano, diapas\u00f3n de nogal, cejuela de hueso de 35 mm de ancho, montura de hueso, pastilla activa Flight FU-T3 con ecualizador y afinador incorporados, marcadores de posici\u00f3n en los trastes 5, 7, 10, 12 y 14, espalda arqueada, roseta grabada con l\u00e1ser, incluye funda.\",\"breadcrumb\":{\"@id\":\"https:\\\/\\\/www.mexicanguitarplayers.com\\\/tienda\\\/sin categor\u00eda\\\/ukelele-flight-e-acust-duc-380-ceq-jade\\\/#breadcrumb\"},\"inLanguage\":\"en-US\",\"potentialAction\":[{\"@type\":\"ReadAction\",\"target\":[\"https:\\\/\\\/www.mexicanguitarplayers.com\\\/tienda\\\/sin categor\u00eda\\\/ukelele-flight-e-acust-duc-380-ceq-jade\\\/\"]}]},{\"@type\":\"ImageObject\",\"inLanguage\":\"en-US\",\"@id\":\"https:\\\/\\\/www.mexicanguitarplayers.com\\\/tienda\\\/sin categor\u00eda\\\/ukelele-flight-e-acust-duc-380-ceq-jade\\\/#primaryimage\",\"url\":\"https:\\\/\\\/www.mexicanguitarplayers.com\\\/wp-content\\\/uploads\\\/2025\\\/04\\\/ISFLIDUC380EJA.jpg\",\"contentUrl\":\"https:\\\/\\\/www.mexicanguitarplayers.com\\\/wp-content\\\/uploads\\\/2025\\\/04\\\/ISFLIDUC380EJA.jpg\",\"width\":1200,\"height\":1200},{\"@type\":\"BreadcrumbList\",\"@id\":\"https:\\\/\\\/www.mexicanguitarplayers.com\\\/tienda\\\/sin categor\u00eda\\\/ukelele-flight-e-acust-duc-380-ceq-jade\\\/#breadcrumb\",\"itemListElement\":[{\"@type\":\"ListItem\",\"position\":1,\"name\":\"Portada\",\"item\":\"https:\\\/\\\/www.mexicanguitarplayers.com\\\/\"},{\"@type\":\"ListItem\",\"position\":2,\"name\":\"Tienda\",\"item\":\"https:\\\/\\\/www.mexicanguitarplayers.com\\\/tienda\\\/\"},{\"@type\":\"ListItem\",\"position\":3,\"name\":\"UKELELE FLIGHT E\\\/ACUST. DUC 380 CEQ JADE\"}]},{\"@type\":\"WebSite\",\"@id\":\"https:\\\/\\\/www.mexicanguitarplayers.com\\\/#website\",\"url\":\"https:\\\/\\\/www.mexicanguitarplayers.com\\\/\",\"name\":\"Mexican Guitar Players\",\"description\":\"Website\",\"publisher\":{\"@id\":\"https:\\\/\\\/www.mexicanguitarplayers.com\\\/#organization\"},\"potentialAction\":[{\"@type\":\"SearchAction\",\"target\":{\"@type\":\"EntryPoint\",\"urlTemplate\":\"https:\\\/\\\/www.mexicanguitarplayers.com\\\/?s={search_term_string}\"},\"query-input\":{\"@type\":\"PropertyValueSpecification\",\"valueRequired\":true,\"valueName\":\"search_term_string\"}}],\"inLanguage\":\"en-US\"},{\"@type\":\"Organization\",\"@id\":\"https:\\\/\\\/www.mexicanguitarplayers.com\\\/#organization\",\"name\":\"Mexican Guitar Players\",\"url\":\"https:\\\/\\\/www.mexicanguitarplayers.com\\\/\",\"logo\":{\"@type\":\"ImageObject\",\"inLanguage\":\"en-US\",\"@id\":\"https:\\\/\\\/www.mexicanguitarplayers.com\\\/#\\\/schema\\\/logo\\\/image\\\/\",\"url\":\"\",\"contentUrl\":\"\",\"caption\":\"Mexican Guitar Players\"},\"image\":{\"@id\":\"https:\\\/\\\/www.mexicanguitarplayers.com\\\/#\\\/schema\\\/logo\\\/image\\\/\"}}]}<\/script>\n<!-- \/ Yoast SEO plugin. -->","yoast_head_json":{"title":"UKELELE FLIGHT E\/ACUST. DUC 380 CEQ JADE - Mexican Guitar Players","description":"Ukelele concierto electroac\u00fastico con resaque, tapa, aros y fondo de caoba, puente de nogal, 17 trastes, brazo de okoume africano, diapas\u00f3n de nogal, cejuela de hueso de 35 mm de ancho, montura de hueso, pastilla activa Flight FU-T3 con ecualizador y afinador incorporados, marcadores de posici\u00f3n en los trastes 5, 7, 10, 12 y 14, espalda arqueada, roseta grabada con l\u00e1ser, incluye funda.","robots":{"index":"index","follow":"follow","max-snippet":"max-snippet:-1","max-image-preview":"max-image-preview:large","max-video-preview":"max-video-preview:-1"},"canonical":"https:\/\/www.mexicanguitarplayers.com\/en\/tienda\/sin categor\u00eda\/ukelele-flight-e-acust-duc-380-ceq-jade\/","og_locale":"en_US","og_type":"article","og_title":"UKELELE FLIGHT E\/ACUST. DUC 380 CEQ JADE - Mexican Guitar Players","og_description":"Ukelele concierto electroac\u00fastico con resaque, tapa, aros y fondo de caoba, puente de nogal, 17 trastes, brazo de okoume africano, diapas\u00f3n de nogal, cejuela de hueso de 35 mm de ancho, montura de hueso, pastilla activa Flight FU-T3 con ecualizador y afinador incorporados, marcadores de posici\u00f3n en los trastes 5, 7, 10, 12 y 14, espalda arqueada, roseta grabada con l\u00e1ser, incluye funda.","og_url":"https:\/\/www.mexicanguitarplayers.com\/en\/tienda\/sin categor\u00eda\/ukelele-flight-e-acust-duc-380-ceq-jade\/","og_site_name":"Mexican Guitar Players","article_modified_time":"2026-04-10T10:24:44+00:00","twitter_card":"summary_large_image","twitter_misc":{"Est. reading time":"3 minutes"},"schema":{"@context":"https:\/\/schema.org","@graph":[{"@type":["WebPage","ItemPage"],"@id":"https:\/\/www.mexicanguitarplayers.com\/tienda\/sin categor\u00eda\/ukelele-flight-e-acust-duc-380-ceq-jade\/","url":"https:\/\/www.mexicanguitarplayers.com\/tienda\/sin categor\u00eda\/ukelele-flight-e-acust-duc-380-ceq-jade\/","name":"UKELELE FLIGHT E\/ACUST. DUC 380 CEQ JADE - Mexican Guitar Players","isPartOf":{"@id":"https:\/\/www.mexicanguitarplayers.com\/#website"},"primaryImageOfPage":{"@id":"https:\/\/www.mexicanguitarplayers.com\/tienda\/sin categor\u00eda\/ukelele-flight-e-acust-duc-380-ceq-jade\/#primaryimage"},"image":{"@id":"https:\/\/www.mexicanguitarplayers.com\/tienda\/sin categor\u00eda\/ukelele-flight-e-acust-duc-380-ceq-jade\/#primaryimage"},"thumbnailUrl":"https:\/\/www.mexicanguitarplayers.com\/wp-content\/uploads\/2025\/04\/ISFLIDUC380EJA.jpg","datePublished":"2025-04-09T11:40:44+00:00","dateModified":"2026-04-10T10:24:44+00:00","description":"Ukelele concierto electroac\u00fastico con resaque, tapa, aros y fondo de caoba, puente de nogal, 17 trastes, brazo de okoume africano, diapas\u00f3n de nogal, cejuela de hueso de 35 mm de ancho, montura de hueso, pastilla activa Flight FU-T3 con ecualizador y afinador incorporados, marcadores de posici\u00f3n en los trastes 5, 7, 10, 12 y 14, espalda arqueada, roseta grabada con l\u00e1ser, incluye funda.","breadcrumb":{"@id":"https:\/\/www.mexicanguitarplayers.com\/tienda\/sin categor\u00eda\/ukelele-flight-e-acust-duc-380-ceq-jade\/#breadcrumb"},"inLanguage":"en-US","potentialAction":[{"@type":"ReadAction","target":["https:\/\/www.mexicanguitarplayers.com\/tienda\/sin categor\u00eda\/ukelele-flight-e-acust-duc-380-ceq-jade\/"]}]},{"@type":"ImageObject","inLanguage":"en-US","@id":"https:\/\/www.mexicanguitarplayers.com\/tienda\/sin categor\u00eda\/ukelele-flight-e-acust-duc-380-ceq-jade\/#primaryimage","url":"https:\/\/www.mexicanguitarplayers.com\/wp-content\/uploads\/2025\/04\/ISFLIDUC380EJA.jpg","contentUrl":"https:\/\/www.mexicanguitarplayers.com\/wp-content\/uploads\/2025\/04\/ISFLIDUC380EJA.jpg","width":1200,"height":1200},{"@type":"BreadcrumbList","@id":"https:\/\/www.mexicanguitarplayers.com\/tienda\/sin categor\u00eda\/ukelele-flight-e-acust-duc-380-ceq-jade\/#breadcrumb","itemListElement":[{"@type":"ListItem","position":1,"name":"Portada","item":"https:\/\/www.mexicanguitarplayers.com\/"},{"@type":"ListItem","position":2,"name":"Tienda","item":"https:\/\/www.mexicanguitarplayers.com\/tienda\/"},{"@type":"ListItem","position":3,"name":"UKELELE FLIGHT E\/ACUST. DUC 380 CEQ JADE"}]},{"@type":"WebSite","@id":"https:\/\/www.mexicanguitarplayers.com\/#website","url":"https:\/\/www.mexicanguitarplayers.com\/","name":"Mexican Guitar Players","description":"Website","publisher":{"@id":"https:\/\/www.mexicanguitarplayers.com\/#organization"},"potentialAction":[{"@type":"SearchAction","target":{"@type":"EntryPoint","urlTemplate":"https:\/\/www.mexicanguitarplayers.com\/?s={search_term_string}"},"query-input":{"@type":"PropertyValueSpecification","valueRequired":true,"valueName":"search_term_string"}}],"inLanguage":"en-US"},{"@type":"Organization","@id":"https:\/\/www.mexicanguitarplayers.com\/#organization","name":"Mexican Guitar Players","url":"https:\/\/www.mexicanguitarplayers.com\/","logo":{"@type":"ImageObject","inLanguage":"en-US","@id":"https:\/\/www.mexicanguitarplayers.com\/#\/schema\/logo\/image\/","url":"","contentUrl":"","caption":"Mexican Guitar Players"},"image":{"@id":"https:\/\/www.mexicanguitarplayers.com\/#\/schema\/logo\/image\/"}}]}},"brands":[{"id":322,"name":"FLIGHT","slug":"flight"}],"_links":{"self":[{"href":"https:\/\/www.mexicanguitarplayers.com\/en\/wp-json\/wp\/v2\/product\/37343","targetHints":{"allow":["GET"]}}],"collection":[{"href":"https:\/\/www.mexicanguitarplayers.com\/en\/wp-json\/wp\/v2\/product"}],"about":[{"href":"https:\/\/www.mexicanguitarplayers.com\/en\/wp-json\/wp\/v2\/types\/product"}],"replies":[{"embeddable":true,"href":"https:\/\/www.mexicanguitarplayers.com\/en\/wp-json\/wp\/v2\/comments?post=37343"}],"wp:featuredmedia":[{"embeddable":true,"href":"https:\/\/www.mexicanguitarplayers.com\/en\/wp-json\/wp\/v2\/media\/37340"}],"wp:attachment":[{"href":"https:\/\/www.mexicanguitarplayers.com\/en\/wp-json\/wp\/v2\/media?parent=37343"}],"wp:term":[{"taxonomy":"pwb-brand","embeddable":true,"href":"https:\/\/www.mexicanguitarplayers.com\/en\/wp-json\/wp\/v2\/pwb-brand?post=37343"},{"taxonomy":"product_brand","embeddable":true,"href":"https:\/\/www.mexicanguitarplayers.com\/en\/wp-json\/wp\/v2\/product_brand?post=37343"},{"taxonomy":"product_cat","embeddable":true,"href":"https:\/\/www.mexicanguitarplayers.com\/en\/wp-json\/wp\/v2\/product_cat?post=37343"},{"taxonomy":"product_tag","embeddable":true,"href":"https:\/\/www.mexicanguitarplayers.com\/en\/wp-json\/wp\/v2\/product_tag?post=37343"}],"curies":[{"name":"wp","href":"https:\/\/api.w.org\/{rel}","templated":true}]}}