{"id":37394,"date":"2025-04-09T05:42:06","date_gmt":"2025-04-09T11:42:06","guid":{"rendered":"https:\/\/www.mexicanguitarplayers.com\/tienda\/sin categor\u00eda\/funda-proel-p-bajo-elect-bag-230pn\/"},"modified":"2026-05-01T07:19:33","modified_gmt":"2026-05-01T13:19:33","slug":"funda-proel-p-bajo-elect-bag-230pn","status":"publish","type":"product","link":"https:\/\/www.mexicanguitarplayers.com\/en\/tienda\/accesorios\/estuches-y-fundas\/para-bajo-estuches-y-fundas\/funda-proel-p-bajo-elect-bag-230pn\/","title":{"rendered":"FUNDA PROEL P\/BAJO ELECT.  BAG-230PN"},"content":{"rendered":"<div style=\"text-align: justify\">\n<div>\n<h3>La mejor tecnolog\u00eda italiana en fundas profesionales.<\/h3>\n<\/div>\n<div>Funda Proel para bajo el\u00e9ctrico fabricada con nylon 420D, acolchado de espuma de alta densidad de 10 mm, en color negro. La nueva serie 200 de fundas ha sido dise\u00f1ada para el m\u00fasico que desea una funda resistente y pr\u00e1ctica y al mismo tiempo a un nivel de precio adecuado. Construida a partir de suave nylon 420D con bordes de tela, la serie 200 cuenta con acolchado resistente de espuma de 10 mm y nylon interior 90D, con refuerzo en el cabezal y el puente. Las agarraderas est\u00e1n acolchadas para una m\u00e1xima comodidad y se puede cerrar con velcro. Cuentan con un mango de nylon reforzado colocado convenientemente en la espalda, la correa para el hombro es ajustable y se fija a la funda con anillos resistentes de metal. Tiene bolsillos colocados en la parte frontal para libros de m\u00fasica y accesorios.<\/div>\n<div>\n<h4>Quick look<\/h4>\n<\/div>\n<ul style=\"margin: 0px 0px 0px 25px\">\n<li style=\"list-style-type: circle;margin: 5px\">Aplicaci\u00f3n.<\/li>\n<li style=\"list-style-type: circle;margin: 5px\">Materiales de construcci\u00f3n.<\/li>\n<li style=\"list-style-type: circle;margin: 5px\">Color.<\/li>\n<li style=\"list-style-type: circle;margin: 5px\">Agarraderas.<\/li>\n<li style=\"list-style-type: circle;margin: 5px\">Accesorios.<\/li>\n<\/ul>\n<div>\n<div style=\"font-weight: bold\">Aplicaci\u00f3n.<\/div>\n<div>\n<p>Bajo el\u00e9ctrico.<\/p>\n<\/div>\n<div style=\"font-weight: bold\">Materiales de construcci\u00f3n.<\/div>\n<div>\n<p>Nylon 420D con bordes de tela.Relleno de espuma de alta densidad de 10 mm, cubierta con nylon reforzado 90D y refuerzo en las partes del cuerdas, clavijas, clavijero y puente.<\/p>\n<\/div>\n<div style=\"font-weight: bold\">Color.<\/div>\n<div>\n<p>Black.<\/p>\n<\/div>\n<div style=\"font-weight: bold\">Agarraderas.<\/div>\n<div>\n<p>Velcro resistente, manijas fortalecidas, doble correa acolchada ajustable con anillos de metal.<\/p>\n<\/div>\n<div style=\"font-weight: bold\">Accesorios.<\/div>\n<div>\n<p>Amplios bolsillos delanteros para libros y accesorios, cierres resistentes con etiquetas extra\u00edbles.<\/p>\n<\/div>\n<\/div>\n<\/div>","protected":false},"excerpt":{"rendered":"<p>Funda Proel para bajo el\u00e9ctrico. Modelo: BAG230PN. Acabado interno: Suave relleno de espuma reforzada de 15 mm. Cubierto con nylon para proteger cuerdas, clavijas, clavijero y puente. Agarraderas reforzadas, correa de velcro, agarradera delantera reforzada, doble correa ajustable y extra\u00edble con ganchos de metal. Amplio bolsillo frontal con cierre de metal.&hellip; <a class=\"kt-excerpt-readmore more-link\" href=\"https:\/\/www.mexicanguitarplayers.com\/en\/tienda\/accesorios\/estuches-y-fundas\/para-bajo-estuches-y-fundas\/funda-proel-p-bajo-elect-bag-230pn\/\">Read more<\/a><\/p>","protected":false},"featured_media":37392,"comment_status":"open","ping_status":"closed","template":"","meta":{"kt_blocks_editor_width":""},"pwb-brand":[252],"product_brand":[],"product_cat":[85,517,578],"product_tag":[],"class_list":{"0":"post-37394","1":"product","2":"type-product","3":"status-publish","4":"has-post-thumbnail","6":"pwb-brand-proel","7":"product_cat-accesorios","8":"product_cat-estuches-y-fundas","9":"product_cat-para-bajo-estuches-y-fundas","10":"product_shipping_class-5-10-kg","12":"first","13":"instock","14":"taxable","15":"shipping-taxable","16":"purchasable","17":"product-type-simple"},"yoast_head":"<!-- This site is optimized with the Yoast SEO plugin v27.5 - https:\/\/yoast.com\/product\/yoast-seo-wordpress\/ -->\n<title>FUNDA PROEL P\/BAJO ELECT. BAG-230PN - Mexican Guitar Players<\/title>\n<meta name=\"description\" content=\"Funda Proel para bajo el\u00e9ctrico. Modelo: BAG230PN. Acabado interno: Suave relleno de espuma reforzada de 15 mm. Cubierto con nylon para proteger cuerdas, clavijas, clavijero y puente. Agarraderas reforzadas, correa de velcro, agarradera delantera reforzada, doble correa ajustable y extra\u00edble con ganchos de metal. Amplio bolsillo frontal con cierre de metal.\" \/>\n<meta name=\"robots\" content=\"index, follow, max-snippet:-1, max-image-preview:large, max-video-preview:-1\" \/>\n<link rel=\"canonical\" href=\"https:\/\/www.mexicanguitarplayers.com\/en\/tienda\/sin%20categor\u00eda\/funda-proel-p-bajo-elect-bag-230pn\/\" \/>\n<meta property=\"og:locale\" content=\"en_US\" \/>\n<meta property=\"og:type\" content=\"article\" \/>\n<meta property=\"og:title\" content=\"FUNDA PROEL P\/BAJO ELECT. BAG-230PN - Mexican Guitar Players\" \/>\n<meta property=\"og:description\" content=\"Funda Proel para bajo el\u00e9ctrico. Modelo: BAG230PN. Acabado interno: Suave relleno de espuma reforzada de 15 mm. Cubierto con nylon para proteger cuerdas, clavijas, clavijero y puente. Agarraderas reforzadas, correa de velcro, agarradera delantera reforzada, doble correa ajustable y extra\u00edble con ganchos de metal. Amplio bolsillo frontal con cierre de metal.\" \/>\n<meta property=\"og:url\" content=\"https:\/\/www.mexicanguitarplayers.com\/en\/tienda\/sin categor\u00eda\/funda-proel-p-bajo-elect-bag-230pn\/\" \/>\n<meta property=\"og:site_name\" content=\"Mexican Guitar Players\" \/>\n<meta property=\"article:modified_time\" content=\"2026-05-01T13:19:33+00:00\" \/>\n<meta name=\"twitter:card\" content=\"summary_large_image\" \/>\n<meta name=\"twitter:label1\" content=\"Est. reading time\" \/>\n\t<meta name=\"twitter:data1\" content=\"1 minute\" \/>\n<script type=\"application\/ld+json\" class=\"yoast-schema-graph\">{\"@context\":\"https:\\\/\\\/schema.org\",\"@graph\":[{\"@type\":[\"WebPage\",\"ItemPage\"],\"@id\":\"https:\\\/\\\/www.mexicanguitarplayers.com\\\/tienda\\\/sin categor\u00eda\\\/funda-proel-p-bajo-elect-bag-230pn\\\/\",\"url\":\"https:\\\/\\\/www.mexicanguitarplayers.com\\\/tienda\\\/sin categor\u00eda\\\/funda-proel-p-bajo-elect-bag-230pn\\\/\",\"name\":\"FUNDA PROEL P\\\/BAJO ELECT. BAG-230PN - Mexican Guitar Players\",\"isPartOf\":{\"@id\":\"https:\\\/\\\/www.mexicanguitarplayers.com\\\/#website\"},\"primaryImageOfPage\":{\"@id\":\"https:\\\/\\\/www.mexicanguitarplayers.com\\\/tienda\\\/sin categor\u00eda\\\/funda-proel-p-bajo-elect-bag-230pn\\\/#primaryimage\"},\"image\":{\"@id\":\"https:\\\/\\\/www.mexicanguitarplayers.com\\\/tienda\\\/sin categor\u00eda\\\/funda-proel-p-bajo-elect-bag-230pn\\\/#primaryimage\"},\"thumbnailUrl\":\"https:\\\/\\\/www.mexicanguitarplayers.com\\\/wp-content\\\/uploads\\\/2025\\\/04\\\/VAPREBAG230PN.jpg\",\"datePublished\":\"2025-04-09T11:42:06+00:00\",\"dateModified\":\"2026-05-01T13:19:33+00:00\",\"description\":\"Funda Proel para bajo el\u00e9ctrico. Modelo: BAG230PN. Acabado interno: Suave relleno de espuma reforzada de 15 mm. Cubierto con nylon para proteger cuerdas, clavijas, clavijero y puente. Agarraderas reforzadas, correa de velcro, agarradera delantera reforzada, doble correa ajustable y extra\u00edble con ganchos de metal. Amplio bolsillo frontal con cierre de metal.\",\"breadcrumb\":{\"@id\":\"https:\\\/\\\/www.mexicanguitarplayers.com\\\/tienda\\\/sin categor\u00eda\\\/funda-proel-p-bajo-elect-bag-230pn\\\/#breadcrumb\"},\"inLanguage\":\"en-US\",\"potentialAction\":[{\"@type\":\"ReadAction\",\"target\":[\"https:\\\/\\\/www.mexicanguitarplayers.com\\\/tienda\\\/sin categor\u00eda\\\/funda-proel-p-bajo-elect-bag-230pn\\\/\"]}]},{\"@type\":\"ImageObject\",\"inLanguage\":\"en-US\",\"@id\":\"https:\\\/\\\/www.mexicanguitarplayers.com\\\/tienda\\\/sin categor\u00eda\\\/funda-proel-p-bajo-elect-bag-230pn\\\/#primaryimage\",\"url\":\"https:\\\/\\\/www.mexicanguitarplayers.com\\\/wp-content\\\/uploads\\\/2025\\\/04\\\/VAPREBAG230PN.jpg\",\"contentUrl\":\"https:\\\/\\\/www.mexicanguitarplayers.com\\\/wp-content\\\/uploads\\\/2025\\\/04\\\/VAPREBAG230PN.jpg\",\"width\":1200,\"height\":1200},{\"@type\":\"BreadcrumbList\",\"@id\":\"https:\\\/\\\/www.mexicanguitarplayers.com\\\/tienda\\\/sin categor\u00eda\\\/funda-proel-p-bajo-elect-bag-230pn\\\/#breadcrumb\",\"itemListElement\":[{\"@type\":\"ListItem\",\"position\":1,\"name\":\"Portada\",\"item\":\"https:\\\/\\\/www.mexicanguitarplayers.com\\\/\"},{\"@type\":\"ListItem\",\"position\":2,\"name\":\"Tienda\",\"item\":\"https:\\\/\\\/www.mexicanguitarplayers.com\\\/tienda\\\/\"},{\"@type\":\"ListItem\",\"position\":3,\"name\":\"FUNDA PROEL P\\\/BAJO ELECT. BAG-230PN\"}]},{\"@type\":\"WebSite\",\"@id\":\"https:\\\/\\\/www.mexicanguitarplayers.com\\\/#website\",\"url\":\"https:\\\/\\\/www.mexicanguitarplayers.com\\\/\",\"name\":\"Mexican Guitar Players\",\"description\":\"Website\",\"publisher\":{\"@id\":\"https:\\\/\\\/www.mexicanguitarplayers.com\\\/#organization\"},\"potentialAction\":[{\"@type\":\"SearchAction\",\"target\":{\"@type\":\"EntryPoint\",\"urlTemplate\":\"https:\\\/\\\/www.mexicanguitarplayers.com\\\/?s={search_term_string}\"},\"query-input\":{\"@type\":\"PropertyValueSpecification\",\"valueRequired\":true,\"valueName\":\"search_term_string\"}}],\"inLanguage\":\"en-US\"},{\"@type\":\"Organization\",\"@id\":\"https:\\\/\\\/www.mexicanguitarplayers.com\\\/#organization\",\"name\":\"Mexican Guitar Players\",\"url\":\"https:\\\/\\\/www.mexicanguitarplayers.com\\\/\",\"logo\":{\"@type\":\"ImageObject\",\"inLanguage\":\"en-US\",\"@id\":\"https:\\\/\\\/www.mexicanguitarplayers.com\\\/#\\\/schema\\\/logo\\\/image\\\/\",\"url\":\"\",\"contentUrl\":\"\",\"caption\":\"Mexican Guitar Players\"},\"image\":{\"@id\":\"https:\\\/\\\/www.mexicanguitarplayers.com\\\/#\\\/schema\\\/logo\\\/image\\\/\"}}]}<\/script>\n<!-- \/ Yoast SEO plugin. -->","yoast_head_json":{"title":"FUNDA PROEL P\/BAJO ELECT. BAG-230PN - Mexican Guitar Players","description":"Funda Proel para bajo el\u00e9ctrico. Modelo: BAG230PN. Acabado interno: Suave relleno de espuma reforzada de 15 mm. Cubierto con nylon para proteger cuerdas, clavijas, clavijero y puente. Agarraderas reforzadas, correa de velcro, agarradera delantera reforzada, doble correa ajustable y extra\u00edble con ganchos de metal. Amplio bolsillo frontal con cierre de metal.","robots":{"index":"index","follow":"follow","max-snippet":"max-snippet:-1","max-image-preview":"max-image-preview:large","max-video-preview":"max-video-preview:-1"},"canonical":"https:\/\/www.mexicanguitarplayers.com\/en\/tienda\/sin categor\u00eda\/funda-proel-p-bajo-elect-bag-230pn\/","og_locale":"en_US","og_type":"article","og_title":"FUNDA PROEL P\/BAJO ELECT. BAG-230PN - Mexican Guitar Players","og_description":"Funda Proel para bajo el\u00e9ctrico. Modelo: BAG230PN. Acabado interno: Suave relleno de espuma reforzada de 15 mm. Cubierto con nylon para proteger cuerdas, clavijas, clavijero y puente. Agarraderas reforzadas, correa de velcro, agarradera delantera reforzada, doble correa ajustable y extra\u00edble con ganchos de metal. Amplio bolsillo frontal con cierre de metal.","og_url":"https:\/\/www.mexicanguitarplayers.com\/en\/tienda\/sin categor\u00eda\/funda-proel-p-bajo-elect-bag-230pn\/","og_site_name":"Mexican Guitar Players","article_modified_time":"2026-05-01T13:19:33+00:00","twitter_card":"summary_large_image","twitter_misc":{"Est. reading time":"1 minute"},"schema":{"@context":"https:\/\/schema.org","@graph":[{"@type":["WebPage","ItemPage"],"@id":"https:\/\/www.mexicanguitarplayers.com\/tienda\/sin categor\u00eda\/funda-proel-p-bajo-elect-bag-230pn\/","url":"https:\/\/www.mexicanguitarplayers.com\/tienda\/sin categor\u00eda\/funda-proel-p-bajo-elect-bag-230pn\/","name":"FUNDA PROEL P\/BAJO ELECT. BAG-230PN - Mexican Guitar Players","isPartOf":{"@id":"https:\/\/www.mexicanguitarplayers.com\/#website"},"primaryImageOfPage":{"@id":"https:\/\/www.mexicanguitarplayers.com\/tienda\/sin categor\u00eda\/funda-proel-p-bajo-elect-bag-230pn\/#primaryimage"},"image":{"@id":"https:\/\/www.mexicanguitarplayers.com\/tienda\/sin categor\u00eda\/funda-proel-p-bajo-elect-bag-230pn\/#primaryimage"},"thumbnailUrl":"https:\/\/www.mexicanguitarplayers.com\/wp-content\/uploads\/2025\/04\/VAPREBAG230PN.jpg","datePublished":"2025-04-09T11:42:06+00:00","dateModified":"2026-05-01T13:19:33+00:00","description":"Funda Proel para bajo el\u00e9ctrico. Modelo: BAG230PN. Acabado interno: Suave relleno de espuma reforzada de 15 mm. Cubierto con nylon para proteger cuerdas, clavijas, clavijero y puente. Agarraderas reforzadas, correa de velcro, agarradera delantera reforzada, doble correa ajustable y extra\u00edble con ganchos de metal. Amplio bolsillo frontal con cierre de metal.","breadcrumb":{"@id":"https:\/\/www.mexicanguitarplayers.com\/tienda\/sin categor\u00eda\/funda-proel-p-bajo-elect-bag-230pn\/#breadcrumb"},"inLanguage":"en-US","potentialAction":[{"@type":"ReadAction","target":["https:\/\/www.mexicanguitarplayers.com\/tienda\/sin categor\u00eda\/funda-proel-p-bajo-elect-bag-230pn\/"]}]},{"@type":"ImageObject","inLanguage":"en-US","@id":"https:\/\/www.mexicanguitarplayers.com\/tienda\/sin categor\u00eda\/funda-proel-p-bajo-elect-bag-230pn\/#primaryimage","url":"https:\/\/www.mexicanguitarplayers.com\/wp-content\/uploads\/2025\/04\/VAPREBAG230PN.jpg","contentUrl":"https:\/\/www.mexicanguitarplayers.com\/wp-content\/uploads\/2025\/04\/VAPREBAG230PN.jpg","width":1200,"height":1200},{"@type":"BreadcrumbList","@id":"https:\/\/www.mexicanguitarplayers.com\/tienda\/sin categor\u00eda\/funda-proel-p-bajo-elect-bag-230pn\/#breadcrumb","itemListElement":[{"@type":"ListItem","position":1,"name":"Portada","item":"https:\/\/www.mexicanguitarplayers.com\/"},{"@type":"ListItem","position":2,"name":"Tienda","item":"https:\/\/www.mexicanguitarplayers.com\/tienda\/"},{"@type":"ListItem","position":3,"name":"FUNDA PROEL P\/BAJO ELECT. BAG-230PN"}]},{"@type":"WebSite","@id":"https:\/\/www.mexicanguitarplayers.com\/#website","url":"https:\/\/www.mexicanguitarplayers.com\/","name":"Mexican Guitar Players","description":"Website","publisher":{"@id":"https:\/\/www.mexicanguitarplayers.com\/#organization"},"potentialAction":[{"@type":"SearchAction","target":{"@type":"EntryPoint","urlTemplate":"https:\/\/www.mexicanguitarplayers.com\/?s={search_term_string}"},"query-input":{"@type":"PropertyValueSpecification","valueRequired":true,"valueName":"search_term_string"}}],"inLanguage":"en-US"},{"@type":"Organization","@id":"https:\/\/www.mexicanguitarplayers.com\/#organization","name":"Mexican Guitar Players","url":"https:\/\/www.mexicanguitarplayers.com\/","logo":{"@type":"ImageObject","inLanguage":"en-US","@id":"https:\/\/www.mexicanguitarplayers.com\/#\/schema\/logo\/image\/","url":"","contentUrl":"","caption":"Mexican Guitar Players"},"image":{"@id":"https:\/\/www.mexicanguitarplayers.com\/#\/schema\/logo\/image\/"}}]}},"brands":[{"id":252,"name":"PROEL","slug":"proel"}],"_links":{"self":[{"href":"https:\/\/www.mexicanguitarplayers.com\/en\/wp-json\/wp\/v2\/product\/37394","targetHints":{"allow":["GET"]}}],"collection":[{"href":"https:\/\/www.mexicanguitarplayers.com\/en\/wp-json\/wp\/v2\/product"}],"about":[{"href":"https:\/\/www.mexicanguitarplayers.com\/en\/wp-json\/wp\/v2\/types\/product"}],"replies":[{"embeddable":true,"href":"https:\/\/www.mexicanguitarplayers.com\/en\/wp-json\/wp\/v2\/comments?post=37394"}],"wp:featuredmedia":[{"embeddable":true,"href":"https:\/\/www.mexicanguitarplayers.com\/en\/wp-json\/wp\/v2\/media\/37392"}],"wp:attachment":[{"href":"https:\/\/www.mexicanguitarplayers.com\/en\/wp-json\/wp\/v2\/media?parent=37394"}],"wp:term":[{"taxonomy":"pwb-brand","embeddable":true,"href":"https:\/\/www.mexicanguitarplayers.com\/en\/wp-json\/wp\/v2\/pwb-brand?post=37394"},{"taxonomy":"product_brand","embeddable":true,"href":"https:\/\/www.mexicanguitarplayers.com\/en\/wp-json\/wp\/v2\/product_brand?post=37394"},{"taxonomy":"product_cat","embeddable":true,"href":"https:\/\/www.mexicanguitarplayers.com\/en\/wp-json\/wp\/v2\/product_cat?post=37394"},{"taxonomy":"product_tag","embeddable":true,"href":"https:\/\/www.mexicanguitarplayers.com\/en\/wp-json\/wp\/v2\/product_tag?post=37394"}],"curies":[{"name":"wp","href":"https:\/\/api.w.org\/{rel}","templated":true}]}}