{"id":37399,"date":"2025-04-09T05:42:12","date_gmt":"2025-04-09T11:42:12","guid":{"rendered":"https:\/\/www.mexicanguitarplayers.com\/tienda\/sin categor\u00eda\/combo-bugera-p-bajo-mod-bxd15a\/"},"modified":"2026-04-10T04:24:34","modified_gmt":"2026-04-10T10:24:34","slug":"combo-bugera-p-bajo-mod-bxd15a","status":"publish","type":"product","link":"https:\/\/www.mexicanguitarplayers.com\/en\/tienda\/cuerdas\/combos\/combos-para-bajo\/combo-bugera-p-bajo-mod-bxd15a\/","title":{"rendered":"COMBO BUGERA P\/BAJO MOD. BXD15A"},"content":{"rendered":"<div style=\"text-align: justify\">\n<div>\n<h3>El sonido cristalino m\u00e1s fiel.<\/h3>\n<\/div>\n<div>El combo ULTRABASS BXD15A de Bugera es un combo de gran potencia totalmente listo para el escenario que ofrece una incre\u00edble potencia de 1,000 watts a trav\u00e9s de  un altavoz TURBOSOUND de clase mundial 15&#8243; pulgadas que produce un ataque incre\u00edblemente claro y potente. Ofreciendo una excelente conformaci\u00f3n de la se\u00f1al a trav\u00e9s de un preamplificador MOSFET de alto voltaje con grandes opciones de graves, medios y agudos, un compresor cl\u00e1sico y nuestra incre\u00edble tecnolog\u00eda DYNAMIZER, el combo BXD15A ofrece un punch que golpea a la competencia con facilidad, estilo y sonido. Todas estas sorprendentes caracter\u00edsticas se empaquetan con cari\u00f1o dentro de un recinto altamente port\u00e1til y con un dise\u00f1o de inclinaci\u00f3n hacia atr\u00e1s, lo que hace que este combo sea totalmente amigable en el escenario. Turbosound &#8211; La diferencia en el sonido. Un dise\u00f1ador brit\u00e1nico de altavoces profesionales \u00fanico en el mundo, que ha fabricado altavoces de \u00faltima generaci\u00f3n durante treinta a\u00f1os y que gan\u00f3 el venerable premio Queen\u2019s Award de innovaci\u00f3n durante numerosas ocasiones por sus aclamados modelos de altavoz. Encontrar\u00e1s productos Turbosound no solamente en gira con los artistas m\u00e1s reconocidos, sino tambi\u00e9n en innumerables lugares importantes en todo el mundo. Bugera est\u00e1 orgulloso de incorporar altavoces de dise\u00f1o personalizado de fama mundial en sus productos para ofrecer lo \u00faltimo en reproducci\u00f3n de audio de alta calidad en sus productos. Clase D, potencia masiva, sonido perfecto. Gracias a nuestro revolucionario amplificador con tecnolog\u00eda Clase D, te podemos proporcionar una potencia enorme y una incre\u00edble calidad sonora en un paquete ultra port\u00e1til, ligero y f\u00e1cil de usar. La amplificaci\u00f3n Clase D hace toda la diferencia y ofrece lo \u00faltimo en eficiencia energ\u00e9tica y elimina la necesidad de utilizar pesadas fuentes de alimentaci\u00f3n y disipadores masivos de calor. Esta sorprendente tecnolog\u00eda hace posible dise\u00f1ar y construir productos extremadamente potentes  y que son significativamente m\u00e1s ligeros en peso que sus contrapartes tradicionales, mientras utiliza menos energ\u00eda y protege al medio ambiente. Preamp MOSFET. Alto voltaje con amplio rango de sonido. El revolucionario preamplificador MOSFET de alta tensi\u00f3n de Bugera, redefine en tono de grave de estado s\u00f3lido, proporcionando el inmenso sonido, tacto y din\u00e1mica de un aut\u00e9ntico amplificador de bulbos. Al igual que los bulbos reales, nuestro dise\u00f1o MOSFET igual trabaja con tensiones altas, dando a este preamp con inaudito headroom para honrar todas tus din\u00e1micas de ejecuci\u00f3n, desde tus propios riffs y l\u00edneas de bajo hasta tus m\u00e1s potentes y desgarradores solos. El ULTRABASS BXD15A trata sobre el tono y es altamente vers\u00e1til y el sensible preamplificador MOSFET ofrece un  gran headroom para una lograr consistencia cristalina y una reproducci\u00f3n fiel del sonido, sin importar el estilo de m\u00fasica que tu concierto exija.<\/div>\n<div>\n<h4>Quick look<\/h4>\n<\/div>\n<ul style=\"margin: 0px 0px 0px 25px\">\n<li style=\"list-style-type: circle;margin: 5px\">Amplifier.<\/li>\n<li style=\"list-style-type: circle;margin: 5px\">Conexiones.<\/li>\n<li style=\"list-style-type: circle;margin: 5px\">Controls<\/li>\n<li style=\"list-style-type: circle;margin: 5px\">Speaker.<\/li>\n<li style=\"list-style-type: circle;margin: 5px\">F\u00edsico.<\/li>\n<li style=\"list-style-type: circle;margin: 5px\">Power supply.<\/li>\n<li style=\"list-style-type: circle;margin: 5px\">Dimensions.<\/li>\n<li style=\"list-style-type: circle;margin: 5px\">Weight.<\/li>\n<\/ul>\n<div>\n<div style=\"font-weight: bold\">Amplifier.<\/div>\n<div>\n<p>Potencia m\u00e1xima de salida: 1,000 watts.Tipo: Clase D.<\/p>\n<\/div>\n<div style=\"font-weight: bold\">Conexiones.<\/div>\n<div>\n<p>Entrada: 1\/4&#8243; TS, 1 Mohm, desbalanceado.Salida directa: XLR, 200 ohms, desbalanceado.Salida de afinador: 1\/4&#8243; TS jack, 470 ohms, desbalanceado.Inserto de FX send\/return: 2 jack TS de 1\/4&#8243;, 2 kohms \/ 100 kohms, desbalanceado.Entrada auxiliar: 2 RCA, 10 kohms, desbalanceado.<\/p>\n<\/div>\n<div style=\"font-weight: bold\">Controls<\/div>\n<div>\n<p>-15 dB Pad Switch: 0 dB \/ -15 dB.Ganancia: Infinito a -145 dB.Ultra Low: +5 dB a 6,000 Hz -9 dB a 600 Hz.Bass: \u00b19 dB a 80 Hz.Mid: \u00b110 dB.Mid Freq: 220 Hz, 450 Hz, 800 Hz, 1.6 kHz, 3 kHz, switchable.Treble: \u00b19 dB a 10 kHz.Ultra high: +5 dB a 5 kHz.Footswitch: 1\/4&#8243; TRS, Tip: mute, Ring: FX Loop, non latching.<\/p>\n<\/div>\n<div style=\"font-weight: bold\">Speaker.<\/div>\n<div>\n<p>Tipo: 1 altavoz Turbosound de 15\u201d pulgadas a 250 watts, cono de aluminio.SPL m\u00e1ximo: 123 dB.<\/p>\n<\/div>\n<div style=\"font-weight: bold\">F\u00edsico.<\/div>\n<div>\n<p>Gabinete: Part\u00edculas laminadas.Rejilla: Acero.<\/p>\n<\/div>\n<div style=\"font-weight: bold\">Power supply.<\/div>\n<div>\n<p>120V~, 60 Hz (T8 A H 250V).Consumo de energ\u00eda a 1\/8 de su m\u00e1xima potencia: 140 watts.Conexi\u00f3n de corriente: Recept\u00e1culo IEC est\u00e1ndar.<\/p>\n<\/div>\n<div style=\"font-weight: bold\">Dimensions.<\/div>\n<div>\n<p>566 x 461 x 452 mm.<\/p>\n<\/div>\n<div style=\"font-weight: bold\">Weight.<\/div>\n<div>\n<p>22 kg.<\/p>\n<\/div>\n<\/div>\n<\/div>","protected":false},"excerpt":{"rendered":"<p>Combo para bajo, 1,000 watts, Clase D, 1 altavoz Turbosound de 15\u201d pulgadas, SPLm\u00e1ximo: 123 dB, gabinete: Part\u00edculas laminadas, rejilla de acero, entrada: 1\/4\u201dTS, salida directa: XLR, salida de afinador: 1\/4\u201d TS jack, Inserto FX send\/return: 2 jack TS de 1\/4\u201d, auxiliar: 2 RCA, 10 kohms, desbalanceado, controles: Ganancia, Ultra Low, Bass, Mid, Mid Freq, Treble, Ultra high, fuente de alimentaci\u00f3n: 120V~, 60 Hz (T8 A H 250V), dimensiones: 566 x 461 x 452 mm, peso: 22 kg.&hellip; <a class=\"kt-excerpt-readmore more-link\" href=\"https:\/\/www.mexicanguitarplayers.com\/en\/tienda\/cuerdas\/combos\/combos-para-bajo\/combo-bugera-p-bajo-mod-bxd15a\/\">Read more<\/a><\/p>","protected":false},"featured_media":37397,"comment_status":"open","ping_status":"closed","template":"","meta":{"kt_blocks_editor_width":""},"pwb-brand":[173],"product_brand":[],"product_cat":[236,255,224],"product_tag":[],"class_list":{"0":"post-37399","1":"product","2":"type-product","3":"status-publish","4":"has-post-thumbnail","6":"pwb-brand-bugera","7":"product_cat-combos","8":"product_cat-combos-para-bajo","9":"product_cat-cuerdas","10":"product_shipping_class-25-30-kg","12":"first","13":"instock","14":"taxable","15":"shipping-taxable","16":"purchasable","17":"product-type-simple"},"yoast_head":"<!-- This site is optimized with the Yoast SEO plugin v27.5 - https:\/\/yoast.com\/product\/yoast-seo-wordpress\/ -->\n<title>COMBO BUGERA P\/BAJO MOD. BXD15A - Mexican Guitar Players<\/title>\n<meta name=\"description\" content=\"Combo para bajo, 1,000 watts, Clase D, 1 altavoz Turbosound de 15\u201d pulgadas, SPLm\u00e1ximo: 123 dB, gabinete: Part\u00edculas laminadas, rejilla de acero, entrada: 1\/4\u201dTS, salida directa: XLR, salida de afinador: 1\/4\u201d TS jack, Inserto FX send\/return: 2 jack TS de 1\/4\u201d, auxiliar: 2 RCA, 10 kohms, desbalanceado, controles: Ganancia, Ultra Low, Bass, Mid, Mid Freq, Treble, Ultra high, fuente de alimentaci\u00f3n: 120V~, 60 Hz (T8 A H 250V), dimensiones: 566 x 461 x 452 mm, peso: 22 kg.\" \/>\n<meta name=\"robots\" content=\"index, follow, max-snippet:-1, max-image-preview:large, max-video-preview:-1\" \/>\n<link rel=\"canonical\" href=\"https:\/\/www.mexicanguitarplayers.com\/en\/tienda\/sin%20categor\u00eda\/combo-bugera-p-bajo-mod-bxd15a\/\" \/>\n<meta property=\"og:locale\" content=\"en_US\" \/>\n<meta property=\"og:type\" content=\"article\" \/>\n<meta property=\"og:title\" content=\"COMBO BUGERA P\/BAJO MOD. BXD15A - Mexican Guitar Players\" \/>\n<meta property=\"og:description\" content=\"Combo para bajo, 1,000 watts, Clase D, 1 altavoz Turbosound de 15\u201d pulgadas, SPLm\u00e1ximo: 123 dB, gabinete: Part\u00edculas laminadas, rejilla de acero, entrada: 1\/4\u201dTS, salida directa: XLR, salida de afinador: 1\/4\u201d TS jack, Inserto FX send\/return: 2 jack TS de 1\/4\u201d, auxiliar: 2 RCA, 10 kohms, desbalanceado, controles: Ganancia, Ultra Low, Bass, Mid, Mid Freq, Treble, Ultra high, fuente de alimentaci\u00f3n: 120V~, 60 Hz (T8 A H 250V), dimensiones: 566 x 461 x 452 mm, peso: 22 kg.\" \/>\n<meta property=\"og:url\" content=\"https:\/\/www.mexicanguitarplayers.com\/en\/tienda\/sin categor\u00eda\/combo-bugera-p-bajo-mod-bxd15a\/\" \/>\n<meta property=\"og:site_name\" content=\"Mexican Guitar Players\" \/>\n<meta property=\"article:modified_time\" content=\"2026-04-10T10:24:34+00:00\" \/>\n<meta name=\"twitter:card\" content=\"summary_large_image\" \/>\n<meta name=\"twitter:label1\" content=\"Est. reading time\" \/>\n\t<meta name=\"twitter:data1\" content=\"3 minutes\" \/>\n<script type=\"application\/ld+json\" class=\"yoast-schema-graph\">{\"@context\":\"https:\\\/\\\/schema.org\",\"@graph\":[{\"@type\":[\"WebPage\",\"ItemPage\"],\"@id\":\"https:\\\/\\\/www.mexicanguitarplayers.com\\\/tienda\\\/sin categor\u00eda\\\/combo-bugera-p-bajo-mod-bxd15a\\\/\",\"url\":\"https:\\\/\\\/www.mexicanguitarplayers.com\\\/tienda\\\/sin categor\u00eda\\\/combo-bugera-p-bajo-mod-bxd15a\\\/\",\"name\":\"COMBO BUGERA P\\\/BAJO MOD. BXD15A - Mexican Guitar Players\",\"isPartOf\":{\"@id\":\"https:\\\/\\\/www.mexicanguitarplayers.com\\\/#website\"},\"primaryImageOfPage\":{\"@id\":\"https:\\\/\\\/www.mexicanguitarplayers.com\\\/tienda\\\/sin categor\u00eda\\\/combo-bugera-p-bajo-mod-bxd15a\\\/#primaryimage\"},\"image\":{\"@id\":\"https:\\\/\\\/www.mexicanguitarplayers.com\\\/tienda\\\/sin categor\u00eda\\\/combo-bugera-p-bajo-mod-bxd15a\\\/#primaryimage\"},\"thumbnailUrl\":\"https:\\\/\\\/www.mexicanguitarplayers.com\\\/wp-content\\\/uploads\\\/2025\\\/04\\\/ICBUGBXD15A.jpg\",\"datePublished\":\"2025-04-09T11:42:12+00:00\",\"dateModified\":\"2026-04-10T10:24:34+00:00\",\"description\":\"Combo para bajo, 1,000 watts, Clase D, 1 altavoz Turbosound de 15\u201d pulgadas, SPLm\u00e1ximo: 123 dB, gabinete: Part\u00edculas laminadas, rejilla de acero, entrada: 1\\\/4\u201dTS, salida directa: XLR, salida de afinador: 1\\\/4\u201d TS jack, Inserto FX send\\\/return: 2 jack TS de 1\\\/4\u201d, auxiliar: 2 RCA, 10 kohms, desbalanceado, controles: Ganancia, Ultra Low, Bass, Mid, Mid Freq, Treble, Ultra high, fuente de alimentaci\u00f3n: 120V~, 60 Hz (T8 A H 250V), dimensiones: 566 x 461 x 452 mm, peso: 22 kg.\",\"breadcrumb\":{\"@id\":\"https:\\\/\\\/www.mexicanguitarplayers.com\\\/tienda\\\/sin categor\u00eda\\\/combo-bugera-p-bajo-mod-bxd15a\\\/#breadcrumb\"},\"inLanguage\":\"en-US\",\"potentialAction\":[{\"@type\":\"ReadAction\",\"target\":[\"https:\\\/\\\/www.mexicanguitarplayers.com\\\/tienda\\\/sin categor\u00eda\\\/combo-bugera-p-bajo-mod-bxd15a\\\/\"]}]},{\"@type\":\"ImageObject\",\"inLanguage\":\"en-US\",\"@id\":\"https:\\\/\\\/www.mexicanguitarplayers.com\\\/tienda\\\/sin categor\u00eda\\\/combo-bugera-p-bajo-mod-bxd15a\\\/#primaryimage\",\"url\":\"https:\\\/\\\/www.mexicanguitarplayers.com\\\/wp-content\\\/uploads\\\/2025\\\/04\\\/ICBUGBXD15A.jpg\",\"contentUrl\":\"https:\\\/\\\/www.mexicanguitarplayers.com\\\/wp-content\\\/uploads\\\/2025\\\/04\\\/ICBUGBXD15A.jpg\",\"width\":1200,\"height\":1200},{\"@type\":\"BreadcrumbList\",\"@id\":\"https:\\\/\\\/www.mexicanguitarplayers.com\\\/tienda\\\/sin categor\u00eda\\\/combo-bugera-p-bajo-mod-bxd15a\\\/#breadcrumb\",\"itemListElement\":[{\"@type\":\"ListItem\",\"position\":1,\"name\":\"Portada\",\"item\":\"https:\\\/\\\/www.mexicanguitarplayers.com\\\/\"},{\"@type\":\"ListItem\",\"position\":2,\"name\":\"Tienda\",\"item\":\"https:\\\/\\\/www.mexicanguitarplayers.com\\\/tienda\\\/\"},{\"@type\":\"ListItem\",\"position\":3,\"name\":\"COMBO BUGERA P\\\/BAJO MOD. BXD15A\"}]},{\"@type\":\"WebSite\",\"@id\":\"https:\\\/\\\/www.mexicanguitarplayers.com\\\/#website\",\"url\":\"https:\\\/\\\/www.mexicanguitarplayers.com\\\/\",\"name\":\"Mexican Guitar Players\",\"description\":\"Website\",\"publisher\":{\"@id\":\"https:\\\/\\\/www.mexicanguitarplayers.com\\\/#organization\"},\"potentialAction\":[{\"@type\":\"SearchAction\",\"target\":{\"@type\":\"EntryPoint\",\"urlTemplate\":\"https:\\\/\\\/www.mexicanguitarplayers.com\\\/?s={search_term_string}\"},\"query-input\":{\"@type\":\"PropertyValueSpecification\",\"valueRequired\":true,\"valueName\":\"search_term_string\"}}],\"inLanguage\":\"en-US\"},{\"@type\":\"Organization\",\"@id\":\"https:\\\/\\\/www.mexicanguitarplayers.com\\\/#organization\",\"name\":\"Mexican Guitar Players\",\"url\":\"https:\\\/\\\/www.mexicanguitarplayers.com\\\/\",\"logo\":{\"@type\":\"ImageObject\",\"inLanguage\":\"en-US\",\"@id\":\"https:\\\/\\\/www.mexicanguitarplayers.com\\\/#\\\/schema\\\/logo\\\/image\\\/\",\"url\":\"\",\"contentUrl\":\"\",\"caption\":\"Mexican Guitar Players\"},\"image\":{\"@id\":\"https:\\\/\\\/www.mexicanguitarplayers.com\\\/#\\\/schema\\\/logo\\\/image\\\/\"}}]}<\/script>\n<!-- \/ Yoast SEO plugin. -->","yoast_head_json":{"title":"COMBO BUGERA P\/BAJO MOD. BXD15A - Mexican Guitar Players","description":"Combo para bajo, 1,000 watts, Clase D, 1 altavoz Turbosound de 15\u201d pulgadas, SPLm\u00e1ximo: 123 dB, gabinete: Part\u00edculas laminadas, rejilla de acero, entrada: 1\/4\u201dTS, salida directa: XLR, salida de afinador: 1\/4\u201d TS jack, Inserto FX send\/return: 2 jack TS de 1\/4\u201d, auxiliar: 2 RCA, 10 kohms, desbalanceado, controles: Ganancia, Ultra Low, Bass, Mid, Mid Freq, Treble, Ultra high, fuente de alimentaci\u00f3n: 120V~, 60 Hz (T8 A H 250V), dimensiones: 566 x 461 x 452 mm, peso: 22 kg.","robots":{"index":"index","follow":"follow","max-snippet":"max-snippet:-1","max-image-preview":"max-image-preview:large","max-video-preview":"max-video-preview:-1"},"canonical":"https:\/\/www.mexicanguitarplayers.com\/en\/tienda\/sin categor\u00eda\/combo-bugera-p-bajo-mod-bxd15a\/","og_locale":"en_US","og_type":"article","og_title":"COMBO BUGERA P\/BAJO MOD. BXD15A - Mexican Guitar Players","og_description":"Combo para bajo, 1,000 watts, Clase D, 1 altavoz Turbosound de 15\u201d pulgadas, SPLm\u00e1ximo: 123 dB, gabinete: Part\u00edculas laminadas, rejilla de acero, entrada: 1\/4\u201dTS, salida directa: XLR, salida de afinador: 1\/4\u201d TS jack, Inserto FX send\/return: 2 jack TS de 1\/4\u201d, auxiliar: 2 RCA, 10 kohms, desbalanceado, controles: Ganancia, Ultra Low, Bass, Mid, Mid Freq, Treble, Ultra high, fuente de alimentaci\u00f3n: 120V~, 60 Hz (T8 A H 250V), dimensiones: 566 x 461 x 452 mm, peso: 22 kg.","og_url":"https:\/\/www.mexicanguitarplayers.com\/en\/tienda\/sin categor\u00eda\/combo-bugera-p-bajo-mod-bxd15a\/","og_site_name":"Mexican Guitar Players","article_modified_time":"2026-04-10T10:24:34+00:00","twitter_card":"summary_large_image","twitter_misc":{"Est. reading time":"3 minutes"},"schema":{"@context":"https:\/\/schema.org","@graph":[{"@type":["WebPage","ItemPage"],"@id":"https:\/\/www.mexicanguitarplayers.com\/tienda\/sin categor\u00eda\/combo-bugera-p-bajo-mod-bxd15a\/","url":"https:\/\/www.mexicanguitarplayers.com\/tienda\/sin categor\u00eda\/combo-bugera-p-bajo-mod-bxd15a\/","name":"COMBO BUGERA P\/BAJO MOD. BXD15A - Mexican Guitar Players","isPartOf":{"@id":"https:\/\/www.mexicanguitarplayers.com\/#website"},"primaryImageOfPage":{"@id":"https:\/\/www.mexicanguitarplayers.com\/tienda\/sin categor\u00eda\/combo-bugera-p-bajo-mod-bxd15a\/#primaryimage"},"image":{"@id":"https:\/\/www.mexicanguitarplayers.com\/tienda\/sin categor\u00eda\/combo-bugera-p-bajo-mod-bxd15a\/#primaryimage"},"thumbnailUrl":"https:\/\/www.mexicanguitarplayers.com\/wp-content\/uploads\/2025\/04\/ICBUGBXD15A.jpg","datePublished":"2025-04-09T11:42:12+00:00","dateModified":"2026-04-10T10:24:34+00:00","description":"Combo para bajo, 1,000 watts, Clase D, 1 altavoz Turbosound de 15\u201d pulgadas, SPLm\u00e1ximo: 123 dB, gabinete: Part\u00edculas laminadas, rejilla de acero, entrada: 1\/4\u201dTS, salida directa: XLR, salida de afinador: 1\/4\u201d TS jack, Inserto FX send\/return: 2 jack TS de 1\/4\u201d, auxiliar: 2 RCA, 10 kohms, desbalanceado, controles: Ganancia, Ultra Low, Bass, Mid, Mid Freq, Treble, Ultra high, fuente de alimentaci\u00f3n: 120V~, 60 Hz (T8 A H 250V), dimensiones: 566 x 461 x 452 mm, peso: 22 kg.","breadcrumb":{"@id":"https:\/\/www.mexicanguitarplayers.com\/tienda\/sin categor\u00eda\/combo-bugera-p-bajo-mod-bxd15a\/#breadcrumb"},"inLanguage":"en-US","potentialAction":[{"@type":"ReadAction","target":["https:\/\/www.mexicanguitarplayers.com\/tienda\/sin categor\u00eda\/combo-bugera-p-bajo-mod-bxd15a\/"]}]},{"@type":"ImageObject","inLanguage":"en-US","@id":"https:\/\/www.mexicanguitarplayers.com\/tienda\/sin categor\u00eda\/combo-bugera-p-bajo-mod-bxd15a\/#primaryimage","url":"https:\/\/www.mexicanguitarplayers.com\/wp-content\/uploads\/2025\/04\/ICBUGBXD15A.jpg","contentUrl":"https:\/\/www.mexicanguitarplayers.com\/wp-content\/uploads\/2025\/04\/ICBUGBXD15A.jpg","width":1200,"height":1200},{"@type":"BreadcrumbList","@id":"https:\/\/www.mexicanguitarplayers.com\/tienda\/sin categor\u00eda\/combo-bugera-p-bajo-mod-bxd15a\/#breadcrumb","itemListElement":[{"@type":"ListItem","position":1,"name":"Portada","item":"https:\/\/www.mexicanguitarplayers.com\/"},{"@type":"ListItem","position":2,"name":"Tienda","item":"https:\/\/www.mexicanguitarplayers.com\/tienda\/"},{"@type":"ListItem","position":3,"name":"COMBO BUGERA P\/BAJO MOD. BXD15A"}]},{"@type":"WebSite","@id":"https:\/\/www.mexicanguitarplayers.com\/#website","url":"https:\/\/www.mexicanguitarplayers.com\/","name":"Mexican Guitar Players","description":"Website","publisher":{"@id":"https:\/\/www.mexicanguitarplayers.com\/#organization"},"potentialAction":[{"@type":"SearchAction","target":{"@type":"EntryPoint","urlTemplate":"https:\/\/www.mexicanguitarplayers.com\/?s={search_term_string}"},"query-input":{"@type":"PropertyValueSpecification","valueRequired":true,"valueName":"search_term_string"}}],"inLanguage":"en-US"},{"@type":"Organization","@id":"https:\/\/www.mexicanguitarplayers.com\/#organization","name":"Mexican Guitar Players","url":"https:\/\/www.mexicanguitarplayers.com\/","logo":{"@type":"ImageObject","inLanguage":"en-US","@id":"https:\/\/www.mexicanguitarplayers.com\/#\/schema\/logo\/image\/","url":"","contentUrl":"","caption":"Mexican Guitar Players"},"image":{"@id":"https:\/\/www.mexicanguitarplayers.com\/#\/schema\/logo\/image\/"}}]}},"brands":[{"id":173,"name":"BUGERA","slug":"bugera"}],"_links":{"self":[{"href":"https:\/\/www.mexicanguitarplayers.com\/en\/wp-json\/wp\/v2\/product\/37399","targetHints":{"allow":["GET"]}}],"collection":[{"href":"https:\/\/www.mexicanguitarplayers.com\/en\/wp-json\/wp\/v2\/product"}],"about":[{"href":"https:\/\/www.mexicanguitarplayers.com\/en\/wp-json\/wp\/v2\/types\/product"}],"replies":[{"embeddable":true,"href":"https:\/\/www.mexicanguitarplayers.com\/en\/wp-json\/wp\/v2\/comments?post=37399"}],"wp:featuredmedia":[{"embeddable":true,"href":"https:\/\/www.mexicanguitarplayers.com\/en\/wp-json\/wp\/v2\/media\/37397"}],"wp:attachment":[{"href":"https:\/\/www.mexicanguitarplayers.com\/en\/wp-json\/wp\/v2\/media?parent=37399"}],"wp:term":[{"taxonomy":"pwb-brand","embeddable":true,"href":"https:\/\/www.mexicanguitarplayers.com\/en\/wp-json\/wp\/v2\/pwb-brand?post=37399"},{"taxonomy":"product_brand","embeddable":true,"href":"https:\/\/www.mexicanguitarplayers.com\/en\/wp-json\/wp\/v2\/product_brand?post=37399"},{"taxonomy":"product_cat","embeddable":true,"href":"https:\/\/www.mexicanguitarplayers.com\/en\/wp-json\/wp\/v2\/product_cat?post=37399"},{"taxonomy":"product_tag","embeddable":true,"href":"https:\/\/www.mexicanguitarplayers.com\/en\/wp-json\/wp\/v2\/product_tag?post=37399"}],"curies":[{"name":"wp","href":"https:\/\/api.w.org\/{rel}","templated":true}]}}