{"id":37414,"date":"2025-04-09T05:42:31","date_gmt":"2025-04-09T11:42:31","guid":{"rendered":"https:\/\/www.mexicanguitarplayers.com\/tienda\/sin categor\u00eda\/microfono-sennheiser-ew-d-skm-s-base-set\/"},"modified":"2026-05-01T07:19:30","modified_gmt":"2026-05-01T13:19:30","slug":"microfono-sennheiser-ew-d-skm-s-base-set","status":"publish","type":"product","link":"https:\/\/www.mexicanguitarplayers.com\/en\/tienda\/audio\/sistema-de-monitoreo-personal\/transmisores-y-receptores-sistema-de-monitoreo-personal\/microfono-sennheiser-ew-d-skm-s-base-set\/","title":{"rendered":"MICROFONO SENNHEISER EW-D SKM-S BASE SET"},"content":{"rendered":"<div style=\"text-align: justify\">\n<div>\n<h3>Espacio equidistante, m\u00e1s simple de lo que parece.<\/h3>\n<\/div>\n<div>Sistema de microfon\u00eda inal\u00e1mbrica para vocalistas o aplicaciones de habla como conferencias o presentaciones, (no incluye capsula) transmisi\u00f3n de audio digital que opera en el espectro UHF, la aplicaci\u00f3n Smart Assist se conecta por medio de Bluetooth low latency para una configuraci\u00f3n y operaci\u00f3n a distancia directo en tu smartphone (compatible con IOS y Android, gesti\u00f3n y escaneo autom\u00e1tico de frecuencias libres con un m\u00ednimo de tiempo y esfuerzo, rango din\u00e1mico de entrada de 134 dB que elimina la necesidad de ajustes de sensibilidad y conserva cada detalle del sonido, la eliminaci\u00f3n de la intermodulaci\u00f3n permite colocar los canales en una distancia de sintonizaci\u00f3n equidistante con una separaci\u00f3n de 600 kHz entre cada canal, cuenta con 56 MHz de ancho de banda que permite colocar hasta 90 canales simult\u00e1neos (con distribuidores de se\u00f1al y antenas externas), 2,240 frecuencias seleccionables que permiten un ajuste fino, hasta 8 horas de funcionamiento usando 2 pilas AA (incluidas) o 12 horas usando el paquete de bater\u00edas recargables de litio (no incluidas), accesorios incluidos: receptor de rack EW-D EM, transmisor de mano EW-D SKM-S, clamp de micr\u00f3fono MZQ 1, 2 antenas de 1\/4 de onda, fuente de alimentaci\u00f3n con adaptadores por pa\u00eds, set de montaje en rack, 4 patas de goma, gu\u00eda r\u00e1pida, gu\u00eda de seguridad y hoja de declaraci\u00f3n del fabricante.<\/div>\n<div>\n<h4>Quick look<\/h4>\n<\/div>\n<ul style=\"margin: 0px 0px 0px 25px\">\n<li style=\"list-style-type: circle;margin: 5px\">Rango de frecuencia.<\/li>\n<li style=\"list-style-type: circle;margin: 5px\">Distorsi\u00f3n arm\u00f3nica total.<\/li>\n<li style=\"list-style-type: circle;margin: 5px\">Temperatura de funcionamiento.<\/li>\n<li style=\"list-style-type: circle;margin: 5px\">Humedad relativa de funcionamiento.<\/li>\n<li style=\"list-style-type: circle;margin: 5px\">Repuesta de frecuencia de audio.<\/li>\n<li style=\"list-style-type: circle;margin: 5px\">EW-D EM<\/li>\n<li style=\"list-style-type: circle;margin: 5px\">EW-D SKM-S.<\/li>\n<li style=\"list-style-type: circle;margin: 5px\">Accessories included.<\/li>\n<\/ul>\n<div>\n<div style=\"font-weight: bold\">Rango de frecuencia.<\/div>\n<div>\n<p>470.2 &#8211; 526 MHz.<\/p>\n<\/div>\n<div style=\"font-weight: bold\">Distorsi\u00f3n arm\u00f3nica total.<\/div>\n<div>\n<p>= -60 dB para 1 kHz @ -3 dBfs nivel de entrada.<\/p>\n<\/div>\n<div style=\"font-weight: bold\">Temperatura de funcionamiento.<\/div>\n<div>\n<p>-10 \u00b0C &#8211; +55 \u00b0C.<\/p>\n<\/div>\n<div style=\"font-weight: bold\">Humedad relativa de funcionamiento.<\/div>\n<div>\n<p>5 &#8211; 95 % (sin condensaci\u00f3n).<\/p>\n<\/div>\n<div style=\"font-weight: bold\">Repuesta de frecuencia de audio.<\/div>\n<div>\n<p>20 Hz &#8211; 20 kHz (-3 dB) @ 3 dBfs.<\/p>\n<\/div>\n<div style=\"font-weight: bold\">EW-D EM<\/div>\n<div>\n<p>Dimensiones: 212 x 44 x 189 mm. Peso: 1 kg (sin antenas ni fuente de alimentaci\u00f3n). Consumo de energ\u00eda: = 300 mA. Rango de voltaje de entrada: 11 &#8211; 13 V. Nivel de salida de audio: 18 dBu m\u00e1x. Transmisi\u00f3n de energ\u00eda: BLE: m\u00e1x. 10 mW EIRP.<\/p>\n<\/div>\n<div style=\"font-weight: bold\">EW-D SKM-S.<\/div>\n<div>\n<p>Dimensiones con m\u00f3dulo MMD 835: 50 x 268 mm. Dimensiones sin m\u00f3dulo MMD 835: 40 x 200 mm. Peso con m\u00f3dulo MMD 835: 304 g. Peso sin m\u00f3dulo MMD 835: 195 g. Fuente de alimentaci\u00f3n: 2 bater\u00edas AA 1.5 V (manganeso alcalino) o paquete de bater\u00edas recargables BA 70. Consumo de energ\u00eda: &lt; 300 mA. Rango de voltaje de entrada: 2.0 &#8211; 4.35 V. Poder de transmisi\u00f3n:  Audio link: 10 mW. ERP (Rango Y1-3: 12 mW ERP). BLE: m\u00e1x. 10 mW EIRP.<\/p>\n<\/div>\n<div style=\"font-weight: bold\">Accessories included.<\/div>\n<div>\n<p>Receptor de rack EW-D EM. Transmisor de mano EW-D SKM. 2 antenas de varilla. Fuente de alimentaci\u00f3n con adaptadores de pa\u00eds. Set de montaje en rack. 4 patas de goma. Gu\u00eda r\u00e1pida. Gu\u00eda de seguridad. Hoja de declaraci\u00f3n del fabricante.<\/p>\n<\/div>\n<\/div>\n<\/div>","protected":false},"excerpt":{"rendered":"<p>Sistema de microfon\u00eda inal\u00e1mbrica digital para vocalistas, cantantes o aplicaciones del habla, cuenta con gesti\u00f3n y escaneo de frecuencias libres autom\u00e1tica directo en tu smartphone v\u00eda bluetooth de baja latencia por medio de la EW-D Smart Assist App. Incluye transmisor de mano liviano con switch de mute integrado, receptor en formato de rack con chasis de metal, transmisi\u00f3n en UHF y hasta 90 sistemas simult\u00e1neos gracias a su tecnolog\u00eda de sintonizaci\u00f3n equidistante encontrada en la serie 6000 uno de sus sistemas profesionales m\u00e1s usados a nivel mundial, (no incluye capsula).&hellip; <a class=\"kt-excerpt-readmore more-link\" href=\"https:\/\/www.mexicanguitarplayers.com\/en\/tienda\/audio\/sistema-de-monitoreo-personal\/transmisores-y-receptores-sistema-de-monitoreo-personal\/microfono-sennheiser-ew-d-skm-s-base-set\/\">Read more<\/a><\/p>","protected":false},"featured_media":37413,"comment_status":"open","ping_status":"closed","template":"","meta":{"kt_blocks_editor_width":""},"pwb-brand":[176],"product_brand":[],"product_cat":[213,214,231,245],"product_tag":[],"class_list":{"0":"post-37414","1":"product","2":"type-product","3":"status-publish","4":"has-post-thumbnail","6":"pwb-brand-sennheiser","7":"product_cat-audio","8":"product_cat-microfonia","9":"product_cat-microfonos-inalambricos","10":"product_cat-transmisores-y-receptores-sistema-de-monitoreo-personal","11":"product_shipping_class-0-5-kg","13":"first","14":"instock","15":"taxable","16":"shipping-taxable","17":"purchasable","18":"product-type-simple"},"yoast_head":"<!-- This site is optimized with the Yoast SEO plugin v27.5 - https:\/\/yoast.com\/product\/yoast-seo-wordpress\/ -->\n<title>MICROFONO SENNHEISER EW-D SKM-S BASE SET - Mexican Guitar Players<\/title>\n<meta name=\"description\" content=\"Sistema de microfon\u00eda inal\u00e1mbrica digital para vocalistas, cantantes o aplicaciones del habla, cuenta con gesti\u00f3n y escaneo de frecuencias libres autom\u00e1tica directo en tu smartphone v\u00eda bluetooth de baja latencia por medio de la EW-D Smart Assist App. Incluye transmisor de mano liviano con switch de mute integrado, receptor en formato de rack con chasis de metal, transmisi\u00f3n en UHF y hasta 90 sistemas simult\u00e1neos gracias a su tecnolog\u00eda de sintonizaci\u00f3n equidistante encontrada en la serie 6000 uno de sus sistemas profesionales m\u00e1s usados a nivel mundial, (no incluye capsula).\" \/>\n<meta name=\"robots\" content=\"index, follow, max-snippet:-1, max-image-preview:large, max-video-preview:-1\" \/>\n<link rel=\"canonical\" href=\"https:\/\/www.mexicanguitarplayers.com\/en\/tienda\/sin%20categor\u00eda\/microfono-sennheiser-ew-d-skm-s-base-set\/\" \/>\n<meta property=\"og:locale\" content=\"en_US\" \/>\n<meta property=\"og:type\" content=\"article\" \/>\n<meta property=\"og:title\" content=\"MICROFONO SENNHEISER EW-D SKM-S BASE SET - Mexican Guitar Players\" \/>\n<meta property=\"og:description\" content=\"Sistema de microfon\u00eda inal\u00e1mbrica digital para vocalistas, cantantes o aplicaciones del habla, cuenta con gesti\u00f3n y escaneo de frecuencias libres autom\u00e1tica directo en tu smartphone v\u00eda bluetooth de baja latencia por medio de la EW-D Smart Assist App. Incluye transmisor de mano liviano con switch de mute integrado, receptor en formato de rack con chasis de metal, transmisi\u00f3n en UHF y hasta 90 sistemas simult\u00e1neos gracias a su tecnolog\u00eda de sintonizaci\u00f3n equidistante encontrada en la serie 6000 uno de sus sistemas profesionales m\u00e1s usados a nivel mundial, (no incluye capsula).\" \/>\n<meta property=\"og:url\" content=\"https:\/\/www.mexicanguitarplayers.com\/en\/tienda\/sin categor\u00eda\/microfono-sennheiser-ew-d-skm-s-base-set\/\" \/>\n<meta property=\"og:site_name\" content=\"Mexican Guitar Players\" \/>\n<meta property=\"article:modified_time\" content=\"2026-05-01T13:19:30+00:00\" \/>\n<meta name=\"twitter:card\" content=\"summary_large_image\" \/>\n<meta name=\"twitter:label1\" content=\"Est. reading time\" \/>\n\t<meta name=\"twitter:data1\" content=\"2 minutes\" \/>\n<script type=\"application\/ld+json\" class=\"yoast-schema-graph\">{\"@context\":\"https:\\\/\\\/schema.org\",\"@graph\":[{\"@type\":[\"WebPage\",\"ItemPage\"],\"@id\":\"https:\\\/\\\/www.mexicanguitarplayers.com\\\/tienda\\\/sin categor\u00eda\\\/microfono-sennheiser-ew-d-skm-s-base-set\\\/\",\"url\":\"https:\\\/\\\/www.mexicanguitarplayers.com\\\/tienda\\\/sin categor\u00eda\\\/microfono-sennheiser-ew-d-skm-s-base-set\\\/\",\"name\":\"MICROFONO SENNHEISER EW-D SKM-S BASE SET - Mexican Guitar Players\",\"isPartOf\":{\"@id\":\"https:\\\/\\\/www.mexicanguitarplayers.com\\\/#website\"},\"primaryImageOfPage\":{\"@id\":\"https:\\\/\\\/www.mexicanguitarplayers.com\\\/tienda\\\/sin categor\u00eda\\\/microfono-sennheiser-ew-d-skm-s-base-set\\\/#primaryimage\"},\"image\":{\"@id\":\"https:\\\/\\\/www.mexicanguitarplayers.com\\\/tienda\\\/sin categor\u00eda\\\/microfono-sennheiser-ew-d-skm-s-base-set\\\/#primaryimage\"},\"thumbnailUrl\":\"https:\\\/\\\/www.mexicanguitarplayers.com\\\/wp-content\\\/uploads\\\/2025\\\/04\\\/IASENEWDSKMSBA.jpg\",\"datePublished\":\"2025-04-09T11:42:31+00:00\",\"dateModified\":\"2026-05-01T13:19:30+00:00\",\"description\":\"Sistema de microfon\u00eda inal\u00e1mbrica digital para vocalistas, cantantes o aplicaciones del habla, cuenta con gesti\u00f3n y escaneo de frecuencias libres autom\u00e1tica directo en tu smartphone v\u00eda bluetooth de baja latencia por medio de la EW-D Smart Assist App. Incluye transmisor de mano liviano con switch de mute integrado, receptor en formato de rack con chasis de metal, transmisi\u00f3n en UHF y hasta 90 sistemas simult\u00e1neos gracias a su tecnolog\u00eda de sintonizaci\u00f3n equidistante encontrada en la serie 6000 uno de sus sistemas profesionales m\u00e1s usados a nivel mundial, (no incluye capsula).\",\"breadcrumb\":{\"@id\":\"https:\\\/\\\/www.mexicanguitarplayers.com\\\/tienda\\\/sin categor\u00eda\\\/microfono-sennheiser-ew-d-skm-s-base-set\\\/#breadcrumb\"},\"inLanguage\":\"en-US\",\"potentialAction\":[{\"@type\":\"ReadAction\",\"target\":[\"https:\\\/\\\/www.mexicanguitarplayers.com\\\/tienda\\\/sin categor\u00eda\\\/microfono-sennheiser-ew-d-skm-s-base-set\\\/\"]}]},{\"@type\":\"ImageObject\",\"inLanguage\":\"en-US\",\"@id\":\"https:\\\/\\\/www.mexicanguitarplayers.com\\\/tienda\\\/sin categor\u00eda\\\/microfono-sennheiser-ew-d-skm-s-base-set\\\/#primaryimage\",\"url\":\"https:\\\/\\\/www.mexicanguitarplayers.com\\\/wp-content\\\/uploads\\\/2025\\\/04\\\/IASENEWDSKMSBA.jpg\",\"contentUrl\":\"https:\\\/\\\/www.mexicanguitarplayers.com\\\/wp-content\\\/uploads\\\/2025\\\/04\\\/IASENEWDSKMSBA.jpg\",\"width\":1200,\"height\":1200},{\"@type\":\"BreadcrumbList\",\"@id\":\"https:\\\/\\\/www.mexicanguitarplayers.com\\\/tienda\\\/sin categor\u00eda\\\/microfono-sennheiser-ew-d-skm-s-base-set\\\/#breadcrumb\",\"itemListElement\":[{\"@type\":\"ListItem\",\"position\":1,\"name\":\"Portada\",\"item\":\"https:\\\/\\\/www.mexicanguitarplayers.com\\\/\"},{\"@type\":\"ListItem\",\"position\":2,\"name\":\"Tienda\",\"item\":\"https:\\\/\\\/www.mexicanguitarplayers.com\\\/tienda\\\/\"},{\"@type\":\"ListItem\",\"position\":3,\"name\":\"MICROFONO SENNHEISER EW-D SKM-S BASE SET\"}]},{\"@type\":\"WebSite\",\"@id\":\"https:\\\/\\\/www.mexicanguitarplayers.com\\\/#website\",\"url\":\"https:\\\/\\\/www.mexicanguitarplayers.com\\\/\",\"name\":\"Mexican Guitar Players\",\"description\":\"Website\",\"publisher\":{\"@id\":\"https:\\\/\\\/www.mexicanguitarplayers.com\\\/#organization\"},\"potentialAction\":[{\"@type\":\"SearchAction\",\"target\":{\"@type\":\"EntryPoint\",\"urlTemplate\":\"https:\\\/\\\/www.mexicanguitarplayers.com\\\/?s={search_term_string}\"},\"query-input\":{\"@type\":\"PropertyValueSpecification\",\"valueRequired\":true,\"valueName\":\"search_term_string\"}}],\"inLanguage\":\"en-US\"},{\"@type\":\"Organization\",\"@id\":\"https:\\\/\\\/www.mexicanguitarplayers.com\\\/#organization\",\"name\":\"Mexican Guitar Players\",\"url\":\"https:\\\/\\\/www.mexicanguitarplayers.com\\\/\",\"logo\":{\"@type\":\"ImageObject\",\"inLanguage\":\"en-US\",\"@id\":\"https:\\\/\\\/www.mexicanguitarplayers.com\\\/#\\\/schema\\\/logo\\\/image\\\/\",\"url\":\"\",\"contentUrl\":\"\",\"caption\":\"Mexican Guitar Players\"},\"image\":{\"@id\":\"https:\\\/\\\/www.mexicanguitarplayers.com\\\/#\\\/schema\\\/logo\\\/image\\\/\"}}]}<\/script>\n<!-- \/ Yoast SEO plugin. -->","yoast_head_json":{"title":"MICROFONO SENNHEISER EW-D SKM-S BASE SET - Mexican Guitar Players","description":"Sistema de microfon\u00eda inal\u00e1mbrica digital para vocalistas, cantantes o aplicaciones del habla, cuenta con gesti\u00f3n y escaneo de frecuencias libres autom\u00e1tica directo en tu smartphone v\u00eda bluetooth de baja latencia por medio de la EW-D Smart Assist App. Incluye transmisor de mano liviano con switch de mute integrado, receptor en formato de rack con chasis de metal, transmisi\u00f3n en UHF y hasta 90 sistemas simult\u00e1neos gracias a su tecnolog\u00eda de sintonizaci\u00f3n equidistante encontrada en la serie 6000 uno de sus sistemas profesionales m\u00e1s usados a nivel mundial, (no incluye capsula).","robots":{"index":"index","follow":"follow","max-snippet":"max-snippet:-1","max-image-preview":"max-image-preview:large","max-video-preview":"max-video-preview:-1"},"canonical":"https:\/\/www.mexicanguitarplayers.com\/en\/tienda\/sin categor\u00eda\/microfono-sennheiser-ew-d-skm-s-base-set\/","og_locale":"en_US","og_type":"article","og_title":"MICROFONO SENNHEISER EW-D SKM-S BASE SET - Mexican Guitar Players","og_description":"Sistema de microfon\u00eda inal\u00e1mbrica digital para vocalistas, cantantes o aplicaciones del habla, cuenta con gesti\u00f3n y escaneo de frecuencias libres autom\u00e1tica directo en tu smartphone v\u00eda bluetooth de baja latencia por medio de la EW-D Smart Assist App. Incluye transmisor de mano liviano con switch de mute integrado, receptor en formato de rack con chasis de metal, transmisi\u00f3n en UHF y hasta 90 sistemas simult\u00e1neos gracias a su tecnolog\u00eda de sintonizaci\u00f3n equidistante encontrada en la serie 6000 uno de sus sistemas profesionales m\u00e1s usados a nivel mundial, (no incluye capsula).","og_url":"https:\/\/www.mexicanguitarplayers.com\/en\/tienda\/sin categor\u00eda\/microfono-sennheiser-ew-d-skm-s-base-set\/","og_site_name":"Mexican Guitar Players","article_modified_time":"2026-05-01T13:19:30+00:00","twitter_card":"summary_large_image","twitter_misc":{"Est. reading time":"2 minutes"},"schema":{"@context":"https:\/\/schema.org","@graph":[{"@type":["WebPage","ItemPage"],"@id":"https:\/\/www.mexicanguitarplayers.com\/tienda\/sin categor\u00eda\/microfono-sennheiser-ew-d-skm-s-base-set\/","url":"https:\/\/www.mexicanguitarplayers.com\/tienda\/sin categor\u00eda\/microfono-sennheiser-ew-d-skm-s-base-set\/","name":"MICROFONO SENNHEISER EW-D SKM-S BASE SET - Mexican Guitar Players","isPartOf":{"@id":"https:\/\/www.mexicanguitarplayers.com\/#website"},"primaryImageOfPage":{"@id":"https:\/\/www.mexicanguitarplayers.com\/tienda\/sin categor\u00eda\/microfono-sennheiser-ew-d-skm-s-base-set\/#primaryimage"},"image":{"@id":"https:\/\/www.mexicanguitarplayers.com\/tienda\/sin categor\u00eda\/microfono-sennheiser-ew-d-skm-s-base-set\/#primaryimage"},"thumbnailUrl":"https:\/\/www.mexicanguitarplayers.com\/wp-content\/uploads\/2025\/04\/IASENEWDSKMSBA.jpg","datePublished":"2025-04-09T11:42:31+00:00","dateModified":"2026-05-01T13:19:30+00:00","description":"Sistema de microfon\u00eda inal\u00e1mbrica digital para vocalistas, cantantes o aplicaciones del habla, cuenta con gesti\u00f3n y escaneo de frecuencias libres autom\u00e1tica directo en tu smartphone v\u00eda bluetooth de baja latencia por medio de la EW-D Smart Assist App. Incluye transmisor de mano liviano con switch de mute integrado, receptor en formato de rack con chasis de metal, transmisi\u00f3n en UHF y hasta 90 sistemas simult\u00e1neos gracias a su tecnolog\u00eda de sintonizaci\u00f3n equidistante encontrada en la serie 6000 uno de sus sistemas profesionales m\u00e1s usados a nivel mundial, (no incluye capsula).","breadcrumb":{"@id":"https:\/\/www.mexicanguitarplayers.com\/tienda\/sin categor\u00eda\/microfono-sennheiser-ew-d-skm-s-base-set\/#breadcrumb"},"inLanguage":"en-US","potentialAction":[{"@type":"ReadAction","target":["https:\/\/www.mexicanguitarplayers.com\/tienda\/sin categor\u00eda\/microfono-sennheiser-ew-d-skm-s-base-set\/"]}]},{"@type":"ImageObject","inLanguage":"en-US","@id":"https:\/\/www.mexicanguitarplayers.com\/tienda\/sin categor\u00eda\/microfono-sennheiser-ew-d-skm-s-base-set\/#primaryimage","url":"https:\/\/www.mexicanguitarplayers.com\/wp-content\/uploads\/2025\/04\/IASENEWDSKMSBA.jpg","contentUrl":"https:\/\/www.mexicanguitarplayers.com\/wp-content\/uploads\/2025\/04\/IASENEWDSKMSBA.jpg","width":1200,"height":1200},{"@type":"BreadcrumbList","@id":"https:\/\/www.mexicanguitarplayers.com\/tienda\/sin categor\u00eda\/microfono-sennheiser-ew-d-skm-s-base-set\/#breadcrumb","itemListElement":[{"@type":"ListItem","position":1,"name":"Portada","item":"https:\/\/www.mexicanguitarplayers.com\/"},{"@type":"ListItem","position":2,"name":"Tienda","item":"https:\/\/www.mexicanguitarplayers.com\/tienda\/"},{"@type":"ListItem","position":3,"name":"MICROFONO SENNHEISER EW-D SKM-S BASE SET"}]},{"@type":"WebSite","@id":"https:\/\/www.mexicanguitarplayers.com\/#website","url":"https:\/\/www.mexicanguitarplayers.com\/","name":"Mexican Guitar Players","description":"Website","publisher":{"@id":"https:\/\/www.mexicanguitarplayers.com\/#organization"},"potentialAction":[{"@type":"SearchAction","target":{"@type":"EntryPoint","urlTemplate":"https:\/\/www.mexicanguitarplayers.com\/?s={search_term_string}"},"query-input":{"@type":"PropertyValueSpecification","valueRequired":true,"valueName":"search_term_string"}}],"inLanguage":"en-US"},{"@type":"Organization","@id":"https:\/\/www.mexicanguitarplayers.com\/#organization","name":"Mexican Guitar Players","url":"https:\/\/www.mexicanguitarplayers.com\/","logo":{"@type":"ImageObject","inLanguage":"en-US","@id":"https:\/\/www.mexicanguitarplayers.com\/#\/schema\/logo\/image\/","url":"","contentUrl":"","caption":"Mexican Guitar Players"},"image":{"@id":"https:\/\/www.mexicanguitarplayers.com\/#\/schema\/logo\/image\/"}}]}},"brands":[{"id":176,"name":"SENNHEISER","slug":"sennheiser"}],"_links":{"self":[{"href":"https:\/\/www.mexicanguitarplayers.com\/en\/wp-json\/wp\/v2\/product\/37414","targetHints":{"allow":["GET"]}}],"collection":[{"href":"https:\/\/www.mexicanguitarplayers.com\/en\/wp-json\/wp\/v2\/product"}],"about":[{"href":"https:\/\/www.mexicanguitarplayers.com\/en\/wp-json\/wp\/v2\/types\/product"}],"replies":[{"embeddable":true,"href":"https:\/\/www.mexicanguitarplayers.com\/en\/wp-json\/wp\/v2\/comments?post=37414"}],"wp:featuredmedia":[{"embeddable":true,"href":"https:\/\/www.mexicanguitarplayers.com\/en\/wp-json\/wp\/v2\/media\/37413"}],"wp:attachment":[{"href":"https:\/\/www.mexicanguitarplayers.com\/en\/wp-json\/wp\/v2\/media?parent=37414"}],"wp:term":[{"taxonomy":"pwb-brand","embeddable":true,"href":"https:\/\/www.mexicanguitarplayers.com\/en\/wp-json\/wp\/v2\/pwb-brand?post=37414"},{"taxonomy":"product_brand","embeddable":true,"href":"https:\/\/www.mexicanguitarplayers.com\/en\/wp-json\/wp\/v2\/product_brand?post=37414"},{"taxonomy":"product_cat","embeddable":true,"href":"https:\/\/www.mexicanguitarplayers.com\/en\/wp-json\/wp\/v2\/product_cat?post=37414"},{"taxonomy":"product_tag","embeddable":true,"href":"https:\/\/www.mexicanguitarplayers.com\/en\/wp-json\/wp\/v2\/product_tag?post=37414"}],"curies":[{"name":"wp","href":"https:\/\/api.w.org\/{rel}","templated":true}]}}