{"id":37420,"date":"2025-04-09T05:42:37","date_gmt":"2025-04-09T11:42:37","guid":{"rendered":"https:\/\/www.mexicanguitarplayers.com\/tienda\/sin categor\u00eda\/parche-evans-24-mod-bd24gb4ct\/"},"modified":"2026-04-10T04:24:29","modified_gmt":"2026-04-10T10:24:29","slug":"parche-evans-24-mod-bd24gb4ct","status":"publish","type":"product","link":"https:\/\/www.mexicanguitarplayers.com\/en\/tienda\/accesorios\/para-bateria\/parches\/para-bombo\/parche-evans-24-mod-bd24gb4ct\/","title":{"rendered":"PARCHE EVANS 24      MOD. BD24GB4CT"},"content":{"rendered":"<div style=\"text-align: justify\">\n<div>\n<h3>Un sonido moderno con una vista vintage.<\/h3>\n<\/div>\n<div>Los parches Calftone de Evans son una alternativa sint\u00e9tica a la piel tradicional de becerro. Incorporan el aspecto y el sonido de una piel natural, pero con la resistencia, el ajuste y el rango de afinaci\u00f3n est\u00e1ndar con la tecnolog\u00eda Level 360. Estos parches sacan lo mejor de un kit vintage y evocan un aspecto cl\u00e1sico y el sonido de los tambores modernos. Calftone se fabrica utilizando una base de Mylar de 12 mil\u00e9simas de pulgada mezclada con materiales \u00fanicos para producir tonos c\u00e1lidos, llenos y ricos. Como un EQ4, un anillo interno fijo de control de arm\u00f3nicos, ayuda a enfocar la respuesta tonal del tambor. Puede ser utilizado tanto como parche de golpe como parche resonante.<\/div>\n<div>\n<h4>Characteristics<\/h4>\n<\/div>\n<div>\n<ul style=\"margin: 0px 0px 0px 25px\">\n<li style=\"list-style-type: circle;margin: 5px\">Parche para bombo de 24&#8243; pulgadas.<\/li>\n<li style=\"list-style-type: circle;margin: 5px\">Modelo Calftone.<\/li>\n<li style=\"list-style-type: circle;margin: 5px\">Parche sint\u00e9tico que emula un parche de cuero.<\/li>\n<li style=\"list-style-type: circle;margin: 5px\">Logotipo cl\u00e1sico de Evans.<\/li>\n<li style=\"list-style-type: circle;margin: 5px\">Una capa de pel\u00edcula de 12 mil\u00e9simas de pulgada.<\/li>\n<li style=\"list-style-type: circle;margin: 5px\">Tecnolog\u00eda Level 360.<\/li>\n<li style=\"list-style-type: circle;margin: 5px\">Fabricado en USA.<\/li>\n<\/ul>\n<\/div>\n<\/div>","protected":false},"excerpt":{"rendered":"<p>Parche de golpe o resonante para bombo de 24\u201d pulgadas, modelo Calftone, parche sint\u00e9tico que emula un parche de cuero, logotipo cl\u00e1sico de Evans, una capa de pel\u00edcula de 12 mil\u00e9simas de pulgada, tecnolog\u00eda Level 360, fabricado en USA.&hellip; <a class=\"kt-excerpt-readmore more-link\" href=\"https:\/\/www.mexicanguitarplayers.com\/en\/tienda\/accesorios\/para-bateria\/parches\/para-bombo\/parche-evans-24-mod-bd24gb4ct\/\">Read more<\/a><\/p>","protected":false},"featured_media":37419,"comment_status":"open","ping_status":"closed","template":"","meta":{"kt_blocks_editor_width":""},"pwb-brand":[366],"product_brand":[],"product_cat":[85,306,369,363],"product_tag":[],"class_list":{"0":"post-37420","1":"product","2":"type-product","3":"status-publish","4":"has-post-thumbnail","6":"pwb-brand-evans","7":"product_cat-accesorios","8":"product_cat-para-bateria","9":"product_cat-para-bombo","10":"product_cat-parches","11":"product_shipping_class-0-5-kg","13":"first","14":"outofstock","15":"taxable","16":"shipping-taxable","17":"purchasable","18":"product-type-simple"},"yoast_head":"<!-- This site is optimized with the Yoast SEO plugin v27.6 - https:\/\/yoast.com\/product\/yoast-seo-wordpress\/ -->\n<title>PARCHE EVANS 24   MOD. BD24GB4CT - Mexican Guitar Players<\/title>\n<meta name=\"description\" content=\"Parche de golpe o resonante para bombo de 24\u201d pulgadas, modelo Calftone, parche sint\u00e9tico que emula un parche de cuero, logotipo cl\u00e1sico de Evans, una capa de pel\u00edcula de 12 mil\u00e9simas de pulgada, tecnolog\u00eda Level 360, fabricado en USA.\" \/>\n<meta name=\"robots\" content=\"index, follow, max-snippet:-1, max-image-preview:large, max-video-preview:-1\" \/>\n<link rel=\"canonical\" href=\"https:\/\/www.mexicanguitarplayers.com\/en\/tienda\/sin%20categor\u00eda\/parche-evans-24-mod-bd24gb4ct\/\" \/>\n<meta property=\"og:locale\" content=\"en_US\" \/>\n<meta property=\"og:type\" content=\"article\" \/>\n<meta property=\"og:title\" content=\"PARCHE EVANS 24   MOD. BD24GB4CT - Mexican Guitar Players\" \/>\n<meta property=\"og:description\" content=\"Parche de golpe o resonante para bombo de 24\u201d pulgadas, modelo Calftone, parche sint\u00e9tico que emula un parche de cuero, logotipo cl\u00e1sico de Evans, una capa de pel\u00edcula de 12 mil\u00e9simas de pulgada, tecnolog\u00eda Level 360, fabricado en USA.\" \/>\n<meta property=\"og:url\" content=\"https:\/\/www.mexicanguitarplayers.com\/en\/tienda\/sin categor\u00eda\/parche-evans-24-mod-bd24gb4ct\/\" \/>\n<meta property=\"og:site_name\" content=\"Mexican Guitar Players\" \/>\n<meta property=\"article:modified_time\" content=\"2026-04-10T10:24:29+00:00\" \/>\n<meta name=\"twitter:card\" content=\"summary_large_image\" \/>\n<meta name=\"twitter:label1\" content=\"Est. reading time\" \/>\n\t<meta name=\"twitter:data1\" content=\"1 minute\" \/>\n<script type=\"application\/ld+json\" class=\"yoast-schema-graph\">{\"@context\":\"https:\\\/\\\/schema.org\",\"@graph\":[{\"@type\":[\"WebPage\",\"ItemPage\"],\"@id\":\"https:\\\/\\\/www.mexicanguitarplayers.com\\\/tienda\\\/sin categor\u00eda\\\/parche-evans-24-mod-bd24gb4ct\\\/\",\"url\":\"https:\\\/\\\/www.mexicanguitarplayers.com\\\/tienda\\\/sin categor\u00eda\\\/parche-evans-24-mod-bd24gb4ct\\\/\",\"name\":\"PARCHE EVANS 24 MOD. BD24GB4CT - Mexican Guitar Players\",\"isPartOf\":{\"@id\":\"https:\\\/\\\/www.mexicanguitarplayers.com\\\/#website\"},\"primaryImageOfPage\":{\"@id\":\"https:\\\/\\\/www.mexicanguitarplayers.com\\\/tienda\\\/sin categor\u00eda\\\/parche-evans-24-mod-bd24gb4ct\\\/#primaryimage\"},\"image\":{\"@id\":\"https:\\\/\\\/www.mexicanguitarplayers.com\\\/tienda\\\/sin categor\u00eda\\\/parche-evans-24-mod-bd24gb4ct\\\/#primaryimage\"},\"thumbnailUrl\":\"https:\\\/\\\/www.mexicanguitarplayers.com\\\/wp-content\\\/uploads\\\/2025\\\/04\\\/RAEVABD24GB4CT.jpg\",\"datePublished\":\"2025-04-09T11:42:37+00:00\",\"dateModified\":\"2026-04-10T10:24:29+00:00\",\"description\":\"Parche de golpe o resonante para bombo de 24\u201d pulgadas, modelo Calftone, parche sint\u00e9tico que emula un parche de cuero, logotipo cl\u00e1sico de Evans, una capa de pel\u00edcula de 12 mil\u00e9simas de pulgada, tecnolog\u00eda Level 360, fabricado en USA.\",\"breadcrumb\":{\"@id\":\"https:\\\/\\\/www.mexicanguitarplayers.com\\\/tienda\\\/sin categor\u00eda\\\/parche-evans-24-mod-bd24gb4ct\\\/#breadcrumb\"},\"inLanguage\":\"en-US\",\"potentialAction\":[{\"@type\":\"ReadAction\",\"target\":[\"https:\\\/\\\/www.mexicanguitarplayers.com\\\/tienda\\\/sin categor\u00eda\\\/parche-evans-24-mod-bd24gb4ct\\\/\"]}]},{\"@type\":\"ImageObject\",\"inLanguage\":\"en-US\",\"@id\":\"https:\\\/\\\/www.mexicanguitarplayers.com\\\/tienda\\\/sin categor\u00eda\\\/parche-evans-24-mod-bd24gb4ct\\\/#primaryimage\",\"url\":\"https:\\\/\\\/www.mexicanguitarplayers.com\\\/wp-content\\\/uploads\\\/2025\\\/04\\\/RAEVABD24GB4CT.jpg\",\"contentUrl\":\"https:\\\/\\\/www.mexicanguitarplayers.com\\\/wp-content\\\/uploads\\\/2025\\\/04\\\/RAEVABD24GB4CT.jpg\",\"width\":1200,\"height\":1200},{\"@type\":\"BreadcrumbList\",\"@id\":\"https:\\\/\\\/www.mexicanguitarplayers.com\\\/tienda\\\/sin categor\u00eda\\\/parche-evans-24-mod-bd24gb4ct\\\/#breadcrumb\",\"itemListElement\":[{\"@type\":\"ListItem\",\"position\":1,\"name\":\"Portada\",\"item\":\"https:\\\/\\\/www.mexicanguitarplayers.com\\\/\"},{\"@type\":\"ListItem\",\"position\":2,\"name\":\"Tienda\",\"item\":\"https:\\\/\\\/www.mexicanguitarplayers.com\\\/tienda\\\/\"},{\"@type\":\"ListItem\",\"position\":3,\"name\":\"PARCHE EVANS 24 MOD. BD24GB4CT\"}]},{\"@type\":\"WebSite\",\"@id\":\"https:\\\/\\\/www.mexicanguitarplayers.com\\\/#website\",\"url\":\"https:\\\/\\\/www.mexicanguitarplayers.com\\\/\",\"name\":\"Mexican Guitar Players\",\"description\":\"Website\",\"publisher\":{\"@id\":\"https:\\\/\\\/www.mexicanguitarplayers.com\\\/#organization\"},\"potentialAction\":[{\"@type\":\"SearchAction\",\"target\":{\"@type\":\"EntryPoint\",\"urlTemplate\":\"https:\\\/\\\/www.mexicanguitarplayers.com\\\/?s={search_term_string}\"},\"query-input\":{\"@type\":\"PropertyValueSpecification\",\"valueRequired\":true,\"valueName\":\"search_term_string\"}}],\"inLanguage\":\"en-US\"},{\"@type\":\"Organization\",\"@id\":\"https:\\\/\\\/www.mexicanguitarplayers.com\\\/#organization\",\"name\":\"Mexican Guitar Players\",\"url\":\"https:\\\/\\\/www.mexicanguitarplayers.com\\\/\",\"logo\":{\"@type\":\"ImageObject\",\"inLanguage\":\"en-US\",\"@id\":\"https:\\\/\\\/www.mexicanguitarplayers.com\\\/#\\\/schema\\\/logo\\\/image\\\/\",\"url\":\"\",\"contentUrl\":\"\",\"caption\":\"Mexican Guitar Players\"},\"image\":{\"@id\":\"https:\\\/\\\/www.mexicanguitarplayers.com\\\/#\\\/schema\\\/logo\\\/image\\\/\"}}]}<\/script>\n<!-- \/ Yoast SEO plugin. -->","yoast_head_json":{"title":"PARCHE EVANS 24   MOD. BD24GB4CT - Mexican Guitar Players","description":"Parche de golpe o resonante para bombo de 24\u201d pulgadas, modelo Calftone, parche sint\u00e9tico que emula un parche de cuero, logotipo cl\u00e1sico de Evans, una capa de pel\u00edcula de 12 mil\u00e9simas de pulgada, tecnolog\u00eda Level 360, fabricado en USA.","robots":{"index":"index","follow":"follow","max-snippet":"max-snippet:-1","max-image-preview":"max-image-preview:large","max-video-preview":"max-video-preview:-1"},"canonical":"https:\/\/www.mexicanguitarplayers.com\/en\/tienda\/sin categor\u00eda\/parche-evans-24-mod-bd24gb4ct\/","og_locale":"en_US","og_type":"article","og_title":"PARCHE EVANS 24   MOD. BD24GB4CT - Mexican Guitar Players","og_description":"Parche de golpe o resonante para bombo de 24\u201d pulgadas, modelo Calftone, parche sint\u00e9tico que emula un parche de cuero, logotipo cl\u00e1sico de Evans, una capa de pel\u00edcula de 12 mil\u00e9simas de pulgada, tecnolog\u00eda Level 360, fabricado en USA.","og_url":"https:\/\/www.mexicanguitarplayers.com\/en\/tienda\/sin categor\u00eda\/parche-evans-24-mod-bd24gb4ct\/","og_site_name":"Mexican Guitar Players","article_modified_time":"2026-04-10T10:24:29+00:00","twitter_card":"summary_large_image","twitter_misc":{"Est. reading time":"1 minute"},"schema":{"@context":"https:\/\/schema.org","@graph":[{"@type":["WebPage","ItemPage"],"@id":"https:\/\/www.mexicanguitarplayers.com\/tienda\/sin categor\u00eda\/parche-evans-24-mod-bd24gb4ct\/","url":"https:\/\/www.mexicanguitarplayers.com\/tienda\/sin categor\u00eda\/parche-evans-24-mod-bd24gb4ct\/","name":"PARCHE EVANS 24 MOD. BD24GB4CT - Mexican Guitar Players","isPartOf":{"@id":"https:\/\/www.mexicanguitarplayers.com\/#website"},"primaryImageOfPage":{"@id":"https:\/\/www.mexicanguitarplayers.com\/tienda\/sin categor\u00eda\/parche-evans-24-mod-bd24gb4ct\/#primaryimage"},"image":{"@id":"https:\/\/www.mexicanguitarplayers.com\/tienda\/sin categor\u00eda\/parche-evans-24-mod-bd24gb4ct\/#primaryimage"},"thumbnailUrl":"https:\/\/www.mexicanguitarplayers.com\/wp-content\/uploads\/2025\/04\/RAEVABD24GB4CT.jpg","datePublished":"2025-04-09T11:42:37+00:00","dateModified":"2026-04-10T10:24:29+00:00","description":"Parche de golpe o resonante para bombo de 24\u201d pulgadas, modelo Calftone, parche sint\u00e9tico que emula un parche de cuero, logotipo cl\u00e1sico de Evans, una capa de pel\u00edcula de 12 mil\u00e9simas de pulgada, tecnolog\u00eda Level 360, fabricado en USA.","breadcrumb":{"@id":"https:\/\/www.mexicanguitarplayers.com\/tienda\/sin categor\u00eda\/parche-evans-24-mod-bd24gb4ct\/#breadcrumb"},"inLanguage":"en-US","potentialAction":[{"@type":"ReadAction","target":["https:\/\/www.mexicanguitarplayers.com\/tienda\/sin categor\u00eda\/parche-evans-24-mod-bd24gb4ct\/"]}]},{"@type":"ImageObject","inLanguage":"en-US","@id":"https:\/\/www.mexicanguitarplayers.com\/tienda\/sin categor\u00eda\/parche-evans-24-mod-bd24gb4ct\/#primaryimage","url":"https:\/\/www.mexicanguitarplayers.com\/wp-content\/uploads\/2025\/04\/RAEVABD24GB4CT.jpg","contentUrl":"https:\/\/www.mexicanguitarplayers.com\/wp-content\/uploads\/2025\/04\/RAEVABD24GB4CT.jpg","width":1200,"height":1200},{"@type":"BreadcrumbList","@id":"https:\/\/www.mexicanguitarplayers.com\/tienda\/sin categor\u00eda\/parche-evans-24-mod-bd24gb4ct\/#breadcrumb","itemListElement":[{"@type":"ListItem","position":1,"name":"Portada","item":"https:\/\/www.mexicanguitarplayers.com\/"},{"@type":"ListItem","position":2,"name":"Tienda","item":"https:\/\/www.mexicanguitarplayers.com\/tienda\/"},{"@type":"ListItem","position":3,"name":"PARCHE EVANS 24 MOD. BD24GB4CT"}]},{"@type":"WebSite","@id":"https:\/\/www.mexicanguitarplayers.com\/#website","url":"https:\/\/www.mexicanguitarplayers.com\/","name":"Mexican Guitar Players","description":"Website","publisher":{"@id":"https:\/\/www.mexicanguitarplayers.com\/#organization"},"potentialAction":[{"@type":"SearchAction","target":{"@type":"EntryPoint","urlTemplate":"https:\/\/www.mexicanguitarplayers.com\/?s={search_term_string}"},"query-input":{"@type":"PropertyValueSpecification","valueRequired":true,"valueName":"search_term_string"}}],"inLanguage":"en-US"},{"@type":"Organization","@id":"https:\/\/www.mexicanguitarplayers.com\/#organization","name":"Mexican Guitar Players","url":"https:\/\/www.mexicanguitarplayers.com\/","logo":{"@type":"ImageObject","inLanguage":"en-US","@id":"https:\/\/www.mexicanguitarplayers.com\/#\/schema\/logo\/image\/","url":"","contentUrl":"","caption":"Mexican Guitar Players"},"image":{"@id":"https:\/\/www.mexicanguitarplayers.com\/#\/schema\/logo\/image\/"}}]}},"brands":[{"id":366,"name":"EVANS","slug":"evans"}],"_links":{"self":[{"href":"https:\/\/www.mexicanguitarplayers.com\/en\/wp-json\/wp\/v2\/product\/37420","targetHints":{"allow":["GET"]}}],"collection":[{"href":"https:\/\/www.mexicanguitarplayers.com\/en\/wp-json\/wp\/v2\/product"}],"about":[{"href":"https:\/\/www.mexicanguitarplayers.com\/en\/wp-json\/wp\/v2\/types\/product"}],"replies":[{"embeddable":true,"href":"https:\/\/www.mexicanguitarplayers.com\/en\/wp-json\/wp\/v2\/comments?post=37420"}],"wp:featuredmedia":[{"embeddable":true,"href":"https:\/\/www.mexicanguitarplayers.com\/en\/wp-json\/wp\/v2\/media\/37419"}],"wp:attachment":[{"href":"https:\/\/www.mexicanguitarplayers.com\/en\/wp-json\/wp\/v2\/media?parent=37420"}],"wp:term":[{"taxonomy":"pwb-brand","embeddable":true,"href":"https:\/\/www.mexicanguitarplayers.com\/en\/wp-json\/wp\/v2\/pwb-brand?post=37420"},{"taxonomy":"product_brand","embeddable":true,"href":"https:\/\/www.mexicanguitarplayers.com\/en\/wp-json\/wp\/v2\/product_brand?post=37420"},{"taxonomy":"product_cat","embeddable":true,"href":"https:\/\/www.mexicanguitarplayers.com\/en\/wp-json\/wp\/v2\/product_cat?post=37420"},{"taxonomy":"product_tag","embeddable":true,"href":"https:\/\/www.mexicanguitarplayers.com\/en\/wp-json\/wp\/v2\/product_tag?post=37420"}],"curies":[{"name":"wp","href":"https:\/\/api.w.org\/{rel}","templated":true}]}}