{"id":37440,"date":"2025-04-09T05:43:03","date_gmt":"2025-04-09T11:43:03","guid":{"rendered":"https:\/\/www.mexicanguitarplayers.com\/tienda\/sin categor\u00eda\/pastilla-sd-puente-hb-psyclone-hb-nickel\/"},"modified":"2026-05-01T07:19:29","modified_gmt":"2026-05-01T13:19:29","slug":"pastilla-sd-puente-hb-psyclone-hb-nickel","status":"publish","type":"product","link":"https:\/\/www.mexicanguitarplayers.com\/en\/tienda\/accesorios\/para-guitarras\/pastillas-para-guitarra-electrica\/pastilla-sd-puente-hb-psyclone-hb-nickel\/","title":{"rendered":"PASTILLA SD PUENTE HB PSYCLONE HB NICKEL"},"content":{"rendered":"<div style=\"text-align: justify\">\n<div>\n<h3>Recreando el sonido distintivo de las pastillas Filter&#8217;Tron originales.<\/h3>\n<\/div>\n<div>Ya sea para rockabilly, blues, country o rock and roll, la pastilla Filter&#8217;Tron ha sido durante mucho tiempo la herramienta m\u00e1s genial para algunos de los m\u00fasicos m\u00e1s geniales. Ahora puedes dejar caer esa magia vibrante en cualquier guitarra humbucker con el humbucker Psyclone. Alimentado por imanes de barra de alnico V de doble grosor, la pastilla Psyclone ofrece una salida vintage para tonos de periodo correcto con solo un poco de m\u00fasculo extra de la posici\u00f3n del puente. El cable de cuatro conductores ofrece muchas opciones de cableado y la elecci\u00f3n de cubiertas de n\u00edquel u oro significa que los humbuckers Psyclone se ver\u00e1n perfectos en cualquier guitarra. Los humbuckers Psyclone est\u00e1n fabricados a mano en Santa B\u00e1rbara, California.<\/div>\n<div>\n<h4>Quick look<\/h4>\n<\/div>\n<ul style=\"margin: 0px 0px 0px 25px\">\n<li style=\"list-style-type: circle;margin: 5px\">Modelo.<\/li>\n<li style=\"list-style-type: circle;margin: 5px\">Posici\u00f3n.<\/li>\n<li style=\"list-style-type: circle;margin: 5px\">Espaciado.<\/li>\n<li style=\"list-style-type: circle;margin: 5px\">Alambrado.<\/li>\n<li style=\"list-style-type: circle;margin: 5px\">Im\u00e1n.<\/li>\n<li style=\"list-style-type: circle;margin: 5px\">Resistencia.<\/li>\n<\/ul>\n<div>\n<div style=\"font-weight: bold\">Modelo.<\/div>\n<div>\n<p>Psyclone Humbuckers.<\/p>\n<\/div>\n<div style=\"font-weight: bold\">Posici\u00f3n.<\/div>\n<div>\n<p>Para puente.<\/p>\n<\/div>\n<div style=\"font-weight: bold\">Espaciado.<\/div>\n<div>\n<p>Est\u00e1ndar.<\/p>\n<\/div>\n<div style=\"font-weight: bold\">Alambrado.<\/div>\n<div>\n<p>Cuatro conductores.<\/p>\n<\/div>\n<div style=\"font-weight: bold\">Im\u00e1n.<\/div>\n<div>\n<p>Alnico 5.<\/p>\n<\/div>\n<div style=\"font-weight: bold\">Resistencia.<\/div>\n<div>\n<p>8.19 kilo-ohms.<\/p>\n<\/div>\n<\/div>\n<\/div>","protected":false},"excerpt":{"rendered":"<p>Pastilla pasiva para guitarra de 6 cuerdas, modelo: HB Psyclone, posici\u00f3n: puente, im\u00e1n: alnico 5, cableado: cable de cuatro conductores, espaciado est\u00e1ndar, resistencia: 8.19 kilo-ohms, cubierta color n\u00edquel, el chasquido y ta\u00f1ido de garganta completo del cl\u00e1sico Filter&#8217;Tron en un tama\u00f1o de humbucker de reemplazo directo.&hellip; <a class=\"kt-excerpt-readmore more-link\" href=\"https:\/\/www.mexicanguitarplayers.com\/en\/tienda\/accesorios\/para-guitarras\/pastillas-para-guitarra-electrica\/pastilla-sd-puente-hb-psyclone-hb-nickel\/\">Read more<\/a><\/p>","protected":false},"featured_media":37435,"comment_status":"open","ping_status":"closed","template":"","meta":{"kt_blocks_editor_width":""},"pwb-brand":[502],"product_brand":[],"product_cat":[85,336,353],"product_tag":[],"class_list":{"0":"post-37440","1":"product","2":"type-product","3":"status-publish","4":"has-post-thumbnail","6":"pwb-brand-seymour-duncan","7":"product_cat-accesorios","8":"product_cat-para-guitarras","9":"product_cat-pastillas-para-guitarra-electrica","10":"product_shipping_class-0-5-kg","12":"first","13":"instock","14":"taxable","15":"shipping-taxable","16":"purchasable","17":"product-type-simple"},"yoast_head":"<!-- This site is optimized with the Yoast SEO plugin v27.5 - https:\/\/yoast.com\/product\/yoast-seo-wordpress\/ -->\n<title>PASTILLA SD PUENTE HB PSYCLONE HB NICKEL - Mexican Guitar Players<\/title>\n<meta name=\"description\" content=\"Pastilla pasiva para guitarra de 6 cuerdas, modelo: HB Psyclone, posici\u00f3n: puente, im\u00e1n: alnico 5, cableado: cable de cuatro conductores, espaciado est\u00e1ndar, resistencia: 8.19 kilo-ohms, cubierta color n\u00edquel, el chasquido y ta\u00f1ido de garganta completo del cl\u00e1sico Filter&#039;Tron en un tama\u00f1o de humbucker de reemplazo directo.\" \/>\n<meta name=\"robots\" content=\"index, follow, max-snippet:-1, max-image-preview:large, max-video-preview:-1\" \/>\n<link rel=\"canonical\" href=\"https:\/\/www.mexicanguitarplayers.com\/en\/tienda\/sin%20categor\u00eda\/pastilla-sd-puente-hb-psyclone-hb-nickel\/\" \/>\n<meta property=\"og:locale\" content=\"en_US\" \/>\n<meta property=\"og:type\" content=\"article\" \/>\n<meta property=\"og:title\" content=\"PASTILLA SD PUENTE HB PSYCLONE HB NICKEL - Mexican Guitar Players\" \/>\n<meta property=\"og:description\" content=\"Pastilla pasiva para guitarra de 6 cuerdas, modelo: HB Psyclone, posici\u00f3n: puente, im\u00e1n: alnico 5, cableado: cable de cuatro conductores, espaciado est\u00e1ndar, resistencia: 8.19 kilo-ohms, cubierta color n\u00edquel, el chasquido y ta\u00f1ido de garganta completo del cl\u00e1sico Filter&#039;Tron en un tama\u00f1o de humbucker de reemplazo directo.\" \/>\n<meta property=\"og:url\" content=\"https:\/\/www.mexicanguitarplayers.com\/en\/tienda\/sin categor\u00eda\/pastilla-sd-puente-hb-psyclone-hb-nickel\/\" \/>\n<meta property=\"og:site_name\" content=\"Mexican Guitar Players\" \/>\n<meta property=\"article:modified_time\" content=\"2026-05-01T13:19:29+00:00\" \/>\n<meta name=\"twitter:card\" content=\"summary_large_image\" \/>\n<meta name=\"twitter:label1\" content=\"Est. reading time\" \/>\n\t<meta name=\"twitter:data1\" content=\"1 minute\" \/>\n<script type=\"application\/ld+json\" class=\"yoast-schema-graph\">{\"@context\":\"https:\\\/\\\/schema.org\",\"@graph\":[{\"@type\":[\"WebPage\",\"ItemPage\"],\"@id\":\"https:\\\/\\\/www.mexicanguitarplayers.com\\\/tienda\\\/sin categor\u00eda\\\/pastilla-sd-puente-hb-psyclone-hb-nickel\\\/\",\"url\":\"https:\\\/\\\/www.mexicanguitarplayers.com\\\/tienda\\\/sin categor\u00eda\\\/pastilla-sd-puente-hb-psyclone-hb-nickel\\\/\",\"name\":\"PASTILLA SD PUENTE HB PSYCLONE HB NICKEL - Mexican Guitar Players\",\"isPartOf\":{\"@id\":\"https:\\\/\\\/www.mexicanguitarplayers.com\\\/#website\"},\"primaryImageOfPage\":{\"@id\":\"https:\\\/\\\/www.mexicanguitarplayers.com\\\/tienda\\\/sin categor\u00eda\\\/pastilla-sd-puente-hb-psyclone-hb-nickel\\\/#primaryimage\"},\"image\":{\"@id\":\"https:\\\/\\\/www.mexicanguitarplayers.com\\\/tienda\\\/sin categor\u00eda\\\/pastilla-sd-puente-hb-psyclone-hb-nickel\\\/#primaryimage\"},\"thumbnailUrl\":\"https:\\\/\\\/www.mexicanguitarplayers.com\\\/wp-content\\\/uploads\\\/2025\\\/04\\\/RASEOPSYHBBINI.jpg\",\"datePublished\":\"2025-04-09T11:43:03+00:00\",\"dateModified\":\"2026-05-01T13:19:29+00:00\",\"description\":\"Pastilla pasiva para guitarra de 6 cuerdas, modelo: HB Psyclone, posici\u00f3n: puente, im\u00e1n: alnico 5, cableado: cable de cuatro conductores, espaciado est\u00e1ndar, resistencia: 8.19 kilo-ohms, cubierta color n\u00edquel, el chasquido y ta\u00f1ido de garganta completo del cl\u00e1sico Filter'Tron en un tama\u00f1o de humbucker de reemplazo directo.\",\"breadcrumb\":{\"@id\":\"https:\\\/\\\/www.mexicanguitarplayers.com\\\/tienda\\\/sin categor\u00eda\\\/pastilla-sd-puente-hb-psyclone-hb-nickel\\\/#breadcrumb\"},\"inLanguage\":\"en-US\",\"potentialAction\":[{\"@type\":\"ReadAction\",\"target\":[\"https:\\\/\\\/www.mexicanguitarplayers.com\\\/tienda\\\/sin categor\u00eda\\\/pastilla-sd-puente-hb-psyclone-hb-nickel\\\/\"]}]},{\"@type\":\"ImageObject\",\"inLanguage\":\"en-US\",\"@id\":\"https:\\\/\\\/www.mexicanguitarplayers.com\\\/tienda\\\/sin categor\u00eda\\\/pastilla-sd-puente-hb-psyclone-hb-nickel\\\/#primaryimage\",\"url\":\"https:\\\/\\\/www.mexicanguitarplayers.com\\\/wp-content\\\/uploads\\\/2025\\\/04\\\/RASEOPSYHBBINI.jpg\",\"contentUrl\":\"https:\\\/\\\/www.mexicanguitarplayers.com\\\/wp-content\\\/uploads\\\/2025\\\/04\\\/RASEOPSYHBBINI.jpg\",\"width\":1200,\"height\":1200},{\"@type\":\"BreadcrumbList\",\"@id\":\"https:\\\/\\\/www.mexicanguitarplayers.com\\\/tienda\\\/sin categor\u00eda\\\/pastilla-sd-puente-hb-psyclone-hb-nickel\\\/#breadcrumb\",\"itemListElement\":[{\"@type\":\"ListItem\",\"position\":1,\"name\":\"Portada\",\"item\":\"https:\\\/\\\/www.mexicanguitarplayers.com\\\/\"},{\"@type\":\"ListItem\",\"position\":2,\"name\":\"Tienda\",\"item\":\"https:\\\/\\\/www.mexicanguitarplayers.com\\\/tienda\\\/\"},{\"@type\":\"ListItem\",\"position\":3,\"name\":\"PASTILLA SD PUENTE HB PSYCLONE HB NICKEL\"}]},{\"@type\":\"WebSite\",\"@id\":\"https:\\\/\\\/www.mexicanguitarplayers.com\\\/#website\",\"url\":\"https:\\\/\\\/www.mexicanguitarplayers.com\\\/\",\"name\":\"Mexican Guitar Players\",\"description\":\"Website\",\"publisher\":{\"@id\":\"https:\\\/\\\/www.mexicanguitarplayers.com\\\/#organization\"},\"potentialAction\":[{\"@type\":\"SearchAction\",\"target\":{\"@type\":\"EntryPoint\",\"urlTemplate\":\"https:\\\/\\\/www.mexicanguitarplayers.com\\\/?s={search_term_string}\"},\"query-input\":{\"@type\":\"PropertyValueSpecification\",\"valueRequired\":true,\"valueName\":\"search_term_string\"}}],\"inLanguage\":\"en-US\"},{\"@type\":\"Organization\",\"@id\":\"https:\\\/\\\/www.mexicanguitarplayers.com\\\/#organization\",\"name\":\"Mexican Guitar Players\",\"url\":\"https:\\\/\\\/www.mexicanguitarplayers.com\\\/\",\"logo\":{\"@type\":\"ImageObject\",\"inLanguage\":\"en-US\",\"@id\":\"https:\\\/\\\/www.mexicanguitarplayers.com\\\/#\\\/schema\\\/logo\\\/image\\\/\",\"url\":\"\",\"contentUrl\":\"\",\"caption\":\"Mexican Guitar Players\"},\"image\":{\"@id\":\"https:\\\/\\\/www.mexicanguitarplayers.com\\\/#\\\/schema\\\/logo\\\/image\\\/\"}}]}<\/script>\n<!-- \/ Yoast SEO plugin. -->","yoast_head_json":{"title":"PASTILLA SD PUENTE HB PSYCLONE HB NICKEL - Mexican Guitar Players","description":"Pastilla pasiva para guitarra de 6 cuerdas, modelo: HB Psyclone, posici\u00f3n: puente, im\u00e1n: alnico 5, cableado: cable de cuatro conductores, espaciado est\u00e1ndar, resistencia: 8.19 kilo-ohms, cubierta color n\u00edquel, el chasquido y ta\u00f1ido de garganta completo del cl\u00e1sico Filter'Tron en un tama\u00f1o de humbucker de reemplazo directo.","robots":{"index":"index","follow":"follow","max-snippet":"max-snippet:-1","max-image-preview":"max-image-preview:large","max-video-preview":"max-video-preview:-1"},"canonical":"https:\/\/www.mexicanguitarplayers.com\/en\/tienda\/sin categor\u00eda\/pastilla-sd-puente-hb-psyclone-hb-nickel\/","og_locale":"en_US","og_type":"article","og_title":"PASTILLA SD PUENTE HB PSYCLONE HB NICKEL - Mexican Guitar Players","og_description":"Pastilla pasiva para guitarra de 6 cuerdas, modelo: HB Psyclone, posici\u00f3n: puente, im\u00e1n: alnico 5, cableado: cable de cuatro conductores, espaciado est\u00e1ndar, resistencia: 8.19 kilo-ohms, cubierta color n\u00edquel, el chasquido y ta\u00f1ido de garganta completo del cl\u00e1sico Filter'Tron en un tama\u00f1o de humbucker de reemplazo directo.","og_url":"https:\/\/www.mexicanguitarplayers.com\/en\/tienda\/sin categor\u00eda\/pastilla-sd-puente-hb-psyclone-hb-nickel\/","og_site_name":"Mexican Guitar Players","article_modified_time":"2026-05-01T13:19:29+00:00","twitter_card":"summary_large_image","twitter_misc":{"Est. reading time":"1 minute"},"schema":{"@context":"https:\/\/schema.org","@graph":[{"@type":["WebPage","ItemPage"],"@id":"https:\/\/www.mexicanguitarplayers.com\/tienda\/sin categor\u00eda\/pastilla-sd-puente-hb-psyclone-hb-nickel\/","url":"https:\/\/www.mexicanguitarplayers.com\/tienda\/sin categor\u00eda\/pastilla-sd-puente-hb-psyclone-hb-nickel\/","name":"PASTILLA SD PUENTE HB PSYCLONE HB NICKEL - Mexican Guitar Players","isPartOf":{"@id":"https:\/\/www.mexicanguitarplayers.com\/#website"},"primaryImageOfPage":{"@id":"https:\/\/www.mexicanguitarplayers.com\/tienda\/sin categor\u00eda\/pastilla-sd-puente-hb-psyclone-hb-nickel\/#primaryimage"},"image":{"@id":"https:\/\/www.mexicanguitarplayers.com\/tienda\/sin categor\u00eda\/pastilla-sd-puente-hb-psyclone-hb-nickel\/#primaryimage"},"thumbnailUrl":"https:\/\/www.mexicanguitarplayers.com\/wp-content\/uploads\/2025\/04\/RASEOPSYHBBINI.jpg","datePublished":"2025-04-09T11:43:03+00:00","dateModified":"2026-05-01T13:19:29+00:00","description":"Pastilla pasiva para guitarra de 6 cuerdas, modelo: HB Psyclone, posici\u00f3n: puente, im\u00e1n: alnico 5, cableado: cable de cuatro conductores, espaciado est\u00e1ndar, resistencia: 8.19 kilo-ohms, cubierta color n\u00edquel, el chasquido y ta\u00f1ido de garganta completo del cl\u00e1sico Filter'Tron en un tama\u00f1o de humbucker de reemplazo directo.","breadcrumb":{"@id":"https:\/\/www.mexicanguitarplayers.com\/tienda\/sin categor\u00eda\/pastilla-sd-puente-hb-psyclone-hb-nickel\/#breadcrumb"},"inLanguage":"en-US","potentialAction":[{"@type":"ReadAction","target":["https:\/\/www.mexicanguitarplayers.com\/tienda\/sin categor\u00eda\/pastilla-sd-puente-hb-psyclone-hb-nickel\/"]}]},{"@type":"ImageObject","inLanguage":"en-US","@id":"https:\/\/www.mexicanguitarplayers.com\/tienda\/sin categor\u00eda\/pastilla-sd-puente-hb-psyclone-hb-nickel\/#primaryimage","url":"https:\/\/www.mexicanguitarplayers.com\/wp-content\/uploads\/2025\/04\/RASEOPSYHBBINI.jpg","contentUrl":"https:\/\/www.mexicanguitarplayers.com\/wp-content\/uploads\/2025\/04\/RASEOPSYHBBINI.jpg","width":1200,"height":1200},{"@type":"BreadcrumbList","@id":"https:\/\/www.mexicanguitarplayers.com\/tienda\/sin categor\u00eda\/pastilla-sd-puente-hb-psyclone-hb-nickel\/#breadcrumb","itemListElement":[{"@type":"ListItem","position":1,"name":"Portada","item":"https:\/\/www.mexicanguitarplayers.com\/"},{"@type":"ListItem","position":2,"name":"Tienda","item":"https:\/\/www.mexicanguitarplayers.com\/tienda\/"},{"@type":"ListItem","position":3,"name":"PASTILLA SD PUENTE HB PSYCLONE HB NICKEL"}]},{"@type":"WebSite","@id":"https:\/\/www.mexicanguitarplayers.com\/#website","url":"https:\/\/www.mexicanguitarplayers.com\/","name":"Mexican Guitar Players","description":"Website","publisher":{"@id":"https:\/\/www.mexicanguitarplayers.com\/#organization"},"potentialAction":[{"@type":"SearchAction","target":{"@type":"EntryPoint","urlTemplate":"https:\/\/www.mexicanguitarplayers.com\/?s={search_term_string}"},"query-input":{"@type":"PropertyValueSpecification","valueRequired":true,"valueName":"search_term_string"}}],"inLanguage":"en-US"},{"@type":"Organization","@id":"https:\/\/www.mexicanguitarplayers.com\/#organization","name":"Mexican Guitar Players","url":"https:\/\/www.mexicanguitarplayers.com\/","logo":{"@type":"ImageObject","inLanguage":"en-US","@id":"https:\/\/www.mexicanguitarplayers.com\/#\/schema\/logo\/image\/","url":"","contentUrl":"","caption":"Mexican Guitar Players"},"image":{"@id":"https:\/\/www.mexicanguitarplayers.com\/#\/schema\/logo\/image\/"}}]}},"brands":[{"id":502,"name":"SEYMOUR DUNCAN","slug":"seymour-duncan"}],"_links":{"self":[{"href":"https:\/\/www.mexicanguitarplayers.com\/en\/wp-json\/wp\/v2\/product\/37440","targetHints":{"allow":["GET"]}}],"collection":[{"href":"https:\/\/www.mexicanguitarplayers.com\/en\/wp-json\/wp\/v2\/product"}],"about":[{"href":"https:\/\/www.mexicanguitarplayers.com\/en\/wp-json\/wp\/v2\/types\/product"}],"replies":[{"embeddable":true,"href":"https:\/\/www.mexicanguitarplayers.com\/en\/wp-json\/wp\/v2\/comments?post=37440"}],"wp:featuredmedia":[{"embeddable":true,"href":"https:\/\/www.mexicanguitarplayers.com\/en\/wp-json\/wp\/v2\/media\/37435"}],"wp:attachment":[{"href":"https:\/\/www.mexicanguitarplayers.com\/en\/wp-json\/wp\/v2\/media?parent=37440"}],"wp:term":[{"taxonomy":"pwb-brand","embeddable":true,"href":"https:\/\/www.mexicanguitarplayers.com\/en\/wp-json\/wp\/v2\/pwb-brand?post=37440"},{"taxonomy":"product_brand","embeddable":true,"href":"https:\/\/www.mexicanguitarplayers.com\/en\/wp-json\/wp\/v2\/product_brand?post=37440"},{"taxonomy":"product_cat","embeddable":true,"href":"https:\/\/www.mexicanguitarplayers.com\/en\/wp-json\/wp\/v2\/product_cat?post=37440"},{"taxonomy":"product_tag","embeddable":true,"href":"https:\/\/www.mexicanguitarplayers.com\/en\/wp-json\/wp\/v2\/product_tag?post=37440"}],"curies":[{"name":"wp","href":"https:\/\/api.w.org\/{rel}","templated":true}]}}