{"id":37534,"date":"2025-04-09T05:45:32","date_gmt":"2025-04-09T11:45:32","guid":{"rendered":"https:\/\/www.mexicanguitarplayers.com\/tienda\/sin categor\u00eda\/combo-blackstar-p-acustica-sonnet-60\/"},"modified":"2026-05-01T07:19:26","modified_gmt":"2026-05-01T13:19:26","slug":"combo-blackstar-p-acustica-sonnet-60","status":"publish","type":"product","link":"https:\/\/www.mexicanguitarplayers.com\/en\/tienda\/cuerdas\/combos\/combos-para-guitarra\/combo-blackstar-p-acustica-sonnet-60\/","title":{"rendered":"COMBO BLACKSTAR P\/ACUSTICA SONNET 60"},"content":{"rendered":"<div style=\"text-align: justify\">\n<div>\n<h3>Escucha e investigaci\u00f3n t\u00e9cnica.<\/h3>\n<\/div>\n<div>Nuestro objetivo al dise\u00f1ar los amplificadores de la serie SONNET era principalmente producir un par de amplificadores compactos que fueran f\u00e1ciles de usar para reproducir fielmente el sonido natural de las guitarras ac\u00fasticas. Tambi\u00e9n quer\u00edamos que fueran universalmente vers\u00e1tiles para poder hacer frente a la amplia gama de diferentes estilos de guitarra ac\u00fastica. Adem\u00e1s de esto, deber\u00edan poder usarse con micr\u00f3fonos y otros instrumentos ac\u00fasticos que no sean guitarras. En Blacktstar no aceptamos un enfoque de &#8220;Black-Art&#8221; para el dise\u00f1o de amplificadores. Creemos que es imperativo tener una compresi\u00f3n profunda de lo que hace que los amplificadores suenen como lo hacen. Es por eso que le damos tanta importancia a la investigaci\u00f3n t\u00e9cnica y la innovaci\u00f3n que genera esta investigaci\u00f3n. Hacer que los amplificadores Blackstar sean las mejores herramientas para la autoexpresi\u00f3n de los m\u00fasicos es tan importante para nosotros como la excelencia t\u00e9cnica. Por lo tanto, todos los productos Blackstar se desarrollan s\u00f3nicamente o se &#8220;expresan&#8221; durante literalmente cientos de horas de escucha cr\u00edtica por parte de m\u00fasicos experimentados de varios estilos. Es esta combinaci\u00f3n de conocimiento t\u00e9cnico y compresi\u00f3n de las necesidades de los m\u00fasicos lo que hace que el proceso de dise\u00f1o de Blackstar sea tan especial.<\/div>\n<div>\n<h4>Quick look<\/h4>\n<\/div>\n<ul style=\"margin: 0px 0px 0px 25px\">\n<li style=\"list-style-type: circle;margin: 5px\">Sonido natural.<\/li>\n<li style=\"list-style-type: circle;margin: 5px\">Versatilidad de rendimiento.<\/li>\n<li style=\"list-style-type: circle;margin: 5px\">Control ac\u00fastico: Filtro pasa altos y control de brillo.<\/li>\n<li style=\"list-style-type: circle;margin: 5px\">Conexiones Pro.<\/li>\n<li style=\"list-style-type: circle;margin: 5px\">Bluetooth.<\/li>\n<li style=\"list-style-type: circle;margin: 5px\">MP3\/Line in.<\/li>\n<li style=\"list-style-type: circle;margin: 5px\">Reverb de alta calidad de vanguardia.<\/li>\n<li style=\"list-style-type: circle;margin: 5px\">Soporte de inclinaci\u00f3n incorporado.<\/li>\n<li style=\"list-style-type: circle;margin: 5px\">Gabinete incorporado.<\/li>\n<li style=\"list-style-type: circle;margin: 5px\">Potente, ligero y compacto.<\/li>\n<li style=\"list-style-type: circle;margin: 5px\">Negro o rubio.<\/li>\n<li style=\"list-style-type: circle;margin: 5px\">Power.<\/li>\n<li style=\"list-style-type: circle;margin: 5px\">Channels.<\/li>\n<li style=\"list-style-type: circle;margin: 5px\">Forma para cada canal.<\/li>\n<li style=\"list-style-type: circle;margin: 5px\">EQ canal 1.<\/li>\n<li style=\"list-style-type: circle;margin: 5px\">EQ Canal 2.<\/li>\n<li style=\"list-style-type: circle;margin: 5px\">Anti retroalimentaci\u00f3n.<\/li>\n<li style=\"list-style-type: circle;margin: 5px\">Alimentaci\u00f3n phantom.<\/li>\n<li style=\"list-style-type: circle;margin: 5px\">Pad.<\/li>\n<li style=\"list-style-type: circle;margin: 5px\">Filtro pasa altos.<\/li>\n<li style=\"list-style-type: circle;margin: 5px\">Brillantez.<\/li>\n<li style=\"list-style-type: circle;margin: 5px\">Audio Bluetooth.<\/li>\n<li style=\"list-style-type: circle;margin: 5px\">Reverb.<\/li>\n<li style=\"list-style-type: circle;margin: 5px\">MP3\/Line In.<\/li>\n<li style=\"list-style-type: circle;margin: 5px\">FX loop.<\/li>\n<li style=\"list-style-type: circle;margin: 5px\">Salida directa XLR.<\/li>\n<li style=\"list-style-type: circle;margin: 5px\">Audio USB.<\/li>\n<li style=\"list-style-type: circle;margin: 5px\">Footswitch.<\/li>\n<li style=\"list-style-type: circle;margin: 5px\">Soporte inclinable hacia atr\u00e1s.<\/li>\n<li style=\"list-style-type: circle;margin: 5px\">Stand PA montable.<\/li>\n<li style=\"list-style-type: circle;margin: 5px\">Speaker.<\/li>\n<\/ul>\n<div>\n<div style=\"font-weight: bold\">Sonido natural.<\/div>\n<div>\n<p>Escucha el tono natural de tu instrumento ac\u00fastico a trav\u00e9s de los exclusivos altavoces Natural 60 y Natural 120. La esencia de un tono ac\u00fastico natural es entregada por el altavoz Natural con voz personalizada. Escucha la claridad y autenticidad de tu tono ac\u00fastico de la manera en que la naturaleza lo pretendi\u00f3.<\/p>\n<\/div>\n<div style=\"font-weight: bold\">Versatilidad de rendimiento.<\/div>\n<div>\n<p>Entradas de instrumento y micr\u00f3fono vocal, entrada de l\u00ednea, MP3 y conectividad Bluetooth para reproducci\u00f3n inal\u00e1mbrica de audio. Las 4 entradas se pueden usar a la vez para una m\u00e1xima versatilidad.<\/p>\n<\/div>\n<div style=\"font-weight: bold\">Control ac\u00fastico: Filtro pasa altos y control de brillo.<\/div>\n<div>\n<p>El filtro pasa altos (HPF) de mentalidad ac\u00fastica y los controles de brillo para ajustar la resonancia corporal crucial y el piezo de gama alta de los instrumentos ac\u00fasticos.<\/p>\n<\/div>\n<div style=\"font-weight: bold\">Conexiones Pro.<\/div>\n<div>\n<p>Captura tonos f\u00e1cilmente con una simple salida de audio USB de baja latencia, adem\u00e1s de mezclar D.I. XLR para una grabaci\u00f3n perfecta y conexiones de mezcladora.<\/p>\n<\/div>\n<div style=\"font-weight: bold\">Bluetooth.<\/div>\n<div>\n<p>Sonnet tiene transmisi\u00f3n de audio Bluetooth f\u00e1cil de emparejar para reproducir m\u00fasica o pistas de acompa\u00f1amiento.<\/p>\n<\/div>\n<div style=\"font-weight: bold\">MP3\/Line in.<\/div>\n<div>\n<p>Sonnet tiene entrada MP3\/Line para jamming, escuchar m\u00fasica o agregar un instrumento de nivel de l\u00ednea a la mezcla.<\/p>\n<\/div>\n<div style=\"font-weight: bold\">Reverb de alta calidad de vanguardia.<\/div>\n<div>\n<p>Impresionantes reverbs de calidad de estudio de vanguardia vienen como est\u00e1ndar.<\/p>\n<\/div>\n<div style=\"font-weight: bold\">Soporte de inclinaci\u00f3n incorporado.<\/div>\n<div>\n<p>El soporte de inclinaci\u00f3n incorporado te permite inclinar perfectamente tu amplificador Sonnet para la proyecci\u00f3n de audio.<\/p>\n<\/div>\n<div style=\"font-weight: bold\">Gabinete incorporado.<\/div>\n<div>\n<p>Gabinete con puertos para graves extendidos y bajas frecuencias.<\/p>\n<\/div>\n<div style=\"font-weight: bold\">Potente, ligero y compacto.<\/div>\n<div>\n<p>Los amplificadores Sonnet son f\u00e1ciles de transportar a cualquier concierto y son lo suficientemente potentes para cualquier show. Son perfectos para solistas o duetos.<\/p>\n<\/div>\n<div style=\"font-weight: bold\">Negro o rubio.<\/div>\n<div>\n<p>El Sonnet 60 y el Sonnet 120 est\u00e1n disponibles en un cl\u00e1sico y elegante revestimiento negro con rejilla negra y panel de control o en un sorprendente revestimiento crema con parilla de cobre y panel de control a juego.<\/p>\n<\/div>\n<div style=\"font-weight: bold\">Power.<\/div>\n<div>\n<p>60 watts.<\/p>\n<\/div>\n<div style=\"font-weight: bold\">Channels.<\/div>\n<div>\n<p>Instrumento \u00bc\u201d, micr\u00f3fono XLR.<\/p>\n<\/div>\n<div style=\"font-weight: bold\">Forma para cada canal.<\/div>\n<div>\n<p> \u2018Out\u2019: Una repuesta plana de EQ. Posici\u00f3n \u2018In\u2019: Medios con ganancia de graves y agudos.<\/p>\n<\/div>\n<div style=\"font-weight: bold\">EQ canal 1.<\/div>\n<div>\n<p>Low, Mid, High.<\/p>\n<\/div>\n<div style=\"font-weight: bold\">EQ Canal 2.<\/div>\n<div>\n<p>Low, High.<\/p>\n<\/div>\n<div style=\"font-weight: bold\">Anti retroalimentaci\u00f3n.<\/div>\n<div>\n<p>S\u00ed (global phase switch).<\/p>\n<\/div>\n<div style=\"font-weight: bold\">Alimentaci\u00f3n phantom.<\/div>\n<div>\n<p>No.<\/p>\n<\/div>\n<div style=\"font-weight: bold\">Pad.<\/div>\n<div>\n<p>No.<\/p>\n<\/div>\n<div style=\"font-weight: bold\">Filtro pasa altos.<\/div>\n<div>\n<p>Yes.<\/p>\n<\/div>\n<div style=\"font-weight: bold\">Brillantez.<\/div>\n<div>\n<p>Yes.<\/p>\n<\/div>\n<div style=\"font-weight: bold\">Audio Bluetooth.<\/div>\n<div>\n<p>Yes.<\/p>\n<\/div>\n<div style=\"font-weight: bold\">Reverb.<\/div>\n<div>\n<p>S\u00ed. (Hall, Plate).<\/p>\n<\/div>\n<div style=\"font-weight: bold\">MP3\/Line In.<\/div>\n<div>\n<p>Yes.<\/p>\n<\/div>\n<div style=\"font-weight: bold\">FX loop.<\/div>\n<div>\n<p>No.<\/p>\n<\/div>\n<div style=\"font-weight: bold\">Salida directa XLR.<\/div>\n<div>\n<p>S\u00ed (Mix).<\/p>\n<\/div>\n<div style=\"font-weight: bold\">Audio USB.<\/div>\n<div>\n<p>Yes.<\/p>\n<\/div>\n<div style=\"font-weight: bold\">Footswitch.<\/div>\n<div>\n<p>FS-17 (Mute y Reverb On\/Off).<\/p>\n<\/div>\n<div style=\"font-weight: bold\">Soporte inclinable hacia atr\u00e1s.<\/div>\n<div>\n<p>Yes.<\/p>\n<\/div>\n<div style=\"font-weight: bold\">Stand PA montable.<\/div>\n<div>\n<p>S\u00ed (con adaptador SA-2 opcional).<\/p>\n<\/div>\n<div style=\"font-weight: bold\">Speaker.<\/div>\n<div>\n<p>Un altavoz de 6.5\u201d + tweeter.<\/p>\n<\/div>\n<\/div>\n<\/div>","protected":false},"excerpt":{"rendered":"<p>Combo para guitarra ac\u00fastica, potencia de 60 watts, un altavoz de 6.5\u201d + tweeter, 2 canales, sistema anti retroalimentaci\u00f3n, filtro pasa altos, brillantez, audio Bluetooth, reverb, MP3\/Line In, salida directa XLR, audio USB, footswitch opcional (no incluido): FS-17, soporte inclinable hacia atr\u00e1s, stand PA montable con adaptador SA-2 opcional. Dimensiones del producto: 31.5 x 36 x 40 cm. Peso: 9.28 Kg&hellip; <a class=\"kt-excerpt-readmore more-link\" href=\"https:\/\/www.mexicanguitarplayers.com\/en\/tienda\/cuerdas\/combos\/combos-para-guitarra\/combo-blackstar-p-acustica-sonnet-60\/\">Read more<\/a><\/p>","protected":false},"featured_media":37506,"comment_status":"open","ping_status":"closed","template":"","meta":{"kt_blocks_editor_width":""},"pwb-brand":[172],"product_brand":[],"product_cat":[236,237,224],"product_tag":[],"class_list":{"0":"post-37534","1":"product","2":"type-product","3":"status-publish","4":"has-post-thumbnail","6":"pwb-brand-blackstar","7":"product_cat-combos","8":"product_cat-combos-para-guitarra","9":"product_cat-cuerdas","10":"product_shipping_class-5-10-kg","12":"first","13":"instock","14":"taxable","15":"shipping-taxable","16":"purchasable","17":"product-type-simple"},"yoast_head":"<!-- This site is optimized with the Yoast SEO plugin v27.6 - https:\/\/yoast.com\/product\/yoast-seo-wordpress\/ -->\n<title>COMBO BLACKSTAR P\/ACUSTICA SONNET 60 - Mexican Guitar Players<\/title>\n<meta name=\"description\" content=\"Combo para guitarra ac\u00fastica, potencia de 60 watts, un altavoz de 6.5\u201d + tweeter, 2 canales, sistema anti retroalimentaci\u00f3n, filtro pasa altos, brillantez, audio Bluetooth, reverb, MP3\/Line In, salida directa XLR, audio USB, footswitch opcional (no incluido): FS-17, soporte inclinable hacia atr\u00e1s, stand PA montable con adaptador SA-2 opcional. Dimensiones del producto: 31.5 x 36 x 40 cm. Peso: 9.28 Kg\" \/>\n<meta name=\"robots\" content=\"index, follow, max-snippet:-1, max-image-preview:large, max-video-preview:-1\" \/>\n<link rel=\"canonical\" href=\"https:\/\/www.mexicanguitarplayers.com\/en\/tienda\/sin%20categor\u00eda\/combo-blackstar-p-acustica-sonnet-60\/\" \/>\n<meta property=\"og:locale\" content=\"en_US\" \/>\n<meta property=\"og:type\" content=\"article\" \/>\n<meta property=\"og:title\" content=\"COMBO BLACKSTAR P\/ACUSTICA SONNET 60 - Mexican Guitar Players\" \/>\n<meta property=\"og:description\" content=\"Combo para guitarra ac\u00fastica, potencia de 60 watts, un altavoz de 6.5\u201d + tweeter, 2 canales, sistema anti retroalimentaci\u00f3n, filtro pasa altos, brillantez, audio Bluetooth, reverb, MP3\/Line In, salida directa XLR, audio USB, footswitch opcional (no incluido): FS-17, soporte inclinable hacia atr\u00e1s, stand PA montable con adaptador SA-2 opcional. Dimensiones del producto: 31.5 x 36 x 40 cm. Peso: 9.28 Kg\" \/>\n<meta property=\"og:url\" content=\"https:\/\/www.mexicanguitarplayers.com\/en\/tienda\/sin categor\u00eda\/combo-blackstar-p-acustica-sonnet-60\/\" \/>\n<meta property=\"og:site_name\" content=\"Mexican Guitar Players\" \/>\n<meta property=\"article:modified_time\" content=\"2026-05-01T13:19:26+00:00\" \/>\n<meta name=\"twitter:card\" content=\"summary_large_image\" \/>\n<meta name=\"twitter:label1\" content=\"Est. reading time\" \/>\n\t<meta name=\"twitter:data1\" content=\"4 minutes\" \/>\n<script type=\"application\/ld+json\" class=\"yoast-schema-graph\">{\"@context\":\"https:\\\/\\\/schema.org\",\"@graph\":[{\"@type\":[\"WebPage\",\"ItemPage\"],\"@id\":\"https:\\\/\\\/www.mexicanguitarplayers.com\\\/tienda\\\/sin categor\u00eda\\\/combo-blackstar-p-acustica-sonnet-60\\\/\",\"url\":\"https:\\\/\\\/www.mexicanguitarplayers.com\\\/tienda\\\/sin categor\u00eda\\\/combo-blackstar-p-acustica-sonnet-60\\\/\",\"name\":\"COMBO BLACKSTAR P\\\/ACUSTICA SONNET 60 - Mexican Guitar Players\",\"isPartOf\":{\"@id\":\"https:\\\/\\\/www.mexicanguitarplayers.com\\\/#website\"},\"primaryImageOfPage\":{\"@id\":\"https:\\\/\\\/www.mexicanguitarplayers.com\\\/tienda\\\/sin categor\u00eda\\\/combo-blackstar-p-acustica-sonnet-60\\\/#primaryimage\"},\"image\":{\"@id\":\"https:\\\/\\\/www.mexicanguitarplayers.com\\\/tienda\\\/sin categor\u00eda\\\/combo-blackstar-p-acustica-sonnet-60\\\/#primaryimage\"},\"thumbnailUrl\":\"https:\\\/\\\/www.mexicanguitarplayers.com\\\/wp-content\\\/uploads\\\/2025\\\/04\\\/ICBLSSONNET60.jpg\",\"datePublished\":\"2025-04-09T11:45:32+00:00\",\"dateModified\":\"2026-05-01T13:19:26+00:00\",\"description\":\"Combo para guitarra ac\u00fastica, potencia de 60 watts, un altavoz de 6.5\u201d + tweeter, 2 canales, sistema anti retroalimentaci\u00f3n, filtro pasa altos, brillantez, audio Bluetooth, reverb, MP3\\\/Line In, salida directa XLR, audio USB, footswitch opcional (no incluido): FS-17, soporte inclinable hacia atr\u00e1s, stand PA montable con adaptador SA-2 opcional. Dimensiones del producto: 31.5 x 36 x 40 cm. Peso: 9.28 Kg\",\"breadcrumb\":{\"@id\":\"https:\\\/\\\/www.mexicanguitarplayers.com\\\/tienda\\\/sin categor\u00eda\\\/combo-blackstar-p-acustica-sonnet-60\\\/#breadcrumb\"},\"inLanguage\":\"en-US\",\"potentialAction\":[{\"@type\":\"ReadAction\",\"target\":[\"https:\\\/\\\/www.mexicanguitarplayers.com\\\/tienda\\\/sin categor\u00eda\\\/combo-blackstar-p-acustica-sonnet-60\\\/\"]}]},{\"@type\":\"ImageObject\",\"inLanguage\":\"en-US\",\"@id\":\"https:\\\/\\\/www.mexicanguitarplayers.com\\\/tienda\\\/sin categor\u00eda\\\/combo-blackstar-p-acustica-sonnet-60\\\/#primaryimage\",\"url\":\"https:\\\/\\\/www.mexicanguitarplayers.com\\\/wp-content\\\/uploads\\\/2025\\\/04\\\/ICBLSSONNET60.jpg\",\"contentUrl\":\"https:\\\/\\\/www.mexicanguitarplayers.com\\\/wp-content\\\/uploads\\\/2025\\\/04\\\/ICBLSSONNET60.jpg\",\"width\":1200,\"height\":1200},{\"@type\":\"BreadcrumbList\",\"@id\":\"https:\\\/\\\/www.mexicanguitarplayers.com\\\/tienda\\\/sin categor\u00eda\\\/combo-blackstar-p-acustica-sonnet-60\\\/#breadcrumb\",\"itemListElement\":[{\"@type\":\"ListItem\",\"position\":1,\"name\":\"Portada\",\"item\":\"https:\\\/\\\/www.mexicanguitarplayers.com\\\/\"},{\"@type\":\"ListItem\",\"position\":2,\"name\":\"Tienda\",\"item\":\"https:\\\/\\\/www.mexicanguitarplayers.com\\\/tienda\\\/\"},{\"@type\":\"ListItem\",\"position\":3,\"name\":\"COMBO BLACKSTAR P\\\/ACUSTICA SONNET 60\"}]},{\"@type\":\"WebSite\",\"@id\":\"https:\\\/\\\/www.mexicanguitarplayers.com\\\/#website\",\"url\":\"https:\\\/\\\/www.mexicanguitarplayers.com\\\/\",\"name\":\"Mexican Guitar Players\",\"description\":\"Website\",\"publisher\":{\"@id\":\"https:\\\/\\\/www.mexicanguitarplayers.com\\\/#organization\"},\"potentialAction\":[{\"@type\":\"SearchAction\",\"target\":{\"@type\":\"EntryPoint\",\"urlTemplate\":\"https:\\\/\\\/www.mexicanguitarplayers.com\\\/?s={search_term_string}\"},\"query-input\":{\"@type\":\"PropertyValueSpecification\",\"valueRequired\":true,\"valueName\":\"search_term_string\"}}],\"inLanguage\":\"en-US\"},{\"@type\":\"Organization\",\"@id\":\"https:\\\/\\\/www.mexicanguitarplayers.com\\\/#organization\",\"name\":\"Mexican Guitar Players\",\"url\":\"https:\\\/\\\/www.mexicanguitarplayers.com\\\/\",\"logo\":{\"@type\":\"ImageObject\",\"inLanguage\":\"en-US\",\"@id\":\"https:\\\/\\\/www.mexicanguitarplayers.com\\\/#\\\/schema\\\/logo\\\/image\\\/\",\"url\":\"\",\"contentUrl\":\"\",\"caption\":\"Mexican Guitar Players\"},\"image\":{\"@id\":\"https:\\\/\\\/www.mexicanguitarplayers.com\\\/#\\\/schema\\\/logo\\\/image\\\/\"}}]}<\/script>\n<!-- \/ Yoast SEO plugin. -->","yoast_head_json":{"title":"COMBO BLACKSTAR P\/ACUSTICA SONNET 60 - Mexican Guitar Players","description":"Combo para guitarra ac\u00fastica, potencia de 60 watts, un altavoz de 6.5\u201d + tweeter, 2 canales, sistema anti retroalimentaci\u00f3n, filtro pasa altos, brillantez, audio Bluetooth, reverb, MP3\/Line In, salida directa XLR, audio USB, footswitch opcional (no incluido): FS-17, soporte inclinable hacia atr\u00e1s, stand PA montable con adaptador SA-2 opcional. Dimensiones del producto: 31.5 x 36 x 40 cm. Peso: 9.28 Kg","robots":{"index":"index","follow":"follow","max-snippet":"max-snippet:-1","max-image-preview":"max-image-preview:large","max-video-preview":"max-video-preview:-1"},"canonical":"https:\/\/www.mexicanguitarplayers.com\/en\/tienda\/sin categor\u00eda\/combo-blackstar-p-acustica-sonnet-60\/","og_locale":"en_US","og_type":"article","og_title":"COMBO BLACKSTAR P\/ACUSTICA SONNET 60 - Mexican Guitar Players","og_description":"Combo para guitarra ac\u00fastica, potencia de 60 watts, un altavoz de 6.5\u201d + tweeter, 2 canales, sistema anti retroalimentaci\u00f3n, filtro pasa altos, brillantez, audio Bluetooth, reverb, MP3\/Line In, salida directa XLR, audio USB, footswitch opcional (no incluido): FS-17, soporte inclinable hacia atr\u00e1s, stand PA montable con adaptador SA-2 opcional. Dimensiones del producto: 31.5 x 36 x 40 cm. Peso: 9.28 Kg","og_url":"https:\/\/www.mexicanguitarplayers.com\/en\/tienda\/sin categor\u00eda\/combo-blackstar-p-acustica-sonnet-60\/","og_site_name":"Mexican Guitar Players","article_modified_time":"2026-05-01T13:19:26+00:00","twitter_card":"summary_large_image","twitter_misc":{"Est. reading time":"4 minutes"},"schema":{"@context":"https:\/\/schema.org","@graph":[{"@type":["WebPage","ItemPage"],"@id":"https:\/\/www.mexicanguitarplayers.com\/tienda\/sin categor\u00eda\/combo-blackstar-p-acustica-sonnet-60\/","url":"https:\/\/www.mexicanguitarplayers.com\/tienda\/sin categor\u00eda\/combo-blackstar-p-acustica-sonnet-60\/","name":"COMBO BLACKSTAR P\/ACUSTICA SONNET 60 - Mexican Guitar Players","isPartOf":{"@id":"https:\/\/www.mexicanguitarplayers.com\/#website"},"primaryImageOfPage":{"@id":"https:\/\/www.mexicanguitarplayers.com\/tienda\/sin categor\u00eda\/combo-blackstar-p-acustica-sonnet-60\/#primaryimage"},"image":{"@id":"https:\/\/www.mexicanguitarplayers.com\/tienda\/sin categor\u00eda\/combo-blackstar-p-acustica-sonnet-60\/#primaryimage"},"thumbnailUrl":"https:\/\/www.mexicanguitarplayers.com\/wp-content\/uploads\/2025\/04\/ICBLSSONNET60.jpg","datePublished":"2025-04-09T11:45:32+00:00","dateModified":"2026-05-01T13:19:26+00:00","description":"Combo para guitarra ac\u00fastica, potencia de 60 watts, un altavoz de 6.5\u201d + tweeter, 2 canales, sistema anti retroalimentaci\u00f3n, filtro pasa altos, brillantez, audio Bluetooth, reverb, MP3\/Line In, salida directa XLR, audio USB, footswitch opcional (no incluido): FS-17, soporte inclinable hacia atr\u00e1s, stand PA montable con adaptador SA-2 opcional. Dimensiones del producto: 31.5 x 36 x 40 cm. Peso: 9.28 Kg","breadcrumb":{"@id":"https:\/\/www.mexicanguitarplayers.com\/tienda\/sin categor\u00eda\/combo-blackstar-p-acustica-sonnet-60\/#breadcrumb"},"inLanguage":"en-US","potentialAction":[{"@type":"ReadAction","target":["https:\/\/www.mexicanguitarplayers.com\/tienda\/sin categor\u00eda\/combo-blackstar-p-acustica-sonnet-60\/"]}]},{"@type":"ImageObject","inLanguage":"en-US","@id":"https:\/\/www.mexicanguitarplayers.com\/tienda\/sin categor\u00eda\/combo-blackstar-p-acustica-sonnet-60\/#primaryimage","url":"https:\/\/www.mexicanguitarplayers.com\/wp-content\/uploads\/2025\/04\/ICBLSSONNET60.jpg","contentUrl":"https:\/\/www.mexicanguitarplayers.com\/wp-content\/uploads\/2025\/04\/ICBLSSONNET60.jpg","width":1200,"height":1200},{"@type":"BreadcrumbList","@id":"https:\/\/www.mexicanguitarplayers.com\/tienda\/sin categor\u00eda\/combo-blackstar-p-acustica-sonnet-60\/#breadcrumb","itemListElement":[{"@type":"ListItem","position":1,"name":"Portada","item":"https:\/\/www.mexicanguitarplayers.com\/"},{"@type":"ListItem","position":2,"name":"Tienda","item":"https:\/\/www.mexicanguitarplayers.com\/tienda\/"},{"@type":"ListItem","position":3,"name":"COMBO BLACKSTAR P\/ACUSTICA SONNET 60"}]},{"@type":"WebSite","@id":"https:\/\/www.mexicanguitarplayers.com\/#website","url":"https:\/\/www.mexicanguitarplayers.com\/","name":"Mexican Guitar Players","description":"Website","publisher":{"@id":"https:\/\/www.mexicanguitarplayers.com\/#organization"},"potentialAction":[{"@type":"SearchAction","target":{"@type":"EntryPoint","urlTemplate":"https:\/\/www.mexicanguitarplayers.com\/?s={search_term_string}"},"query-input":{"@type":"PropertyValueSpecification","valueRequired":true,"valueName":"search_term_string"}}],"inLanguage":"en-US"},{"@type":"Organization","@id":"https:\/\/www.mexicanguitarplayers.com\/#organization","name":"Mexican Guitar Players","url":"https:\/\/www.mexicanguitarplayers.com\/","logo":{"@type":"ImageObject","inLanguage":"en-US","@id":"https:\/\/www.mexicanguitarplayers.com\/#\/schema\/logo\/image\/","url":"","contentUrl":"","caption":"Mexican Guitar Players"},"image":{"@id":"https:\/\/www.mexicanguitarplayers.com\/#\/schema\/logo\/image\/"}}]}},"brands":[{"id":172,"name":"BLACKSTAR","slug":"blackstar"}],"_links":{"self":[{"href":"https:\/\/www.mexicanguitarplayers.com\/en\/wp-json\/wp\/v2\/product\/37534","targetHints":{"allow":["GET"]}}],"collection":[{"href":"https:\/\/www.mexicanguitarplayers.com\/en\/wp-json\/wp\/v2\/product"}],"about":[{"href":"https:\/\/www.mexicanguitarplayers.com\/en\/wp-json\/wp\/v2\/types\/product"}],"replies":[{"embeddable":true,"href":"https:\/\/www.mexicanguitarplayers.com\/en\/wp-json\/wp\/v2\/comments?post=37534"}],"wp:featuredmedia":[{"embeddable":true,"href":"https:\/\/www.mexicanguitarplayers.com\/en\/wp-json\/wp\/v2\/media\/37506"}],"wp:attachment":[{"href":"https:\/\/www.mexicanguitarplayers.com\/en\/wp-json\/wp\/v2\/media?parent=37534"}],"wp:term":[{"taxonomy":"pwb-brand","embeddable":true,"href":"https:\/\/www.mexicanguitarplayers.com\/en\/wp-json\/wp\/v2\/pwb-brand?post=37534"},{"taxonomy":"product_brand","embeddable":true,"href":"https:\/\/www.mexicanguitarplayers.com\/en\/wp-json\/wp\/v2\/product_brand?post=37534"},{"taxonomy":"product_cat","embeddable":true,"href":"https:\/\/www.mexicanguitarplayers.com\/en\/wp-json\/wp\/v2\/product_cat?post=37534"},{"taxonomy":"product_tag","embeddable":true,"href":"https:\/\/www.mexicanguitarplayers.com\/en\/wp-json\/wp\/v2\/product_tag?post=37534"}],"curies":[{"name":"wp","href":"https:\/\/api.w.org\/{rel}","templated":true}]}}