{"id":37544,"date":"2025-04-09T05:45:43","date_gmt":"2025-04-09T11:45:43","guid":{"rendered":"https:\/\/www.mexicanguitarplayers.com\/tienda\/sin categor\u00eda\/pedal-behringer-hb01-wah-hellbabe\/"},"modified":"2026-05-02T19:15:04","modified_gmt":"2026-05-03T01:15:04","slug":"pedal-behringer-hb01-wah-hellbabe","status":"publish","type":"product","link":"https:\/\/www.mexicanguitarplayers.com\/en\/tienda\/cuerdas\/efectos\/efectos-individuales\/pedal-behringer-hb01-wah-hellbabe\/","title":{"rendered":"PEDAL BEHRINGER HB01 WAH HELLBABE"},"content":{"rendered":"<div style=\"text-align: justify\">\n<div>\n<h3>El Wah-Wah perfecto en tus manos.<\/h3>\n<\/div>\n<div>El HELL-BABE HB01 es diferente a cualquier pedal wah que hayas pisado, ofrece una enorme variedad de opciones de tono. Puedes conseguir todo, desde un wah de la vieja escuela, hasta sonidos m\u00e1s contempor\u00e1neos, todo en un solo pedal fascinante de efectos. Este pedal a\u00f1ade dimensi\u00f3n y profundidad a tu expresi\u00f3n art\u00edstica. Con el HB-01 de Behringer tendr\u00e1s un pedal wah multifuncional con control \u00f3ptico que ofrece todo lo que necesitas para todos los estilos y sonidos, cuenta con un nuevo mecanismo de ajuste de resorte con opci\u00f3n para remover el rango de frecuencia libremente, ajustable con control (440 Hz a 250 Hz). Ideal para cualquier estilo, en especial funk, rock sicod\u00e9lico y blues. Los nuevos pedales Behringer cuentan con un dise\u00f1o especial que los hacen m\u00e1s duraderos y atractivos. HB-01 de Behringer es ideal para hacer de los sonidos vintage  un sonido contempor\u00e1neo y lleno de nitidez y potencia.<\/div>\n<div>\n<h4>Quick look<\/h4>\n<\/div>\n<ul style=\"margin: 0px 0px 0px 25px\">\n<li style=\"list-style-type: circle;margin: 5px\">Dise\u00f1o cl\u00e1sico.<\/li>\n<li style=\"list-style-type: circle;margin: 5px\">Control \u00f3ptico.<\/li>\n<li style=\"list-style-type: circle;margin: 5px\">Entrance.<\/li>\n<li style=\"list-style-type: circle;margin: 5px\">Departure.<\/li>\n<li style=\"list-style-type: circle;margin: 5px\">Salida bypass.<\/li>\n<li style=\"list-style-type: circle;margin: 5px\">Power supply.<\/li>\n<li style=\"list-style-type: circle;margin: 5px\">Dimensions.<\/li>\n<li style=\"list-style-type: circle;margin: 5px\">Weight.<\/li>\n<\/ul>\n<div>\n<div style=\"font-weight: bold\">Dise\u00f1o cl\u00e1sico.<\/div>\n<div>\n<p>Est\u00e1 pensado para a una transportaci\u00f3n r\u00e1pida sin necesidad de ocupar mucho espacio, seguro tendr\u00e1 un lugar prioritario en tu pedalera y con el dise\u00f1o tradicional de los a\u00f1os sesenta, pensando en adquirir un pedal de colecci\u00f3n.<\/p>\n<\/div>\n<div style=\"font-weight: bold\">Control \u00f3ptico.<\/div>\n<div>\n<p>No utiliza interruptores mec\u00e1nicos, lo que reduce significativamente el desgaste. Pero eso no es todo, sino que tambi\u00e9n cuenta con un mecanismo de pedal de recuperaci\u00f3n el\u00e1stica con ajuste de resistencia y gracias a nuestros ultra-brillantes indicadores LED siempre sabr\u00e1s cuando est\u00e1 en alza y cuando el volumen est\u00e1 activado.<\/p>\n<\/div>\n<div style=\"font-weight: bold\">Entrance.<\/div>\n<div>\n<p>Conector: Jack mono de 6.3 mm.Impedancia: 1 mohm.<\/p>\n<\/div>\n<div style=\"font-weight: bold\">Departure.<\/div>\n<div>\n<p>Conector: Jack mono de 6.3 mm.Impedancia: 1 kohm.<\/p>\n<\/div>\n<div style=\"font-weight: bold\">Salida bypass.<\/div>\n<div>\n<p>Conector: Jack mono de 6.3 mm.Impedancia 1 kohm.<\/p>\n<\/div>\n<div style=\"font-weight: bold\">Power supply.<\/div>\n<div>\n<p>9V, 100 mA DC regulada.Conector de alimentaci\u00f3n: Jack de 2 mm para DC, centro negativo.Bater\u00eda: 9V tipo 6LR61.Consumo de corriente: 30 mA.<\/p>\n<\/div>\n<div style=\"font-weight: bold\">Dimensions.<\/div>\n<div>\n<p>99 x 120 x 254 mm.<\/p>\n<\/div>\n<div style=\"font-weight: bold\">Weight.<\/div>\n<div>\n<p>1.2 kg.<\/p>\n<\/div>\n<\/div>\n<\/div>","protected":false},"excerpt":{"rendered":"<p>Pedal Wah-Wah multifuncional con control \u00f3ptico (sin potenci\u00f3metros e interruptores mec\u00e1nicos), ofrece todo lo que necesitas para todos los sonidos y estilos, mecanismo \u00fanico de pedal de resorte con ajuste de resistencia para lo \u00faltimo en estilo de toque (opci\u00f3n para removerlo), gama de frecuencias libremente ajustablemediante un rango de control (440 Hz a 250 Hz) para su uso con guitarras e incluso con bajos, Fine Tune adicional que permite la extensi\u00f3n de gama alta de rango barrido para un sonido incre\u00edblemente brillante y ultra presente, control Q ultra musical para una configuraci\u00f3n precisa del filtro para conseguir efectos detipo vocal, funci\u00f3n de boost sintonizable incluyendo un interruptor de encendidoy apagado para llevar tus licks al l\u00edmite, indicadores LED duales para On\/Off del efecto en la cola del pedal, lo que te da un total control, circuito de ruidoultra bajo con un rendimiento de audio excepcional, funciona con una pila de 9Vo con un adaptador de corriente PSU-SB DC de Behringer (no incluido), dimensiones: 99 x 120 x 254 mm, peso: 1.2 kg.&hellip; <a class=\"kt-excerpt-readmore more-link\" href=\"https:\/\/www.mexicanguitarplayers.com\/en\/tienda\/cuerdas\/efectos\/efectos-individuales\/pedal-behringer-hb01-wah-hellbabe\/\">Read more<\/a><\/p>","protected":false},"featured_media":37539,"comment_status":"open","ping_status":"closed","template":"","meta":{"kt_blocks_editor_width":""},"pwb-brand":[171],"product_brand":[],"product_cat":[224,241,504],"product_tag":[],"class_list":{"0":"post-37544","1":"product","2":"type-product","3":"status-publish","4":"has-post-thumbnail","6":"pwb-brand-behringer","7":"product_cat-cuerdas","8":"product_cat-efectos","9":"product_cat-efectos-individuales","10":"product_shipping_class-0-5-kg","12":"first","13":"outofstock","14":"taxable","15":"shipping-taxable","16":"purchasable","17":"product-type-simple"},"yoast_head":"<!-- This site is optimized with the Yoast SEO plugin v27.5 - https:\/\/yoast.com\/product\/yoast-seo-wordpress\/ -->\n<title>PEDAL BEHRINGER HB01 WAH HELLBABE - Mexican Guitar Players<\/title>\n<meta name=\"description\" content=\"Pedal Wah-Wah multifuncional con control \u00f3ptico (sin potenci\u00f3metros e interruptores mec\u00e1nicos), ofrece todo lo que necesitas para todos los sonidos y estilos, mecanismo \u00fanico de pedal de resorte con ajuste de resistencia para lo \u00faltimo en estilo de toque (opci\u00f3n para removerlo), gama de frecuencias libremente ajustablemediante un rango de control (440 Hz a 250 Hz) para su uso con guitarras e incluso con bajos, Fine Tune adicional que permite la extensi\u00f3n de gama alta de rango barrido para un sonido incre\u00edblemente brillante y ultra presente, control Q ultra musical para una configuraci\u00f3n precisa del filtro para conseguir efectos detipo vocal, funci\u00f3n de boost sintonizable incluyendo un interruptor de encendidoy apagado para llevar tus licks al l\u00edmite, indicadores LED duales para On\/Off del efecto en la cola del pedal, lo que te da un total control, circuito de ruidoultra bajo con un rendimiento de audio excepcional, funciona con una pila de 9Vo con un adaptador de corriente PSU-SB DC de Behringer (no incluido), dimensiones: 99 x 120 x 254 mm, peso: 1.2 kg.\" \/>\n<meta name=\"robots\" content=\"index, follow, max-snippet:-1, max-image-preview:large, max-video-preview:-1\" \/>\n<link rel=\"canonical\" href=\"https:\/\/www.mexicanguitarplayers.com\/en\/tienda\/sin%20categor\u00eda\/pedal-behringer-hb01-wah-hellbabe\/\" \/>\n<meta property=\"og:locale\" content=\"en_US\" \/>\n<meta property=\"og:type\" content=\"article\" \/>\n<meta property=\"og:title\" content=\"PEDAL BEHRINGER HB01 WAH HELLBABE - Mexican Guitar Players\" \/>\n<meta property=\"og:description\" content=\"Pedal Wah-Wah multifuncional con control \u00f3ptico (sin potenci\u00f3metros e interruptores mec\u00e1nicos), ofrece todo lo que necesitas para todos los sonidos y estilos, mecanismo \u00fanico de pedal de resorte con ajuste de resistencia para lo \u00faltimo en estilo de toque (opci\u00f3n para removerlo), gama de frecuencias libremente ajustablemediante un rango de control (440 Hz a 250 Hz) para su uso con guitarras e incluso con bajos, Fine Tune adicional que permite la extensi\u00f3n de gama alta de rango barrido para un sonido incre\u00edblemente brillante y ultra presente, control Q ultra musical para una configuraci\u00f3n precisa del filtro para conseguir efectos detipo vocal, funci\u00f3n de boost sintonizable incluyendo un interruptor de encendidoy apagado para llevar tus licks al l\u00edmite, indicadores LED duales para On\/Off del efecto en la cola del pedal, lo que te da un total control, circuito de ruidoultra bajo con un rendimiento de audio excepcional, funciona con una pila de 9Vo con un adaptador de corriente PSU-SB DC de Behringer (no incluido), dimensiones: 99 x 120 x 254 mm, peso: 1.2 kg.\" \/>\n<meta property=\"og:url\" content=\"https:\/\/www.mexicanguitarplayers.com\/en\/tienda\/sin categor\u00eda\/pedal-behringer-hb01-wah-hellbabe\/\" \/>\n<meta property=\"og:site_name\" content=\"Mexican Guitar Players\" \/>\n<meta property=\"article:modified_time\" content=\"2026-05-03T01:15:04+00:00\" \/>\n<meta name=\"twitter:card\" content=\"summary_large_image\" \/>\n<meta name=\"twitter:label1\" content=\"Est. reading time\" \/>\n\t<meta name=\"twitter:data1\" content=\"2 minutes\" \/>\n<script type=\"application\/ld+json\" class=\"yoast-schema-graph\">{\"@context\":\"https:\\\/\\\/schema.org\",\"@graph\":[{\"@type\":[\"WebPage\",\"ItemPage\"],\"@id\":\"https:\\\/\\\/www.mexicanguitarplayers.com\\\/tienda\\\/sin categor\u00eda\\\/pedal-behringer-hb01-wah-hellbabe\\\/\",\"url\":\"https:\\\/\\\/www.mexicanguitarplayers.com\\\/tienda\\\/sin categor\u00eda\\\/pedal-behringer-hb01-wah-hellbabe\\\/\",\"name\":\"PEDAL BEHRINGER HB01 WAH HELLBABE - Mexican Guitar Players\",\"isPartOf\":{\"@id\":\"https:\\\/\\\/www.mexicanguitarplayers.com\\\/#website\"},\"primaryImageOfPage\":{\"@id\":\"https:\\\/\\\/www.mexicanguitarplayers.com\\\/tienda\\\/sin categor\u00eda\\\/pedal-behringer-hb01-wah-hellbabe\\\/#primaryimage\"},\"image\":{\"@id\":\"https:\\\/\\\/www.mexicanguitarplayers.com\\\/tienda\\\/sin categor\u00eda\\\/pedal-behringer-hb01-wah-hellbabe\\\/#primaryimage\"},\"thumbnailUrl\":\"https:\\\/\\\/www.mexicanguitarplayers.com\\\/wp-content\\\/uploads\\\/2025\\\/04\\\/VABEHHB01.jpg\",\"datePublished\":\"2025-04-09T11:45:43+00:00\",\"dateModified\":\"2026-05-03T01:15:04+00:00\",\"description\":\"Pedal Wah-Wah multifuncional con control \u00f3ptico (sin potenci\u00f3metros e interruptores mec\u00e1nicos), ofrece todo lo que necesitas para todos los sonidos y estilos, mecanismo \u00fanico de pedal de resorte con ajuste de resistencia para lo \u00faltimo en estilo de toque (opci\u00f3n para removerlo), gama de frecuencias libremente ajustablemediante un rango de control (440 Hz a 250 Hz) para su uso con guitarras e incluso con bajos, Fine Tune adicional que permite la extensi\u00f3n de gama alta de rango barrido para un sonido incre\u00edblemente brillante y ultra presente, control Q ultra musical para una configuraci\u00f3n precisa del filtro para conseguir efectos detipo vocal, funci\u00f3n de boost sintonizable incluyendo un interruptor de encendidoy apagado para llevar tus licks al l\u00edmite, indicadores LED duales para On\\\/Off del efecto en la cola del pedal, lo que te da un total control, circuito de ruidoultra bajo con un rendimiento de audio excepcional, funciona con una pila de 9Vo con un adaptador de corriente PSU-SB DC de Behringer (no incluido), dimensiones: 99 x 120 x 254 mm, peso: 1.2 kg.\",\"breadcrumb\":{\"@id\":\"https:\\\/\\\/www.mexicanguitarplayers.com\\\/tienda\\\/sin categor\u00eda\\\/pedal-behringer-hb01-wah-hellbabe\\\/#breadcrumb\"},\"inLanguage\":\"en-US\",\"potentialAction\":[{\"@type\":\"ReadAction\",\"target\":[\"https:\\\/\\\/www.mexicanguitarplayers.com\\\/tienda\\\/sin categor\u00eda\\\/pedal-behringer-hb01-wah-hellbabe\\\/\"]}]},{\"@type\":\"ImageObject\",\"inLanguage\":\"en-US\",\"@id\":\"https:\\\/\\\/www.mexicanguitarplayers.com\\\/tienda\\\/sin categor\u00eda\\\/pedal-behringer-hb01-wah-hellbabe\\\/#primaryimage\",\"url\":\"https:\\\/\\\/www.mexicanguitarplayers.com\\\/wp-content\\\/uploads\\\/2025\\\/04\\\/VABEHHB01.jpg\",\"contentUrl\":\"https:\\\/\\\/www.mexicanguitarplayers.com\\\/wp-content\\\/uploads\\\/2025\\\/04\\\/VABEHHB01.jpg\",\"width\":1600,\"height\":800},{\"@type\":\"BreadcrumbList\",\"@id\":\"https:\\\/\\\/www.mexicanguitarplayers.com\\\/tienda\\\/sin categor\u00eda\\\/pedal-behringer-hb01-wah-hellbabe\\\/#breadcrumb\",\"itemListElement\":[{\"@type\":\"ListItem\",\"position\":1,\"name\":\"Portada\",\"item\":\"https:\\\/\\\/www.mexicanguitarplayers.com\\\/\"},{\"@type\":\"ListItem\",\"position\":2,\"name\":\"Tienda\",\"item\":\"https:\\\/\\\/www.mexicanguitarplayers.com\\\/tienda\\\/\"},{\"@type\":\"ListItem\",\"position\":3,\"name\":\"PEDAL BEHRINGER HB01 WAH HELLBABE\"}]},{\"@type\":\"WebSite\",\"@id\":\"https:\\\/\\\/www.mexicanguitarplayers.com\\\/#website\",\"url\":\"https:\\\/\\\/www.mexicanguitarplayers.com\\\/\",\"name\":\"Mexican Guitar Players\",\"description\":\"Website\",\"publisher\":{\"@id\":\"https:\\\/\\\/www.mexicanguitarplayers.com\\\/#organization\"},\"potentialAction\":[{\"@type\":\"SearchAction\",\"target\":{\"@type\":\"EntryPoint\",\"urlTemplate\":\"https:\\\/\\\/www.mexicanguitarplayers.com\\\/?s={search_term_string}\"},\"query-input\":{\"@type\":\"PropertyValueSpecification\",\"valueRequired\":true,\"valueName\":\"search_term_string\"}}],\"inLanguage\":\"en-US\"},{\"@type\":\"Organization\",\"@id\":\"https:\\\/\\\/www.mexicanguitarplayers.com\\\/#organization\",\"name\":\"Mexican Guitar Players\",\"url\":\"https:\\\/\\\/www.mexicanguitarplayers.com\\\/\",\"logo\":{\"@type\":\"ImageObject\",\"inLanguage\":\"en-US\",\"@id\":\"https:\\\/\\\/www.mexicanguitarplayers.com\\\/#\\\/schema\\\/logo\\\/image\\\/\",\"url\":\"\",\"contentUrl\":\"\",\"caption\":\"Mexican Guitar Players\"},\"image\":{\"@id\":\"https:\\\/\\\/www.mexicanguitarplayers.com\\\/#\\\/schema\\\/logo\\\/image\\\/\"}}]}<\/script>\n<!-- \/ Yoast SEO plugin. -->","yoast_head_json":{"title":"PEDAL BEHRINGER HB01 WAH HELLBABE - Mexican Guitar Players","description":"Pedal Wah-Wah multifuncional con control \u00f3ptico (sin potenci\u00f3metros e interruptores mec\u00e1nicos), ofrece todo lo que necesitas para todos los sonidos y estilos, mecanismo \u00fanico de pedal de resorte con ajuste de resistencia para lo \u00faltimo en estilo de toque (opci\u00f3n para removerlo), gama de frecuencias libremente ajustablemediante un rango de control (440 Hz a 250 Hz) para su uso con guitarras e incluso con bajos, Fine Tune adicional que permite la extensi\u00f3n de gama alta de rango barrido para un sonido incre\u00edblemente brillante y ultra presente, control Q ultra musical para una configuraci\u00f3n precisa del filtro para conseguir efectos detipo vocal, funci\u00f3n de boost sintonizable incluyendo un interruptor de encendidoy apagado para llevar tus licks al l\u00edmite, indicadores LED duales para On\/Off del efecto en la cola del pedal, lo que te da un total control, circuito de ruidoultra bajo con un rendimiento de audio excepcional, funciona con una pila de 9Vo con un adaptador de corriente PSU-SB DC de Behringer (no incluido), dimensiones: 99 x 120 x 254 mm, peso: 1.2 kg.","robots":{"index":"index","follow":"follow","max-snippet":"max-snippet:-1","max-image-preview":"max-image-preview:large","max-video-preview":"max-video-preview:-1"},"canonical":"https:\/\/www.mexicanguitarplayers.com\/en\/tienda\/sin categor\u00eda\/pedal-behringer-hb01-wah-hellbabe\/","og_locale":"en_US","og_type":"article","og_title":"PEDAL BEHRINGER HB01 WAH HELLBABE - Mexican Guitar Players","og_description":"Pedal Wah-Wah multifuncional con control \u00f3ptico (sin potenci\u00f3metros e interruptores mec\u00e1nicos), ofrece todo lo que necesitas para todos los sonidos y estilos, mecanismo \u00fanico de pedal de resorte con ajuste de resistencia para lo \u00faltimo en estilo de toque (opci\u00f3n para removerlo), gama de frecuencias libremente ajustablemediante un rango de control (440 Hz a 250 Hz) para su uso con guitarras e incluso con bajos, Fine Tune adicional que permite la extensi\u00f3n de gama alta de rango barrido para un sonido incre\u00edblemente brillante y ultra presente, control Q ultra musical para una configuraci\u00f3n precisa del filtro para conseguir efectos detipo vocal, funci\u00f3n de boost sintonizable incluyendo un interruptor de encendidoy apagado para llevar tus licks al l\u00edmite, indicadores LED duales para On\/Off del efecto en la cola del pedal, lo que te da un total control, circuito de ruidoultra bajo con un rendimiento de audio excepcional, funciona con una pila de 9Vo con un adaptador de corriente PSU-SB DC de Behringer (no incluido), dimensiones: 99 x 120 x 254 mm, peso: 1.2 kg.","og_url":"https:\/\/www.mexicanguitarplayers.com\/en\/tienda\/sin categor\u00eda\/pedal-behringer-hb01-wah-hellbabe\/","og_site_name":"Mexican Guitar Players","article_modified_time":"2026-05-03T01:15:04+00:00","twitter_card":"summary_large_image","twitter_misc":{"Est. reading time":"2 minutes"},"schema":{"@context":"https:\/\/schema.org","@graph":[{"@type":["WebPage","ItemPage"],"@id":"https:\/\/www.mexicanguitarplayers.com\/tienda\/sin categor\u00eda\/pedal-behringer-hb01-wah-hellbabe\/","url":"https:\/\/www.mexicanguitarplayers.com\/tienda\/sin categor\u00eda\/pedal-behringer-hb01-wah-hellbabe\/","name":"PEDAL BEHRINGER HB01 WAH HELLBABE - Mexican Guitar Players","isPartOf":{"@id":"https:\/\/www.mexicanguitarplayers.com\/#website"},"primaryImageOfPage":{"@id":"https:\/\/www.mexicanguitarplayers.com\/tienda\/sin categor\u00eda\/pedal-behringer-hb01-wah-hellbabe\/#primaryimage"},"image":{"@id":"https:\/\/www.mexicanguitarplayers.com\/tienda\/sin categor\u00eda\/pedal-behringer-hb01-wah-hellbabe\/#primaryimage"},"thumbnailUrl":"https:\/\/www.mexicanguitarplayers.com\/wp-content\/uploads\/2025\/04\/VABEHHB01.jpg","datePublished":"2025-04-09T11:45:43+00:00","dateModified":"2026-05-03T01:15:04+00:00","description":"Pedal Wah-Wah multifuncional con control \u00f3ptico (sin potenci\u00f3metros e interruptores mec\u00e1nicos), ofrece todo lo que necesitas para todos los sonidos y estilos, mecanismo \u00fanico de pedal de resorte con ajuste de resistencia para lo \u00faltimo en estilo de toque (opci\u00f3n para removerlo), gama de frecuencias libremente ajustablemediante un rango de control (440 Hz a 250 Hz) para su uso con guitarras e incluso con bajos, Fine Tune adicional que permite la extensi\u00f3n de gama alta de rango barrido para un sonido incre\u00edblemente brillante y ultra presente, control Q ultra musical para una configuraci\u00f3n precisa del filtro para conseguir efectos detipo vocal, funci\u00f3n de boost sintonizable incluyendo un interruptor de encendidoy apagado para llevar tus licks al l\u00edmite, indicadores LED duales para On\/Off del efecto en la cola del pedal, lo que te da un total control, circuito de ruidoultra bajo con un rendimiento de audio excepcional, funciona con una pila de 9Vo con un adaptador de corriente PSU-SB DC de Behringer (no incluido), dimensiones: 99 x 120 x 254 mm, peso: 1.2 kg.","breadcrumb":{"@id":"https:\/\/www.mexicanguitarplayers.com\/tienda\/sin categor\u00eda\/pedal-behringer-hb01-wah-hellbabe\/#breadcrumb"},"inLanguage":"en-US","potentialAction":[{"@type":"ReadAction","target":["https:\/\/www.mexicanguitarplayers.com\/tienda\/sin categor\u00eda\/pedal-behringer-hb01-wah-hellbabe\/"]}]},{"@type":"ImageObject","inLanguage":"en-US","@id":"https:\/\/www.mexicanguitarplayers.com\/tienda\/sin categor\u00eda\/pedal-behringer-hb01-wah-hellbabe\/#primaryimage","url":"https:\/\/www.mexicanguitarplayers.com\/wp-content\/uploads\/2025\/04\/VABEHHB01.jpg","contentUrl":"https:\/\/www.mexicanguitarplayers.com\/wp-content\/uploads\/2025\/04\/VABEHHB01.jpg","width":1600,"height":800},{"@type":"BreadcrumbList","@id":"https:\/\/www.mexicanguitarplayers.com\/tienda\/sin categor\u00eda\/pedal-behringer-hb01-wah-hellbabe\/#breadcrumb","itemListElement":[{"@type":"ListItem","position":1,"name":"Portada","item":"https:\/\/www.mexicanguitarplayers.com\/"},{"@type":"ListItem","position":2,"name":"Tienda","item":"https:\/\/www.mexicanguitarplayers.com\/tienda\/"},{"@type":"ListItem","position":3,"name":"PEDAL BEHRINGER HB01 WAH HELLBABE"}]},{"@type":"WebSite","@id":"https:\/\/www.mexicanguitarplayers.com\/#website","url":"https:\/\/www.mexicanguitarplayers.com\/","name":"Mexican Guitar Players","description":"Website","publisher":{"@id":"https:\/\/www.mexicanguitarplayers.com\/#organization"},"potentialAction":[{"@type":"SearchAction","target":{"@type":"EntryPoint","urlTemplate":"https:\/\/www.mexicanguitarplayers.com\/?s={search_term_string}"},"query-input":{"@type":"PropertyValueSpecification","valueRequired":true,"valueName":"search_term_string"}}],"inLanguage":"en-US"},{"@type":"Organization","@id":"https:\/\/www.mexicanguitarplayers.com\/#organization","name":"Mexican Guitar Players","url":"https:\/\/www.mexicanguitarplayers.com\/","logo":{"@type":"ImageObject","inLanguage":"en-US","@id":"https:\/\/www.mexicanguitarplayers.com\/#\/schema\/logo\/image\/","url":"","contentUrl":"","caption":"Mexican Guitar Players"},"image":{"@id":"https:\/\/www.mexicanguitarplayers.com\/#\/schema\/logo\/image\/"}}]}},"brands":[{"id":171,"name":"BEHRINGER","slug":"behringer"}],"_links":{"self":[{"href":"https:\/\/www.mexicanguitarplayers.com\/en\/wp-json\/wp\/v2\/product\/37544","targetHints":{"allow":["GET"]}}],"collection":[{"href":"https:\/\/www.mexicanguitarplayers.com\/en\/wp-json\/wp\/v2\/product"}],"about":[{"href":"https:\/\/www.mexicanguitarplayers.com\/en\/wp-json\/wp\/v2\/types\/product"}],"replies":[{"embeddable":true,"href":"https:\/\/www.mexicanguitarplayers.com\/en\/wp-json\/wp\/v2\/comments?post=37544"}],"wp:featuredmedia":[{"embeddable":true,"href":"https:\/\/www.mexicanguitarplayers.com\/en\/wp-json\/wp\/v2\/media\/37539"}],"wp:attachment":[{"href":"https:\/\/www.mexicanguitarplayers.com\/en\/wp-json\/wp\/v2\/media?parent=37544"}],"wp:term":[{"taxonomy":"pwb-brand","embeddable":true,"href":"https:\/\/www.mexicanguitarplayers.com\/en\/wp-json\/wp\/v2\/pwb-brand?post=37544"},{"taxonomy":"product_brand","embeddable":true,"href":"https:\/\/www.mexicanguitarplayers.com\/en\/wp-json\/wp\/v2\/product_brand?post=37544"},{"taxonomy":"product_cat","embeddable":true,"href":"https:\/\/www.mexicanguitarplayers.com\/en\/wp-json\/wp\/v2\/product_cat?post=37544"},{"taxonomy":"product_tag","embeddable":true,"href":"https:\/\/www.mexicanguitarplayers.com\/en\/wp-json\/wp\/v2\/product_tag?post=37544"}],"curies":[{"name":"wp","href":"https:\/\/api.w.org\/{rel}","templated":true}]}}