{"id":37641,"date":"2025-04-09T05:48:00","date_gmt":"2025-04-09T11:48:00","guid":{"rendered":"https:\/\/www.mexicanguitarplayers.com\/tienda\/sin categor\u00eda\/driver-eighteen-1-5-mod-nd4015ti2\/"},"modified":"2026-01-14T04:20:23","modified_gmt":"2026-01-14T10:20:23","slug":"driver-eighteen-1-5-mod-nd4015ti2","status":"publish","type":"product","link":"https:\/\/www.mexicanguitarplayers.com\/en\/tienda\/audio\/bafles-y-bocinas\/bocinas-y-componentes\/agudos\/driver-eighteen-1-5-mod-nd4015ti2\/","title":{"rendered":"DRIVER EIGHTEEN 1.5  MOD. ND4015TI2"},"content":{"rendered":"<div style=\"text-align: justify\">\n<div>\n<h3>Para el mejor sonido, la mejor calidad.<\/h3>\n<\/div>\n<div>El NSD4015Ti2 es un driver de compresi\u00f3n de neodimio de salida de 1.5&#8243; pulgadas dise\u00f1ado para aplicaciones de alta calidad para sistemas de sonido de alto rendimiento. Cuenta con una bobina m\u00f3vil y c\u00fapula de aluminio revestido de cobre, la membrana de titanio puro con surround integral ha sido optimizada para ofrecer una alta sensibilidad y eficiencia y una regi\u00f3n de alta frecuencia extendida. Mientras se mantiene una baja distorsi\u00f3n, los resultados son el m\u00e1ximo sonido de salida con un car\u00e1cter natural y excepcionalmente claro hasta el m\u00e1s alto extremo del espectro de frecuencias.<\/div>\n<div>\n<h4>Quick look<\/h4>\n<\/div>\n<ul style=\"margin: 0px 0px 0px 25px\">\n<li style=\"list-style-type: circle;margin: 5px\">Di\u00e1metro de la garganta.<\/li>\n<li style=\"list-style-type: circle;margin: 5px\">Nominal impedance.<\/li>\n<li style=\"list-style-type: circle;margin: 5px\">Resistencia DC.<\/li>\n<li style=\"list-style-type: circle;margin: 5px\">Impedancia m\u00ednima.<\/li>\n<li style=\"list-style-type: circle;margin: 5px\">Le (a 1 kHz).<\/li>\n<li style=\"list-style-type: circle;margin: 5px\">Power.<\/li>\n<li style=\"list-style-type: circle;margin: 5px\">Sensitivity.<\/li>\n<li style=\"list-style-type: circle;margin: 5px\">Rango de frecuencia.<\/li>\n<li style=\"list-style-type: circle;margin: 5px\">Frecuencia m\u00ednima de crossover.<\/li>\n<li style=\"list-style-type: circle;margin: 5px\">Material del diafragma.<\/li>\n<li style=\"list-style-type: circle;margin: 5px\">Di\u00e1metro de la bobina m\u00f3vil.<\/li>\n<li style=\"list-style-type: circle;margin: 5px\">Material del borde de la bobina.<\/li>\n<li style=\"list-style-type: circle;margin: 5px\">Material magn\u00e9tico.<\/li>\n<li style=\"list-style-type: circle;margin: 5px\">Densidad de flujo.<\/li>\n<li style=\"list-style-type: circle;margin: 5px\">Factor BL.<\/li>\n<li style=\"list-style-type: circle;margin: 5px\">Di\u00e1metro total.<\/li>\n<li style=\"list-style-type: circle;margin: 5px\">N\u00famero de agujeros de montaje y tornillos.<\/li>\n<li style=\"list-style-type: circle;margin: 5px\">Di\u00e1metro del c\u00edrculo de los tornillos.<\/li>\n<li style=\"list-style-type: circle;margin: 5px\">Profundidad total.<\/li>\n<li style=\"list-style-type: circle;margin: 5px\">Weight.<\/li>\n<li style=\"list-style-type: circle;margin: 5px\">Dimensions.<\/li>\n<\/ul>\n<div>\n<div style=\"font-weight: bold\">Di\u00e1metro de la garganta.<\/div>\n<div>\n<p>38 mm (1.5&#8243; pulgadas).<\/p>\n<\/div>\n<div style=\"font-weight: bold\">Nominal impedance.<\/div>\n<div>\n<p>8 ohms.<\/p>\n<\/div>\n<div style=\"font-weight: bold\">Resistencia DC.<\/div>\n<div>\n<p>4,7 ohms.<\/p>\n<\/div>\n<div style=\"font-weight: bold\">Impedancia m\u00ednima.<\/div>\n<div>\n<p>6.9 ohms a 5500 Hz.<\/p>\n<\/div>\n<div style=\"font-weight: bold\">Le (a 1 kHz).<\/div>\n<div>\n<p>N\/A.<\/p>\n<\/div>\n<div style=\"font-weight: bold\">Power.<\/div>\n<div>\n<p>Continuo: 160 watts. Pico: 320 watts.<\/p>\n<\/div>\n<div style=\"font-weight: bold\">Sensitivity.<\/div>\n<div>\n<p>113 dB.<\/p>\n<\/div>\n<div style=\"font-weight: bold\">Rango de frecuencia.<\/div>\n<div>\n<p>800 Hz \u00f7 20 kHz.<\/p>\n<\/div>\n<div style=\"font-weight: bold\">Frecuencia m\u00ednima de crossover.<\/div>\n<div>\n<p>800 Hz (24 dB\/Oct Filtro de paso alto).<\/p>\n<\/div>\n<div style=\"font-weight: bold\">Material del diafragma.<\/div>\n<div>\n<p>Titanio puro.<\/p>\n<\/div>\n<div style=\"font-weight: bold\">Di\u00e1metro de la bobina m\u00f3vil.<\/div>\n<div>\n<p>100 mm (4&#8243; pulgadas).<\/p>\n<\/div>\n<div style=\"font-weight: bold\">Material del borde de la bobina.<\/div>\n<div>\n<p>Cobre CCAW.<\/p>\n<\/div>\n<div style=\"font-weight: bold\">Material magn\u00e9tico.<\/div>\n<div>\n<p>Neodimio.<\/p>\n<\/div>\n<div style=\"font-weight: bold\">Densidad de flujo.<\/div>\n<div>\n<p>2 T.<\/p>\n<\/div>\n<div style=\"font-weight: bold\">Factor BL.<\/div>\n<div>\n<p>17 Tm.<\/p>\n<\/div>\n<div style=\"font-weight: bold\">Di\u00e1metro total.<\/div>\n<div>\n<p>150 mm (5.9&#8243; pulgadas).<\/p>\n<\/div>\n<div style=\"font-weight: bold\">N\u00famero de agujeros de montaje y tornillos.<\/div>\n<div>\n<p>4 x M6 hoyos a 90\u00b0 \u00d8 102 mm (4&#8243; pulgadas).<\/p>\n<\/div>\n<div style=\"font-weight: bold\">Di\u00e1metro del c\u00edrculo de los tornillos.<\/div>\n<div>\n<p>102 mm (4&#8243; pulgadas).<\/p>\n<\/div>\n<div style=\"font-weight: bold\">Profundidad total.<\/div>\n<div>\n<p>57 mm (2.2&#8243; pulgadas).<\/p>\n<\/div>\n<div style=\"font-weight: bold\">Weight.<\/div>\n<div>\n<p>3.2 kg.<\/p>\n<\/div>\n<div style=\"font-weight: bold\">Dimensions.<\/div>\n<div>\n<p>170 x 170 x 80 mm.<\/p>\n<\/div>\n<\/div>\n<div>\n<h4>Characteristics<\/h4>\n<\/div>\n<div>\n<ul style=\"margin: 0px 0px 0px 25px\">\n<li style=\"list-style-type: circle;margin: 5px\">Driver de alta frecuencia de neodimio con diafragma de titanio.<\/li>\n<li style=\"list-style-type: circle;margin: 5px\">Diafragma de titanio para alta sensibilidad y alta frecuencia extendida.<\/li>\n<li style=\"list-style-type: circle;margin: 5px\">Mango de cobre para reducir la distorsi\u00f3n y aumento de la producci\u00f3n.<\/li>\n<li style=\"list-style-type: circle;margin: 5px\">BEM optimizado, corrector de fase de aleaci\u00f3n de metal de 4 ranuras.<\/li>\n<\/ul>\n<\/div>\n<\/div>","protected":false},"excerpt":{"rendered":"<p>Driver de alta frecuencia de neodimio de 1.5\u201d pulgadas con diafragma de titanio de \u00faltima generaci\u00f3n para alta sensibilidad y alta frecuencia extendida, mango de cobre para reducir la distorsi\u00f3n y aumento de la producci\u00f3n, di\u00e1metro de la garganta: 1.5\u201d pulgadas, impedancia: 8 ohms, potencia continua: 160W, potencia pico: 320W, sensibilidad: 113 dB, rango de frecuencia: 800 Hz &#8211; 20 kHz, diafragma de titanio puro, material magn\u00e9tico: Neodimio, peso: 3.2 kg, dimensiones: 170 x 170 x 80 mm.&hellip; <a class=\"kt-excerpt-readmore more-link\" href=\"https:\/\/www.mexicanguitarplayers.com\/en\/tienda\/audio\/bafles-y-bocinas\/bocinas-y-componentes\/agudos\/driver-eighteen-1-5-mod-nd4015ti2\/\">Read more<\/a><\/p>","protected":false},"featured_media":37640,"comment_status":"open","ping_status":"closed","template":"","meta":{"kt_blocks_editor_width":""},"pwb-brand":[533],"product_brand":[],"product_cat":[530,213,221,474],"product_tag":[],"class_list":{"0":"post-37641","1":"product","2":"type-product","3":"status-publish","4":"has-post-thumbnail","6":"pwb-brand-eighteen-sound","7":"product_cat-agudos","8":"product_cat-audio","9":"product_cat-bafles-y-bocinas","10":"product_cat-bocinas-y-componentes","11":"product_shipping_class-0-5-kg","13":"first","14":"instock","15":"taxable","16":"shipping-taxable","17":"purchasable","18":"product-type-simple"},"yoast_head":"<!-- This site is optimized with the Yoast SEO plugin v27.3 - https:\/\/yoast.com\/product\/yoast-seo-wordpress\/ -->\n<title>DRIVER EIGHTEEN 1.5 MOD. ND4015TI2 - Mexican Guitar Players<\/title>\n<meta name=\"description\" content=\"Driver de alta frecuencia de neodimio de 1.5\u201d pulgadas con diafragma de titanio de \u00faltima generaci\u00f3n para alta sensibilidad y alta frecuencia extendida, mango de cobre para reducir la distorsi\u00f3n y aumento de la producci\u00f3n, di\u00e1metro de la garganta: 1.5\u201d pulgadas, impedancia: 8 ohms, potencia continua: 160W, potencia pico: 320W, sensibilidad: 113 dB, rango de frecuencia: 800 Hz - 20 kHz, diafragma de titanio puro, material magn\u00e9tico: Neodimio, peso: 3.2 kg, dimensiones: 170 x 170 x 80 mm.\" \/>\n<meta name=\"robots\" content=\"index, follow, max-snippet:-1, max-image-preview:large, max-video-preview:-1\" \/>\n<link rel=\"canonical\" href=\"https:\/\/www.mexicanguitarplayers.com\/en\/tienda\/sin%20categor\u00eda\/driver-eighteen-1-5-mod-nd4015ti2\/\" \/>\n<meta property=\"og:locale\" content=\"en_US\" \/>\n<meta property=\"og:type\" content=\"article\" \/>\n<meta property=\"og:title\" content=\"DRIVER EIGHTEEN 1.5 MOD. ND4015TI2 - Mexican Guitar Players\" \/>\n<meta property=\"og:description\" content=\"Driver de alta frecuencia de neodimio de 1.5\u201d pulgadas con diafragma de titanio de \u00faltima generaci\u00f3n para alta sensibilidad y alta frecuencia extendida, mango de cobre para reducir la distorsi\u00f3n y aumento de la producci\u00f3n, di\u00e1metro de la garganta: 1.5\u201d pulgadas, impedancia: 8 ohms, potencia continua: 160W, potencia pico: 320W, sensibilidad: 113 dB, rango de frecuencia: 800 Hz - 20 kHz, diafragma de titanio puro, material magn\u00e9tico: Neodimio, peso: 3.2 kg, dimensiones: 170 x 170 x 80 mm.\" \/>\n<meta property=\"og:url\" content=\"https:\/\/www.mexicanguitarplayers.com\/en\/tienda\/sin categor\u00eda\/driver-eighteen-1-5-mod-nd4015ti2\/\" \/>\n<meta property=\"og:site_name\" content=\"Mexican Guitar Players\" \/>\n<meta property=\"article:modified_time\" content=\"2026-01-14T10:20:23+00:00\" \/>\n<meta name=\"twitter:card\" content=\"summary_large_image\" \/>\n<meta name=\"twitter:label1\" content=\"Est. reading time\" \/>\n\t<meta name=\"twitter:data1\" content=\"2 minutes\" \/>\n<script type=\"application\/ld+json\" class=\"yoast-schema-graph\">{\"@context\":\"https:\\\/\\\/schema.org\",\"@graph\":[{\"@type\":[\"WebPage\",\"ItemPage\"],\"@id\":\"https:\\\/\\\/www.mexicanguitarplayers.com\\\/tienda\\\/sin categor\u00eda\\\/driver-eighteen-1-5-mod-nd4015ti2\\\/\",\"url\":\"https:\\\/\\\/www.mexicanguitarplayers.com\\\/tienda\\\/sin categor\u00eda\\\/driver-eighteen-1-5-mod-nd4015ti2\\\/\",\"name\":\"DRIVER EIGHTEEN 1.5 MOD. ND4015TI2 - Mexican Guitar Players\",\"isPartOf\":{\"@id\":\"https:\\\/\\\/www.mexicanguitarplayers.com\\\/#website\"},\"primaryImageOfPage\":{\"@id\":\"https:\\\/\\\/www.mexicanguitarplayers.com\\\/tienda\\\/sin categor\u00eda\\\/driver-eighteen-1-5-mod-nd4015ti2\\\/#primaryimage\"},\"image\":{\"@id\":\"https:\\\/\\\/www.mexicanguitarplayers.com\\\/tienda\\\/sin categor\u00eda\\\/driver-eighteen-1-5-mod-nd4015ti2\\\/#primaryimage\"},\"thumbnailUrl\":\"https:\\\/\\\/www.mexicanguitarplayers.com\\\/wp-content\\\/uploads\\\/2025\\\/04\\\/IAEIGND4015TI2.jpg\",\"datePublished\":\"2025-04-09T11:48:00+00:00\",\"dateModified\":\"2026-01-14T10:20:23+00:00\",\"description\":\"Driver de alta frecuencia de neodimio de 1.5\u201d pulgadas con diafragma de titanio de \u00faltima generaci\u00f3n para alta sensibilidad y alta frecuencia extendida, mango de cobre para reducir la distorsi\u00f3n y aumento de la producci\u00f3n, di\u00e1metro de la garganta: 1.5\u201d pulgadas, impedancia: 8 ohms, potencia continua: 160W, potencia pico: 320W, sensibilidad: 113 dB, rango de frecuencia: 800 Hz - 20 kHz, diafragma de titanio puro, material magn\u00e9tico: Neodimio, peso: 3.2 kg, dimensiones: 170 x 170 x 80 mm.\",\"breadcrumb\":{\"@id\":\"https:\\\/\\\/www.mexicanguitarplayers.com\\\/tienda\\\/sin categor\u00eda\\\/driver-eighteen-1-5-mod-nd4015ti2\\\/#breadcrumb\"},\"inLanguage\":\"en-US\",\"potentialAction\":[{\"@type\":\"ReadAction\",\"target\":[\"https:\\\/\\\/www.mexicanguitarplayers.com\\\/tienda\\\/sin categor\u00eda\\\/driver-eighteen-1-5-mod-nd4015ti2\\\/\"]}]},{\"@type\":\"ImageObject\",\"inLanguage\":\"en-US\",\"@id\":\"https:\\\/\\\/www.mexicanguitarplayers.com\\\/tienda\\\/sin categor\u00eda\\\/driver-eighteen-1-5-mod-nd4015ti2\\\/#primaryimage\",\"url\":\"https:\\\/\\\/www.mexicanguitarplayers.com\\\/wp-content\\\/uploads\\\/2025\\\/04\\\/IAEIGND4015TI2.jpg\",\"contentUrl\":\"https:\\\/\\\/www.mexicanguitarplayers.com\\\/wp-content\\\/uploads\\\/2025\\\/04\\\/IAEIGND4015TI2.jpg\",\"width\":1200,\"height\":1200},{\"@type\":\"BreadcrumbList\",\"@id\":\"https:\\\/\\\/www.mexicanguitarplayers.com\\\/tienda\\\/sin categor\u00eda\\\/driver-eighteen-1-5-mod-nd4015ti2\\\/#breadcrumb\",\"itemListElement\":[{\"@type\":\"ListItem\",\"position\":1,\"name\":\"Portada\",\"item\":\"https:\\\/\\\/www.mexicanguitarplayers.com\\\/\"},{\"@type\":\"ListItem\",\"position\":2,\"name\":\"Tienda\",\"item\":\"https:\\\/\\\/www.mexicanguitarplayers.com\\\/tienda\\\/\"},{\"@type\":\"ListItem\",\"position\":3,\"name\":\"DRIVER EIGHTEEN 1.5 MOD. ND4015TI2\"}]},{\"@type\":\"WebSite\",\"@id\":\"https:\\\/\\\/www.mexicanguitarplayers.com\\\/#website\",\"url\":\"https:\\\/\\\/www.mexicanguitarplayers.com\\\/\",\"name\":\"Mexican Guitar Players\",\"description\":\"Website\",\"publisher\":{\"@id\":\"https:\\\/\\\/www.mexicanguitarplayers.com\\\/#organization\"},\"potentialAction\":[{\"@type\":\"SearchAction\",\"target\":{\"@type\":\"EntryPoint\",\"urlTemplate\":\"https:\\\/\\\/www.mexicanguitarplayers.com\\\/?s={search_term_string}\"},\"query-input\":{\"@type\":\"PropertyValueSpecification\",\"valueRequired\":true,\"valueName\":\"search_term_string\"}}],\"inLanguage\":\"en-US\"},{\"@type\":\"Organization\",\"@id\":\"https:\\\/\\\/www.mexicanguitarplayers.com\\\/#organization\",\"name\":\"Mexican Guitar Players\",\"url\":\"https:\\\/\\\/www.mexicanguitarplayers.com\\\/\",\"logo\":{\"@type\":\"ImageObject\",\"inLanguage\":\"en-US\",\"@id\":\"https:\\\/\\\/www.mexicanguitarplayers.com\\\/#\\\/schema\\\/logo\\\/image\\\/\",\"url\":\"\",\"contentUrl\":\"\",\"caption\":\"Mexican Guitar Players\"},\"image\":{\"@id\":\"https:\\\/\\\/www.mexicanguitarplayers.com\\\/#\\\/schema\\\/logo\\\/image\\\/\"}}]}<\/script>\n<!-- \/ Yoast SEO plugin. -->","yoast_head_json":{"title":"DRIVER EIGHTEEN 1.5 MOD. ND4015TI2 - Mexican Guitar Players","description":"Driver de alta frecuencia de neodimio de 1.5\u201d pulgadas con diafragma de titanio de \u00faltima generaci\u00f3n para alta sensibilidad y alta frecuencia extendida, mango de cobre para reducir la distorsi\u00f3n y aumento de la producci\u00f3n, di\u00e1metro de la garganta: 1.5\u201d pulgadas, impedancia: 8 ohms, potencia continua: 160W, potencia pico: 320W, sensibilidad: 113 dB, rango de frecuencia: 800 Hz - 20 kHz, diafragma de titanio puro, material magn\u00e9tico: Neodimio, peso: 3.2 kg, dimensiones: 170 x 170 x 80 mm.","robots":{"index":"index","follow":"follow","max-snippet":"max-snippet:-1","max-image-preview":"max-image-preview:large","max-video-preview":"max-video-preview:-1"},"canonical":"https:\/\/www.mexicanguitarplayers.com\/en\/tienda\/sin categor\u00eda\/driver-eighteen-1-5-mod-nd4015ti2\/","og_locale":"en_US","og_type":"article","og_title":"DRIVER EIGHTEEN 1.5 MOD. ND4015TI2 - Mexican Guitar Players","og_description":"Driver de alta frecuencia de neodimio de 1.5\u201d pulgadas con diafragma de titanio de \u00faltima generaci\u00f3n para alta sensibilidad y alta frecuencia extendida, mango de cobre para reducir la distorsi\u00f3n y aumento de la producci\u00f3n, di\u00e1metro de la garganta: 1.5\u201d pulgadas, impedancia: 8 ohms, potencia continua: 160W, potencia pico: 320W, sensibilidad: 113 dB, rango de frecuencia: 800 Hz - 20 kHz, diafragma de titanio puro, material magn\u00e9tico: Neodimio, peso: 3.2 kg, dimensiones: 170 x 170 x 80 mm.","og_url":"https:\/\/www.mexicanguitarplayers.com\/en\/tienda\/sin categor\u00eda\/driver-eighteen-1-5-mod-nd4015ti2\/","og_site_name":"Mexican Guitar Players","article_modified_time":"2026-01-14T10:20:23+00:00","twitter_card":"summary_large_image","twitter_misc":{"Est. reading time":"2 minutes"},"schema":{"@context":"https:\/\/schema.org","@graph":[{"@type":["WebPage","ItemPage"],"@id":"https:\/\/www.mexicanguitarplayers.com\/tienda\/sin categor\u00eda\/driver-eighteen-1-5-mod-nd4015ti2\/","url":"https:\/\/www.mexicanguitarplayers.com\/tienda\/sin categor\u00eda\/driver-eighteen-1-5-mod-nd4015ti2\/","name":"DRIVER EIGHTEEN 1.5 MOD. ND4015TI2 - Mexican Guitar Players","isPartOf":{"@id":"https:\/\/www.mexicanguitarplayers.com\/#website"},"primaryImageOfPage":{"@id":"https:\/\/www.mexicanguitarplayers.com\/tienda\/sin categor\u00eda\/driver-eighteen-1-5-mod-nd4015ti2\/#primaryimage"},"image":{"@id":"https:\/\/www.mexicanguitarplayers.com\/tienda\/sin categor\u00eda\/driver-eighteen-1-5-mod-nd4015ti2\/#primaryimage"},"thumbnailUrl":"https:\/\/www.mexicanguitarplayers.com\/wp-content\/uploads\/2025\/04\/IAEIGND4015TI2.jpg","datePublished":"2025-04-09T11:48:00+00:00","dateModified":"2026-01-14T10:20:23+00:00","description":"Driver de alta frecuencia de neodimio de 1.5\u201d pulgadas con diafragma de titanio de \u00faltima generaci\u00f3n para alta sensibilidad y alta frecuencia extendida, mango de cobre para reducir la distorsi\u00f3n y aumento de la producci\u00f3n, di\u00e1metro de la garganta: 1.5\u201d pulgadas, impedancia: 8 ohms, potencia continua: 160W, potencia pico: 320W, sensibilidad: 113 dB, rango de frecuencia: 800 Hz - 20 kHz, diafragma de titanio puro, material magn\u00e9tico: Neodimio, peso: 3.2 kg, dimensiones: 170 x 170 x 80 mm.","breadcrumb":{"@id":"https:\/\/www.mexicanguitarplayers.com\/tienda\/sin categor\u00eda\/driver-eighteen-1-5-mod-nd4015ti2\/#breadcrumb"},"inLanguage":"en-US","potentialAction":[{"@type":"ReadAction","target":["https:\/\/www.mexicanguitarplayers.com\/tienda\/sin categor\u00eda\/driver-eighteen-1-5-mod-nd4015ti2\/"]}]},{"@type":"ImageObject","inLanguage":"en-US","@id":"https:\/\/www.mexicanguitarplayers.com\/tienda\/sin categor\u00eda\/driver-eighteen-1-5-mod-nd4015ti2\/#primaryimage","url":"https:\/\/www.mexicanguitarplayers.com\/wp-content\/uploads\/2025\/04\/IAEIGND4015TI2.jpg","contentUrl":"https:\/\/www.mexicanguitarplayers.com\/wp-content\/uploads\/2025\/04\/IAEIGND4015TI2.jpg","width":1200,"height":1200},{"@type":"BreadcrumbList","@id":"https:\/\/www.mexicanguitarplayers.com\/tienda\/sin categor\u00eda\/driver-eighteen-1-5-mod-nd4015ti2\/#breadcrumb","itemListElement":[{"@type":"ListItem","position":1,"name":"Portada","item":"https:\/\/www.mexicanguitarplayers.com\/"},{"@type":"ListItem","position":2,"name":"Tienda","item":"https:\/\/www.mexicanguitarplayers.com\/tienda\/"},{"@type":"ListItem","position":3,"name":"DRIVER EIGHTEEN 1.5 MOD. ND4015TI2"}]},{"@type":"WebSite","@id":"https:\/\/www.mexicanguitarplayers.com\/#website","url":"https:\/\/www.mexicanguitarplayers.com\/","name":"Mexican Guitar Players","description":"Website","publisher":{"@id":"https:\/\/www.mexicanguitarplayers.com\/#organization"},"potentialAction":[{"@type":"SearchAction","target":{"@type":"EntryPoint","urlTemplate":"https:\/\/www.mexicanguitarplayers.com\/?s={search_term_string}"},"query-input":{"@type":"PropertyValueSpecification","valueRequired":true,"valueName":"search_term_string"}}],"inLanguage":"en-US"},{"@type":"Organization","@id":"https:\/\/www.mexicanguitarplayers.com\/#organization","name":"Mexican Guitar Players","url":"https:\/\/www.mexicanguitarplayers.com\/","logo":{"@type":"ImageObject","inLanguage":"en-US","@id":"https:\/\/www.mexicanguitarplayers.com\/#\/schema\/logo\/image\/","url":"","contentUrl":"","caption":"Mexican Guitar Players"},"image":{"@id":"https:\/\/www.mexicanguitarplayers.com\/#\/schema\/logo\/image\/"}}]}},"brands":[{"id":533,"name":"EIGHTEEN SOUND","slug":"eighteen-sound"}],"_links":{"self":[{"href":"https:\/\/www.mexicanguitarplayers.com\/en\/wp-json\/wp\/v2\/product\/37641","targetHints":{"allow":["GET"]}}],"collection":[{"href":"https:\/\/www.mexicanguitarplayers.com\/en\/wp-json\/wp\/v2\/product"}],"about":[{"href":"https:\/\/www.mexicanguitarplayers.com\/en\/wp-json\/wp\/v2\/types\/product"}],"replies":[{"embeddable":true,"href":"https:\/\/www.mexicanguitarplayers.com\/en\/wp-json\/wp\/v2\/comments?post=37641"}],"wp:featuredmedia":[{"embeddable":true,"href":"https:\/\/www.mexicanguitarplayers.com\/en\/wp-json\/wp\/v2\/media\/37640"}],"wp:attachment":[{"href":"https:\/\/www.mexicanguitarplayers.com\/en\/wp-json\/wp\/v2\/media?parent=37641"}],"wp:term":[{"taxonomy":"pwb-brand","embeddable":true,"href":"https:\/\/www.mexicanguitarplayers.com\/en\/wp-json\/wp\/v2\/pwb-brand?post=37641"},{"taxonomy":"product_brand","embeddable":true,"href":"https:\/\/www.mexicanguitarplayers.com\/en\/wp-json\/wp\/v2\/product_brand?post=37641"},{"taxonomy":"product_cat","embeddable":true,"href":"https:\/\/www.mexicanguitarplayers.com\/en\/wp-json\/wp\/v2\/product_cat?post=37641"},{"taxonomy":"product_tag","embeddable":true,"href":"https:\/\/www.mexicanguitarplayers.com\/en\/wp-json\/wp\/v2\/product_tag?post=37641"}],"curies":[{"name":"wp","href":"https:\/\/api.w.org\/{rel}","templated":true}]}}