{"id":37658,"date":"2025-04-09T05:48:25","date_gmt":"2025-04-09T11:48:25","guid":{"rendered":"https:\/\/www.mexicanguitarplayers.com\/tienda\/sin categor\u00eda\/combo-nux-p-acustica-mod-ac-50-stageman\/"},"modified":"2026-04-10T04:24:12","modified_gmt":"2026-04-10T10:24:12","slug":"combo-nux-p-acustica-mod-ac-50-stageman","status":"publish","type":"product","link":"https:\/\/www.mexicanguitarplayers.com\/en\/tienda\/cuerdas\/combos\/combos-para-guitarra\/combo-nux-p-acustica-mod-ac-50-stageman\/","title":{"rendered":"COMBO NUX P\/ACUSTICA MOD. AC-50 STAGEMAN"},"content":{"rendered":"<div style=\"text-align: justify\">\n<div>\n<h3>El mejor combo para guitarra ac\u00fastica con FX digital y funci\u00f3n JAM.<\/h3>\n<\/div>\n<div>NUX Stageman es un combo para guitarra ac\u00fastica con 2 canales independientes que ofrece un sonido muy rico de guitarra ac\u00fastica y un tono vocal. Est\u00e1 dise\u00f1ado para reproducir con precisi\u00f3n el sonido natural de tu guitarra ac\u00fastica y tu voz. El panel de control frontal tiene 2 canales id\u00e9nticos y ambos est\u00e1n optimizados para micr\u00f3fonos y entradas de guitarra ac\u00fastica respectivamente. Los canales de entrada doble en el combo NUX Stageman para guitarra ac\u00fastica te brindan a\u00fan m\u00e1s opciones para peque\u00f1os conciertos o grabaci\u00f3n en estudio. Los efectos chorus y reverb del combo Stageman se pueden configurar individualmente en cualquiera de los dos canales. El Chorus en el canal de instrumento es un sabroso chorus vintage con una vibraci\u00f3n suave y un efecto de reverb (plate reverb con 2 estilos) que puede marcar el efecto de reverb de decay corto de bajo nivel entre 1 y 5 y un efecto de reverb de decay corto de alto nivel de entre 5 y 10 par\u00e1metros. El chorus en el canal de micr\u00f3fono es tambi\u00e9n un chorus vintage pero con  menos vibraci\u00f3n. Su efecto de reverb es una de las mejores reverbs de sala incorporadas que puedes encontrar. Tiene reflejos s\u00faper limpios destinados a hacerte sentir la arquitectura de una sala de conciertos bien dise\u00f1ada.<\/div>\n<div>\n<h4>Quick look<\/h4>\n<\/div>\n<ul style=\"margin: 0px 0px 0px 25px\">\n<li style=\"list-style-type: circle;margin: 5px\">Power.<\/li>\n<li style=\"list-style-type: circle;margin: 5px\">Nivel de presi\u00f3n sonora.<\/li>\n<li style=\"list-style-type: circle;margin: 5px\">Respuesta de frecuencia (-3 dB).<\/li>\n<li style=\"list-style-type: circle;margin: 5px\">Input impedance.<\/li>\n<li style=\"list-style-type: circle;margin: 5px\">Power supply.<\/li>\n<li style=\"list-style-type: circle;margin: 5px\">Energy consumption.<\/li>\n<li style=\"list-style-type: circle;margin: 5px\">Speakers.<\/li>\n<li style=\"list-style-type: circle;margin: 5px\">Dimensions.<\/li>\n<li style=\"list-style-type: circle;margin: 5px\">Weight.<\/li>\n<\/ul>\n<div>\n<div style=\"font-weight: bold\">Power.<\/div>\n<div>\n<p>50 watts.<\/p>\n<\/div>\n<div style=\"font-weight: bold\">Nivel de presi\u00f3n sonora.<\/div>\n<div>\n<p>106 dB.<\/p>\n<\/div>\n<div style=\"font-weight: bold\">Respuesta de frecuencia (-3 dB).<\/div>\n<div>\n<p>50 Hz a 20 kHz.<\/p>\n<\/div>\n<div style=\"font-weight: bold\">Input impedance.<\/div>\n<div>\n<p>Canal 1: 2.2 mili-ohms. Canal 2: 2 kilo-ohms. Entrada Aux: 21 kilo-ohms.<\/p>\n<\/div>\n<div style=\"font-weight: bold\">Power supply.<\/div>\n<div>\n<p>AC 100-120V, AC 220-240V.<\/p>\n<\/div>\n<div style=\"font-weight: bold\">Energy consumption.<\/div>\n<div>\n<p>Menos de 88 watts.<\/p>\n<\/div>\n<div style=\"font-weight: bold\">Speakers.<\/div>\n<div>\n<p>Woofer de 6.5&#8243; pulgadas y tweeter de 1&#8243; pulgada.<\/p>\n<\/div>\n<div style=\"font-weight: bold\">Dimensions.<\/div>\n<div>\n<p>310 x 285 x 360 mm.<\/p>\n<\/div>\n<div style=\"font-weight: bold\">Weight.<\/div>\n<div>\n<p>11 kg.<\/p>\n<\/div>\n<\/div>\n<\/div>","protected":false},"excerpt":{"rendered":"<p>Combo para guitarra ac\u00fastica con FX digital y funci\u00f3n JAM, 2 canales independientes, dise\u00f1ado para reproducir con precisi\u00f3n el sonido natural de tu guitarra ac\u00fastica y tu voz, ecualizador de 3 bandas (Bass, Mid, Treble) y switch Phase independiente para cada canal, efectos de chorus y reverb, potencia RRMS de 50 watts, un woofer de 6.5\u201d pulgadas y tweeter de 1\u201d pulgada, altavoz sensible de gran din\u00e1mica, salida XLR DI, salida de l\u00ednea, entrada AUX de 3.5 mm (1\/8\u201d), loop de FX (Send\/Return), funci\u00f3n incorporada de 60 segundos de looper, bater\u00eda incorporada con 20 ritmos, app para controlar los efectos y la funci\u00f3n jam (descarga gratuita para iOs y Android), se puede utilizar un pedal bluetooth (no est\u00e1 incluido) para controlar los efectos y la funci\u00f3n jam simult\u00e1neamente.&hellip; <a class=\"kt-excerpt-readmore more-link\" href=\"https:\/\/www.mexicanguitarplayers.com\/en\/tienda\/cuerdas\/combos\/combos-para-guitarra\/combo-nux-p-acustica-mod-ac-50-stageman\/\">Read more<\/a><\/p>","protected":false},"featured_media":37654,"comment_status":"open","ping_status":"closed","template":"","meta":{"kt_blocks_editor_width":""},"pwb-brand":[177],"product_brand":[],"product_cat":[236,237,224],"product_tag":[],"class_list":{"0":"post-37658","1":"product","2":"type-product","3":"status-publish","4":"has-post-thumbnail","6":"pwb-brand-nux","7":"product_cat-combos","8":"product_cat-combos-para-guitarra","9":"product_cat-cuerdas","10":"product_shipping_class-10-15-kg","12":"first","13":"outofstock","14":"taxable","15":"shipping-taxable","16":"purchasable","17":"product-type-simple"},"yoast_head":"<!-- This site is optimized with the Yoast SEO plugin v27.6 - https:\/\/yoast.com\/product\/yoast-seo-wordpress\/ -->\n<title>COMBO NUX P\/ACUSTICA MOD. AC-50 STAGEMAN - Mexican Guitar Players<\/title>\n<meta name=\"description\" content=\"Combo para guitarra ac\u00fastica con FX digital y funci\u00f3n JAM, 2 canales independientes, dise\u00f1ado para reproducir con precisi\u00f3n el sonido natural de tu guitarra ac\u00fastica y tu voz, ecualizador de 3 bandas (Bass, Mid, Treble) y switch Phase independiente para cada canal, efectos de chorus y reverb, potencia RRMS de 50 watts, un woofer de 6.5\u201d pulgadas y tweeter de 1\u201d pulgada, altavoz sensible de gran din\u00e1mica, salida XLR DI, salida de l\u00ednea, entrada AUX de 3.5 mm (1\/8\u201d), loop de FX (Send\/Return), funci\u00f3n incorporada de 60 segundos de looper, bater\u00eda incorporada con 20 ritmos, app para controlar los efectos y la funci\u00f3n jam (descarga gratuita para iOs y Android), se puede utilizar un pedal bluetooth (no est\u00e1 incluido) para controlar los efectos y la funci\u00f3n jam simult\u00e1neamente.\" \/>\n<meta name=\"robots\" content=\"index, follow, max-snippet:-1, max-image-preview:large, max-video-preview:-1\" \/>\n<link rel=\"canonical\" href=\"https:\/\/www.mexicanguitarplayers.com\/en\/tienda\/sin%20categor\u00eda\/combo-nux-p-acustica-mod-ac-50-stageman\/\" \/>\n<meta property=\"og:locale\" content=\"en_US\" \/>\n<meta property=\"og:type\" content=\"article\" \/>\n<meta property=\"og:title\" content=\"COMBO NUX P\/ACUSTICA MOD. AC-50 STAGEMAN - Mexican Guitar Players\" \/>\n<meta property=\"og:description\" content=\"Combo para guitarra ac\u00fastica con FX digital y funci\u00f3n JAM, 2 canales independientes, dise\u00f1ado para reproducir con precisi\u00f3n el sonido natural de tu guitarra ac\u00fastica y tu voz, ecualizador de 3 bandas (Bass, Mid, Treble) y switch Phase independiente para cada canal, efectos de chorus y reverb, potencia RRMS de 50 watts, un woofer de 6.5\u201d pulgadas y tweeter de 1\u201d pulgada, altavoz sensible de gran din\u00e1mica, salida XLR DI, salida de l\u00ednea, entrada AUX de 3.5 mm (1\/8\u201d), loop de FX (Send\/Return), funci\u00f3n incorporada de 60 segundos de looper, bater\u00eda incorporada con 20 ritmos, app para controlar los efectos y la funci\u00f3n jam (descarga gratuita para iOs y Android), se puede utilizar un pedal bluetooth (no est\u00e1 incluido) para controlar los efectos y la funci\u00f3n jam simult\u00e1neamente.\" \/>\n<meta property=\"og:url\" content=\"https:\/\/www.mexicanguitarplayers.com\/en\/tienda\/sin categor\u00eda\/combo-nux-p-acustica-mod-ac-50-stageman\/\" \/>\n<meta property=\"og:site_name\" content=\"Mexican Guitar Players\" \/>\n<meta property=\"article:modified_time\" content=\"2026-04-10T10:24:12+00:00\" \/>\n<meta name=\"twitter:card\" content=\"summary_large_image\" \/>\n<meta name=\"twitter:label1\" content=\"Est. reading time\" \/>\n\t<meta name=\"twitter:data1\" content=\"2 minutes\" \/>\n<script type=\"application\/ld+json\" class=\"yoast-schema-graph\">{\"@context\":\"https:\\\/\\\/schema.org\",\"@graph\":[{\"@type\":[\"WebPage\",\"ItemPage\"],\"@id\":\"https:\\\/\\\/www.mexicanguitarplayers.com\\\/tienda\\\/sin categor\u00eda\\\/combo-nux-p-acustica-mod-ac-50-stageman\\\/\",\"url\":\"https:\\\/\\\/www.mexicanguitarplayers.com\\\/tienda\\\/sin categor\u00eda\\\/combo-nux-p-acustica-mod-ac-50-stageman\\\/\",\"name\":\"COMBO NUX P\\\/ACUSTICA MOD. AC-50 STAGEMAN - Mexican Guitar Players\",\"isPartOf\":{\"@id\":\"https:\\\/\\\/www.mexicanguitarplayers.com\\\/#website\"},\"primaryImageOfPage\":{\"@id\":\"https:\\\/\\\/www.mexicanguitarplayers.com\\\/tienda\\\/sin categor\u00eda\\\/combo-nux-p-acustica-mod-ac-50-stageman\\\/#primaryimage\"},\"image\":{\"@id\":\"https:\\\/\\\/www.mexicanguitarplayers.com\\\/tienda\\\/sin categor\u00eda\\\/combo-nux-p-acustica-mod-ac-50-stageman\\\/#primaryimage\"},\"thumbnailUrl\":\"https:\\\/\\\/www.mexicanguitarplayers.com\\\/wp-content\\\/uploads\\\/2025\\\/04\\\/ICNUXAC50.jpg\",\"datePublished\":\"2025-04-09T11:48:25+00:00\",\"dateModified\":\"2026-04-10T10:24:12+00:00\",\"description\":\"Combo para guitarra ac\u00fastica con FX digital y funci\u00f3n JAM, 2 canales independientes, dise\u00f1ado para reproducir con precisi\u00f3n el sonido natural de tu guitarra ac\u00fastica y tu voz, ecualizador de 3 bandas (Bass, Mid, Treble) y switch Phase independiente para cada canal, efectos de chorus y reverb, potencia RRMS de 50 watts, un woofer de 6.5\u201d pulgadas y tweeter de 1\u201d pulgada, altavoz sensible de gran din\u00e1mica, salida XLR DI, salida de l\u00ednea, entrada AUX de 3.5 mm (1\\\/8\u201d), loop de FX (Send\\\/Return), funci\u00f3n incorporada de 60 segundos de looper, bater\u00eda incorporada con 20 ritmos, app para controlar los efectos y la funci\u00f3n jam (descarga gratuita para iOs y Android), se puede utilizar un pedal bluetooth (no est\u00e1 incluido) para controlar los efectos y la funci\u00f3n jam simult\u00e1neamente.\",\"breadcrumb\":{\"@id\":\"https:\\\/\\\/www.mexicanguitarplayers.com\\\/tienda\\\/sin categor\u00eda\\\/combo-nux-p-acustica-mod-ac-50-stageman\\\/#breadcrumb\"},\"inLanguage\":\"en-US\",\"potentialAction\":[{\"@type\":\"ReadAction\",\"target\":[\"https:\\\/\\\/www.mexicanguitarplayers.com\\\/tienda\\\/sin categor\u00eda\\\/combo-nux-p-acustica-mod-ac-50-stageman\\\/\"]}]},{\"@type\":\"ImageObject\",\"inLanguage\":\"en-US\",\"@id\":\"https:\\\/\\\/www.mexicanguitarplayers.com\\\/tienda\\\/sin categor\u00eda\\\/combo-nux-p-acustica-mod-ac-50-stageman\\\/#primaryimage\",\"url\":\"https:\\\/\\\/www.mexicanguitarplayers.com\\\/wp-content\\\/uploads\\\/2025\\\/04\\\/ICNUXAC50.jpg\",\"contentUrl\":\"https:\\\/\\\/www.mexicanguitarplayers.com\\\/wp-content\\\/uploads\\\/2025\\\/04\\\/ICNUXAC50.jpg\",\"width\":1200,\"height\":1200},{\"@type\":\"BreadcrumbList\",\"@id\":\"https:\\\/\\\/www.mexicanguitarplayers.com\\\/tienda\\\/sin categor\u00eda\\\/combo-nux-p-acustica-mod-ac-50-stageman\\\/#breadcrumb\",\"itemListElement\":[{\"@type\":\"ListItem\",\"position\":1,\"name\":\"Portada\",\"item\":\"https:\\\/\\\/www.mexicanguitarplayers.com\\\/\"},{\"@type\":\"ListItem\",\"position\":2,\"name\":\"Tienda\",\"item\":\"https:\\\/\\\/www.mexicanguitarplayers.com\\\/tienda\\\/\"},{\"@type\":\"ListItem\",\"position\":3,\"name\":\"COMBO NUX P\\\/ACUSTICA MOD. AC-50 STAGEMAN\"}]},{\"@type\":\"WebSite\",\"@id\":\"https:\\\/\\\/www.mexicanguitarplayers.com\\\/#website\",\"url\":\"https:\\\/\\\/www.mexicanguitarplayers.com\\\/\",\"name\":\"Mexican Guitar Players\",\"description\":\"Website\",\"publisher\":{\"@id\":\"https:\\\/\\\/www.mexicanguitarplayers.com\\\/#organization\"},\"potentialAction\":[{\"@type\":\"SearchAction\",\"target\":{\"@type\":\"EntryPoint\",\"urlTemplate\":\"https:\\\/\\\/www.mexicanguitarplayers.com\\\/?s={search_term_string}\"},\"query-input\":{\"@type\":\"PropertyValueSpecification\",\"valueRequired\":true,\"valueName\":\"search_term_string\"}}],\"inLanguage\":\"en-US\"},{\"@type\":\"Organization\",\"@id\":\"https:\\\/\\\/www.mexicanguitarplayers.com\\\/#organization\",\"name\":\"Mexican Guitar Players\",\"url\":\"https:\\\/\\\/www.mexicanguitarplayers.com\\\/\",\"logo\":{\"@type\":\"ImageObject\",\"inLanguage\":\"en-US\",\"@id\":\"https:\\\/\\\/www.mexicanguitarplayers.com\\\/#\\\/schema\\\/logo\\\/image\\\/\",\"url\":\"\",\"contentUrl\":\"\",\"caption\":\"Mexican Guitar Players\"},\"image\":{\"@id\":\"https:\\\/\\\/www.mexicanguitarplayers.com\\\/#\\\/schema\\\/logo\\\/image\\\/\"}}]}<\/script>\n<!-- \/ Yoast SEO plugin. -->","yoast_head_json":{"title":"COMBO NUX P\/ACUSTICA MOD. AC-50 STAGEMAN - Mexican Guitar Players","description":"Combo para guitarra ac\u00fastica con FX digital y funci\u00f3n JAM, 2 canales independientes, dise\u00f1ado para reproducir con precisi\u00f3n el sonido natural de tu guitarra ac\u00fastica y tu voz, ecualizador de 3 bandas (Bass, Mid, Treble) y switch Phase independiente para cada canal, efectos de chorus y reverb, potencia RRMS de 50 watts, un woofer de 6.5\u201d pulgadas y tweeter de 1\u201d pulgada, altavoz sensible de gran din\u00e1mica, salida XLR DI, salida de l\u00ednea, entrada AUX de 3.5 mm (1\/8\u201d), loop de FX (Send\/Return), funci\u00f3n incorporada de 60 segundos de looper, bater\u00eda incorporada con 20 ritmos, app para controlar los efectos y la funci\u00f3n jam (descarga gratuita para iOs y Android), se puede utilizar un pedal bluetooth (no est\u00e1 incluido) para controlar los efectos y la funci\u00f3n jam simult\u00e1neamente.","robots":{"index":"index","follow":"follow","max-snippet":"max-snippet:-1","max-image-preview":"max-image-preview:large","max-video-preview":"max-video-preview:-1"},"canonical":"https:\/\/www.mexicanguitarplayers.com\/en\/tienda\/sin categor\u00eda\/combo-nux-p-acustica-mod-ac-50-stageman\/","og_locale":"en_US","og_type":"article","og_title":"COMBO NUX P\/ACUSTICA MOD. AC-50 STAGEMAN - Mexican Guitar Players","og_description":"Combo para guitarra ac\u00fastica con FX digital y funci\u00f3n JAM, 2 canales independientes, dise\u00f1ado para reproducir con precisi\u00f3n el sonido natural de tu guitarra ac\u00fastica y tu voz, ecualizador de 3 bandas (Bass, Mid, Treble) y switch Phase independiente para cada canal, efectos de chorus y reverb, potencia RRMS de 50 watts, un woofer de 6.5\u201d pulgadas y tweeter de 1\u201d pulgada, altavoz sensible de gran din\u00e1mica, salida XLR DI, salida de l\u00ednea, entrada AUX de 3.5 mm (1\/8\u201d), loop de FX (Send\/Return), funci\u00f3n incorporada de 60 segundos de looper, bater\u00eda incorporada con 20 ritmos, app para controlar los efectos y la funci\u00f3n jam (descarga gratuita para iOs y Android), se puede utilizar un pedal bluetooth (no est\u00e1 incluido) para controlar los efectos y la funci\u00f3n jam simult\u00e1neamente.","og_url":"https:\/\/www.mexicanguitarplayers.com\/en\/tienda\/sin categor\u00eda\/combo-nux-p-acustica-mod-ac-50-stageman\/","og_site_name":"Mexican Guitar Players","article_modified_time":"2026-04-10T10:24:12+00:00","twitter_card":"summary_large_image","twitter_misc":{"Est. reading time":"2 minutes"},"schema":{"@context":"https:\/\/schema.org","@graph":[{"@type":["WebPage","ItemPage"],"@id":"https:\/\/www.mexicanguitarplayers.com\/tienda\/sin categor\u00eda\/combo-nux-p-acustica-mod-ac-50-stageman\/","url":"https:\/\/www.mexicanguitarplayers.com\/tienda\/sin categor\u00eda\/combo-nux-p-acustica-mod-ac-50-stageman\/","name":"COMBO NUX P\/ACUSTICA MOD. AC-50 STAGEMAN - Mexican Guitar Players","isPartOf":{"@id":"https:\/\/www.mexicanguitarplayers.com\/#website"},"primaryImageOfPage":{"@id":"https:\/\/www.mexicanguitarplayers.com\/tienda\/sin categor\u00eda\/combo-nux-p-acustica-mod-ac-50-stageman\/#primaryimage"},"image":{"@id":"https:\/\/www.mexicanguitarplayers.com\/tienda\/sin categor\u00eda\/combo-nux-p-acustica-mod-ac-50-stageman\/#primaryimage"},"thumbnailUrl":"https:\/\/www.mexicanguitarplayers.com\/wp-content\/uploads\/2025\/04\/ICNUXAC50.jpg","datePublished":"2025-04-09T11:48:25+00:00","dateModified":"2026-04-10T10:24:12+00:00","description":"Combo para guitarra ac\u00fastica con FX digital y funci\u00f3n JAM, 2 canales independientes, dise\u00f1ado para reproducir con precisi\u00f3n el sonido natural de tu guitarra ac\u00fastica y tu voz, ecualizador de 3 bandas (Bass, Mid, Treble) y switch Phase independiente para cada canal, efectos de chorus y reverb, potencia RRMS de 50 watts, un woofer de 6.5\u201d pulgadas y tweeter de 1\u201d pulgada, altavoz sensible de gran din\u00e1mica, salida XLR DI, salida de l\u00ednea, entrada AUX de 3.5 mm (1\/8\u201d), loop de FX (Send\/Return), funci\u00f3n incorporada de 60 segundos de looper, bater\u00eda incorporada con 20 ritmos, app para controlar los efectos y la funci\u00f3n jam (descarga gratuita para iOs y Android), se puede utilizar un pedal bluetooth (no est\u00e1 incluido) para controlar los efectos y la funci\u00f3n jam simult\u00e1neamente.","breadcrumb":{"@id":"https:\/\/www.mexicanguitarplayers.com\/tienda\/sin categor\u00eda\/combo-nux-p-acustica-mod-ac-50-stageman\/#breadcrumb"},"inLanguage":"en-US","potentialAction":[{"@type":"ReadAction","target":["https:\/\/www.mexicanguitarplayers.com\/tienda\/sin categor\u00eda\/combo-nux-p-acustica-mod-ac-50-stageman\/"]}]},{"@type":"ImageObject","inLanguage":"en-US","@id":"https:\/\/www.mexicanguitarplayers.com\/tienda\/sin categor\u00eda\/combo-nux-p-acustica-mod-ac-50-stageman\/#primaryimage","url":"https:\/\/www.mexicanguitarplayers.com\/wp-content\/uploads\/2025\/04\/ICNUXAC50.jpg","contentUrl":"https:\/\/www.mexicanguitarplayers.com\/wp-content\/uploads\/2025\/04\/ICNUXAC50.jpg","width":1200,"height":1200},{"@type":"BreadcrumbList","@id":"https:\/\/www.mexicanguitarplayers.com\/tienda\/sin categor\u00eda\/combo-nux-p-acustica-mod-ac-50-stageman\/#breadcrumb","itemListElement":[{"@type":"ListItem","position":1,"name":"Portada","item":"https:\/\/www.mexicanguitarplayers.com\/"},{"@type":"ListItem","position":2,"name":"Tienda","item":"https:\/\/www.mexicanguitarplayers.com\/tienda\/"},{"@type":"ListItem","position":3,"name":"COMBO NUX P\/ACUSTICA MOD. AC-50 STAGEMAN"}]},{"@type":"WebSite","@id":"https:\/\/www.mexicanguitarplayers.com\/#website","url":"https:\/\/www.mexicanguitarplayers.com\/","name":"Mexican Guitar Players","description":"Website","publisher":{"@id":"https:\/\/www.mexicanguitarplayers.com\/#organization"},"potentialAction":[{"@type":"SearchAction","target":{"@type":"EntryPoint","urlTemplate":"https:\/\/www.mexicanguitarplayers.com\/?s={search_term_string}"},"query-input":{"@type":"PropertyValueSpecification","valueRequired":true,"valueName":"search_term_string"}}],"inLanguage":"en-US"},{"@type":"Organization","@id":"https:\/\/www.mexicanguitarplayers.com\/#organization","name":"Mexican Guitar Players","url":"https:\/\/www.mexicanguitarplayers.com\/","logo":{"@type":"ImageObject","inLanguage":"en-US","@id":"https:\/\/www.mexicanguitarplayers.com\/#\/schema\/logo\/image\/","url":"","contentUrl":"","caption":"Mexican Guitar Players"},"image":{"@id":"https:\/\/www.mexicanguitarplayers.com\/#\/schema\/logo\/image\/"}}]}},"brands":[{"id":177,"name":"NUX","slug":"nux"}],"_links":{"self":[{"href":"https:\/\/www.mexicanguitarplayers.com\/en\/wp-json\/wp\/v2\/product\/37658","targetHints":{"allow":["GET"]}}],"collection":[{"href":"https:\/\/www.mexicanguitarplayers.com\/en\/wp-json\/wp\/v2\/product"}],"about":[{"href":"https:\/\/www.mexicanguitarplayers.com\/en\/wp-json\/wp\/v2\/types\/product"}],"replies":[{"embeddable":true,"href":"https:\/\/www.mexicanguitarplayers.com\/en\/wp-json\/wp\/v2\/comments?post=37658"}],"wp:featuredmedia":[{"embeddable":true,"href":"https:\/\/www.mexicanguitarplayers.com\/en\/wp-json\/wp\/v2\/media\/37654"}],"wp:attachment":[{"href":"https:\/\/www.mexicanguitarplayers.com\/en\/wp-json\/wp\/v2\/media?parent=37658"}],"wp:term":[{"taxonomy":"pwb-brand","embeddable":true,"href":"https:\/\/www.mexicanguitarplayers.com\/en\/wp-json\/wp\/v2\/pwb-brand?post=37658"},{"taxonomy":"product_brand","embeddable":true,"href":"https:\/\/www.mexicanguitarplayers.com\/en\/wp-json\/wp\/v2\/product_brand?post=37658"},{"taxonomy":"product_cat","embeddable":true,"href":"https:\/\/www.mexicanguitarplayers.com\/en\/wp-json\/wp\/v2\/product_cat?post=37658"},{"taxonomy":"product_tag","embeddable":true,"href":"https:\/\/www.mexicanguitarplayers.com\/en\/wp-json\/wp\/v2\/product_tag?post=37658"}],"curies":[{"name":"wp","href":"https:\/\/api.w.org\/{rel}","templated":true}]}}