{"id":37660,"date":"2025-04-09T05:48:27","date_gmt":"2025-04-09T11:48:27","guid":{"rendered":"https:\/\/www.mexicanguitarplayers.com\/tienda\/sin categor\u00eda\/teclado-casio-portatil-ct-s500-c-eli\/"},"modified":"2026-04-01T04:15:16","modified_gmt":"2026-04-01T10:15:16","slug":"teclado-casio-portatil-ct-s500-c-eli","status":"publish","type":"product","link":"https:\/\/www.mexicanguitarplayers.com\/en\/tienda\/teclas\/teclados\/estandar\/teclado-casio-portatil-ct-s500-c-eli\/","title":{"rendered":"TECLADO CASIO PORTATIL    CT-S500 C\/ELI"},"content":{"rendered":"<div style=\"text-align: justify\">\n<div>\n<h3>Viva la vida en voz alta con Casiotone.<\/h3>\n<\/div>\n<div>Por tu cuenta o con una banda. Para ensayar o tocar en vivo. Un teclado para todo. Para practicar en casa, componer, ensayar y tocar en el escenario. Con el CT-S500, los tecladistas tienen todo lo que necesitan. Un instrumento integral que brinda un sonido de alta calidad y una gran expresividad. Cuenta con muchas funciones para cualquier interpretaci\u00f3n, ya sea en vivo en el escenario o en una transmisi\u00f3n a trav\u00e9s de Internet. Desde el momento en que pruebes uno por primera vez, ser\u00e1 el compa\u00f1ero musical que siempre querr\u00e1s a tu lado.<\/div>\n<div>\n<h4>Vistazo rapido<\/h4>\n<\/div>\n<ul style=\"margin: 0px 0px 0px 25px\">\n<li style=\"list-style-type: circle;margin: 5px\">N\u00famero de teclas.<\/li>\n<li style=\"list-style-type: circle;margin: 5px\">Sensibilidad al tacto.<\/li>\n<li style=\"list-style-type: circle;margin: 5px\">Fuente de sonido.<\/li>\n<li style=\"list-style-type: circle;margin: 5px\">Polifon\u00eda.<\/li>\n<li style=\"list-style-type: circle;margin: 5px\">Tonos.<\/li>\n<li style=\"list-style-type: circle;margin: 5px\">Estratificador.<\/li>\n<li style=\"list-style-type: circle;margin: 5px\">Efectos.<\/li>\n<li style=\"list-style-type: circle;margin: 5px\">Acompa\u00f1amiento autom\u00e1tico.<\/li>\n<li style=\"list-style-type: circle;margin: 5px\">Metr\u00f3nomo.<\/li>\n<li style=\"list-style-type: circle;margin: 5px\">Marcado de tempo.<\/li>\n<li style=\"list-style-type: circle;margin: 5px\">Control de arpegio.<\/li>\n<li style=\"list-style-type: circle;margin: 5px\">Canciones.<\/li>\n<li style=\"list-style-type: circle;margin: 5px\">Canci\u00f3n de demostraci\u00f3n.<\/li>\n<li style=\"list-style-type: circle;margin: 5px\">Registro.<\/li>\n<li style=\"list-style-type: circle;margin: 5px\">Transposici\u00f3n.<\/li>\n<li style=\"list-style-type: circle;margin: 5px\">Cambio de octava.<\/li>\n<li style=\"list-style-type: circle;margin: 5px\">Grabador MIDI.<\/li>\n<li style=\"list-style-type: circle;margin: 5px\">General MIDI.<\/li>\n<li style=\"list-style-type: circle;margin: 5px\">Conexi\u00f3n con la aplicaci\u00f3n.<\/li>\n<li style=\"list-style-type: circle;margin: 5px\">Terminales.<\/li>\n<li style=\"list-style-type: circle;margin: 5px\">LCD.<\/li>\n<li style=\"list-style-type: circle;margin: 5px\">Rueda de inflexi\u00f3n de tonos.<\/li>\n<li style=\"list-style-type: circle;margin: 5px\">Altavoces.<\/li>\n<li style=\"list-style-type: circle;margin: 5px\">Amplificadores.<\/li>\n<li style=\"list-style-type: circle;margin: 5px\">Fuente de alimentaci\u00f3n.<\/li>\n<li style=\"list-style-type: circle;margin: 5px\">Consumo de energ\u00eda.<\/li>\n<li style=\"list-style-type: circle;margin: 5px\">Dimensiones.<\/li>\n<li style=\"list-style-type: circle;margin: 5px\">Peso.<\/li>\n<li style=\"list-style-type: circle;margin: 5px\">Accesorios incluidos.<\/li>\n<\/ul>\n<div>\n<div style=\"font-weight: bold\">N\u00famero de teclas.<\/div>\n<div>\n<p>61.<\/p>\n<\/div>\n<div style=\"font-weight: bold\">Sensibilidad al tacto.<\/div>\n<div>\n<p>3 niveles de sensibilidad, desactivados.<\/p>\n<\/div>\n<div style=\"font-weight: bold\">Fuente de sonido.<\/div>\n<div>\n<p>AiX.<\/p>\n<\/div>\n<div style=\"font-weight: bold\">Polifon\u00eda.<\/div>\n<div>\n<p>64.<\/p>\n<\/div>\n<div style=\"font-weight: bold\">Tonos.<\/div>\n<div>\n<p>800.<\/p>\n<\/div>\n<div style=\"font-weight: bold\">Estratificador.<\/div>\n<div>\n<p>Capa: 3 (superior 1\/2, inferior 1), divisi\u00f3n: S\u00ed<\/p>\n<\/div>\n<div style=\"font-weight: bold\">Efectos.<\/div>\n<div>\n<p>Reverberaci\u00f3n: 24 (+ ajuste predefinido para cada tono),  coro: 12 (+ ajuste predefinido para cada tono),  retardo: 15 (+ ajuste predefinido para cada tono),  efecto DSP: 100 (+ ajuste predefinido para cada tono),  ecualizador maestro: 10 (+ usuario: 1),  sonido envolvente.<\/p>\n<\/div>\n<div style=\"font-weight: bold\">Acompa\u00f1amiento autom\u00e1tico.<\/div>\n<div>\n<p>S\u00ed.<\/p>\n<\/div>\n<div style=\"font-weight: bold\">Metr\u00f3nomo.<\/div>\n<div>\n<p>S\u00ed.<\/p>\n<\/div>\n<div style=\"font-weight: bold\">Marcado de tempo.<\/div>\n<div>\n<p>S\u00ed.<\/p>\n<\/div>\n<div style=\"font-weight: bold\">Control de arpegio.<\/div>\n<div>\n<p>150.<\/p>\n<\/div>\n<div style=\"font-weight: bold\">Canciones.<\/div>\n<div>\n<p>10 de usuario.<\/p>\n<\/div>\n<div style=\"font-weight: bold\">Canci\u00f3n de demostraci\u00f3n.<\/div>\n<div>\n<p>1.<\/p>\n<\/div>\n<div style=\"font-weight: bold\">Registro.<\/div>\n<div>\n<p>64 configuraciones (4 conjuntos por 16 bancos).<\/p>\n<\/div>\n<div style=\"font-weight: bold\">Transposici\u00f3n.<\/div>\n<div>\n<p>De -12 a 0 a +12 semitonos.<\/p>\n<\/div>\n<div style=\"font-weight: bold\">Cambio de octava.<\/div>\n<div>\n<p>Octavas de -3 a 0 a +3.<\/p>\n<\/div>\n<div style=\"font-weight: bold\">Grabador MIDI.<\/div>\n<div>\n<p>6 pistas, 5 canciones, aproximadamente 40 000 notas por cada canci\u00f3n.<\/p>\n<\/div>\n<div style=\"font-weight: bold\">General MIDI.<\/div>\n<div>\n<p>S\u00ed.<\/p>\n<\/div>\n<div style=\"font-weight: bold\">Conexi\u00f3n con la aplicaci\u00f3n.<\/div>\n<div>\n<p>Aplicaci\u00f3n compatible: CASIO MUSIC SPACE.<\/p>\n<\/div>\n<div style=\"font-weight: bold\">Terminales.<\/div>\n<div>\n<p>Salida de l\u00ednea: 2 (izquierda\/mono, derecha): Conector est\u00e1ndar. Puerto USB Tipo A, micro B Audio: Mini conector est\u00e1ndar. Pedal: Pedal 1: Conector est\u00e1ndar y Pedal 2\/Expresi\u00f3n: Conector est\u00e1ndar. Salida de aud\u00edfonos: Mini conector est\u00e1ndar.<\/p>\n<\/div>\n<div style=\"font-weight: bold\">LCD.<\/div>\n<div>\n<p>S\u00ed, tipo: Punto completo, Luz de fondo: S\u00ed (blanco.<\/p>\n<\/div>\n<div style=\"font-weight: bold\">Rueda de inflexi\u00f3n de tonos.<\/div>\n<div>\n<p>S\u00ed.<\/p>\n<\/div>\n<div style=\"font-weight: bold\">Altavoces.<\/div>\n<div>\n[13 cm \u00d7 6 cm] x 2.<\/p>\n<\/div>\n<div style=\"font-weight: bold\">Amplificadores.<\/div>\n<div>\n<p>2.5 W + 2.5 W.<\/p>\n<\/div>\n<div style=\"font-weight: bold\">Fuente de alimentaci\u00f3n.<\/div>\n<div>\n<p>Adaptador de CA: AD-A12150LW (CC de 12 V), bater\u00edas: 6 bater\u00edas alcalinas de tama\u00f1o AA o 6 bater\u00edas recargables de Ni-MH de tama\u00f1o AA.  Duraci\u00f3n de las bater\u00edas: Aproximadamente 3 horas de funcionamiento continuo. El tiempo real de funcionamiento continuo puede ser m\u00e1s corto debido al tipo de bater\u00eda, el tipo de interpretaci\u00f3n y el entorno de uso.<\/p>\n<\/div>\n<div style=\"font-weight: bold\">Consumo de energ\u00eda.<\/div>\n<div>\n<p>7.5 W.<\/p>\n<\/div>\n<div style=\"font-weight: bold\">Dimensiones.<\/div>\n<div>\n<p>930x258x91 mm.<\/p>\n<\/div>\n<div style=\"font-weight: bold\">Peso.<\/div>\n<div>\n<p>4.7 kg.<\/p>\n<\/div>\n<div style=\"font-weight: bold\">Accesorios incluidos.<\/div>\n<div>\n<p>Atril, adaptador de CA AD-A12150LW, adaptador inal\u00e1mbrico de audio y MIDI WU-BT10, seguro de correa.<\/p>\n<\/div>\n<\/div>\n<\/div>\n","protected":false},"excerpt":{"rendered":"<p>Teclado port\u00e1til de 61 teclas sensibles al tacto, 3 niveles de sensibilidad, fuente de sonido AiX, polifon\u00eda m\u00e1xima: 64, 800 tonos, 243 ritmos y 50 creados creados por el usuario, acompa\u00f1amiento autom\u00e1tico, 10 canciones de usuario, grabador MIDI, dos altavoces de 13 \u00d7 6 cm de 2.5W + 2.5W de potencia, adaptador de CA: AD-A12150LW (CC de 12 V), bater\u00edas: 6 bater\u00edas alcalinas de tama\u00f1o AA o 6 bater\u00edas recargables de Ni-MH de tama\u00f1o AA, consumo de energ\u00eda: 7.5W, dimensiones: 930 x 258 x 91 mm (sin atril de m\u00fasica), peso: 4.7 kg, incluye atril, adaptador de CA AD-A12150LW, adaptador inal\u00e1mbrico de audio y MIDI WU-BT10 y seguro de correa.&hellip; <a class=\"kt-excerpt-readmore more-link\" href=\"https:\/\/www.mexicanguitarplayers.com\/en\/tienda\/teclas\/teclados\/estandar\/teclado-casio-portatil-ct-s500-c-eli\/\">Read more<\/a><\/p>","protected":false},"featured_media":37659,"comment_status":"open","ping_status":"closed","template":"","meta":{"kt_blocks_editor_width":""},"pwb-brand":[274],"product_brand":[],"product_cat":[381,380,376],"product_tag":[],"class_list":{"0":"post-37660","1":"product","2":"type-product","3":"status-publish","4":"has-post-thumbnail","6":"pwb-brand-casio","7":"product_cat-estandar","8":"product_cat-teclados","9":"product_cat-teclas","10":"product_shipping_class-10-15-kg","12":"first","13":"instock","14":"taxable","15":"shipping-taxable","16":"purchasable","17":"product-type-simple"},"yoast_head":"<!-- This site is optimized with the Yoast SEO plugin v27.3 - https:\/\/yoast.com\/product\/yoast-seo-wordpress\/ -->\n<title>TECLADO CASIO PORTATIL  CT-S500 C\/ELI - Mexican Guitar Players<\/title>\n<meta name=\"description\" content=\"Teclado port\u00e1til de 61 teclas sensibles al tacto, 3 niveles de sensibilidad, fuente de sonido AiX, polifon\u00eda m\u00e1xima: 64, 800 tonos, 243 ritmos y 50 creados creados por el usuario, acompa\u00f1amiento autom\u00e1tico, 10 canciones de usuario, grabador MIDI, dos altavoces de 13 \u00d7 6 cm de 2.5W + 2.5W de potencia, adaptador de CA: AD-A12150LW (CC de 12 V), bater\u00edas: 6 bater\u00edas alcalinas de tama\u00f1o AA o 6 bater\u00edas recargables de Ni-MH de tama\u00f1o AA, consumo de energ\u00eda: 7.5W, dimensiones: 930 x 258 x 91 mm (sin atril de m\u00fasica), peso: 4.7 kg, incluye atril, adaptador de CA AD-A12150LW, adaptador inal\u00e1mbrico de audio y MIDI WU-BT10 y seguro de correa.\" \/>\n<meta name=\"robots\" content=\"index, follow, max-snippet:-1, max-image-preview:large, max-video-preview:-1\" \/>\n<link rel=\"canonical\" href=\"https:\/\/www.mexicanguitarplayers.com\/en\/tienda\/sin%20categor\u00eda\/teclado-casio-portatil-ct-s500-c-eli\/\" \/>\n<meta property=\"og:locale\" content=\"en_US\" \/>\n<meta property=\"og:type\" content=\"article\" \/>\n<meta property=\"og:title\" content=\"TECLADO CASIO PORTATIL  CT-S500 C\/ELI - Mexican Guitar Players\" \/>\n<meta property=\"og:description\" content=\"Teclado port\u00e1til de 61 teclas sensibles al tacto, 3 niveles de sensibilidad, fuente de sonido AiX, polifon\u00eda m\u00e1xima: 64, 800 tonos, 243 ritmos y 50 creados creados por el usuario, acompa\u00f1amiento autom\u00e1tico, 10 canciones de usuario, grabador MIDI, dos altavoces de 13 \u00d7 6 cm de 2.5W + 2.5W de potencia, adaptador de CA: AD-A12150LW (CC de 12 V), bater\u00edas: 6 bater\u00edas alcalinas de tama\u00f1o AA o 6 bater\u00edas recargables de Ni-MH de tama\u00f1o AA, consumo de energ\u00eda: 7.5W, dimensiones: 930 x 258 x 91 mm (sin atril de m\u00fasica), peso: 4.7 kg, incluye atril, adaptador de CA AD-A12150LW, adaptador inal\u00e1mbrico de audio y MIDI WU-BT10 y seguro de correa.\" \/>\n<meta property=\"og:url\" content=\"https:\/\/www.mexicanguitarplayers.com\/en\/tienda\/sin categor\u00eda\/teclado-casio-portatil-ct-s500-c-eli\/\" \/>\n<meta property=\"og:site_name\" content=\"Mexican Guitar Players\" \/>\n<meta property=\"article:modified_time\" content=\"2026-04-01T10:15:16+00:00\" \/>\n<meta name=\"twitter:card\" content=\"summary_large_image\" \/>\n<meta name=\"twitter:label1\" content=\"Est. reading time\" \/>\n\t<meta name=\"twitter:data1\" content=\"2 minutes\" \/>\n<script type=\"application\/ld+json\" class=\"yoast-schema-graph\">{\"@context\":\"https:\\\/\\\/schema.org\",\"@graph\":[{\"@type\":[\"WebPage\",\"ItemPage\"],\"@id\":\"https:\\\/\\\/www.mexicanguitarplayers.com\\\/tienda\\\/sin categor\u00eda\\\/teclado-casio-portatil-ct-s500-c-eli\\\/\",\"url\":\"https:\\\/\\\/www.mexicanguitarplayers.com\\\/tienda\\\/sin categor\u00eda\\\/teclado-casio-portatil-ct-s500-c-eli\\\/\",\"name\":\"TECLADO CASIO PORTATIL CT-S500 C\\\/ELI - Mexican Guitar Players\",\"isPartOf\":{\"@id\":\"https:\\\/\\\/www.mexicanguitarplayers.com\\\/#website\"},\"primaryImageOfPage\":{\"@id\":\"https:\\\/\\\/www.mexicanguitarplayers.com\\\/tienda\\\/sin categor\u00eda\\\/teclado-casio-portatil-ct-s500-c-eli\\\/#primaryimage\"},\"image\":{\"@id\":\"https:\\\/\\\/www.mexicanguitarplayers.com\\\/tienda\\\/sin categor\u00eda\\\/teclado-casio-portatil-ct-s500-c-eli\\\/#primaryimage\"},\"thumbnailUrl\":\"https:\\\/\\\/www.mexicanguitarplayers.com\\\/wp-content\\\/uploads\\\/2025\\\/04\\\/ITCASCTS500.jpg\",\"datePublished\":\"2025-04-09T11:48:27+00:00\",\"dateModified\":\"2026-04-01T10:15:16+00:00\",\"description\":\"Teclado port\u00e1til de 61 teclas sensibles al tacto, 3 niveles de sensibilidad, fuente de sonido AiX, polifon\u00eda m\u00e1xima: 64, 800 tonos, 243 ritmos y 50 creados creados por el usuario, acompa\u00f1amiento autom\u00e1tico, 10 canciones de usuario, grabador MIDI, dos altavoces de 13 \u00d7 6 cm de 2.5W + 2.5W de potencia, adaptador de CA: AD-A12150LW (CC de 12 V), bater\u00edas: 6 bater\u00edas alcalinas de tama\u00f1o AA o 6 bater\u00edas recargables de Ni-MH de tama\u00f1o AA, consumo de energ\u00eda: 7.5W, dimensiones: 930 x 258 x 91 mm (sin atril de m\u00fasica), peso: 4.7 kg, incluye atril, adaptador de CA AD-A12150LW, adaptador inal\u00e1mbrico de audio y MIDI WU-BT10 y seguro de correa.\",\"breadcrumb\":{\"@id\":\"https:\\\/\\\/www.mexicanguitarplayers.com\\\/tienda\\\/sin categor\u00eda\\\/teclado-casio-portatil-ct-s500-c-eli\\\/#breadcrumb\"},\"inLanguage\":\"en-US\",\"potentialAction\":[{\"@type\":\"ReadAction\",\"target\":[\"https:\\\/\\\/www.mexicanguitarplayers.com\\\/tienda\\\/sin categor\u00eda\\\/teclado-casio-portatil-ct-s500-c-eli\\\/\"]}]},{\"@type\":\"ImageObject\",\"inLanguage\":\"en-US\",\"@id\":\"https:\\\/\\\/www.mexicanguitarplayers.com\\\/tienda\\\/sin categor\u00eda\\\/teclado-casio-portatil-ct-s500-c-eli\\\/#primaryimage\",\"url\":\"https:\\\/\\\/www.mexicanguitarplayers.com\\\/wp-content\\\/uploads\\\/2025\\\/04\\\/ITCASCTS500.jpg\",\"contentUrl\":\"https:\\\/\\\/www.mexicanguitarplayers.com\\\/wp-content\\\/uploads\\\/2025\\\/04\\\/ITCASCTS500.jpg\",\"width\":1600,\"height\":800},{\"@type\":\"BreadcrumbList\",\"@id\":\"https:\\\/\\\/www.mexicanguitarplayers.com\\\/tienda\\\/sin categor\u00eda\\\/teclado-casio-portatil-ct-s500-c-eli\\\/#breadcrumb\",\"itemListElement\":[{\"@type\":\"ListItem\",\"position\":1,\"name\":\"Portada\",\"item\":\"https:\\\/\\\/www.mexicanguitarplayers.com\\\/\"},{\"@type\":\"ListItem\",\"position\":2,\"name\":\"Tienda\",\"item\":\"https:\\\/\\\/www.mexicanguitarplayers.com\\\/tienda\\\/\"},{\"@type\":\"ListItem\",\"position\":3,\"name\":\"TECLADO CASIO PORTATIL CT-S500 C\\\/ELI\"}]},{\"@type\":\"WebSite\",\"@id\":\"https:\\\/\\\/www.mexicanguitarplayers.com\\\/#website\",\"url\":\"https:\\\/\\\/www.mexicanguitarplayers.com\\\/\",\"name\":\"Mexican Guitar Players\",\"description\":\"Website\",\"publisher\":{\"@id\":\"https:\\\/\\\/www.mexicanguitarplayers.com\\\/#organization\"},\"potentialAction\":[{\"@type\":\"SearchAction\",\"target\":{\"@type\":\"EntryPoint\",\"urlTemplate\":\"https:\\\/\\\/www.mexicanguitarplayers.com\\\/?s={search_term_string}\"},\"query-input\":{\"@type\":\"PropertyValueSpecification\",\"valueRequired\":true,\"valueName\":\"search_term_string\"}}],\"inLanguage\":\"en-US\"},{\"@type\":\"Organization\",\"@id\":\"https:\\\/\\\/www.mexicanguitarplayers.com\\\/#organization\",\"name\":\"Mexican Guitar Players\",\"url\":\"https:\\\/\\\/www.mexicanguitarplayers.com\\\/\",\"logo\":{\"@type\":\"ImageObject\",\"inLanguage\":\"en-US\",\"@id\":\"https:\\\/\\\/www.mexicanguitarplayers.com\\\/#\\\/schema\\\/logo\\\/image\\\/\",\"url\":\"\",\"contentUrl\":\"\",\"caption\":\"Mexican Guitar Players\"},\"image\":{\"@id\":\"https:\\\/\\\/www.mexicanguitarplayers.com\\\/#\\\/schema\\\/logo\\\/image\\\/\"}}]}<\/script>\n<!-- \/ Yoast SEO plugin. -->","yoast_head_json":{"title":"TECLADO CASIO PORTATIL  CT-S500 C\/ELI - Mexican Guitar Players","description":"Teclado port\u00e1til de 61 teclas sensibles al tacto, 3 niveles de sensibilidad, fuente de sonido AiX, polifon\u00eda m\u00e1xima: 64, 800 tonos, 243 ritmos y 50 creados creados por el usuario, acompa\u00f1amiento autom\u00e1tico, 10 canciones de usuario, grabador MIDI, dos altavoces de 13 \u00d7 6 cm de 2.5W + 2.5W de potencia, adaptador de CA: AD-A12150LW (CC de 12 V), bater\u00edas: 6 bater\u00edas alcalinas de tama\u00f1o AA o 6 bater\u00edas recargables de Ni-MH de tama\u00f1o AA, consumo de energ\u00eda: 7.5W, dimensiones: 930 x 258 x 91 mm (sin atril de m\u00fasica), peso: 4.7 kg, incluye atril, adaptador de CA AD-A12150LW, adaptador inal\u00e1mbrico de audio y MIDI WU-BT10 y seguro de correa.","robots":{"index":"index","follow":"follow","max-snippet":"max-snippet:-1","max-image-preview":"max-image-preview:large","max-video-preview":"max-video-preview:-1"},"canonical":"https:\/\/www.mexicanguitarplayers.com\/en\/tienda\/sin categor\u00eda\/teclado-casio-portatil-ct-s500-c-eli\/","og_locale":"en_US","og_type":"article","og_title":"TECLADO CASIO PORTATIL  CT-S500 C\/ELI - Mexican Guitar Players","og_description":"Teclado port\u00e1til de 61 teclas sensibles al tacto, 3 niveles de sensibilidad, fuente de sonido AiX, polifon\u00eda m\u00e1xima: 64, 800 tonos, 243 ritmos y 50 creados creados por el usuario, acompa\u00f1amiento autom\u00e1tico, 10 canciones de usuario, grabador MIDI, dos altavoces de 13 \u00d7 6 cm de 2.5W + 2.5W de potencia, adaptador de CA: AD-A12150LW (CC de 12 V), bater\u00edas: 6 bater\u00edas alcalinas de tama\u00f1o AA o 6 bater\u00edas recargables de Ni-MH de tama\u00f1o AA, consumo de energ\u00eda: 7.5W, dimensiones: 930 x 258 x 91 mm (sin atril de m\u00fasica), peso: 4.7 kg, incluye atril, adaptador de CA AD-A12150LW, adaptador inal\u00e1mbrico de audio y MIDI WU-BT10 y seguro de correa.","og_url":"https:\/\/www.mexicanguitarplayers.com\/en\/tienda\/sin categor\u00eda\/teclado-casio-portatil-ct-s500-c-eli\/","og_site_name":"Mexican Guitar Players","article_modified_time":"2026-04-01T10:15:16+00:00","twitter_card":"summary_large_image","twitter_misc":{"Est. reading time":"2 minutes"},"schema":{"@context":"https:\/\/schema.org","@graph":[{"@type":["WebPage","ItemPage"],"@id":"https:\/\/www.mexicanguitarplayers.com\/tienda\/sin categor\u00eda\/teclado-casio-portatil-ct-s500-c-eli\/","url":"https:\/\/www.mexicanguitarplayers.com\/tienda\/sin categor\u00eda\/teclado-casio-portatil-ct-s500-c-eli\/","name":"TECLADO CASIO PORTATIL CT-S500 C\/ELI - Mexican Guitar Players","isPartOf":{"@id":"https:\/\/www.mexicanguitarplayers.com\/#website"},"primaryImageOfPage":{"@id":"https:\/\/www.mexicanguitarplayers.com\/tienda\/sin categor\u00eda\/teclado-casio-portatil-ct-s500-c-eli\/#primaryimage"},"image":{"@id":"https:\/\/www.mexicanguitarplayers.com\/tienda\/sin categor\u00eda\/teclado-casio-portatil-ct-s500-c-eli\/#primaryimage"},"thumbnailUrl":"https:\/\/www.mexicanguitarplayers.com\/wp-content\/uploads\/2025\/04\/ITCASCTS500.jpg","datePublished":"2025-04-09T11:48:27+00:00","dateModified":"2026-04-01T10:15:16+00:00","description":"Teclado port\u00e1til de 61 teclas sensibles al tacto, 3 niveles de sensibilidad, fuente de sonido AiX, polifon\u00eda m\u00e1xima: 64, 800 tonos, 243 ritmos y 50 creados creados por el usuario, acompa\u00f1amiento autom\u00e1tico, 10 canciones de usuario, grabador MIDI, dos altavoces de 13 \u00d7 6 cm de 2.5W + 2.5W de potencia, adaptador de CA: AD-A12150LW (CC de 12 V), bater\u00edas: 6 bater\u00edas alcalinas de tama\u00f1o AA o 6 bater\u00edas recargables de Ni-MH de tama\u00f1o AA, consumo de energ\u00eda: 7.5W, dimensiones: 930 x 258 x 91 mm (sin atril de m\u00fasica), peso: 4.7 kg, incluye atril, adaptador de CA AD-A12150LW, adaptador inal\u00e1mbrico de audio y MIDI WU-BT10 y seguro de correa.","breadcrumb":{"@id":"https:\/\/www.mexicanguitarplayers.com\/tienda\/sin categor\u00eda\/teclado-casio-portatil-ct-s500-c-eli\/#breadcrumb"},"inLanguage":"en-US","potentialAction":[{"@type":"ReadAction","target":["https:\/\/www.mexicanguitarplayers.com\/tienda\/sin categor\u00eda\/teclado-casio-portatil-ct-s500-c-eli\/"]}]},{"@type":"ImageObject","inLanguage":"en-US","@id":"https:\/\/www.mexicanguitarplayers.com\/tienda\/sin categor\u00eda\/teclado-casio-portatil-ct-s500-c-eli\/#primaryimage","url":"https:\/\/www.mexicanguitarplayers.com\/wp-content\/uploads\/2025\/04\/ITCASCTS500.jpg","contentUrl":"https:\/\/www.mexicanguitarplayers.com\/wp-content\/uploads\/2025\/04\/ITCASCTS500.jpg","width":1600,"height":800},{"@type":"BreadcrumbList","@id":"https:\/\/www.mexicanguitarplayers.com\/tienda\/sin categor\u00eda\/teclado-casio-portatil-ct-s500-c-eli\/#breadcrumb","itemListElement":[{"@type":"ListItem","position":1,"name":"Portada","item":"https:\/\/www.mexicanguitarplayers.com\/"},{"@type":"ListItem","position":2,"name":"Tienda","item":"https:\/\/www.mexicanguitarplayers.com\/tienda\/"},{"@type":"ListItem","position":3,"name":"TECLADO CASIO PORTATIL CT-S500 C\/ELI"}]},{"@type":"WebSite","@id":"https:\/\/www.mexicanguitarplayers.com\/#website","url":"https:\/\/www.mexicanguitarplayers.com\/","name":"Mexican Guitar Players","description":"Website","publisher":{"@id":"https:\/\/www.mexicanguitarplayers.com\/#organization"},"potentialAction":[{"@type":"SearchAction","target":{"@type":"EntryPoint","urlTemplate":"https:\/\/www.mexicanguitarplayers.com\/?s={search_term_string}"},"query-input":{"@type":"PropertyValueSpecification","valueRequired":true,"valueName":"search_term_string"}}],"inLanguage":"en-US"},{"@type":"Organization","@id":"https:\/\/www.mexicanguitarplayers.com\/#organization","name":"Mexican Guitar Players","url":"https:\/\/www.mexicanguitarplayers.com\/","logo":{"@type":"ImageObject","inLanguage":"en-US","@id":"https:\/\/www.mexicanguitarplayers.com\/#\/schema\/logo\/image\/","url":"","contentUrl":"","caption":"Mexican Guitar Players"},"image":{"@id":"https:\/\/www.mexicanguitarplayers.com\/#\/schema\/logo\/image\/"}}]}},"brands":[{"id":274,"name":"CASIO","slug":"casio"}],"_links":{"self":[{"href":"https:\/\/www.mexicanguitarplayers.com\/en\/wp-json\/wp\/v2\/product\/37660","targetHints":{"allow":["GET"]}}],"collection":[{"href":"https:\/\/www.mexicanguitarplayers.com\/en\/wp-json\/wp\/v2\/product"}],"about":[{"href":"https:\/\/www.mexicanguitarplayers.com\/en\/wp-json\/wp\/v2\/types\/product"}],"replies":[{"embeddable":true,"href":"https:\/\/www.mexicanguitarplayers.com\/en\/wp-json\/wp\/v2\/comments?post=37660"}],"wp:featuredmedia":[{"embeddable":true,"href":"https:\/\/www.mexicanguitarplayers.com\/en\/wp-json\/wp\/v2\/media\/37659"}],"wp:attachment":[{"href":"https:\/\/www.mexicanguitarplayers.com\/en\/wp-json\/wp\/v2\/media?parent=37660"}],"wp:term":[{"taxonomy":"pwb-brand","embeddable":true,"href":"https:\/\/www.mexicanguitarplayers.com\/en\/wp-json\/wp\/v2\/pwb-brand?post=37660"},{"taxonomy":"product_brand","embeddable":true,"href":"https:\/\/www.mexicanguitarplayers.com\/en\/wp-json\/wp\/v2\/product_brand?post=37660"},{"taxonomy":"product_cat","embeddable":true,"href":"https:\/\/www.mexicanguitarplayers.com\/en\/wp-json\/wp\/v2\/product_cat?post=37660"},{"taxonomy":"product_tag","embeddable":true,"href":"https:\/\/www.mexicanguitarplayers.com\/en\/wp-json\/wp\/v2\/product_tag?post=37660"}],"curies":[{"name":"wp","href":"https:\/\/api.w.org\/{rel}","templated":true}]}}