{"id":37682,"date":"2025-04-09T05:48:55","date_gmt":"2025-04-09T11:48:55","guid":{"rendered":"https:\/\/www.mexicanguitarplayers.com\/tienda\/sin categor\u00eda\/estuche-gator-p-mezcladora-g-tourm32rndh\/"},"modified":"2026-04-15T04:17:27","modified_gmt":"2026-04-15T10:17:27","slug":"estuche-gator-p-mezcladora-g-tourm32rndh","status":"publish","type":"product","link":"https:\/\/www.mexicanguitarplayers.com\/en\/tienda\/accesorios\/estuches-y-fundas\/para-mixers\/estuche-gator-p-mezcladora-g-tourm32rndh\/","title":{"rendered":"ESTUCHE GATOR P\/MEZCLADORA G-TOURM32RNDH"},"content":{"rendered":"<div style=\"text-align: justify\">\n<div>\n<h3>Seguridad y facilidad de uso.<\/h3>\n<\/div>\n<div>Este estuche de Gator se ajusta perfectamente a la mezcladora M32R de Midas y ayuda a que las configuraciones sean muy f\u00e1ciles. Est\u00e1 fabricado con resistente madera contrachapada de 9 mm con protector exterior laminado y su dise\u00f1o inteligente ofrece acceso completo a la parte posterior, lo que te permite conectar y configurar tu mezcladora sin sacarla de su estuche. El interior acolchado mantiene tu mezcladora segura y en su lugar durante todo el transporte previniendo da\u00f1os como rayones, ara\u00f1azos o golpes, tambi\u00e9n cuenta con ruedas y todo para facilitarte la vida.<\/div>\n<div>\n<h4>Quick look<\/h4>\n<\/div>\n<ul style=\"margin: 0px 0px 0px 25px\">\n<li style=\"list-style-type: circle;margin: 5px\">Dimensiones interiores.<\/li>\n<li style=\"list-style-type: circle;margin: 5px\">Dimensiones exteriores.<\/li>\n<li style=\"list-style-type: circle;margin: 5px\">Weight.<\/li>\n<\/ul>\n<div>\n<div style=\"font-weight: bold\">Dimensiones interiores.<\/div>\n<div>\n<p>Longitud interior: 24.3&#8243; (617.22 mm). Ancho interior: 19&#8243; (482.6 mm). Altura interior: 8.8&#8243; (223.52 mm).<\/p>\n<\/div>\n<div style=\"font-weight: bold\">Dimensiones exteriores.<\/div>\n<div>\n<p>Longitud exterior: 30.6&#8243; (777.24 mm). Ancho exterior: 21.9&#8243; (556.26 mm). Altura exterior: 13.1&#8243; (332.74 mm).<\/p>\n<\/div>\n<div style=\"font-weight: bold\">Weight.<\/div>\n<div>\n<p>15.6 kg.<\/p>\n<\/div>\n<\/div>\n<div>\n<h4>Characteristics<\/h4>\n<\/div>\n<div>\n<ul style=\"margin: 0px 0px 0px 25px\">\n<li style=\"list-style-type: circle;margin: 5px\">Estuche de gran formato para mezcladora M32R.<\/li>\n<li style=\"list-style-type: circle;margin: 5px\">Esquinas protectoras de bola.<\/li>\n<li style=\"list-style-type: circle;margin: 5px\">Cerrojos giratorios bloqueables.<\/li>\n<li style=\"list-style-type: circle;margin: 5px\">Manijas de goma con resorte.<\/li>\n<li style=\"list-style-type: circle;margin: 5px\">Madera contrachapada de 9 mm.<\/li>\n<li style=\"list-style-type: circle;margin: 5px\">Exterior laminado protector.<\/li>\n<li style=\"list-style-type: circle;margin: 5px\">Interior laminado negro.<\/li>\n<li style=\"list-style-type: circle;margin: 5px\">Bloques de espuma EVA.<\/li>\n<li style=\"list-style-type: circle;margin: 5px\">Hardware de grado comercial.<\/li>\n<li style=\"list-style-type: circle;margin: 5px\">Ruedas incorporadas.<\/li>\n<li style=\"list-style-type: circle;margin: 5px\">Asa de remolque.<\/li>\n<\/ul>\n<\/div>\n<\/div>","protected":false},"excerpt":{"rendered":"<p>Estuche de gran formato para mezcladora M32R, serie G-Tour, construcci\u00f3n resistente, esquinas protectoras de bola, cerrojos giratorios bloqueables, manijas de goma con resorte, fabricado con madera contrachapada de 9 mm con exterior laminado protector, interior laminado negro con bloques de espuma EVA para protecci\u00f3n, bloques de espuma que dejan espacio para la ventilaci\u00f3n en la parte inferior del estuche, hardware de grado comercial, firma empotrada de Gator en rojo, ruedas incorporadas y asa de remolque.&hellip; <a class=\"kt-excerpt-readmore more-link\" href=\"https:\/\/www.mexicanguitarplayers.com\/en\/tienda\/accesorios\/estuches-y-fundas\/para-mixers\/estuche-gator-p-mezcladora-g-tourm32rndh\/\">Read more<\/a><\/p>","protected":false},"featured_media":37674,"comment_status":"open","ping_status":"closed","template":"","meta":{"kt_blocks_editor_width":""},"pwb-brand":[572],"product_brand":[],"product_cat":[85,517,652],"product_tag":[],"class_list":{"0":"post-37682","1":"product","2":"type-product","3":"status-publish","4":"has-post-thumbnail","6":"pwb-brand-gator","7":"product_cat-accesorios","8":"product_cat-estuches-y-fundas","9":"product_cat-para-mixers","10":"product_shipping_class-20-25-kg","12":"first","13":"outofstock","14":"taxable","15":"shipping-taxable","16":"purchasable","17":"product-type-simple"},"yoast_head":"<!-- This site is optimized with the Yoast SEO plugin v27.5 - https:\/\/yoast.com\/product\/yoast-seo-wordpress\/ -->\n<title>ESTUCHE GATOR P\/MEZCLADORA G-TOURM32RNDH - Mexican Guitar Players<\/title>\n<meta name=\"description\" content=\"Estuche de gran formato para mezcladora M32R, serie G-Tour, construcci\u00f3n resistente, esquinas protectoras de bola, cerrojos giratorios bloqueables, manijas de goma con resorte, fabricado con madera contrachapada de 9 mm con exterior laminado protector, interior laminado negro con bloques de espuma EVA para protecci\u00f3n, bloques de espuma que dejan espacio para la ventilaci\u00f3n en la parte inferior del estuche, hardware de grado comercial, firma empotrada de Gator en rojo, ruedas incorporadas y asa de remolque.\" \/>\n<meta name=\"robots\" content=\"index, follow, max-snippet:-1, max-image-preview:large, max-video-preview:-1\" \/>\n<link rel=\"canonical\" href=\"https:\/\/www.mexicanguitarplayers.com\/en\/tienda\/sin%20categor\u00eda\/estuche-gator-p-mezcladora-g-tourm32rndh\/\" \/>\n<meta property=\"og:locale\" content=\"en_US\" \/>\n<meta property=\"og:type\" content=\"article\" \/>\n<meta property=\"og:title\" content=\"ESTUCHE GATOR P\/MEZCLADORA G-TOURM32RNDH - Mexican Guitar Players\" \/>\n<meta property=\"og:description\" content=\"Estuche de gran formato para mezcladora M32R, serie G-Tour, construcci\u00f3n resistente, esquinas protectoras de bola, cerrojos giratorios bloqueables, manijas de goma con resorte, fabricado con madera contrachapada de 9 mm con exterior laminado protector, interior laminado negro con bloques de espuma EVA para protecci\u00f3n, bloques de espuma que dejan espacio para la ventilaci\u00f3n en la parte inferior del estuche, hardware de grado comercial, firma empotrada de Gator en rojo, ruedas incorporadas y asa de remolque.\" \/>\n<meta property=\"og:url\" content=\"https:\/\/www.mexicanguitarplayers.com\/en\/tienda\/sin categor\u00eda\/estuche-gator-p-mezcladora-g-tourm32rndh\/\" \/>\n<meta property=\"og:site_name\" content=\"Mexican Guitar Players\" \/>\n<meta property=\"article:modified_time\" content=\"2026-04-15T10:17:27+00:00\" \/>\n<meta name=\"twitter:card\" content=\"summary_large_image\" \/>\n<meta name=\"twitter:label1\" content=\"Est. reading time\" \/>\n\t<meta name=\"twitter:data1\" content=\"1 minute\" \/>\n<script type=\"application\/ld+json\" class=\"yoast-schema-graph\">{\"@context\":\"https:\\\/\\\/schema.org\",\"@graph\":[{\"@type\":[\"WebPage\",\"ItemPage\"],\"@id\":\"https:\\\/\\\/www.mexicanguitarplayers.com\\\/tienda\\\/sin categor\u00eda\\\/estuche-gator-p-mezcladora-g-tourm32rndh\\\/\",\"url\":\"https:\\\/\\\/www.mexicanguitarplayers.com\\\/tienda\\\/sin categor\u00eda\\\/estuche-gator-p-mezcladora-g-tourm32rndh\\\/\",\"name\":\"ESTUCHE GATOR P\\\/MEZCLADORA G-TOURM32RNDH - Mexican Guitar Players\",\"isPartOf\":{\"@id\":\"https:\\\/\\\/www.mexicanguitarplayers.com\\\/#website\"},\"primaryImageOfPage\":{\"@id\":\"https:\\\/\\\/www.mexicanguitarplayers.com\\\/tienda\\\/sin categor\u00eda\\\/estuche-gator-p-mezcladora-g-tourm32rndh\\\/#primaryimage\"},\"image\":{\"@id\":\"https:\\\/\\\/www.mexicanguitarplayers.com\\\/tienda\\\/sin categor\u00eda\\\/estuche-gator-p-mezcladora-g-tourm32rndh\\\/#primaryimage\"},\"thumbnailUrl\":\"https:\\\/\\\/www.mexicanguitarplayers.com\\\/wp-content\\\/uploads\\\/2025\\\/04\\\/VAGATGTOURM32R.jpg\",\"datePublished\":\"2025-04-09T11:48:55+00:00\",\"dateModified\":\"2026-04-15T10:17:27+00:00\",\"description\":\"Estuche de gran formato para mezcladora M32R, serie G-Tour, construcci\u00f3n resistente, esquinas protectoras de bola, cerrojos giratorios bloqueables, manijas de goma con resorte, fabricado con madera contrachapada de 9 mm con exterior laminado protector, interior laminado negro con bloques de espuma EVA para protecci\u00f3n, bloques de espuma que dejan espacio para la ventilaci\u00f3n en la parte inferior del estuche, hardware de grado comercial, firma empotrada de Gator en rojo, ruedas incorporadas y asa de remolque.\",\"breadcrumb\":{\"@id\":\"https:\\\/\\\/www.mexicanguitarplayers.com\\\/tienda\\\/sin categor\u00eda\\\/estuche-gator-p-mezcladora-g-tourm32rndh\\\/#breadcrumb\"},\"inLanguage\":\"en-US\",\"potentialAction\":[{\"@type\":\"ReadAction\",\"target\":[\"https:\\\/\\\/www.mexicanguitarplayers.com\\\/tienda\\\/sin categor\u00eda\\\/estuche-gator-p-mezcladora-g-tourm32rndh\\\/\"]}]},{\"@type\":\"ImageObject\",\"inLanguage\":\"en-US\",\"@id\":\"https:\\\/\\\/www.mexicanguitarplayers.com\\\/tienda\\\/sin categor\u00eda\\\/estuche-gator-p-mezcladora-g-tourm32rndh\\\/#primaryimage\",\"url\":\"https:\\\/\\\/www.mexicanguitarplayers.com\\\/wp-content\\\/uploads\\\/2025\\\/04\\\/VAGATGTOURM32R.jpg\",\"contentUrl\":\"https:\\\/\\\/www.mexicanguitarplayers.com\\\/wp-content\\\/uploads\\\/2025\\\/04\\\/VAGATGTOURM32R.jpg\",\"width\":1200,\"height\":1200},{\"@type\":\"BreadcrumbList\",\"@id\":\"https:\\\/\\\/www.mexicanguitarplayers.com\\\/tienda\\\/sin categor\u00eda\\\/estuche-gator-p-mezcladora-g-tourm32rndh\\\/#breadcrumb\",\"itemListElement\":[{\"@type\":\"ListItem\",\"position\":1,\"name\":\"Portada\",\"item\":\"https:\\\/\\\/www.mexicanguitarplayers.com\\\/\"},{\"@type\":\"ListItem\",\"position\":2,\"name\":\"Tienda\",\"item\":\"https:\\\/\\\/www.mexicanguitarplayers.com\\\/tienda\\\/\"},{\"@type\":\"ListItem\",\"position\":3,\"name\":\"ESTUCHE GATOR P\\\/MEZCLADORA G-TOURM32RNDH\"}]},{\"@type\":\"WebSite\",\"@id\":\"https:\\\/\\\/www.mexicanguitarplayers.com\\\/#website\",\"url\":\"https:\\\/\\\/www.mexicanguitarplayers.com\\\/\",\"name\":\"Mexican Guitar Players\",\"description\":\"Website\",\"publisher\":{\"@id\":\"https:\\\/\\\/www.mexicanguitarplayers.com\\\/#organization\"},\"potentialAction\":[{\"@type\":\"SearchAction\",\"target\":{\"@type\":\"EntryPoint\",\"urlTemplate\":\"https:\\\/\\\/www.mexicanguitarplayers.com\\\/?s={search_term_string}\"},\"query-input\":{\"@type\":\"PropertyValueSpecification\",\"valueRequired\":true,\"valueName\":\"search_term_string\"}}],\"inLanguage\":\"en-US\"},{\"@type\":\"Organization\",\"@id\":\"https:\\\/\\\/www.mexicanguitarplayers.com\\\/#organization\",\"name\":\"Mexican Guitar Players\",\"url\":\"https:\\\/\\\/www.mexicanguitarplayers.com\\\/\",\"logo\":{\"@type\":\"ImageObject\",\"inLanguage\":\"en-US\",\"@id\":\"https:\\\/\\\/www.mexicanguitarplayers.com\\\/#\\\/schema\\\/logo\\\/image\\\/\",\"url\":\"\",\"contentUrl\":\"\",\"caption\":\"Mexican Guitar Players\"},\"image\":{\"@id\":\"https:\\\/\\\/www.mexicanguitarplayers.com\\\/#\\\/schema\\\/logo\\\/image\\\/\"}}]}<\/script>\n<!-- \/ Yoast SEO plugin. -->","yoast_head_json":{"title":"ESTUCHE GATOR P\/MEZCLADORA G-TOURM32RNDH - Mexican Guitar Players","description":"Estuche de gran formato para mezcladora M32R, serie G-Tour, construcci\u00f3n resistente, esquinas protectoras de bola, cerrojos giratorios bloqueables, manijas de goma con resorte, fabricado con madera contrachapada de 9 mm con exterior laminado protector, interior laminado negro con bloques de espuma EVA para protecci\u00f3n, bloques de espuma que dejan espacio para la ventilaci\u00f3n en la parte inferior del estuche, hardware de grado comercial, firma empotrada de Gator en rojo, ruedas incorporadas y asa de remolque.","robots":{"index":"index","follow":"follow","max-snippet":"max-snippet:-1","max-image-preview":"max-image-preview:large","max-video-preview":"max-video-preview:-1"},"canonical":"https:\/\/www.mexicanguitarplayers.com\/en\/tienda\/sin categor\u00eda\/estuche-gator-p-mezcladora-g-tourm32rndh\/","og_locale":"en_US","og_type":"article","og_title":"ESTUCHE GATOR P\/MEZCLADORA G-TOURM32RNDH - Mexican Guitar Players","og_description":"Estuche de gran formato para mezcladora M32R, serie G-Tour, construcci\u00f3n resistente, esquinas protectoras de bola, cerrojos giratorios bloqueables, manijas de goma con resorte, fabricado con madera contrachapada de 9 mm con exterior laminado protector, interior laminado negro con bloques de espuma EVA para protecci\u00f3n, bloques de espuma que dejan espacio para la ventilaci\u00f3n en la parte inferior del estuche, hardware de grado comercial, firma empotrada de Gator en rojo, ruedas incorporadas y asa de remolque.","og_url":"https:\/\/www.mexicanguitarplayers.com\/en\/tienda\/sin categor\u00eda\/estuche-gator-p-mezcladora-g-tourm32rndh\/","og_site_name":"Mexican Guitar Players","article_modified_time":"2026-04-15T10:17:27+00:00","twitter_card":"summary_large_image","twitter_misc":{"Est. reading time":"1 minute"},"schema":{"@context":"https:\/\/schema.org","@graph":[{"@type":["WebPage","ItemPage"],"@id":"https:\/\/www.mexicanguitarplayers.com\/tienda\/sin categor\u00eda\/estuche-gator-p-mezcladora-g-tourm32rndh\/","url":"https:\/\/www.mexicanguitarplayers.com\/tienda\/sin categor\u00eda\/estuche-gator-p-mezcladora-g-tourm32rndh\/","name":"ESTUCHE GATOR P\/MEZCLADORA G-TOURM32RNDH - Mexican Guitar Players","isPartOf":{"@id":"https:\/\/www.mexicanguitarplayers.com\/#website"},"primaryImageOfPage":{"@id":"https:\/\/www.mexicanguitarplayers.com\/tienda\/sin categor\u00eda\/estuche-gator-p-mezcladora-g-tourm32rndh\/#primaryimage"},"image":{"@id":"https:\/\/www.mexicanguitarplayers.com\/tienda\/sin categor\u00eda\/estuche-gator-p-mezcladora-g-tourm32rndh\/#primaryimage"},"thumbnailUrl":"https:\/\/www.mexicanguitarplayers.com\/wp-content\/uploads\/2025\/04\/VAGATGTOURM32R.jpg","datePublished":"2025-04-09T11:48:55+00:00","dateModified":"2026-04-15T10:17:27+00:00","description":"Estuche de gran formato para mezcladora M32R, serie G-Tour, construcci\u00f3n resistente, esquinas protectoras de bola, cerrojos giratorios bloqueables, manijas de goma con resorte, fabricado con madera contrachapada de 9 mm con exterior laminado protector, interior laminado negro con bloques de espuma EVA para protecci\u00f3n, bloques de espuma que dejan espacio para la ventilaci\u00f3n en la parte inferior del estuche, hardware de grado comercial, firma empotrada de Gator en rojo, ruedas incorporadas y asa de remolque.","breadcrumb":{"@id":"https:\/\/www.mexicanguitarplayers.com\/tienda\/sin categor\u00eda\/estuche-gator-p-mezcladora-g-tourm32rndh\/#breadcrumb"},"inLanguage":"en-US","potentialAction":[{"@type":"ReadAction","target":["https:\/\/www.mexicanguitarplayers.com\/tienda\/sin categor\u00eda\/estuche-gator-p-mezcladora-g-tourm32rndh\/"]}]},{"@type":"ImageObject","inLanguage":"en-US","@id":"https:\/\/www.mexicanguitarplayers.com\/tienda\/sin categor\u00eda\/estuche-gator-p-mezcladora-g-tourm32rndh\/#primaryimage","url":"https:\/\/www.mexicanguitarplayers.com\/wp-content\/uploads\/2025\/04\/VAGATGTOURM32R.jpg","contentUrl":"https:\/\/www.mexicanguitarplayers.com\/wp-content\/uploads\/2025\/04\/VAGATGTOURM32R.jpg","width":1200,"height":1200},{"@type":"BreadcrumbList","@id":"https:\/\/www.mexicanguitarplayers.com\/tienda\/sin categor\u00eda\/estuche-gator-p-mezcladora-g-tourm32rndh\/#breadcrumb","itemListElement":[{"@type":"ListItem","position":1,"name":"Portada","item":"https:\/\/www.mexicanguitarplayers.com\/"},{"@type":"ListItem","position":2,"name":"Tienda","item":"https:\/\/www.mexicanguitarplayers.com\/tienda\/"},{"@type":"ListItem","position":3,"name":"ESTUCHE GATOR P\/MEZCLADORA G-TOURM32RNDH"}]},{"@type":"WebSite","@id":"https:\/\/www.mexicanguitarplayers.com\/#website","url":"https:\/\/www.mexicanguitarplayers.com\/","name":"Mexican Guitar Players","description":"Website","publisher":{"@id":"https:\/\/www.mexicanguitarplayers.com\/#organization"},"potentialAction":[{"@type":"SearchAction","target":{"@type":"EntryPoint","urlTemplate":"https:\/\/www.mexicanguitarplayers.com\/?s={search_term_string}"},"query-input":{"@type":"PropertyValueSpecification","valueRequired":true,"valueName":"search_term_string"}}],"inLanguage":"en-US"},{"@type":"Organization","@id":"https:\/\/www.mexicanguitarplayers.com\/#organization","name":"Mexican Guitar Players","url":"https:\/\/www.mexicanguitarplayers.com\/","logo":{"@type":"ImageObject","inLanguage":"en-US","@id":"https:\/\/www.mexicanguitarplayers.com\/#\/schema\/logo\/image\/","url":"","contentUrl":"","caption":"Mexican Guitar Players"},"image":{"@id":"https:\/\/www.mexicanguitarplayers.com\/#\/schema\/logo\/image\/"}}]}},"brands":[{"id":572,"name":"GATOR","slug":"gator"}],"_links":{"self":[{"href":"https:\/\/www.mexicanguitarplayers.com\/en\/wp-json\/wp\/v2\/product\/37682","targetHints":{"allow":["GET"]}}],"collection":[{"href":"https:\/\/www.mexicanguitarplayers.com\/en\/wp-json\/wp\/v2\/product"}],"about":[{"href":"https:\/\/www.mexicanguitarplayers.com\/en\/wp-json\/wp\/v2\/types\/product"}],"replies":[{"embeddable":true,"href":"https:\/\/www.mexicanguitarplayers.com\/en\/wp-json\/wp\/v2\/comments?post=37682"}],"wp:featuredmedia":[{"embeddable":true,"href":"https:\/\/www.mexicanguitarplayers.com\/en\/wp-json\/wp\/v2\/media\/37674"}],"wp:attachment":[{"href":"https:\/\/www.mexicanguitarplayers.com\/en\/wp-json\/wp\/v2\/media?parent=37682"}],"wp:term":[{"taxonomy":"pwb-brand","embeddable":true,"href":"https:\/\/www.mexicanguitarplayers.com\/en\/wp-json\/wp\/v2\/pwb-brand?post=37682"},{"taxonomy":"product_brand","embeddable":true,"href":"https:\/\/www.mexicanguitarplayers.com\/en\/wp-json\/wp\/v2\/product_brand?post=37682"},{"taxonomy":"product_cat","embeddable":true,"href":"https:\/\/www.mexicanguitarplayers.com\/en\/wp-json\/wp\/v2\/product_cat?post=37682"},{"taxonomy":"product_tag","embeddable":true,"href":"https:\/\/www.mexicanguitarplayers.com\/en\/wp-json\/wp\/v2\/product_tag?post=37682"}],"curies":[{"name":"wp","href":"https:\/\/api.w.org\/{rel}","templated":true}]}}