{"id":37746,"date":"2025-04-09T05:50:23","date_gmt":"2025-04-09T11:50:23","guid":{"rendered":"https:\/\/www.mexicanguitarplayers.com\/tienda\/sin categor\u00eda\/mezcladora-behringer-mod-vmx100usb\/"},"modified":"2026-05-05T16:15:08","modified_gmt":"2026-05-05T22:15:08","slug":"mezcladora-behringer-mod-vmx100usb","status":"publish","type":"product","link":"https:\/\/www.mexicanguitarplayers.com\/en\/tienda\/audio\/equipo-de-dj\/mezcladoras-para-dj\/mezcladora-behringer-mod-vmx100usb\/","title":{"rendered":"MEZCLADORA BEHRINGER MOD. VMX100USB"},"content":{"rendered":"<div style=\"text-align: justify\">\n<div>\n<h3>Mezcla tus hits con creatividad y sin l\u00edmites.<\/h3>\n<\/div>\n<div>Esta mezcladora de 2 canales para DJ est\u00e1 dise\u00f1ada para conectarse directamente a tu computadora y llevar tu m\u00fasica directamente al reino digital. En un instante, la VMX100USB te permite grabar y reproducir cualquier archivo de m\u00fasica digital desde tu PC o Mac &#8220;sin necesidad de drivers de instalaci\u00f3n&#8221;. Los contadores BPM duales (Beats por Minuto) inteligentes integrados con Sync Lock y Beat Assist ayudan a mantener las pistas sincronizadas. Adem\u00e1s, nuestros faders y crossfaders controlados por VCA garantizan un rendimiento impecable. Tambi\u00e9n hemos incluido una descarga gratuita de un paquete de masivo de software que transformar\u00e1 tu computadora en un completo estudio de producci\u00f3n y edici\u00f3n de m\u00fasica. M\u00e1s medios. Al igual que las mezcladoras de DJ de confianza, la VMX100USB cuenta con entradas RCA para mezclar tus vinilos favoritos a trav\u00e9s de tus tornamesas, as\u00ed como cassettes, CDs y reproductores mp3. Pero la conectividad USB de vanguardia de la VMX100USB te permite acceder a tu biblioteca de mp3 en tu computadora o digitalizar tu propia mezcla creativa usando tu PC o Mac. La VMX100USB tambi\u00e9n cuenta con 2 canales Mic dedicados para anuncios, un rap improvisado o cualquier otro matiz vocal. La funcionalidad Talkback se activa autom\u00e1ticamente cuando se habla por el micr\u00f3fono, s\u00f3lo tienes que ajustar la perilla de sensibilidad para tu voz y la perilla de profundidad para la cantidad de reducci\u00f3n de volumen de la m\u00fasica (ducking). Si puede hacer clic, girar o hablar, la VMX100USB puede mezclarlo. La m\u00e1quina de sue\u00f1os del DJ. As\u00ed seas un DJ con escenas que agrega varios elementos a la mezcla o simplemente manteni\u00e9ndolo sencillo, la VMX100USB preparada para USB es la mezcladora ideal para ti. Con 2 canales equipados con nuestros faders ultra-suaves ULTRAGLIDE con una vida \u00fatil de hasta 500,000 ciclos y un crossfader controlado por VCA con curva ajustable, puedes configurar la VMX100USB r\u00e1pidamente para adaptarse a tu estilo personal de mezcla. Esta mezcladora f\u00e1cil de usar te ofrece tambi\u00e9n un EQ individual de 2 bandas (-32 dB) y controles de ganancia por canal adem\u00e1s de un medidor de nivel LED para la salida principal. A todo esto se suma el m\u00e1ximo en comodidad y fiabilidad y un buen rendimiento de audio durante muchos a\u00f1os.<\/div>\n<div>\n<h4>Quick look<\/h4>\n<\/div>\n<ul style=\"margin: 0px 0px 0px 25px\">\n<li style=\"list-style-type: circle;margin: 5px\">Audio inputs.<\/li>\n<li style=\"list-style-type: circle;margin: 5px\">Audio outputs.<\/li>\n<li style=\"list-style-type: circle;margin: 5px\">Equalizer<\/li>\n<li style=\"list-style-type: circle;margin: 5px\">USB.<\/li>\n<li style=\"list-style-type: circle;margin: 5px\">System Specifications.<\/li>\n<li style=\"list-style-type: circle;margin: 5px\">Power supply.<\/li>\n<li style=\"list-style-type: circle;margin: 5px\">Dimensions.<\/li>\n<li style=\"list-style-type: circle;margin: 5px\">Weight.<\/li>\n<\/ul>\n<div>\n<div style=\"font-weight: bold\">Audio inputs.<\/div>\n<div>\n<p>Mic IN: TRS 1\/4&#8243;, 53 dB ganancia. Phono In: RCA desbalanceado, 40 dB ganancia. Line In: RCA desbalanceado, 0 dB ganancia.<\/p>\n<\/div>\n<div style=\"font-weight: bold\">Audio outputs.<\/div>\n<div>\n<p>Main Out (A): M\u00e1ximo 21 dBu @ +15 DbU (entrada de l\u00ednea). Salida Tape: T\u00edpicamente 0 dB. Salida de aud\u00edfonos: T\u00edpicamente 125 mW @ 1% THD.<\/p>\n<\/div>\n<div style=\"font-weight: bold\">Equalizer<\/div>\n<div>\n<p>Stereo Low: +12 dB\/-32 dB @ 50 Hz. Stereo High: +12 dB\/-32 @ 10 kHz.<\/p>\n<\/div>\n<div style=\"font-weight: bold\">USB.<\/div>\n<div>\n<p>Audio: Stereo In\/Out. Conector: Tipo B. Convertidor: 16-bit. Tasa de muestreo: 48 kHz.<\/p>\n<\/div>\n<div style=\"font-weight: bold\">System Specifications.<\/div>\n<div>\n<p>Relaci\u00f3n se\u00f1al a ruido: &gt;88 dB (l\u00ednea). Crosstalk: &gt;67 dB (l\u00ednea). Distorsi\u00f3n (THD): &lt;0.025%. Repuesta de frecuencia: 20 Hz &#8211; 20 kHz. Ajuste de ganancia de entrada: -20 dB \u00b19 dB.<\/p>\n<\/div>\n<div style=\"font-weight: bold\">Power supply.<\/div>\n<div>\n<p>120V~, 60 Hz. Consumo de energ\u00eda: M\u00e1ximo 10 watts. Fusible: T 160 mA H 250 V. Conexi\u00f3n de energ\u00eda: Recept\u00e1culo IEC est\u00e1ndar.<\/p>\n<\/div>\n<div style=\"font-weight: bold\">Dimensions.<\/div>\n<div>\n<p>72 x 203 x 229 mm.<\/p>\n<\/div>\n<div style=\"font-weight: bold\">Weight.<\/div>\n<div>\n<p>2 kg.<\/p>\n<\/div>\n<\/div>\n<\/div>","protected":false},"excerpt":{"rendered":"<p>Mezcladora para DJ de 2 canales, contador BPM y control VCA, preamplificadores phono de \u00faltima generaci\u00f3n, interface USB incorporada para grabaci\u00f3n y reproducci\u00f3n de cualquier archivo de m\u00fasica digital, funciona con PC o Mac y no requiere drivers para su instalaci\u00f3n, paquete masivo de software descargable desde la p\u00e1gina de behringer.com que incluye programas de restauraci\u00f3n y grabaci\u00f3n de vinilos Podifier y Golden Ear, contador BPM dual inteligente con pantalla de tiempo y sincronizaci\u00f3n de beat, faders ULTRAGLIDE de gran durabilidad y larga duraci\u00f3n (hasta 500,000 ciclos),  faders controlados por VCA para m\u00e1xima confiabilidad y gran rendimiento de audio, curva de crossfader ajustable para todos los estilos de mezcla, kill EQ de 2 bandas (-32 dB) y medidores de nivel precisos con funci\u00f3n de retenci\u00f3n de pico, entrada de micr\u00f3fono con tecnolog\u00eda ULN de calidad de estudio, conectores RCA chapados en oro para una mayor integridad de la se\u00f1al, dimensiones: 72 x 203 x 229 m, peso: 2 kg.&hellip; <a class=\"kt-excerpt-readmore more-link\" href=\"https:\/\/www.mexicanguitarplayers.com\/en\/tienda\/audio\/equipo-de-dj\/mezcladoras-para-dj\/mezcladora-behringer-mod-vmx100usb\/\">Read more<\/a><\/p>","protected":false},"featured_media":37741,"comment_status":"open","ping_status":"closed","template":"","meta":{"kt_blocks_editor_width":""},"pwb-brand":[171],"product_brand":[],"product_cat":[213,483,488],"product_tag":[],"class_list":{"0":"post-37746","1":"product","2":"type-product","3":"status-publish","4":"has-post-thumbnail","6":"pwb-brand-behringer","7":"product_cat-audio","8":"product_cat-equipo-de-dj","9":"product_cat-mezcladoras-para-dj","10":"product_shipping_class-0-5-kg","12":"first","13":"outofstock","14":"taxable","15":"shipping-taxable","16":"purchasable","17":"product-type-simple"},"yoast_head":"<!-- This site is optimized with the Yoast SEO plugin v27.6 - https:\/\/yoast.com\/product\/yoast-seo-wordpress\/ -->\n<title>MEZCLADORA BEHRINGER MOD. VMX100USB - Mexican Guitar Players<\/title>\n<meta name=\"description\" content=\"Mezcladora para DJ de 2 canales, contador BPM y control VCA, preamplificadores phono de \u00faltima generaci\u00f3n, interface USB incorporada para grabaci\u00f3n y reproducci\u00f3n de cualquier archivo de m\u00fasica digital, funciona con PC o Mac y no requiere drivers para su instalaci\u00f3n, paquete masivo de software descargable desde la p\u00e1gina de behringer.com que incluye programas de restauraci\u00f3n y grabaci\u00f3n de vinilos Podifier y Golden Ear, contador BPM dual inteligente con pantalla de tiempo y sincronizaci\u00f3n de beat, faders ULTRAGLIDE de gran durabilidad y larga duraci\u00f3n (hasta 500,000 ciclos), faders controlados por VCA para m\u00e1xima confiabilidad y gran rendimiento de audio, curva de crossfader ajustable para todos los estilos de mezcla, kill EQ de 2 bandas (-32 dB) y medidores de nivel precisos con funci\u00f3n de retenci\u00f3n de pico, entrada de micr\u00f3fono con tecnolog\u00eda ULN de calidad de estudio, conectores RCA chapados en oro para una mayor integridad de la se\u00f1al, dimensiones: 72 x 203 x 229 m, peso: 2 kg.\" \/>\n<meta name=\"robots\" content=\"index, follow, max-snippet:-1, max-image-preview:large, max-video-preview:-1\" \/>\n<link rel=\"canonical\" href=\"https:\/\/www.mexicanguitarplayers.com\/en\/tienda\/sin%20categor\u00eda\/mezcladora-behringer-mod-vmx100usb\/\" \/>\n<meta property=\"og:locale\" content=\"en_US\" \/>\n<meta property=\"og:type\" content=\"article\" \/>\n<meta property=\"og:title\" content=\"MEZCLADORA BEHRINGER MOD. VMX100USB - Mexican Guitar Players\" \/>\n<meta property=\"og:description\" content=\"Mezcladora para DJ de 2 canales, contador BPM y control VCA, preamplificadores phono de \u00faltima generaci\u00f3n, interface USB incorporada para grabaci\u00f3n y reproducci\u00f3n de cualquier archivo de m\u00fasica digital, funciona con PC o Mac y no requiere drivers para su instalaci\u00f3n, paquete masivo de software descargable desde la p\u00e1gina de behringer.com que incluye programas de restauraci\u00f3n y grabaci\u00f3n de vinilos Podifier y Golden Ear, contador BPM dual inteligente con pantalla de tiempo y sincronizaci\u00f3n de beat, faders ULTRAGLIDE de gran durabilidad y larga duraci\u00f3n (hasta 500,000 ciclos), faders controlados por VCA para m\u00e1xima confiabilidad y gran rendimiento de audio, curva de crossfader ajustable para todos los estilos de mezcla, kill EQ de 2 bandas (-32 dB) y medidores de nivel precisos con funci\u00f3n de retenci\u00f3n de pico, entrada de micr\u00f3fono con tecnolog\u00eda ULN de calidad de estudio, conectores RCA chapados en oro para una mayor integridad de la se\u00f1al, dimensiones: 72 x 203 x 229 m, peso: 2 kg.\" \/>\n<meta property=\"og:url\" content=\"https:\/\/www.mexicanguitarplayers.com\/en\/tienda\/sin categor\u00eda\/mezcladora-behringer-mod-vmx100usb\/\" \/>\n<meta property=\"og:site_name\" content=\"Mexican Guitar Players\" \/>\n<meta property=\"article:modified_time\" content=\"2026-05-05T22:15:08+00:00\" \/>\n<meta name=\"twitter:card\" content=\"summary_large_image\" \/>\n<meta name=\"twitter:label1\" content=\"Est. reading time\" \/>\n\t<meta name=\"twitter:data1\" content=\"3 minutes\" \/>\n<script type=\"application\/ld+json\" class=\"yoast-schema-graph\">{\"@context\":\"https:\\\/\\\/schema.org\",\"@graph\":[{\"@type\":[\"WebPage\",\"ItemPage\"],\"@id\":\"https:\\\/\\\/www.mexicanguitarplayers.com\\\/tienda\\\/sin categor\u00eda\\\/mezcladora-behringer-mod-vmx100usb\\\/\",\"url\":\"https:\\\/\\\/www.mexicanguitarplayers.com\\\/tienda\\\/sin categor\u00eda\\\/mezcladora-behringer-mod-vmx100usb\\\/\",\"name\":\"MEZCLADORA BEHRINGER MOD. VMX100USB - Mexican Guitar Players\",\"isPartOf\":{\"@id\":\"https:\\\/\\\/www.mexicanguitarplayers.com\\\/#website\"},\"primaryImageOfPage\":{\"@id\":\"https:\\\/\\\/www.mexicanguitarplayers.com\\\/tienda\\\/sin categor\u00eda\\\/mezcladora-behringer-mod-vmx100usb\\\/#primaryimage\"},\"image\":{\"@id\":\"https:\\\/\\\/www.mexicanguitarplayers.com\\\/tienda\\\/sin categor\u00eda\\\/mezcladora-behringer-mod-vmx100usb\\\/#primaryimage\"},\"thumbnailUrl\":\"https:\\\/\\\/www.mexicanguitarplayers.com\\\/wp-content\\\/uploads\\\/2025\\\/04\\\/IABEHVMX100USB.jpg\",\"datePublished\":\"2025-04-09T11:50:23+00:00\",\"dateModified\":\"2026-05-05T22:15:08+00:00\",\"description\":\"Mezcladora para DJ de 2 canales, contador BPM y control VCA, preamplificadores phono de \u00faltima generaci\u00f3n, interface USB incorporada para grabaci\u00f3n y reproducci\u00f3n de cualquier archivo de m\u00fasica digital, funciona con PC o Mac y no requiere drivers para su instalaci\u00f3n, paquete masivo de software descargable desde la p\u00e1gina de behringer.com que incluye programas de restauraci\u00f3n y grabaci\u00f3n de vinilos Podifier y Golden Ear, contador BPM dual inteligente con pantalla de tiempo y sincronizaci\u00f3n de beat, faders ULTRAGLIDE de gran durabilidad y larga duraci\u00f3n (hasta 500,000 ciclos), faders controlados por VCA para m\u00e1xima confiabilidad y gran rendimiento de audio, curva de crossfader ajustable para todos los estilos de mezcla, kill EQ de 2 bandas (-32 dB) y medidores de nivel precisos con funci\u00f3n de retenci\u00f3n de pico, entrada de micr\u00f3fono con tecnolog\u00eda ULN de calidad de estudio, conectores RCA chapados en oro para una mayor integridad de la se\u00f1al, dimensiones: 72 x 203 x 229 m, peso: 2 kg.\",\"breadcrumb\":{\"@id\":\"https:\\\/\\\/www.mexicanguitarplayers.com\\\/tienda\\\/sin categor\u00eda\\\/mezcladora-behringer-mod-vmx100usb\\\/#breadcrumb\"},\"inLanguage\":\"en-US\",\"potentialAction\":[{\"@type\":\"ReadAction\",\"target\":[\"https:\\\/\\\/www.mexicanguitarplayers.com\\\/tienda\\\/sin categor\u00eda\\\/mezcladora-behringer-mod-vmx100usb\\\/\"]}]},{\"@type\":\"ImageObject\",\"inLanguage\":\"en-US\",\"@id\":\"https:\\\/\\\/www.mexicanguitarplayers.com\\\/tienda\\\/sin categor\u00eda\\\/mezcladora-behringer-mod-vmx100usb\\\/#primaryimage\",\"url\":\"https:\\\/\\\/www.mexicanguitarplayers.com\\\/wp-content\\\/uploads\\\/2025\\\/04\\\/IABEHVMX100USB.jpg\",\"contentUrl\":\"https:\\\/\\\/www.mexicanguitarplayers.com\\\/wp-content\\\/uploads\\\/2025\\\/04\\\/IABEHVMX100USB.jpg\",\"width\":1200,\"height\":1200},{\"@type\":\"BreadcrumbList\",\"@id\":\"https:\\\/\\\/www.mexicanguitarplayers.com\\\/tienda\\\/sin categor\u00eda\\\/mezcladora-behringer-mod-vmx100usb\\\/#breadcrumb\",\"itemListElement\":[{\"@type\":\"ListItem\",\"position\":1,\"name\":\"Portada\",\"item\":\"https:\\\/\\\/www.mexicanguitarplayers.com\\\/\"},{\"@type\":\"ListItem\",\"position\":2,\"name\":\"Tienda\",\"item\":\"https:\\\/\\\/www.mexicanguitarplayers.com\\\/tienda\\\/\"},{\"@type\":\"ListItem\",\"position\":3,\"name\":\"MEZCLADORA BEHRINGER MOD. VMX100USB\"}]},{\"@type\":\"WebSite\",\"@id\":\"https:\\\/\\\/www.mexicanguitarplayers.com\\\/#website\",\"url\":\"https:\\\/\\\/www.mexicanguitarplayers.com\\\/\",\"name\":\"Mexican Guitar Players\",\"description\":\"Website\",\"publisher\":{\"@id\":\"https:\\\/\\\/www.mexicanguitarplayers.com\\\/#organization\"},\"potentialAction\":[{\"@type\":\"SearchAction\",\"target\":{\"@type\":\"EntryPoint\",\"urlTemplate\":\"https:\\\/\\\/www.mexicanguitarplayers.com\\\/?s={search_term_string}\"},\"query-input\":{\"@type\":\"PropertyValueSpecification\",\"valueRequired\":true,\"valueName\":\"search_term_string\"}}],\"inLanguage\":\"en-US\"},{\"@type\":\"Organization\",\"@id\":\"https:\\\/\\\/www.mexicanguitarplayers.com\\\/#organization\",\"name\":\"Mexican Guitar Players\",\"url\":\"https:\\\/\\\/www.mexicanguitarplayers.com\\\/\",\"logo\":{\"@type\":\"ImageObject\",\"inLanguage\":\"en-US\",\"@id\":\"https:\\\/\\\/www.mexicanguitarplayers.com\\\/#\\\/schema\\\/logo\\\/image\\\/\",\"url\":\"\",\"contentUrl\":\"\",\"caption\":\"Mexican Guitar Players\"},\"image\":{\"@id\":\"https:\\\/\\\/www.mexicanguitarplayers.com\\\/#\\\/schema\\\/logo\\\/image\\\/\"}}]}<\/script>\n<!-- \/ Yoast SEO plugin. -->","yoast_head_json":{"title":"MEZCLADORA BEHRINGER MOD. VMX100USB - Mexican Guitar Players","description":"Mezcladora para DJ de 2 canales, contador BPM y control VCA, preamplificadores phono de \u00faltima generaci\u00f3n, interface USB incorporada para grabaci\u00f3n y reproducci\u00f3n de cualquier archivo de m\u00fasica digital, funciona con PC o Mac y no requiere drivers para su instalaci\u00f3n, paquete masivo de software descargable desde la p\u00e1gina de behringer.com que incluye programas de restauraci\u00f3n y grabaci\u00f3n de vinilos Podifier y Golden Ear, contador BPM dual inteligente con pantalla de tiempo y sincronizaci\u00f3n de beat, faders ULTRAGLIDE de gran durabilidad y larga duraci\u00f3n (hasta 500,000 ciclos), faders controlados por VCA para m\u00e1xima confiabilidad y gran rendimiento de audio, curva de crossfader ajustable para todos los estilos de mezcla, kill EQ de 2 bandas (-32 dB) y medidores de nivel precisos con funci\u00f3n de retenci\u00f3n de pico, entrada de micr\u00f3fono con tecnolog\u00eda ULN de calidad de estudio, conectores RCA chapados en oro para una mayor integridad de la se\u00f1al, dimensiones: 72 x 203 x 229 m, peso: 2 kg.","robots":{"index":"index","follow":"follow","max-snippet":"max-snippet:-1","max-image-preview":"max-image-preview:large","max-video-preview":"max-video-preview:-1"},"canonical":"https:\/\/www.mexicanguitarplayers.com\/en\/tienda\/sin categor\u00eda\/mezcladora-behringer-mod-vmx100usb\/","og_locale":"en_US","og_type":"article","og_title":"MEZCLADORA BEHRINGER MOD. VMX100USB - Mexican Guitar Players","og_description":"Mezcladora para DJ de 2 canales, contador BPM y control VCA, preamplificadores phono de \u00faltima generaci\u00f3n, interface USB incorporada para grabaci\u00f3n y reproducci\u00f3n de cualquier archivo de m\u00fasica digital, funciona con PC o Mac y no requiere drivers para su instalaci\u00f3n, paquete masivo de software descargable desde la p\u00e1gina de behringer.com que incluye programas de restauraci\u00f3n y grabaci\u00f3n de vinilos Podifier y Golden Ear, contador BPM dual inteligente con pantalla de tiempo y sincronizaci\u00f3n de beat, faders ULTRAGLIDE de gran durabilidad y larga duraci\u00f3n (hasta 500,000 ciclos), faders controlados por VCA para m\u00e1xima confiabilidad y gran rendimiento de audio, curva de crossfader ajustable para todos los estilos de mezcla, kill EQ de 2 bandas (-32 dB) y medidores de nivel precisos con funci\u00f3n de retenci\u00f3n de pico, entrada de micr\u00f3fono con tecnolog\u00eda ULN de calidad de estudio, conectores RCA chapados en oro para una mayor integridad de la se\u00f1al, dimensiones: 72 x 203 x 229 m, peso: 2 kg.","og_url":"https:\/\/www.mexicanguitarplayers.com\/en\/tienda\/sin categor\u00eda\/mezcladora-behringer-mod-vmx100usb\/","og_site_name":"Mexican Guitar Players","article_modified_time":"2026-05-05T22:15:08+00:00","twitter_card":"summary_large_image","twitter_misc":{"Est. reading time":"3 minutes"},"schema":{"@context":"https:\/\/schema.org","@graph":[{"@type":["WebPage","ItemPage"],"@id":"https:\/\/www.mexicanguitarplayers.com\/tienda\/sin categor\u00eda\/mezcladora-behringer-mod-vmx100usb\/","url":"https:\/\/www.mexicanguitarplayers.com\/tienda\/sin categor\u00eda\/mezcladora-behringer-mod-vmx100usb\/","name":"MEZCLADORA BEHRINGER MOD. VMX100USB - Mexican Guitar Players","isPartOf":{"@id":"https:\/\/www.mexicanguitarplayers.com\/#website"},"primaryImageOfPage":{"@id":"https:\/\/www.mexicanguitarplayers.com\/tienda\/sin categor\u00eda\/mezcladora-behringer-mod-vmx100usb\/#primaryimage"},"image":{"@id":"https:\/\/www.mexicanguitarplayers.com\/tienda\/sin categor\u00eda\/mezcladora-behringer-mod-vmx100usb\/#primaryimage"},"thumbnailUrl":"https:\/\/www.mexicanguitarplayers.com\/wp-content\/uploads\/2025\/04\/IABEHVMX100USB.jpg","datePublished":"2025-04-09T11:50:23+00:00","dateModified":"2026-05-05T22:15:08+00:00","description":"Mezcladora para DJ de 2 canales, contador BPM y control VCA, preamplificadores phono de \u00faltima generaci\u00f3n, interface USB incorporada para grabaci\u00f3n y reproducci\u00f3n de cualquier archivo de m\u00fasica digital, funciona con PC o Mac y no requiere drivers para su instalaci\u00f3n, paquete masivo de software descargable desde la p\u00e1gina de behringer.com que incluye programas de restauraci\u00f3n y grabaci\u00f3n de vinilos Podifier y Golden Ear, contador BPM dual inteligente con pantalla de tiempo y sincronizaci\u00f3n de beat, faders ULTRAGLIDE de gran durabilidad y larga duraci\u00f3n (hasta 500,000 ciclos), faders controlados por VCA para m\u00e1xima confiabilidad y gran rendimiento de audio, curva de crossfader ajustable para todos los estilos de mezcla, kill EQ de 2 bandas (-32 dB) y medidores de nivel precisos con funci\u00f3n de retenci\u00f3n de pico, entrada de micr\u00f3fono con tecnolog\u00eda ULN de calidad de estudio, conectores RCA chapados en oro para una mayor integridad de la se\u00f1al, dimensiones: 72 x 203 x 229 m, peso: 2 kg.","breadcrumb":{"@id":"https:\/\/www.mexicanguitarplayers.com\/tienda\/sin categor\u00eda\/mezcladora-behringer-mod-vmx100usb\/#breadcrumb"},"inLanguage":"en-US","potentialAction":[{"@type":"ReadAction","target":["https:\/\/www.mexicanguitarplayers.com\/tienda\/sin categor\u00eda\/mezcladora-behringer-mod-vmx100usb\/"]}]},{"@type":"ImageObject","inLanguage":"en-US","@id":"https:\/\/www.mexicanguitarplayers.com\/tienda\/sin categor\u00eda\/mezcladora-behringer-mod-vmx100usb\/#primaryimage","url":"https:\/\/www.mexicanguitarplayers.com\/wp-content\/uploads\/2025\/04\/IABEHVMX100USB.jpg","contentUrl":"https:\/\/www.mexicanguitarplayers.com\/wp-content\/uploads\/2025\/04\/IABEHVMX100USB.jpg","width":1200,"height":1200},{"@type":"BreadcrumbList","@id":"https:\/\/www.mexicanguitarplayers.com\/tienda\/sin categor\u00eda\/mezcladora-behringer-mod-vmx100usb\/#breadcrumb","itemListElement":[{"@type":"ListItem","position":1,"name":"Portada","item":"https:\/\/www.mexicanguitarplayers.com\/"},{"@type":"ListItem","position":2,"name":"Tienda","item":"https:\/\/www.mexicanguitarplayers.com\/tienda\/"},{"@type":"ListItem","position":3,"name":"MEZCLADORA BEHRINGER MOD. VMX100USB"}]},{"@type":"WebSite","@id":"https:\/\/www.mexicanguitarplayers.com\/#website","url":"https:\/\/www.mexicanguitarplayers.com\/","name":"Mexican Guitar Players","description":"Website","publisher":{"@id":"https:\/\/www.mexicanguitarplayers.com\/#organization"},"potentialAction":[{"@type":"SearchAction","target":{"@type":"EntryPoint","urlTemplate":"https:\/\/www.mexicanguitarplayers.com\/?s={search_term_string}"},"query-input":{"@type":"PropertyValueSpecification","valueRequired":true,"valueName":"search_term_string"}}],"inLanguage":"en-US"},{"@type":"Organization","@id":"https:\/\/www.mexicanguitarplayers.com\/#organization","name":"Mexican Guitar Players","url":"https:\/\/www.mexicanguitarplayers.com\/","logo":{"@type":"ImageObject","inLanguage":"en-US","@id":"https:\/\/www.mexicanguitarplayers.com\/#\/schema\/logo\/image\/","url":"","contentUrl":"","caption":"Mexican Guitar Players"},"image":{"@id":"https:\/\/www.mexicanguitarplayers.com\/#\/schema\/logo\/image\/"}}]}},"brands":[{"id":171,"name":"BEHRINGER","slug":"behringer"}],"_links":{"self":[{"href":"https:\/\/www.mexicanguitarplayers.com\/en\/wp-json\/wp\/v2\/product\/37746","targetHints":{"allow":["GET"]}}],"collection":[{"href":"https:\/\/www.mexicanguitarplayers.com\/en\/wp-json\/wp\/v2\/product"}],"about":[{"href":"https:\/\/www.mexicanguitarplayers.com\/en\/wp-json\/wp\/v2\/types\/product"}],"replies":[{"embeddable":true,"href":"https:\/\/www.mexicanguitarplayers.com\/en\/wp-json\/wp\/v2\/comments?post=37746"}],"wp:featuredmedia":[{"embeddable":true,"href":"https:\/\/www.mexicanguitarplayers.com\/en\/wp-json\/wp\/v2\/media\/37741"}],"wp:attachment":[{"href":"https:\/\/www.mexicanguitarplayers.com\/en\/wp-json\/wp\/v2\/media?parent=37746"}],"wp:term":[{"taxonomy":"pwb-brand","embeddable":true,"href":"https:\/\/www.mexicanguitarplayers.com\/en\/wp-json\/wp\/v2\/pwb-brand?post=37746"},{"taxonomy":"product_brand","embeddable":true,"href":"https:\/\/www.mexicanguitarplayers.com\/en\/wp-json\/wp\/v2\/product_brand?post=37746"},{"taxonomy":"product_cat","embeddable":true,"href":"https:\/\/www.mexicanguitarplayers.com\/en\/wp-json\/wp\/v2\/product_cat?post=37746"},{"taxonomy":"product_tag","embeddable":true,"href":"https:\/\/www.mexicanguitarplayers.com\/en\/wp-json\/wp\/v2\/product_tag?post=37746"}],"curies":[{"name":"wp","href":"https:\/\/api.w.org\/{rel}","templated":true}]}}