{"id":37797,"date":"2025-04-09T05:52:35","date_gmt":"2025-04-09T11:52:35","guid":{"rendered":"https:\/\/www.mexicanguitarplayers.com\/tienda\/sin categor\u00eda\/saxofon-maxima-tenor-mod-kfts-100sg\/"},"modified":"2026-04-10T04:24:00","modified_gmt":"2026-04-10T10:24:00","slug":"saxofon-maxima-tenor-mod-kfts-100sg","status":"publish","type":"product","link":"https:\/\/www.mexicanguitarplayers.com\/en\/tienda\/alientos\/alientos-metales\/saxofon-maxima-tenor-mod-kfts-100sg\/","title":{"rendered":"SAXOFON MAXIMA TENOR      MOD. KFTS-100SG"},"content":{"rendered":"<div style=\"text-align: justify\">\n<div>\n<h3>Saxofon Tenor MAXIMA <\/h3>\n<\/div>\n<div>Saxof\u00f3n Tenor Maxima en Bb con acabado dorado. <\/div>\n<div>\n<h4>Characteristics<\/h4>\n<\/div>\n<div>\n<ul style=\"margin: 0px 0px 0px 25px\">\n<li style=\"list-style-type: circle;margin: 5px\">tono<\/li>\n<li style=\"list-style-type: circle;margin: 5px\">Kind<\/li>\n<li style=\"list-style-type: circle;margin: 5px\">Superficie<\/li>\n<li style=\"list-style-type: circle;margin: 5px\">Material<\/li>\n<\/ul>\n<\/div>\n<\/div>","protected":false},"excerpt":{"rendered":"<p>Saxofon Tenor Maxima, tono Bb, superficie de laca dorada en material de lat\u00f3n. Incluye funda de transporte, correa para el cuello, pa\u00f1o y varilla de limpieza, guantes blancos y 1 pieza de ca\u00f1a.&hellip; <a class=\"kt-excerpt-readmore more-link\" href=\"https:\/\/www.mexicanguitarplayers.com\/en\/tienda\/alientos\/alientos-metales\/saxofon-maxima-tenor-mod-kfts-100sg\/\">Read more<\/a><\/p>","protected":false},"featured_media":37789,"comment_status":"open","ping_status":"closed","template":"","meta":{"kt_blocks_editor_width":""},"pwb-brand":[288],"product_brand":[],"product_cat":[388,400],"product_tag":[],"class_list":{"0":"post-37797","1":"product","2":"type-product","3":"status-publish","4":"has-post-thumbnail","6":"pwb-brand-maxima","7":"product_cat-alientos","8":"product_cat-alientos-metales","9":"product_shipping_class-5-10-kg","11":"first","12":"outofstock","13":"taxable","14":"shipping-taxable","15":"purchasable","16":"product-type-simple"},"yoast_head":"<!-- This site is optimized with the Yoast SEO plugin v27.6 - https:\/\/yoast.com\/product\/yoast-seo-wordpress\/ -->\n<title>SAXOFON MAXIMA TENOR   MOD. KFTS-100SG - Mexican Guitar Players<\/title>\n<meta name=\"description\" content=\"Saxofon Tenor Maxima, tono Bb, superficie de laca dorada en material de lat\u00f3n. Incluye funda de transporte, correa para el cuello, pa\u00f1o y varilla de limpieza, guantes blancos y 1 pieza de ca\u00f1a.\" \/>\n<meta name=\"robots\" content=\"index, follow, max-snippet:-1, max-image-preview:large, max-video-preview:-1\" \/>\n<link rel=\"canonical\" href=\"https:\/\/www.mexicanguitarplayers.com\/en\/tienda\/sin%20categor\u00eda\/saxofon-maxima-tenor-mod-kfts-100sg\/\" \/>\n<meta property=\"og:locale\" content=\"en_US\" \/>\n<meta property=\"og:type\" content=\"article\" \/>\n<meta property=\"og:title\" content=\"SAXOFON MAXIMA TENOR   MOD. KFTS-100SG - Mexican Guitar Players\" \/>\n<meta property=\"og:description\" content=\"Saxofon Tenor Maxima, tono Bb, superficie de laca dorada en material de lat\u00f3n. Incluye funda de transporte, correa para el cuello, pa\u00f1o y varilla de limpieza, guantes blancos y 1 pieza de ca\u00f1a.\" \/>\n<meta property=\"og:url\" content=\"https:\/\/www.mexicanguitarplayers.com\/en\/tienda\/sin categor\u00eda\/saxofon-maxima-tenor-mod-kfts-100sg\/\" \/>\n<meta property=\"og:site_name\" content=\"Mexican Guitar Players\" \/>\n<meta property=\"article:modified_time\" content=\"2026-04-10T10:24:00+00:00\" \/>\n<meta name=\"twitter:card\" content=\"summary_large_image\" \/>\n<script type=\"application\/ld+json\" class=\"yoast-schema-graph\">{\"@context\":\"https:\\\/\\\/schema.org\",\"@graph\":[{\"@type\":[\"WebPage\",\"ItemPage\"],\"@id\":\"https:\\\/\\\/www.mexicanguitarplayers.com\\\/tienda\\\/sin categor\u00eda\\\/saxofon-maxima-tenor-mod-kfts-100sg\\\/\",\"url\":\"https:\\\/\\\/www.mexicanguitarplayers.com\\\/tienda\\\/sin categor\u00eda\\\/saxofon-maxima-tenor-mod-kfts-100sg\\\/\",\"name\":\"SAXOFON MAXIMA TENOR MOD. KFTS-100SG - Mexican Guitar Players\",\"isPartOf\":{\"@id\":\"https:\\\/\\\/www.mexicanguitarplayers.com\\\/#website\"},\"primaryImageOfPage\":{\"@id\":\"https:\\\/\\\/www.mexicanguitarplayers.com\\\/tienda\\\/sin categor\u00eda\\\/saxofon-maxima-tenor-mod-kfts-100sg\\\/#primaryimage\"},\"image\":{\"@id\":\"https:\\\/\\\/www.mexicanguitarplayers.com\\\/tienda\\\/sin categor\u00eda\\\/saxofon-maxima-tenor-mod-kfts-100sg\\\/#primaryimage\"},\"thumbnailUrl\":\"https:\\\/\\\/www.mexicanguitarplayers.com\\\/wp-content\\\/uploads\\\/2025\\\/04\\\/IVMAXKFTS100SG.jpg\",\"datePublished\":\"2025-04-09T11:52:35+00:00\",\"dateModified\":\"2026-04-10T10:24:00+00:00\",\"description\":\"Saxofon Tenor Maxima, tono Bb, superficie de laca dorada en material de lat\u00f3n. Incluye funda de transporte, correa para el cuello, pa\u00f1o y varilla de limpieza, guantes blancos y 1 pieza de ca\u00f1a.\",\"breadcrumb\":{\"@id\":\"https:\\\/\\\/www.mexicanguitarplayers.com\\\/tienda\\\/sin categor\u00eda\\\/saxofon-maxima-tenor-mod-kfts-100sg\\\/#breadcrumb\"},\"inLanguage\":\"en-US\",\"potentialAction\":[{\"@type\":\"ReadAction\",\"target\":[\"https:\\\/\\\/www.mexicanguitarplayers.com\\\/tienda\\\/sin categor\u00eda\\\/saxofon-maxima-tenor-mod-kfts-100sg\\\/\"]}]},{\"@type\":\"ImageObject\",\"inLanguage\":\"en-US\",\"@id\":\"https:\\\/\\\/www.mexicanguitarplayers.com\\\/tienda\\\/sin categor\u00eda\\\/saxofon-maxima-tenor-mod-kfts-100sg\\\/#primaryimage\",\"url\":\"https:\\\/\\\/www.mexicanguitarplayers.com\\\/wp-content\\\/uploads\\\/2025\\\/04\\\/IVMAXKFTS100SG.jpg\",\"contentUrl\":\"https:\\\/\\\/www.mexicanguitarplayers.com\\\/wp-content\\\/uploads\\\/2025\\\/04\\\/IVMAXKFTS100SG.jpg\",\"width\":800,\"height\":1600},{\"@type\":\"BreadcrumbList\",\"@id\":\"https:\\\/\\\/www.mexicanguitarplayers.com\\\/tienda\\\/sin categor\u00eda\\\/saxofon-maxima-tenor-mod-kfts-100sg\\\/#breadcrumb\",\"itemListElement\":[{\"@type\":\"ListItem\",\"position\":1,\"name\":\"Portada\",\"item\":\"https:\\\/\\\/www.mexicanguitarplayers.com\\\/\"},{\"@type\":\"ListItem\",\"position\":2,\"name\":\"Tienda\",\"item\":\"https:\\\/\\\/www.mexicanguitarplayers.com\\\/tienda\\\/\"},{\"@type\":\"ListItem\",\"position\":3,\"name\":\"SAXOFON MAXIMA TENOR MOD. KFTS-100SG\"}]},{\"@type\":\"WebSite\",\"@id\":\"https:\\\/\\\/www.mexicanguitarplayers.com\\\/#website\",\"url\":\"https:\\\/\\\/www.mexicanguitarplayers.com\\\/\",\"name\":\"Mexican Guitar Players\",\"description\":\"Website\",\"publisher\":{\"@id\":\"https:\\\/\\\/www.mexicanguitarplayers.com\\\/#organization\"},\"potentialAction\":[{\"@type\":\"SearchAction\",\"target\":{\"@type\":\"EntryPoint\",\"urlTemplate\":\"https:\\\/\\\/www.mexicanguitarplayers.com\\\/?s={search_term_string}\"},\"query-input\":{\"@type\":\"PropertyValueSpecification\",\"valueRequired\":true,\"valueName\":\"search_term_string\"}}],\"inLanguage\":\"en-US\"},{\"@type\":\"Organization\",\"@id\":\"https:\\\/\\\/www.mexicanguitarplayers.com\\\/#organization\",\"name\":\"Mexican Guitar Players\",\"url\":\"https:\\\/\\\/www.mexicanguitarplayers.com\\\/\",\"logo\":{\"@type\":\"ImageObject\",\"inLanguage\":\"en-US\",\"@id\":\"https:\\\/\\\/www.mexicanguitarplayers.com\\\/#\\\/schema\\\/logo\\\/image\\\/\",\"url\":\"\",\"contentUrl\":\"\",\"caption\":\"Mexican Guitar Players\"},\"image\":{\"@id\":\"https:\\\/\\\/www.mexicanguitarplayers.com\\\/#\\\/schema\\\/logo\\\/image\\\/\"}}]}<\/script>\n<!-- \/ Yoast SEO plugin. -->","yoast_head_json":{"title":"SAXOFON MAXIMA TENOR   MOD. KFTS-100SG - Mexican Guitar Players","description":"Saxofon Tenor Maxima, tono Bb, superficie de laca dorada en material de lat\u00f3n. Incluye funda de transporte, correa para el cuello, pa\u00f1o y varilla de limpieza, guantes blancos y 1 pieza de ca\u00f1a.","robots":{"index":"index","follow":"follow","max-snippet":"max-snippet:-1","max-image-preview":"max-image-preview:large","max-video-preview":"max-video-preview:-1"},"canonical":"https:\/\/www.mexicanguitarplayers.com\/en\/tienda\/sin categor\u00eda\/saxofon-maxima-tenor-mod-kfts-100sg\/","og_locale":"en_US","og_type":"article","og_title":"SAXOFON MAXIMA TENOR   MOD. KFTS-100SG - Mexican Guitar Players","og_description":"Saxofon Tenor Maxima, tono Bb, superficie de laca dorada en material de lat\u00f3n. Incluye funda de transporte, correa para el cuello, pa\u00f1o y varilla de limpieza, guantes blancos y 1 pieza de ca\u00f1a.","og_url":"https:\/\/www.mexicanguitarplayers.com\/en\/tienda\/sin categor\u00eda\/saxofon-maxima-tenor-mod-kfts-100sg\/","og_site_name":"Mexican Guitar Players","article_modified_time":"2026-04-10T10:24:00+00:00","twitter_card":"summary_large_image","schema":{"@context":"https:\/\/schema.org","@graph":[{"@type":["WebPage","ItemPage"],"@id":"https:\/\/www.mexicanguitarplayers.com\/tienda\/sin categor\u00eda\/saxofon-maxima-tenor-mod-kfts-100sg\/","url":"https:\/\/www.mexicanguitarplayers.com\/tienda\/sin categor\u00eda\/saxofon-maxima-tenor-mod-kfts-100sg\/","name":"SAXOFON MAXIMA TENOR MOD. KFTS-100SG - Mexican Guitar Players","isPartOf":{"@id":"https:\/\/www.mexicanguitarplayers.com\/#website"},"primaryImageOfPage":{"@id":"https:\/\/www.mexicanguitarplayers.com\/tienda\/sin categor\u00eda\/saxofon-maxima-tenor-mod-kfts-100sg\/#primaryimage"},"image":{"@id":"https:\/\/www.mexicanguitarplayers.com\/tienda\/sin categor\u00eda\/saxofon-maxima-tenor-mod-kfts-100sg\/#primaryimage"},"thumbnailUrl":"https:\/\/www.mexicanguitarplayers.com\/wp-content\/uploads\/2025\/04\/IVMAXKFTS100SG.jpg","datePublished":"2025-04-09T11:52:35+00:00","dateModified":"2026-04-10T10:24:00+00:00","description":"Saxofon Tenor Maxima, tono Bb, superficie de laca dorada en material de lat\u00f3n. Incluye funda de transporte, correa para el cuello, pa\u00f1o y varilla de limpieza, guantes blancos y 1 pieza de ca\u00f1a.","breadcrumb":{"@id":"https:\/\/www.mexicanguitarplayers.com\/tienda\/sin categor\u00eda\/saxofon-maxima-tenor-mod-kfts-100sg\/#breadcrumb"},"inLanguage":"en-US","potentialAction":[{"@type":"ReadAction","target":["https:\/\/www.mexicanguitarplayers.com\/tienda\/sin categor\u00eda\/saxofon-maxima-tenor-mod-kfts-100sg\/"]}]},{"@type":"ImageObject","inLanguage":"en-US","@id":"https:\/\/www.mexicanguitarplayers.com\/tienda\/sin categor\u00eda\/saxofon-maxima-tenor-mod-kfts-100sg\/#primaryimage","url":"https:\/\/www.mexicanguitarplayers.com\/wp-content\/uploads\/2025\/04\/IVMAXKFTS100SG.jpg","contentUrl":"https:\/\/www.mexicanguitarplayers.com\/wp-content\/uploads\/2025\/04\/IVMAXKFTS100SG.jpg","width":800,"height":1600},{"@type":"BreadcrumbList","@id":"https:\/\/www.mexicanguitarplayers.com\/tienda\/sin categor\u00eda\/saxofon-maxima-tenor-mod-kfts-100sg\/#breadcrumb","itemListElement":[{"@type":"ListItem","position":1,"name":"Portada","item":"https:\/\/www.mexicanguitarplayers.com\/"},{"@type":"ListItem","position":2,"name":"Tienda","item":"https:\/\/www.mexicanguitarplayers.com\/tienda\/"},{"@type":"ListItem","position":3,"name":"SAXOFON MAXIMA TENOR MOD. KFTS-100SG"}]},{"@type":"WebSite","@id":"https:\/\/www.mexicanguitarplayers.com\/#website","url":"https:\/\/www.mexicanguitarplayers.com\/","name":"Mexican Guitar Players","description":"Website","publisher":{"@id":"https:\/\/www.mexicanguitarplayers.com\/#organization"},"potentialAction":[{"@type":"SearchAction","target":{"@type":"EntryPoint","urlTemplate":"https:\/\/www.mexicanguitarplayers.com\/?s={search_term_string}"},"query-input":{"@type":"PropertyValueSpecification","valueRequired":true,"valueName":"search_term_string"}}],"inLanguage":"en-US"},{"@type":"Organization","@id":"https:\/\/www.mexicanguitarplayers.com\/#organization","name":"Mexican Guitar Players","url":"https:\/\/www.mexicanguitarplayers.com\/","logo":{"@type":"ImageObject","inLanguage":"en-US","@id":"https:\/\/www.mexicanguitarplayers.com\/#\/schema\/logo\/image\/","url":"","contentUrl":"","caption":"Mexican Guitar Players"},"image":{"@id":"https:\/\/www.mexicanguitarplayers.com\/#\/schema\/logo\/image\/"}}]}},"brands":[{"id":288,"name":"MAXIMUM","slug":"maxima"}],"_links":{"self":[{"href":"https:\/\/www.mexicanguitarplayers.com\/en\/wp-json\/wp\/v2\/product\/37797","targetHints":{"allow":["GET"]}}],"collection":[{"href":"https:\/\/www.mexicanguitarplayers.com\/en\/wp-json\/wp\/v2\/product"}],"about":[{"href":"https:\/\/www.mexicanguitarplayers.com\/en\/wp-json\/wp\/v2\/types\/product"}],"replies":[{"embeddable":true,"href":"https:\/\/www.mexicanguitarplayers.com\/en\/wp-json\/wp\/v2\/comments?post=37797"}],"wp:featuredmedia":[{"embeddable":true,"href":"https:\/\/www.mexicanguitarplayers.com\/en\/wp-json\/wp\/v2\/media\/37789"}],"wp:attachment":[{"href":"https:\/\/www.mexicanguitarplayers.com\/en\/wp-json\/wp\/v2\/media?parent=37797"}],"wp:term":[{"taxonomy":"pwb-brand","embeddable":true,"href":"https:\/\/www.mexicanguitarplayers.com\/en\/wp-json\/wp\/v2\/pwb-brand?post=37797"},{"taxonomy":"product_brand","embeddable":true,"href":"https:\/\/www.mexicanguitarplayers.com\/en\/wp-json\/wp\/v2\/product_brand?post=37797"},{"taxonomy":"product_cat","embeddable":true,"href":"https:\/\/www.mexicanguitarplayers.com\/en\/wp-json\/wp\/v2\/product_cat?post=37797"},{"taxonomy":"product_tag","embeddable":true,"href":"https:\/\/www.mexicanguitarplayers.com\/en\/wp-json\/wp\/v2\/product_tag?post=37797"}],"curies":[{"name":"wp","href":"https:\/\/api.w.org\/{rel}","templated":true}]}}