{"id":37819,"date":"2025-04-09T05:53:02","date_gmt":"2025-04-09T11:53:02","guid":{"rendered":"https:\/\/www.mexicanguitarplayers.com\/tienda\/sin categor\u00eda\/baqueton-vic-firth-mod-vkb2\/"},"modified":"2026-01-01T07:52:31","modified_gmt":"2026-01-01T13:52:31","slug":"baqueton-vic-firth-mod-vkb2","status":"publish","type":"product","link":"https:\/\/www.mexicanguitarplayers.com\/en\/tienda\/accesorios\/para-bateria\/baquetas\/baquetones\/baqueton-vic-firth-mod-vkb2\/","title":{"rendered":"BAQUETON VIC FIRTH   MOD. VKB2"},"content":{"rendered":"<div style=\"text-align: justify\">\n<div>\n<h3>Ideal para rockeros que buscan una articulaci\u00f3n definida.<\/h3>\n<\/div>\n<div>Este baquet\u00f3n de Vic Firth cuenta con una cabeza de arce duro que crea una claridad  s\u00faper r\u00edtmica. El peso de la bola ayuda a producir un sonido completo. Cuenta con una orientaci\u00f3n dual que ofrece sonidos m\u00faltiples y diversas opciones de toque.<\/div>\n<div>\n<h4>Characteristics<\/h4>\n<\/div>\n<div>\n<ul style=\"margin: 0px 0px 0px 25px\">\n<li style=\"list-style-type: circle;margin: 5px\">VicKick Beaters. <\/li>\n<li style=\"list-style-type: circle;margin: 5px\">Madera (Arce duro).<\/li>\n<li style=\"list-style-type: circle;margin: 5px\">Radial. <\/li>\n<li style=\"list-style-type: circle;margin: 5px\">Sonido completo. <\/li>\n<li style=\"list-style-type: circle;margin: 5px\">Ideal para rockeros. <\/li>\n<li style=\"list-style-type: circle;margin: 5px\">Longitud: 7 7\/8&#8243; pulgadas. <\/li>\n<li style=\"list-style-type: circle;margin: 5px\">Tama\u00f1o de la cabeza: 2&#8243; x 1 1\/2&#8243; pulgadas. <\/li>\n<\/ul>\n<\/div>\n<\/div>","protected":false},"excerpt":{"rendered":"<p>Baquet\u00f3n VicKick Beaters de madera, orientaci\u00f3n dual, radial, arce duro, sonido completo, ideal para rockeros, longitud: 7 7\/8\u201d pulgadas, tama\u00f1o de la cabeza: 2\u201d x 1 1\/2\u201d pulgadas, fabricadas en USA.&hellip; <a class=\"kt-excerpt-readmore more-link\" href=\"https:\/\/www.mexicanguitarplayers.com\/en\/tienda\/accesorios\/para-bateria\/baquetas\/baquetones\/baqueton-vic-firth-mod-vkb2\/\">Read more<\/a><\/p>","protected":false},"featured_media":37818,"comment_status":"open","ping_status":"closed","template":"","meta":{"kt_blocks_editor_width":""},"pwb-brand":[643],"product_brand":[],"product_cat":[85,446,447,306],"product_tag":[],"class_list":{"0":"post-37819","1":"product","2":"type-product","3":"status-publish","4":"has-post-thumbnail","6":"pwb-brand-vic-firth","7":"product_cat-accesorios","8":"product_cat-baquetas","9":"product_cat-baquetones","10":"product_cat-para-bateria","11":"product_shipping_class-0-5-kg","13":"first","14":"instock","15":"taxable","16":"shipping-taxable","17":"purchasable","18":"product-type-simple"},"yoast_head":"<!-- This site is optimized with the Yoast SEO plugin v27.3 - https:\/\/yoast.com\/product\/yoast-seo-wordpress\/ -->\n<title>BAQUETON VIC FIRTH  MOD. VKB2 - Mexican Guitar Players<\/title>\n<meta name=\"description\" content=\"Baquet\u00f3n VicKick Beaters de madera, orientaci\u00f3n dual, radial, arce duro, sonido completo, ideal para rockeros, longitud: 7 7\/8\u201d pulgadas, tama\u00f1o de la cabeza: 2\u201d x 1 1\/2\u201d pulgadas, fabricadas en USA.\" \/>\n<meta name=\"robots\" content=\"index, follow, max-snippet:-1, max-image-preview:large, max-video-preview:-1\" \/>\n<link rel=\"canonical\" href=\"https:\/\/www.mexicanguitarplayers.com\/en\/tienda\/sin%20categor\u00eda\/baqueton-vic-firth-mod-vkb2\/\" \/>\n<meta property=\"og:locale\" content=\"en_US\" \/>\n<meta property=\"og:type\" content=\"article\" \/>\n<meta property=\"og:title\" content=\"BAQUETON VIC FIRTH  MOD. VKB2 - Mexican Guitar Players\" \/>\n<meta property=\"og:description\" content=\"Baquet\u00f3n VicKick Beaters de madera, orientaci\u00f3n dual, radial, arce duro, sonido completo, ideal para rockeros, longitud: 7 7\/8\u201d pulgadas, tama\u00f1o de la cabeza: 2\u201d x 1 1\/2\u201d pulgadas, fabricadas en USA.\" \/>\n<meta property=\"og:url\" content=\"https:\/\/www.mexicanguitarplayers.com\/en\/tienda\/sin categor\u00eda\/baqueton-vic-firth-mod-vkb2\/\" \/>\n<meta property=\"og:site_name\" content=\"Mexican Guitar Players\" \/>\n<meta property=\"article:modified_time\" content=\"2026-01-01T13:52:31+00:00\" \/>\n<meta name=\"twitter:card\" content=\"summary_large_image\" \/>\n<script type=\"application\/ld+json\" class=\"yoast-schema-graph\">{\"@context\":\"https:\\\/\\\/schema.org\",\"@graph\":[{\"@type\":[\"WebPage\",\"ItemPage\"],\"@id\":\"https:\\\/\\\/www.mexicanguitarplayers.com\\\/tienda\\\/sin categor\u00eda\\\/baqueton-vic-firth-mod-vkb2\\\/\",\"url\":\"https:\\\/\\\/www.mexicanguitarplayers.com\\\/tienda\\\/sin categor\u00eda\\\/baqueton-vic-firth-mod-vkb2\\\/\",\"name\":\"BAQUETON VIC FIRTH MOD. VKB2 - Mexican Guitar Players\",\"isPartOf\":{\"@id\":\"https:\\\/\\\/www.mexicanguitarplayers.com\\\/#website\"},\"primaryImageOfPage\":{\"@id\":\"https:\\\/\\\/www.mexicanguitarplayers.com\\\/tienda\\\/sin categor\u00eda\\\/baqueton-vic-firth-mod-vkb2\\\/#primaryimage\"},\"image\":{\"@id\":\"https:\\\/\\\/www.mexicanguitarplayers.com\\\/tienda\\\/sin categor\u00eda\\\/baqueton-vic-firth-mod-vkb2\\\/#primaryimage\"},\"thumbnailUrl\":\"https:\\\/\\\/www.mexicanguitarplayers.com\\\/wp-content\\\/uploads\\\/2025\\\/04\\\/RAVICVKB2.jpg\",\"datePublished\":\"2025-04-09T11:53:02+00:00\",\"dateModified\":\"2026-01-01T13:52:31+00:00\",\"description\":\"Baquet\u00f3n VicKick Beaters de madera, orientaci\u00f3n dual, radial, arce duro, sonido completo, ideal para rockeros, longitud: 7 7\\\/8\u201d pulgadas, tama\u00f1o de la cabeza: 2\u201d x 1 1\\\/2\u201d pulgadas, fabricadas en USA.\",\"breadcrumb\":{\"@id\":\"https:\\\/\\\/www.mexicanguitarplayers.com\\\/tienda\\\/sin categor\u00eda\\\/baqueton-vic-firth-mod-vkb2\\\/#breadcrumb\"},\"inLanguage\":\"en-US\",\"potentialAction\":[{\"@type\":\"ReadAction\",\"target\":[\"https:\\\/\\\/www.mexicanguitarplayers.com\\\/tienda\\\/sin categor\u00eda\\\/baqueton-vic-firth-mod-vkb2\\\/\"]}]},{\"@type\":\"ImageObject\",\"inLanguage\":\"en-US\",\"@id\":\"https:\\\/\\\/www.mexicanguitarplayers.com\\\/tienda\\\/sin categor\u00eda\\\/baqueton-vic-firth-mod-vkb2\\\/#primaryimage\",\"url\":\"https:\\\/\\\/www.mexicanguitarplayers.com\\\/wp-content\\\/uploads\\\/2025\\\/04\\\/RAVICVKB2.jpg\",\"contentUrl\":\"https:\\\/\\\/www.mexicanguitarplayers.com\\\/wp-content\\\/uploads\\\/2025\\\/04\\\/RAVICVKB2.jpg\",\"width\":1600,\"height\":800},{\"@type\":\"BreadcrumbList\",\"@id\":\"https:\\\/\\\/www.mexicanguitarplayers.com\\\/tienda\\\/sin categor\u00eda\\\/baqueton-vic-firth-mod-vkb2\\\/#breadcrumb\",\"itemListElement\":[{\"@type\":\"ListItem\",\"position\":1,\"name\":\"Portada\",\"item\":\"https:\\\/\\\/www.mexicanguitarplayers.com\\\/\"},{\"@type\":\"ListItem\",\"position\":2,\"name\":\"Tienda\",\"item\":\"https:\\\/\\\/www.mexicanguitarplayers.com\\\/tienda\\\/\"},{\"@type\":\"ListItem\",\"position\":3,\"name\":\"BAQUETON VIC FIRTH MOD. VKB2\"}]},{\"@type\":\"WebSite\",\"@id\":\"https:\\\/\\\/www.mexicanguitarplayers.com\\\/#website\",\"url\":\"https:\\\/\\\/www.mexicanguitarplayers.com\\\/\",\"name\":\"Mexican Guitar Players\",\"description\":\"Website\",\"publisher\":{\"@id\":\"https:\\\/\\\/www.mexicanguitarplayers.com\\\/#organization\"},\"potentialAction\":[{\"@type\":\"SearchAction\",\"target\":{\"@type\":\"EntryPoint\",\"urlTemplate\":\"https:\\\/\\\/www.mexicanguitarplayers.com\\\/?s={search_term_string}\"},\"query-input\":{\"@type\":\"PropertyValueSpecification\",\"valueRequired\":true,\"valueName\":\"search_term_string\"}}],\"inLanguage\":\"en-US\"},{\"@type\":\"Organization\",\"@id\":\"https:\\\/\\\/www.mexicanguitarplayers.com\\\/#organization\",\"name\":\"Mexican Guitar Players\",\"url\":\"https:\\\/\\\/www.mexicanguitarplayers.com\\\/\",\"logo\":{\"@type\":\"ImageObject\",\"inLanguage\":\"en-US\",\"@id\":\"https:\\\/\\\/www.mexicanguitarplayers.com\\\/#\\\/schema\\\/logo\\\/image\\\/\",\"url\":\"\",\"contentUrl\":\"\",\"caption\":\"Mexican Guitar Players\"},\"image\":{\"@id\":\"https:\\\/\\\/www.mexicanguitarplayers.com\\\/#\\\/schema\\\/logo\\\/image\\\/\"}}]}<\/script>\n<!-- \/ Yoast SEO plugin. -->","yoast_head_json":{"title":"BAQUETON VIC FIRTH  MOD. VKB2 - Mexican Guitar Players","description":"Baquet\u00f3n VicKick Beaters de madera, orientaci\u00f3n dual, radial, arce duro, sonido completo, ideal para rockeros, longitud: 7 7\/8\u201d pulgadas, tama\u00f1o de la cabeza: 2\u201d x 1 1\/2\u201d pulgadas, fabricadas en USA.","robots":{"index":"index","follow":"follow","max-snippet":"max-snippet:-1","max-image-preview":"max-image-preview:large","max-video-preview":"max-video-preview:-1"},"canonical":"https:\/\/www.mexicanguitarplayers.com\/en\/tienda\/sin categor\u00eda\/baqueton-vic-firth-mod-vkb2\/","og_locale":"en_US","og_type":"article","og_title":"BAQUETON VIC FIRTH  MOD. VKB2 - Mexican Guitar Players","og_description":"Baquet\u00f3n VicKick Beaters de madera, orientaci\u00f3n dual, radial, arce duro, sonido completo, ideal para rockeros, longitud: 7 7\/8\u201d pulgadas, tama\u00f1o de la cabeza: 2\u201d x 1 1\/2\u201d pulgadas, fabricadas en USA.","og_url":"https:\/\/www.mexicanguitarplayers.com\/en\/tienda\/sin categor\u00eda\/baqueton-vic-firth-mod-vkb2\/","og_site_name":"Mexican Guitar Players","article_modified_time":"2026-01-01T13:52:31+00:00","twitter_card":"summary_large_image","schema":{"@context":"https:\/\/schema.org","@graph":[{"@type":["WebPage","ItemPage"],"@id":"https:\/\/www.mexicanguitarplayers.com\/tienda\/sin categor\u00eda\/baqueton-vic-firth-mod-vkb2\/","url":"https:\/\/www.mexicanguitarplayers.com\/tienda\/sin categor\u00eda\/baqueton-vic-firth-mod-vkb2\/","name":"BAQUETON VIC FIRTH MOD. VKB2 - Mexican Guitar Players","isPartOf":{"@id":"https:\/\/www.mexicanguitarplayers.com\/#website"},"primaryImageOfPage":{"@id":"https:\/\/www.mexicanguitarplayers.com\/tienda\/sin categor\u00eda\/baqueton-vic-firth-mod-vkb2\/#primaryimage"},"image":{"@id":"https:\/\/www.mexicanguitarplayers.com\/tienda\/sin categor\u00eda\/baqueton-vic-firth-mod-vkb2\/#primaryimage"},"thumbnailUrl":"https:\/\/www.mexicanguitarplayers.com\/wp-content\/uploads\/2025\/04\/RAVICVKB2.jpg","datePublished":"2025-04-09T11:53:02+00:00","dateModified":"2026-01-01T13:52:31+00:00","description":"Baquet\u00f3n VicKick Beaters de madera, orientaci\u00f3n dual, radial, arce duro, sonido completo, ideal para rockeros, longitud: 7 7\/8\u201d pulgadas, tama\u00f1o de la cabeza: 2\u201d x 1 1\/2\u201d pulgadas, fabricadas en USA.","breadcrumb":{"@id":"https:\/\/www.mexicanguitarplayers.com\/tienda\/sin categor\u00eda\/baqueton-vic-firth-mod-vkb2\/#breadcrumb"},"inLanguage":"en-US","potentialAction":[{"@type":"ReadAction","target":["https:\/\/www.mexicanguitarplayers.com\/tienda\/sin categor\u00eda\/baqueton-vic-firth-mod-vkb2\/"]}]},{"@type":"ImageObject","inLanguage":"en-US","@id":"https:\/\/www.mexicanguitarplayers.com\/tienda\/sin categor\u00eda\/baqueton-vic-firth-mod-vkb2\/#primaryimage","url":"https:\/\/www.mexicanguitarplayers.com\/wp-content\/uploads\/2025\/04\/RAVICVKB2.jpg","contentUrl":"https:\/\/www.mexicanguitarplayers.com\/wp-content\/uploads\/2025\/04\/RAVICVKB2.jpg","width":1600,"height":800},{"@type":"BreadcrumbList","@id":"https:\/\/www.mexicanguitarplayers.com\/tienda\/sin categor\u00eda\/baqueton-vic-firth-mod-vkb2\/#breadcrumb","itemListElement":[{"@type":"ListItem","position":1,"name":"Portada","item":"https:\/\/www.mexicanguitarplayers.com\/"},{"@type":"ListItem","position":2,"name":"Tienda","item":"https:\/\/www.mexicanguitarplayers.com\/tienda\/"},{"@type":"ListItem","position":3,"name":"BAQUETON VIC FIRTH MOD. VKB2"}]},{"@type":"WebSite","@id":"https:\/\/www.mexicanguitarplayers.com\/#website","url":"https:\/\/www.mexicanguitarplayers.com\/","name":"Mexican Guitar Players","description":"Website","publisher":{"@id":"https:\/\/www.mexicanguitarplayers.com\/#organization"},"potentialAction":[{"@type":"SearchAction","target":{"@type":"EntryPoint","urlTemplate":"https:\/\/www.mexicanguitarplayers.com\/?s={search_term_string}"},"query-input":{"@type":"PropertyValueSpecification","valueRequired":true,"valueName":"search_term_string"}}],"inLanguage":"en-US"},{"@type":"Organization","@id":"https:\/\/www.mexicanguitarplayers.com\/#organization","name":"Mexican Guitar Players","url":"https:\/\/www.mexicanguitarplayers.com\/","logo":{"@type":"ImageObject","inLanguage":"en-US","@id":"https:\/\/www.mexicanguitarplayers.com\/#\/schema\/logo\/image\/","url":"","contentUrl":"","caption":"Mexican Guitar Players"},"image":{"@id":"https:\/\/www.mexicanguitarplayers.com\/#\/schema\/logo\/image\/"}}]}},"brands":[{"id":643,"name":"VIC FIRTH","slug":"vic-firth"}],"_links":{"self":[{"href":"https:\/\/www.mexicanguitarplayers.com\/en\/wp-json\/wp\/v2\/product\/37819","targetHints":{"allow":["GET"]}}],"collection":[{"href":"https:\/\/www.mexicanguitarplayers.com\/en\/wp-json\/wp\/v2\/product"}],"about":[{"href":"https:\/\/www.mexicanguitarplayers.com\/en\/wp-json\/wp\/v2\/types\/product"}],"replies":[{"embeddable":true,"href":"https:\/\/www.mexicanguitarplayers.com\/en\/wp-json\/wp\/v2\/comments?post=37819"}],"wp:featuredmedia":[{"embeddable":true,"href":"https:\/\/www.mexicanguitarplayers.com\/en\/wp-json\/wp\/v2\/media\/37818"}],"wp:attachment":[{"href":"https:\/\/www.mexicanguitarplayers.com\/en\/wp-json\/wp\/v2\/media?parent=37819"}],"wp:term":[{"taxonomy":"pwb-brand","embeddable":true,"href":"https:\/\/www.mexicanguitarplayers.com\/en\/wp-json\/wp\/v2\/pwb-brand?post=37819"},{"taxonomy":"product_brand","embeddable":true,"href":"https:\/\/www.mexicanguitarplayers.com\/en\/wp-json\/wp\/v2\/product_brand?post=37819"},{"taxonomy":"product_cat","embeddable":true,"href":"https:\/\/www.mexicanguitarplayers.com\/en\/wp-json\/wp\/v2\/product_cat?post=37819"},{"taxonomy":"product_tag","embeddable":true,"href":"https:\/\/www.mexicanguitarplayers.com\/en\/wp-json\/wp\/v2\/product_tag?post=37819"}],"curies":[{"name":"wp","href":"https:\/\/api.w.org\/{rel}","templated":true}]}}