{"id":37824,"date":"2025-04-09T05:53:08","date_gmt":"2025-04-09T11:53:08","guid":{"rendered":"https:\/\/www.mexicanguitarplayers.com\/tienda\/sin categor\u00eda\/amplificador-behringer-p-audif-ha6000\/"},"modified":"2026-04-10T04:23:56","modified_gmt":"2026-04-10T10:23:56","slug":"amplificador-behringer-p-audif-ha6000","status":"publish","type":"product","link":"https:\/\/www.mexicanguitarplayers.com\/en\/tienda\/audio\/amplificadores-audio\/amplificadores-para-audifonos\/amplificador-behringer-p-audif-ha6000\/","title":{"rendered":"AMPLIFICADOR BEHRINGER P\/AUDIF HA6000"},"content":{"rendered":"<div style=\"text-align: justify\">\n<div>\n<h3>Controla tu propio volumen.<\/h3>\n<\/div>\n<div>Una mezcla articulada de aud\u00edfonos puede hacer toda la diferencia en el resultado de una sesi\u00f3n de grabaci\u00f3n. El POWERPLAY HA6000 de 6 canales cuenta con un rendimiento superior, funciones de ruteo y mezcla para adaptarse incluso al conjunto de o\u00eddos m\u00e1s exigente. Una entrada est\u00e9reo Aux en cada canal le permite a cada m\u00fasico balancear la se\u00f1al en directo con una segunda entrada, para una mezcla personalizada. Cuando una mezcla condicionada tiene que llegar a m\u00faltiples oyentes, el HA6000 la entrega con estilo. Todos juntos ya. El HA6000 ofrece 6 amplificadores de alta potencia que pueden manejar cargas de hasta 8 ohms. Cada amplificador cuenta con un ecualizador de 2 bandas, medidor de salida LED de 8 d\u00edgitos, switches Left y Right Mono y una entrada auxiliar est\u00e9reo \u00bc\u201d para mezclar cualquier instrumento o fuente de sonido y una salida jack \u00bc\u201d dedicada para aud\u00edfonos. La secci\u00f3n Main del HA6000 cuenta con un medidor LED de 8 d\u00edgitos, jack Direct In de \u00bc\u201d y perilla de nivel Master. Conexiones. En el panel posterior encontrar\u00e1s una salida adicional del \u00bc\u201d por canal. Esto significa que hasta 12 pares de aud\u00edfonos pueden escuchar las 6 mezclas al mismo tiempo. El panel posterior cuenta tambi\u00e9n con entradas y salidas \u00bc\u201d y XLR est\u00e9reo, por lo que puedes conectar m\u00faltiples unidades HA6000 para una capacidad de escucha a\u00fan mayor. Mientras tanto, los amplificadores operacionales HA6000 de ruido ultra bajo, brindan lo \u00faltimo en rendimiento rockero y audi\u00f3filo. Gran sonido, gran valor. Cuando una sesi\u00f3n de grabaci\u00f3n necesita que todas las cabezas y todos los o\u00eddos est\u00e9n en el mismo canal, el POWERPLAY HA6000 es esencial; y justamente es muy asequible. <\/div>\n<div>\n<h4>Quick look<\/h4>\n<\/div>\n<ul style=\"margin: 0px 0px 0px 25px\">\n<li style=\"list-style-type: circle;margin: 5px\">Audio inputs.<\/li>\n<li style=\"list-style-type: circle;margin: 5px\">Audio outputs.<\/li>\n<li style=\"list-style-type: circle;margin: 5px\">System Specifications.<\/li>\n<li style=\"list-style-type: circle;margin: 5px\">Controles de funci\u00f3n.<\/li>\n<li style=\"list-style-type: circle;margin: 5px\">Switches de funci\u00f3n.<\/li>\n<li style=\"list-style-type: circle;margin: 5px\">Indicadores.<\/li>\n<li style=\"list-style-type: circle;margin: 5px\">Energy.<\/li>\n<li style=\"list-style-type: circle;margin: 5px\">Dimensions.<\/li>\n<li style=\"list-style-type: circle;margin: 5px\">Weight.<\/li>\n<\/ul>\n<div>\n<div style=\"font-weight: bold\">Audio inputs.<\/div>\n<div>\n<p>MAIN IN: 2 x XLR, 2 x \u00bc\u201d TRS, servo balanceado. Impedancia: 40 kilo-ohms balanceado, 20 kilo-ohms desbalanceado. Nivel de entrada m\u00e1ximo: +22 dBu. CMMR: &gt;50 dB. AUX IN: 1 x \u00bc\u201d TRS, est\u00e9reo. Impedancia: 20 kilo-ohms. Nivel de entrada m\u00e1ximo: +22 dBu. DIRECT IN: 1 x \u00bc\u201d TRS, est\u00e9reo. Impedancia: 10 kilo-ohms.<\/p>\n<\/div>\n<div style=\"font-weight: bold\">Audio outputs.<\/div>\n<div>\n<p>MAIN OUT: 2 x XLR balanceado, 2 x \u00bc\u201d TRS balanceado. PHONES OUT: 6 x \u00bc\u201d TRS, est\u00e9reo. Nivel de salida m\u00e1ximo: +26 dBm @ 100 ohms \/ +19 dBm @ 8 ohms. Impedancia m\u00ednima: 8 ohms.<\/p>\n<\/div>\n<div style=\"font-weight: bold\">System Specifications.<\/div>\n<div>\n<p>Respuesta de frecuencia: 10 Hz a 90 kHz, \u00b13 dB. Relaci\u00f3n se\u00f1al a ruido: &gt;87 dB @ 0 dBu (22 Hz a 22 kHz). Rango din\u00e1mico: 101 dB (22 Hz a 22 kHz). Distorsi\u00f3n (THD): 0.007% tip. @ +4 dBu (1 kHz, Ganancia 1).<\/p>\n<\/div>\n<div style=\"font-weight: bold\">Controles de funci\u00f3n.<\/div>\n<div>\n<p>Nivel de entrada: Variable. Balance (por canal): Aux (Left) \/ Main (Right), Variable. Nivel de salida (por canal): Variable. Agudo: \u00b112 dB @ 12 kHz. Grave: 12 dB @ 80 Hz.<\/p>\n<\/div>\n<div style=\"font-weight: bold\">Switches de funci\u00f3n.<\/div>\n<div>\n<p>Mono L\/R: Seleccionable.<\/p>\n<\/div>\n<div style=\"font-weight: bold\">Indicadores.<\/div>\n<div>\n<p>Nivel de entrada: -30, -24, -18, -12, -6, -3, 0 dB, Clip. Nivel de salida: -30, -24, -18, -12, -6, -3, 0 dB, Clip.<\/p>\n<\/div>\n<div style=\"font-weight: bold\">Energy.<\/div>\n<div>\n<p>Fuente de alimentaci\u00f3n de modo conmutado: Autorango, 100-240V~, 50\/60 Hz. Consumo de energ\u00eda: 35 watts. Fusible: T1.25AL 250V. Conexi\u00f3n a energ\u00eda: Recept\u00e1culo IEC est\u00e1ndar.<\/p>\n<\/div>\n<div style=\"font-weight: bold\">Dimensions.<\/div>\n<div>\n<p>44 x 483 x 149 mm.<\/p>\n<\/div>\n<div style=\"font-weight: bold\">Weight.<\/div>\n<div>\n<p>2 kg.<\/p>\n<\/div>\n<\/div>\n<\/div>","protected":false},"excerpt":{"rendered":"<p>Amplificador de distribuci\u00f3n y mezcla de aud\u00edfonos, 6 secciones de alta potencia que te proporcionan hasta 6 mezclas est\u00e9reo con controles individuales de balance, para aplicaciones en estudio y escenario, calidad ultra s\u00f3nica compatible con todos los aud\u00edfonos, incluso a volumen m\u00e1ximo, cada entrada\/secci\u00f3n aux puede ser ajustada por separado para mejorar la mezcla personal, entrada Aux Est\u00e9reo para cada canal, ecualizador High y Low ultra musical en cada canal para una perfecta adaptaci\u00f3n del sonido, control de nivel de salida con medidor de preciso de salida LED de 8 d\u00edgitos por canal, switches individuales Left\/Right Mono en cada canal, un conector de salida TRS frontal y uno posterior por canal, conector directo de entrada en panel frontal para una f\u00e1cil conexi\u00f3n de cualquier fuente de sonido, salidas Main paralelas que permiten conectar varios amplificadores en cascada, entradas y salidas servo-balanceadas en conectores TRS \u00bc\u201d y XLR dorados, fuente de alimentaci\u00f3n conmutable \u201cPlanet Earth\u201d para una m\u00e1xima flexibilidad (10-240 V~), audio libre de ruido, respuesta transitoria superior y un bajo consumo de energ\u00eda, dimensiones: 44 x 483 x 149 mm, peso: 2 kg.&hellip; <a class=\"kt-excerpt-readmore more-link\" href=\"https:\/\/www.mexicanguitarplayers.com\/en\/tienda\/audio\/amplificadores-audio\/amplificadores-para-audifonos\/amplificador-behringer-p-audif-ha6000\/\">Read more<\/a><\/p>","protected":false},"featured_media":37820,"comment_status":"open","ping_status":"closed","template":"","meta":{"kt_blocks_editor_width":""},"pwb-brand":[171],"product_brand":[],"product_cat":[219,240,213],"product_tag":[],"class_list":{"0":"post-37824","1":"product","2":"type-product","3":"status-publish","4":"has-post-thumbnail","6":"pwb-brand-behringer","7":"product_cat-amplificadores-audio","8":"product_cat-amplificadores-para-audifonos","9":"product_cat-audio","10":"product_shipping_class-0-5-kg","12":"first","13":"outofstock","14":"taxable","15":"shipping-taxable","16":"purchasable","17":"product-type-simple"},"yoast_head":"<!-- This site is optimized with the Yoast SEO plugin v27.6 - https:\/\/yoast.com\/product\/yoast-seo-wordpress\/ -->\n<title>AMPLIFICADOR BEHRINGER P\/AUDIF HA6000 - Mexican Guitar Players<\/title>\n<meta name=\"description\" content=\"Amplificador de distribuci\u00f3n y mezcla de aud\u00edfonos, 6 secciones de alta potencia que te proporcionan hasta 6 mezclas est\u00e9reo con controles individuales de balance, para aplicaciones en estudio y escenario, calidad ultra s\u00f3nica compatible con todos los aud\u00edfonos, incluso a volumen m\u00e1ximo, cada entrada\/secci\u00f3n aux puede ser ajustada por separado para mejorar la mezcla personal, entrada Aux Est\u00e9reo para cada canal, ecualizador High y Low ultra musical en cada canal para una perfecta adaptaci\u00f3n del sonido, control de nivel de salida con medidor de preciso de salida LED de 8 d\u00edgitos por canal, switches individuales Left\/Right Mono en cada canal, un conector de salida TRS frontal y uno posterior por canal, conector directo de entrada en panel frontal para una f\u00e1cil conexi\u00f3n de cualquier fuente de sonido, salidas Main paralelas que permiten conectar varios amplificadores en cascada, entradas y salidas servo-balanceadas en conectores TRS \u00bc\u201d y XLR dorados, fuente de alimentaci\u00f3n conmutable \u201cPlanet Earth\u201d para una m\u00e1xima flexibilidad (10-240 V~), audio libre de ruido, respuesta transitoria superior y un bajo consumo de energ\u00eda, dimensiones: 44 x 483 x 149 mm, peso: 2 kg.\" \/>\n<meta name=\"robots\" content=\"index, follow, max-snippet:-1, max-image-preview:large, max-video-preview:-1\" \/>\n<link rel=\"canonical\" href=\"https:\/\/www.mexicanguitarplayers.com\/en\/tienda\/sin%20categor\u00eda\/amplificador-behringer-p-audif-ha6000\/\" \/>\n<meta property=\"og:locale\" content=\"en_US\" \/>\n<meta property=\"og:type\" content=\"article\" \/>\n<meta property=\"og:title\" content=\"AMPLIFICADOR BEHRINGER P\/AUDIF HA6000 - Mexican Guitar Players\" \/>\n<meta property=\"og:description\" content=\"Amplificador de distribuci\u00f3n y mezcla de aud\u00edfonos, 6 secciones de alta potencia que te proporcionan hasta 6 mezclas est\u00e9reo con controles individuales de balance, para aplicaciones en estudio y escenario, calidad ultra s\u00f3nica compatible con todos los aud\u00edfonos, incluso a volumen m\u00e1ximo, cada entrada\/secci\u00f3n aux puede ser ajustada por separado para mejorar la mezcla personal, entrada Aux Est\u00e9reo para cada canal, ecualizador High y Low ultra musical en cada canal para una perfecta adaptaci\u00f3n del sonido, control de nivel de salida con medidor de preciso de salida LED de 8 d\u00edgitos por canal, switches individuales Left\/Right Mono en cada canal, un conector de salida TRS frontal y uno posterior por canal, conector directo de entrada en panel frontal para una f\u00e1cil conexi\u00f3n de cualquier fuente de sonido, salidas Main paralelas que permiten conectar varios amplificadores en cascada, entradas y salidas servo-balanceadas en conectores TRS \u00bc\u201d y XLR dorados, fuente de alimentaci\u00f3n conmutable \u201cPlanet Earth\u201d para una m\u00e1xima flexibilidad (10-240 V~), audio libre de ruido, respuesta transitoria superior y un bajo consumo de energ\u00eda, dimensiones: 44 x 483 x 149 mm, peso: 2 kg.\" \/>\n<meta property=\"og:url\" content=\"https:\/\/www.mexicanguitarplayers.com\/en\/tienda\/sin categor\u00eda\/amplificador-behringer-p-audif-ha6000\/\" \/>\n<meta property=\"og:site_name\" content=\"Mexican Guitar Players\" \/>\n<meta property=\"article:modified_time\" content=\"2026-04-10T10:23:56+00:00\" \/>\n<meta name=\"twitter:card\" content=\"summary_large_image\" \/>\n<meta name=\"twitter:label1\" content=\"Est. reading time\" \/>\n\t<meta name=\"twitter:data1\" content=\"3 minutes\" \/>\n<script type=\"application\/ld+json\" class=\"yoast-schema-graph\">{\"@context\":\"https:\\\/\\\/schema.org\",\"@graph\":[{\"@type\":[\"WebPage\",\"ItemPage\"],\"@id\":\"https:\\\/\\\/www.mexicanguitarplayers.com\\\/tienda\\\/sin categor\u00eda\\\/amplificador-behringer-p-audif-ha6000\\\/\",\"url\":\"https:\\\/\\\/www.mexicanguitarplayers.com\\\/tienda\\\/sin categor\u00eda\\\/amplificador-behringer-p-audif-ha6000\\\/\",\"name\":\"AMPLIFICADOR BEHRINGER P\\\/AUDIF HA6000 - Mexican Guitar Players\",\"isPartOf\":{\"@id\":\"https:\\\/\\\/www.mexicanguitarplayers.com\\\/#website\"},\"primaryImageOfPage\":{\"@id\":\"https:\\\/\\\/www.mexicanguitarplayers.com\\\/tienda\\\/sin categor\u00eda\\\/amplificador-behringer-p-audif-ha6000\\\/#primaryimage\"},\"image\":{\"@id\":\"https:\\\/\\\/www.mexicanguitarplayers.com\\\/tienda\\\/sin categor\u00eda\\\/amplificador-behringer-p-audif-ha6000\\\/#primaryimage\"},\"thumbnailUrl\":\"https:\\\/\\\/www.mexicanguitarplayers.com\\\/wp-content\\\/uploads\\\/2025\\\/04\\\/IABEHHA6000.jpg\",\"datePublished\":\"2025-04-09T11:53:08+00:00\",\"dateModified\":\"2026-04-10T10:23:56+00:00\",\"description\":\"Amplificador de distribuci\u00f3n y mezcla de aud\u00edfonos, 6 secciones de alta potencia que te proporcionan hasta 6 mezclas est\u00e9reo con controles individuales de balance, para aplicaciones en estudio y escenario, calidad ultra s\u00f3nica compatible con todos los aud\u00edfonos, incluso a volumen m\u00e1ximo, cada entrada\\\/secci\u00f3n aux puede ser ajustada por separado para mejorar la mezcla personal, entrada Aux Est\u00e9reo para cada canal, ecualizador High y Low ultra musical en cada canal para una perfecta adaptaci\u00f3n del sonido, control de nivel de salida con medidor de preciso de salida LED de 8 d\u00edgitos por canal, switches individuales Left\\\/Right Mono en cada canal, un conector de salida TRS frontal y uno posterior por canal, conector directo de entrada en panel frontal para una f\u00e1cil conexi\u00f3n de cualquier fuente de sonido, salidas Main paralelas que permiten conectar varios amplificadores en cascada, entradas y salidas servo-balanceadas en conectores TRS \u00bc\u201d y XLR dorados, fuente de alimentaci\u00f3n conmutable \u201cPlanet Earth\u201d para una m\u00e1xima flexibilidad (10-240 V~), audio libre de ruido, respuesta transitoria superior y un bajo consumo de energ\u00eda, dimensiones: 44 x 483 x 149 mm, peso: 2 kg.\",\"breadcrumb\":{\"@id\":\"https:\\\/\\\/www.mexicanguitarplayers.com\\\/tienda\\\/sin categor\u00eda\\\/amplificador-behringer-p-audif-ha6000\\\/#breadcrumb\"},\"inLanguage\":\"en-US\",\"potentialAction\":[{\"@type\":\"ReadAction\",\"target\":[\"https:\\\/\\\/www.mexicanguitarplayers.com\\\/tienda\\\/sin categor\u00eda\\\/amplificador-behringer-p-audif-ha6000\\\/\"]}]},{\"@type\":\"ImageObject\",\"inLanguage\":\"en-US\",\"@id\":\"https:\\\/\\\/www.mexicanguitarplayers.com\\\/tienda\\\/sin categor\u00eda\\\/amplificador-behringer-p-audif-ha6000\\\/#primaryimage\",\"url\":\"https:\\\/\\\/www.mexicanguitarplayers.com\\\/wp-content\\\/uploads\\\/2025\\\/04\\\/IABEHHA6000.jpg\",\"contentUrl\":\"https:\\\/\\\/www.mexicanguitarplayers.com\\\/wp-content\\\/uploads\\\/2025\\\/04\\\/IABEHHA6000.jpg\",\"width\":1600,\"height\":800},{\"@type\":\"BreadcrumbList\",\"@id\":\"https:\\\/\\\/www.mexicanguitarplayers.com\\\/tienda\\\/sin categor\u00eda\\\/amplificador-behringer-p-audif-ha6000\\\/#breadcrumb\",\"itemListElement\":[{\"@type\":\"ListItem\",\"position\":1,\"name\":\"Portada\",\"item\":\"https:\\\/\\\/www.mexicanguitarplayers.com\\\/\"},{\"@type\":\"ListItem\",\"position\":2,\"name\":\"Tienda\",\"item\":\"https:\\\/\\\/www.mexicanguitarplayers.com\\\/tienda\\\/\"},{\"@type\":\"ListItem\",\"position\":3,\"name\":\"AMPLIFICADOR BEHRINGER P\\\/AUDIF HA6000\"}]},{\"@type\":\"WebSite\",\"@id\":\"https:\\\/\\\/www.mexicanguitarplayers.com\\\/#website\",\"url\":\"https:\\\/\\\/www.mexicanguitarplayers.com\\\/\",\"name\":\"Mexican Guitar Players\",\"description\":\"Website\",\"publisher\":{\"@id\":\"https:\\\/\\\/www.mexicanguitarplayers.com\\\/#organization\"},\"potentialAction\":[{\"@type\":\"SearchAction\",\"target\":{\"@type\":\"EntryPoint\",\"urlTemplate\":\"https:\\\/\\\/www.mexicanguitarplayers.com\\\/?s={search_term_string}\"},\"query-input\":{\"@type\":\"PropertyValueSpecification\",\"valueRequired\":true,\"valueName\":\"search_term_string\"}}],\"inLanguage\":\"en-US\"},{\"@type\":\"Organization\",\"@id\":\"https:\\\/\\\/www.mexicanguitarplayers.com\\\/#organization\",\"name\":\"Mexican Guitar Players\",\"url\":\"https:\\\/\\\/www.mexicanguitarplayers.com\\\/\",\"logo\":{\"@type\":\"ImageObject\",\"inLanguage\":\"en-US\",\"@id\":\"https:\\\/\\\/www.mexicanguitarplayers.com\\\/#\\\/schema\\\/logo\\\/image\\\/\",\"url\":\"\",\"contentUrl\":\"\",\"caption\":\"Mexican Guitar Players\"},\"image\":{\"@id\":\"https:\\\/\\\/www.mexicanguitarplayers.com\\\/#\\\/schema\\\/logo\\\/image\\\/\"}}]}<\/script>\n<!-- \/ Yoast SEO plugin. -->","yoast_head_json":{"title":"AMPLIFICADOR BEHRINGER P\/AUDIF HA6000 - Mexican Guitar Players","description":"Amplificador de distribuci\u00f3n y mezcla de aud\u00edfonos, 6 secciones de alta potencia que te proporcionan hasta 6 mezclas est\u00e9reo con controles individuales de balance, para aplicaciones en estudio y escenario, calidad ultra s\u00f3nica compatible con todos los aud\u00edfonos, incluso a volumen m\u00e1ximo, cada entrada\/secci\u00f3n aux puede ser ajustada por separado para mejorar la mezcla personal, entrada Aux Est\u00e9reo para cada canal, ecualizador High y Low ultra musical en cada canal para una perfecta adaptaci\u00f3n del sonido, control de nivel de salida con medidor de preciso de salida LED de 8 d\u00edgitos por canal, switches individuales Left\/Right Mono en cada canal, un conector de salida TRS frontal y uno posterior por canal, conector directo de entrada en panel frontal para una f\u00e1cil conexi\u00f3n de cualquier fuente de sonido, salidas Main paralelas que permiten conectar varios amplificadores en cascada, entradas y salidas servo-balanceadas en conectores TRS \u00bc\u201d y XLR dorados, fuente de alimentaci\u00f3n conmutable \u201cPlanet Earth\u201d para una m\u00e1xima flexibilidad (10-240 V~), audio libre de ruido, respuesta transitoria superior y un bajo consumo de energ\u00eda, dimensiones: 44 x 483 x 149 mm, peso: 2 kg.","robots":{"index":"index","follow":"follow","max-snippet":"max-snippet:-1","max-image-preview":"max-image-preview:large","max-video-preview":"max-video-preview:-1"},"canonical":"https:\/\/www.mexicanguitarplayers.com\/en\/tienda\/sin categor\u00eda\/amplificador-behringer-p-audif-ha6000\/","og_locale":"en_US","og_type":"article","og_title":"AMPLIFICADOR BEHRINGER P\/AUDIF HA6000 - Mexican Guitar Players","og_description":"Amplificador de distribuci\u00f3n y mezcla de aud\u00edfonos, 6 secciones de alta potencia que te proporcionan hasta 6 mezclas est\u00e9reo con controles individuales de balance, para aplicaciones en estudio y escenario, calidad ultra s\u00f3nica compatible con todos los aud\u00edfonos, incluso a volumen m\u00e1ximo, cada entrada\/secci\u00f3n aux puede ser ajustada por separado para mejorar la mezcla personal, entrada Aux Est\u00e9reo para cada canal, ecualizador High y Low ultra musical en cada canal para una perfecta adaptaci\u00f3n del sonido, control de nivel de salida con medidor de preciso de salida LED de 8 d\u00edgitos por canal, switches individuales Left\/Right Mono en cada canal, un conector de salida TRS frontal y uno posterior por canal, conector directo de entrada en panel frontal para una f\u00e1cil conexi\u00f3n de cualquier fuente de sonido, salidas Main paralelas que permiten conectar varios amplificadores en cascada, entradas y salidas servo-balanceadas en conectores TRS \u00bc\u201d y XLR dorados, fuente de alimentaci\u00f3n conmutable \u201cPlanet Earth\u201d para una m\u00e1xima flexibilidad (10-240 V~), audio libre de ruido, respuesta transitoria superior y un bajo consumo de energ\u00eda, dimensiones: 44 x 483 x 149 mm, peso: 2 kg.","og_url":"https:\/\/www.mexicanguitarplayers.com\/en\/tienda\/sin categor\u00eda\/amplificador-behringer-p-audif-ha6000\/","og_site_name":"Mexican Guitar Players","article_modified_time":"2026-04-10T10:23:56+00:00","twitter_card":"summary_large_image","twitter_misc":{"Est. reading time":"3 minutes"},"schema":{"@context":"https:\/\/schema.org","@graph":[{"@type":["WebPage","ItemPage"],"@id":"https:\/\/www.mexicanguitarplayers.com\/tienda\/sin categor\u00eda\/amplificador-behringer-p-audif-ha6000\/","url":"https:\/\/www.mexicanguitarplayers.com\/tienda\/sin categor\u00eda\/amplificador-behringer-p-audif-ha6000\/","name":"AMPLIFICADOR BEHRINGER P\/AUDIF HA6000 - Mexican Guitar Players","isPartOf":{"@id":"https:\/\/www.mexicanguitarplayers.com\/#website"},"primaryImageOfPage":{"@id":"https:\/\/www.mexicanguitarplayers.com\/tienda\/sin categor\u00eda\/amplificador-behringer-p-audif-ha6000\/#primaryimage"},"image":{"@id":"https:\/\/www.mexicanguitarplayers.com\/tienda\/sin categor\u00eda\/amplificador-behringer-p-audif-ha6000\/#primaryimage"},"thumbnailUrl":"https:\/\/www.mexicanguitarplayers.com\/wp-content\/uploads\/2025\/04\/IABEHHA6000.jpg","datePublished":"2025-04-09T11:53:08+00:00","dateModified":"2026-04-10T10:23:56+00:00","description":"Amplificador de distribuci\u00f3n y mezcla de aud\u00edfonos, 6 secciones de alta potencia que te proporcionan hasta 6 mezclas est\u00e9reo con controles individuales de balance, para aplicaciones en estudio y escenario, calidad ultra s\u00f3nica compatible con todos los aud\u00edfonos, incluso a volumen m\u00e1ximo, cada entrada\/secci\u00f3n aux puede ser ajustada por separado para mejorar la mezcla personal, entrada Aux Est\u00e9reo para cada canal, ecualizador High y Low ultra musical en cada canal para una perfecta adaptaci\u00f3n del sonido, control de nivel de salida con medidor de preciso de salida LED de 8 d\u00edgitos por canal, switches individuales Left\/Right Mono en cada canal, un conector de salida TRS frontal y uno posterior por canal, conector directo de entrada en panel frontal para una f\u00e1cil conexi\u00f3n de cualquier fuente de sonido, salidas Main paralelas que permiten conectar varios amplificadores en cascada, entradas y salidas servo-balanceadas en conectores TRS \u00bc\u201d y XLR dorados, fuente de alimentaci\u00f3n conmutable \u201cPlanet Earth\u201d para una m\u00e1xima flexibilidad (10-240 V~), audio libre de ruido, respuesta transitoria superior y un bajo consumo de energ\u00eda, dimensiones: 44 x 483 x 149 mm, peso: 2 kg.","breadcrumb":{"@id":"https:\/\/www.mexicanguitarplayers.com\/tienda\/sin categor\u00eda\/amplificador-behringer-p-audif-ha6000\/#breadcrumb"},"inLanguage":"en-US","potentialAction":[{"@type":"ReadAction","target":["https:\/\/www.mexicanguitarplayers.com\/tienda\/sin categor\u00eda\/amplificador-behringer-p-audif-ha6000\/"]}]},{"@type":"ImageObject","inLanguage":"en-US","@id":"https:\/\/www.mexicanguitarplayers.com\/tienda\/sin categor\u00eda\/amplificador-behringer-p-audif-ha6000\/#primaryimage","url":"https:\/\/www.mexicanguitarplayers.com\/wp-content\/uploads\/2025\/04\/IABEHHA6000.jpg","contentUrl":"https:\/\/www.mexicanguitarplayers.com\/wp-content\/uploads\/2025\/04\/IABEHHA6000.jpg","width":1600,"height":800},{"@type":"BreadcrumbList","@id":"https:\/\/www.mexicanguitarplayers.com\/tienda\/sin categor\u00eda\/amplificador-behringer-p-audif-ha6000\/#breadcrumb","itemListElement":[{"@type":"ListItem","position":1,"name":"Portada","item":"https:\/\/www.mexicanguitarplayers.com\/"},{"@type":"ListItem","position":2,"name":"Tienda","item":"https:\/\/www.mexicanguitarplayers.com\/tienda\/"},{"@type":"ListItem","position":3,"name":"AMPLIFICADOR BEHRINGER P\/AUDIF HA6000"}]},{"@type":"WebSite","@id":"https:\/\/www.mexicanguitarplayers.com\/#website","url":"https:\/\/www.mexicanguitarplayers.com\/","name":"Mexican Guitar Players","description":"Website","publisher":{"@id":"https:\/\/www.mexicanguitarplayers.com\/#organization"},"potentialAction":[{"@type":"SearchAction","target":{"@type":"EntryPoint","urlTemplate":"https:\/\/www.mexicanguitarplayers.com\/?s={search_term_string}"},"query-input":{"@type":"PropertyValueSpecification","valueRequired":true,"valueName":"search_term_string"}}],"inLanguage":"en-US"},{"@type":"Organization","@id":"https:\/\/www.mexicanguitarplayers.com\/#organization","name":"Mexican Guitar Players","url":"https:\/\/www.mexicanguitarplayers.com\/","logo":{"@type":"ImageObject","inLanguage":"en-US","@id":"https:\/\/www.mexicanguitarplayers.com\/#\/schema\/logo\/image\/","url":"","contentUrl":"","caption":"Mexican Guitar Players"},"image":{"@id":"https:\/\/www.mexicanguitarplayers.com\/#\/schema\/logo\/image\/"}}]}},"brands":[{"id":171,"name":"BEHRINGER","slug":"behringer"}],"_links":{"self":[{"href":"https:\/\/www.mexicanguitarplayers.com\/en\/wp-json\/wp\/v2\/product\/37824","targetHints":{"allow":["GET"]}}],"collection":[{"href":"https:\/\/www.mexicanguitarplayers.com\/en\/wp-json\/wp\/v2\/product"}],"about":[{"href":"https:\/\/www.mexicanguitarplayers.com\/en\/wp-json\/wp\/v2\/types\/product"}],"replies":[{"embeddable":true,"href":"https:\/\/www.mexicanguitarplayers.com\/en\/wp-json\/wp\/v2\/comments?post=37824"}],"wp:featuredmedia":[{"embeddable":true,"href":"https:\/\/www.mexicanguitarplayers.com\/en\/wp-json\/wp\/v2\/media\/37820"}],"wp:attachment":[{"href":"https:\/\/www.mexicanguitarplayers.com\/en\/wp-json\/wp\/v2\/media?parent=37824"}],"wp:term":[{"taxonomy":"pwb-brand","embeddable":true,"href":"https:\/\/www.mexicanguitarplayers.com\/en\/wp-json\/wp\/v2\/pwb-brand?post=37824"},{"taxonomy":"product_brand","embeddable":true,"href":"https:\/\/www.mexicanguitarplayers.com\/en\/wp-json\/wp\/v2\/product_brand?post=37824"},{"taxonomy":"product_cat","embeddable":true,"href":"https:\/\/www.mexicanguitarplayers.com\/en\/wp-json\/wp\/v2\/product_cat?post=37824"},{"taxonomy":"product_tag","embeddable":true,"href":"https:\/\/www.mexicanguitarplayers.com\/en\/wp-json\/wp\/v2\/product_tag?post=37824"}],"curies":[{"name":"wp","href":"https:\/\/api.w.org\/{rel}","templated":true}]}}