{"id":37847,"date":"2025-04-09T05:53:42","date_gmt":"2025-04-09T11:53:42","guid":{"rendered":"https:\/\/www.mexicanguitarplayers.com\/tienda\/sin categor\u00eda\/pedal-behringer-fcv100-v2-volumen-y-cont\/"},"modified":"2026-05-01T07:19:15","modified_gmt":"2026-05-01T13:19:15","slug":"pedal-behringer-fcv100-v2-volumen-y-cont","status":"publish","type":"product","link":"https:\/\/www.mexicanguitarplayers.com\/en\/tienda\/cuerdas\/efectos\/efectos-individuales\/pedal-behringer-fcv100-v2-volumen-y-cont\/","title":{"rendered":"PEDAL BEHRINGER FCV100 V2 VOLUMEN Y CONT"},"content":{"rendered":"<div style=\"text-align: justify\">\n<div>\n<h3>Expresi\u00f3n art\u00edstica para tu teclado.<\/h3>\n<\/div>\n<div>Consigue m\u00e1s ruido, m\u00e1s silencio o una gran modulaci\u00f3n con el este pedal controlador FCV100. Este vers\u00e1til pedal trabaja igual de bien que un pedal de volumen o de modulaci\u00f3n, pero sin atar tus manos o ralentizar tu rendimiento. El FCV100 puede acomodar dos instrumentos mono o uno est\u00e9reo a trav\u00e9s de sus jacks de entrada. Cambiando al modo Normal, el FCV100 es capaz de controlar el volumen de dos instrumentos individuales. En modo CV, el FCV100 puede controlar la modulaci\u00f3n y los niveles de volumen de otros instrumentos musicales, conectando la salida 2 a la entrada de volumen o modulaci\u00f3n del instrumento. En modo CV, cuando la salida 2 est\u00e1 en uso, la Entrada\/Salida 1 a\u00fan puede ser utilizada para controlar el volumen de otro instrumento, similar al modo Normal. Una vez que hayas determinado tu configuraci\u00f3n de conexi\u00f3n, simplemente presiona el pedal para aumentar el sonido y a continuaci\u00f3n mueve hacia atr\u00e1s el tal\u00f3n para disminuir el sonido. Girando el control Min Vol, puedes determinar el volumen m\u00ednimo que deseas alcanzar. Puedes alimentar este pedal con un adaptador de corriente de 12 V DC o con una pila de 9V (ninguna viene incluida).<\/div>\n<div>\n<h4>Quick look<\/h4>\n<\/div>\n<ul style=\"margin: 0px 0px 0px 25px\">\n<li style=\"list-style-type: circle;margin: 5px\">Entrada\/Salida.<\/li>\n<li style=\"list-style-type: circle;margin: 5px\">Nivel m\u00e1ximo de salida.<\/li>\n<li style=\"list-style-type: circle;margin: 5px\">Input impedance.<\/li>\n<li style=\"list-style-type: circle;margin: 5px\">Output impedance.<\/li>\n<li style=\"list-style-type: circle;margin: 5px\">Rango de atenuaci\u00f3n.<\/li>\n<li style=\"list-style-type: circle;margin: 5px\">Distorsi\u00f3n arm\u00f3nica total.<\/li>\n<li style=\"list-style-type: circle;margin: 5px\">Signal to noise ratio.<\/li>\n<li style=\"list-style-type: circle;margin: 5px\">Power supply.<\/li>\n<li style=\"list-style-type: circle;margin: 5px\">Drums.<\/li>\n<li style=\"list-style-type: circle;margin: 5px\">Energy consumption.<\/li>\n<li style=\"list-style-type: circle;margin: 5px\">Dimensions.<\/li>\n<li style=\"list-style-type: circle;margin: 5px\">Weight.<\/li>\n<\/ul>\n<div>\n<div style=\"font-weight: bold\">Entrada\/Salida.<\/div>\n<div>\n<p>Conectores TS 1\/4&#8243; desbalanceados.Tip: Tensi\u00f3n de alimentaci\u00f3n de la unidad\/instrumento a controlar (impedancia: 50 kohms).Ring: El voltaje de control del captador del deslizador depende de la posici\u00f3n del pedal (impedancia0&#8230;50 kohms).<\/p>\n<\/div>\n<div style=\"font-weight: bold\">Nivel m\u00e1ximo de salida.<\/div>\n<div>\n<p>2V (RMS).<\/p>\n<\/div>\n<div style=\"font-weight: bold\">Input impedance.<\/div>\n<div>\n<p>300 kohms.<\/p>\n<\/div>\n<div style=\"font-weight: bold\">Output impedance.<\/div>\n<div>\n<p>560 ohms.<\/p>\n<\/div>\n<div style=\"font-weight: bold\">Rango de atenuaci\u00f3n.<\/div>\n<div>\n<p>0 &#8211; 70 dB.<\/p>\n<\/div>\n<div style=\"font-weight: bold\">Distorsi\u00f3n arm\u00f3nica total.<\/div>\n<div>\n<p>0.04% (1 kHz @ 1V (RMS) salida.<\/p>\n<\/div>\n<div style=\"font-weight: bold\">Signal to noise ratio.<\/div>\n<div>\n<p>94 dB.<\/p>\n<\/div>\n<div style=\"font-weight: bold\">Power supply.<\/div>\n<div>\n<p>12V \/ &gt;10 mA DC adaptador de corriente.<\/p>\n<\/div>\n<div style=\"font-weight: bold\">Drums.<\/div>\n<div>\n<p>9V tipo 6LR91.<\/p>\n<\/div>\n<div style=\"font-weight: bold\">Energy consumption.<\/div>\n<div>\n<p>7 mA.<\/p>\n<\/div>\n<div style=\"font-weight: bold\">Dimensions.<\/div>\n<div>\n<p>113 x 248 x 117 mm.<\/p>\n<\/div>\n<div style=\"font-weight: bold\">Weight.<\/div>\n<div>\n<p>1.2 kg.<\/p>\n<\/div>\n<\/div>\n<\/div>","protected":false},"excerpt":{"rendered":"<p>Pedal ultra flexible de modo dual para control de volumen y modulaci\u00f3n, controlde volumen de 1 est\u00e9reo o 2 instrumentos musicales individuales, funci\u00f3n de modulaci\u00f3n dedicada para conexi\u00f3n directa a entrada de control de modulaci\u00f3n del teclado, control VCA para una m\u00e1xima confiabilidad y un buen rendimiento de audio,volumen m\u00ednimo ajustable, bater\u00eda est\u00e1ndar de 9V o adaptador 12 V DC (no incluidos), indicador de bater\u00eda baja, carcasa ultra compacta y adecuada para giras, entradas y salidas: TS 1\/4\u201d desbalanceados, dimensiones: 113 x 248 x 117 mm, peso: 1.2 kg.&hellip; <a class=\"kt-excerpt-readmore more-link\" href=\"https:\/\/www.mexicanguitarplayers.com\/en\/tienda\/cuerdas\/efectos\/efectos-individuales\/pedal-behringer-fcv100-v2-volumen-y-cont\/\">Read more<\/a><\/p>","protected":false},"featured_media":37843,"comment_status":"open","ping_status":"closed","template":"","meta":{"kt_blocks_editor_width":""},"pwb-brand":[171],"product_brand":[],"product_cat":[224,241,504],"product_tag":[],"class_list":{"0":"post-37847","1":"product","2":"type-product","3":"status-publish","4":"has-post-thumbnail","6":"pwb-brand-behringer","7":"product_cat-cuerdas","8":"product_cat-efectos","9":"product_cat-efectos-individuales","10":"product_shipping_class-0-5-kg","12":"first","13":"instock","14":"taxable","15":"shipping-taxable","16":"purchasable","17":"product-type-simple"},"yoast_head":"<!-- This site is optimized with the Yoast SEO plugin v27.6 - https:\/\/yoast.com\/product\/yoast-seo-wordpress\/ -->\n<title>PEDAL BEHRINGER FCV100 V2 VOLUMEN Y CONT - Mexican Guitar Players<\/title>\n<meta name=\"description\" content=\"Pedal ultra flexible de modo dual para control de volumen y modulaci\u00f3n, controlde volumen de 1 est\u00e9reo o 2 instrumentos musicales individuales, funci\u00f3n de modulaci\u00f3n dedicada para conexi\u00f3n directa a entrada de control de modulaci\u00f3n del teclado, control VCA para una m\u00e1xima confiabilidad y un buen rendimiento de audio,volumen m\u00ednimo ajustable, bater\u00eda est\u00e1ndar de 9V o adaptador 12 V DC (no incluidos), indicador de bater\u00eda baja, carcasa ultra compacta y adecuada para giras, entradas y salidas: TS 1\/4\u201d desbalanceados, dimensiones: 113 x 248 x 117 mm, peso: 1.2 kg.\" \/>\n<meta name=\"robots\" content=\"index, follow, max-snippet:-1, max-image-preview:large, max-video-preview:-1\" \/>\n<link rel=\"canonical\" href=\"https:\/\/www.mexicanguitarplayers.com\/en\/tienda\/sin%20categor\u00eda\/pedal-behringer-fcv100-v2-volumen-y-cont\/\" \/>\n<meta property=\"og:locale\" content=\"en_US\" \/>\n<meta property=\"og:type\" content=\"article\" \/>\n<meta property=\"og:title\" content=\"PEDAL BEHRINGER FCV100 V2 VOLUMEN Y CONT - Mexican Guitar Players\" \/>\n<meta property=\"og:description\" content=\"Pedal ultra flexible de modo dual para control de volumen y modulaci\u00f3n, controlde volumen de 1 est\u00e9reo o 2 instrumentos musicales individuales, funci\u00f3n de modulaci\u00f3n dedicada para conexi\u00f3n directa a entrada de control de modulaci\u00f3n del teclado, control VCA para una m\u00e1xima confiabilidad y un buen rendimiento de audio,volumen m\u00ednimo ajustable, bater\u00eda est\u00e1ndar de 9V o adaptador 12 V DC (no incluidos), indicador de bater\u00eda baja, carcasa ultra compacta y adecuada para giras, entradas y salidas: TS 1\/4\u201d desbalanceados, dimensiones: 113 x 248 x 117 mm, peso: 1.2 kg.\" \/>\n<meta property=\"og:url\" content=\"https:\/\/www.mexicanguitarplayers.com\/en\/tienda\/sin categor\u00eda\/pedal-behringer-fcv100-v2-volumen-y-cont\/\" \/>\n<meta property=\"og:site_name\" content=\"Mexican Guitar Players\" \/>\n<meta property=\"article:modified_time\" content=\"2026-05-01T13:19:15+00:00\" \/>\n<meta name=\"twitter:card\" content=\"summary_large_image\" \/>\n<meta name=\"twitter:label1\" content=\"Est. reading time\" \/>\n\t<meta name=\"twitter:data1\" content=\"2 minutes\" \/>\n<script type=\"application\/ld+json\" class=\"yoast-schema-graph\">{\"@context\":\"https:\\\/\\\/schema.org\",\"@graph\":[{\"@type\":[\"WebPage\",\"ItemPage\"],\"@id\":\"https:\\\/\\\/www.mexicanguitarplayers.com\\\/tienda\\\/sin categor\u00eda\\\/pedal-behringer-fcv100-v2-volumen-y-cont\\\/\",\"url\":\"https:\\\/\\\/www.mexicanguitarplayers.com\\\/tienda\\\/sin categor\u00eda\\\/pedal-behringer-fcv100-v2-volumen-y-cont\\\/\",\"name\":\"PEDAL BEHRINGER FCV100 V2 VOLUMEN Y CONT - Mexican Guitar Players\",\"isPartOf\":{\"@id\":\"https:\\\/\\\/www.mexicanguitarplayers.com\\\/#website\"},\"primaryImageOfPage\":{\"@id\":\"https:\\\/\\\/www.mexicanguitarplayers.com\\\/tienda\\\/sin categor\u00eda\\\/pedal-behringer-fcv100-v2-volumen-y-cont\\\/#primaryimage\"},\"image\":{\"@id\":\"https:\\\/\\\/www.mexicanguitarplayers.com\\\/tienda\\\/sin categor\u00eda\\\/pedal-behringer-fcv100-v2-volumen-y-cont\\\/#primaryimage\"},\"thumbnailUrl\":\"https:\\\/\\\/www.mexicanguitarplayers.com\\\/wp-content\\\/uploads\\\/2025\\\/04\\\/VABEHFCV100V2.jpg\",\"datePublished\":\"2025-04-09T11:53:42+00:00\",\"dateModified\":\"2026-05-01T13:19:15+00:00\",\"description\":\"Pedal ultra flexible de modo dual para control de volumen y modulaci\u00f3n, controlde volumen de 1 est\u00e9reo o 2 instrumentos musicales individuales, funci\u00f3n de modulaci\u00f3n dedicada para conexi\u00f3n directa a entrada de control de modulaci\u00f3n del teclado, control VCA para una m\u00e1xima confiabilidad y un buen rendimiento de audio,volumen m\u00ednimo ajustable, bater\u00eda est\u00e1ndar de 9V o adaptador 12 V DC (no incluidos), indicador de bater\u00eda baja, carcasa ultra compacta y adecuada para giras, entradas y salidas: TS 1\\\/4\u201d desbalanceados, dimensiones: 113 x 248 x 117 mm, peso: 1.2 kg.\",\"breadcrumb\":{\"@id\":\"https:\\\/\\\/www.mexicanguitarplayers.com\\\/tienda\\\/sin categor\u00eda\\\/pedal-behringer-fcv100-v2-volumen-y-cont\\\/#breadcrumb\"},\"inLanguage\":\"en-US\",\"potentialAction\":[{\"@type\":\"ReadAction\",\"target\":[\"https:\\\/\\\/www.mexicanguitarplayers.com\\\/tienda\\\/sin categor\u00eda\\\/pedal-behringer-fcv100-v2-volumen-y-cont\\\/\"]}]},{\"@type\":\"ImageObject\",\"inLanguage\":\"en-US\",\"@id\":\"https:\\\/\\\/www.mexicanguitarplayers.com\\\/tienda\\\/sin categor\u00eda\\\/pedal-behringer-fcv100-v2-volumen-y-cont\\\/#primaryimage\",\"url\":\"https:\\\/\\\/www.mexicanguitarplayers.com\\\/wp-content\\\/uploads\\\/2025\\\/04\\\/VABEHFCV100V2.jpg\",\"contentUrl\":\"https:\\\/\\\/www.mexicanguitarplayers.com\\\/wp-content\\\/uploads\\\/2025\\\/04\\\/VABEHFCV100V2.jpg\",\"width\":1200,\"height\":1200},{\"@type\":\"BreadcrumbList\",\"@id\":\"https:\\\/\\\/www.mexicanguitarplayers.com\\\/tienda\\\/sin categor\u00eda\\\/pedal-behringer-fcv100-v2-volumen-y-cont\\\/#breadcrumb\",\"itemListElement\":[{\"@type\":\"ListItem\",\"position\":1,\"name\":\"Portada\",\"item\":\"https:\\\/\\\/www.mexicanguitarplayers.com\\\/\"},{\"@type\":\"ListItem\",\"position\":2,\"name\":\"Tienda\",\"item\":\"https:\\\/\\\/www.mexicanguitarplayers.com\\\/tienda\\\/\"},{\"@type\":\"ListItem\",\"position\":3,\"name\":\"PEDAL BEHRINGER FCV100 V2 VOLUMEN Y CONT\"}]},{\"@type\":\"WebSite\",\"@id\":\"https:\\\/\\\/www.mexicanguitarplayers.com\\\/#website\",\"url\":\"https:\\\/\\\/www.mexicanguitarplayers.com\\\/\",\"name\":\"Mexican Guitar Players\",\"description\":\"Website\",\"publisher\":{\"@id\":\"https:\\\/\\\/www.mexicanguitarplayers.com\\\/#organization\"},\"potentialAction\":[{\"@type\":\"SearchAction\",\"target\":{\"@type\":\"EntryPoint\",\"urlTemplate\":\"https:\\\/\\\/www.mexicanguitarplayers.com\\\/?s={search_term_string}\"},\"query-input\":{\"@type\":\"PropertyValueSpecification\",\"valueRequired\":true,\"valueName\":\"search_term_string\"}}],\"inLanguage\":\"en-US\"},{\"@type\":\"Organization\",\"@id\":\"https:\\\/\\\/www.mexicanguitarplayers.com\\\/#organization\",\"name\":\"Mexican Guitar Players\",\"url\":\"https:\\\/\\\/www.mexicanguitarplayers.com\\\/\",\"logo\":{\"@type\":\"ImageObject\",\"inLanguage\":\"en-US\",\"@id\":\"https:\\\/\\\/www.mexicanguitarplayers.com\\\/#\\\/schema\\\/logo\\\/image\\\/\",\"url\":\"\",\"contentUrl\":\"\",\"caption\":\"Mexican Guitar Players\"},\"image\":{\"@id\":\"https:\\\/\\\/www.mexicanguitarplayers.com\\\/#\\\/schema\\\/logo\\\/image\\\/\"}}]}<\/script>\n<!-- \/ Yoast SEO plugin. -->","yoast_head_json":{"title":"PEDAL BEHRINGER FCV100 V2 VOLUMEN Y CONT - Mexican Guitar Players","description":"Pedal ultra flexible de modo dual para control de volumen y modulaci\u00f3n, controlde volumen de 1 est\u00e9reo o 2 instrumentos musicales individuales, funci\u00f3n de modulaci\u00f3n dedicada para conexi\u00f3n directa a entrada de control de modulaci\u00f3n del teclado, control VCA para una m\u00e1xima confiabilidad y un buen rendimiento de audio,volumen m\u00ednimo ajustable, bater\u00eda est\u00e1ndar de 9V o adaptador 12 V DC (no incluidos), indicador de bater\u00eda baja, carcasa ultra compacta y adecuada para giras, entradas y salidas: TS 1\/4\u201d desbalanceados, dimensiones: 113 x 248 x 117 mm, peso: 1.2 kg.","robots":{"index":"index","follow":"follow","max-snippet":"max-snippet:-1","max-image-preview":"max-image-preview:large","max-video-preview":"max-video-preview:-1"},"canonical":"https:\/\/www.mexicanguitarplayers.com\/en\/tienda\/sin categor\u00eda\/pedal-behringer-fcv100-v2-volumen-y-cont\/","og_locale":"en_US","og_type":"article","og_title":"PEDAL BEHRINGER FCV100 V2 VOLUMEN Y CONT - Mexican Guitar Players","og_description":"Pedal ultra flexible de modo dual para control de volumen y modulaci\u00f3n, controlde volumen de 1 est\u00e9reo o 2 instrumentos musicales individuales, funci\u00f3n de modulaci\u00f3n dedicada para conexi\u00f3n directa a entrada de control de modulaci\u00f3n del teclado, control VCA para una m\u00e1xima confiabilidad y un buen rendimiento de audio,volumen m\u00ednimo ajustable, bater\u00eda est\u00e1ndar de 9V o adaptador 12 V DC (no incluidos), indicador de bater\u00eda baja, carcasa ultra compacta y adecuada para giras, entradas y salidas: TS 1\/4\u201d desbalanceados, dimensiones: 113 x 248 x 117 mm, peso: 1.2 kg.","og_url":"https:\/\/www.mexicanguitarplayers.com\/en\/tienda\/sin categor\u00eda\/pedal-behringer-fcv100-v2-volumen-y-cont\/","og_site_name":"Mexican Guitar Players","article_modified_time":"2026-05-01T13:19:15+00:00","twitter_card":"summary_large_image","twitter_misc":{"Est. reading time":"2 minutes"},"schema":{"@context":"https:\/\/schema.org","@graph":[{"@type":["WebPage","ItemPage"],"@id":"https:\/\/www.mexicanguitarplayers.com\/tienda\/sin categor\u00eda\/pedal-behringer-fcv100-v2-volumen-y-cont\/","url":"https:\/\/www.mexicanguitarplayers.com\/tienda\/sin categor\u00eda\/pedal-behringer-fcv100-v2-volumen-y-cont\/","name":"PEDAL BEHRINGER FCV100 V2 VOLUMEN Y CONT - Mexican Guitar Players","isPartOf":{"@id":"https:\/\/www.mexicanguitarplayers.com\/#website"},"primaryImageOfPage":{"@id":"https:\/\/www.mexicanguitarplayers.com\/tienda\/sin categor\u00eda\/pedal-behringer-fcv100-v2-volumen-y-cont\/#primaryimage"},"image":{"@id":"https:\/\/www.mexicanguitarplayers.com\/tienda\/sin categor\u00eda\/pedal-behringer-fcv100-v2-volumen-y-cont\/#primaryimage"},"thumbnailUrl":"https:\/\/www.mexicanguitarplayers.com\/wp-content\/uploads\/2025\/04\/VABEHFCV100V2.jpg","datePublished":"2025-04-09T11:53:42+00:00","dateModified":"2026-05-01T13:19:15+00:00","description":"Pedal ultra flexible de modo dual para control de volumen y modulaci\u00f3n, controlde volumen de 1 est\u00e9reo o 2 instrumentos musicales individuales, funci\u00f3n de modulaci\u00f3n dedicada para conexi\u00f3n directa a entrada de control de modulaci\u00f3n del teclado, control VCA para una m\u00e1xima confiabilidad y un buen rendimiento de audio,volumen m\u00ednimo ajustable, bater\u00eda est\u00e1ndar de 9V o adaptador 12 V DC (no incluidos), indicador de bater\u00eda baja, carcasa ultra compacta y adecuada para giras, entradas y salidas: TS 1\/4\u201d desbalanceados, dimensiones: 113 x 248 x 117 mm, peso: 1.2 kg.","breadcrumb":{"@id":"https:\/\/www.mexicanguitarplayers.com\/tienda\/sin categor\u00eda\/pedal-behringer-fcv100-v2-volumen-y-cont\/#breadcrumb"},"inLanguage":"en-US","potentialAction":[{"@type":"ReadAction","target":["https:\/\/www.mexicanguitarplayers.com\/tienda\/sin categor\u00eda\/pedal-behringer-fcv100-v2-volumen-y-cont\/"]}]},{"@type":"ImageObject","inLanguage":"en-US","@id":"https:\/\/www.mexicanguitarplayers.com\/tienda\/sin categor\u00eda\/pedal-behringer-fcv100-v2-volumen-y-cont\/#primaryimage","url":"https:\/\/www.mexicanguitarplayers.com\/wp-content\/uploads\/2025\/04\/VABEHFCV100V2.jpg","contentUrl":"https:\/\/www.mexicanguitarplayers.com\/wp-content\/uploads\/2025\/04\/VABEHFCV100V2.jpg","width":1200,"height":1200},{"@type":"BreadcrumbList","@id":"https:\/\/www.mexicanguitarplayers.com\/tienda\/sin categor\u00eda\/pedal-behringer-fcv100-v2-volumen-y-cont\/#breadcrumb","itemListElement":[{"@type":"ListItem","position":1,"name":"Portada","item":"https:\/\/www.mexicanguitarplayers.com\/"},{"@type":"ListItem","position":2,"name":"Tienda","item":"https:\/\/www.mexicanguitarplayers.com\/tienda\/"},{"@type":"ListItem","position":3,"name":"PEDAL BEHRINGER FCV100 V2 VOLUMEN Y CONT"}]},{"@type":"WebSite","@id":"https:\/\/www.mexicanguitarplayers.com\/#website","url":"https:\/\/www.mexicanguitarplayers.com\/","name":"Mexican Guitar Players","description":"Website","publisher":{"@id":"https:\/\/www.mexicanguitarplayers.com\/#organization"},"potentialAction":[{"@type":"SearchAction","target":{"@type":"EntryPoint","urlTemplate":"https:\/\/www.mexicanguitarplayers.com\/?s={search_term_string}"},"query-input":{"@type":"PropertyValueSpecification","valueRequired":true,"valueName":"search_term_string"}}],"inLanguage":"en-US"},{"@type":"Organization","@id":"https:\/\/www.mexicanguitarplayers.com\/#organization","name":"Mexican Guitar Players","url":"https:\/\/www.mexicanguitarplayers.com\/","logo":{"@type":"ImageObject","inLanguage":"en-US","@id":"https:\/\/www.mexicanguitarplayers.com\/#\/schema\/logo\/image\/","url":"","contentUrl":"","caption":"Mexican Guitar Players"},"image":{"@id":"https:\/\/www.mexicanguitarplayers.com\/#\/schema\/logo\/image\/"}}]}},"brands":[{"id":171,"name":"BEHRINGER","slug":"behringer"}],"_links":{"self":[{"href":"https:\/\/www.mexicanguitarplayers.com\/en\/wp-json\/wp\/v2\/product\/37847","targetHints":{"allow":["GET"]}}],"collection":[{"href":"https:\/\/www.mexicanguitarplayers.com\/en\/wp-json\/wp\/v2\/product"}],"about":[{"href":"https:\/\/www.mexicanguitarplayers.com\/en\/wp-json\/wp\/v2\/types\/product"}],"replies":[{"embeddable":true,"href":"https:\/\/www.mexicanguitarplayers.com\/en\/wp-json\/wp\/v2\/comments?post=37847"}],"wp:featuredmedia":[{"embeddable":true,"href":"https:\/\/www.mexicanguitarplayers.com\/en\/wp-json\/wp\/v2\/media\/37843"}],"wp:attachment":[{"href":"https:\/\/www.mexicanguitarplayers.com\/en\/wp-json\/wp\/v2\/media?parent=37847"}],"wp:term":[{"taxonomy":"pwb-brand","embeddable":true,"href":"https:\/\/www.mexicanguitarplayers.com\/en\/wp-json\/wp\/v2\/pwb-brand?post=37847"},{"taxonomy":"product_brand","embeddable":true,"href":"https:\/\/www.mexicanguitarplayers.com\/en\/wp-json\/wp\/v2\/product_brand?post=37847"},{"taxonomy":"product_cat","embeddable":true,"href":"https:\/\/www.mexicanguitarplayers.com\/en\/wp-json\/wp\/v2\/product_cat?post=37847"},{"taxonomy":"product_tag","embeddable":true,"href":"https:\/\/www.mexicanguitarplayers.com\/en\/wp-json\/wp\/v2\/product_tag?post=37847"}],"curies":[{"name":"wp","href":"https:\/\/api.w.org\/{rel}","templated":true}]}}