{"id":37863,"date":"2025-04-09T05:54:04","date_gmt":"2025-04-09T11:54:04","guid":{"rendered":"https:\/\/www.mexicanguitarplayers.com\/tienda\/sin categor\u00eda\/caja-directa-a-r-t-mod-pdb4\/"},"modified":"2025-05-08T01:17:44","modified_gmt":"2025-05-08T07:17:44","slug":"caja-directa-a-r-t-mod-pdb4","status":"publish","type":"product","link":"https:\/\/www.mexicanguitarplayers.com\/en\/tienda\/accesorios\/para-audio\/cajas-directas\/caja-directa-a-r-t-mod-pdb4\/","title":{"rendered":"CAJA DIRECTA A.R.T. MOD. PDB4"},"content":{"rendered":"<div style=\"text-align: justify\">\n<div>\n<h3>PDB4 \u2013 Caja directa pasiva de 4 canales<\/h3>\n<\/div>\n<div>El PDB4 es una caja directa pasiva de cuatro canales que cuenta con cuatro cajas directas totalmente aisladas por transformador de calidad en un chasis de montaje en rack de 1U de 19 pulgadas. Las entradas y salidas de cada uno de los cuatro canales est\u00e1n aisladas para maximizar la separaci\u00f3n de canales. El aislamiento del transformador en cada salida ayuda a eliminar los bucles de tierra del sistema. Es una interfaz s\u00f3lida y apta para circular para conectar salidas de instrumentos musicales electr\u00f3nicos (u otras fuentes de audio) a las entradas balanceadas de consolas mezcladoras y otros productos de audio balanceado. El PDB4 tambi\u00e9n permite la conexi\u00f3n de una fuente de m\u00fasica a un amplificador de instrumentos mientras se conecta simult\u00e1neamente a un mezclador.<\/div>\n<div>\n<h4>Characteristics<\/h4>\n<\/div>\n<div>\n<ul style=\"margin: 0px 0px 0px 25px\">\n<li style=\"list-style-type: circle;margin: 5px\"> Respuesta frecuente<\/li>\n<li style=\"list-style-type: circle;margin: 5px\">Conexiones de entrada<\/li>\n<li style=\"list-style-type: circle;margin: 5px\">Conexiones de salida<\/li>\n<li style=\"list-style-type: circle;margin: 5px\">Input impedance<\/li>\n<li style=\"list-style-type: circle;margin: 5px\">Output impedance<\/li>\n<li style=\"list-style-type: circle;margin: 5px\">Ground Lift<\/li>\n<li style=\"list-style-type: circle;margin: 5px\">Atenuaci\u00f3n de entrada<\/li>\n<li style=\"list-style-type: circle;margin: 5px\">Tipo de chasis<\/li>\n<li style=\"list-style-type: circle;margin: 5px\">requerimientos de energ\u00eda<\/li>\n<li style=\"list-style-type: circle;margin: 5px\">Dimensions<\/li>\n<li style=\"list-style-type: circle;margin: 5px\">Weight<\/li>\n<\/ul>\n<\/div>\n<\/div>","protected":false},"excerpt":{"rendered":"<p>PDB4 es una caja directa pasiva de cuatro canales completamente aislados,  atenuaci\u00f3n de entrada conmutable (0dB, -20dB, -40dB). Entrada de l\u00ednea\/instrumento de 50 k ohmios, conector de enlace paralelo de 50 k ohmios, conector de salida XLR de 600 ohmios. Elevaci\u00f3n de tierra conmutable y chasis 1U de 19 pulgadas&hellip; <a class=\"kt-excerpt-readmore more-link\" href=\"https:\/\/www.mexicanguitarplayers.com\/en\/tienda\/accesorios\/para-audio\/cajas-directas\/caja-directa-a-r-t-mod-pdb4\/\">Read more<\/a><\/p>","protected":false},"featured_media":37858,"comment_status":"open","ping_status":"closed","template":"","meta":{"kt_blocks_editor_width":""},"pwb-brand":[531],"product_brand":[],"product_cat":[85,509,410],"product_tag":[],"class_list":{"0":"post-37863","1":"product","2":"type-product","3":"status-publish","4":"has-post-thumbnail","6":"pwb-brand-a-r-t","7":"product_cat-accesorios","8":"product_cat-cajas-directas","9":"product_cat-para-audio","10":"product_shipping_class-0-5-kg","12":"first","13":"outofstock","14":"taxable","15":"shipping-taxable","16":"purchasable","17":"product-type-simple"},"yoast_head":"<!-- This site is optimized with the Yoast SEO plugin v27.5 - https:\/\/yoast.com\/product\/yoast-seo-wordpress\/ -->\n<title>CAJA DIRECTA A.R.T. MOD. PDB4 - Mexican Guitar Players<\/title>\n<meta name=\"description\" content=\"PDB4 es una caja directa pasiva de cuatro canales completamente aislados, atenuaci\u00f3n de entrada conmutable (0dB, -20dB, -40dB). Entrada de l\u00ednea\/instrumento de 50 k ohmios, conector de enlace paralelo de 50 k ohmios, conector de salida XLR de 600 ohmios. Elevaci\u00f3n de tierra conmutable y chasis 1U de 19 pulgadas\" \/>\n<meta name=\"robots\" content=\"index, follow, max-snippet:-1, max-image-preview:large, max-video-preview:-1\" \/>\n<link rel=\"canonical\" href=\"https:\/\/www.mexicanguitarplayers.com\/en\/tienda\/sin%20categor\u00eda\/caja-directa-a-r-t-mod-pdb4\/\" \/>\n<meta property=\"og:locale\" content=\"en_US\" \/>\n<meta property=\"og:type\" content=\"article\" \/>\n<meta property=\"og:title\" content=\"CAJA DIRECTA A.R.T. MOD. PDB4 - Mexican Guitar Players\" \/>\n<meta property=\"og:description\" content=\"PDB4 es una caja directa pasiva de cuatro canales completamente aislados, atenuaci\u00f3n de entrada conmutable (0dB, -20dB, -40dB). Entrada de l\u00ednea\/instrumento de 50 k ohmios, conector de enlace paralelo de 50 k ohmios, conector de salida XLR de 600 ohmios. Elevaci\u00f3n de tierra conmutable y chasis 1U de 19 pulgadas\" \/>\n<meta property=\"og:url\" content=\"https:\/\/www.mexicanguitarplayers.com\/en\/tienda\/sin categor\u00eda\/caja-directa-a-r-t-mod-pdb4\/\" \/>\n<meta property=\"og:site_name\" content=\"Mexican Guitar Players\" \/>\n<meta property=\"article:modified_time\" content=\"2025-05-08T07:17:44+00:00\" \/>\n<meta name=\"twitter:card\" content=\"summary_large_image\" \/>\n<meta name=\"twitter:label1\" content=\"Est. reading time\" \/>\n\t<meta name=\"twitter:data1\" content=\"1 minute\" \/>\n<script type=\"application\/ld+json\" class=\"yoast-schema-graph\">{\"@context\":\"https:\\\/\\\/schema.org\",\"@graph\":[{\"@type\":[\"WebPage\",\"ItemPage\"],\"@id\":\"https:\\\/\\\/www.mexicanguitarplayers.com\\\/tienda\\\/sin categor\u00eda\\\/caja-directa-a-r-t-mod-pdb4\\\/\",\"url\":\"https:\\\/\\\/www.mexicanguitarplayers.com\\\/tienda\\\/sin categor\u00eda\\\/caja-directa-a-r-t-mod-pdb4\\\/\",\"name\":\"CAJA DIRECTA A.R.T. MOD. PDB4 - Mexican Guitar Players\",\"isPartOf\":{\"@id\":\"https:\\\/\\\/www.mexicanguitarplayers.com\\\/#website\"},\"primaryImageOfPage\":{\"@id\":\"https:\\\/\\\/www.mexicanguitarplayers.com\\\/tienda\\\/sin categor\u00eda\\\/caja-directa-a-r-t-mod-pdb4\\\/#primaryimage\"},\"image\":{\"@id\":\"https:\\\/\\\/www.mexicanguitarplayers.com\\\/tienda\\\/sin categor\u00eda\\\/caja-directa-a-r-t-mod-pdb4\\\/#primaryimage\"},\"thumbnailUrl\":\"https:\\\/\\\/www.mexicanguitarplayers.com\\\/wp-content\\\/uploads\\\/2025\\\/04\\\/VAARTPDB4.jpg\",\"datePublished\":\"2025-04-09T11:54:04+00:00\",\"dateModified\":\"2025-05-08T07:17:44+00:00\",\"description\":\"PDB4 es una caja directa pasiva de cuatro canales completamente aislados, atenuaci\u00f3n de entrada conmutable (0dB, -20dB, -40dB). Entrada de l\u00ednea\\\/instrumento de 50 k ohmios, conector de enlace paralelo de 50 k ohmios, conector de salida XLR de 600 ohmios. Elevaci\u00f3n de tierra conmutable y chasis 1U de 19 pulgadas\",\"breadcrumb\":{\"@id\":\"https:\\\/\\\/www.mexicanguitarplayers.com\\\/tienda\\\/sin categor\u00eda\\\/caja-directa-a-r-t-mod-pdb4\\\/#breadcrumb\"},\"inLanguage\":\"en-US\",\"potentialAction\":[{\"@type\":\"ReadAction\",\"target\":[\"https:\\\/\\\/www.mexicanguitarplayers.com\\\/tienda\\\/sin categor\u00eda\\\/caja-directa-a-r-t-mod-pdb4\\\/\"]}]},{\"@type\":\"ImageObject\",\"inLanguage\":\"en-US\",\"@id\":\"https:\\\/\\\/www.mexicanguitarplayers.com\\\/tienda\\\/sin categor\u00eda\\\/caja-directa-a-r-t-mod-pdb4\\\/#primaryimage\",\"url\":\"https:\\\/\\\/www.mexicanguitarplayers.com\\\/wp-content\\\/uploads\\\/2025\\\/04\\\/VAARTPDB4.jpg\",\"contentUrl\":\"https:\\\/\\\/www.mexicanguitarplayers.com\\\/wp-content\\\/uploads\\\/2025\\\/04\\\/VAARTPDB4.jpg\",\"width\":1600,\"height\":800},{\"@type\":\"BreadcrumbList\",\"@id\":\"https:\\\/\\\/www.mexicanguitarplayers.com\\\/tienda\\\/sin categor\u00eda\\\/caja-directa-a-r-t-mod-pdb4\\\/#breadcrumb\",\"itemListElement\":[{\"@type\":\"ListItem\",\"position\":1,\"name\":\"Portada\",\"item\":\"https:\\\/\\\/www.mexicanguitarplayers.com\\\/\"},{\"@type\":\"ListItem\",\"position\":2,\"name\":\"Tienda\",\"item\":\"https:\\\/\\\/www.mexicanguitarplayers.com\\\/tienda\\\/\"},{\"@type\":\"ListItem\",\"position\":3,\"name\":\"CAJA DIRECTA A.R.T. MOD. PDB4\"}]},{\"@type\":\"WebSite\",\"@id\":\"https:\\\/\\\/www.mexicanguitarplayers.com\\\/#website\",\"url\":\"https:\\\/\\\/www.mexicanguitarplayers.com\\\/\",\"name\":\"Mexican Guitar Players\",\"description\":\"Website\",\"publisher\":{\"@id\":\"https:\\\/\\\/www.mexicanguitarplayers.com\\\/#organization\"},\"potentialAction\":[{\"@type\":\"SearchAction\",\"target\":{\"@type\":\"EntryPoint\",\"urlTemplate\":\"https:\\\/\\\/www.mexicanguitarplayers.com\\\/?s={search_term_string}\"},\"query-input\":{\"@type\":\"PropertyValueSpecification\",\"valueRequired\":true,\"valueName\":\"search_term_string\"}}],\"inLanguage\":\"en-US\"},{\"@type\":\"Organization\",\"@id\":\"https:\\\/\\\/www.mexicanguitarplayers.com\\\/#organization\",\"name\":\"Mexican Guitar Players\",\"url\":\"https:\\\/\\\/www.mexicanguitarplayers.com\\\/\",\"logo\":{\"@type\":\"ImageObject\",\"inLanguage\":\"en-US\",\"@id\":\"https:\\\/\\\/www.mexicanguitarplayers.com\\\/#\\\/schema\\\/logo\\\/image\\\/\",\"url\":\"\",\"contentUrl\":\"\",\"caption\":\"Mexican Guitar Players\"},\"image\":{\"@id\":\"https:\\\/\\\/www.mexicanguitarplayers.com\\\/#\\\/schema\\\/logo\\\/image\\\/\"}}]}<\/script>\n<!-- \/ Yoast SEO plugin. -->","yoast_head_json":{"title":"CAJA DIRECTA A.R.T. MOD. PDB4 - Mexican Guitar Players","description":"PDB4 es una caja directa pasiva de cuatro canales completamente aislados, atenuaci\u00f3n de entrada conmutable (0dB, -20dB, -40dB). Entrada de l\u00ednea\/instrumento de 50 k ohmios, conector de enlace paralelo de 50 k ohmios, conector de salida XLR de 600 ohmios. Elevaci\u00f3n de tierra conmutable y chasis 1U de 19 pulgadas","robots":{"index":"index","follow":"follow","max-snippet":"max-snippet:-1","max-image-preview":"max-image-preview:large","max-video-preview":"max-video-preview:-1"},"canonical":"https:\/\/www.mexicanguitarplayers.com\/en\/tienda\/sin categor\u00eda\/caja-directa-a-r-t-mod-pdb4\/","og_locale":"en_US","og_type":"article","og_title":"CAJA DIRECTA A.R.T. MOD. PDB4 - Mexican Guitar Players","og_description":"PDB4 es una caja directa pasiva de cuatro canales completamente aislados, atenuaci\u00f3n de entrada conmutable (0dB, -20dB, -40dB). Entrada de l\u00ednea\/instrumento de 50 k ohmios, conector de enlace paralelo de 50 k ohmios, conector de salida XLR de 600 ohmios. Elevaci\u00f3n de tierra conmutable y chasis 1U de 19 pulgadas","og_url":"https:\/\/www.mexicanguitarplayers.com\/en\/tienda\/sin categor\u00eda\/caja-directa-a-r-t-mod-pdb4\/","og_site_name":"Mexican Guitar Players","article_modified_time":"2025-05-08T07:17:44+00:00","twitter_card":"summary_large_image","twitter_misc":{"Est. reading time":"1 minute"},"schema":{"@context":"https:\/\/schema.org","@graph":[{"@type":["WebPage","ItemPage"],"@id":"https:\/\/www.mexicanguitarplayers.com\/tienda\/sin categor\u00eda\/caja-directa-a-r-t-mod-pdb4\/","url":"https:\/\/www.mexicanguitarplayers.com\/tienda\/sin categor\u00eda\/caja-directa-a-r-t-mod-pdb4\/","name":"CAJA DIRECTA A.R.T. MOD. PDB4 - Mexican Guitar Players","isPartOf":{"@id":"https:\/\/www.mexicanguitarplayers.com\/#website"},"primaryImageOfPage":{"@id":"https:\/\/www.mexicanguitarplayers.com\/tienda\/sin categor\u00eda\/caja-directa-a-r-t-mod-pdb4\/#primaryimage"},"image":{"@id":"https:\/\/www.mexicanguitarplayers.com\/tienda\/sin categor\u00eda\/caja-directa-a-r-t-mod-pdb4\/#primaryimage"},"thumbnailUrl":"https:\/\/www.mexicanguitarplayers.com\/wp-content\/uploads\/2025\/04\/VAARTPDB4.jpg","datePublished":"2025-04-09T11:54:04+00:00","dateModified":"2025-05-08T07:17:44+00:00","description":"PDB4 es una caja directa pasiva de cuatro canales completamente aislados, atenuaci\u00f3n de entrada conmutable (0dB, -20dB, -40dB). Entrada de l\u00ednea\/instrumento de 50 k ohmios, conector de enlace paralelo de 50 k ohmios, conector de salida XLR de 600 ohmios. Elevaci\u00f3n de tierra conmutable y chasis 1U de 19 pulgadas","breadcrumb":{"@id":"https:\/\/www.mexicanguitarplayers.com\/tienda\/sin categor\u00eda\/caja-directa-a-r-t-mod-pdb4\/#breadcrumb"},"inLanguage":"en-US","potentialAction":[{"@type":"ReadAction","target":["https:\/\/www.mexicanguitarplayers.com\/tienda\/sin categor\u00eda\/caja-directa-a-r-t-mod-pdb4\/"]}]},{"@type":"ImageObject","inLanguage":"en-US","@id":"https:\/\/www.mexicanguitarplayers.com\/tienda\/sin categor\u00eda\/caja-directa-a-r-t-mod-pdb4\/#primaryimage","url":"https:\/\/www.mexicanguitarplayers.com\/wp-content\/uploads\/2025\/04\/VAARTPDB4.jpg","contentUrl":"https:\/\/www.mexicanguitarplayers.com\/wp-content\/uploads\/2025\/04\/VAARTPDB4.jpg","width":1600,"height":800},{"@type":"BreadcrumbList","@id":"https:\/\/www.mexicanguitarplayers.com\/tienda\/sin categor\u00eda\/caja-directa-a-r-t-mod-pdb4\/#breadcrumb","itemListElement":[{"@type":"ListItem","position":1,"name":"Portada","item":"https:\/\/www.mexicanguitarplayers.com\/"},{"@type":"ListItem","position":2,"name":"Tienda","item":"https:\/\/www.mexicanguitarplayers.com\/tienda\/"},{"@type":"ListItem","position":3,"name":"CAJA DIRECTA A.R.T. MOD. PDB4"}]},{"@type":"WebSite","@id":"https:\/\/www.mexicanguitarplayers.com\/#website","url":"https:\/\/www.mexicanguitarplayers.com\/","name":"Mexican Guitar Players","description":"Website","publisher":{"@id":"https:\/\/www.mexicanguitarplayers.com\/#organization"},"potentialAction":[{"@type":"SearchAction","target":{"@type":"EntryPoint","urlTemplate":"https:\/\/www.mexicanguitarplayers.com\/?s={search_term_string}"},"query-input":{"@type":"PropertyValueSpecification","valueRequired":true,"valueName":"search_term_string"}}],"inLanguage":"en-US"},{"@type":"Organization","@id":"https:\/\/www.mexicanguitarplayers.com\/#organization","name":"Mexican Guitar Players","url":"https:\/\/www.mexicanguitarplayers.com\/","logo":{"@type":"ImageObject","inLanguage":"en-US","@id":"https:\/\/www.mexicanguitarplayers.com\/#\/schema\/logo\/image\/","url":"","contentUrl":"","caption":"Mexican Guitar Players"},"image":{"@id":"https:\/\/www.mexicanguitarplayers.com\/#\/schema\/logo\/image\/"}}]}},"brands":[{"id":531,"name":"ART","slug":"a-r-t"}],"_links":{"self":[{"href":"https:\/\/www.mexicanguitarplayers.com\/en\/wp-json\/wp\/v2\/product\/37863","targetHints":{"allow":["GET"]}}],"collection":[{"href":"https:\/\/www.mexicanguitarplayers.com\/en\/wp-json\/wp\/v2\/product"}],"about":[{"href":"https:\/\/www.mexicanguitarplayers.com\/en\/wp-json\/wp\/v2\/types\/product"}],"replies":[{"embeddable":true,"href":"https:\/\/www.mexicanguitarplayers.com\/en\/wp-json\/wp\/v2\/comments?post=37863"}],"wp:featuredmedia":[{"embeddable":true,"href":"https:\/\/www.mexicanguitarplayers.com\/en\/wp-json\/wp\/v2\/media\/37858"}],"wp:attachment":[{"href":"https:\/\/www.mexicanguitarplayers.com\/en\/wp-json\/wp\/v2\/media?parent=37863"}],"wp:term":[{"taxonomy":"pwb-brand","embeddable":true,"href":"https:\/\/www.mexicanguitarplayers.com\/en\/wp-json\/wp\/v2\/pwb-brand?post=37863"},{"taxonomy":"product_brand","embeddable":true,"href":"https:\/\/www.mexicanguitarplayers.com\/en\/wp-json\/wp\/v2\/product_brand?post=37863"},{"taxonomy":"product_cat","embeddable":true,"href":"https:\/\/www.mexicanguitarplayers.com\/en\/wp-json\/wp\/v2\/product_cat?post=37863"},{"taxonomy":"product_tag","embeddable":true,"href":"https:\/\/www.mexicanguitarplayers.com\/en\/wp-json\/wp\/v2\/product_tag?post=37863"}],"curies":[{"name":"wp","href":"https:\/\/api.w.org\/{rel}","templated":true}]}}