{"id":37873,"date":"2025-04-09T05:54:19","date_gmt":"2025-04-09T11:54:19","guid":{"rendered":"https:\/\/www.mexicanguitarplayers.com\/tienda\/sin categor\u00eda\/microfono-boya-mod-by-pm700sp\/"},"modified":"2025-04-28T13:15:14","modified_gmt":"2025-04-28T19:15:14","slug":"microfono-boya-mod-by-pm700sp","status":"publish","type":"product","link":"https:\/\/www.mexicanguitarplayers.com\/en\/tienda\/audio\/microfonia\/microfonos-alambricos\/de-escritorio\/microfono-boya-mod-by-pm700sp\/","title":{"rendered":"MICROFONO BOYA MOD. BY-PM700SP"},"content":{"rendered":"<div style=\"text-align: justify\">\n<div>\n<h3>Un micr\u00f3fono adaptable a tu situaci\u00f3n.<\/h3>\n<\/div>\n<div>El BY-PM700SP de Boya es un micr\u00f3fono USB de condensador y es compatible con la mayor\u00eda de dispositivos iOs, Andriod y computadoras con Windows o Mac. Cuenta con una salida de aud\u00edfonos de 1\/8&#8243; (3.5 mm), una amplia respuesta de frecuencia y una resoluci\u00f3n de 24 bits\/48 kHz que hacen que este micr\u00f3fono sea adecuado para podcasts, software de reconocimiento de voz, grabaci\u00f3n de m\u00fasica y habla en general. Los patrones polares conmutables proporcionan patrones de captaci\u00f3n cardioide, bidireccional, omnidireccional y est\u00e9reo para permitirte elegir el patr\u00f3n m\u00e1s apropiado para tu situaci\u00f3n espec\u00edfica. Este micr\u00f3fono tiene una construcci\u00f3n duradera de resistente metal que incluye un soporte de escritorio en donde puedes ajustar el micr\u00f3fono en diversos \u00e1ngulos deseados, as\u00ed como la funcionalidad de plegar el micr\u00f3fono hacia abajo para guardarlo y transportarlo.<\/div>\n<div>\n<h4>Quick look<\/h4>\n<\/div>\n<ul style=\"margin: 0px 0px 0px 25px\">\n<li style=\"list-style-type: circle;margin: 5px\">Diafragma.<\/li>\n<li style=\"list-style-type: circle;margin: 5px\">Principio ac\u00fastico.<\/li>\n<li style=\"list-style-type: circle;margin: 5px\">Longitud de bits.<\/li>\n<li style=\"list-style-type: circle;margin: 5px\">Tasa de muestreo.<\/li>\n<li style=\"list-style-type: circle;margin: 5px\">Frequency response.<\/li>\n<li style=\"list-style-type: circle;margin: 5px\">Sensitivity.<\/li>\n<li style=\"list-style-type: circle;margin: 5px\">Signal to noise ratio.<\/li>\n<li style=\"list-style-type: circle;margin: 5px\">Departure.<\/li>\n<li style=\"list-style-type: circle;margin: 5px\">Connector<\/li>\n<li style=\"list-style-type: circle;margin: 5px\">Energy consumption.<\/li>\n<li style=\"list-style-type: circle;margin: 5px\">Longitud del cable.<\/li>\n<li style=\"list-style-type: circle;margin: 5px\">Dimensions.<\/li>\n<li style=\"list-style-type: circle;margin: 5px\">Weight.<\/li>\n<\/ul>\n<div>\n<div style=\"font-weight: bold\">Diafragma.<\/div>\n<div>\n<p>14 mm (0.55&#8243; pulgadas).<\/p>\n<\/div>\n<div style=\"font-weight: bold\">Principio ac\u00fastico.<\/div>\n<div>\n<p>Condensador prepolarizado.<\/p>\n<\/div>\n<div style=\"font-weight: bold\">Longitud de bits.<\/div>\n<div>\n<p>24 Bit.<\/p>\n<\/div>\n<div style=\"font-weight: bold\">Tasa de muestreo.<\/div>\n<div>\n<p>48 kHz.<\/p>\n<\/div>\n<div style=\"font-weight: bold\">Frequency response.<\/div>\n<div>\n<p>20 &#8211; 20,000 Hz.<\/p>\n<\/div>\n<div style=\"font-weight: bold\">Sensitivity.<\/div>\n<div>\n<p>-45 (\u00b13 dB, 0 dB=1V\/Pa @ 1 kHz).<\/p>\n<\/div>\n<div style=\"font-weight: bold\">Signal to noise ratio.<\/div>\n<div>\n<p>80 dB.<\/p>\n<\/div>\n<div style=\"font-weight: bold\">Departure.<\/div>\n<div>\n<p>Micro USB.<\/p>\n<\/div>\n<div style=\"font-weight: bold\">Connector<\/div>\n<div>\n<p>1) Apple Mfi Certified Lightning. 2) Type-C. 3) USB-A.<\/p>\n<\/div>\n<div style=\"font-weight: bold\">Energy consumption.<\/div>\n<div>\n<p>5V\/150 mA.<\/p>\n<\/div>\n<div style=\"font-weight: bold\">Longitud del cable.<\/div>\n<div>\n<p>1 m.<\/p>\n<\/div>\n<div style=\"font-weight: bold\">Dimensions.<\/div>\n<div>\n<p>112 x 108 x 200 mm (m\u00ednimo). 112 x 108 x 295 mm (m\u00e1ximo).<\/p>\n<\/div>\n<div style=\"font-weight: bold\">Weight.<\/div>\n<div>\n<p>1042 g.<\/p>\n<\/div>\n<\/div>\n<\/div>","protected":false},"excerpt":{"rendered":"<p>Micr\u00f3fono USB, dise\u00f1o de condensados prepolarizado, de triple c\u00e1psula, diafragma de 14 mm, resoluci\u00f3n de 24 bits \/ 48 kHz, no requiere drivers, control de volumen general, control de ganancia, funci\u00f3n de mute, conector USB tipo C, MFI Lighting Apple Certified,  conector de aud\u00edfonos para monitoreo de 3.5 mm, fabricado en resistente y duradero metal, ideal para podcasts, software de reconocimiento de voz, grabaci\u00f3n de m\u00fasica y habla en general, compatible con dispositivos iOs, Android, Mac y PC, dimensiones 112 x 108 x 295, peso: 1042 g.&hellip; <a class=\"kt-excerpt-readmore more-link\" href=\"https:\/\/www.mexicanguitarplayers.com\/en\/tienda\/audio\/microfonia\/microfonos-alambricos\/de-escritorio\/microfono-boya-mod-by-pm700sp\/\">Read more<\/a><\/p>","protected":false},"featured_media":37866,"comment_status":"open","ping_status":"closed","template":"","meta":{"kt_blocks_editor_width":""},"pwb-brand":[228],"product_brand":[],"product_cat":[213,217,214,215],"product_tag":[],"class_list":{"0":"post-37873","1":"product","2":"type-product","3":"status-publish","4":"has-post-thumbnail","6":"pwb-brand-boya","7":"product_cat-audio","8":"product_cat-de-escritorio","9":"product_cat-microfonia","10":"product_cat-microfonos-alambricos","11":"product_shipping_class-0-5-kg","13":"first","14":"outofstock","15":"taxable","16":"shipping-taxable","17":"purchasable","18":"product-type-simple"},"yoast_head":"<!-- This site is optimized with the Yoast SEO plugin v27.5 - https:\/\/yoast.com\/product\/yoast-seo-wordpress\/ -->\n<title>MICROFONO BOYA MOD. BY-PM700SP - Mexican Guitar Players<\/title>\n<meta name=\"description\" content=\"Micr\u00f3fono USB, dise\u00f1o de condensados prepolarizado, de triple c\u00e1psula, diafragma de 14 mm, resoluci\u00f3n de 24 bits \/ 48 kHz, no requiere drivers, control de volumen general, control de ganancia, funci\u00f3n de mute, conector USB tipo C, MFI Lighting Apple Certified, conector de aud\u00edfonos para monitoreo de 3.5 mm, fabricado en resistente y duradero metal, ideal para podcasts, software de reconocimiento de voz, grabaci\u00f3n de m\u00fasica y habla en general, compatible con dispositivos iOs, Android, Mac y PC, dimensiones 112 x 108 x 295, peso: 1042 g.\" \/>\n<meta name=\"robots\" content=\"index, follow, max-snippet:-1, max-image-preview:large, max-video-preview:-1\" \/>\n<link rel=\"canonical\" href=\"https:\/\/www.mexicanguitarplayers.com\/en\/tienda\/sin%20categor\u00eda\/microfono-boya-mod-by-pm700sp\/\" \/>\n<meta property=\"og:locale\" content=\"en_US\" \/>\n<meta property=\"og:type\" content=\"article\" \/>\n<meta property=\"og:title\" content=\"MICROFONO BOYA MOD. BY-PM700SP - Mexican Guitar Players\" \/>\n<meta property=\"og:description\" content=\"Micr\u00f3fono USB, dise\u00f1o de condensados prepolarizado, de triple c\u00e1psula, diafragma de 14 mm, resoluci\u00f3n de 24 bits \/ 48 kHz, no requiere drivers, control de volumen general, control de ganancia, funci\u00f3n de mute, conector USB tipo C, MFI Lighting Apple Certified, conector de aud\u00edfonos para monitoreo de 3.5 mm, fabricado en resistente y duradero metal, ideal para podcasts, software de reconocimiento de voz, grabaci\u00f3n de m\u00fasica y habla en general, compatible con dispositivos iOs, Android, Mac y PC, dimensiones 112 x 108 x 295, peso: 1042 g.\" \/>\n<meta property=\"og:url\" content=\"https:\/\/www.mexicanguitarplayers.com\/en\/tienda\/sin categor\u00eda\/microfono-boya-mod-by-pm700sp\/\" \/>\n<meta property=\"og:site_name\" content=\"Mexican Guitar Players\" \/>\n<meta property=\"article:modified_time\" content=\"2025-04-28T19:15:14+00:00\" \/>\n<meta name=\"twitter:card\" content=\"summary_large_image\" \/>\n<meta name=\"twitter:label1\" content=\"Est. reading time\" \/>\n\t<meta name=\"twitter:data1\" content=\"1 minute\" \/>\n<script type=\"application\/ld+json\" class=\"yoast-schema-graph\">{\"@context\":\"https:\\\/\\\/schema.org\",\"@graph\":[{\"@type\":[\"WebPage\",\"ItemPage\"],\"@id\":\"https:\\\/\\\/www.mexicanguitarplayers.com\\\/tienda\\\/sin categor\u00eda\\\/microfono-boya-mod-by-pm700sp\\\/\",\"url\":\"https:\\\/\\\/www.mexicanguitarplayers.com\\\/tienda\\\/sin categor\u00eda\\\/microfono-boya-mod-by-pm700sp\\\/\",\"name\":\"MICROFONO BOYA MOD. BY-PM700SP - Mexican Guitar Players\",\"isPartOf\":{\"@id\":\"https:\\\/\\\/www.mexicanguitarplayers.com\\\/#website\"},\"primaryImageOfPage\":{\"@id\":\"https:\\\/\\\/www.mexicanguitarplayers.com\\\/tienda\\\/sin categor\u00eda\\\/microfono-boya-mod-by-pm700sp\\\/#primaryimage\"},\"image\":{\"@id\":\"https:\\\/\\\/www.mexicanguitarplayers.com\\\/tienda\\\/sin categor\u00eda\\\/microfono-boya-mod-by-pm700sp\\\/#primaryimage\"},\"thumbnailUrl\":\"https:\\\/\\\/www.mexicanguitarplayers.com\\\/wp-content\\\/uploads\\\/2025\\\/04\\\/IABOYBYPM700SP.jpg\",\"datePublished\":\"2025-04-09T11:54:19+00:00\",\"dateModified\":\"2025-04-28T19:15:14+00:00\",\"description\":\"Micr\u00f3fono USB, dise\u00f1o de condensados prepolarizado, de triple c\u00e1psula, diafragma de 14 mm, resoluci\u00f3n de 24 bits \\\/ 48 kHz, no requiere drivers, control de volumen general, control de ganancia, funci\u00f3n de mute, conector USB tipo C, MFI Lighting Apple Certified, conector de aud\u00edfonos para monitoreo de 3.5 mm, fabricado en resistente y duradero metal, ideal para podcasts, software de reconocimiento de voz, grabaci\u00f3n de m\u00fasica y habla en general, compatible con dispositivos iOs, Android, Mac y PC, dimensiones 112 x 108 x 295, peso: 1042 g.\",\"breadcrumb\":{\"@id\":\"https:\\\/\\\/www.mexicanguitarplayers.com\\\/tienda\\\/sin categor\u00eda\\\/microfono-boya-mod-by-pm700sp\\\/#breadcrumb\"},\"inLanguage\":\"en-US\",\"potentialAction\":[{\"@type\":\"ReadAction\",\"target\":[\"https:\\\/\\\/www.mexicanguitarplayers.com\\\/tienda\\\/sin categor\u00eda\\\/microfono-boya-mod-by-pm700sp\\\/\"]}]},{\"@type\":\"ImageObject\",\"inLanguage\":\"en-US\",\"@id\":\"https:\\\/\\\/www.mexicanguitarplayers.com\\\/tienda\\\/sin categor\u00eda\\\/microfono-boya-mod-by-pm700sp\\\/#primaryimage\",\"url\":\"https:\\\/\\\/www.mexicanguitarplayers.com\\\/wp-content\\\/uploads\\\/2025\\\/04\\\/IABOYBYPM700SP.jpg\",\"contentUrl\":\"https:\\\/\\\/www.mexicanguitarplayers.com\\\/wp-content\\\/uploads\\\/2025\\\/04\\\/IABOYBYPM700SP.jpg\",\"width\":800,\"height\":1600},{\"@type\":\"BreadcrumbList\",\"@id\":\"https:\\\/\\\/www.mexicanguitarplayers.com\\\/tienda\\\/sin categor\u00eda\\\/microfono-boya-mod-by-pm700sp\\\/#breadcrumb\",\"itemListElement\":[{\"@type\":\"ListItem\",\"position\":1,\"name\":\"Portada\",\"item\":\"https:\\\/\\\/www.mexicanguitarplayers.com\\\/\"},{\"@type\":\"ListItem\",\"position\":2,\"name\":\"Tienda\",\"item\":\"https:\\\/\\\/www.mexicanguitarplayers.com\\\/tienda\\\/\"},{\"@type\":\"ListItem\",\"position\":3,\"name\":\"MICROFONO BOYA MOD. BY-PM700SP\"}]},{\"@type\":\"WebSite\",\"@id\":\"https:\\\/\\\/www.mexicanguitarplayers.com\\\/#website\",\"url\":\"https:\\\/\\\/www.mexicanguitarplayers.com\\\/\",\"name\":\"Mexican Guitar Players\",\"description\":\"Website\",\"publisher\":{\"@id\":\"https:\\\/\\\/www.mexicanguitarplayers.com\\\/#organization\"},\"potentialAction\":[{\"@type\":\"SearchAction\",\"target\":{\"@type\":\"EntryPoint\",\"urlTemplate\":\"https:\\\/\\\/www.mexicanguitarplayers.com\\\/?s={search_term_string}\"},\"query-input\":{\"@type\":\"PropertyValueSpecification\",\"valueRequired\":true,\"valueName\":\"search_term_string\"}}],\"inLanguage\":\"en-US\"},{\"@type\":\"Organization\",\"@id\":\"https:\\\/\\\/www.mexicanguitarplayers.com\\\/#organization\",\"name\":\"Mexican Guitar Players\",\"url\":\"https:\\\/\\\/www.mexicanguitarplayers.com\\\/\",\"logo\":{\"@type\":\"ImageObject\",\"inLanguage\":\"en-US\",\"@id\":\"https:\\\/\\\/www.mexicanguitarplayers.com\\\/#\\\/schema\\\/logo\\\/image\\\/\",\"url\":\"\",\"contentUrl\":\"\",\"caption\":\"Mexican Guitar Players\"},\"image\":{\"@id\":\"https:\\\/\\\/www.mexicanguitarplayers.com\\\/#\\\/schema\\\/logo\\\/image\\\/\"}}]}<\/script>\n<!-- \/ Yoast SEO plugin. -->","yoast_head_json":{"title":"MICROFONO BOYA MOD. BY-PM700SP - Mexican Guitar Players","description":"Micr\u00f3fono USB, dise\u00f1o de condensados prepolarizado, de triple c\u00e1psula, diafragma de 14 mm, resoluci\u00f3n de 24 bits \/ 48 kHz, no requiere drivers, control de volumen general, control de ganancia, funci\u00f3n de mute, conector USB tipo C, MFI Lighting Apple Certified, conector de aud\u00edfonos para monitoreo de 3.5 mm, fabricado en resistente y duradero metal, ideal para podcasts, software de reconocimiento de voz, grabaci\u00f3n de m\u00fasica y habla en general, compatible con dispositivos iOs, Android, Mac y PC, dimensiones 112 x 108 x 295, peso: 1042 g.","robots":{"index":"index","follow":"follow","max-snippet":"max-snippet:-1","max-image-preview":"max-image-preview:large","max-video-preview":"max-video-preview:-1"},"canonical":"https:\/\/www.mexicanguitarplayers.com\/en\/tienda\/sin categor\u00eda\/microfono-boya-mod-by-pm700sp\/","og_locale":"en_US","og_type":"article","og_title":"MICROFONO BOYA MOD. BY-PM700SP - Mexican Guitar Players","og_description":"Micr\u00f3fono USB, dise\u00f1o de condensados prepolarizado, de triple c\u00e1psula, diafragma de 14 mm, resoluci\u00f3n de 24 bits \/ 48 kHz, no requiere drivers, control de volumen general, control de ganancia, funci\u00f3n de mute, conector USB tipo C, MFI Lighting Apple Certified, conector de aud\u00edfonos para monitoreo de 3.5 mm, fabricado en resistente y duradero metal, ideal para podcasts, software de reconocimiento de voz, grabaci\u00f3n de m\u00fasica y habla en general, compatible con dispositivos iOs, Android, Mac y PC, dimensiones 112 x 108 x 295, peso: 1042 g.","og_url":"https:\/\/www.mexicanguitarplayers.com\/en\/tienda\/sin categor\u00eda\/microfono-boya-mod-by-pm700sp\/","og_site_name":"Mexican Guitar Players","article_modified_time":"2025-04-28T19:15:14+00:00","twitter_card":"summary_large_image","twitter_misc":{"Est. reading time":"1 minute"},"schema":{"@context":"https:\/\/schema.org","@graph":[{"@type":["WebPage","ItemPage"],"@id":"https:\/\/www.mexicanguitarplayers.com\/tienda\/sin categor\u00eda\/microfono-boya-mod-by-pm700sp\/","url":"https:\/\/www.mexicanguitarplayers.com\/tienda\/sin categor\u00eda\/microfono-boya-mod-by-pm700sp\/","name":"MICROFONO BOYA MOD. BY-PM700SP - Mexican Guitar Players","isPartOf":{"@id":"https:\/\/www.mexicanguitarplayers.com\/#website"},"primaryImageOfPage":{"@id":"https:\/\/www.mexicanguitarplayers.com\/tienda\/sin categor\u00eda\/microfono-boya-mod-by-pm700sp\/#primaryimage"},"image":{"@id":"https:\/\/www.mexicanguitarplayers.com\/tienda\/sin categor\u00eda\/microfono-boya-mod-by-pm700sp\/#primaryimage"},"thumbnailUrl":"https:\/\/www.mexicanguitarplayers.com\/wp-content\/uploads\/2025\/04\/IABOYBYPM700SP.jpg","datePublished":"2025-04-09T11:54:19+00:00","dateModified":"2025-04-28T19:15:14+00:00","description":"Micr\u00f3fono USB, dise\u00f1o de condensados prepolarizado, de triple c\u00e1psula, diafragma de 14 mm, resoluci\u00f3n de 24 bits \/ 48 kHz, no requiere drivers, control de volumen general, control de ganancia, funci\u00f3n de mute, conector USB tipo C, MFI Lighting Apple Certified, conector de aud\u00edfonos para monitoreo de 3.5 mm, fabricado en resistente y duradero metal, ideal para podcasts, software de reconocimiento de voz, grabaci\u00f3n de m\u00fasica y habla en general, compatible con dispositivos iOs, Android, Mac y PC, dimensiones 112 x 108 x 295, peso: 1042 g.","breadcrumb":{"@id":"https:\/\/www.mexicanguitarplayers.com\/tienda\/sin categor\u00eda\/microfono-boya-mod-by-pm700sp\/#breadcrumb"},"inLanguage":"en-US","potentialAction":[{"@type":"ReadAction","target":["https:\/\/www.mexicanguitarplayers.com\/tienda\/sin categor\u00eda\/microfono-boya-mod-by-pm700sp\/"]}]},{"@type":"ImageObject","inLanguage":"en-US","@id":"https:\/\/www.mexicanguitarplayers.com\/tienda\/sin categor\u00eda\/microfono-boya-mod-by-pm700sp\/#primaryimage","url":"https:\/\/www.mexicanguitarplayers.com\/wp-content\/uploads\/2025\/04\/IABOYBYPM700SP.jpg","contentUrl":"https:\/\/www.mexicanguitarplayers.com\/wp-content\/uploads\/2025\/04\/IABOYBYPM700SP.jpg","width":800,"height":1600},{"@type":"BreadcrumbList","@id":"https:\/\/www.mexicanguitarplayers.com\/tienda\/sin categor\u00eda\/microfono-boya-mod-by-pm700sp\/#breadcrumb","itemListElement":[{"@type":"ListItem","position":1,"name":"Portada","item":"https:\/\/www.mexicanguitarplayers.com\/"},{"@type":"ListItem","position":2,"name":"Tienda","item":"https:\/\/www.mexicanguitarplayers.com\/tienda\/"},{"@type":"ListItem","position":3,"name":"MICROFONO BOYA MOD. BY-PM700SP"}]},{"@type":"WebSite","@id":"https:\/\/www.mexicanguitarplayers.com\/#website","url":"https:\/\/www.mexicanguitarplayers.com\/","name":"Mexican Guitar Players","description":"Website","publisher":{"@id":"https:\/\/www.mexicanguitarplayers.com\/#organization"},"potentialAction":[{"@type":"SearchAction","target":{"@type":"EntryPoint","urlTemplate":"https:\/\/www.mexicanguitarplayers.com\/?s={search_term_string}"},"query-input":{"@type":"PropertyValueSpecification","valueRequired":true,"valueName":"search_term_string"}}],"inLanguage":"en-US"},{"@type":"Organization","@id":"https:\/\/www.mexicanguitarplayers.com\/#organization","name":"Mexican Guitar Players","url":"https:\/\/www.mexicanguitarplayers.com\/","logo":{"@type":"ImageObject","inLanguage":"en-US","@id":"https:\/\/www.mexicanguitarplayers.com\/#\/schema\/logo\/image\/","url":"","contentUrl":"","caption":"Mexican Guitar Players"},"image":{"@id":"https:\/\/www.mexicanguitarplayers.com\/#\/schema\/logo\/image\/"}}]}},"brands":[{"id":228,"name":"BUOY","slug":"boya"}],"_links":{"self":[{"href":"https:\/\/www.mexicanguitarplayers.com\/en\/wp-json\/wp\/v2\/product\/37873","targetHints":{"allow":["GET"]}}],"collection":[{"href":"https:\/\/www.mexicanguitarplayers.com\/en\/wp-json\/wp\/v2\/product"}],"about":[{"href":"https:\/\/www.mexicanguitarplayers.com\/en\/wp-json\/wp\/v2\/types\/product"}],"replies":[{"embeddable":true,"href":"https:\/\/www.mexicanguitarplayers.com\/en\/wp-json\/wp\/v2\/comments?post=37873"}],"wp:featuredmedia":[{"embeddable":true,"href":"https:\/\/www.mexicanguitarplayers.com\/en\/wp-json\/wp\/v2\/media\/37866"}],"wp:attachment":[{"href":"https:\/\/www.mexicanguitarplayers.com\/en\/wp-json\/wp\/v2\/media?parent=37873"}],"wp:term":[{"taxonomy":"pwb-brand","embeddable":true,"href":"https:\/\/www.mexicanguitarplayers.com\/en\/wp-json\/wp\/v2\/pwb-brand?post=37873"},{"taxonomy":"product_brand","embeddable":true,"href":"https:\/\/www.mexicanguitarplayers.com\/en\/wp-json\/wp\/v2\/product_brand?post=37873"},{"taxonomy":"product_cat","embeddable":true,"href":"https:\/\/www.mexicanguitarplayers.com\/en\/wp-json\/wp\/v2\/product_cat?post=37873"},{"taxonomy":"product_tag","embeddable":true,"href":"https:\/\/www.mexicanguitarplayers.com\/en\/wp-json\/wp\/v2\/product_tag?post=37873"}],"curies":[{"name":"wp","href":"https:\/\/api.w.org\/{rel}","templated":true}]}}