{"id":37886,"date":"2025-04-09T05:54:35","date_gmt":"2025-04-09T11:54:35","guid":{"rendered":"https:\/\/www.mexicanguitarplayers.com\/tienda\/sin categor\u00eda\/bafle-audiocenter-p-pa-mod-pf12\/"},"modified":"2026-04-10T04:23:51","modified_gmt":"2026-04-10T10:23:51","slug":"bafle-audiocenter-p-pa-mod-pf12","status":"publish","type":"product","link":"https:\/\/www.mexicanguitarplayers.com\/en\/tienda\/audio\/bafles-y-bocinas\/bafles\/bafles-pasivos\/bafle-audiocenter-p-pa-mod-pf12\/","title":{"rendered":"BAFLE AUDIOCENTER P\/PA MOD. PF12"},"content":{"rendered":"<div style=\"text-align: justify\">\n<div>\n<h3>M\u00e1xima calidad de audio solo con Audiocenter.<\/h3>\n<\/div>\n<div>La serie PF de Audiocenter cuenta con caracter\u00edsticas de desempe\u00f1o \u00fanicas que muchos entusiastas del audio profesional esperan, como alto SPL, drivers custom, construcci\u00f3n ultra robusta y la calidad sonora caracter\u00edstica de la marca.<\/div>\n<div>\n<h4>Quick look<\/h4>\n<\/div>\n<ul style=\"margin: 0px 0px 0px 25px\">\n<li style=\"list-style-type: circle;margin: 5px\">Drivers.<\/li>\n<li style=\"list-style-type: circle;margin: 5px\">Frequency response.<\/li>\n<li style=\"list-style-type: circle;margin: 5px\">Capacidad de potencia.<\/li>\n<li style=\"list-style-type: circle;margin: 5px\">Power.<\/li>\n<li style=\"list-style-type: circle;margin: 5px\">Impedance.<\/li>\n<li style=\"list-style-type: circle;margin: 5px\">Sensitivity.<\/li>\n<li style=\"list-style-type: circle;margin: 5px\">Connectors.<\/li>\n<li style=\"list-style-type: circle;margin: 5px\">Weight.<\/li>\n<\/ul>\n<div>\n<div style=\"font-weight: bold\">Drivers.<\/div>\n<div>\n<p>Beyma y Custom.<\/p>\n<\/div>\n<div style=\"font-weight: bold\">Frequency response.<\/div>\n<div>\n<p>55 &#8211; 18,000 Hz.<\/p>\n<\/div>\n<div style=\"font-weight: bold\">Capacidad de potencia.<\/div>\n<div>\n<p>400 watts (AES est\u00e1ndar).<\/p>\n<\/div>\n<div style=\"font-weight: bold\">Power.<\/div>\n<div>\n<p>RMS: 400 watts. Programa: 800 watts. Pico: 1600 watts.<\/p>\n<\/div>\n<div style=\"font-weight: bold\">Impedance.<\/div>\n<div>\n<p>8 ohms.<\/p>\n<\/div>\n<div style=\"font-weight: bold\">Sensitivity.<\/div>\n<div>\n<p>97 dB.<\/p>\n<\/div>\n<div style=\"font-weight: bold\">Connectors.<\/div>\n<div>\n<p>Speakon NL4M.<\/p>\n<\/div>\n<div style=\"font-weight: bold\">Weight.<\/div>\n<div>\n<p>21 kg.<\/p>\n<\/div>\n<\/div>\n<div>\n<h4>Characteristics<\/h4>\n<\/div>\n<div>\n<ul style=\"margin: 0px 0px 0px 25px\">\n<li style=\"list-style-type: circle;margin: 5px\">Distorsi\u00f3n baja de menos del 0.6% promedio a 110 dB.<\/li>\n<li style=\"list-style-type: circle;margin: 5px\">Trompeta de material extra durable con ajuste de cobertura 90\u00b0 x 60\u00b0.<\/li>\n<li style=\"list-style-type: circle;margin: 5px\">Tambi\u00e9n puede ser usado como monitor.<\/li>\n<\/ul>\n<\/div>\n<\/div>","protected":false},"excerpt":{"rendered":"<p>Bafle pasivo con woofer de 12\u201d pulgadas, conector NL4, potencia: 400 watts RMS, 1600 watts pico, impedancia 8 ohms, respuesta de frecuencia de 55 &#8211; 18,000 Hz, m\u00e1ximo SPL 123 dB, peso: 21 kg, terminaci\u00f3n para usar como monitor de piso, punto para montaje en tripie y 13 puntos para usar argollas de colgado.&hellip; <a class=\"kt-excerpt-readmore more-link\" href=\"https:\/\/www.mexicanguitarplayers.com\/en\/tienda\/audio\/bafles-y-bocinas\/bafles\/bafles-pasivos\/bafle-audiocenter-p-pa-mod-pf12\/\">Read more<\/a><\/p>","protected":false},"featured_media":37885,"comment_status":"open","ping_status":"closed","template":"","meta":{"kt_blocks_editor_width":""},"pwb-brand":[525],"product_brand":[],"product_cat":[213,222,223,221],"product_tag":[],"class_list":{"0":"post-37886","1":"product","2":"type-product","3":"status-publish","4":"has-post-thumbnail","6":"pwb-brand-audiocenter","7":"product_cat-audio","8":"product_cat-bafles","9":"product_cat-bafles-pasivos","10":"product_cat-bafles-y-bocinas","11":"product_shipping_class-25-30-kg","13":"first","14":"outofstock","15":"taxable","16":"shipping-taxable","17":"purchasable","18":"product-type-simple"},"yoast_head":"<!-- This site is optimized with the Yoast SEO plugin v27.5 - https:\/\/yoast.com\/product\/yoast-seo-wordpress\/ -->\n<title>BAFLE AUDIOCENTER P\/PA MOD. PF12 - Mexican Guitar Players<\/title>\n<meta name=\"description\" content=\"Bafle pasivo con woofer de 12\u201d pulgadas, conector NL4, potencia: 400 watts RMS, 1600 watts pico, impedancia 8 ohms, respuesta de frecuencia de 55 - 18,000 Hz, m\u00e1ximo SPL 123 dB, peso: 21 kg, terminaci\u00f3n para usar como monitor de piso, punto para montaje en tripie y 13 puntos para usar argollas de colgado.\" \/>\n<meta name=\"robots\" content=\"index, follow, max-snippet:-1, max-image-preview:large, max-video-preview:-1\" \/>\n<link rel=\"canonical\" href=\"https:\/\/www.mexicanguitarplayers.com\/en\/tienda\/sin%20categor\u00eda\/bafle-audiocenter-p-pa-mod-pf12\/\" \/>\n<meta property=\"og:locale\" content=\"en_US\" \/>\n<meta property=\"og:type\" content=\"article\" \/>\n<meta property=\"og:title\" content=\"BAFLE AUDIOCENTER P\/PA MOD. PF12 - Mexican Guitar Players\" \/>\n<meta property=\"og:description\" content=\"Bafle pasivo con woofer de 12\u201d pulgadas, conector NL4, potencia: 400 watts RMS, 1600 watts pico, impedancia 8 ohms, respuesta de frecuencia de 55 - 18,000 Hz, m\u00e1ximo SPL 123 dB, peso: 21 kg, terminaci\u00f3n para usar como monitor de piso, punto para montaje en tripie y 13 puntos para usar argollas de colgado.\" \/>\n<meta property=\"og:url\" content=\"https:\/\/www.mexicanguitarplayers.com\/en\/tienda\/sin categor\u00eda\/bafle-audiocenter-p-pa-mod-pf12\/\" \/>\n<meta property=\"og:site_name\" content=\"Mexican Guitar Players\" \/>\n<meta property=\"article:modified_time\" content=\"2026-04-10T10:23:51+00:00\" \/>\n<meta name=\"twitter:card\" content=\"summary_large_image\" \/>\n<meta name=\"twitter:label1\" content=\"Est. reading time\" \/>\n\t<meta name=\"twitter:data1\" content=\"1 minute\" \/>\n<script type=\"application\/ld+json\" class=\"yoast-schema-graph\">{\"@context\":\"https:\\\/\\\/schema.org\",\"@graph\":[{\"@type\":[\"WebPage\",\"ItemPage\"],\"@id\":\"https:\\\/\\\/www.mexicanguitarplayers.com\\\/tienda\\\/sin categor\u00eda\\\/bafle-audiocenter-p-pa-mod-pf12\\\/\",\"url\":\"https:\\\/\\\/www.mexicanguitarplayers.com\\\/tienda\\\/sin categor\u00eda\\\/bafle-audiocenter-p-pa-mod-pf12\\\/\",\"name\":\"BAFLE AUDIOCENTER P\\\/PA MOD. PF12 - Mexican Guitar Players\",\"isPartOf\":{\"@id\":\"https:\\\/\\\/www.mexicanguitarplayers.com\\\/#website\"},\"primaryImageOfPage\":{\"@id\":\"https:\\\/\\\/www.mexicanguitarplayers.com\\\/tienda\\\/sin categor\u00eda\\\/bafle-audiocenter-p-pa-mod-pf12\\\/#primaryimage\"},\"image\":{\"@id\":\"https:\\\/\\\/www.mexicanguitarplayers.com\\\/tienda\\\/sin categor\u00eda\\\/bafle-audiocenter-p-pa-mod-pf12\\\/#primaryimage\"},\"thumbnailUrl\":\"https:\\\/\\\/www.mexicanguitarplayers.com\\\/wp-content\\\/uploads\\\/2025\\\/04\\\/IAACTPF12.jpg\",\"datePublished\":\"2025-04-09T11:54:35+00:00\",\"dateModified\":\"2026-04-10T10:23:51+00:00\",\"description\":\"Bafle pasivo con woofer de 12\u201d pulgadas, conector NL4, potencia: 400 watts RMS, 1600 watts pico, impedancia 8 ohms, respuesta de frecuencia de 55 - 18,000 Hz, m\u00e1ximo SPL 123 dB, peso: 21 kg, terminaci\u00f3n para usar como monitor de piso, punto para montaje en tripie y 13 puntos para usar argollas de colgado.\",\"breadcrumb\":{\"@id\":\"https:\\\/\\\/www.mexicanguitarplayers.com\\\/tienda\\\/sin categor\u00eda\\\/bafle-audiocenter-p-pa-mod-pf12\\\/#breadcrumb\"},\"inLanguage\":\"en-US\",\"potentialAction\":[{\"@type\":\"ReadAction\",\"target\":[\"https:\\\/\\\/www.mexicanguitarplayers.com\\\/tienda\\\/sin categor\u00eda\\\/bafle-audiocenter-p-pa-mod-pf12\\\/\"]}]},{\"@type\":\"ImageObject\",\"inLanguage\":\"en-US\",\"@id\":\"https:\\\/\\\/www.mexicanguitarplayers.com\\\/tienda\\\/sin categor\u00eda\\\/bafle-audiocenter-p-pa-mod-pf12\\\/#primaryimage\",\"url\":\"https:\\\/\\\/www.mexicanguitarplayers.com\\\/wp-content\\\/uploads\\\/2025\\\/04\\\/IAACTPF12.jpg\",\"contentUrl\":\"https:\\\/\\\/www.mexicanguitarplayers.com\\\/wp-content\\\/uploads\\\/2025\\\/04\\\/IAACTPF12.jpg\",\"width\":800,\"height\":1600},{\"@type\":\"BreadcrumbList\",\"@id\":\"https:\\\/\\\/www.mexicanguitarplayers.com\\\/tienda\\\/sin categor\u00eda\\\/bafle-audiocenter-p-pa-mod-pf12\\\/#breadcrumb\",\"itemListElement\":[{\"@type\":\"ListItem\",\"position\":1,\"name\":\"Portada\",\"item\":\"https:\\\/\\\/www.mexicanguitarplayers.com\\\/\"},{\"@type\":\"ListItem\",\"position\":2,\"name\":\"Tienda\",\"item\":\"https:\\\/\\\/www.mexicanguitarplayers.com\\\/tienda\\\/\"},{\"@type\":\"ListItem\",\"position\":3,\"name\":\"BAFLE AUDIOCENTER P\\\/PA MOD. PF12\"}]},{\"@type\":\"WebSite\",\"@id\":\"https:\\\/\\\/www.mexicanguitarplayers.com\\\/#website\",\"url\":\"https:\\\/\\\/www.mexicanguitarplayers.com\\\/\",\"name\":\"Mexican Guitar Players\",\"description\":\"Website\",\"publisher\":{\"@id\":\"https:\\\/\\\/www.mexicanguitarplayers.com\\\/#organization\"},\"potentialAction\":[{\"@type\":\"SearchAction\",\"target\":{\"@type\":\"EntryPoint\",\"urlTemplate\":\"https:\\\/\\\/www.mexicanguitarplayers.com\\\/?s={search_term_string}\"},\"query-input\":{\"@type\":\"PropertyValueSpecification\",\"valueRequired\":true,\"valueName\":\"search_term_string\"}}],\"inLanguage\":\"en-US\"},{\"@type\":\"Organization\",\"@id\":\"https:\\\/\\\/www.mexicanguitarplayers.com\\\/#organization\",\"name\":\"Mexican Guitar Players\",\"url\":\"https:\\\/\\\/www.mexicanguitarplayers.com\\\/\",\"logo\":{\"@type\":\"ImageObject\",\"inLanguage\":\"en-US\",\"@id\":\"https:\\\/\\\/www.mexicanguitarplayers.com\\\/#\\\/schema\\\/logo\\\/image\\\/\",\"url\":\"\",\"contentUrl\":\"\",\"caption\":\"Mexican Guitar Players\"},\"image\":{\"@id\":\"https:\\\/\\\/www.mexicanguitarplayers.com\\\/#\\\/schema\\\/logo\\\/image\\\/\"}}]}<\/script>\n<!-- \/ Yoast SEO plugin. -->","yoast_head_json":{"title":"BAFLE AUDIOCENTER P\/PA MOD. PF12 - Mexican Guitar Players","description":"Bafle pasivo con woofer de 12\u201d pulgadas, conector NL4, potencia: 400 watts RMS, 1600 watts pico, impedancia 8 ohms, respuesta de frecuencia de 55 - 18,000 Hz, m\u00e1ximo SPL 123 dB, peso: 21 kg, terminaci\u00f3n para usar como monitor de piso, punto para montaje en tripie y 13 puntos para usar argollas de colgado.","robots":{"index":"index","follow":"follow","max-snippet":"max-snippet:-1","max-image-preview":"max-image-preview:large","max-video-preview":"max-video-preview:-1"},"canonical":"https:\/\/www.mexicanguitarplayers.com\/en\/tienda\/sin categor\u00eda\/bafle-audiocenter-p-pa-mod-pf12\/","og_locale":"en_US","og_type":"article","og_title":"BAFLE AUDIOCENTER P\/PA MOD. PF12 - Mexican Guitar Players","og_description":"Bafle pasivo con woofer de 12\u201d pulgadas, conector NL4, potencia: 400 watts RMS, 1600 watts pico, impedancia 8 ohms, respuesta de frecuencia de 55 - 18,000 Hz, m\u00e1ximo SPL 123 dB, peso: 21 kg, terminaci\u00f3n para usar como monitor de piso, punto para montaje en tripie y 13 puntos para usar argollas de colgado.","og_url":"https:\/\/www.mexicanguitarplayers.com\/en\/tienda\/sin categor\u00eda\/bafle-audiocenter-p-pa-mod-pf12\/","og_site_name":"Mexican Guitar Players","article_modified_time":"2026-04-10T10:23:51+00:00","twitter_card":"summary_large_image","twitter_misc":{"Est. reading time":"1 minute"},"schema":{"@context":"https:\/\/schema.org","@graph":[{"@type":["WebPage","ItemPage"],"@id":"https:\/\/www.mexicanguitarplayers.com\/tienda\/sin categor\u00eda\/bafle-audiocenter-p-pa-mod-pf12\/","url":"https:\/\/www.mexicanguitarplayers.com\/tienda\/sin categor\u00eda\/bafle-audiocenter-p-pa-mod-pf12\/","name":"BAFLE AUDIOCENTER P\/PA MOD. PF12 - Mexican Guitar Players","isPartOf":{"@id":"https:\/\/www.mexicanguitarplayers.com\/#website"},"primaryImageOfPage":{"@id":"https:\/\/www.mexicanguitarplayers.com\/tienda\/sin categor\u00eda\/bafle-audiocenter-p-pa-mod-pf12\/#primaryimage"},"image":{"@id":"https:\/\/www.mexicanguitarplayers.com\/tienda\/sin categor\u00eda\/bafle-audiocenter-p-pa-mod-pf12\/#primaryimage"},"thumbnailUrl":"https:\/\/www.mexicanguitarplayers.com\/wp-content\/uploads\/2025\/04\/IAACTPF12.jpg","datePublished":"2025-04-09T11:54:35+00:00","dateModified":"2026-04-10T10:23:51+00:00","description":"Bafle pasivo con woofer de 12\u201d pulgadas, conector NL4, potencia: 400 watts RMS, 1600 watts pico, impedancia 8 ohms, respuesta de frecuencia de 55 - 18,000 Hz, m\u00e1ximo SPL 123 dB, peso: 21 kg, terminaci\u00f3n para usar como monitor de piso, punto para montaje en tripie y 13 puntos para usar argollas de colgado.","breadcrumb":{"@id":"https:\/\/www.mexicanguitarplayers.com\/tienda\/sin categor\u00eda\/bafle-audiocenter-p-pa-mod-pf12\/#breadcrumb"},"inLanguage":"en-US","potentialAction":[{"@type":"ReadAction","target":["https:\/\/www.mexicanguitarplayers.com\/tienda\/sin categor\u00eda\/bafle-audiocenter-p-pa-mod-pf12\/"]}]},{"@type":"ImageObject","inLanguage":"en-US","@id":"https:\/\/www.mexicanguitarplayers.com\/tienda\/sin categor\u00eda\/bafle-audiocenter-p-pa-mod-pf12\/#primaryimage","url":"https:\/\/www.mexicanguitarplayers.com\/wp-content\/uploads\/2025\/04\/IAACTPF12.jpg","contentUrl":"https:\/\/www.mexicanguitarplayers.com\/wp-content\/uploads\/2025\/04\/IAACTPF12.jpg","width":800,"height":1600},{"@type":"BreadcrumbList","@id":"https:\/\/www.mexicanguitarplayers.com\/tienda\/sin categor\u00eda\/bafle-audiocenter-p-pa-mod-pf12\/#breadcrumb","itemListElement":[{"@type":"ListItem","position":1,"name":"Portada","item":"https:\/\/www.mexicanguitarplayers.com\/"},{"@type":"ListItem","position":2,"name":"Tienda","item":"https:\/\/www.mexicanguitarplayers.com\/tienda\/"},{"@type":"ListItem","position":3,"name":"BAFLE AUDIOCENTER P\/PA MOD. PF12"}]},{"@type":"WebSite","@id":"https:\/\/www.mexicanguitarplayers.com\/#website","url":"https:\/\/www.mexicanguitarplayers.com\/","name":"Mexican Guitar Players","description":"Website","publisher":{"@id":"https:\/\/www.mexicanguitarplayers.com\/#organization"},"potentialAction":[{"@type":"SearchAction","target":{"@type":"EntryPoint","urlTemplate":"https:\/\/www.mexicanguitarplayers.com\/?s={search_term_string}"},"query-input":{"@type":"PropertyValueSpecification","valueRequired":true,"valueName":"search_term_string"}}],"inLanguage":"en-US"},{"@type":"Organization","@id":"https:\/\/www.mexicanguitarplayers.com\/#organization","name":"Mexican Guitar Players","url":"https:\/\/www.mexicanguitarplayers.com\/","logo":{"@type":"ImageObject","inLanguage":"en-US","@id":"https:\/\/www.mexicanguitarplayers.com\/#\/schema\/logo\/image\/","url":"","contentUrl":"","caption":"Mexican Guitar Players"},"image":{"@id":"https:\/\/www.mexicanguitarplayers.com\/#\/schema\/logo\/image\/"}}]}},"brands":[{"id":525,"name":"AUDIOCENTER","slug":"audiocenter"}],"_links":{"self":[{"href":"https:\/\/www.mexicanguitarplayers.com\/en\/wp-json\/wp\/v2\/product\/37886","targetHints":{"allow":["GET"]}}],"collection":[{"href":"https:\/\/www.mexicanguitarplayers.com\/en\/wp-json\/wp\/v2\/product"}],"about":[{"href":"https:\/\/www.mexicanguitarplayers.com\/en\/wp-json\/wp\/v2\/types\/product"}],"replies":[{"embeddable":true,"href":"https:\/\/www.mexicanguitarplayers.com\/en\/wp-json\/wp\/v2\/comments?post=37886"}],"wp:featuredmedia":[{"embeddable":true,"href":"https:\/\/www.mexicanguitarplayers.com\/en\/wp-json\/wp\/v2\/media\/37885"}],"wp:attachment":[{"href":"https:\/\/www.mexicanguitarplayers.com\/en\/wp-json\/wp\/v2\/media?parent=37886"}],"wp:term":[{"taxonomy":"pwb-brand","embeddable":true,"href":"https:\/\/www.mexicanguitarplayers.com\/en\/wp-json\/wp\/v2\/pwb-brand?post=37886"},{"taxonomy":"product_brand","embeddable":true,"href":"https:\/\/www.mexicanguitarplayers.com\/en\/wp-json\/wp\/v2\/product_brand?post=37886"},{"taxonomy":"product_cat","embeddable":true,"href":"https:\/\/www.mexicanguitarplayers.com\/en\/wp-json\/wp\/v2\/product_cat?post=37886"},{"taxonomy":"product_tag","embeddable":true,"href":"https:\/\/www.mexicanguitarplayers.com\/en\/wp-json\/wp\/v2\/product_tag?post=37886"}],"curies":[{"name":"wp","href":"https:\/\/api.w.org\/{rel}","templated":true}]}}