{"id":37901,"date":"2025-04-09T05:54:59","date_gmt":"2025-04-09T11:54:59","guid":{"rendered":"https:\/\/www.mexicanguitarplayers.com\/tienda\/sin categor\u00eda\/pastilla-sd-puente-hb-blackouts-7-crds\/"},"modified":"2026-05-01T07:19:12","modified_gmt":"2026-05-01T13:19:12","slug":"pastilla-sd-puente-hb-blackouts-7-crds","status":"publish","type":"product","link":"https:\/\/www.mexicanguitarplayers.com\/en\/tienda\/accesorios\/para-guitarras\/pastillas-para-guitarra-electrica\/pastilla-sd-puente-hb-blackouts-7-crds\/","title":{"rendered":"PASTILLA SD PUENTE HB BLACKOUTS 7 CRDS"},"content":{"rendered":"<div style=\"text-align: justify\">\n<div>\n<h3>Para los metaleros exigentes.<\/h3>\n<\/div>\n<div>El humbucker activo original Blackouts de alto rendimiento para puente ofrece toda la potencia y el golpe con cuerpo que los m\u00fasicos de metal de hoy exigen en una pastilla activa. Obtienes el nivel de se\u00f1al de alto rendimiento de una pastilla activa con una sensaci\u00f3n m\u00e1s org\u00e1nica y una respuesta tonal abierta que permite que se manifieste el verdadero car\u00e1cter de tu guitarra. La respuesta de agudos y graves se extiende m\u00e1s all\u00e1 del rango de las pastillas activas tradicionales y se ha equilibrado cuidadosamente con un rango medio ligeramente recortado para un crujido perfecto. Esta pastilla sobresale en los gritos de arm\u00f3nicos pinzados y es lo suficientemente articulada para un riffage de alta velocidad con una din\u00e1mica de respuesta en todo el diapas\u00f3n. Comb\u00ednalo con el humbucker Blackouts para brazo para obtener un set perfectamente combinado. Si tu metal entra en profundidades de rango extendido, los Blackouts tambi\u00e9n est\u00e1n disponibles en versiones de 7 y 8 cuerdas. Con agudos claros y graves aplastantemente apretados, estas pastillas har\u00e1n que tus riffs hablen hasta abajo a B grave o A dropped (para 7 cuerdas) y F# grave o E dropped (para 8 cuerdas). No importa cu\u00e1nta ganancia tengas, estas pastillas pueden manejarlo, con un rendimiento musculoso y silencioso. Ya sea que tu instrumento est\u00e9 enrutado para pastillas activas o pasivas, siempre hay un Blackout que se adapta a \u00e9l. Estas pastillas activas de alto rendimiento vienen con perillas, hardware, cables de conector r\u00e1pido, capacitos (las pastillas activas requieren un valor de tapa especial), jack de salida, clip de bater\u00eda y el cableado necesario para la instalaci\u00f3n. Si tu guitarra ya tiene pastillas activas con cables de conector r\u00e1pido, deber\u00edas poder simplemente desconectarlas y conectar tus Blackouts. Las posiciones de brazo para 6 y 7 cuerdas tienen im\u00e1n de Alnico 5 y la posici\u00f3n del brazo para 8 cuerdas tiene im\u00e1n de cer\u00e1mica.<\/div>\n<div>\n<h4>Quick look<\/h4>\n<\/div>\n<ul style=\"margin: 0px 0px 0px 25px\">\n<li style=\"list-style-type: circle;margin: 5px\">Modelo.<\/li>\n<li style=\"list-style-type: circle;margin: 5px\">Posici\u00f3n.<\/li>\n<li style=\"list-style-type: circle;margin: 5px\">Espaciado.<\/li>\n<li style=\"list-style-type: circle;margin: 5px\">Alambrado.<\/li>\n<li style=\"list-style-type: circle;margin: 5px\">Im\u00e1n.<\/li>\n<\/ul>\n<div>\n<div style=\"font-weight: bold\">Modelo.<\/div>\n<div>\n<p>Blackouts HB.<\/p>\n<\/div>\n<div style=\"font-weight: bold\">Posici\u00f3n.<\/div>\n<div>\n<p>Para puente.<\/p>\n<\/div>\n<div style=\"font-weight: bold\">Espaciado.<\/div>\n<div>\n<p>Est\u00e1ndar.<\/p>\n<\/div>\n<div style=\"font-weight: bold\">Alambrado.<\/div>\n<div>\n<p>1cable +.<\/p>\n<\/div>\n<div style=\"font-weight: bold\">Im\u00e1n.<\/div>\n<div>\n<p>Alnico 5.<\/p>\n<\/div>\n<\/div>\n<\/div>","protected":false},"excerpt":{"rendered":"<p>Pastilla humbucker activa para guitarra el\u00e9ctrica de 7 cuerdas, modelo Blackouts HB, posici\u00f3n: puente, cableado: 1 cable+, im\u00e1n: alnico 5, espaciado est\u00e1ndar, pastilla activa de alta salida, crujido masivo y rendimiento silencioso, ideales para un ataque completo de metal.&hellip; <a class=\"kt-excerpt-readmore more-link\" href=\"https:\/\/www.mexicanguitarplayers.com\/en\/tienda\/accesorios\/para-guitarras\/pastillas-para-guitarra-electrica\/pastilla-sd-puente-hb-blackouts-7-crds\/\">Read more<\/a><\/p>","protected":false},"featured_media":37896,"comment_status":"open","ping_status":"closed","template":"","meta":{"kt_blocks_editor_width":""},"pwb-brand":[502],"product_brand":[],"product_cat":[85,336,353],"product_tag":[],"class_list":{"0":"post-37901","1":"product","2":"type-product","3":"status-publish","4":"has-post-thumbnail","6":"pwb-brand-seymour-duncan","7":"product_cat-accesorios","8":"product_cat-para-guitarras","9":"product_cat-pastillas-para-guitarra-electrica","10":"product_shipping_class-0-5-kg","12":"first","13":"instock","14":"taxable","15":"shipping-taxable","16":"purchasable","17":"product-type-simple"},"yoast_head":"<!-- This site is optimized with the Yoast SEO plugin v27.5 - https:\/\/yoast.com\/product\/yoast-seo-wordpress\/ -->\n<title>PASTILLA SD PUENTE HB BLACKOUTS 7 CRDS - Mexican Guitar Players<\/title>\n<meta name=\"description\" content=\"Pastilla humbucker activa para guitarra el\u00e9ctrica de 7 cuerdas, modelo Blackouts HB, posici\u00f3n: puente, cableado: 1 cable+, im\u00e1n: alnico 5, espaciado est\u00e1ndar, pastilla activa de alta salida, crujido masivo y rendimiento silencioso, ideales para un ataque completo de metal.\" \/>\n<meta name=\"robots\" content=\"index, follow, max-snippet:-1, max-image-preview:large, max-video-preview:-1\" \/>\n<link rel=\"canonical\" href=\"https:\/\/www.mexicanguitarplayers.com\/en\/tienda\/sin%20categor\u00eda\/pastilla-sd-puente-hb-blackouts-7-crds\/\" \/>\n<meta property=\"og:locale\" content=\"en_US\" \/>\n<meta property=\"og:type\" content=\"article\" \/>\n<meta property=\"og:title\" content=\"PASTILLA SD PUENTE HB BLACKOUTS 7 CRDS - Mexican Guitar Players\" \/>\n<meta property=\"og:description\" content=\"Pastilla humbucker activa para guitarra el\u00e9ctrica de 7 cuerdas, modelo Blackouts HB, posici\u00f3n: puente, cableado: 1 cable+, im\u00e1n: alnico 5, espaciado est\u00e1ndar, pastilla activa de alta salida, crujido masivo y rendimiento silencioso, ideales para un ataque completo de metal.\" \/>\n<meta property=\"og:url\" content=\"https:\/\/www.mexicanguitarplayers.com\/en\/tienda\/sin categor\u00eda\/pastilla-sd-puente-hb-blackouts-7-crds\/\" \/>\n<meta property=\"og:site_name\" content=\"Mexican Guitar Players\" \/>\n<meta property=\"article:modified_time\" content=\"2026-05-01T13:19:12+00:00\" \/>\n<meta name=\"twitter:card\" content=\"summary_large_image\" \/>\n<meta name=\"twitter:label1\" content=\"Est. reading time\" \/>\n\t<meta name=\"twitter:data1\" content=\"2 minutes\" \/>\n<script type=\"application\/ld+json\" class=\"yoast-schema-graph\">{\"@context\":\"https:\\\/\\\/schema.org\",\"@graph\":[{\"@type\":[\"WebPage\",\"ItemPage\"],\"@id\":\"https:\\\/\\\/www.mexicanguitarplayers.com\\\/tienda\\\/sin categor\u00eda\\\/pastilla-sd-puente-hb-blackouts-7-crds\\\/\",\"url\":\"https:\\\/\\\/www.mexicanguitarplayers.com\\\/tienda\\\/sin categor\u00eda\\\/pastilla-sd-puente-hb-blackouts-7-crds\\\/\",\"name\":\"PASTILLA SD PUENTE HB BLACKOUTS 7 CRDS - Mexican Guitar Players\",\"isPartOf\":{\"@id\":\"https:\\\/\\\/www.mexicanguitarplayers.com\\\/#website\"},\"primaryImageOfPage\":{\"@id\":\"https:\\\/\\\/www.mexicanguitarplayers.com\\\/tienda\\\/sin categor\u00eda\\\/pastilla-sd-puente-hb-blackouts-7-crds\\\/#primaryimage\"},\"image\":{\"@id\":\"https:\\\/\\\/www.mexicanguitarplayers.com\\\/tienda\\\/sin categor\u00eda\\\/pastilla-sd-puente-hb-blackouts-7-crds\\\/#primaryimage\"},\"thumbnailUrl\":\"https:\\\/\\\/www.mexicanguitarplayers.com\\\/wp-content\\\/uploads\\\/2025\\\/04\\\/RASEOAHB1BBL7S.jpg\",\"datePublished\":\"2025-04-09T11:54:59+00:00\",\"dateModified\":\"2026-05-01T13:19:12+00:00\",\"description\":\"Pastilla humbucker activa para guitarra el\u00e9ctrica de 7 cuerdas, modelo Blackouts HB, posici\u00f3n: puente, cableado: 1 cable+, im\u00e1n: alnico 5, espaciado est\u00e1ndar, pastilla activa de alta salida, crujido masivo y rendimiento silencioso, ideales para un ataque completo de metal.\",\"breadcrumb\":{\"@id\":\"https:\\\/\\\/www.mexicanguitarplayers.com\\\/tienda\\\/sin categor\u00eda\\\/pastilla-sd-puente-hb-blackouts-7-crds\\\/#breadcrumb\"},\"inLanguage\":\"en-US\",\"potentialAction\":[{\"@type\":\"ReadAction\",\"target\":[\"https:\\\/\\\/www.mexicanguitarplayers.com\\\/tienda\\\/sin categor\u00eda\\\/pastilla-sd-puente-hb-blackouts-7-crds\\\/\"]}]},{\"@type\":\"ImageObject\",\"inLanguage\":\"en-US\",\"@id\":\"https:\\\/\\\/www.mexicanguitarplayers.com\\\/tienda\\\/sin categor\u00eda\\\/pastilla-sd-puente-hb-blackouts-7-crds\\\/#primaryimage\",\"url\":\"https:\\\/\\\/www.mexicanguitarplayers.com\\\/wp-content\\\/uploads\\\/2025\\\/04\\\/RASEOAHB1BBL7S.jpg\",\"contentUrl\":\"https:\\\/\\\/www.mexicanguitarplayers.com\\\/wp-content\\\/uploads\\\/2025\\\/04\\\/RASEOAHB1BBL7S.jpg\",\"width\":1600,\"height\":800},{\"@type\":\"BreadcrumbList\",\"@id\":\"https:\\\/\\\/www.mexicanguitarplayers.com\\\/tienda\\\/sin categor\u00eda\\\/pastilla-sd-puente-hb-blackouts-7-crds\\\/#breadcrumb\",\"itemListElement\":[{\"@type\":\"ListItem\",\"position\":1,\"name\":\"Portada\",\"item\":\"https:\\\/\\\/www.mexicanguitarplayers.com\\\/\"},{\"@type\":\"ListItem\",\"position\":2,\"name\":\"Tienda\",\"item\":\"https:\\\/\\\/www.mexicanguitarplayers.com\\\/tienda\\\/\"},{\"@type\":\"ListItem\",\"position\":3,\"name\":\"PASTILLA SD PUENTE HB BLACKOUTS 7 CRDS\"}]},{\"@type\":\"WebSite\",\"@id\":\"https:\\\/\\\/www.mexicanguitarplayers.com\\\/#website\",\"url\":\"https:\\\/\\\/www.mexicanguitarplayers.com\\\/\",\"name\":\"Mexican Guitar Players\",\"description\":\"Website\",\"publisher\":{\"@id\":\"https:\\\/\\\/www.mexicanguitarplayers.com\\\/#organization\"},\"potentialAction\":[{\"@type\":\"SearchAction\",\"target\":{\"@type\":\"EntryPoint\",\"urlTemplate\":\"https:\\\/\\\/www.mexicanguitarplayers.com\\\/?s={search_term_string}\"},\"query-input\":{\"@type\":\"PropertyValueSpecification\",\"valueRequired\":true,\"valueName\":\"search_term_string\"}}],\"inLanguage\":\"en-US\"},{\"@type\":\"Organization\",\"@id\":\"https:\\\/\\\/www.mexicanguitarplayers.com\\\/#organization\",\"name\":\"Mexican Guitar Players\",\"url\":\"https:\\\/\\\/www.mexicanguitarplayers.com\\\/\",\"logo\":{\"@type\":\"ImageObject\",\"inLanguage\":\"en-US\",\"@id\":\"https:\\\/\\\/www.mexicanguitarplayers.com\\\/#\\\/schema\\\/logo\\\/image\\\/\",\"url\":\"\",\"contentUrl\":\"\",\"caption\":\"Mexican Guitar Players\"},\"image\":{\"@id\":\"https:\\\/\\\/www.mexicanguitarplayers.com\\\/#\\\/schema\\\/logo\\\/image\\\/\"}}]}<\/script>\n<!-- \/ Yoast SEO plugin. -->","yoast_head_json":{"title":"PASTILLA SD PUENTE HB BLACKOUTS 7 CRDS - Mexican Guitar Players","description":"Pastilla humbucker activa para guitarra el\u00e9ctrica de 7 cuerdas, modelo Blackouts HB, posici\u00f3n: puente, cableado: 1 cable+, im\u00e1n: alnico 5, espaciado est\u00e1ndar, pastilla activa de alta salida, crujido masivo y rendimiento silencioso, ideales para un ataque completo de metal.","robots":{"index":"index","follow":"follow","max-snippet":"max-snippet:-1","max-image-preview":"max-image-preview:large","max-video-preview":"max-video-preview:-1"},"canonical":"https:\/\/www.mexicanguitarplayers.com\/en\/tienda\/sin categor\u00eda\/pastilla-sd-puente-hb-blackouts-7-crds\/","og_locale":"en_US","og_type":"article","og_title":"PASTILLA SD PUENTE HB BLACKOUTS 7 CRDS - Mexican Guitar Players","og_description":"Pastilla humbucker activa para guitarra el\u00e9ctrica de 7 cuerdas, modelo Blackouts HB, posici\u00f3n: puente, cableado: 1 cable+, im\u00e1n: alnico 5, espaciado est\u00e1ndar, pastilla activa de alta salida, crujido masivo y rendimiento silencioso, ideales para un ataque completo de metal.","og_url":"https:\/\/www.mexicanguitarplayers.com\/en\/tienda\/sin categor\u00eda\/pastilla-sd-puente-hb-blackouts-7-crds\/","og_site_name":"Mexican Guitar Players","article_modified_time":"2026-05-01T13:19:12+00:00","twitter_card":"summary_large_image","twitter_misc":{"Est. reading time":"2 minutes"},"schema":{"@context":"https:\/\/schema.org","@graph":[{"@type":["WebPage","ItemPage"],"@id":"https:\/\/www.mexicanguitarplayers.com\/tienda\/sin categor\u00eda\/pastilla-sd-puente-hb-blackouts-7-crds\/","url":"https:\/\/www.mexicanguitarplayers.com\/tienda\/sin categor\u00eda\/pastilla-sd-puente-hb-blackouts-7-crds\/","name":"PASTILLA SD PUENTE HB BLACKOUTS 7 CRDS - Mexican Guitar Players","isPartOf":{"@id":"https:\/\/www.mexicanguitarplayers.com\/#website"},"primaryImageOfPage":{"@id":"https:\/\/www.mexicanguitarplayers.com\/tienda\/sin categor\u00eda\/pastilla-sd-puente-hb-blackouts-7-crds\/#primaryimage"},"image":{"@id":"https:\/\/www.mexicanguitarplayers.com\/tienda\/sin categor\u00eda\/pastilla-sd-puente-hb-blackouts-7-crds\/#primaryimage"},"thumbnailUrl":"https:\/\/www.mexicanguitarplayers.com\/wp-content\/uploads\/2025\/04\/RASEOAHB1BBL7S.jpg","datePublished":"2025-04-09T11:54:59+00:00","dateModified":"2026-05-01T13:19:12+00:00","description":"Pastilla humbucker activa para guitarra el\u00e9ctrica de 7 cuerdas, modelo Blackouts HB, posici\u00f3n: puente, cableado: 1 cable+, im\u00e1n: alnico 5, espaciado est\u00e1ndar, pastilla activa de alta salida, crujido masivo y rendimiento silencioso, ideales para un ataque completo de metal.","breadcrumb":{"@id":"https:\/\/www.mexicanguitarplayers.com\/tienda\/sin categor\u00eda\/pastilla-sd-puente-hb-blackouts-7-crds\/#breadcrumb"},"inLanguage":"en-US","potentialAction":[{"@type":"ReadAction","target":["https:\/\/www.mexicanguitarplayers.com\/tienda\/sin categor\u00eda\/pastilla-sd-puente-hb-blackouts-7-crds\/"]}]},{"@type":"ImageObject","inLanguage":"en-US","@id":"https:\/\/www.mexicanguitarplayers.com\/tienda\/sin categor\u00eda\/pastilla-sd-puente-hb-blackouts-7-crds\/#primaryimage","url":"https:\/\/www.mexicanguitarplayers.com\/wp-content\/uploads\/2025\/04\/RASEOAHB1BBL7S.jpg","contentUrl":"https:\/\/www.mexicanguitarplayers.com\/wp-content\/uploads\/2025\/04\/RASEOAHB1BBL7S.jpg","width":1600,"height":800},{"@type":"BreadcrumbList","@id":"https:\/\/www.mexicanguitarplayers.com\/tienda\/sin categor\u00eda\/pastilla-sd-puente-hb-blackouts-7-crds\/#breadcrumb","itemListElement":[{"@type":"ListItem","position":1,"name":"Portada","item":"https:\/\/www.mexicanguitarplayers.com\/"},{"@type":"ListItem","position":2,"name":"Tienda","item":"https:\/\/www.mexicanguitarplayers.com\/tienda\/"},{"@type":"ListItem","position":3,"name":"PASTILLA SD PUENTE HB BLACKOUTS 7 CRDS"}]},{"@type":"WebSite","@id":"https:\/\/www.mexicanguitarplayers.com\/#website","url":"https:\/\/www.mexicanguitarplayers.com\/","name":"Mexican Guitar Players","description":"Website","publisher":{"@id":"https:\/\/www.mexicanguitarplayers.com\/#organization"},"potentialAction":[{"@type":"SearchAction","target":{"@type":"EntryPoint","urlTemplate":"https:\/\/www.mexicanguitarplayers.com\/?s={search_term_string}"},"query-input":{"@type":"PropertyValueSpecification","valueRequired":true,"valueName":"search_term_string"}}],"inLanguage":"en-US"},{"@type":"Organization","@id":"https:\/\/www.mexicanguitarplayers.com\/#organization","name":"Mexican Guitar Players","url":"https:\/\/www.mexicanguitarplayers.com\/","logo":{"@type":"ImageObject","inLanguage":"en-US","@id":"https:\/\/www.mexicanguitarplayers.com\/#\/schema\/logo\/image\/","url":"","contentUrl":"","caption":"Mexican Guitar Players"},"image":{"@id":"https:\/\/www.mexicanguitarplayers.com\/#\/schema\/logo\/image\/"}}]}},"brands":[{"id":502,"name":"SEYMOUR DUNCAN","slug":"seymour-duncan"}],"_links":{"self":[{"href":"https:\/\/www.mexicanguitarplayers.com\/en\/wp-json\/wp\/v2\/product\/37901","targetHints":{"allow":["GET"]}}],"collection":[{"href":"https:\/\/www.mexicanguitarplayers.com\/en\/wp-json\/wp\/v2\/product"}],"about":[{"href":"https:\/\/www.mexicanguitarplayers.com\/en\/wp-json\/wp\/v2\/types\/product"}],"replies":[{"embeddable":true,"href":"https:\/\/www.mexicanguitarplayers.com\/en\/wp-json\/wp\/v2\/comments?post=37901"}],"wp:featuredmedia":[{"embeddable":true,"href":"https:\/\/www.mexicanguitarplayers.com\/en\/wp-json\/wp\/v2\/media\/37896"}],"wp:attachment":[{"href":"https:\/\/www.mexicanguitarplayers.com\/en\/wp-json\/wp\/v2\/media?parent=37901"}],"wp:term":[{"taxonomy":"pwb-brand","embeddable":true,"href":"https:\/\/www.mexicanguitarplayers.com\/en\/wp-json\/wp\/v2\/pwb-brand?post=37901"},{"taxonomy":"product_brand","embeddable":true,"href":"https:\/\/www.mexicanguitarplayers.com\/en\/wp-json\/wp\/v2\/product_brand?post=37901"},{"taxonomy":"product_cat","embeddable":true,"href":"https:\/\/www.mexicanguitarplayers.com\/en\/wp-json\/wp\/v2\/product_cat?post=37901"},{"taxonomy":"product_tag","embeddable":true,"href":"https:\/\/www.mexicanguitarplayers.com\/en\/wp-json\/wp\/v2\/product_tag?post=37901"}],"curies":[{"name":"wp","href":"https:\/\/api.w.org\/{rel}","templated":true}]}}