{"id":37915,"date":"2025-04-09T05:55:19","date_gmt":"2025-04-09T11:55:19","guid":{"rendered":"https:\/\/www.mexicanguitarplayers.com\/tienda\/sin categor\u00eda\/bocina-eighteen-sound-10-10w500-8\/"},"modified":"2026-01-14T04:20:07","modified_gmt":"2026-01-14T10:20:07","slug":"bocina-eighteen-sound-10-10w500-8","status":"publish","type":"product","link":"https:\/\/www.mexicanguitarplayers.com\/en\/tienda\/audio\/bafles-y-bocinas\/bocinas-y-componentes\/medios\/bocina-eighteen-sound-10-10w500-8\/","title":{"rendered":"BOCINA EIGHTEEN SOUND 10  10W500\/8"},"content":{"rendered":"<div style=\"text-align: justify\">\n<div>\n<h3>El resultado de una extensa investigaci\u00f3n con la mejor tecnolog\u00eda.<\/h3>\n<\/div>\n<div>El 10W500 es un driver de baja frecuencia dise\u00f1ado para satisfacer la necesidad de un altavoz de ferrita de 10\u201d pulgadas que combine una excelente linealidad con buenas caracter\u00edsticas de sensibilidad y manejo de potencia. El transductor es la evoluci\u00f3n del 10W400 y se recomienda principalmente para sistemas compactos de reflex en gabinetes de hasta 25 litros. El cono curvil\u00edneo del papel se transporta mediante una suspensi\u00f3n delantera de triple rollo de lino humedecido para controlar los modos de vibraci\u00f3n que garantizan un buen control de desplazamiento y una excursi\u00f3n lineal. La bobina m\u00f3vil de alambre de cobre de 50 mm de di\u00e1metro emplea la tecnolog\u00eda de bobina m\u00f3vil s\u00e1ndwich de intercalado (ISV), donde un embobinador de fibra de alta resistencia transporta bobinas en las superficies exterior e interior para lograr una bobina de masa equilibrada. Esto da como resultado un conjunto de motor extremadamente lineal que, junto con el dise\u00f1o altamente avanzado de la estructura magn\u00e9tica, proporciona un alto factor de fuerza o BL. Otra caracter\u00edstica del 10W500 son los canales de aire finos entre la placa posterior del chasis y la placa superior del im\u00e1n, que extraen el aire caliente de la brecha de la bobina de voz y disipan la energ\u00eda a trav\u00e9s de la fundici\u00f3n del chasis. Las placas superior y posterior del im\u00e1n se han dise\u00f1ado para optimizar la densidad de flujo y el factor BL en el espacio de aire utilizando nuestra instalaci\u00f3n interna de FEA CAD.<\/div>\n<div>\n<h4>Quick look<\/h4>\n<\/div>\n<ul style=\"margin: 0px 0px 0px 25px\">\n<li style=\"list-style-type: circle;margin: 5px\">Di\u00e1metro.<\/li>\n<li style=\"list-style-type: circle;margin: 5px\">Impedance.<\/li>\n<li style=\"list-style-type: circle;margin: 5px\">Power.<\/li>\n<li style=\"list-style-type: circle;margin: 5px\">Sensitivity.<\/li>\n<li style=\"list-style-type: circle;margin: 5px\">Rango de frecuencia.<\/li>\n<li style=\"list-style-type: circle;margin: 5px\">Compresi\u00f3n de potencia.<\/li>\n<li style=\"list-style-type: circle;margin: 5px\">Frecuencia m\u00e1xima recomendada.<\/li>\n<li style=\"list-style-type: circle;margin: 5px\">Volumen recomendado del gabinete.<\/li>\n<li style=\"list-style-type: circle;margin: 5px\">Impedancia m\u00ednima.<\/li>\n<li style=\"list-style-type: circle;margin: 5px\">Excursi\u00f3n m\u00e1xima pico a pico.<\/li>\n<li style=\"list-style-type: circle;margin: 5px\">Di\u00e1metro de la bobina m\u00f3vil.<\/li>\n<li style=\"list-style-type: circle;margin: 5px\">Material de la bobina.<\/li>\n<li style=\"list-style-type: circle;margin: 5px\">Suspensi\u00f3n.<\/li>\n<li style=\"list-style-type: circle;margin: 5px\">Cono.<\/li>\n<li style=\"list-style-type: circle;margin: 5px\">FS (Frecuencia de resonancia).<\/li>\n<li style=\"list-style-type: circle;margin: 5px\">Resistencia.<\/li>\n<li style=\"list-style-type: circle;margin: 5px\">SD (Superficie efectiva).<\/li>\n<li style=\"list-style-type: circle;margin: 5px\">QMS (Factor de calidad mec\u00e1nica).<\/li>\n<li style=\"list-style-type: circle;margin: 5px\">QES (Factor de calidad el\u00e9ctrica).<\/li>\n<li style=\"list-style-type: circle;margin: 5px\">QTS (Factor de calidad total).<\/li>\n<li style=\"list-style-type: circle;margin: 5px\">VAS (Volumen de aire equivalente a CMS).<\/li>\n<li style=\"list-style-type: circle;margin: 5px\">Factor Bl.<\/li>\n<li style=\"list-style-type: circle;margin: 5px\">Inductancia de bobina m\u00f3vil (Le @ 1kHz).<\/li>\n<li style=\"list-style-type: circle;margin: 5px\">Di\u00e1metro total.<\/li>\n<li style=\"list-style-type: circle;margin: 5px\">N\u00famero de agujeros de montaje y pernos.<\/li>\n<li style=\"list-style-type: circle;margin: 5px\">Di\u00e1metro de agujeros de montaje.<\/li>\n<li style=\"list-style-type: circle;margin: 5px\">Di\u00e1metro del c\u00edrculo del perno.<\/li>\n<li style=\"list-style-type: circle;margin: 5px\">Profundidad total.<\/li>\n<li style=\"list-style-type: circle;margin: 5px\">Weight.<\/li>\n<li style=\"list-style-type: circle;margin: 5px\">Im\u00e1n.<\/li>\n<\/ul>\n<div>\n<div style=\"font-weight: bold\">Di\u00e1metro.<\/div>\n<div>\n<p>10&#8243; pulgadas (260 mm).<\/p>\n<\/div>\n<div style=\"font-weight: bold\">Impedance.<\/div>\n<div>\n<p>8 ohms.<\/p>\n<\/div>\n<div style=\"font-weight: bold\">Power.<\/div>\n<div>\n<p>AES: 280 watts. Programa: 400 watts. Pico: 800 watts.<\/p>\n<\/div>\n<div style=\"font-weight: bold\">Sensitivity.<\/div>\n<div>\n<p>98 dB.<\/p>\n<\/div>\n<div style=\"font-weight: bold\">Rango de frecuencia.<\/div>\n<div>\n<p>55 &#8211; 4,500 Hz.<\/p>\n<\/div>\n<div style=\"font-weight: bold\">Compresi\u00f3n de potencia.<\/div>\n<div>\n<p>A -10 dB: 0,7 dB. A -3 dB: 1,3 dB. A potencia total: 2,8 dB.<\/p>\n<\/div>\n<div style=\"font-weight: bold\">Frecuencia m\u00e1xima recomendada.<\/div>\n<div>\n<p>2000 Hz.<\/p>\n<\/div>\n<div style=\"font-weight: bold\">Volumen recomendado del gabinete.<\/div>\n<div>\n<p>20 \u00f7 50 lt. (0,71 \u00f7 1,77 pies c\u00fabicos).<\/p>\n<\/div>\n<div style=\"font-weight: bold\">Impedancia m\u00ednima.<\/div>\n<div>\n<p>7 ohms a 25\u00b0C.<\/p>\n<\/div>\n<div style=\"font-weight: bold\">Excursi\u00f3n m\u00e1xima pico a pico.<\/div>\n<div>\n<p>0.94&#8243; pulgadas (24 mm).<\/p>\n<\/div>\n<div style=\"font-weight: bold\">Di\u00e1metro de la bobina m\u00f3vil.<\/div>\n<div>\n<p>2&#8243; pulgadas (51 mm).<\/p>\n<\/div>\n<div style=\"font-weight: bold\">Material de la bobina.<\/div>\n<div>\n<p>Cobre.<\/p>\n<\/div>\n<div style=\"font-weight: bold\">Suspensi\u00f3n.<\/div>\n<div>\n<p>Poli algod\u00f3n de rollo triple.<\/p>\n<\/div>\n<div style=\"font-weight: bold\">Cono.<\/div>\n<div>\n<p>Curvil\u00edneo acanalado, papel tratado.<\/p>\n<\/div>\n<div style=\"font-weight: bold\">FS (Frecuencia de resonancia).<\/div>\n<div>\n<p>53 Hz.<\/p>\n<\/div>\n<div style=\"font-weight: bold\">Resistencia.<\/div>\n<div>\n<p>6 ohms.<\/p>\n<\/div>\n<div style=\"font-weight: bold\">SD (Superficie efectiva).<\/div>\n<div>\n<p>0,035 sq. mt. (54,25&#8243; sq. pulgadas).<\/p>\n<\/div>\n<div style=\"font-weight: bold\">QMS (Factor de calidad mec\u00e1nica).<\/div>\n<div>\n<p>4.22.<\/p>\n<\/div>\n<div style=\"font-weight: bold\">QES (Factor de calidad el\u00e9ctrica).<\/div>\n<div>\n<p>0.31.<\/p>\n<\/div>\n<div style=\"font-weight: bold\">QTS (Factor de calidad total).<\/div>\n<div>\n<p>0.29.<\/p>\n<\/div>\n<div style=\"font-weight: bold\">VAS (Volumen de aire equivalente a CMS).<\/div>\n<div>\n<p>45.2 lt. (1.60 pies c\u00fabicos).<\/p>\n<\/div>\n<div style=\"font-weight: bold\">Factor Bl.<\/div>\n<div>\n<p>14.6 Tm.<\/p>\n<\/div>\n<div style=\"font-weight: bold\">Inductancia de bobina m\u00f3vil (Le @ 1kHz).<\/div>\n<div>\n<p>0.72 mH.<\/p>\n<\/div>\n<div style=\"font-weight: bold\">Di\u00e1metro total.<\/div>\n<div>\n<p>10.24&#8243; pulgadas (260 mm).<\/p>\n<\/div>\n<div style=\"font-weight: bold\">N\u00famero de agujeros de montaje y pernos.<\/div>\n<div>\n<p>8.<\/p>\n<\/div>\n<div style=\"font-weight: bold\">Di\u00e1metro de agujeros de montaje.<\/div>\n<div>\n<p>0.28&#8243; pulgadas (7,15 mm).<\/p>\n<\/div>\n<div style=\"font-weight: bold\">Di\u00e1metro del c\u00edrculo del perno.<\/div>\n<div>\n<p>9.63&#8243; pulgadas (244,5 mm).<\/p>\n<\/div>\n<div style=\"font-weight: bold\">Profundidad total.<\/div>\n<div>\n<p>4.78&#8243; pulgadas (121.5 mm).<\/p>\n<\/div>\n<div style=\"font-weight: bold\">Weight.<\/div>\n<div>\n<p>4.7 kg.<\/p>\n<\/div>\n<div style=\"font-weight: bold\">Im\u00e1n.<\/div>\n<div>\n<p>Ferrita.<\/p>\n<\/div>\n<\/div>\n<\/div>","protected":false},"excerpt":{"rendered":"<p>Bocina de 10\u201d pulgadas, im\u00e1n de ferrita, disipaci\u00f3n de calor mejorada a trav\u00e9s del dise\u00f1o \u00fanico de la canasta, ideal para sistemas compactos de dos v\u00edas y m\u00faltiples v\u00edas, impedancia: 8 ohms, potencia AES: 280 watts, programa: 400 watts, pico: 800 watts, sensibilidad: 98 dB, rango de frecuencia: 55 \u00f7 4,500 Hz, frecuencia m\u00e1xima recomendada: 2,000 Hz, impedancia m\u00ednima: 7 ohms a 25\u00b0C, bobina m\u00f3vil de cobre intercalado Sandwich de 2\u201d pulgadas (51 mm) (ISV), peso: 4.7 kg.&hellip; <a class=\"kt-excerpt-readmore more-link\" href=\"https:\/\/www.mexicanguitarplayers.com\/en\/tienda\/audio\/bafles-y-bocinas\/bocinas-y-componentes\/medios\/bocina-eighteen-sound-10-10w500-8\/\">Read more<\/a><\/p>","protected":false},"featured_media":37910,"comment_status":"open","ping_status":"closed","template":"","meta":{"kt_blocks_editor_width":""},"pwb-brand":[533],"product_brand":[],"product_cat":[213,221,474,534],"product_tag":[],"class_list":{"0":"post-37915","1":"product","2":"type-product","3":"status-publish","4":"has-post-thumbnail","6":"pwb-brand-eighteen-sound","7":"product_cat-audio","8":"product_cat-bafles-y-bocinas","9":"product_cat-bocinas-y-componentes","10":"product_cat-medios","11":"product_shipping_class-5-10-kg","13":"first","14":"outofstock","15":"taxable","16":"shipping-taxable","17":"purchasable","18":"product-type-simple"},"yoast_head":"<!-- This site is optimized with the Yoast SEO plugin v27.3 - https:\/\/yoast.com\/product\/yoast-seo-wordpress\/ -->\n<title>BOCINA EIGHTEEN SOUND 10 10W500\/8 - Mexican Guitar Players<\/title>\n<meta name=\"description\" content=\"Bocina de 10\u201d pulgadas, im\u00e1n de ferrita, disipaci\u00f3n de calor mejorada a trav\u00e9s del dise\u00f1o \u00fanico de la canasta, ideal para sistemas compactos de dos v\u00edas y m\u00faltiples v\u00edas, impedancia: 8 ohms, potencia AES: 280 watts, programa: 400 watts, pico: 800 watts, sensibilidad: 98 dB, rango de frecuencia: 55 \u00f7 4,500 Hz, frecuencia m\u00e1xima recomendada: 2,000 Hz, impedancia m\u00ednima: 7 ohms a 25\u00b0C, bobina m\u00f3vil de cobre intercalado Sandwich de 2\u201d pulgadas (51 mm) (ISV), peso: 4.7 kg.\" \/>\n<meta name=\"robots\" content=\"index, follow, max-snippet:-1, max-image-preview:large, max-video-preview:-1\" \/>\n<link rel=\"canonical\" href=\"https:\/\/www.mexicanguitarplayers.com\/en\/tienda\/sin%20categor\u00eda\/bocina-eighteen-sound-10-10w500-8\/\" \/>\n<meta property=\"og:locale\" content=\"en_US\" \/>\n<meta property=\"og:type\" content=\"article\" \/>\n<meta property=\"og:title\" content=\"BOCINA EIGHTEEN SOUND 10 10W500\/8 - Mexican Guitar Players\" \/>\n<meta property=\"og:description\" content=\"Bocina de 10\u201d pulgadas, im\u00e1n de ferrita, disipaci\u00f3n de calor mejorada a trav\u00e9s del dise\u00f1o \u00fanico de la canasta, ideal para sistemas compactos de dos v\u00edas y m\u00faltiples v\u00edas, impedancia: 8 ohms, potencia AES: 280 watts, programa: 400 watts, pico: 800 watts, sensibilidad: 98 dB, rango de frecuencia: 55 \u00f7 4,500 Hz, frecuencia m\u00e1xima recomendada: 2,000 Hz, impedancia m\u00ednima: 7 ohms a 25\u00b0C, bobina m\u00f3vil de cobre intercalado Sandwich de 2\u201d pulgadas (51 mm) (ISV), peso: 4.7 kg.\" \/>\n<meta property=\"og:url\" content=\"https:\/\/www.mexicanguitarplayers.com\/en\/tienda\/sin categor\u00eda\/bocina-eighteen-sound-10-10w500-8\/\" \/>\n<meta property=\"og:site_name\" content=\"Mexican Guitar Players\" \/>\n<meta property=\"article:modified_time\" content=\"2026-01-14T10:20:07+00:00\" \/>\n<meta name=\"twitter:card\" content=\"summary_large_image\" \/>\n<meta name=\"twitter:label1\" content=\"Est. reading time\" \/>\n\t<meta name=\"twitter:data1\" content=\"3 minutes\" \/>\n<script type=\"application\/ld+json\" class=\"yoast-schema-graph\">{\"@context\":\"https:\\\/\\\/schema.org\",\"@graph\":[{\"@type\":[\"WebPage\",\"ItemPage\"],\"@id\":\"https:\\\/\\\/www.mexicanguitarplayers.com\\\/tienda\\\/sin categor\u00eda\\\/bocina-eighteen-sound-10-10w500-8\\\/\",\"url\":\"https:\\\/\\\/www.mexicanguitarplayers.com\\\/tienda\\\/sin categor\u00eda\\\/bocina-eighteen-sound-10-10w500-8\\\/\",\"name\":\"BOCINA EIGHTEEN SOUND 10 10W500\\\/8 - Mexican Guitar Players\",\"isPartOf\":{\"@id\":\"https:\\\/\\\/www.mexicanguitarplayers.com\\\/#website\"},\"primaryImageOfPage\":{\"@id\":\"https:\\\/\\\/www.mexicanguitarplayers.com\\\/tienda\\\/sin categor\u00eda\\\/bocina-eighteen-sound-10-10w500-8\\\/#primaryimage\"},\"image\":{\"@id\":\"https:\\\/\\\/www.mexicanguitarplayers.com\\\/tienda\\\/sin categor\u00eda\\\/bocina-eighteen-sound-10-10w500-8\\\/#primaryimage\"},\"thumbnailUrl\":\"https:\\\/\\\/www.mexicanguitarplayers.com\\\/wp-content\\\/uploads\\\/2025\\\/04\\\/IAEIG10W5008.jpg\",\"datePublished\":\"2025-04-09T11:55:19+00:00\",\"dateModified\":\"2026-01-14T10:20:07+00:00\",\"description\":\"Bocina de 10\u201d pulgadas, im\u00e1n de ferrita, disipaci\u00f3n de calor mejorada a trav\u00e9s del dise\u00f1o \u00fanico de la canasta, ideal para sistemas compactos de dos v\u00edas y m\u00faltiples v\u00edas, impedancia: 8 ohms, potencia AES: 280 watts, programa: 400 watts, pico: 800 watts, sensibilidad: 98 dB, rango de frecuencia: 55 \u00f7 4,500 Hz, frecuencia m\u00e1xima recomendada: 2,000 Hz, impedancia m\u00ednima: 7 ohms a 25\u00b0C, bobina m\u00f3vil de cobre intercalado Sandwich de 2\u201d pulgadas (51 mm) (ISV), peso: 4.7 kg.\",\"breadcrumb\":{\"@id\":\"https:\\\/\\\/www.mexicanguitarplayers.com\\\/tienda\\\/sin categor\u00eda\\\/bocina-eighteen-sound-10-10w500-8\\\/#breadcrumb\"},\"inLanguage\":\"en-US\",\"potentialAction\":[{\"@type\":\"ReadAction\",\"target\":[\"https:\\\/\\\/www.mexicanguitarplayers.com\\\/tienda\\\/sin categor\u00eda\\\/bocina-eighteen-sound-10-10w500-8\\\/\"]}]},{\"@type\":\"ImageObject\",\"inLanguage\":\"en-US\",\"@id\":\"https:\\\/\\\/www.mexicanguitarplayers.com\\\/tienda\\\/sin categor\u00eda\\\/bocina-eighteen-sound-10-10w500-8\\\/#primaryimage\",\"url\":\"https:\\\/\\\/www.mexicanguitarplayers.com\\\/wp-content\\\/uploads\\\/2025\\\/04\\\/IAEIG10W5008.jpg\",\"contentUrl\":\"https:\\\/\\\/www.mexicanguitarplayers.com\\\/wp-content\\\/uploads\\\/2025\\\/04\\\/IAEIG10W5008.jpg\",\"width\":1200,\"height\":1200},{\"@type\":\"BreadcrumbList\",\"@id\":\"https:\\\/\\\/www.mexicanguitarplayers.com\\\/tienda\\\/sin categor\u00eda\\\/bocina-eighteen-sound-10-10w500-8\\\/#breadcrumb\",\"itemListElement\":[{\"@type\":\"ListItem\",\"position\":1,\"name\":\"Portada\",\"item\":\"https:\\\/\\\/www.mexicanguitarplayers.com\\\/\"},{\"@type\":\"ListItem\",\"position\":2,\"name\":\"Tienda\",\"item\":\"https:\\\/\\\/www.mexicanguitarplayers.com\\\/tienda\\\/\"},{\"@type\":\"ListItem\",\"position\":3,\"name\":\"BOCINA EIGHTEEN SOUND 10 10W500\\\/8\"}]},{\"@type\":\"WebSite\",\"@id\":\"https:\\\/\\\/www.mexicanguitarplayers.com\\\/#website\",\"url\":\"https:\\\/\\\/www.mexicanguitarplayers.com\\\/\",\"name\":\"Mexican Guitar Players\",\"description\":\"Website\",\"publisher\":{\"@id\":\"https:\\\/\\\/www.mexicanguitarplayers.com\\\/#organization\"},\"potentialAction\":[{\"@type\":\"SearchAction\",\"target\":{\"@type\":\"EntryPoint\",\"urlTemplate\":\"https:\\\/\\\/www.mexicanguitarplayers.com\\\/?s={search_term_string}\"},\"query-input\":{\"@type\":\"PropertyValueSpecification\",\"valueRequired\":true,\"valueName\":\"search_term_string\"}}],\"inLanguage\":\"en-US\"},{\"@type\":\"Organization\",\"@id\":\"https:\\\/\\\/www.mexicanguitarplayers.com\\\/#organization\",\"name\":\"Mexican Guitar Players\",\"url\":\"https:\\\/\\\/www.mexicanguitarplayers.com\\\/\",\"logo\":{\"@type\":\"ImageObject\",\"inLanguage\":\"en-US\",\"@id\":\"https:\\\/\\\/www.mexicanguitarplayers.com\\\/#\\\/schema\\\/logo\\\/image\\\/\",\"url\":\"\",\"contentUrl\":\"\",\"caption\":\"Mexican Guitar Players\"},\"image\":{\"@id\":\"https:\\\/\\\/www.mexicanguitarplayers.com\\\/#\\\/schema\\\/logo\\\/image\\\/\"}}]}<\/script>\n<!-- \/ Yoast SEO plugin. -->","yoast_head_json":{"title":"BOCINA EIGHTEEN SOUND 10 10W500\/8 - Mexican Guitar Players","description":"Bocina de 10\u201d pulgadas, im\u00e1n de ferrita, disipaci\u00f3n de calor mejorada a trav\u00e9s del dise\u00f1o \u00fanico de la canasta, ideal para sistemas compactos de dos v\u00edas y m\u00faltiples v\u00edas, impedancia: 8 ohms, potencia AES: 280 watts, programa: 400 watts, pico: 800 watts, sensibilidad: 98 dB, rango de frecuencia: 55 \u00f7 4,500 Hz, frecuencia m\u00e1xima recomendada: 2,000 Hz, impedancia m\u00ednima: 7 ohms a 25\u00b0C, bobina m\u00f3vil de cobre intercalado Sandwich de 2\u201d pulgadas (51 mm) (ISV), peso: 4.7 kg.","robots":{"index":"index","follow":"follow","max-snippet":"max-snippet:-1","max-image-preview":"max-image-preview:large","max-video-preview":"max-video-preview:-1"},"canonical":"https:\/\/www.mexicanguitarplayers.com\/en\/tienda\/sin categor\u00eda\/bocina-eighteen-sound-10-10w500-8\/","og_locale":"en_US","og_type":"article","og_title":"BOCINA EIGHTEEN SOUND 10 10W500\/8 - Mexican Guitar Players","og_description":"Bocina de 10\u201d pulgadas, im\u00e1n de ferrita, disipaci\u00f3n de calor mejorada a trav\u00e9s del dise\u00f1o \u00fanico de la canasta, ideal para sistemas compactos de dos v\u00edas y m\u00faltiples v\u00edas, impedancia: 8 ohms, potencia AES: 280 watts, programa: 400 watts, pico: 800 watts, sensibilidad: 98 dB, rango de frecuencia: 55 \u00f7 4,500 Hz, frecuencia m\u00e1xima recomendada: 2,000 Hz, impedancia m\u00ednima: 7 ohms a 25\u00b0C, bobina m\u00f3vil de cobre intercalado Sandwich de 2\u201d pulgadas (51 mm) (ISV), peso: 4.7 kg.","og_url":"https:\/\/www.mexicanguitarplayers.com\/en\/tienda\/sin categor\u00eda\/bocina-eighteen-sound-10-10w500-8\/","og_site_name":"Mexican Guitar Players","article_modified_time":"2026-01-14T10:20:07+00:00","twitter_card":"summary_large_image","twitter_misc":{"Est. reading time":"3 minutes"},"schema":{"@context":"https:\/\/schema.org","@graph":[{"@type":["WebPage","ItemPage"],"@id":"https:\/\/www.mexicanguitarplayers.com\/tienda\/sin categor\u00eda\/bocina-eighteen-sound-10-10w500-8\/","url":"https:\/\/www.mexicanguitarplayers.com\/tienda\/sin categor\u00eda\/bocina-eighteen-sound-10-10w500-8\/","name":"BOCINA EIGHTEEN SOUND 10 10W500\/8 - Mexican Guitar Players","isPartOf":{"@id":"https:\/\/www.mexicanguitarplayers.com\/#website"},"primaryImageOfPage":{"@id":"https:\/\/www.mexicanguitarplayers.com\/tienda\/sin categor\u00eda\/bocina-eighteen-sound-10-10w500-8\/#primaryimage"},"image":{"@id":"https:\/\/www.mexicanguitarplayers.com\/tienda\/sin categor\u00eda\/bocina-eighteen-sound-10-10w500-8\/#primaryimage"},"thumbnailUrl":"https:\/\/www.mexicanguitarplayers.com\/wp-content\/uploads\/2025\/04\/IAEIG10W5008.jpg","datePublished":"2025-04-09T11:55:19+00:00","dateModified":"2026-01-14T10:20:07+00:00","description":"Bocina de 10\u201d pulgadas, im\u00e1n de ferrita, disipaci\u00f3n de calor mejorada a trav\u00e9s del dise\u00f1o \u00fanico de la canasta, ideal para sistemas compactos de dos v\u00edas y m\u00faltiples v\u00edas, impedancia: 8 ohms, potencia AES: 280 watts, programa: 400 watts, pico: 800 watts, sensibilidad: 98 dB, rango de frecuencia: 55 \u00f7 4,500 Hz, frecuencia m\u00e1xima recomendada: 2,000 Hz, impedancia m\u00ednima: 7 ohms a 25\u00b0C, bobina m\u00f3vil de cobre intercalado Sandwich de 2\u201d pulgadas (51 mm) (ISV), peso: 4.7 kg.","breadcrumb":{"@id":"https:\/\/www.mexicanguitarplayers.com\/tienda\/sin categor\u00eda\/bocina-eighteen-sound-10-10w500-8\/#breadcrumb"},"inLanguage":"en-US","potentialAction":[{"@type":"ReadAction","target":["https:\/\/www.mexicanguitarplayers.com\/tienda\/sin categor\u00eda\/bocina-eighteen-sound-10-10w500-8\/"]}]},{"@type":"ImageObject","inLanguage":"en-US","@id":"https:\/\/www.mexicanguitarplayers.com\/tienda\/sin categor\u00eda\/bocina-eighteen-sound-10-10w500-8\/#primaryimage","url":"https:\/\/www.mexicanguitarplayers.com\/wp-content\/uploads\/2025\/04\/IAEIG10W5008.jpg","contentUrl":"https:\/\/www.mexicanguitarplayers.com\/wp-content\/uploads\/2025\/04\/IAEIG10W5008.jpg","width":1200,"height":1200},{"@type":"BreadcrumbList","@id":"https:\/\/www.mexicanguitarplayers.com\/tienda\/sin categor\u00eda\/bocina-eighteen-sound-10-10w500-8\/#breadcrumb","itemListElement":[{"@type":"ListItem","position":1,"name":"Portada","item":"https:\/\/www.mexicanguitarplayers.com\/"},{"@type":"ListItem","position":2,"name":"Tienda","item":"https:\/\/www.mexicanguitarplayers.com\/tienda\/"},{"@type":"ListItem","position":3,"name":"BOCINA EIGHTEEN SOUND 10 10W500\/8"}]},{"@type":"WebSite","@id":"https:\/\/www.mexicanguitarplayers.com\/#website","url":"https:\/\/www.mexicanguitarplayers.com\/","name":"Mexican Guitar Players","description":"Website","publisher":{"@id":"https:\/\/www.mexicanguitarplayers.com\/#organization"},"potentialAction":[{"@type":"SearchAction","target":{"@type":"EntryPoint","urlTemplate":"https:\/\/www.mexicanguitarplayers.com\/?s={search_term_string}"},"query-input":{"@type":"PropertyValueSpecification","valueRequired":true,"valueName":"search_term_string"}}],"inLanguage":"en-US"},{"@type":"Organization","@id":"https:\/\/www.mexicanguitarplayers.com\/#organization","name":"Mexican Guitar Players","url":"https:\/\/www.mexicanguitarplayers.com\/","logo":{"@type":"ImageObject","inLanguage":"en-US","@id":"https:\/\/www.mexicanguitarplayers.com\/#\/schema\/logo\/image\/","url":"","contentUrl":"","caption":"Mexican Guitar Players"},"image":{"@id":"https:\/\/www.mexicanguitarplayers.com\/#\/schema\/logo\/image\/"}}]}},"brands":[{"id":533,"name":"EIGHTEEN SOUND","slug":"eighteen-sound"}],"_links":{"self":[{"href":"https:\/\/www.mexicanguitarplayers.com\/en\/wp-json\/wp\/v2\/product\/37915","targetHints":{"allow":["GET"]}}],"collection":[{"href":"https:\/\/www.mexicanguitarplayers.com\/en\/wp-json\/wp\/v2\/product"}],"about":[{"href":"https:\/\/www.mexicanguitarplayers.com\/en\/wp-json\/wp\/v2\/types\/product"}],"replies":[{"embeddable":true,"href":"https:\/\/www.mexicanguitarplayers.com\/en\/wp-json\/wp\/v2\/comments?post=37915"}],"wp:featuredmedia":[{"embeddable":true,"href":"https:\/\/www.mexicanguitarplayers.com\/en\/wp-json\/wp\/v2\/media\/37910"}],"wp:attachment":[{"href":"https:\/\/www.mexicanguitarplayers.com\/en\/wp-json\/wp\/v2\/media?parent=37915"}],"wp:term":[{"taxonomy":"pwb-brand","embeddable":true,"href":"https:\/\/www.mexicanguitarplayers.com\/en\/wp-json\/wp\/v2\/pwb-brand?post=37915"},{"taxonomy":"product_brand","embeddable":true,"href":"https:\/\/www.mexicanguitarplayers.com\/en\/wp-json\/wp\/v2\/product_brand?post=37915"},{"taxonomy":"product_cat","embeddable":true,"href":"https:\/\/www.mexicanguitarplayers.com\/en\/wp-json\/wp\/v2\/product_cat?post=37915"},{"taxonomy":"product_tag","embeddable":true,"href":"https:\/\/www.mexicanguitarplayers.com\/en\/wp-json\/wp\/v2\/product_tag?post=37915"}],"curies":[{"name":"wp","href":"https:\/\/api.w.org\/{rel}","templated":true}]}}