{"id":37919,"date":"2025-04-09T05:55:23","date_gmt":"2025-04-09T11:55:23","guid":{"rendered":"https:\/\/www.mexicanguitarplayers.com\/tienda\/sin categor\u00eda\/soporte-hercules-p-luces-ls-700b\/"},"modified":"2026-04-21T13:15:10","modified_gmt":"2026-04-21T19:15:10","slug":"soporte-hercules-p-luces-ls-700b","status":"publish","type":"product","link":"https:\/\/www.mexicanguitarplayers.com\/en\/tienda\/accesorios\/stands\/soporte-hercules-p-luces-ls-700b\/","title":{"rendered":"SOPORTE HERCULES P\/LUCES  LS-700B"},"content":{"rendered":"<div style=\"text-align: justify\">\n<div>\n<h3>El stand m\u00e1s profesional para tus luces.<\/h3>\n<\/div>\n<div>El soporte LS-700B de Hercules para lucces cuenta con un sistema de elevaci\u00f3n Quik-N-EZ para una r\u00e1pido y sencillo ajuste, girando la manivela para subir o bajar el stand.  Los soportes de Hercules est\u00e1n dise\u00f1ados para un sencillo ajuste de la altura y del montaje en general, te ahorran tiempo y esfuerzo para que nada m\u00e1s tengas que concentrarte en tu show.<\/div>\n<div>\n<h4>Quick look<\/h4>\n<\/div>\n<ul style=\"margin: 0px 0px 0px 25px\">\n<li style=\"list-style-type: circle;margin: 5px\">Sistema de elevaci\u00f3n Quik-N-EZ.<\/li>\n<li style=\"list-style-type: circle;margin: 5px\">Tirantes dobles.<\/li>\n<li style=\"list-style-type: circle;margin: 5px\">Forma.<\/li>\n<li style=\"list-style-type: circle;margin: 5px\">Altura.<\/li>\n<li style=\"list-style-type: circle;margin: 5px\">Weight.<\/li>\n<li style=\"list-style-type: circle;margin: 5px\">Di\u00e1metro de la base.<\/li>\n<li style=\"list-style-type: circle;margin: 5px\">Capacidad de carga.<\/li>\n<\/ul>\n<div>\n<div style=\"font-weight: bold\">Sistema de elevaci\u00f3n Quik-N-EZ.<\/div>\n<div>\n<p>Sistema de elevaci\u00f3n Quik-N-EZ permite a una sola persona subir y bajar los focos o las la cajas gracias al revolucionario sistema que maneja las dos secciones simult\u00e1neamente. Gira la manivela en el sentido del reloj para elevar y en el sentido contrario para bajarlos. Una rueda de acci\u00f3n manual asegura el correcto acople de los tubos.<\/p>\n<\/div>\n<div style=\"font-weight: bold\">Tirantes dobles.<\/div>\n<div>\n<p>Las patas est\u00e1n reforzadas con tirantes dobles sin a\u00f1adir peso extra al conjunto.<\/p>\n<\/div>\n<div style=\"font-weight: bold\">Forma.<\/div>\n<div>\n<p>Forma de T en tubos de acero para mayor resistencia.<\/p>\n<\/div>\n<div style=\"font-weight: bold\">Altura.<\/div>\n<div>\n<p>164 &#8211; 350 cm.<\/p>\n<\/div>\n<div style=\"font-weight: bold\">Weight.<\/div>\n<div>\n<p>10.2 Kg.<\/p>\n<\/div>\n<div style=\"font-weight: bold\">Di\u00e1metro de la base.<\/div>\n<div>\n<p>184 cm.<\/p>\n<\/div>\n<div style=\"font-weight: bold\">Capacidad de carga.<\/div>\n<div>\n<p>45 Kg.<\/p>\n<\/div>\n<\/div>\n<\/div>","protected":false},"excerpt":{"rendered":"<p>Soporte Hercules para luces. Modelo: LS-700B. Sistema de elevaci\u00f3n Quik-N-EZ para ajuste r\u00e1pido. Manivela para elevar el stand. Patas reforzadas con tirantes dobles. Tubo acero para mayor resistencia. Altura: 164 &#8211; 350 cm. Peso: 10.2 Kg. Di\u00e1metro de la base: 184 cm. Capacidad de carga: 45 Kg.&hellip; <a class=\"kt-excerpt-readmore more-link\" href=\"https:\/\/www.mexicanguitarplayers.com\/en\/tienda\/accesorios\/stands\/soporte-hercules-p-luces-ls-700b\/\">Read more<\/a><\/p>","protected":false},"featured_media":37918,"comment_status":"open","ping_status":"closed","template":"","meta":{"kt_blocks_editor_width":""},"pwb-brand":[587],"product_brand":[],"product_cat":[85,416],"product_tag":[],"class_list":{"0":"post-37919","1":"product","2":"type-product","3":"status-publish","4":"has-post-thumbnail","6":"pwb-brand-hercules","7":"product_cat-accesorios","8":"product_cat-stands","9":"product_shipping_class-10-15-kg","11":"first","12":"instock","13":"taxable","14":"shipping-taxable","15":"purchasable","16":"product-type-simple"},"yoast_head":"<!-- This site is optimized with the Yoast SEO plugin v27.5 - https:\/\/yoast.com\/product\/yoast-seo-wordpress\/ -->\n<title>SOPORTE HERCULES P\/LUCES LS-700B - Mexican Guitar Players<\/title>\n<meta name=\"description\" content=\"Soporte Hercules para luces. Modelo: LS-700B. Sistema de elevaci\u00f3n Quik-N-EZ para ajuste r\u00e1pido. Manivela para elevar el stand. Patas reforzadas con tirantes dobles. Tubo acero para mayor resistencia. Altura: 164 - 350 cm. Peso: 10.2 Kg. Di\u00e1metro de la base: 184 cm. Capacidad de carga: 45 Kg.\" \/>\n<meta name=\"robots\" content=\"index, follow, max-snippet:-1, max-image-preview:large, max-video-preview:-1\" \/>\n<link rel=\"canonical\" href=\"https:\/\/www.mexicanguitarplayers.com\/en\/tienda\/sin%20categor\u00eda\/soporte-hercules-p-luces-ls-700b\/\" \/>\n<meta property=\"og:locale\" content=\"en_US\" \/>\n<meta property=\"og:type\" content=\"article\" \/>\n<meta property=\"og:title\" content=\"SOPORTE HERCULES P\/LUCES LS-700B - Mexican Guitar Players\" \/>\n<meta property=\"og:description\" content=\"Soporte Hercules para luces. Modelo: LS-700B. Sistema de elevaci\u00f3n Quik-N-EZ para ajuste r\u00e1pido. Manivela para elevar el stand. Patas reforzadas con tirantes dobles. Tubo acero para mayor resistencia. Altura: 164 - 350 cm. Peso: 10.2 Kg. Di\u00e1metro de la base: 184 cm. Capacidad de carga: 45 Kg.\" \/>\n<meta property=\"og:url\" content=\"https:\/\/www.mexicanguitarplayers.com\/en\/tienda\/sin categor\u00eda\/soporte-hercules-p-luces-ls-700b\/\" \/>\n<meta property=\"og:site_name\" content=\"Mexican Guitar Players\" \/>\n<meta property=\"article:modified_time\" content=\"2026-04-21T19:15:10+00:00\" \/>\n<meta name=\"twitter:card\" content=\"summary_large_image\" \/>\n<meta name=\"twitter:label1\" content=\"Est. reading time\" \/>\n\t<meta name=\"twitter:data1\" content=\"1 minute\" \/>\n<script type=\"application\/ld+json\" class=\"yoast-schema-graph\">{\"@context\":\"https:\\\/\\\/schema.org\",\"@graph\":[{\"@type\":[\"WebPage\",\"ItemPage\"],\"@id\":\"https:\\\/\\\/www.mexicanguitarplayers.com\\\/tienda\\\/sin categor\u00eda\\\/soporte-hercules-p-luces-ls-700b\\\/\",\"url\":\"https:\\\/\\\/www.mexicanguitarplayers.com\\\/tienda\\\/sin categor\u00eda\\\/soporte-hercules-p-luces-ls-700b\\\/\",\"name\":\"SOPORTE HERCULES P\\\/LUCES LS-700B - Mexican Guitar Players\",\"isPartOf\":{\"@id\":\"https:\\\/\\\/www.mexicanguitarplayers.com\\\/#website\"},\"primaryImageOfPage\":{\"@id\":\"https:\\\/\\\/www.mexicanguitarplayers.com\\\/tienda\\\/sin categor\u00eda\\\/soporte-hercules-p-luces-ls-700b\\\/#primaryimage\"},\"image\":{\"@id\":\"https:\\\/\\\/www.mexicanguitarplayers.com\\\/tienda\\\/sin categor\u00eda\\\/soporte-hercules-p-luces-ls-700b\\\/#primaryimage\"},\"thumbnailUrl\":\"https:\\\/\\\/www.mexicanguitarplayers.com\\\/wp-content\\\/uploads\\\/2025\\\/04\\\/VAHERLS700B.jpg\",\"datePublished\":\"2025-04-09T11:55:23+00:00\",\"dateModified\":\"2026-04-21T19:15:10+00:00\",\"description\":\"Soporte Hercules para luces. Modelo: LS-700B. Sistema de elevaci\u00f3n Quik-N-EZ para ajuste r\u00e1pido. Manivela para elevar el stand. Patas reforzadas con tirantes dobles. Tubo acero para mayor resistencia. Altura: 164 - 350 cm. Peso: 10.2 Kg. Di\u00e1metro de la base: 184 cm. Capacidad de carga: 45 Kg.\",\"breadcrumb\":{\"@id\":\"https:\\\/\\\/www.mexicanguitarplayers.com\\\/tienda\\\/sin categor\u00eda\\\/soporte-hercules-p-luces-ls-700b\\\/#breadcrumb\"},\"inLanguage\":\"en-US\",\"potentialAction\":[{\"@type\":\"ReadAction\",\"target\":[\"https:\\\/\\\/www.mexicanguitarplayers.com\\\/tienda\\\/sin categor\u00eda\\\/soporte-hercules-p-luces-ls-700b\\\/\"]}]},{\"@type\":\"ImageObject\",\"inLanguage\":\"en-US\",\"@id\":\"https:\\\/\\\/www.mexicanguitarplayers.com\\\/tienda\\\/sin categor\u00eda\\\/soporte-hercules-p-luces-ls-700b\\\/#primaryimage\",\"url\":\"https:\\\/\\\/www.mexicanguitarplayers.com\\\/wp-content\\\/uploads\\\/2025\\\/04\\\/VAHERLS700B.jpg\",\"contentUrl\":\"https:\\\/\\\/www.mexicanguitarplayers.com\\\/wp-content\\\/uploads\\\/2025\\\/04\\\/VAHERLS700B.jpg\",\"width\":1200,\"height\":1200},{\"@type\":\"BreadcrumbList\",\"@id\":\"https:\\\/\\\/www.mexicanguitarplayers.com\\\/tienda\\\/sin categor\u00eda\\\/soporte-hercules-p-luces-ls-700b\\\/#breadcrumb\",\"itemListElement\":[{\"@type\":\"ListItem\",\"position\":1,\"name\":\"Portada\",\"item\":\"https:\\\/\\\/www.mexicanguitarplayers.com\\\/\"},{\"@type\":\"ListItem\",\"position\":2,\"name\":\"Tienda\",\"item\":\"https:\\\/\\\/www.mexicanguitarplayers.com\\\/tienda\\\/\"},{\"@type\":\"ListItem\",\"position\":3,\"name\":\"SOPORTE HERCULES P\\\/LUCES LS-700B\"}]},{\"@type\":\"WebSite\",\"@id\":\"https:\\\/\\\/www.mexicanguitarplayers.com\\\/#website\",\"url\":\"https:\\\/\\\/www.mexicanguitarplayers.com\\\/\",\"name\":\"Mexican Guitar Players\",\"description\":\"Website\",\"publisher\":{\"@id\":\"https:\\\/\\\/www.mexicanguitarplayers.com\\\/#organization\"},\"potentialAction\":[{\"@type\":\"SearchAction\",\"target\":{\"@type\":\"EntryPoint\",\"urlTemplate\":\"https:\\\/\\\/www.mexicanguitarplayers.com\\\/?s={search_term_string}\"},\"query-input\":{\"@type\":\"PropertyValueSpecification\",\"valueRequired\":true,\"valueName\":\"search_term_string\"}}],\"inLanguage\":\"en-US\"},{\"@type\":\"Organization\",\"@id\":\"https:\\\/\\\/www.mexicanguitarplayers.com\\\/#organization\",\"name\":\"Mexican Guitar Players\",\"url\":\"https:\\\/\\\/www.mexicanguitarplayers.com\\\/\",\"logo\":{\"@type\":\"ImageObject\",\"inLanguage\":\"en-US\",\"@id\":\"https:\\\/\\\/www.mexicanguitarplayers.com\\\/#\\\/schema\\\/logo\\\/image\\\/\",\"url\":\"\",\"contentUrl\":\"\",\"caption\":\"Mexican Guitar Players\"},\"image\":{\"@id\":\"https:\\\/\\\/www.mexicanguitarplayers.com\\\/#\\\/schema\\\/logo\\\/image\\\/\"}}]}<\/script>\n<!-- \/ Yoast SEO plugin. -->","yoast_head_json":{"title":"SOPORTE HERCULES P\/LUCES LS-700B - Mexican Guitar Players","description":"Soporte Hercules para luces. Modelo: LS-700B. Sistema de elevaci\u00f3n Quik-N-EZ para ajuste r\u00e1pido. Manivela para elevar el stand. Patas reforzadas con tirantes dobles. Tubo acero para mayor resistencia. Altura: 164 - 350 cm. Peso: 10.2 Kg. Di\u00e1metro de la base: 184 cm. Capacidad de carga: 45 Kg.","robots":{"index":"index","follow":"follow","max-snippet":"max-snippet:-1","max-image-preview":"max-image-preview:large","max-video-preview":"max-video-preview:-1"},"canonical":"https:\/\/www.mexicanguitarplayers.com\/en\/tienda\/sin categor\u00eda\/soporte-hercules-p-luces-ls-700b\/","og_locale":"en_US","og_type":"article","og_title":"SOPORTE HERCULES P\/LUCES LS-700B - Mexican Guitar Players","og_description":"Soporte Hercules para luces. Modelo: LS-700B. Sistema de elevaci\u00f3n Quik-N-EZ para ajuste r\u00e1pido. Manivela para elevar el stand. Patas reforzadas con tirantes dobles. Tubo acero para mayor resistencia. Altura: 164 - 350 cm. Peso: 10.2 Kg. Di\u00e1metro de la base: 184 cm. Capacidad de carga: 45 Kg.","og_url":"https:\/\/www.mexicanguitarplayers.com\/en\/tienda\/sin categor\u00eda\/soporte-hercules-p-luces-ls-700b\/","og_site_name":"Mexican Guitar Players","article_modified_time":"2026-04-21T19:15:10+00:00","twitter_card":"summary_large_image","twitter_misc":{"Est. reading time":"1 minute"},"schema":{"@context":"https:\/\/schema.org","@graph":[{"@type":["WebPage","ItemPage"],"@id":"https:\/\/www.mexicanguitarplayers.com\/tienda\/sin categor\u00eda\/soporte-hercules-p-luces-ls-700b\/","url":"https:\/\/www.mexicanguitarplayers.com\/tienda\/sin categor\u00eda\/soporte-hercules-p-luces-ls-700b\/","name":"SOPORTE HERCULES P\/LUCES LS-700B - Mexican Guitar Players","isPartOf":{"@id":"https:\/\/www.mexicanguitarplayers.com\/#website"},"primaryImageOfPage":{"@id":"https:\/\/www.mexicanguitarplayers.com\/tienda\/sin categor\u00eda\/soporte-hercules-p-luces-ls-700b\/#primaryimage"},"image":{"@id":"https:\/\/www.mexicanguitarplayers.com\/tienda\/sin categor\u00eda\/soporte-hercules-p-luces-ls-700b\/#primaryimage"},"thumbnailUrl":"https:\/\/www.mexicanguitarplayers.com\/wp-content\/uploads\/2025\/04\/VAHERLS700B.jpg","datePublished":"2025-04-09T11:55:23+00:00","dateModified":"2026-04-21T19:15:10+00:00","description":"Soporte Hercules para luces. Modelo: LS-700B. Sistema de elevaci\u00f3n Quik-N-EZ para ajuste r\u00e1pido. Manivela para elevar el stand. Patas reforzadas con tirantes dobles. Tubo acero para mayor resistencia. Altura: 164 - 350 cm. Peso: 10.2 Kg. Di\u00e1metro de la base: 184 cm. Capacidad de carga: 45 Kg.","breadcrumb":{"@id":"https:\/\/www.mexicanguitarplayers.com\/tienda\/sin categor\u00eda\/soporte-hercules-p-luces-ls-700b\/#breadcrumb"},"inLanguage":"en-US","potentialAction":[{"@type":"ReadAction","target":["https:\/\/www.mexicanguitarplayers.com\/tienda\/sin categor\u00eda\/soporte-hercules-p-luces-ls-700b\/"]}]},{"@type":"ImageObject","inLanguage":"en-US","@id":"https:\/\/www.mexicanguitarplayers.com\/tienda\/sin categor\u00eda\/soporte-hercules-p-luces-ls-700b\/#primaryimage","url":"https:\/\/www.mexicanguitarplayers.com\/wp-content\/uploads\/2025\/04\/VAHERLS700B.jpg","contentUrl":"https:\/\/www.mexicanguitarplayers.com\/wp-content\/uploads\/2025\/04\/VAHERLS700B.jpg","width":1200,"height":1200},{"@type":"BreadcrumbList","@id":"https:\/\/www.mexicanguitarplayers.com\/tienda\/sin categor\u00eda\/soporte-hercules-p-luces-ls-700b\/#breadcrumb","itemListElement":[{"@type":"ListItem","position":1,"name":"Portada","item":"https:\/\/www.mexicanguitarplayers.com\/"},{"@type":"ListItem","position":2,"name":"Tienda","item":"https:\/\/www.mexicanguitarplayers.com\/tienda\/"},{"@type":"ListItem","position":3,"name":"SOPORTE HERCULES P\/LUCES LS-700B"}]},{"@type":"WebSite","@id":"https:\/\/www.mexicanguitarplayers.com\/#website","url":"https:\/\/www.mexicanguitarplayers.com\/","name":"Mexican Guitar Players","description":"Website","publisher":{"@id":"https:\/\/www.mexicanguitarplayers.com\/#organization"},"potentialAction":[{"@type":"SearchAction","target":{"@type":"EntryPoint","urlTemplate":"https:\/\/www.mexicanguitarplayers.com\/?s={search_term_string}"},"query-input":{"@type":"PropertyValueSpecification","valueRequired":true,"valueName":"search_term_string"}}],"inLanguage":"en-US"},{"@type":"Organization","@id":"https:\/\/www.mexicanguitarplayers.com\/#organization","name":"Mexican Guitar Players","url":"https:\/\/www.mexicanguitarplayers.com\/","logo":{"@type":"ImageObject","inLanguage":"en-US","@id":"https:\/\/www.mexicanguitarplayers.com\/#\/schema\/logo\/image\/","url":"","contentUrl":"","caption":"Mexican Guitar Players"},"image":{"@id":"https:\/\/www.mexicanguitarplayers.com\/#\/schema\/logo\/image\/"}}]}},"brands":[{"id":587,"name":"HERCULES","slug":"hercules"}],"_links":{"self":[{"href":"https:\/\/www.mexicanguitarplayers.com\/en\/wp-json\/wp\/v2\/product\/37919","targetHints":{"allow":["GET"]}}],"collection":[{"href":"https:\/\/www.mexicanguitarplayers.com\/en\/wp-json\/wp\/v2\/product"}],"about":[{"href":"https:\/\/www.mexicanguitarplayers.com\/en\/wp-json\/wp\/v2\/types\/product"}],"replies":[{"embeddable":true,"href":"https:\/\/www.mexicanguitarplayers.com\/en\/wp-json\/wp\/v2\/comments?post=37919"}],"wp:featuredmedia":[{"embeddable":true,"href":"https:\/\/www.mexicanguitarplayers.com\/en\/wp-json\/wp\/v2\/media\/37918"}],"wp:attachment":[{"href":"https:\/\/www.mexicanguitarplayers.com\/en\/wp-json\/wp\/v2\/media?parent=37919"}],"wp:term":[{"taxonomy":"pwb-brand","embeddable":true,"href":"https:\/\/www.mexicanguitarplayers.com\/en\/wp-json\/wp\/v2\/pwb-brand?post=37919"},{"taxonomy":"product_brand","embeddable":true,"href":"https:\/\/www.mexicanguitarplayers.com\/en\/wp-json\/wp\/v2\/product_brand?post=37919"},{"taxonomy":"product_cat","embeddable":true,"href":"https:\/\/www.mexicanguitarplayers.com\/en\/wp-json\/wp\/v2\/product_cat?post=37919"},{"taxonomy":"product_tag","embeddable":true,"href":"https:\/\/www.mexicanguitarplayers.com\/en\/wp-json\/wp\/v2\/product_tag?post=37919"}],"curies":[{"name":"wp","href":"https:\/\/api.w.org\/{rel}","templated":true}]}}