{"id":37938,"date":"2025-04-09T05:55:47","date_gmt":"2025-04-09T11:55:47","guid":{"rendered":"https:\/\/www.mexicanguitarplayers.com\/tienda\/sin categor\u00eda\/preamplificador-behringer-mod-pp400\/"},"modified":"2026-05-01T07:19:11","modified_gmt":"2026-05-01T13:19:11","slug":"preamplificador-behringer-mod-pp400","status":"publish","type":"product","link":"https:\/\/www.mexicanguitarplayers.com\/en\/tienda\/audio\/interfaces\/preamplificador-behringer-mod-pp400\/","title":{"rendered":"PREAMPLIFICADOR BEHRINGER MOD. PP400"},"content":{"rendered":"<div style=\"text-align: justify\">\n<div>\n<h3>Dale punch sonoro al nivel de tus tornamesas.<\/h3>\n<\/div>\n<div>En la era actual del mp3 y otros formatos de audio digital, puede ser f\u00e1cil olvidar que las se\u00f1ales de tornamesa necesitan un poco de ayuda antes de llegar a tu mezcladora o sistema de entretenimiento en casa, puede traer esos recuerdos a la vida. Gracias a este preamplificador, el tornamesa obtendr\u00e1 el impulso que necesita y podr\u00e1s revivir todos esos preciosos recuerdos, o crear algunos nuevos. Larga vida al vinilo. Este ultra compacto preamplificador cuenta con entradas y salidas RCA est\u00e9reo, as\u00ed como un jack de salida TRS 1\/4&#8243;. Gracias a la incre\u00edble operaci\u00f3n de bajo ruido del PP400, tus discos de vinilo transmitir\u00e1n el sonido exactamente como lo est\u00e1 leyendo la aguja del tornamesa. Incluye un adaptador de 12V que necesitar\u00e1s para alimentar esta peque\u00f1a e impresionante joya.<\/div>\n<div>\n<h4>Quick look<\/h4>\n<\/div>\n<ul style=\"margin: 0px 0px 0px 25px\">\n<li style=\"list-style-type: circle;margin: 5px\">Entrance.<\/li>\n<li style=\"list-style-type: circle;margin: 5px\">Departure.<\/li>\n<li style=\"list-style-type: circle;margin: 5px\">Frequency response.<\/li>\n<li style=\"list-style-type: circle;margin: 5px\">Distorsi\u00f3n arm\u00f3nica total.<\/li>\n<li style=\"list-style-type: circle;margin: 5px\">Ganancia.<\/li>\n<li style=\"list-style-type: circle;margin: 5px\">Signal to noise ratio.<\/li>\n<li style=\"list-style-type: circle;margin: 5px\">Sensibilidad de entrada.<\/li>\n<li style=\"list-style-type: circle;margin: 5px\">Suministro de energ\u00eda.<\/li>\n<li style=\"list-style-type: circle;margin: 5px\">Dimensions.<\/li>\n<li style=\"list-style-type: circle;margin: 5px\">Weight.<\/li>\n<\/ul>\n<div>\n<div style=\"font-weight: bold\">Entrance.<\/div>\n<div>\n<p>Tipo: Conector RCA.Impedancia: Aproximadamente 47 kW.Nivel m\u00e1ximo de entrada: -23 dBV @ 1 kHz.<\/p>\n<\/div>\n<div style=\"font-weight: bold\">Departure.<\/div>\n<div>\n<p>Tipo de conectores.RCA y Jack est\u00e9reo de 6.3 mm.Impedancia: Aproximadamente 50 watts.Nivel m\u00e1ximo de salida: +11.5 dBV @ 1 kHz.<\/p>\n<\/div>\n<div style=\"font-weight: bold\">Frequency response.<\/div>\n<div>\n<p>RIAA.<\/p>\n<\/div>\n<div style=\"font-weight: bold\">Distorsi\u00f3n arm\u00f3nica total.<\/div>\n<div>\n<p>0.06% t\u00edpico @ -40 dBu\/1 kHz.<\/p>\n<\/div>\n<div style=\"font-weight: bold\">Ganancia.<\/div>\n<div>\n<p>35 dB.<\/p>\n<\/div>\n<div style=\"font-weight: bold\">Signal to noise ratio.<\/div>\n<div>\n<p>68 dBu @ 0 dBu, ponderado A.<\/p>\n<\/div>\n<div style=\"font-weight: bold\">Sensibilidad de entrada.<\/div>\n<div>\n<p>5.3 mV @ 1 kHz.<\/p>\n<\/div>\n<div style=\"font-weight: bold\">Suministro de energ\u00eda.<\/div>\n<div>\n<p>Conexi\u00f3n de red: Adaptador de corriente externo. 12V~\/150 mA.Tensi\u00f3n de red: 120V~ 60 Hz.Consumo de energ\u00eda: 1.5 watts.<\/p>\n<\/div>\n<div style=\"font-weight: bold\">Dimensions.<\/div>\n<div>\n<p>32 x 103 x 64 mm.<\/p>\n<\/div>\n<div style=\"font-weight: bold\">Weight.<\/div>\n<div>\n<p>0.180 kg.<\/p>\n<\/div>\n<\/div>\n<\/div>","protected":false},"excerpt":{"rendered":"<p>Preamplificador phono ultra compacto, convierte tu se\u00f1al phono a una se\u00f1al de nivel de l\u00ednea, preamp phono de \u00faltima generaci\u00f3n para acomodar todas las pastillas magn\u00e9ticas, conectores de salida RCA dedicados y TRS 1\/4\u201d, incluye adaptador DC 12 V.&hellip; <a class=\"kt-excerpt-readmore more-link\" href=\"https:\/\/www.mexicanguitarplayers.com\/en\/tienda\/audio\/interfaces\/preamplificador-behringer-mod-pp400\/\">Read more<\/a><\/p>","protected":false},"featured_media":37934,"comment_status":"open","ping_status":"closed","template":"","meta":{"kt_blocks_editor_width":""},"pwb-brand":[171],"product_brand":[],"product_cat":[213,233],"product_tag":[],"class_list":{"0":"post-37938","1":"product","2":"type-product","3":"status-publish","4":"has-post-thumbnail","6":"pwb-brand-behringer","7":"product_cat-audio","8":"product_cat-interfaces","9":"product_shipping_class-0-5-kg","11":"first","12":"instock","13":"taxable","14":"shipping-taxable","15":"purchasable","16":"product-type-simple"},"yoast_head":"<!-- This site is optimized with the Yoast SEO plugin v27.6 - https:\/\/yoast.com\/product\/yoast-seo-wordpress\/ -->\n<title>PREAMPLIFICADOR BEHRINGER MOD. PP400 - Mexican Guitar Players<\/title>\n<meta name=\"description\" content=\"Preamplificador phono ultra compacto, convierte tu se\u00f1al phono a una se\u00f1al de nivel de l\u00ednea, preamp phono de \u00faltima generaci\u00f3n para acomodar todas las pastillas magn\u00e9ticas, conectores de salida RCA dedicados y TRS 1\/4\u201d, incluye adaptador DC 12 V.\" \/>\n<meta name=\"robots\" content=\"index, follow, max-snippet:-1, max-image-preview:large, max-video-preview:-1\" \/>\n<link rel=\"canonical\" href=\"https:\/\/www.mexicanguitarplayers.com\/en\/tienda\/sin%20categor\u00eda\/preamplificador-behringer-mod-pp400\/\" \/>\n<meta property=\"og:locale\" content=\"en_US\" \/>\n<meta property=\"og:type\" content=\"article\" \/>\n<meta property=\"og:title\" content=\"PREAMPLIFICADOR BEHRINGER MOD. PP400 - Mexican Guitar Players\" \/>\n<meta property=\"og:description\" content=\"Preamplificador phono ultra compacto, convierte tu se\u00f1al phono a una se\u00f1al de nivel de l\u00ednea, preamp phono de \u00faltima generaci\u00f3n para acomodar todas las pastillas magn\u00e9ticas, conectores de salida RCA dedicados y TRS 1\/4\u201d, incluye adaptador DC 12 V.\" \/>\n<meta property=\"og:url\" content=\"https:\/\/www.mexicanguitarplayers.com\/en\/tienda\/sin categor\u00eda\/preamplificador-behringer-mod-pp400\/\" \/>\n<meta property=\"og:site_name\" content=\"Mexican Guitar Players\" \/>\n<meta property=\"article:modified_time\" content=\"2026-05-01T13:19:11+00:00\" \/>\n<meta name=\"twitter:card\" content=\"summary_large_image\" \/>\n<meta name=\"twitter:label1\" content=\"Est. reading time\" \/>\n\t<meta name=\"twitter:data1\" content=\"1 minute\" \/>\n<script type=\"application\/ld+json\" class=\"yoast-schema-graph\">{\"@context\":\"https:\\\/\\\/schema.org\",\"@graph\":[{\"@type\":[\"WebPage\",\"ItemPage\"],\"@id\":\"https:\\\/\\\/www.mexicanguitarplayers.com\\\/tienda\\\/sin categor\u00eda\\\/preamplificador-behringer-mod-pp400\\\/\",\"url\":\"https:\\\/\\\/www.mexicanguitarplayers.com\\\/tienda\\\/sin categor\u00eda\\\/preamplificador-behringer-mod-pp400\\\/\",\"name\":\"PREAMPLIFICADOR BEHRINGER MOD. PP400 - Mexican Guitar Players\",\"isPartOf\":{\"@id\":\"https:\\\/\\\/www.mexicanguitarplayers.com\\\/#website\"},\"primaryImageOfPage\":{\"@id\":\"https:\\\/\\\/www.mexicanguitarplayers.com\\\/tienda\\\/sin categor\u00eda\\\/preamplificador-behringer-mod-pp400\\\/#primaryimage\"},\"image\":{\"@id\":\"https:\\\/\\\/www.mexicanguitarplayers.com\\\/tienda\\\/sin categor\u00eda\\\/preamplificador-behringer-mod-pp400\\\/#primaryimage\"},\"thumbnailUrl\":\"https:\\\/\\\/www.mexicanguitarplayers.com\\\/wp-content\\\/uploads\\\/2025\\\/04\\\/IABEHPP400.jpg\",\"datePublished\":\"2025-04-09T11:55:47+00:00\",\"dateModified\":\"2026-05-01T13:19:11+00:00\",\"description\":\"Preamplificador phono ultra compacto, convierte tu se\u00f1al phono a una se\u00f1al de nivel de l\u00ednea, preamp phono de \u00faltima generaci\u00f3n para acomodar todas las pastillas magn\u00e9ticas, conectores de salida RCA dedicados y TRS 1\\\/4\u201d, incluye adaptador DC 12 V.\",\"breadcrumb\":{\"@id\":\"https:\\\/\\\/www.mexicanguitarplayers.com\\\/tienda\\\/sin categor\u00eda\\\/preamplificador-behringer-mod-pp400\\\/#breadcrumb\"},\"inLanguage\":\"en-US\",\"potentialAction\":[{\"@type\":\"ReadAction\",\"target\":[\"https:\\\/\\\/www.mexicanguitarplayers.com\\\/tienda\\\/sin categor\u00eda\\\/preamplificador-behringer-mod-pp400\\\/\"]}]},{\"@type\":\"ImageObject\",\"inLanguage\":\"en-US\",\"@id\":\"https:\\\/\\\/www.mexicanguitarplayers.com\\\/tienda\\\/sin categor\u00eda\\\/preamplificador-behringer-mod-pp400\\\/#primaryimage\",\"url\":\"https:\\\/\\\/www.mexicanguitarplayers.com\\\/wp-content\\\/uploads\\\/2025\\\/04\\\/IABEHPP400.jpg\",\"contentUrl\":\"https:\\\/\\\/www.mexicanguitarplayers.com\\\/wp-content\\\/uploads\\\/2025\\\/04\\\/IABEHPP400.jpg\",\"width\":1200,\"height\":1200},{\"@type\":\"BreadcrumbList\",\"@id\":\"https:\\\/\\\/www.mexicanguitarplayers.com\\\/tienda\\\/sin categor\u00eda\\\/preamplificador-behringer-mod-pp400\\\/#breadcrumb\",\"itemListElement\":[{\"@type\":\"ListItem\",\"position\":1,\"name\":\"Portada\",\"item\":\"https:\\\/\\\/www.mexicanguitarplayers.com\\\/\"},{\"@type\":\"ListItem\",\"position\":2,\"name\":\"Tienda\",\"item\":\"https:\\\/\\\/www.mexicanguitarplayers.com\\\/tienda\\\/\"},{\"@type\":\"ListItem\",\"position\":3,\"name\":\"PREAMPLIFICADOR BEHRINGER MOD. PP400\"}]},{\"@type\":\"WebSite\",\"@id\":\"https:\\\/\\\/www.mexicanguitarplayers.com\\\/#website\",\"url\":\"https:\\\/\\\/www.mexicanguitarplayers.com\\\/\",\"name\":\"Mexican Guitar Players\",\"description\":\"Website\",\"publisher\":{\"@id\":\"https:\\\/\\\/www.mexicanguitarplayers.com\\\/#organization\"},\"potentialAction\":[{\"@type\":\"SearchAction\",\"target\":{\"@type\":\"EntryPoint\",\"urlTemplate\":\"https:\\\/\\\/www.mexicanguitarplayers.com\\\/?s={search_term_string}\"},\"query-input\":{\"@type\":\"PropertyValueSpecification\",\"valueRequired\":true,\"valueName\":\"search_term_string\"}}],\"inLanguage\":\"en-US\"},{\"@type\":\"Organization\",\"@id\":\"https:\\\/\\\/www.mexicanguitarplayers.com\\\/#organization\",\"name\":\"Mexican Guitar Players\",\"url\":\"https:\\\/\\\/www.mexicanguitarplayers.com\\\/\",\"logo\":{\"@type\":\"ImageObject\",\"inLanguage\":\"en-US\",\"@id\":\"https:\\\/\\\/www.mexicanguitarplayers.com\\\/#\\\/schema\\\/logo\\\/image\\\/\",\"url\":\"\",\"contentUrl\":\"\",\"caption\":\"Mexican Guitar Players\"},\"image\":{\"@id\":\"https:\\\/\\\/www.mexicanguitarplayers.com\\\/#\\\/schema\\\/logo\\\/image\\\/\"}}]}<\/script>\n<!-- \/ Yoast SEO plugin. -->","yoast_head_json":{"title":"PREAMPLIFICADOR BEHRINGER MOD. PP400 - Mexican Guitar Players","description":"Preamplificador phono ultra compacto, convierte tu se\u00f1al phono a una se\u00f1al de nivel de l\u00ednea, preamp phono de \u00faltima generaci\u00f3n para acomodar todas las pastillas magn\u00e9ticas, conectores de salida RCA dedicados y TRS 1\/4\u201d, incluye adaptador DC 12 V.","robots":{"index":"index","follow":"follow","max-snippet":"max-snippet:-1","max-image-preview":"max-image-preview:large","max-video-preview":"max-video-preview:-1"},"canonical":"https:\/\/www.mexicanguitarplayers.com\/en\/tienda\/sin categor\u00eda\/preamplificador-behringer-mod-pp400\/","og_locale":"en_US","og_type":"article","og_title":"PREAMPLIFICADOR BEHRINGER MOD. PP400 - Mexican Guitar Players","og_description":"Preamplificador phono ultra compacto, convierte tu se\u00f1al phono a una se\u00f1al de nivel de l\u00ednea, preamp phono de \u00faltima generaci\u00f3n para acomodar todas las pastillas magn\u00e9ticas, conectores de salida RCA dedicados y TRS 1\/4\u201d, incluye adaptador DC 12 V.","og_url":"https:\/\/www.mexicanguitarplayers.com\/en\/tienda\/sin categor\u00eda\/preamplificador-behringer-mod-pp400\/","og_site_name":"Mexican Guitar Players","article_modified_time":"2026-05-01T13:19:11+00:00","twitter_card":"summary_large_image","twitter_misc":{"Est. reading time":"1 minute"},"schema":{"@context":"https:\/\/schema.org","@graph":[{"@type":["WebPage","ItemPage"],"@id":"https:\/\/www.mexicanguitarplayers.com\/tienda\/sin categor\u00eda\/preamplificador-behringer-mod-pp400\/","url":"https:\/\/www.mexicanguitarplayers.com\/tienda\/sin categor\u00eda\/preamplificador-behringer-mod-pp400\/","name":"PREAMPLIFICADOR BEHRINGER MOD. PP400 - Mexican Guitar Players","isPartOf":{"@id":"https:\/\/www.mexicanguitarplayers.com\/#website"},"primaryImageOfPage":{"@id":"https:\/\/www.mexicanguitarplayers.com\/tienda\/sin categor\u00eda\/preamplificador-behringer-mod-pp400\/#primaryimage"},"image":{"@id":"https:\/\/www.mexicanguitarplayers.com\/tienda\/sin categor\u00eda\/preamplificador-behringer-mod-pp400\/#primaryimage"},"thumbnailUrl":"https:\/\/www.mexicanguitarplayers.com\/wp-content\/uploads\/2025\/04\/IABEHPP400.jpg","datePublished":"2025-04-09T11:55:47+00:00","dateModified":"2026-05-01T13:19:11+00:00","description":"Preamplificador phono ultra compacto, convierte tu se\u00f1al phono a una se\u00f1al de nivel de l\u00ednea, preamp phono de \u00faltima generaci\u00f3n para acomodar todas las pastillas magn\u00e9ticas, conectores de salida RCA dedicados y TRS 1\/4\u201d, incluye adaptador DC 12 V.","breadcrumb":{"@id":"https:\/\/www.mexicanguitarplayers.com\/tienda\/sin categor\u00eda\/preamplificador-behringer-mod-pp400\/#breadcrumb"},"inLanguage":"en-US","potentialAction":[{"@type":"ReadAction","target":["https:\/\/www.mexicanguitarplayers.com\/tienda\/sin categor\u00eda\/preamplificador-behringer-mod-pp400\/"]}]},{"@type":"ImageObject","inLanguage":"en-US","@id":"https:\/\/www.mexicanguitarplayers.com\/tienda\/sin categor\u00eda\/preamplificador-behringer-mod-pp400\/#primaryimage","url":"https:\/\/www.mexicanguitarplayers.com\/wp-content\/uploads\/2025\/04\/IABEHPP400.jpg","contentUrl":"https:\/\/www.mexicanguitarplayers.com\/wp-content\/uploads\/2025\/04\/IABEHPP400.jpg","width":1200,"height":1200},{"@type":"BreadcrumbList","@id":"https:\/\/www.mexicanguitarplayers.com\/tienda\/sin categor\u00eda\/preamplificador-behringer-mod-pp400\/#breadcrumb","itemListElement":[{"@type":"ListItem","position":1,"name":"Portada","item":"https:\/\/www.mexicanguitarplayers.com\/"},{"@type":"ListItem","position":2,"name":"Tienda","item":"https:\/\/www.mexicanguitarplayers.com\/tienda\/"},{"@type":"ListItem","position":3,"name":"PREAMPLIFICADOR BEHRINGER MOD. PP400"}]},{"@type":"WebSite","@id":"https:\/\/www.mexicanguitarplayers.com\/#website","url":"https:\/\/www.mexicanguitarplayers.com\/","name":"Mexican Guitar Players","description":"Website","publisher":{"@id":"https:\/\/www.mexicanguitarplayers.com\/#organization"},"potentialAction":[{"@type":"SearchAction","target":{"@type":"EntryPoint","urlTemplate":"https:\/\/www.mexicanguitarplayers.com\/?s={search_term_string}"},"query-input":{"@type":"PropertyValueSpecification","valueRequired":true,"valueName":"search_term_string"}}],"inLanguage":"en-US"},{"@type":"Organization","@id":"https:\/\/www.mexicanguitarplayers.com\/#organization","name":"Mexican Guitar Players","url":"https:\/\/www.mexicanguitarplayers.com\/","logo":{"@type":"ImageObject","inLanguage":"en-US","@id":"https:\/\/www.mexicanguitarplayers.com\/#\/schema\/logo\/image\/","url":"","contentUrl":"","caption":"Mexican Guitar Players"},"image":{"@id":"https:\/\/www.mexicanguitarplayers.com\/#\/schema\/logo\/image\/"}}]}},"brands":[{"id":171,"name":"BEHRINGER","slug":"behringer"}],"_links":{"self":[{"href":"https:\/\/www.mexicanguitarplayers.com\/en\/wp-json\/wp\/v2\/product\/37938","targetHints":{"allow":["GET"]}}],"collection":[{"href":"https:\/\/www.mexicanguitarplayers.com\/en\/wp-json\/wp\/v2\/product"}],"about":[{"href":"https:\/\/www.mexicanguitarplayers.com\/en\/wp-json\/wp\/v2\/types\/product"}],"replies":[{"embeddable":true,"href":"https:\/\/www.mexicanguitarplayers.com\/en\/wp-json\/wp\/v2\/comments?post=37938"}],"wp:featuredmedia":[{"embeddable":true,"href":"https:\/\/www.mexicanguitarplayers.com\/en\/wp-json\/wp\/v2\/media\/37934"}],"wp:attachment":[{"href":"https:\/\/www.mexicanguitarplayers.com\/en\/wp-json\/wp\/v2\/media?parent=37938"}],"wp:term":[{"taxonomy":"pwb-brand","embeddable":true,"href":"https:\/\/www.mexicanguitarplayers.com\/en\/wp-json\/wp\/v2\/pwb-brand?post=37938"},{"taxonomy":"product_brand","embeddable":true,"href":"https:\/\/www.mexicanguitarplayers.com\/en\/wp-json\/wp\/v2\/product_brand?post=37938"},{"taxonomy":"product_cat","embeddable":true,"href":"https:\/\/www.mexicanguitarplayers.com\/en\/wp-json\/wp\/v2\/product_cat?post=37938"},{"taxonomy":"product_tag","embeddable":true,"href":"https:\/\/www.mexicanguitarplayers.com\/en\/wp-json\/wp\/v2\/product_tag?post=37938"}],"curies":[{"name":"wp","href":"https:\/\/api.w.org\/{rel}","templated":true}]}}