{"id":37950,"date":"2025-04-09T05:56:01","date_gmt":"2025-04-09T11:56:01","guid":{"rendered":"https:\/\/www.mexicanguitarplayers.com\/tienda\/sin categor\u00eda\/pastillas-sd-juego-sc-quarter-pound-strt\/"},"modified":"2026-05-01T07:19:10","modified_gmt":"2026-05-01T13:19:10","slug":"pastillas-sd-juego-sc-quarter-pound-strt","status":"publish","type":"product","link":"https:\/\/www.mexicanguitarplayers.com\/en\/tienda\/accesorios\/para-guitarras\/pastillas-para-guitarra-electrica\/pastillas-sd-juego-sc-quarter-pound-strt\/","title":{"rendered":"PASTILLAS SD JUEGO SC QUARTER POUND STRT"},"content":{"rendered":"<div style=\"text-align: justify\">\n<div>\n<h3>Esta pastilla transformar\u00e1 cualquier Strato en una bestia.<\/h3>\n<\/div>\n<div>Con m\u00e1s del doble de la potencia de una Stratocaster single-coil tradicional, las pastillas Quarter Pound transformar\u00e1n cualquier Strato en una bestia gru\u00f1ona y te brindar\u00e1n un tono gordo y contundente con mucho brillo en el top-end. Estas pastillas Strato de alta salida te dar\u00e1n acordes robustos y las notas individuales saltar\u00e1n de una manera que ninguna otra pastilla puede ofrecer. Los imanes de alnico 5 de 1\/4&#8243; de di\u00e1metro pulidos a mano individualmente, ayudan a darle un mont\u00f3n de brillo high-end y los arm\u00f3nicos de rango medio superior que hacen que esta pastilla sea tan especial. La pastilla al centro es RW\/RP para un funcionamiento silencioso en las posiciones 2 y 4. Las pastillas del brazo\/puente y del centro tambi\u00e9n est\u00e1n disponibles en una variaci\u00f3n de tapping opcional, lo que te permite aprovechar las tonalidades vintage y de alta salida con un solo set. Estas bobinas se construyen a mano, se sumergen en laca, luego se bobinan y se enceran para obtener un rendimiento sin chirridos. Utilizamos un dise\u00f1o plano de Forbon &#8220;ovalado&#8221; moderno (no triangular) que permite que las pastillas Strat Quarter Pound de alta salida encajen en cualquier guitarra enrutada hacia single-coils. Los modelos de brazo\/centro\/puente tendr\u00e1n la misma salida, direcci\u00f3n de bobinado y polaridad magn\u00e9tica. La posici\u00f3n RwRP central (bobinado inverso \/ polaridad inversa), elije esta opci\u00f3n para tener una pastilla que cancele el zumbido con uno de nuestros modelos de brazo o puente. Todos los sets, excepto el modelo exclusivo de Jimi Hendrix, vienen con un RWRP central como pastilla central. Tapped: Los modelos de alto rendimiento pueden tener una opci\u00f3n de &#8220;tap&#8221; disponible. Se coloca un cable conductor adicional a la mitad del bobinado, lo que permite el cableado a un potenci\u00f3metro push-pull o un mini switch de palanca para brindar una opci\u00f3n de nivel de salida vintage adicional.<\/div>\n<div>\n<h4>Quick look<\/h4>\n<\/div>\n<ul style=\"margin: 0px 0px 0px 25px\">\n<li style=\"list-style-type: circle;margin: 5px\">Modelo.<\/li>\n<li style=\"list-style-type: circle;margin: 5px\">Posici\u00f3n.<\/li>\n<li style=\"list-style-type: circle;margin: 5px\">Espaciado.<\/li>\n<li style=\"list-style-type: circle;margin: 5px\">Alambrado.<\/li>\n<li style=\"list-style-type: circle;margin: 5px\">Im\u00e1n.<\/li>\n<li style=\"list-style-type: circle;margin: 5px\">Resistencia.<\/li>\n<\/ul>\n<div>\n<div style=\"font-weight: bold\">Modelo.<\/div>\n<div>\n<p>Quarter Pound.<\/p>\n<\/div>\n<div style=\"font-weight: bold\">Posici\u00f3n.<\/div>\n<div>\n<p>Para brazo, centro y puente.<\/p>\n<\/div>\n<div style=\"font-weight: bold\">Espaciado.<\/div>\n<div>\n<p>Est\u00e1ndar.<\/p>\n<\/div>\n<div style=\"font-weight: bold\">Alambrado.<\/div>\n<div>\n<p>PVC Lead Wire.<\/p>\n<\/div>\n<div style=\"font-weight: bold\">Im\u00e1n.<\/div>\n<div>\n<p>Alinico 5.<\/p>\n<\/div>\n<div style=\"font-weight: bold\">Resistencia.<\/div>\n<div>\n<p>Brazo: 12.37 kilo-ohms. Centro: 12.87 kilo-ohms. Puente: 13.4 kilo-ohms.<\/p>\n<\/div>\n<\/div>\n<\/div>","protected":false},"excerpt":{"rendered":"<p>Set de pastillas single-coil, modelo Quarter Pound, posiciones: puente, central y brazo, im\u00e1n: alnico 5, cableado: PVC Lead Wire, tipo: pasivo, resistencia brazo: 12.37 kilo-ohms, resistencia centro: 12.87 kilo-ohms, resistencia puente: 13.4 kilo-ohms, estas pastillas Strat de alta salida brindan ese enorme tono Ritche Blackmore Strat, grande, malo y perfecto para rock pesado.&hellip; <a class=\"kt-excerpt-readmore more-link\" href=\"https:\/\/www.mexicanguitarplayers.com\/en\/tienda\/accesorios\/para-guitarras\/pastillas-para-guitarra-electrica\/pastillas-sd-juego-sc-quarter-pound-strt\/\">Read more<\/a><\/p>","protected":false},"featured_media":37945,"comment_status":"open","ping_status":"closed","template":"","meta":{"kt_blocks_editor_width":""},"pwb-brand":[502],"product_brand":[],"product_cat":[85,336,353],"product_tag":[],"class_list":{"0":"post-37950","1":"product","2":"type-product","3":"status-publish","4":"has-post-thumbnail","6":"pwb-brand-seymour-duncan","7":"product_cat-accesorios","8":"product_cat-para-guitarras","9":"product_cat-pastillas-para-guitarra-electrica","10":"product_shipping_class-0-5-kg","12":"first","13":"instock","14":"taxable","15":"shipping-taxable","16":"purchasable","17":"product-type-simple"},"yoast_head":"<!-- This site is optimized with the Yoast SEO plugin v27.5 - https:\/\/yoast.com\/product\/yoast-seo-wordpress\/ -->\n<title>PASTILLAS SD JUEGO SC QUARTER POUND STRT - Mexican Guitar Players<\/title>\n<meta name=\"description\" content=\"Set de pastillas single-coil, modelo Quarter Pound, posiciones: puente, central y brazo, im\u00e1n: alnico 5, cableado: PVC Lead Wire, tipo: pasivo, resistencia brazo: 12.37 kilo-ohms, resistencia centro: 12.87 kilo-ohms, resistencia puente: 13.4 kilo-ohms, estas pastillas Strat de alta salida brindan ese enorme tono Ritche Blackmore Strat, grande, malo y perfecto para rock pesado.\" \/>\n<meta name=\"robots\" content=\"index, follow, max-snippet:-1, max-image-preview:large, max-video-preview:-1\" \/>\n<link rel=\"canonical\" href=\"https:\/\/www.mexicanguitarplayers.com\/en\/tienda\/sin%20categor\u00eda\/pastillas-sd-juego-sc-quarter-pound-strt\/\" \/>\n<meta property=\"og:locale\" content=\"en_US\" \/>\n<meta property=\"og:type\" content=\"article\" \/>\n<meta property=\"og:title\" content=\"PASTILLAS SD JUEGO SC QUARTER POUND STRT - Mexican Guitar Players\" \/>\n<meta property=\"og:description\" content=\"Set de pastillas single-coil, modelo Quarter Pound, posiciones: puente, central y brazo, im\u00e1n: alnico 5, cableado: PVC Lead Wire, tipo: pasivo, resistencia brazo: 12.37 kilo-ohms, resistencia centro: 12.87 kilo-ohms, resistencia puente: 13.4 kilo-ohms, estas pastillas Strat de alta salida brindan ese enorme tono Ritche Blackmore Strat, grande, malo y perfecto para rock pesado.\" \/>\n<meta property=\"og:url\" content=\"https:\/\/www.mexicanguitarplayers.com\/en\/tienda\/sin categor\u00eda\/pastillas-sd-juego-sc-quarter-pound-strt\/\" \/>\n<meta property=\"og:site_name\" content=\"Mexican Guitar Players\" \/>\n<meta property=\"article:modified_time\" content=\"2026-05-01T13:19:10+00:00\" \/>\n<meta name=\"twitter:card\" content=\"summary_large_image\" \/>\n<meta name=\"twitter:label1\" content=\"Est. reading time\" \/>\n\t<meta name=\"twitter:data1\" content=\"2 minutes\" \/>\n<script type=\"application\/ld+json\" class=\"yoast-schema-graph\">{\"@context\":\"https:\\\/\\\/schema.org\",\"@graph\":[{\"@type\":[\"WebPage\",\"ItemPage\"],\"@id\":\"https:\\\/\\\/www.mexicanguitarplayers.com\\\/tienda\\\/sin categor\u00eda\\\/pastillas-sd-juego-sc-quarter-pound-strt\\\/\",\"url\":\"https:\\\/\\\/www.mexicanguitarplayers.com\\\/tienda\\\/sin categor\u00eda\\\/pastillas-sd-juego-sc-quarter-pound-strt\\\/\",\"name\":\"PASTILLAS SD JUEGO SC QUARTER POUND STRT - Mexican Guitar Players\",\"isPartOf\":{\"@id\":\"https:\\\/\\\/www.mexicanguitarplayers.com\\\/#website\"},\"primaryImageOfPage\":{\"@id\":\"https:\\\/\\\/www.mexicanguitarplayers.com\\\/tienda\\\/sin categor\u00eda\\\/pastillas-sd-juego-sc-quarter-pound-strt\\\/#primaryimage\"},\"image\":{\"@id\":\"https:\\\/\\\/www.mexicanguitarplayers.com\\\/tienda\\\/sin categor\u00eda\\\/pastillas-sd-juego-sc-quarter-pound-strt\\\/#primaryimage\"},\"thumbnailUrl\":\"https:\\\/\\\/www.mexicanguitarplayers.com\\\/wp-content\\\/uploads\\\/2025\\\/04\\\/RASEOSSL4QSSET.jpg\",\"datePublished\":\"2025-04-09T11:56:01+00:00\",\"dateModified\":\"2026-05-01T13:19:10+00:00\",\"description\":\"Set de pastillas single-coil, modelo Quarter Pound, posiciones: puente, central y brazo, im\u00e1n: alnico 5, cableado: PVC Lead Wire, tipo: pasivo, resistencia brazo: 12.37 kilo-ohms, resistencia centro: 12.87 kilo-ohms, resistencia puente: 13.4 kilo-ohms, estas pastillas Strat de alta salida brindan ese enorme tono Ritche Blackmore Strat, grande, malo y perfecto para rock pesado.\",\"breadcrumb\":{\"@id\":\"https:\\\/\\\/www.mexicanguitarplayers.com\\\/tienda\\\/sin categor\u00eda\\\/pastillas-sd-juego-sc-quarter-pound-strt\\\/#breadcrumb\"},\"inLanguage\":\"en-US\",\"potentialAction\":[{\"@type\":\"ReadAction\",\"target\":[\"https:\\\/\\\/www.mexicanguitarplayers.com\\\/tienda\\\/sin categor\u00eda\\\/pastillas-sd-juego-sc-quarter-pound-strt\\\/\"]}]},{\"@type\":\"ImageObject\",\"inLanguage\":\"en-US\",\"@id\":\"https:\\\/\\\/www.mexicanguitarplayers.com\\\/tienda\\\/sin categor\u00eda\\\/pastillas-sd-juego-sc-quarter-pound-strt\\\/#primaryimage\",\"url\":\"https:\\\/\\\/www.mexicanguitarplayers.com\\\/wp-content\\\/uploads\\\/2025\\\/04\\\/RASEOSSL4QSSET.jpg\",\"contentUrl\":\"https:\\\/\\\/www.mexicanguitarplayers.com\\\/wp-content\\\/uploads\\\/2025\\\/04\\\/RASEOSSL4QSSET.jpg\",\"width\":1200,\"height\":1200},{\"@type\":\"BreadcrumbList\",\"@id\":\"https:\\\/\\\/www.mexicanguitarplayers.com\\\/tienda\\\/sin categor\u00eda\\\/pastillas-sd-juego-sc-quarter-pound-strt\\\/#breadcrumb\",\"itemListElement\":[{\"@type\":\"ListItem\",\"position\":1,\"name\":\"Portada\",\"item\":\"https:\\\/\\\/www.mexicanguitarplayers.com\\\/\"},{\"@type\":\"ListItem\",\"position\":2,\"name\":\"Tienda\",\"item\":\"https:\\\/\\\/www.mexicanguitarplayers.com\\\/tienda\\\/\"},{\"@type\":\"ListItem\",\"position\":3,\"name\":\"PASTILLAS SD JUEGO SC QUARTER POUND STRT\"}]},{\"@type\":\"WebSite\",\"@id\":\"https:\\\/\\\/www.mexicanguitarplayers.com\\\/#website\",\"url\":\"https:\\\/\\\/www.mexicanguitarplayers.com\\\/\",\"name\":\"Mexican Guitar Players\",\"description\":\"Website\",\"publisher\":{\"@id\":\"https:\\\/\\\/www.mexicanguitarplayers.com\\\/#organization\"},\"potentialAction\":[{\"@type\":\"SearchAction\",\"target\":{\"@type\":\"EntryPoint\",\"urlTemplate\":\"https:\\\/\\\/www.mexicanguitarplayers.com\\\/?s={search_term_string}\"},\"query-input\":{\"@type\":\"PropertyValueSpecification\",\"valueRequired\":true,\"valueName\":\"search_term_string\"}}],\"inLanguage\":\"en-US\"},{\"@type\":\"Organization\",\"@id\":\"https:\\\/\\\/www.mexicanguitarplayers.com\\\/#organization\",\"name\":\"Mexican Guitar Players\",\"url\":\"https:\\\/\\\/www.mexicanguitarplayers.com\\\/\",\"logo\":{\"@type\":\"ImageObject\",\"inLanguage\":\"en-US\",\"@id\":\"https:\\\/\\\/www.mexicanguitarplayers.com\\\/#\\\/schema\\\/logo\\\/image\\\/\",\"url\":\"\",\"contentUrl\":\"\",\"caption\":\"Mexican Guitar Players\"},\"image\":{\"@id\":\"https:\\\/\\\/www.mexicanguitarplayers.com\\\/#\\\/schema\\\/logo\\\/image\\\/\"}}]}<\/script>\n<!-- \/ Yoast SEO plugin. -->","yoast_head_json":{"title":"PASTILLAS SD JUEGO SC QUARTER POUND STRT - Mexican Guitar Players","description":"Set de pastillas single-coil, modelo Quarter Pound, posiciones: puente, central y brazo, im\u00e1n: alnico 5, cableado: PVC Lead Wire, tipo: pasivo, resistencia brazo: 12.37 kilo-ohms, resistencia centro: 12.87 kilo-ohms, resistencia puente: 13.4 kilo-ohms, estas pastillas Strat de alta salida brindan ese enorme tono Ritche Blackmore Strat, grande, malo y perfecto para rock pesado.","robots":{"index":"index","follow":"follow","max-snippet":"max-snippet:-1","max-image-preview":"max-image-preview:large","max-video-preview":"max-video-preview:-1"},"canonical":"https:\/\/www.mexicanguitarplayers.com\/en\/tienda\/sin categor\u00eda\/pastillas-sd-juego-sc-quarter-pound-strt\/","og_locale":"en_US","og_type":"article","og_title":"PASTILLAS SD JUEGO SC QUARTER POUND STRT - Mexican Guitar Players","og_description":"Set de pastillas single-coil, modelo Quarter Pound, posiciones: puente, central y brazo, im\u00e1n: alnico 5, cableado: PVC Lead Wire, tipo: pasivo, resistencia brazo: 12.37 kilo-ohms, resistencia centro: 12.87 kilo-ohms, resistencia puente: 13.4 kilo-ohms, estas pastillas Strat de alta salida brindan ese enorme tono Ritche Blackmore Strat, grande, malo y perfecto para rock pesado.","og_url":"https:\/\/www.mexicanguitarplayers.com\/en\/tienda\/sin categor\u00eda\/pastillas-sd-juego-sc-quarter-pound-strt\/","og_site_name":"Mexican Guitar Players","article_modified_time":"2026-05-01T13:19:10+00:00","twitter_card":"summary_large_image","twitter_misc":{"Est. reading time":"2 minutes"},"schema":{"@context":"https:\/\/schema.org","@graph":[{"@type":["WebPage","ItemPage"],"@id":"https:\/\/www.mexicanguitarplayers.com\/tienda\/sin categor\u00eda\/pastillas-sd-juego-sc-quarter-pound-strt\/","url":"https:\/\/www.mexicanguitarplayers.com\/tienda\/sin categor\u00eda\/pastillas-sd-juego-sc-quarter-pound-strt\/","name":"PASTILLAS SD JUEGO SC QUARTER POUND STRT - Mexican Guitar Players","isPartOf":{"@id":"https:\/\/www.mexicanguitarplayers.com\/#website"},"primaryImageOfPage":{"@id":"https:\/\/www.mexicanguitarplayers.com\/tienda\/sin categor\u00eda\/pastillas-sd-juego-sc-quarter-pound-strt\/#primaryimage"},"image":{"@id":"https:\/\/www.mexicanguitarplayers.com\/tienda\/sin categor\u00eda\/pastillas-sd-juego-sc-quarter-pound-strt\/#primaryimage"},"thumbnailUrl":"https:\/\/www.mexicanguitarplayers.com\/wp-content\/uploads\/2025\/04\/RASEOSSL4QSSET.jpg","datePublished":"2025-04-09T11:56:01+00:00","dateModified":"2026-05-01T13:19:10+00:00","description":"Set de pastillas single-coil, modelo Quarter Pound, posiciones: puente, central y brazo, im\u00e1n: alnico 5, cableado: PVC Lead Wire, tipo: pasivo, resistencia brazo: 12.37 kilo-ohms, resistencia centro: 12.87 kilo-ohms, resistencia puente: 13.4 kilo-ohms, estas pastillas Strat de alta salida brindan ese enorme tono Ritche Blackmore Strat, grande, malo y perfecto para rock pesado.","breadcrumb":{"@id":"https:\/\/www.mexicanguitarplayers.com\/tienda\/sin categor\u00eda\/pastillas-sd-juego-sc-quarter-pound-strt\/#breadcrumb"},"inLanguage":"en-US","potentialAction":[{"@type":"ReadAction","target":["https:\/\/www.mexicanguitarplayers.com\/tienda\/sin categor\u00eda\/pastillas-sd-juego-sc-quarter-pound-strt\/"]}]},{"@type":"ImageObject","inLanguage":"en-US","@id":"https:\/\/www.mexicanguitarplayers.com\/tienda\/sin categor\u00eda\/pastillas-sd-juego-sc-quarter-pound-strt\/#primaryimage","url":"https:\/\/www.mexicanguitarplayers.com\/wp-content\/uploads\/2025\/04\/RASEOSSL4QSSET.jpg","contentUrl":"https:\/\/www.mexicanguitarplayers.com\/wp-content\/uploads\/2025\/04\/RASEOSSL4QSSET.jpg","width":1200,"height":1200},{"@type":"BreadcrumbList","@id":"https:\/\/www.mexicanguitarplayers.com\/tienda\/sin categor\u00eda\/pastillas-sd-juego-sc-quarter-pound-strt\/#breadcrumb","itemListElement":[{"@type":"ListItem","position":1,"name":"Portada","item":"https:\/\/www.mexicanguitarplayers.com\/"},{"@type":"ListItem","position":2,"name":"Tienda","item":"https:\/\/www.mexicanguitarplayers.com\/tienda\/"},{"@type":"ListItem","position":3,"name":"PASTILLAS SD JUEGO SC QUARTER POUND STRT"}]},{"@type":"WebSite","@id":"https:\/\/www.mexicanguitarplayers.com\/#website","url":"https:\/\/www.mexicanguitarplayers.com\/","name":"Mexican Guitar Players","description":"Website","publisher":{"@id":"https:\/\/www.mexicanguitarplayers.com\/#organization"},"potentialAction":[{"@type":"SearchAction","target":{"@type":"EntryPoint","urlTemplate":"https:\/\/www.mexicanguitarplayers.com\/?s={search_term_string}"},"query-input":{"@type":"PropertyValueSpecification","valueRequired":true,"valueName":"search_term_string"}}],"inLanguage":"en-US"},{"@type":"Organization","@id":"https:\/\/www.mexicanguitarplayers.com\/#organization","name":"Mexican Guitar Players","url":"https:\/\/www.mexicanguitarplayers.com\/","logo":{"@type":"ImageObject","inLanguage":"en-US","@id":"https:\/\/www.mexicanguitarplayers.com\/#\/schema\/logo\/image\/","url":"","contentUrl":"","caption":"Mexican Guitar Players"},"image":{"@id":"https:\/\/www.mexicanguitarplayers.com\/#\/schema\/logo\/image\/"}}]}},"brands":[{"id":502,"name":"SEYMOUR DUNCAN","slug":"seymour-duncan"}],"_links":{"self":[{"href":"https:\/\/www.mexicanguitarplayers.com\/en\/wp-json\/wp\/v2\/product\/37950","targetHints":{"allow":["GET"]}}],"collection":[{"href":"https:\/\/www.mexicanguitarplayers.com\/en\/wp-json\/wp\/v2\/product"}],"about":[{"href":"https:\/\/www.mexicanguitarplayers.com\/en\/wp-json\/wp\/v2\/types\/product"}],"replies":[{"embeddable":true,"href":"https:\/\/www.mexicanguitarplayers.com\/en\/wp-json\/wp\/v2\/comments?post=37950"}],"wp:featuredmedia":[{"embeddable":true,"href":"https:\/\/www.mexicanguitarplayers.com\/en\/wp-json\/wp\/v2\/media\/37945"}],"wp:attachment":[{"href":"https:\/\/www.mexicanguitarplayers.com\/en\/wp-json\/wp\/v2\/media?parent=37950"}],"wp:term":[{"taxonomy":"pwb-brand","embeddable":true,"href":"https:\/\/www.mexicanguitarplayers.com\/en\/wp-json\/wp\/v2\/pwb-brand?post=37950"},{"taxonomy":"product_brand","embeddable":true,"href":"https:\/\/www.mexicanguitarplayers.com\/en\/wp-json\/wp\/v2\/product_brand?post=37950"},{"taxonomy":"product_cat","embeddable":true,"href":"https:\/\/www.mexicanguitarplayers.com\/en\/wp-json\/wp\/v2\/product_cat?post=37950"},{"taxonomy":"product_tag","embeddable":true,"href":"https:\/\/www.mexicanguitarplayers.com\/en\/wp-json\/wp\/v2\/product_tag?post=37950"}],"curies":[{"name":"wp","href":"https:\/\/api.w.org\/{rel}","templated":true}]}}