{"id":37958,"date":"2025-04-09T05:56:12","date_gmt":"2025-04-09T11:56:12","guid":{"rendered":"https:\/\/www.mexicanguitarplayers.com\/tienda\/sin categor\u00eda\/medusa-midas-digital-mod-dl16\/"},"modified":"2026-01-14T04:20:04","modified_gmt":"2026-01-14T10:20:04","slug":"medusa-midas-digital-mod-dl16","status":"publish","type":"product","link":"https:\/\/www.mexicanguitarplayers.com\/en\/tienda\/audio\/interfaces\/medusa-midas-digital-mod-dl16\/","title":{"rendered":"MEDUSA MIDAS DIGITAL   MOD. DL16"},"content":{"rendered":"<div style=\"text-align: justify\">\n<div>\n<h3>La mejor tecnolog\u00eda en audio.<\/h3>\n<\/div>\n<div>La mezcla digital ha revolucionado casi todo el flujo de trabajo de producci\u00f3n de entretenimiento en vivo. La DL16 es la soluci\u00f3n perfecta para conectar el talento en el escenario con tu consola FOH y el resto del mundo. La DL16 proporciona 16 preamps de micr\u00f3fono de la serie Midas Pro, controlables a distancia y 8 retornos XLR an\u00e1logos balanceados y todo lo que se necesita es un cable CAT5 (hasta 100 metros). Mientras Klark Teknik, el l\u00edder de la industria de procesamiento de audio digital de gama alta, invent\u00f3 la tecnolog\u00eda AES50 SuperMAC que lo hizo posible, nuestra magn\u00edfica escala de producci\u00f3n hace la DL16 muy asequible.<\/div>\n<div>\n<h4>Quick look<\/h4>\n<\/div>\n<ul style=\"margin: 0px 0px 0px 25px\">\n<li style=\"list-style-type: circle;margin: 5px\">Entradas de micr\u00f3fono.<\/li>\n<li style=\"list-style-type: circle;margin: 5px\">Salidas (an\u00e1logas).<\/li>\n<li style=\"list-style-type: circle;margin: 5px\">Preamps.<\/li>\n<li style=\"list-style-type: circle;margin: 5px\">MIDI I\/O.<\/li>\n<li style=\"list-style-type: circle;margin: 5px\">Monitoreo.<\/li>\n<li style=\"list-style-type: circle;margin: 5px\">Aud\u00edfonos.<\/li>\n<li style=\"list-style-type: circle;margin: 5px\">Red.<\/li>\n<li style=\"list-style-type: circle;margin: 5px\">Cables de red.<\/li>\n<li style=\"list-style-type: circle;margin: 5px\">Power supply.<\/li>\n<li style=\"list-style-type: circle;margin: 5px\">Dimensions.<\/li>\n<li style=\"list-style-type: circle;margin: 5px\">Weight.<\/li>\n<\/ul>\n<div>\n<div style=\"font-weight: bold\">Entradas de micr\u00f3fono.<\/div>\n<div>\n<p>16 XLR macho de 3 pines, Neutrik (potencia phantom + 48V).<\/p>\n<\/div>\n<div style=\"font-weight: bold\">Salidas (an\u00e1logas).<\/div>\n<div>\n<p>8 XLR hembra de 3 pines, Neutrik. Dual ADAT<\/p>\n<\/div>\n<div style=\"font-weight: bold\">Preamps.<\/div>\n<div>\n<p>16 Midas PRO.<\/p>\n<\/div>\n<div style=\"font-weight: bold\">MIDI I\/O.<\/div>\n<div>\n<p>Para comunicaci\u00f3n direccional.<\/p>\n<\/div>\n<div style=\"font-weight: bold\">Monitoreo.<\/div>\n<div>\n<p>Sistema de monitoreo personal Ultranet.<\/p>\n<\/div>\n<div style=\"font-weight: bold\">Aud\u00edfonos.<\/div>\n<div>\n<p>1 salida de 1\/4&#8243; (6.3 mm) TRS.<\/p>\n<\/div>\n<div style=\"font-weight: bold\">Red.<\/div>\n<div>\n<p>Puertos AES con tecnolog\u00eda SuperMAC de Klark Teknik.<\/p>\n<\/div>\n<div style=\"font-weight: bold\">Cables de red.<\/div>\n<div>\n<p>CAT5\/5e hasta para 100 metros.<\/p>\n<\/div>\n<div style=\"font-weight: bold\">Power supply.<\/div>\n<div>\n<p>Fuente de alimentaci\u00f3n  conmutada universal de rango completo.<\/p>\n<\/div>\n<div style=\"font-weight: bold\">Dimensions.<\/div>\n<div>\n<p>546.1 x 307.34 x 147.32 mm.<\/p>\n<\/div>\n<div style=\"font-weight: bold\">Weight.<\/div>\n<div>\n<p>6.1 kg.<\/p>\n<\/div>\n<\/div>\n<\/div>","protected":false},"excerpt":{"rendered":"<p>Medusa digital de 16 entradas y 8 salidas, 16 preamps MIDAS con potencia phantom, conectividad de sistema de monitoreo personal Ultranet para aplicaciones in-ear, salidas ADAT duales para usar en modo splitter y aplicaciones independientes de varios n\u00facleos digitales, dos puertos AES-3 (AES\/EBU), operaci\u00f3n remota hasta100 metros a trav\u00e9s de cable CAT5, MIDI In\/Out para comunicaci\u00f3n bidireccional entre consola FOH y dispositivos MIDI, Neutrik etherCON AES50 y puertos de red Ultranet, chasis de  montaje de 2 unidades de rack, fuente de alimentaci\u00f3n universal conmutada de rango autom\u00e1tico, funci\u00f3n de \u201dMute-All-Inputs\u201d para parchar cualquier entrada en el escenario, dimensiones: 546.1 x 307.34 x 147.32 mm, peso: 6.1 kg.&hellip; <a class=\"kt-excerpt-readmore more-link\" href=\"https:\/\/www.mexicanguitarplayers.com\/en\/tienda\/audio\/interfaces\/medusa-midas-digital-mod-dl16\/\">Read more<\/a><\/p>","protected":false},"featured_media":37953,"comment_status":"open","ping_status":"closed","template":"","meta":{"kt_blocks_editor_width":""},"pwb-brand":[187],"product_brand":[],"product_cat":[213,233],"product_tag":[],"class_list":{"0":"post-37958","1":"product","2":"type-product","3":"status-publish","4":"has-post-thumbnail","6":"pwb-brand-midas","7":"product_cat-audio","8":"product_cat-interfaces","9":"product_shipping_class-5-10-kg","11":"first","12":"outofstock","13":"taxable","14":"shipping-taxable","15":"purchasable","16":"product-type-simple"},"yoast_head":"<!-- This site is optimized with the Yoast SEO plugin v27.3 - https:\/\/yoast.com\/product\/yoast-seo-wordpress\/ -->\n<title>MEDUSA MIDAS DIGITAL  MOD. DL16 - Mexican Guitar Players<\/title>\n<meta name=\"description\" content=\"Medusa digital de 16 entradas y 8 salidas, 16 preamps MIDAS con potencia phantom, conectividad de sistema de monitoreo personal Ultranet para aplicaciones in-ear, salidas ADAT duales para usar en modo splitter y aplicaciones independientes de varios n\u00facleos digitales, dos puertos AES-3 (AES\/EBU), operaci\u00f3n remota hasta100 metros a trav\u00e9s de cable CAT5, MIDI In\/Out para comunicaci\u00f3n bidireccional entre consola FOH y dispositivos MIDI, Neutrik etherCON AES50 y puertos de red Ultranet, chasis de montaje de 2 unidades de rack, fuente de alimentaci\u00f3n universal conmutada de rango autom\u00e1tico, funci\u00f3n de \u201dMute-All-Inputs\u201d para parchar cualquier entrada en el escenario, dimensiones: 546.1 x 307.34 x 147.32 mm, peso: 6.1 kg.\" \/>\n<meta name=\"robots\" content=\"index, follow, max-snippet:-1, max-image-preview:large, max-video-preview:-1\" \/>\n<link rel=\"canonical\" href=\"https:\/\/www.mexicanguitarplayers.com\/en\/tienda\/sin%20categor\u00eda\/medusa-midas-digital-mod-dl16\/\" \/>\n<meta property=\"og:locale\" content=\"en_US\" \/>\n<meta property=\"og:type\" content=\"article\" \/>\n<meta property=\"og:title\" content=\"MEDUSA MIDAS DIGITAL  MOD. DL16 - Mexican Guitar Players\" \/>\n<meta property=\"og:description\" content=\"Medusa digital de 16 entradas y 8 salidas, 16 preamps MIDAS con potencia phantom, conectividad de sistema de monitoreo personal Ultranet para aplicaciones in-ear, salidas ADAT duales para usar en modo splitter y aplicaciones independientes de varios n\u00facleos digitales, dos puertos AES-3 (AES\/EBU), operaci\u00f3n remota hasta100 metros a trav\u00e9s de cable CAT5, MIDI In\/Out para comunicaci\u00f3n bidireccional entre consola FOH y dispositivos MIDI, Neutrik etherCON AES50 y puertos de red Ultranet, chasis de montaje de 2 unidades de rack, fuente de alimentaci\u00f3n universal conmutada de rango autom\u00e1tico, funci\u00f3n de \u201dMute-All-Inputs\u201d para parchar cualquier entrada en el escenario, dimensiones: 546.1 x 307.34 x 147.32 mm, peso: 6.1 kg.\" \/>\n<meta property=\"og:url\" content=\"https:\/\/www.mexicanguitarplayers.com\/en\/tienda\/sin categor\u00eda\/medusa-midas-digital-mod-dl16\/\" \/>\n<meta property=\"og:site_name\" content=\"Mexican Guitar Players\" \/>\n<meta property=\"article:modified_time\" content=\"2026-01-14T10:20:04+00:00\" \/>\n<meta name=\"twitter:card\" content=\"summary_large_image\" \/>\n<meta name=\"twitter:label1\" content=\"Est. reading time\" \/>\n\t<meta name=\"twitter:data1\" content=\"1 minute\" \/>\n<script type=\"application\/ld+json\" class=\"yoast-schema-graph\">{\"@context\":\"https:\\\/\\\/schema.org\",\"@graph\":[{\"@type\":[\"WebPage\",\"ItemPage\"],\"@id\":\"https:\\\/\\\/www.mexicanguitarplayers.com\\\/tienda\\\/sin categor\u00eda\\\/medusa-midas-digital-mod-dl16\\\/\",\"url\":\"https:\\\/\\\/www.mexicanguitarplayers.com\\\/tienda\\\/sin categor\u00eda\\\/medusa-midas-digital-mod-dl16\\\/\",\"name\":\"MEDUSA MIDAS DIGITAL MOD. DL16 - Mexican Guitar Players\",\"isPartOf\":{\"@id\":\"https:\\\/\\\/www.mexicanguitarplayers.com\\\/#website\"},\"primaryImageOfPage\":{\"@id\":\"https:\\\/\\\/www.mexicanguitarplayers.com\\\/tienda\\\/sin categor\u00eda\\\/medusa-midas-digital-mod-dl16\\\/#primaryimage\"},\"image\":{\"@id\":\"https:\\\/\\\/www.mexicanguitarplayers.com\\\/tienda\\\/sin categor\u00eda\\\/medusa-midas-digital-mod-dl16\\\/#primaryimage\"},\"thumbnailUrl\":\"https:\\\/\\\/www.mexicanguitarplayers.com\\\/wp-content\\\/uploads\\\/2025\\\/04\\\/IAMIDDL16.jpg\",\"datePublished\":\"2025-04-09T11:56:12+00:00\",\"dateModified\":\"2026-01-14T10:20:04+00:00\",\"description\":\"Medusa digital de 16 entradas y 8 salidas, 16 preamps MIDAS con potencia phantom, conectividad de sistema de monitoreo personal Ultranet para aplicaciones in-ear, salidas ADAT duales para usar en modo splitter y aplicaciones independientes de varios n\u00facleos digitales, dos puertos AES-3 (AES\\\/EBU), operaci\u00f3n remota hasta100 metros a trav\u00e9s de cable CAT5, MIDI In\\\/Out para comunicaci\u00f3n bidireccional entre consola FOH y dispositivos MIDI, Neutrik etherCON AES50 y puertos de red Ultranet, chasis de montaje de 2 unidades de rack, fuente de alimentaci\u00f3n universal conmutada de rango autom\u00e1tico, funci\u00f3n de \u201dMute-All-Inputs\u201d para parchar cualquier entrada en el escenario, dimensiones: 546.1 x 307.34 x 147.32 mm, peso: 6.1 kg.\",\"breadcrumb\":{\"@id\":\"https:\\\/\\\/www.mexicanguitarplayers.com\\\/tienda\\\/sin categor\u00eda\\\/medusa-midas-digital-mod-dl16\\\/#breadcrumb\"},\"inLanguage\":\"en-US\",\"potentialAction\":[{\"@type\":\"ReadAction\",\"target\":[\"https:\\\/\\\/www.mexicanguitarplayers.com\\\/tienda\\\/sin categor\u00eda\\\/medusa-midas-digital-mod-dl16\\\/\"]}]},{\"@type\":\"ImageObject\",\"inLanguage\":\"en-US\",\"@id\":\"https:\\\/\\\/www.mexicanguitarplayers.com\\\/tienda\\\/sin categor\u00eda\\\/medusa-midas-digital-mod-dl16\\\/#primaryimage\",\"url\":\"https:\\\/\\\/www.mexicanguitarplayers.com\\\/wp-content\\\/uploads\\\/2025\\\/04\\\/IAMIDDL16.jpg\",\"contentUrl\":\"https:\\\/\\\/www.mexicanguitarplayers.com\\\/wp-content\\\/uploads\\\/2025\\\/04\\\/IAMIDDL16.jpg\",\"width\":1600,\"height\":800},{\"@type\":\"BreadcrumbList\",\"@id\":\"https:\\\/\\\/www.mexicanguitarplayers.com\\\/tienda\\\/sin categor\u00eda\\\/medusa-midas-digital-mod-dl16\\\/#breadcrumb\",\"itemListElement\":[{\"@type\":\"ListItem\",\"position\":1,\"name\":\"Portada\",\"item\":\"https:\\\/\\\/www.mexicanguitarplayers.com\\\/\"},{\"@type\":\"ListItem\",\"position\":2,\"name\":\"Tienda\",\"item\":\"https:\\\/\\\/www.mexicanguitarplayers.com\\\/tienda\\\/\"},{\"@type\":\"ListItem\",\"position\":3,\"name\":\"MEDUSA MIDAS DIGITAL MOD. DL16\"}]},{\"@type\":\"WebSite\",\"@id\":\"https:\\\/\\\/www.mexicanguitarplayers.com\\\/#website\",\"url\":\"https:\\\/\\\/www.mexicanguitarplayers.com\\\/\",\"name\":\"Mexican Guitar Players\",\"description\":\"Website\",\"publisher\":{\"@id\":\"https:\\\/\\\/www.mexicanguitarplayers.com\\\/#organization\"},\"potentialAction\":[{\"@type\":\"SearchAction\",\"target\":{\"@type\":\"EntryPoint\",\"urlTemplate\":\"https:\\\/\\\/www.mexicanguitarplayers.com\\\/?s={search_term_string}\"},\"query-input\":{\"@type\":\"PropertyValueSpecification\",\"valueRequired\":true,\"valueName\":\"search_term_string\"}}],\"inLanguage\":\"en-US\"},{\"@type\":\"Organization\",\"@id\":\"https:\\\/\\\/www.mexicanguitarplayers.com\\\/#organization\",\"name\":\"Mexican Guitar Players\",\"url\":\"https:\\\/\\\/www.mexicanguitarplayers.com\\\/\",\"logo\":{\"@type\":\"ImageObject\",\"inLanguage\":\"en-US\",\"@id\":\"https:\\\/\\\/www.mexicanguitarplayers.com\\\/#\\\/schema\\\/logo\\\/image\\\/\",\"url\":\"\",\"contentUrl\":\"\",\"caption\":\"Mexican Guitar Players\"},\"image\":{\"@id\":\"https:\\\/\\\/www.mexicanguitarplayers.com\\\/#\\\/schema\\\/logo\\\/image\\\/\"}}]}<\/script>\n<!-- \/ Yoast SEO plugin. -->","yoast_head_json":{"title":"MEDUSA MIDAS DIGITAL  MOD. DL16 - Mexican Guitar Players","description":"Medusa digital de 16 entradas y 8 salidas, 16 preamps MIDAS con potencia phantom, conectividad de sistema de monitoreo personal Ultranet para aplicaciones in-ear, salidas ADAT duales para usar en modo splitter y aplicaciones independientes de varios n\u00facleos digitales, dos puertos AES-3 (AES\/EBU), operaci\u00f3n remota hasta100 metros a trav\u00e9s de cable CAT5, MIDI In\/Out para comunicaci\u00f3n bidireccional entre consola FOH y dispositivos MIDI, Neutrik etherCON AES50 y puertos de red Ultranet, chasis de montaje de 2 unidades de rack, fuente de alimentaci\u00f3n universal conmutada de rango autom\u00e1tico, funci\u00f3n de \u201dMute-All-Inputs\u201d para parchar cualquier entrada en el escenario, dimensiones: 546.1 x 307.34 x 147.32 mm, peso: 6.1 kg.","robots":{"index":"index","follow":"follow","max-snippet":"max-snippet:-1","max-image-preview":"max-image-preview:large","max-video-preview":"max-video-preview:-1"},"canonical":"https:\/\/www.mexicanguitarplayers.com\/en\/tienda\/sin categor\u00eda\/medusa-midas-digital-mod-dl16\/","og_locale":"en_US","og_type":"article","og_title":"MEDUSA MIDAS DIGITAL  MOD. DL16 - Mexican Guitar Players","og_description":"Medusa digital de 16 entradas y 8 salidas, 16 preamps MIDAS con potencia phantom, conectividad de sistema de monitoreo personal Ultranet para aplicaciones in-ear, salidas ADAT duales para usar en modo splitter y aplicaciones independientes de varios n\u00facleos digitales, dos puertos AES-3 (AES\/EBU), operaci\u00f3n remota hasta100 metros a trav\u00e9s de cable CAT5, MIDI In\/Out para comunicaci\u00f3n bidireccional entre consola FOH y dispositivos MIDI, Neutrik etherCON AES50 y puertos de red Ultranet, chasis de montaje de 2 unidades de rack, fuente de alimentaci\u00f3n universal conmutada de rango autom\u00e1tico, funci\u00f3n de \u201dMute-All-Inputs\u201d para parchar cualquier entrada en el escenario, dimensiones: 546.1 x 307.34 x 147.32 mm, peso: 6.1 kg.","og_url":"https:\/\/www.mexicanguitarplayers.com\/en\/tienda\/sin categor\u00eda\/medusa-midas-digital-mod-dl16\/","og_site_name":"Mexican Guitar Players","article_modified_time":"2026-01-14T10:20:04+00:00","twitter_card":"summary_large_image","twitter_misc":{"Est. reading time":"1 minute"},"schema":{"@context":"https:\/\/schema.org","@graph":[{"@type":["WebPage","ItemPage"],"@id":"https:\/\/www.mexicanguitarplayers.com\/tienda\/sin categor\u00eda\/medusa-midas-digital-mod-dl16\/","url":"https:\/\/www.mexicanguitarplayers.com\/tienda\/sin categor\u00eda\/medusa-midas-digital-mod-dl16\/","name":"MEDUSA MIDAS DIGITAL MOD. DL16 - Mexican Guitar Players","isPartOf":{"@id":"https:\/\/www.mexicanguitarplayers.com\/#website"},"primaryImageOfPage":{"@id":"https:\/\/www.mexicanguitarplayers.com\/tienda\/sin categor\u00eda\/medusa-midas-digital-mod-dl16\/#primaryimage"},"image":{"@id":"https:\/\/www.mexicanguitarplayers.com\/tienda\/sin categor\u00eda\/medusa-midas-digital-mod-dl16\/#primaryimage"},"thumbnailUrl":"https:\/\/www.mexicanguitarplayers.com\/wp-content\/uploads\/2025\/04\/IAMIDDL16.jpg","datePublished":"2025-04-09T11:56:12+00:00","dateModified":"2026-01-14T10:20:04+00:00","description":"Medusa digital de 16 entradas y 8 salidas, 16 preamps MIDAS con potencia phantom, conectividad de sistema de monitoreo personal Ultranet para aplicaciones in-ear, salidas ADAT duales para usar en modo splitter y aplicaciones independientes de varios n\u00facleos digitales, dos puertos AES-3 (AES\/EBU), operaci\u00f3n remota hasta100 metros a trav\u00e9s de cable CAT5, MIDI In\/Out para comunicaci\u00f3n bidireccional entre consola FOH y dispositivos MIDI, Neutrik etherCON AES50 y puertos de red Ultranet, chasis de montaje de 2 unidades de rack, fuente de alimentaci\u00f3n universal conmutada de rango autom\u00e1tico, funci\u00f3n de \u201dMute-All-Inputs\u201d para parchar cualquier entrada en el escenario, dimensiones: 546.1 x 307.34 x 147.32 mm, peso: 6.1 kg.","breadcrumb":{"@id":"https:\/\/www.mexicanguitarplayers.com\/tienda\/sin categor\u00eda\/medusa-midas-digital-mod-dl16\/#breadcrumb"},"inLanguage":"en-US","potentialAction":[{"@type":"ReadAction","target":["https:\/\/www.mexicanguitarplayers.com\/tienda\/sin categor\u00eda\/medusa-midas-digital-mod-dl16\/"]}]},{"@type":"ImageObject","inLanguage":"en-US","@id":"https:\/\/www.mexicanguitarplayers.com\/tienda\/sin categor\u00eda\/medusa-midas-digital-mod-dl16\/#primaryimage","url":"https:\/\/www.mexicanguitarplayers.com\/wp-content\/uploads\/2025\/04\/IAMIDDL16.jpg","contentUrl":"https:\/\/www.mexicanguitarplayers.com\/wp-content\/uploads\/2025\/04\/IAMIDDL16.jpg","width":1600,"height":800},{"@type":"BreadcrumbList","@id":"https:\/\/www.mexicanguitarplayers.com\/tienda\/sin categor\u00eda\/medusa-midas-digital-mod-dl16\/#breadcrumb","itemListElement":[{"@type":"ListItem","position":1,"name":"Portada","item":"https:\/\/www.mexicanguitarplayers.com\/"},{"@type":"ListItem","position":2,"name":"Tienda","item":"https:\/\/www.mexicanguitarplayers.com\/tienda\/"},{"@type":"ListItem","position":3,"name":"MEDUSA MIDAS DIGITAL MOD. DL16"}]},{"@type":"WebSite","@id":"https:\/\/www.mexicanguitarplayers.com\/#website","url":"https:\/\/www.mexicanguitarplayers.com\/","name":"Mexican Guitar Players","description":"Website","publisher":{"@id":"https:\/\/www.mexicanguitarplayers.com\/#organization"},"potentialAction":[{"@type":"SearchAction","target":{"@type":"EntryPoint","urlTemplate":"https:\/\/www.mexicanguitarplayers.com\/?s={search_term_string}"},"query-input":{"@type":"PropertyValueSpecification","valueRequired":true,"valueName":"search_term_string"}}],"inLanguage":"en-US"},{"@type":"Organization","@id":"https:\/\/www.mexicanguitarplayers.com\/#organization","name":"Mexican Guitar Players","url":"https:\/\/www.mexicanguitarplayers.com\/","logo":{"@type":"ImageObject","inLanguage":"en-US","@id":"https:\/\/www.mexicanguitarplayers.com\/#\/schema\/logo\/image\/","url":"","contentUrl":"","caption":"Mexican Guitar Players"},"image":{"@id":"https:\/\/www.mexicanguitarplayers.com\/#\/schema\/logo\/image\/"}}]}},"brands":[{"id":187,"name":"MIDAS","slug":"midas"}],"_links":{"self":[{"href":"https:\/\/www.mexicanguitarplayers.com\/en\/wp-json\/wp\/v2\/product\/37958","targetHints":{"allow":["GET"]}}],"collection":[{"href":"https:\/\/www.mexicanguitarplayers.com\/en\/wp-json\/wp\/v2\/product"}],"about":[{"href":"https:\/\/www.mexicanguitarplayers.com\/en\/wp-json\/wp\/v2\/types\/product"}],"replies":[{"embeddable":true,"href":"https:\/\/www.mexicanguitarplayers.com\/en\/wp-json\/wp\/v2\/comments?post=37958"}],"wp:featuredmedia":[{"embeddable":true,"href":"https:\/\/www.mexicanguitarplayers.com\/en\/wp-json\/wp\/v2\/media\/37953"}],"wp:attachment":[{"href":"https:\/\/www.mexicanguitarplayers.com\/en\/wp-json\/wp\/v2\/media?parent=37958"}],"wp:term":[{"taxonomy":"pwb-brand","embeddable":true,"href":"https:\/\/www.mexicanguitarplayers.com\/en\/wp-json\/wp\/v2\/pwb-brand?post=37958"},{"taxonomy":"product_brand","embeddable":true,"href":"https:\/\/www.mexicanguitarplayers.com\/en\/wp-json\/wp\/v2\/product_brand?post=37958"},{"taxonomy":"product_cat","embeddable":true,"href":"https:\/\/www.mexicanguitarplayers.com\/en\/wp-json\/wp\/v2\/product_cat?post=37958"},{"taxonomy":"product_tag","embeddable":true,"href":"https:\/\/www.mexicanguitarplayers.com\/en\/wp-json\/wp\/v2\/product_tag?post=37958"}],"curies":[{"name":"wp","href":"https:\/\/api.w.org\/{rel}","templated":true}]}}