{"id":37984,"date":"2025-04-09T05:56:47","date_gmt":"2025-04-09T11:56:47","guid":{"rendered":"https:\/\/www.mexicanguitarplayers.com\/tienda\/sin categor\u00eda\/ukelele-flight-e-acustico-diana-te-sw\/"},"modified":"2026-04-10T04:23:40","modified_gmt":"2026-04-10T10:23:40","slug":"ukelele-flight-e-acustico-diana-te-sw","status":"publish","type":"product","link":"https:\/\/www.mexicanguitarplayers.com\/en\/tienda\/cuerdas\/folkloricos-y-regionales\/ukelele-flight-e-acustico-diana-te-sw\/","title":{"rendered":"UKELELE FLIGHT E\/ACUSTICO    DIANA TE SW"},"content":{"rendered":"<div style=\"text-align: justify\">\n<div>\n<h3>Los nuevos dise\u00f1os de Flight.<\/h3>\n<\/div>\n<div>El ukelele Diana Soundwave Tenor de Flight combina el incre\u00edble ukelele Diana Tenor con el sistema de pastillas Soundwave. Este ukelele, miembro de la serie Princess de Flight presenta una tapa de cedro macizo con aros y fondo de nogal laminado. El asombroso sistema de pastillas Soundwave agrega efectos ac\u00fasticos o amplificados, con o sin conectar, el control tonal de los efectos se encuentra en el propio ukelele. Finalmente, cada ukelele Diana de Flight viene con una cejuela de hueso y montura, cuerdas Worth Brown de fluorocarbono y una funda Deluxe de Flight.<\/div>\n<div>\n<h4>Quick look<\/h4>\n<\/div>\n<ul style=\"margin: 0px 0px 0px 25px\">\n<li style=\"list-style-type: circle;margin: 5px\">Tono de madera hecha en el cielo.<\/li>\n<li style=\"list-style-type: circle;margin: 5px\">Todo comienza con la cabeza.<\/li>\n<li style=\"list-style-type: circle;margin: 5px\">Bolsa ligera y elegante.<\/li>\n<li style=\"list-style-type: circle;margin: 5px\">Folleto instruccional.<\/li>\n<li style=\"list-style-type: circle;margin: 5px\">Fenomenal nueva tecnolog\u00eda.<\/li>\n<\/ul>\n<div>\n<div style=\"font-weight: bold\">Tono de madera hecha en el cielo.<\/div>\n<div>\n<p>Cedro y nogal. El cedro es una madera de tono ukelele conocida por su brillante claridad y volumen. Junto con la tapa de cedro completamente s\u00f3lida, hay una hermosa madera de nogal laminado para agregar un aspecto m\u00e1s oscuro y un sonido similar al del palo de rosa. El emparejamiento de las dos maderas proporciona una profundidad inigualable de tono. Para hacer las cosas a\u00fan m\u00e1s celestiales a la hermosa mancha profunda del nogal es un brillo para todo el cuerpo el que hace que este ukelele sea realmente impresionante.<\/p>\n<\/div>\n<div style=\"font-weight: bold\">Todo comienza con la cabeza.<\/div>\n<div>\n<p>Un cambio de imagen total. En Flight no descansamos en nuestros laureles. Un aspecto de esto se demuestra en la evoluci\u00f3n de nuestros clavijeros. Para nuestra serie Princess hemos actualizado la forma del cabezal, as\u00ed como el logotipo de Flight para darle un aspecto m\u00e1s elegante.<\/p>\n<\/div>\n<div style=\"font-weight: bold\">Bolsa ligera y elegante.<\/div>\n<div>\n<p>Excelente protecci\u00f3n para tu uke. No nos malinterpretes. Nos encanta el estuche beige que usamos con nuestros ukeleles, pero Royalty siempre viaja con estilo. La serie Princess necesitaba un poco de mimo. Nuestro estuche est\u00e1 forrado con un acolchado de felpa de 15 mm de grosor que mantendr\u00e1 tu ukelele c\u00f3modamente protegido. Cuando las personas vean tu estuche se alinear\u00e1n para ver lo que hay dentro.<\/p>\n<\/div>\n<div style=\"font-weight: bold\">Folleto instruccional.<\/div>\n<div>\n<p>Aprende con estilo. Tambi\u00e9n hemos dise\u00f1ado una linda gu\u00eda de 8 p\u00e1ginas para ayudarte en el camino hacia la futura fama del ukelele. Est\u00e1 repleto de toda la informaci\u00f3n necesaria para un inicio r\u00e1pido, incluidos gr\u00e1ficos de acordes, patrones de rasgueo y progresiones de acordes para tus primeros ejercicios. Tambi\u00e9n incluimos un paquete de geniales pegatinas de Flight.<\/p>\n<\/div>\n<div style=\"font-weight: bold\">Fenomenal nueva tecnolog\u00eda.<\/div>\n<div>\n<p>El sistema de captaci\u00f3n Soundwave de Flight representa un gran avance en ingenier\u00eda ac\u00fastica y dise\u00f1o de sonido, lo que te permite obtener un gran sonido y efectos ac\u00fasticos impresionantes en tu ukelele, ya sea que est\u00e9s o no conectado a un amplificador o sistema de sonido.<\/p>\n<\/div>\n<\/div>\n<\/div>","protected":false},"excerpt":{"rendered":"<p>Ukelele electro ac\u00fastico tenor, tapa de cedro s\u00f3lido, aros y fondo de nogal manchado, puente de madera p\u00farpura, brazo de okoume, diapas\u00f3n de madera p\u00farpura, cejuela y montura de hueso, ancho de la cejuela: 35 mm, 18 trastes, marcadores de posici\u00f3n en los trastes 5, 7, 10 y 12, roseta perla, puntos laterales, pastilla activa Soundwave con efectos de reverb, delay y chorus, incluye funda acolchada y un paquete de stickers.&hellip; <a class=\"kt-excerpt-readmore more-link\" href=\"https:\/\/www.mexicanguitarplayers.com\/en\/tienda\/cuerdas\/folkloricos-y-regionales\/ukelele-flight-e-acustico-diana-te-sw\/\">Read more<\/a><\/p>","protected":false},"featured_media":37977,"comment_status":"open","ping_status":"closed","template":"","meta":{"kt_blocks_editor_width":""},"pwb-brand":[322],"product_brand":[],"product_cat":[224,320],"product_tag":[],"class_list":{"0":"post-37984","1":"product","2":"type-product","3":"status-publish","4":"has-post-thumbnail","6":"pwb-brand-flight","7":"product_cat-cuerdas","8":"product_cat-folkloricos-y-regionales","9":"product_shipping_class-0-5-kg","11":"first","12":"outofstock","13":"taxable","14":"shipping-taxable","15":"purchasable","16":"product-type-simple"},"yoast_head":"<!-- This site is optimized with the Yoast SEO plugin v27.6 - https:\/\/yoast.com\/product\/yoast-seo-wordpress\/ -->\n<title>UKELELE FLIGHT E\/ACUSTICO  DIANA TE SW - Mexican Guitar Players<\/title>\n<meta name=\"description\" content=\"Ukelele electro ac\u00fastico tenor, tapa de cedro s\u00f3lido, aros y fondo de nogal manchado, puente de madera p\u00farpura, brazo de okoume, diapas\u00f3n de madera p\u00farpura, cejuela y montura de hueso, ancho de la cejuela: 35 mm, 18 trastes, marcadores de posici\u00f3n en los trastes 5, 7, 10 y 12, roseta perla, puntos laterales, pastilla activa Soundwave con efectos de reverb, delay y chorus, incluye funda acolchada y un paquete de stickers.\" \/>\n<meta name=\"robots\" content=\"index, follow, max-snippet:-1, max-image-preview:large, max-video-preview:-1\" \/>\n<link rel=\"canonical\" href=\"https:\/\/www.mexicanguitarplayers.com\/en\/tienda\/sin%20categor\u00eda\/ukelele-flight-e-acustico-diana-te-sw\/\" \/>\n<meta property=\"og:locale\" content=\"en_US\" \/>\n<meta property=\"og:type\" content=\"article\" \/>\n<meta property=\"og:title\" content=\"UKELELE FLIGHT E\/ACUSTICO  DIANA TE SW - Mexican Guitar Players\" \/>\n<meta property=\"og:description\" content=\"Ukelele electro ac\u00fastico tenor, tapa de cedro s\u00f3lido, aros y fondo de nogal manchado, puente de madera p\u00farpura, brazo de okoume, diapas\u00f3n de madera p\u00farpura, cejuela y montura de hueso, ancho de la cejuela: 35 mm, 18 trastes, marcadores de posici\u00f3n en los trastes 5, 7, 10 y 12, roseta perla, puntos laterales, pastilla activa Soundwave con efectos de reverb, delay y chorus, incluye funda acolchada y un paquete de stickers.\" \/>\n<meta property=\"og:url\" content=\"https:\/\/www.mexicanguitarplayers.com\/en\/tienda\/sin categor\u00eda\/ukelele-flight-e-acustico-diana-te-sw\/\" \/>\n<meta property=\"og:site_name\" content=\"Mexican Guitar Players\" \/>\n<meta property=\"article:modified_time\" content=\"2026-04-10T10:23:40+00:00\" \/>\n<meta name=\"twitter:card\" content=\"summary_large_image\" \/>\n<meta name=\"twitter:label1\" content=\"Est. reading time\" \/>\n\t<meta name=\"twitter:data1\" content=\"2 minutes\" \/>\n<script type=\"application\/ld+json\" class=\"yoast-schema-graph\">{\"@context\":\"https:\\\/\\\/schema.org\",\"@graph\":[{\"@type\":[\"WebPage\",\"ItemPage\"],\"@id\":\"https:\\\/\\\/www.mexicanguitarplayers.com\\\/tienda\\\/sin categor\u00eda\\\/ukelele-flight-e-acustico-diana-te-sw\\\/\",\"url\":\"https:\\\/\\\/www.mexicanguitarplayers.com\\\/tienda\\\/sin categor\u00eda\\\/ukelele-flight-e-acustico-diana-te-sw\\\/\",\"name\":\"UKELELE FLIGHT E\\\/ACUSTICO DIANA TE SW - Mexican Guitar Players\",\"isPartOf\":{\"@id\":\"https:\\\/\\\/www.mexicanguitarplayers.com\\\/#website\"},\"primaryImageOfPage\":{\"@id\":\"https:\\\/\\\/www.mexicanguitarplayers.com\\\/tienda\\\/sin categor\u00eda\\\/ukelele-flight-e-acustico-diana-te-sw\\\/#primaryimage\"},\"image\":{\"@id\":\"https:\\\/\\\/www.mexicanguitarplayers.com\\\/tienda\\\/sin categor\u00eda\\\/ukelele-flight-e-acustico-diana-te-sw\\\/#primaryimage\"},\"thumbnailUrl\":\"https:\\\/\\\/www.mexicanguitarplayers.com\\\/wp-content\\\/uploads\\\/2025\\\/04\\\/ISFLIDIANATESW.jpg\",\"datePublished\":\"2025-04-09T11:56:47+00:00\",\"dateModified\":\"2026-04-10T10:23:40+00:00\",\"description\":\"Ukelele electro ac\u00fastico tenor, tapa de cedro s\u00f3lido, aros y fondo de nogal manchado, puente de madera p\u00farpura, brazo de okoume, diapas\u00f3n de madera p\u00farpura, cejuela y montura de hueso, ancho de la cejuela: 35 mm, 18 trastes, marcadores de posici\u00f3n en los trastes 5, 7, 10 y 12, roseta perla, puntos laterales, pastilla activa Soundwave con efectos de reverb, delay y chorus, incluye funda acolchada y un paquete de stickers.\",\"breadcrumb\":{\"@id\":\"https:\\\/\\\/www.mexicanguitarplayers.com\\\/tienda\\\/sin categor\u00eda\\\/ukelele-flight-e-acustico-diana-te-sw\\\/#breadcrumb\"},\"inLanguage\":\"en-US\",\"potentialAction\":[{\"@type\":\"ReadAction\",\"target\":[\"https:\\\/\\\/www.mexicanguitarplayers.com\\\/tienda\\\/sin categor\u00eda\\\/ukelele-flight-e-acustico-diana-te-sw\\\/\"]}]},{\"@type\":\"ImageObject\",\"inLanguage\":\"en-US\",\"@id\":\"https:\\\/\\\/www.mexicanguitarplayers.com\\\/tienda\\\/sin categor\u00eda\\\/ukelele-flight-e-acustico-diana-te-sw\\\/#primaryimage\",\"url\":\"https:\\\/\\\/www.mexicanguitarplayers.com\\\/wp-content\\\/uploads\\\/2025\\\/04\\\/ISFLIDIANATESW.jpg\",\"contentUrl\":\"https:\\\/\\\/www.mexicanguitarplayers.com\\\/wp-content\\\/uploads\\\/2025\\\/04\\\/ISFLIDIANATESW.jpg\",\"width\":800,\"height\":1600},{\"@type\":\"BreadcrumbList\",\"@id\":\"https:\\\/\\\/www.mexicanguitarplayers.com\\\/tienda\\\/sin categor\u00eda\\\/ukelele-flight-e-acustico-diana-te-sw\\\/#breadcrumb\",\"itemListElement\":[{\"@type\":\"ListItem\",\"position\":1,\"name\":\"Portada\",\"item\":\"https:\\\/\\\/www.mexicanguitarplayers.com\\\/\"},{\"@type\":\"ListItem\",\"position\":2,\"name\":\"Tienda\",\"item\":\"https:\\\/\\\/www.mexicanguitarplayers.com\\\/tienda\\\/\"},{\"@type\":\"ListItem\",\"position\":3,\"name\":\"UKELELE FLIGHT E\\\/ACUSTICO DIANA TE SW\"}]},{\"@type\":\"WebSite\",\"@id\":\"https:\\\/\\\/www.mexicanguitarplayers.com\\\/#website\",\"url\":\"https:\\\/\\\/www.mexicanguitarplayers.com\\\/\",\"name\":\"Mexican Guitar Players\",\"description\":\"Website\",\"publisher\":{\"@id\":\"https:\\\/\\\/www.mexicanguitarplayers.com\\\/#organization\"},\"potentialAction\":[{\"@type\":\"SearchAction\",\"target\":{\"@type\":\"EntryPoint\",\"urlTemplate\":\"https:\\\/\\\/www.mexicanguitarplayers.com\\\/?s={search_term_string}\"},\"query-input\":{\"@type\":\"PropertyValueSpecification\",\"valueRequired\":true,\"valueName\":\"search_term_string\"}}],\"inLanguage\":\"en-US\"},{\"@type\":\"Organization\",\"@id\":\"https:\\\/\\\/www.mexicanguitarplayers.com\\\/#organization\",\"name\":\"Mexican Guitar Players\",\"url\":\"https:\\\/\\\/www.mexicanguitarplayers.com\\\/\",\"logo\":{\"@type\":\"ImageObject\",\"inLanguage\":\"en-US\",\"@id\":\"https:\\\/\\\/www.mexicanguitarplayers.com\\\/#\\\/schema\\\/logo\\\/image\\\/\",\"url\":\"\",\"contentUrl\":\"\",\"caption\":\"Mexican Guitar Players\"},\"image\":{\"@id\":\"https:\\\/\\\/www.mexicanguitarplayers.com\\\/#\\\/schema\\\/logo\\\/image\\\/\"}}]}<\/script>\n<!-- \/ Yoast SEO plugin. -->","yoast_head_json":{"title":"UKELELE FLIGHT E\/ACUSTICO  DIANA TE SW - Mexican Guitar Players","description":"Ukelele electro ac\u00fastico tenor, tapa de cedro s\u00f3lido, aros y fondo de nogal manchado, puente de madera p\u00farpura, brazo de okoume, diapas\u00f3n de madera p\u00farpura, cejuela y montura de hueso, ancho de la cejuela: 35 mm, 18 trastes, marcadores de posici\u00f3n en los trastes 5, 7, 10 y 12, roseta perla, puntos laterales, pastilla activa Soundwave con efectos de reverb, delay y chorus, incluye funda acolchada y un paquete de stickers.","robots":{"index":"index","follow":"follow","max-snippet":"max-snippet:-1","max-image-preview":"max-image-preview:large","max-video-preview":"max-video-preview:-1"},"canonical":"https:\/\/www.mexicanguitarplayers.com\/en\/tienda\/sin categor\u00eda\/ukelele-flight-e-acustico-diana-te-sw\/","og_locale":"en_US","og_type":"article","og_title":"UKELELE FLIGHT E\/ACUSTICO  DIANA TE SW - Mexican Guitar Players","og_description":"Ukelele electro ac\u00fastico tenor, tapa de cedro s\u00f3lido, aros y fondo de nogal manchado, puente de madera p\u00farpura, brazo de okoume, diapas\u00f3n de madera p\u00farpura, cejuela y montura de hueso, ancho de la cejuela: 35 mm, 18 trastes, marcadores de posici\u00f3n en los trastes 5, 7, 10 y 12, roseta perla, puntos laterales, pastilla activa Soundwave con efectos de reverb, delay y chorus, incluye funda acolchada y un paquete de stickers.","og_url":"https:\/\/www.mexicanguitarplayers.com\/en\/tienda\/sin categor\u00eda\/ukelele-flight-e-acustico-diana-te-sw\/","og_site_name":"Mexican Guitar Players","article_modified_time":"2026-04-10T10:23:40+00:00","twitter_card":"summary_large_image","twitter_misc":{"Est. reading time":"2 minutes"},"schema":{"@context":"https:\/\/schema.org","@graph":[{"@type":["WebPage","ItemPage"],"@id":"https:\/\/www.mexicanguitarplayers.com\/tienda\/sin categor\u00eda\/ukelele-flight-e-acustico-diana-te-sw\/","url":"https:\/\/www.mexicanguitarplayers.com\/tienda\/sin categor\u00eda\/ukelele-flight-e-acustico-diana-te-sw\/","name":"UKELELE FLIGHT E\/ACUSTICO DIANA TE SW - Mexican Guitar Players","isPartOf":{"@id":"https:\/\/www.mexicanguitarplayers.com\/#website"},"primaryImageOfPage":{"@id":"https:\/\/www.mexicanguitarplayers.com\/tienda\/sin categor\u00eda\/ukelele-flight-e-acustico-diana-te-sw\/#primaryimage"},"image":{"@id":"https:\/\/www.mexicanguitarplayers.com\/tienda\/sin categor\u00eda\/ukelele-flight-e-acustico-diana-te-sw\/#primaryimage"},"thumbnailUrl":"https:\/\/www.mexicanguitarplayers.com\/wp-content\/uploads\/2025\/04\/ISFLIDIANATESW.jpg","datePublished":"2025-04-09T11:56:47+00:00","dateModified":"2026-04-10T10:23:40+00:00","description":"Ukelele electro ac\u00fastico tenor, tapa de cedro s\u00f3lido, aros y fondo de nogal manchado, puente de madera p\u00farpura, brazo de okoume, diapas\u00f3n de madera p\u00farpura, cejuela y montura de hueso, ancho de la cejuela: 35 mm, 18 trastes, marcadores de posici\u00f3n en los trastes 5, 7, 10 y 12, roseta perla, puntos laterales, pastilla activa Soundwave con efectos de reverb, delay y chorus, incluye funda acolchada y un paquete de stickers.","breadcrumb":{"@id":"https:\/\/www.mexicanguitarplayers.com\/tienda\/sin categor\u00eda\/ukelele-flight-e-acustico-diana-te-sw\/#breadcrumb"},"inLanguage":"en-US","potentialAction":[{"@type":"ReadAction","target":["https:\/\/www.mexicanguitarplayers.com\/tienda\/sin categor\u00eda\/ukelele-flight-e-acustico-diana-te-sw\/"]}]},{"@type":"ImageObject","inLanguage":"en-US","@id":"https:\/\/www.mexicanguitarplayers.com\/tienda\/sin categor\u00eda\/ukelele-flight-e-acustico-diana-te-sw\/#primaryimage","url":"https:\/\/www.mexicanguitarplayers.com\/wp-content\/uploads\/2025\/04\/ISFLIDIANATESW.jpg","contentUrl":"https:\/\/www.mexicanguitarplayers.com\/wp-content\/uploads\/2025\/04\/ISFLIDIANATESW.jpg","width":800,"height":1600},{"@type":"BreadcrumbList","@id":"https:\/\/www.mexicanguitarplayers.com\/tienda\/sin categor\u00eda\/ukelele-flight-e-acustico-diana-te-sw\/#breadcrumb","itemListElement":[{"@type":"ListItem","position":1,"name":"Portada","item":"https:\/\/www.mexicanguitarplayers.com\/"},{"@type":"ListItem","position":2,"name":"Tienda","item":"https:\/\/www.mexicanguitarplayers.com\/tienda\/"},{"@type":"ListItem","position":3,"name":"UKELELE FLIGHT E\/ACUSTICO DIANA TE SW"}]},{"@type":"WebSite","@id":"https:\/\/www.mexicanguitarplayers.com\/#website","url":"https:\/\/www.mexicanguitarplayers.com\/","name":"Mexican Guitar Players","description":"Website","publisher":{"@id":"https:\/\/www.mexicanguitarplayers.com\/#organization"},"potentialAction":[{"@type":"SearchAction","target":{"@type":"EntryPoint","urlTemplate":"https:\/\/www.mexicanguitarplayers.com\/?s={search_term_string}"},"query-input":{"@type":"PropertyValueSpecification","valueRequired":true,"valueName":"search_term_string"}}],"inLanguage":"en-US"},{"@type":"Organization","@id":"https:\/\/www.mexicanguitarplayers.com\/#organization","name":"Mexican Guitar Players","url":"https:\/\/www.mexicanguitarplayers.com\/","logo":{"@type":"ImageObject","inLanguage":"en-US","@id":"https:\/\/www.mexicanguitarplayers.com\/#\/schema\/logo\/image\/","url":"","contentUrl":"","caption":"Mexican Guitar Players"},"image":{"@id":"https:\/\/www.mexicanguitarplayers.com\/#\/schema\/logo\/image\/"}}]}},"brands":[{"id":322,"name":"FLIGHT","slug":"flight"}],"_links":{"self":[{"href":"https:\/\/www.mexicanguitarplayers.com\/en\/wp-json\/wp\/v2\/product\/37984","targetHints":{"allow":["GET"]}}],"collection":[{"href":"https:\/\/www.mexicanguitarplayers.com\/en\/wp-json\/wp\/v2\/product"}],"about":[{"href":"https:\/\/www.mexicanguitarplayers.com\/en\/wp-json\/wp\/v2\/types\/product"}],"replies":[{"embeddable":true,"href":"https:\/\/www.mexicanguitarplayers.com\/en\/wp-json\/wp\/v2\/comments?post=37984"}],"wp:featuredmedia":[{"embeddable":true,"href":"https:\/\/www.mexicanguitarplayers.com\/en\/wp-json\/wp\/v2\/media\/37977"}],"wp:attachment":[{"href":"https:\/\/www.mexicanguitarplayers.com\/en\/wp-json\/wp\/v2\/media?parent=37984"}],"wp:term":[{"taxonomy":"pwb-brand","embeddable":true,"href":"https:\/\/www.mexicanguitarplayers.com\/en\/wp-json\/wp\/v2\/pwb-brand?post=37984"},{"taxonomy":"product_brand","embeddable":true,"href":"https:\/\/www.mexicanguitarplayers.com\/en\/wp-json\/wp\/v2\/product_brand?post=37984"},{"taxonomy":"product_cat","embeddable":true,"href":"https:\/\/www.mexicanguitarplayers.com\/en\/wp-json\/wp\/v2\/product_cat?post=37984"},{"taxonomy":"product_tag","embeddable":true,"href":"https:\/\/www.mexicanguitarplayers.com\/en\/wp-json\/wp\/v2\/product_tag?post=37984"}],"curies":[{"name":"wp","href":"https:\/\/api.w.org\/{rel}","templated":true}]}}