{"id":38046,"date":"2025-04-09T05:58:32","date_gmt":"2025-04-09T11:58:32","guid":{"rendered":"https:\/\/www.mexicanguitarplayers.com\/tienda\/sin categor\u00eda\/amplificador-audyson-poder-mod-t-5200\/"},"modified":"2026-04-10T04:23:36","modified_gmt":"2026-04-10T10:23:36","slug":"amplificador-audyson-poder-mod-t-5200","status":"publish","type":"product","link":"https:\/\/www.mexicanguitarplayers.com\/en\/tienda\/audio\/amplificadores-audio\/amplificadores-de-potencia\/amplificador-audyson-poder-mod-t-5200\/","title":{"rendered":"AMPLIFICADOR AUDYSON PODER MOD. T-5200"},"content":{"rendered":"<div style=\"text-align: justify\">\n<div>\n<h3>Serie T, amplificador al mejor precio.<\/h3>\n<\/div>\n<div>Serie T de Audyson, amplificadores de alta gama, famosa por su estabilidad, confiabilidad y desempe\u00f1o. Los cuatro modelos de esta serie ofrecen un rango que va de los 800 a 1950 watts por canal a 2 ohms para satisfacer todos los requerimientos. Un display de LCD en el panel frontal te mostrar\u00e1 el modo de operaci\u00f3n, temperatura, protecci\u00f3n DC y protecci\u00f3n ante sobrecargas, etc. Exclusiva topolog\u00eda de salida clase H+ la cual elimina la distorsi\u00f3n por conmutaci\u00f3n cruzada usualmente encontrada en otros dise\u00f1os Clase H. Cuenta con componentes cuidadosamente seleccionados como capacitores audiophile Wima. La serie T tiene un sonido Hi-Fi y un alto factor de amortiguamiento que lo hace ideal para cualquier tipo de aplicaci\u00f3n, desde subwoofers de alta potencia hasta monitoreo cr\u00edtico donde los altos requerimientos son obligatorios. La serie T es de alta confiabilidad y estabilidad, lo que expresa totalmente su remarcable desempe\u00f1o. Su excelente calidad de sonido y alto desempe\u00f1o es el resultado de un excelente dise\u00f1o de circuitos, una robusta mec\u00e1nica estructural y los mejores componentes seleccionados para esta categor\u00eda. Los expertos ingenieros de Audyson y el staff de compras pasaron mucho tiempo trabajando juntos para estudiar, seleccionar y comparar las materias primas de proveedores VIP. Despu\u00e9s de incontables pruebas, se seleccionaron los componentes de mayor calidad para los amplificadores T sin compromiso alguno. La alta confiabilidad aun con cargas de 2 ohms y cargas capacitivas complejas hacen de la serie T la mejor del mundo.<\/div>\n<div>\n<h4>Quick look<\/h4>\n<\/div>\n<ul style=\"margin: 0px 0px 0px 25px\">\n<li style=\"list-style-type: circle;margin: 5px\">Potencia m\u00e1xima de salida.<\/li>\n<li style=\"list-style-type: circle;margin: 5px\">Potencia nominal (1 kHz, THD+N=0.1%).<\/li>\n<li style=\"list-style-type: circle;margin: 5px\">Protecci\u00f3n.<\/li>\n<li style=\"list-style-type: circle;margin: 5px\">Respuesta de frecuencia (1W, \ud83d\ude2f est\u00e9reo).<\/li>\n<li style=\"list-style-type: circle;margin: 5px\">Sensibilidad (8O est\u00e9reo &amp; 1 kHz).<\/li>\n<li style=\"list-style-type: circle;margin: 5px\">Conectores (Cada canal).<\/li>\n<li style=\"list-style-type: circle;margin: 5px\">Capacidad del filtro condensador.<\/li>\n<li style=\"list-style-type: circle;margin: 5px\">Input impedance.<\/li>\n<li style=\"list-style-type: circle;margin: 5px\">Crosstalk (20 Hz &#8211; 20 kHz, Potencia nominal 8O).<\/li>\n<li style=\"list-style-type: circle;margin: 5px\">Relaci\u00f3n se\u00f1al a ruido (Potencia nominal 8O; A ponderado).<\/li>\n<li style=\"list-style-type: circle;margin: 5px\">Factor de amortiguamiento (1 kHz &amp; 8O).<\/li>\n<li style=\"list-style-type: circle;margin: 5px\">Distorsi\u00f3n de intermodulaci\u00f3n (20Hz-20KHz, potencia media).<\/li>\n<li style=\"list-style-type: circle;margin: 5px\">Distorsi\u00f3n arm\u00f3nica total (20 Hz &#8211; 20 kHz, Potencia media).<\/li>\n<li style=\"list-style-type: circle;margin: 5px\">Respuesta de fase (1W &amp; 8O, 20 Hz &#8211; 20 kHz).<\/li>\n<li style=\"list-style-type: circle;margin: 5px\">Respuesta al impulso (Slew rate).<\/li>\n<li style=\"list-style-type: circle;margin: 5px\">Circuito de salida.<\/li>\n<li style=\"list-style-type: circle;margin: 5px\">Consumo (Canal Dual 4O, 1\/8RMS\/230V).<\/li>\n<li style=\"list-style-type: circle;margin: 5px\">Espacio en rack.<\/li>\n<li style=\"list-style-type: circle;margin: 5px\">Enfriamiento.<\/li>\n<li style=\"list-style-type: circle;margin: 5px\">Dimensions.<\/li>\n<li style=\"list-style-type: circle;margin: 5px\">Weight.<\/li>\n<\/ul>\n<div>\n<div style=\"font-weight: bold\">Potencia m\u00e1xima de salida.<\/div>\n<div>\n<p>4 ohms puente: 18900 watts. 8 ohms puente: 12600 watts. 2 ohms est\u00e9reo: 2&#215;8750 watts. 4 ohms est\u00e9reo: 2&#215;6300 watts. 8 ohms est\u00e9reo: 2&#215;4200 watts.<\/p>\n<\/div>\n<div style=\"font-weight: bold\">Potencia nominal (1 kHz, THD+N=0.1%).<\/div>\n<div>\n<p>4 ohms puente: 5400 watts. 8 ohms puente: 3600 watts. 2 ohms est\u00e9reo: 2&#215;2500 watts. 4 ohms est\u00e9reo: 2&#215;1800 watts. 8 ohms est\u00e9reo: 2&#215;1200 watts.<\/p>\n<\/div>\n<div style=\"font-weight: bold\">Protecci\u00f3n.<\/div>\n<div>\n<p>Protecci\u00f3n DC. Protecci\u00f3n ante corto circuito. Manejo inteligente del sobrecalentamiento. Protecci\u00f3n t\u00e9rmica. Protecci\u00f3n ante sobrecarga de entrada. Protecci\u00f3n ante sobrecarga de salida. Protecci\u00f3n en arranque suave. Protecci\u00f3n del limitador: Hasta 9V.<\/p>\n<\/div>\n<div style=\"font-weight: bold\">Respuesta de frecuencia (1W, \ud83d\ude2f est\u00e9reo).<\/div>\n<div>\n<p>20 Hz &#8211; 20 kHz \u00b1 0.5 dB.<\/p>\n<\/div>\n<div style=\"font-weight: bold\">Sensibilidad (8O est\u00e9reo &amp; 1 kHz).<\/div>\n<div>\n<p>0.775V \/ 36 dB \/ 32 dB.<\/p>\n<\/div>\n<div style=\"font-weight: bold\">Conectores (Cada canal).<\/div>\n<div>\n<p>Conectores de entrada: Jack &amp; Neutrik XLR macho. Conectores de salida: 3x Neutrik Speakon 4P &amp; Terminal.<\/p>\n<\/div>\n<div style=\"font-weight: bold\">Capacidad del filtro condensador.<\/div>\n<div>\n<p>6800 uf \/ 100Vx12.<\/p>\n<\/div>\n<div style=\"font-weight: bold\">Input impedance.<\/div>\n<div>\n<p>Balanceada 20 kO No balanceada: 10 kO.<\/p>\n<\/div>\n<div style=\"font-weight: bold\">Crosstalk (20 Hz &#8211; 20 kHz, Potencia nominal 8O).<\/div>\n<div>\n<p>=60 dB.<\/p>\n<\/div>\n<div style=\"font-weight: bold\">Relaci\u00f3n se\u00f1al a ruido (Potencia nominal 8O; A ponderado).<\/div>\n<div>\n<p>=103dB<\/p>\n<\/div>\n<div style=\"font-weight: bold\">Factor de amortiguamiento (1 kHz &amp; 8O).<\/div>\n<div>\n<p>=650<\/p>\n<\/div>\n<div style=\"font-weight: bold\">Distorsi\u00f3n de intermodulaci\u00f3n (20Hz-20KHz, potencia media).<\/div>\n<div>\n<p>=0.1%<\/p>\n<\/div>\n<div style=\"font-weight: bold\">Distorsi\u00f3n arm\u00f3nica total (20 Hz &#8211; 20 kHz, Potencia media).<\/div>\n<div>\n<p>=0.1%<\/p>\n<\/div>\n<div style=\"font-weight: bold\">Respuesta de fase (1W &amp; 8O, 20 Hz &#8211; 20 kHz).<\/div>\n<div>\n<p>20Hz+5\u00b0 20KHz-20\u00b0<\/p>\n<\/div>\n<div style=\"font-weight: bold\">Respuesta al impulso (Slew rate).<\/div>\n<div>\n<p>=25 V\/us.<\/p>\n<\/div>\n<div style=\"font-weight: bold\">Circuito de salida.<\/div>\n<div>\n<p>CLASS H+.<\/p>\n<\/div>\n<div style=\"font-weight: bold\">Consumo (Canal Dual 4O, 1\/8RMS\/230V).<\/div>\n<div>\n<p>5.0A.<\/p>\n<\/div>\n<div style=\"font-weight: bold\">Espacio en rack.<\/div>\n<div>\n<p>3 unidades.<\/p>\n<\/div>\n<div style=\"font-weight: bold\">Enfriamiento.<\/div>\n<div>\n<p>Ventilaci\u00f3n de atr\u00e1s hacia adelante, Enfriamiento forzoso.<\/p>\n<\/div>\n<div style=\"font-weight: bold\">Dimensions.<\/div>\n<div>\n<p>483 \u00d7 132 \u00d7 506 mm.<\/p>\n<\/div>\n<div style=\"font-weight: bold\">Weight.<\/div>\n<div>\n<p>40 kg.<\/p>\n<\/div>\n<\/div>\n<\/div>","protected":false},"excerpt":{"rendered":"<p>Amplificador de potencia, 4 ohms puente: 5400W, 8 ohms puente: 3600W, 2 ohms est\u00e9reo: 2x2500W, 4 ohms est\u00e9reo: 2x1800W, 8 ohms est\u00e9reo: 2x1200W, filtro de subwoofer, full range o monitor, pantalla LCD de monitoreo, respuesta de frecuencia: 20 Hz &#8211; 20 kHz, conectores: IN: Jack &amp; Neutrik XLR macho, OUT: 3x Neutrik Speakon 4P &amp; Terminal, 3U de rack, dimensiones: 483 \u00d7 132 \u00d7 506 mm, peso: 40 kg.&hellip; <a class=\"kt-excerpt-readmore more-link\" href=\"https:\/\/www.mexicanguitarplayers.com\/en\/tienda\/audio\/amplificadores-audio\/amplificadores-de-potencia\/amplificador-audyson-poder-mod-t-5200\/\">Read more<\/a><\/p>","protected":false},"featured_media":38038,"comment_status":"open","ping_status":"closed","template":"","meta":{"kt_blocks_editor_width":""},"pwb-brand":[229],"product_brand":[],"product_cat":[219,220,213],"product_tag":[],"class_list":{"0":"post-38046","1":"product","2":"type-product","3":"status-publish","4":"has-post-thumbnail","6":"pwb-brand-audyson","7":"product_cat-amplificadores-audio","8":"product_cat-amplificadores-de-potencia","9":"product_cat-audio","11":"first","12":"outofstock","13":"taxable","14":"shipping-taxable","15":"purchasable","16":"product-type-simple"},"yoast_head":"<!-- This site is optimized with the Yoast SEO plugin v27.6 - https:\/\/yoast.com\/product\/yoast-seo-wordpress\/ -->\n<title>AMPLIFICADOR AUDYSON PODER MOD. T-5200 - Mexican Guitar Players<\/title>\n<meta name=\"description\" content=\"Amplificador de potencia, 4 ohms puente: 5400W, 8 ohms puente: 3600W, 2 ohms est\u00e9reo: 2x2500W, 4 ohms est\u00e9reo: 2x1800W, 8 ohms est\u00e9reo: 2x1200W, filtro de subwoofer, full range o monitor, pantalla LCD de monitoreo, respuesta de frecuencia: 20 Hz - 20 kHz, conectores: IN: Jack &amp; Neutrik XLR macho, OUT: 3x Neutrik Speakon 4P &amp; Terminal, 3U de rack, dimensiones: 483 \u00d7 132 \u00d7 506 mm, peso: 40 kg.\" \/>\n<meta name=\"robots\" content=\"index, follow, max-snippet:-1, max-image-preview:large, max-video-preview:-1\" \/>\n<link rel=\"canonical\" href=\"https:\/\/www.mexicanguitarplayers.com\/en\/tienda\/sin%20categor\u00eda\/amplificador-audyson-poder-mod-t-5200\/\" \/>\n<meta property=\"og:locale\" content=\"en_US\" \/>\n<meta property=\"og:type\" content=\"article\" \/>\n<meta property=\"og:title\" content=\"AMPLIFICADOR AUDYSON PODER MOD. T-5200 - Mexican Guitar Players\" \/>\n<meta property=\"og:description\" content=\"Amplificador de potencia, 4 ohms puente: 5400W, 8 ohms puente: 3600W, 2 ohms est\u00e9reo: 2x2500W, 4 ohms est\u00e9reo: 2x1800W, 8 ohms est\u00e9reo: 2x1200W, filtro de subwoofer, full range o monitor, pantalla LCD de monitoreo, respuesta de frecuencia: 20 Hz - 20 kHz, conectores: IN: Jack &amp; Neutrik XLR macho, OUT: 3x Neutrik Speakon 4P &amp; Terminal, 3U de rack, dimensiones: 483 \u00d7 132 \u00d7 506 mm, peso: 40 kg.\" \/>\n<meta property=\"og:url\" content=\"https:\/\/www.mexicanguitarplayers.com\/en\/tienda\/sin categor\u00eda\/amplificador-audyson-poder-mod-t-5200\/\" \/>\n<meta property=\"og:site_name\" content=\"Mexican Guitar Players\" \/>\n<meta property=\"article:modified_time\" content=\"2026-04-10T10:23:36+00:00\" \/>\n<meta name=\"twitter:card\" content=\"summary_large_image\" \/>\n<meta name=\"twitter:label1\" content=\"Est. reading time\" \/>\n\t<meta name=\"twitter:data1\" content=\"3 minutes\" \/>\n<script type=\"application\/ld+json\" class=\"yoast-schema-graph\">{\"@context\":\"https:\\\/\\\/schema.org\",\"@graph\":[{\"@type\":[\"WebPage\",\"ItemPage\"],\"@id\":\"https:\\\/\\\/www.mexicanguitarplayers.com\\\/tienda\\\/sin categor\u00eda\\\/amplificador-audyson-poder-mod-t-5200\\\/\",\"url\":\"https:\\\/\\\/www.mexicanguitarplayers.com\\\/tienda\\\/sin categor\u00eda\\\/amplificador-audyson-poder-mod-t-5200\\\/\",\"name\":\"AMPLIFICADOR AUDYSON PODER MOD. T-5200 - Mexican Guitar Players\",\"isPartOf\":{\"@id\":\"https:\\\/\\\/www.mexicanguitarplayers.com\\\/#website\"},\"primaryImageOfPage\":{\"@id\":\"https:\\\/\\\/www.mexicanguitarplayers.com\\\/tienda\\\/sin categor\u00eda\\\/amplificador-audyson-poder-mod-t-5200\\\/#primaryimage\"},\"image\":{\"@id\":\"https:\\\/\\\/www.mexicanguitarplayers.com\\\/tienda\\\/sin categor\u00eda\\\/amplificador-audyson-poder-mod-t-5200\\\/#primaryimage\"},\"thumbnailUrl\":\"https:\\\/\\\/www.mexicanguitarplayers.com\\\/wp-content\\\/uploads\\\/2025\\\/04\\\/IAADYT5200.jpg\",\"datePublished\":\"2025-04-09T11:58:32+00:00\",\"dateModified\":\"2026-04-10T10:23:36+00:00\",\"description\":\"Amplificador de potencia, 4 ohms puente: 5400W, 8 ohms puente: 3600W, 2 ohms est\u00e9reo: 2x2500W, 4 ohms est\u00e9reo: 2x1800W, 8 ohms est\u00e9reo: 2x1200W, filtro de subwoofer, full range o monitor, pantalla LCD de monitoreo, respuesta de frecuencia: 20 Hz - 20 kHz, conectores: IN: Jack &amp; Neutrik XLR macho, OUT: 3x Neutrik Speakon 4P &amp; Terminal, 3U de rack, dimensiones: 483 \u00d7 132 \u00d7 506 mm, peso: 40 kg.\",\"breadcrumb\":{\"@id\":\"https:\\\/\\\/www.mexicanguitarplayers.com\\\/tienda\\\/sin categor\u00eda\\\/amplificador-audyson-poder-mod-t-5200\\\/#breadcrumb\"},\"inLanguage\":\"en-US\",\"potentialAction\":[{\"@type\":\"ReadAction\",\"target\":[\"https:\\\/\\\/www.mexicanguitarplayers.com\\\/tienda\\\/sin categor\u00eda\\\/amplificador-audyson-poder-mod-t-5200\\\/\"]}]},{\"@type\":\"ImageObject\",\"inLanguage\":\"en-US\",\"@id\":\"https:\\\/\\\/www.mexicanguitarplayers.com\\\/tienda\\\/sin categor\u00eda\\\/amplificador-audyson-poder-mod-t-5200\\\/#primaryimage\",\"url\":\"https:\\\/\\\/www.mexicanguitarplayers.com\\\/wp-content\\\/uploads\\\/2025\\\/04\\\/IAADYT5200.jpg\",\"contentUrl\":\"https:\\\/\\\/www.mexicanguitarplayers.com\\\/wp-content\\\/uploads\\\/2025\\\/04\\\/IAADYT5200.jpg\",\"width\":1600,\"height\":800},{\"@type\":\"BreadcrumbList\",\"@id\":\"https:\\\/\\\/www.mexicanguitarplayers.com\\\/tienda\\\/sin categor\u00eda\\\/amplificador-audyson-poder-mod-t-5200\\\/#breadcrumb\",\"itemListElement\":[{\"@type\":\"ListItem\",\"position\":1,\"name\":\"Portada\",\"item\":\"https:\\\/\\\/www.mexicanguitarplayers.com\\\/\"},{\"@type\":\"ListItem\",\"position\":2,\"name\":\"Tienda\",\"item\":\"https:\\\/\\\/www.mexicanguitarplayers.com\\\/tienda\\\/\"},{\"@type\":\"ListItem\",\"position\":3,\"name\":\"AMPLIFICADOR AUDYSON PODER MOD. T-5200\"}]},{\"@type\":\"WebSite\",\"@id\":\"https:\\\/\\\/www.mexicanguitarplayers.com\\\/#website\",\"url\":\"https:\\\/\\\/www.mexicanguitarplayers.com\\\/\",\"name\":\"Mexican Guitar Players\",\"description\":\"Website\",\"publisher\":{\"@id\":\"https:\\\/\\\/www.mexicanguitarplayers.com\\\/#organization\"},\"potentialAction\":[{\"@type\":\"SearchAction\",\"target\":{\"@type\":\"EntryPoint\",\"urlTemplate\":\"https:\\\/\\\/www.mexicanguitarplayers.com\\\/?s={search_term_string}\"},\"query-input\":{\"@type\":\"PropertyValueSpecification\",\"valueRequired\":true,\"valueName\":\"search_term_string\"}}],\"inLanguage\":\"en-US\"},{\"@type\":\"Organization\",\"@id\":\"https:\\\/\\\/www.mexicanguitarplayers.com\\\/#organization\",\"name\":\"Mexican Guitar Players\",\"url\":\"https:\\\/\\\/www.mexicanguitarplayers.com\\\/\",\"logo\":{\"@type\":\"ImageObject\",\"inLanguage\":\"en-US\",\"@id\":\"https:\\\/\\\/www.mexicanguitarplayers.com\\\/#\\\/schema\\\/logo\\\/image\\\/\",\"url\":\"\",\"contentUrl\":\"\",\"caption\":\"Mexican Guitar Players\"},\"image\":{\"@id\":\"https:\\\/\\\/www.mexicanguitarplayers.com\\\/#\\\/schema\\\/logo\\\/image\\\/\"}}]}<\/script>\n<!-- \/ Yoast SEO plugin. -->","yoast_head_json":{"title":"AMPLIFICADOR AUDYSON PODER MOD. T-5200 - Mexican Guitar Players","description":"Amplificador de potencia, 4 ohms puente: 5400W, 8 ohms puente: 3600W, 2 ohms est\u00e9reo: 2x2500W, 4 ohms est\u00e9reo: 2x1800W, 8 ohms est\u00e9reo: 2x1200W, filtro de subwoofer, full range o monitor, pantalla LCD de monitoreo, respuesta de frecuencia: 20 Hz - 20 kHz, conectores: IN: Jack &amp; Neutrik XLR macho, OUT: 3x Neutrik Speakon 4P &amp; Terminal, 3U de rack, dimensiones: 483 \u00d7 132 \u00d7 506 mm, peso: 40 kg.","robots":{"index":"index","follow":"follow","max-snippet":"max-snippet:-1","max-image-preview":"max-image-preview:large","max-video-preview":"max-video-preview:-1"},"canonical":"https:\/\/www.mexicanguitarplayers.com\/en\/tienda\/sin categor\u00eda\/amplificador-audyson-poder-mod-t-5200\/","og_locale":"en_US","og_type":"article","og_title":"AMPLIFICADOR AUDYSON PODER MOD. T-5200 - Mexican Guitar Players","og_description":"Amplificador de potencia, 4 ohms puente: 5400W, 8 ohms puente: 3600W, 2 ohms est\u00e9reo: 2x2500W, 4 ohms est\u00e9reo: 2x1800W, 8 ohms est\u00e9reo: 2x1200W, filtro de subwoofer, full range o monitor, pantalla LCD de monitoreo, respuesta de frecuencia: 20 Hz - 20 kHz, conectores: IN: Jack &amp; Neutrik XLR macho, OUT: 3x Neutrik Speakon 4P &amp; Terminal, 3U de rack, dimensiones: 483 \u00d7 132 \u00d7 506 mm, peso: 40 kg.","og_url":"https:\/\/www.mexicanguitarplayers.com\/en\/tienda\/sin categor\u00eda\/amplificador-audyson-poder-mod-t-5200\/","og_site_name":"Mexican Guitar Players","article_modified_time":"2026-04-10T10:23:36+00:00","twitter_card":"summary_large_image","twitter_misc":{"Est. reading time":"3 minutes"},"schema":{"@context":"https:\/\/schema.org","@graph":[{"@type":["WebPage","ItemPage"],"@id":"https:\/\/www.mexicanguitarplayers.com\/tienda\/sin categor\u00eda\/amplificador-audyson-poder-mod-t-5200\/","url":"https:\/\/www.mexicanguitarplayers.com\/tienda\/sin categor\u00eda\/amplificador-audyson-poder-mod-t-5200\/","name":"AMPLIFICADOR AUDYSON PODER MOD. T-5200 - Mexican Guitar Players","isPartOf":{"@id":"https:\/\/www.mexicanguitarplayers.com\/#website"},"primaryImageOfPage":{"@id":"https:\/\/www.mexicanguitarplayers.com\/tienda\/sin categor\u00eda\/amplificador-audyson-poder-mod-t-5200\/#primaryimage"},"image":{"@id":"https:\/\/www.mexicanguitarplayers.com\/tienda\/sin categor\u00eda\/amplificador-audyson-poder-mod-t-5200\/#primaryimage"},"thumbnailUrl":"https:\/\/www.mexicanguitarplayers.com\/wp-content\/uploads\/2025\/04\/IAADYT5200.jpg","datePublished":"2025-04-09T11:58:32+00:00","dateModified":"2026-04-10T10:23:36+00:00","description":"Amplificador de potencia, 4 ohms puente: 5400W, 8 ohms puente: 3600W, 2 ohms est\u00e9reo: 2x2500W, 4 ohms est\u00e9reo: 2x1800W, 8 ohms est\u00e9reo: 2x1200W, filtro de subwoofer, full range o monitor, pantalla LCD de monitoreo, respuesta de frecuencia: 20 Hz - 20 kHz, conectores: IN: Jack &amp; Neutrik XLR macho, OUT: 3x Neutrik Speakon 4P &amp; Terminal, 3U de rack, dimensiones: 483 \u00d7 132 \u00d7 506 mm, peso: 40 kg.","breadcrumb":{"@id":"https:\/\/www.mexicanguitarplayers.com\/tienda\/sin categor\u00eda\/amplificador-audyson-poder-mod-t-5200\/#breadcrumb"},"inLanguage":"en-US","potentialAction":[{"@type":"ReadAction","target":["https:\/\/www.mexicanguitarplayers.com\/tienda\/sin categor\u00eda\/amplificador-audyson-poder-mod-t-5200\/"]}]},{"@type":"ImageObject","inLanguage":"en-US","@id":"https:\/\/www.mexicanguitarplayers.com\/tienda\/sin categor\u00eda\/amplificador-audyson-poder-mod-t-5200\/#primaryimage","url":"https:\/\/www.mexicanguitarplayers.com\/wp-content\/uploads\/2025\/04\/IAADYT5200.jpg","contentUrl":"https:\/\/www.mexicanguitarplayers.com\/wp-content\/uploads\/2025\/04\/IAADYT5200.jpg","width":1600,"height":800},{"@type":"BreadcrumbList","@id":"https:\/\/www.mexicanguitarplayers.com\/tienda\/sin categor\u00eda\/amplificador-audyson-poder-mod-t-5200\/#breadcrumb","itemListElement":[{"@type":"ListItem","position":1,"name":"Portada","item":"https:\/\/www.mexicanguitarplayers.com\/"},{"@type":"ListItem","position":2,"name":"Tienda","item":"https:\/\/www.mexicanguitarplayers.com\/tienda\/"},{"@type":"ListItem","position":3,"name":"AMPLIFICADOR AUDYSON PODER MOD. T-5200"}]},{"@type":"WebSite","@id":"https:\/\/www.mexicanguitarplayers.com\/#website","url":"https:\/\/www.mexicanguitarplayers.com\/","name":"Mexican Guitar Players","description":"Website","publisher":{"@id":"https:\/\/www.mexicanguitarplayers.com\/#organization"},"potentialAction":[{"@type":"SearchAction","target":{"@type":"EntryPoint","urlTemplate":"https:\/\/www.mexicanguitarplayers.com\/?s={search_term_string}"},"query-input":{"@type":"PropertyValueSpecification","valueRequired":true,"valueName":"search_term_string"}}],"inLanguage":"en-US"},{"@type":"Organization","@id":"https:\/\/www.mexicanguitarplayers.com\/#organization","name":"Mexican Guitar Players","url":"https:\/\/www.mexicanguitarplayers.com\/","logo":{"@type":"ImageObject","inLanguage":"en-US","@id":"https:\/\/www.mexicanguitarplayers.com\/#\/schema\/logo\/image\/","url":"","contentUrl":"","caption":"Mexican Guitar Players"},"image":{"@id":"https:\/\/www.mexicanguitarplayers.com\/#\/schema\/logo\/image\/"}}]}},"brands":[{"id":229,"name":"AUDYSON","slug":"audyson"}],"_links":{"self":[{"href":"https:\/\/www.mexicanguitarplayers.com\/en\/wp-json\/wp\/v2\/product\/38046","targetHints":{"allow":["GET"]}}],"collection":[{"href":"https:\/\/www.mexicanguitarplayers.com\/en\/wp-json\/wp\/v2\/product"}],"about":[{"href":"https:\/\/www.mexicanguitarplayers.com\/en\/wp-json\/wp\/v2\/types\/product"}],"replies":[{"embeddable":true,"href":"https:\/\/www.mexicanguitarplayers.com\/en\/wp-json\/wp\/v2\/comments?post=38046"}],"wp:featuredmedia":[{"embeddable":true,"href":"https:\/\/www.mexicanguitarplayers.com\/en\/wp-json\/wp\/v2\/media\/38038"}],"wp:attachment":[{"href":"https:\/\/www.mexicanguitarplayers.com\/en\/wp-json\/wp\/v2\/media?parent=38046"}],"wp:term":[{"taxonomy":"pwb-brand","embeddable":true,"href":"https:\/\/www.mexicanguitarplayers.com\/en\/wp-json\/wp\/v2\/pwb-brand?post=38046"},{"taxonomy":"product_brand","embeddable":true,"href":"https:\/\/www.mexicanguitarplayers.com\/en\/wp-json\/wp\/v2\/product_brand?post=38046"},{"taxonomy":"product_cat","embeddable":true,"href":"https:\/\/www.mexicanguitarplayers.com\/en\/wp-json\/wp\/v2\/product_cat?post=38046"},{"taxonomy":"product_tag","embeddable":true,"href":"https:\/\/www.mexicanguitarplayers.com\/en\/wp-json\/wp\/v2\/product_tag?post=38046"}],"curies":[{"name":"wp","href":"https:\/\/api.w.org\/{rel}","templated":true}]}}