{"id":38074,"date":"2025-04-09T05:59:07","date_gmt":"2025-04-09T11:59:07","guid":{"rendered":"https:\/\/www.mexicanguitarplayers.com\/tienda\/sin categor\u00eda\/pastilla-fishman-p-guitarra-pro-blk-stk\/"},"modified":"2026-04-10T04:23:32","modified_gmt":"2026-04-10T10:23:32","slug":"pastilla-fishman-p-guitarra-pro-blk-stk","status":"publish","type":"product","link":"https:\/\/www.mexicanguitarplayers.com\/en\/tienda\/accesorios\/para-guitarras\/pastillas-para-guitarra-acustica\/pastilla-fishman-p-guitarra-pro-blk-stk\/","title":{"rendered":"PASTILLA FISHMAN P\/GUITARRA  PRO-BLK-STK"},"content":{"rendered":"<div style=\"text-align: justify\">\n<div>\n<h3>Super humbucker para guitarra ac\u00fastica.<\/h3>\n<\/div>\n<div>Pastilla Fishman Blacstack PRO-BLK-STK.  Ahora, ese sonido vintage de una pastilla humbucking est\u00e1 disponible en un dise\u00f1o moderno, sin bater\u00eda. Cuenta con ajuste de los postes de los imanes y un conector TA4 mini-XLR integrado en la carcasa que permite una f\u00e1cil instalaci\u00f3n y conexi\u00f3n con el cable incluido o con su propio sistema endpin de montaje. Pastilla humbucking con im\u00e1n doble. Pasiva, no necesita bater\u00eda para su funcionamiento. Postes ajustables de los imanes, permiten un ajuste perfecto de las distancias entre \u00e9stos y las cuerdas, ayudan a compensar las diferentes intensidades de las cuerdas. Incluye cable de 1.5m con conector TA4 mini-XLR a jack de 1\/4&#8243;. Desde 1981, Fishman es la compa\u00f1\u00eda que dise\u00f1a y fabrica los mejores y m\u00e1s finos dispositivos de captaci\u00f3n de sonido para instrumentos ac\u00fasticos del mercado.<\/div>\n<div>\n<h4>Quick look<\/h4>\n<\/div>\n<ul style=\"margin: 0px 0px 0px 25px\">\n<li style=\"list-style-type: circle;margin: 5px\">Pastilla humbucker:<\/li>\n<li style=\"list-style-type: circle;margin: 5px\">Jack de 1\/4&#8243;:<\/li>\n<li style=\"list-style-type: circle;margin: 5px\">Postes de los imanes ajustables<\/li>\n<\/ul>\n<div>\n<div style=\"font-weight: bold\">Pastilla humbucker:<\/div>\n<div>\n<p>Potente y silenciosa.<\/p>\n<\/div>\n<div style=\"font-weight: bold\">Jack de 1\/4&#8243;:<\/div>\n<div>\n<p>Gran versatilidad de conexi\u00f3n.<\/p>\n<\/div>\n<div style=\"font-weight: bold\">Postes de los imanes ajustables<\/div>\n<div>\n<p>Para compensar los diferentes volumenes de cada cuerda.<\/p>\n<\/div>\n<\/div>\n<div>\n<h4>Characteristics<\/h4>\n<\/div>\n<div>\n<ul style=\"margin: 0px 0px 0px 25px\">\n<li style=\"list-style-type: circle;margin: 5px\">Facil instalaci\u00f3n y desmontaje.<\/li>\n<\/ul>\n<\/div>\n<\/div>","protected":false},"excerpt":{"rendered":"<p>Pastilla humbucker Fishman mod. PRO-BLK-STK magn\u00e9tica para guitarra  ac\u00fastica. Incluye cable largo con jack de 1\/4\u201d.&hellip; <a class=\"kt-excerpt-readmore more-link\" href=\"https:\/\/www.mexicanguitarplayers.com\/en\/tienda\/accesorios\/para-guitarras\/pastillas-para-guitarra-acustica\/pastilla-fishman-p-guitarra-pro-blk-stk\/\">Read more<\/a><\/p>","protected":false},"featured_media":38073,"comment_status":"open","ping_status":"closed","template":"","meta":{"kt_blocks_editor_width":""},"pwb-brand":[248],"product_brand":[],"product_cat":[85,336,357],"product_tag":[],"class_list":{"0":"post-38074","1":"product","2":"type-product","3":"status-publish","4":"has-post-thumbnail","6":"pwb-brand-fishman","7":"product_cat-accesorios","8":"product_cat-para-guitarras","9":"product_cat-pastillas-para-guitarra-acustica","10":"product_shipping_class-0-5-kg","12":"first","13":"outofstock","14":"taxable","15":"shipping-taxable","16":"purchasable","17":"product-type-simple"},"yoast_head":"<!-- This site is optimized with the Yoast SEO plugin v27.5 - https:\/\/yoast.com\/product\/yoast-seo-wordpress\/ -->\n<title>PASTILLA FISHMAN P\/GUITARRA PRO-BLK-STK - Mexican Guitar Players<\/title>\n<meta name=\"description\" content=\"Pastilla humbucker Fishman mod. PRO-BLK-STK magn\u00e9tica para guitarra ac\u00fastica. Incluye cable largo con jack de 1\/4\u201d.\" \/>\n<meta name=\"robots\" content=\"index, follow, max-snippet:-1, max-image-preview:large, max-video-preview:-1\" \/>\n<link rel=\"canonical\" href=\"https:\/\/www.mexicanguitarplayers.com\/en\/tienda\/sin%20categor\u00eda\/pastilla-fishman-p-guitarra-pro-blk-stk\/\" \/>\n<meta property=\"og:locale\" content=\"en_US\" \/>\n<meta property=\"og:type\" content=\"article\" \/>\n<meta property=\"og:title\" content=\"PASTILLA FISHMAN P\/GUITARRA PRO-BLK-STK - Mexican Guitar Players\" \/>\n<meta property=\"og:description\" content=\"Pastilla humbucker Fishman mod. PRO-BLK-STK magn\u00e9tica para guitarra ac\u00fastica. Incluye cable largo con jack de 1\/4\u201d.\" \/>\n<meta property=\"og:url\" content=\"https:\/\/www.mexicanguitarplayers.com\/en\/tienda\/sin categor\u00eda\/pastilla-fishman-p-guitarra-pro-blk-stk\/\" \/>\n<meta property=\"og:site_name\" content=\"Mexican Guitar Players\" \/>\n<meta property=\"article:modified_time\" content=\"2026-04-10T10:23:32+00:00\" \/>\n<meta name=\"twitter:card\" content=\"summary_large_image\" \/>\n<meta name=\"twitter:label1\" content=\"Est. reading time\" \/>\n\t<meta name=\"twitter:data1\" content=\"1 minute\" \/>\n<script type=\"application\/ld+json\" class=\"yoast-schema-graph\">{\"@context\":\"https:\\\/\\\/schema.org\",\"@graph\":[{\"@type\":[\"WebPage\",\"ItemPage\"],\"@id\":\"https:\\\/\\\/www.mexicanguitarplayers.com\\\/tienda\\\/sin categor\u00eda\\\/pastilla-fishman-p-guitarra-pro-blk-stk\\\/\",\"url\":\"https:\\\/\\\/www.mexicanguitarplayers.com\\\/tienda\\\/sin categor\u00eda\\\/pastilla-fishman-p-guitarra-pro-blk-stk\\\/\",\"name\":\"PASTILLA FISHMAN P\\\/GUITARRA PRO-BLK-STK - Mexican Guitar Players\",\"isPartOf\":{\"@id\":\"https:\\\/\\\/www.mexicanguitarplayers.com\\\/#website\"},\"primaryImageOfPage\":{\"@id\":\"https:\\\/\\\/www.mexicanguitarplayers.com\\\/tienda\\\/sin categor\u00eda\\\/pastilla-fishman-p-guitarra-pro-blk-stk\\\/#primaryimage\"},\"image\":{\"@id\":\"https:\\\/\\\/www.mexicanguitarplayers.com\\\/tienda\\\/sin categor\u00eda\\\/pastilla-fishman-p-guitarra-pro-blk-stk\\\/#primaryimage\"},\"thumbnailUrl\":\"https:\\\/\\\/www.mexicanguitarplayers.com\\\/wp-content\\\/uploads\\\/2025\\\/04\\\/RAFISPROBLKSTK.jpg\",\"datePublished\":\"2025-04-09T11:59:07+00:00\",\"dateModified\":\"2026-04-10T10:23:32+00:00\",\"description\":\"Pastilla humbucker Fishman mod. PRO-BLK-STK magn\u00e9tica para guitarra ac\u00fastica. Incluye cable largo con jack de 1\\\/4\u201d.\",\"breadcrumb\":{\"@id\":\"https:\\\/\\\/www.mexicanguitarplayers.com\\\/tienda\\\/sin categor\u00eda\\\/pastilla-fishman-p-guitarra-pro-blk-stk\\\/#breadcrumb\"},\"inLanguage\":\"en-US\",\"potentialAction\":[{\"@type\":\"ReadAction\",\"target\":[\"https:\\\/\\\/www.mexicanguitarplayers.com\\\/tienda\\\/sin categor\u00eda\\\/pastilla-fishman-p-guitarra-pro-blk-stk\\\/\"]}]},{\"@type\":\"ImageObject\",\"inLanguage\":\"en-US\",\"@id\":\"https:\\\/\\\/www.mexicanguitarplayers.com\\\/tienda\\\/sin categor\u00eda\\\/pastilla-fishman-p-guitarra-pro-blk-stk\\\/#primaryimage\",\"url\":\"https:\\\/\\\/www.mexicanguitarplayers.com\\\/wp-content\\\/uploads\\\/2025\\\/04\\\/RAFISPROBLKSTK.jpg\",\"contentUrl\":\"https:\\\/\\\/www.mexicanguitarplayers.com\\\/wp-content\\\/uploads\\\/2025\\\/04\\\/RAFISPROBLKSTK.jpg\",\"width\":1200,\"height\":1200},{\"@type\":\"BreadcrumbList\",\"@id\":\"https:\\\/\\\/www.mexicanguitarplayers.com\\\/tienda\\\/sin categor\u00eda\\\/pastilla-fishman-p-guitarra-pro-blk-stk\\\/#breadcrumb\",\"itemListElement\":[{\"@type\":\"ListItem\",\"position\":1,\"name\":\"Portada\",\"item\":\"https:\\\/\\\/www.mexicanguitarplayers.com\\\/\"},{\"@type\":\"ListItem\",\"position\":2,\"name\":\"Tienda\",\"item\":\"https:\\\/\\\/www.mexicanguitarplayers.com\\\/tienda\\\/\"},{\"@type\":\"ListItem\",\"position\":3,\"name\":\"PASTILLA FISHMAN P\\\/GUITARRA PRO-BLK-STK\"}]},{\"@type\":\"WebSite\",\"@id\":\"https:\\\/\\\/www.mexicanguitarplayers.com\\\/#website\",\"url\":\"https:\\\/\\\/www.mexicanguitarplayers.com\\\/\",\"name\":\"Mexican Guitar Players\",\"description\":\"Website\",\"publisher\":{\"@id\":\"https:\\\/\\\/www.mexicanguitarplayers.com\\\/#organization\"},\"potentialAction\":[{\"@type\":\"SearchAction\",\"target\":{\"@type\":\"EntryPoint\",\"urlTemplate\":\"https:\\\/\\\/www.mexicanguitarplayers.com\\\/?s={search_term_string}\"},\"query-input\":{\"@type\":\"PropertyValueSpecification\",\"valueRequired\":true,\"valueName\":\"search_term_string\"}}],\"inLanguage\":\"en-US\"},{\"@type\":\"Organization\",\"@id\":\"https:\\\/\\\/www.mexicanguitarplayers.com\\\/#organization\",\"name\":\"Mexican Guitar Players\",\"url\":\"https:\\\/\\\/www.mexicanguitarplayers.com\\\/\",\"logo\":{\"@type\":\"ImageObject\",\"inLanguage\":\"en-US\",\"@id\":\"https:\\\/\\\/www.mexicanguitarplayers.com\\\/#\\\/schema\\\/logo\\\/image\\\/\",\"url\":\"\",\"contentUrl\":\"\",\"caption\":\"Mexican Guitar Players\"},\"image\":{\"@id\":\"https:\\\/\\\/www.mexicanguitarplayers.com\\\/#\\\/schema\\\/logo\\\/image\\\/\"}}]}<\/script>\n<!-- \/ Yoast SEO plugin. -->","yoast_head_json":{"title":"PASTILLA FISHMAN P\/GUITARRA PRO-BLK-STK - Mexican Guitar Players","description":"Pastilla humbucker Fishman mod. PRO-BLK-STK magn\u00e9tica para guitarra ac\u00fastica. Incluye cable largo con jack de 1\/4\u201d.","robots":{"index":"index","follow":"follow","max-snippet":"max-snippet:-1","max-image-preview":"max-image-preview:large","max-video-preview":"max-video-preview:-1"},"canonical":"https:\/\/www.mexicanguitarplayers.com\/en\/tienda\/sin categor\u00eda\/pastilla-fishman-p-guitarra-pro-blk-stk\/","og_locale":"en_US","og_type":"article","og_title":"PASTILLA FISHMAN P\/GUITARRA PRO-BLK-STK - Mexican Guitar Players","og_description":"Pastilla humbucker Fishman mod. PRO-BLK-STK magn\u00e9tica para guitarra ac\u00fastica. Incluye cable largo con jack de 1\/4\u201d.","og_url":"https:\/\/www.mexicanguitarplayers.com\/en\/tienda\/sin categor\u00eda\/pastilla-fishman-p-guitarra-pro-blk-stk\/","og_site_name":"Mexican Guitar Players","article_modified_time":"2026-04-10T10:23:32+00:00","twitter_card":"summary_large_image","twitter_misc":{"Est. reading time":"1 minute"},"schema":{"@context":"https:\/\/schema.org","@graph":[{"@type":["WebPage","ItemPage"],"@id":"https:\/\/www.mexicanguitarplayers.com\/tienda\/sin categor\u00eda\/pastilla-fishman-p-guitarra-pro-blk-stk\/","url":"https:\/\/www.mexicanguitarplayers.com\/tienda\/sin categor\u00eda\/pastilla-fishman-p-guitarra-pro-blk-stk\/","name":"PASTILLA FISHMAN P\/GUITARRA PRO-BLK-STK - Mexican Guitar Players","isPartOf":{"@id":"https:\/\/www.mexicanguitarplayers.com\/#website"},"primaryImageOfPage":{"@id":"https:\/\/www.mexicanguitarplayers.com\/tienda\/sin categor\u00eda\/pastilla-fishman-p-guitarra-pro-blk-stk\/#primaryimage"},"image":{"@id":"https:\/\/www.mexicanguitarplayers.com\/tienda\/sin categor\u00eda\/pastilla-fishman-p-guitarra-pro-blk-stk\/#primaryimage"},"thumbnailUrl":"https:\/\/www.mexicanguitarplayers.com\/wp-content\/uploads\/2025\/04\/RAFISPROBLKSTK.jpg","datePublished":"2025-04-09T11:59:07+00:00","dateModified":"2026-04-10T10:23:32+00:00","description":"Pastilla humbucker Fishman mod. PRO-BLK-STK magn\u00e9tica para guitarra ac\u00fastica. Incluye cable largo con jack de 1\/4\u201d.","breadcrumb":{"@id":"https:\/\/www.mexicanguitarplayers.com\/tienda\/sin categor\u00eda\/pastilla-fishman-p-guitarra-pro-blk-stk\/#breadcrumb"},"inLanguage":"en-US","potentialAction":[{"@type":"ReadAction","target":["https:\/\/www.mexicanguitarplayers.com\/tienda\/sin categor\u00eda\/pastilla-fishman-p-guitarra-pro-blk-stk\/"]}]},{"@type":"ImageObject","inLanguage":"en-US","@id":"https:\/\/www.mexicanguitarplayers.com\/tienda\/sin categor\u00eda\/pastilla-fishman-p-guitarra-pro-blk-stk\/#primaryimage","url":"https:\/\/www.mexicanguitarplayers.com\/wp-content\/uploads\/2025\/04\/RAFISPROBLKSTK.jpg","contentUrl":"https:\/\/www.mexicanguitarplayers.com\/wp-content\/uploads\/2025\/04\/RAFISPROBLKSTK.jpg","width":1200,"height":1200},{"@type":"BreadcrumbList","@id":"https:\/\/www.mexicanguitarplayers.com\/tienda\/sin categor\u00eda\/pastilla-fishman-p-guitarra-pro-blk-stk\/#breadcrumb","itemListElement":[{"@type":"ListItem","position":1,"name":"Portada","item":"https:\/\/www.mexicanguitarplayers.com\/"},{"@type":"ListItem","position":2,"name":"Tienda","item":"https:\/\/www.mexicanguitarplayers.com\/tienda\/"},{"@type":"ListItem","position":3,"name":"PASTILLA FISHMAN P\/GUITARRA PRO-BLK-STK"}]},{"@type":"WebSite","@id":"https:\/\/www.mexicanguitarplayers.com\/#website","url":"https:\/\/www.mexicanguitarplayers.com\/","name":"Mexican Guitar Players","description":"Website","publisher":{"@id":"https:\/\/www.mexicanguitarplayers.com\/#organization"},"potentialAction":[{"@type":"SearchAction","target":{"@type":"EntryPoint","urlTemplate":"https:\/\/www.mexicanguitarplayers.com\/?s={search_term_string}"},"query-input":{"@type":"PropertyValueSpecification","valueRequired":true,"valueName":"search_term_string"}}],"inLanguage":"en-US"},{"@type":"Organization","@id":"https:\/\/www.mexicanguitarplayers.com\/#organization","name":"Mexican Guitar Players","url":"https:\/\/www.mexicanguitarplayers.com\/","logo":{"@type":"ImageObject","inLanguage":"en-US","@id":"https:\/\/www.mexicanguitarplayers.com\/#\/schema\/logo\/image\/","url":"","contentUrl":"","caption":"Mexican Guitar Players"},"image":{"@id":"https:\/\/www.mexicanguitarplayers.com\/#\/schema\/logo\/image\/"}}]}},"brands":[{"id":248,"name":"FISHMAN","slug":"fishman"}],"_links":{"self":[{"href":"https:\/\/www.mexicanguitarplayers.com\/en\/wp-json\/wp\/v2\/product\/38074","targetHints":{"allow":["GET"]}}],"collection":[{"href":"https:\/\/www.mexicanguitarplayers.com\/en\/wp-json\/wp\/v2\/product"}],"about":[{"href":"https:\/\/www.mexicanguitarplayers.com\/en\/wp-json\/wp\/v2\/types\/product"}],"replies":[{"embeddable":true,"href":"https:\/\/www.mexicanguitarplayers.com\/en\/wp-json\/wp\/v2\/comments?post=38074"}],"wp:featuredmedia":[{"embeddable":true,"href":"https:\/\/www.mexicanguitarplayers.com\/en\/wp-json\/wp\/v2\/media\/38073"}],"wp:attachment":[{"href":"https:\/\/www.mexicanguitarplayers.com\/en\/wp-json\/wp\/v2\/media?parent=38074"}],"wp:term":[{"taxonomy":"pwb-brand","embeddable":true,"href":"https:\/\/www.mexicanguitarplayers.com\/en\/wp-json\/wp\/v2\/pwb-brand?post=38074"},{"taxonomy":"product_brand","embeddable":true,"href":"https:\/\/www.mexicanguitarplayers.com\/en\/wp-json\/wp\/v2\/product_brand?post=38074"},{"taxonomy":"product_cat","embeddable":true,"href":"https:\/\/www.mexicanguitarplayers.com\/en\/wp-json\/wp\/v2\/product_cat?post=38074"},{"taxonomy":"product_tag","embeddable":true,"href":"https:\/\/www.mexicanguitarplayers.com\/en\/wp-json\/wp\/v2\/product_tag?post=38074"}],"curies":[{"name":"wp","href":"https:\/\/api.w.org\/{rel}","templated":true}]}}