{"id":38104,"date":"2025-04-09T05:59:50","date_gmt":"2025-04-09T11:59:50","guid":{"rendered":"https:\/\/www.mexicanguitarplayers.com\/tienda\/sin categor\u00eda\/microfono-behringer-mod-bc-lav\/"},"modified":"2026-01-30T10:15:00","modified_gmt":"2026-01-30T16:15:00","slug":"microfono-behringer-mod-bc-lav","status":"publish","type":"product","link":"https:\/\/www.mexicanguitarplayers.com\/en\/tienda\/audio\/microfonia\/microfonos-inalambricos\/de-solapa\/microfono-behringer-mod-bc-lav\/","title":{"rendered":"MICROFONO BEHRINGER MOD. BC LAV"},"content":{"rendered":"<div style=\"text-align: justify\">\n<div>\n<h3>MICROFONO BEHRINGER MOD. BC LAV<\/h3>\n<\/div>\n<div>El micr\u00f3fono BC LAV es la opci\u00f3n perfecta para podcasters, vloggers, cantantes o streamers que necesitan un micr\u00f3fono manos libres de alta calidad. Ofrece un rendimiento excepcional a un precio asequible y es compatible con una amplia gama de dispositivos inteligentes a trav\u00e9s del puerto de 3,5 mm. Su dise\u00f1o compacto y discreto, junto con el clip de camisa incluido, lo hace ideal para grabaciones ocultas, mientras que su c\u00e1psula omnidireccional captura el audio completo de su entorno, perfecto para transmisiones en vivo. Adem\u00e1s, viene con una bolsa de cord\u00f3n para un almacenamiento seguro, un protector discreto contra el viento y un cable TRS para una mayor versatilidad de conexi\u00f3n. Con todas estas caracter\u00edsticas y su excelente relaci\u00f3n calidad-precio, el BC LAV es una opci\u00f3n excepcional para aquellos que buscan un micr\u00f3fono manos libres de calidad sin romper el banco.<\/div>\n<div>\n<h4>Characteristics<\/h4>\n<\/div>\n<div>\n<ul style=\"margin: 0px 0px 0px 25px\">\n<li style=\"list-style-type: circle;margin: 5px\">Kind<\/li>\n<li style=\"list-style-type: circle;margin: 5px\">Respuesta frecuente<\/li>\n<li style=\"list-style-type: circle;margin: 5px\">Impedancia<\/li>\n<li style=\"list-style-type: circle;margin: 5px\">patr\u00f3n polar<\/li>\n<li style=\"list-style-type: circle;margin: 5px\">Sensibilidad<\/li>\n<li style=\"list-style-type: circle;margin: 5px\">Requerimientos de energ\u00eda<\/li>\n<\/ul>\n<\/div>\n<\/div>","protected":false},"excerpt":{"rendered":"<p>El BC LAV es un micr\u00f3fono de condensador de solapa de alta calidad que ofrece un audio cristalino en todo tipo de entornos. Es una excelente opci\u00f3n para podcasters, vloggers, presentadores, conferenciantes, cantantes, m\u00fasicos y streamers que necesitan micr\u00f3fonos manos libres. Est\u00e1 optimizado para su uso con smartphones, tablets, computadoras, laptops y otros dispositivos m\u00f3viles. Su c\u00e1psula miniatura permite su uso de forma discreta en actuaciones ocultas. Viene con un conector TRRS chapado en oro de 3,5 mm para una integridad de se\u00f1al \u00f3ptima, junto con un cable integrado de 1,2 m para una mayor movilidad. Incluye tambi\u00e9n un protector discreto contra el viento, un adaptador de 3,5 mm y un clip para su sujeci\u00f3n. Todo esto viene en un pr\u00e1ctico estuche de transporte protector para una f\u00e1cil portabilidad y almacenamiento.&hellip; <a class=\"kt-excerpt-readmore more-link\" href=\"https:\/\/www.mexicanguitarplayers.com\/en\/tienda\/audio\/microfonia\/microfonos-inalambricos\/de-solapa\/microfono-behringer-mod-bc-lav\/\">Read more<\/a><\/p>","protected":false},"featured_media":38099,"comment_status":"open","ping_status":"closed","template":"","meta":{"kt_blocks_editor_width":""},"pwb-brand":[171],"product_brand":[],"product_cat":[213,543,214,231],"product_tag":[],"class_list":{"0":"post-38104","1":"product","2":"type-product","3":"status-publish","4":"has-post-thumbnail","6":"pwb-brand-behringer","7":"product_cat-audio","8":"product_cat-de-solapa","9":"product_cat-microfonia","10":"product_cat-microfonos-inalambricos","11":"product_shipping_class-0-5-kg","13":"first","14":"outofstock","15":"taxable","16":"shipping-taxable","17":"purchasable","18":"product-type-simple"},"yoast_head":"<!-- This site is optimized with the Yoast SEO plugin v27.3 - https:\/\/yoast.com\/product\/yoast-seo-wordpress\/ -->\n<title>MICROFONO BEHRINGER MOD. BC LAV - Mexican Guitar Players<\/title>\n<meta name=\"description\" content=\"El BC LAV es un micr\u00f3fono de condensador de solapa de alta calidad que ofrece un audio cristalino en todo tipo de entornos. Es una excelente opci\u00f3n para podcasters, vloggers, presentadores, conferenciantes, cantantes, m\u00fasicos y streamers que necesitan micr\u00f3fonos manos libres. Est\u00e1 optimizado para su uso con smartphones, tablets, computadoras, laptops y otros dispositivos m\u00f3viles. Su c\u00e1psula miniatura permite su uso de forma discreta en actuaciones ocultas. Viene con un conector TRRS chapado en oro de 3,5 mm para una integridad de se\u00f1al \u00f3ptima, junto con un cable integrado de 1,2 m para una mayor movilidad. Incluye tambi\u00e9n un protector discreto contra el viento, un adaptador de 3,5 mm y un clip para su sujeci\u00f3n. Todo esto viene en un pr\u00e1ctico estuche de transporte protector para una f\u00e1cil portabilidad y almacenamiento.\" \/>\n<meta name=\"robots\" content=\"index, follow, max-snippet:-1, max-image-preview:large, max-video-preview:-1\" \/>\n<link rel=\"canonical\" href=\"https:\/\/www.mexicanguitarplayers.com\/en\/tienda\/sin%20categor\u00eda\/microfono-behringer-mod-bc-lav\/\" \/>\n<meta property=\"og:locale\" content=\"en_US\" \/>\n<meta property=\"og:type\" content=\"article\" \/>\n<meta property=\"og:title\" content=\"MICROFONO BEHRINGER MOD. BC LAV - Mexican Guitar Players\" \/>\n<meta property=\"og:description\" content=\"El BC LAV es un micr\u00f3fono de condensador de solapa de alta calidad que ofrece un audio cristalino en todo tipo de entornos. Es una excelente opci\u00f3n para podcasters, vloggers, presentadores, conferenciantes, cantantes, m\u00fasicos y streamers que necesitan micr\u00f3fonos manos libres. Est\u00e1 optimizado para su uso con smartphones, tablets, computadoras, laptops y otros dispositivos m\u00f3viles. Su c\u00e1psula miniatura permite su uso de forma discreta en actuaciones ocultas. Viene con un conector TRRS chapado en oro de 3,5 mm para una integridad de se\u00f1al \u00f3ptima, junto con un cable integrado de 1,2 m para una mayor movilidad. Incluye tambi\u00e9n un protector discreto contra el viento, un adaptador de 3,5 mm y un clip para su sujeci\u00f3n. Todo esto viene en un pr\u00e1ctico estuche de transporte protector para una f\u00e1cil portabilidad y almacenamiento.\" \/>\n<meta property=\"og:url\" content=\"https:\/\/www.mexicanguitarplayers.com\/en\/tienda\/sin categor\u00eda\/microfono-behringer-mod-bc-lav\/\" \/>\n<meta property=\"og:site_name\" content=\"Mexican Guitar Players\" \/>\n<meta property=\"article:modified_time\" content=\"2026-01-30T16:15:00+00:00\" \/>\n<meta name=\"twitter:card\" content=\"summary_large_image\" \/>\n<meta name=\"twitter:label1\" content=\"Est. reading time\" \/>\n\t<meta name=\"twitter:data1\" content=\"1 minute\" \/>\n<script type=\"application\/ld+json\" class=\"yoast-schema-graph\">{\"@context\":\"https:\\\/\\\/schema.org\",\"@graph\":[{\"@type\":[\"WebPage\",\"ItemPage\"],\"@id\":\"https:\\\/\\\/www.mexicanguitarplayers.com\\\/tienda\\\/sin categor\u00eda\\\/microfono-behringer-mod-bc-lav\\\/\",\"url\":\"https:\\\/\\\/www.mexicanguitarplayers.com\\\/tienda\\\/sin categor\u00eda\\\/microfono-behringer-mod-bc-lav\\\/\",\"name\":\"MICROFONO BEHRINGER MOD. BC LAV - Mexican Guitar Players\",\"isPartOf\":{\"@id\":\"https:\\\/\\\/www.mexicanguitarplayers.com\\\/#website\"},\"primaryImageOfPage\":{\"@id\":\"https:\\\/\\\/www.mexicanguitarplayers.com\\\/tienda\\\/sin categor\u00eda\\\/microfono-behringer-mod-bc-lav\\\/#primaryimage\"},\"image\":{\"@id\":\"https:\\\/\\\/www.mexicanguitarplayers.com\\\/tienda\\\/sin categor\u00eda\\\/microfono-behringer-mod-bc-lav\\\/#primaryimage\"},\"thumbnailUrl\":\"https:\\\/\\\/www.mexicanguitarplayers.com\\\/wp-content\\\/uploads\\\/2025\\\/04\\\/IABEHBCLAV.jpg\",\"datePublished\":\"2025-04-09T11:59:50+00:00\",\"dateModified\":\"2026-01-30T16:15:00+00:00\",\"description\":\"El BC LAV es un micr\u00f3fono de condensador de solapa de alta calidad que ofrece un audio cristalino en todo tipo de entornos. Es una excelente opci\u00f3n para podcasters, vloggers, presentadores, conferenciantes, cantantes, m\u00fasicos y streamers que necesitan micr\u00f3fonos manos libres. Est\u00e1 optimizado para su uso con smartphones, tablets, computadoras, laptops y otros dispositivos m\u00f3viles. Su c\u00e1psula miniatura permite su uso de forma discreta en actuaciones ocultas. Viene con un conector TRRS chapado en oro de 3,5 mm para una integridad de se\u00f1al \u00f3ptima, junto con un cable integrado de 1,2 m para una mayor movilidad. Incluye tambi\u00e9n un protector discreto contra el viento, un adaptador de 3,5 mm y un clip para su sujeci\u00f3n. Todo esto viene en un pr\u00e1ctico estuche de transporte protector para una f\u00e1cil portabilidad y almacenamiento.\",\"breadcrumb\":{\"@id\":\"https:\\\/\\\/www.mexicanguitarplayers.com\\\/tienda\\\/sin categor\u00eda\\\/microfono-behringer-mod-bc-lav\\\/#breadcrumb\"},\"inLanguage\":\"en-US\",\"potentialAction\":[{\"@type\":\"ReadAction\",\"target\":[\"https:\\\/\\\/www.mexicanguitarplayers.com\\\/tienda\\\/sin categor\u00eda\\\/microfono-behringer-mod-bc-lav\\\/\"]}]},{\"@type\":\"ImageObject\",\"inLanguage\":\"en-US\",\"@id\":\"https:\\\/\\\/www.mexicanguitarplayers.com\\\/tienda\\\/sin categor\u00eda\\\/microfono-behringer-mod-bc-lav\\\/#primaryimage\",\"url\":\"https:\\\/\\\/www.mexicanguitarplayers.com\\\/wp-content\\\/uploads\\\/2025\\\/04\\\/IABEHBCLAV.jpg\",\"contentUrl\":\"https:\\\/\\\/www.mexicanguitarplayers.com\\\/wp-content\\\/uploads\\\/2025\\\/04\\\/IABEHBCLAV.jpg\",\"width\":1200,\"height\":1200},{\"@type\":\"BreadcrumbList\",\"@id\":\"https:\\\/\\\/www.mexicanguitarplayers.com\\\/tienda\\\/sin categor\u00eda\\\/microfono-behringer-mod-bc-lav\\\/#breadcrumb\",\"itemListElement\":[{\"@type\":\"ListItem\",\"position\":1,\"name\":\"Portada\",\"item\":\"https:\\\/\\\/www.mexicanguitarplayers.com\\\/\"},{\"@type\":\"ListItem\",\"position\":2,\"name\":\"Tienda\",\"item\":\"https:\\\/\\\/www.mexicanguitarplayers.com\\\/tienda\\\/\"},{\"@type\":\"ListItem\",\"position\":3,\"name\":\"MICROFONO BEHRINGER MOD. BC LAV\"}]},{\"@type\":\"WebSite\",\"@id\":\"https:\\\/\\\/www.mexicanguitarplayers.com\\\/#website\",\"url\":\"https:\\\/\\\/www.mexicanguitarplayers.com\\\/\",\"name\":\"Mexican Guitar Players\",\"description\":\"Website\",\"publisher\":{\"@id\":\"https:\\\/\\\/www.mexicanguitarplayers.com\\\/#organization\"},\"potentialAction\":[{\"@type\":\"SearchAction\",\"target\":{\"@type\":\"EntryPoint\",\"urlTemplate\":\"https:\\\/\\\/www.mexicanguitarplayers.com\\\/?s={search_term_string}\"},\"query-input\":{\"@type\":\"PropertyValueSpecification\",\"valueRequired\":true,\"valueName\":\"search_term_string\"}}],\"inLanguage\":\"en-US\"},{\"@type\":\"Organization\",\"@id\":\"https:\\\/\\\/www.mexicanguitarplayers.com\\\/#organization\",\"name\":\"Mexican Guitar Players\",\"url\":\"https:\\\/\\\/www.mexicanguitarplayers.com\\\/\",\"logo\":{\"@type\":\"ImageObject\",\"inLanguage\":\"en-US\",\"@id\":\"https:\\\/\\\/www.mexicanguitarplayers.com\\\/#\\\/schema\\\/logo\\\/image\\\/\",\"url\":\"\",\"contentUrl\":\"\",\"caption\":\"Mexican Guitar Players\"},\"image\":{\"@id\":\"https:\\\/\\\/www.mexicanguitarplayers.com\\\/#\\\/schema\\\/logo\\\/image\\\/\"}}]}<\/script>\n<!-- \/ Yoast SEO plugin. -->","yoast_head_json":{"title":"MICROFONO BEHRINGER MOD. BC LAV - Mexican Guitar Players","description":"El BC LAV es un micr\u00f3fono de condensador de solapa de alta calidad que ofrece un audio cristalino en todo tipo de entornos. Es una excelente opci\u00f3n para podcasters, vloggers, presentadores, conferenciantes, cantantes, m\u00fasicos y streamers que necesitan micr\u00f3fonos manos libres. Est\u00e1 optimizado para su uso con smartphones, tablets, computadoras, laptops y otros dispositivos m\u00f3viles. Su c\u00e1psula miniatura permite su uso de forma discreta en actuaciones ocultas. Viene con un conector TRRS chapado en oro de 3,5 mm para una integridad de se\u00f1al \u00f3ptima, junto con un cable integrado de 1,2 m para una mayor movilidad. Incluye tambi\u00e9n un protector discreto contra el viento, un adaptador de 3,5 mm y un clip para su sujeci\u00f3n. Todo esto viene en un pr\u00e1ctico estuche de transporte protector para una f\u00e1cil portabilidad y almacenamiento.","robots":{"index":"index","follow":"follow","max-snippet":"max-snippet:-1","max-image-preview":"max-image-preview:large","max-video-preview":"max-video-preview:-1"},"canonical":"https:\/\/www.mexicanguitarplayers.com\/en\/tienda\/sin categor\u00eda\/microfono-behringer-mod-bc-lav\/","og_locale":"en_US","og_type":"article","og_title":"MICROFONO BEHRINGER MOD. BC LAV - Mexican Guitar Players","og_description":"El BC LAV es un micr\u00f3fono de condensador de solapa de alta calidad que ofrece un audio cristalino en todo tipo de entornos. Es una excelente opci\u00f3n para podcasters, vloggers, presentadores, conferenciantes, cantantes, m\u00fasicos y streamers que necesitan micr\u00f3fonos manos libres. Est\u00e1 optimizado para su uso con smartphones, tablets, computadoras, laptops y otros dispositivos m\u00f3viles. Su c\u00e1psula miniatura permite su uso de forma discreta en actuaciones ocultas. Viene con un conector TRRS chapado en oro de 3,5 mm para una integridad de se\u00f1al \u00f3ptima, junto con un cable integrado de 1,2 m para una mayor movilidad. Incluye tambi\u00e9n un protector discreto contra el viento, un adaptador de 3,5 mm y un clip para su sujeci\u00f3n. Todo esto viene en un pr\u00e1ctico estuche de transporte protector para una f\u00e1cil portabilidad y almacenamiento.","og_url":"https:\/\/www.mexicanguitarplayers.com\/en\/tienda\/sin categor\u00eda\/microfono-behringer-mod-bc-lav\/","og_site_name":"Mexican Guitar Players","article_modified_time":"2026-01-30T16:15:00+00:00","twitter_card":"summary_large_image","twitter_misc":{"Est. reading time":"1 minute"},"schema":{"@context":"https:\/\/schema.org","@graph":[{"@type":["WebPage","ItemPage"],"@id":"https:\/\/www.mexicanguitarplayers.com\/tienda\/sin categor\u00eda\/microfono-behringer-mod-bc-lav\/","url":"https:\/\/www.mexicanguitarplayers.com\/tienda\/sin categor\u00eda\/microfono-behringer-mod-bc-lav\/","name":"MICROFONO BEHRINGER MOD. BC LAV - Mexican Guitar Players","isPartOf":{"@id":"https:\/\/www.mexicanguitarplayers.com\/#website"},"primaryImageOfPage":{"@id":"https:\/\/www.mexicanguitarplayers.com\/tienda\/sin categor\u00eda\/microfono-behringer-mod-bc-lav\/#primaryimage"},"image":{"@id":"https:\/\/www.mexicanguitarplayers.com\/tienda\/sin categor\u00eda\/microfono-behringer-mod-bc-lav\/#primaryimage"},"thumbnailUrl":"https:\/\/www.mexicanguitarplayers.com\/wp-content\/uploads\/2025\/04\/IABEHBCLAV.jpg","datePublished":"2025-04-09T11:59:50+00:00","dateModified":"2026-01-30T16:15:00+00:00","description":"El BC LAV es un micr\u00f3fono de condensador de solapa de alta calidad que ofrece un audio cristalino en todo tipo de entornos. Es una excelente opci\u00f3n para podcasters, vloggers, presentadores, conferenciantes, cantantes, m\u00fasicos y streamers que necesitan micr\u00f3fonos manos libres. Est\u00e1 optimizado para su uso con smartphones, tablets, computadoras, laptops y otros dispositivos m\u00f3viles. Su c\u00e1psula miniatura permite su uso de forma discreta en actuaciones ocultas. Viene con un conector TRRS chapado en oro de 3,5 mm para una integridad de se\u00f1al \u00f3ptima, junto con un cable integrado de 1,2 m para una mayor movilidad. Incluye tambi\u00e9n un protector discreto contra el viento, un adaptador de 3,5 mm y un clip para su sujeci\u00f3n. Todo esto viene en un pr\u00e1ctico estuche de transporte protector para una f\u00e1cil portabilidad y almacenamiento.","breadcrumb":{"@id":"https:\/\/www.mexicanguitarplayers.com\/tienda\/sin categor\u00eda\/microfono-behringer-mod-bc-lav\/#breadcrumb"},"inLanguage":"en-US","potentialAction":[{"@type":"ReadAction","target":["https:\/\/www.mexicanguitarplayers.com\/tienda\/sin categor\u00eda\/microfono-behringer-mod-bc-lav\/"]}]},{"@type":"ImageObject","inLanguage":"en-US","@id":"https:\/\/www.mexicanguitarplayers.com\/tienda\/sin categor\u00eda\/microfono-behringer-mod-bc-lav\/#primaryimage","url":"https:\/\/www.mexicanguitarplayers.com\/wp-content\/uploads\/2025\/04\/IABEHBCLAV.jpg","contentUrl":"https:\/\/www.mexicanguitarplayers.com\/wp-content\/uploads\/2025\/04\/IABEHBCLAV.jpg","width":1200,"height":1200},{"@type":"BreadcrumbList","@id":"https:\/\/www.mexicanguitarplayers.com\/tienda\/sin categor\u00eda\/microfono-behringer-mod-bc-lav\/#breadcrumb","itemListElement":[{"@type":"ListItem","position":1,"name":"Portada","item":"https:\/\/www.mexicanguitarplayers.com\/"},{"@type":"ListItem","position":2,"name":"Tienda","item":"https:\/\/www.mexicanguitarplayers.com\/tienda\/"},{"@type":"ListItem","position":3,"name":"MICROFONO BEHRINGER MOD. BC LAV"}]},{"@type":"WebSite","@id":"https:\/\/www.mexicanguitarplayers.com\/#website","url":"https:\/\/www.mexicanguitarplayers.com\/","name":"Mexican Guitar Players","description":"Website","publisher":{"@id":"https:\/\/www.mexicanguitarplayers.com\/#organization"},"potentialAction":[{"@type":"SearchAction","target":{"@type":"EntryPoint","urlTemplate":"https:\/\/www.mexicanguitarplayers.com\/?s={search_term_string}"},"query-input":{"@type":"PropertyValueSpecification","valueRequired":true,"valueName":"search_term_string"}}],"inLanguage":"en-US"},{"@type":"Organization","@id":"https:\/\/www.mexicanguitarplayers.com\/#organization","name":"Mexican Guitar Players","url":"https:\/\/www.mexicanguitarplayers.com\/","logo":{"@type":"ImageObject","inLanguage":"en-US","@id":"https:\/\/www.mexicanguitarplayers.com\/#\/schema\/logo\/image\/","url":"","contentUrl":"","caption":"Mexican Guitar Players"},"image":{"@id":"https:\/\/www.mexicanguitarplayers.com\/#\/schema\/logo\/image\/"}}]}},"brands":[{"id":171,"name":"BEHRINGER","slug":"behringer"}],"_links":{"self":[{"href":"https:\/\/www.mexicanguitarplayers.com\/en\/wp-json\/wp\/v2\/product\/38104","targetHints":{"allow":["GET"]}}],"collection":[{"href":"https:\/\/www.mexicanguitarplayers.com\/en\/wp-json\/wp\/v2\/product"}],"about":[{"href":"https:\/\/www.mexicanguitarplayers.com\/en\/wp-json\/wp\/v2\/types\/product"}],"replies":[{"embeddable":true,"href":"https:\/\/www.mexicanguitarplayers.com\/en\/wp-json\/wp\/v2\/comments?post=38104"}],"wp:featuredmedia":[{"embeddable":true,"href":"https:\/\/www.mexicanguitarplayers.com\/en\/wp-json\/wp\/v2\/media\/38099"}],"wp:attachment":[{"href":"https:\/\/www.mexicanguitarplayers.com\/en\/wp-json\/wp\/v2\/media?parent=38104"}],"wp:term":[{"taxonomy":"pwb-brand","embeddable":true,"href":"https:\/\/www.mexicanguitarplayers.com\/en\/wp-json\/wp\/v2\/pwb-brand?post=38104"},{"taxonomy":"product_brand","embeddable":true,"href":"https:\/\/www.mexicanguitarplayers.com\/en\/wp-json\/wp\/v2\/product_brand?post=38104"},{"taxonomy":"product_cat","embeddable":true,"href":"https:\/\/www.mexicanguitarplayers.com\/en\/wp-json\/wp\/v2\/product_cat?post=38104"},{"taxonomy":"product_tag","embeddable":true,"href":"https:\/\/www.mexicanguitarplayers.com\/en\/wp-json\/wp\/v2\/product_tag?post=38104"}],"curies":[{"name":"wp","href":"https:\/\/api.w.org\/{rel}","templated":true}]}}