{"id":38135,"date":"2025-04-09T06:00:33","date_gmt":"2025-04-09T12:00:33","guid":{"rendered":"https:\/\/www.mexicanguitarplayers.com\/tienda\/sin categor\u00eda\/guitarra-schecter-elec-hellraiser-c-1-fr\/"},"modified":"2026-04-10T04:23:25","modified_gmt":"2026-04-10T10:23:25","slug":"guitarra-schecter-elec-hellraiser-c-1-fr","status":"publish","type":"product","link":"https:\/\/www.mexicanguitarplayers.com\/en\/tienda\/cuerdas\/guitarras-cuerdas\/electricas\/guitarras-electricas-solidas\/guitarra-schecter-elec-hellraiser-c-1-fr\/","title":{"rendered":"GUITARRA SCHECTER ELEC HELLRAISER C-1 FR"},"content":{"rendered":"<div style=\"text-align: justify\">\n<div>\n<h3>Sonido y gran calidad de forma asequible.<\/h3>\n<\/div>\n<div>Desde su introducci\u00f3n en 2006, nuestra serie Hellraiser ha elevado el sonido, la calidad y la asequibilidad. Cargadas con pastillas EMG 81TW\/89, las guitarras de la serie Hellraiser son tan vers\u00e1tiles como hermosas. El modo dual de divisi\u00f3n de tono, te da un amplio espacio para marcar todo sonido mientras se ve fant\u00e1stico. Con versiones de 6 a 9 cuerdas, esta serie tiene algo para cada uno.<\/div>\n<div>\n<h4>Quick look<\/h4>\n<\/div>\n<ul style=\"margin: 0px 0px 0px 25px\">\n<li style=\"list-style-type: circle;margin: 5px\">Kind.<\/li>\n<li style=\"list-style-type: circle;margin: 5px\">Cuerpo.<\/li>\n<li style=\"list-style-type: circle;margin: 5px\">Material de la tapa.<\/li>\n<li style=\"list-style-type: circle;margin: 5px\">Contorno de la tapa.<\/li>\n<li style=\"list-style-type: circle;margin: 5px\">Uni\u00f3n.<\/li>\n<li style=\"list-style-type: circle;margin: 5px\">Arm.<\/li>\n<li style=\"list-style-type: circle;margin: 5px\">Diapason.<\/li>\n<li style=\"list-style-type: circle;margin: 5px\">Scale.<\/li>\n<li style=\"list-style-type: circle;margin: 5px\">Scale.<\/li>\n<li style=\"list-style-type: circle;margin: 5px\">Frets<\/li>\n<li style=\"list-style-type: circle;margin: 5px\">Radio del diapas\u00f3n.<\/li>\n<li style=\"list-style-type: circle;margin: 5px\">Forma del brazo.<\/li>\n<li style=\"list-style-type: circle;margin: 5px\">Espesor.<\/li>\n<li style=\"list-style-type: circle;margin: 5px\">Nut.<\/li>\n<li style=\"list-style-type: circle;margin: 5px\">Ancho de la cejuela.<\/li>\n<li style=\"list-style-type: circle;margin: 5px\">Soul.<\/li>\n<li style=\"list-style-type: circle;margin: 5px\">Pastillas.<\/li>\n<li style=\"list-style-type: circle;margin: 5px\">Controls<\/li>\n<li style=\"list-style-type: circle;margin: 5px\">Compartimento de la bater\u00eda.<\/li>\n<li style=\"list-style-type: circle;margin: 5px\">Hardware.<\/li>\n<li style=\"list-style-type: circle;margin: 5px\">Bridge.<\/li>\n<li style=\"list-style-type: circle;margin: 5px\">Machinery.<\/li>\n<li style=\"list-style-type: circle;margin: 5px\">Perillas.<\/li>\n<li style=\"list-style-type: circle;margin: 5px\">Construcci\u00f3n.<\/li>\n<\/ul>\n<div>\n<div style=\"font-weight: bold\">Kind.<\/div>\n<div>\n<p>Solid electric guitar.<\/p>\n<\/div>\n<div style=\"font-weight: bold\">Cuerpo.<\/div>\n<div>\n<p>Mahogany.<\/p>\n<\/div>\n<div style=\"font-weight: bold\">Material de la tapa.<\/div>\n<div>\n<p>Maple acolchado.<\/p>\n<\/div>\n<div style=\"font-weight: bold\">Contorno de la tapa.<\/div>\n<div>\n<p>Tapa arqueada.<\/p>\n<\/div>\n<div style=\"font-weight: bold\">Uni\u00f3n.<\/div>\n<div>\n<p>Abalone con multicapa negro\/blanco\/negro.<\/p>\n<\/div>\n<div style=\"font-weight: bold\">Arm.<\/div>\n<div>\n<p>3 piezas de caoba.<\/p>\n<\/div>\n<div style=\"font-weight: bold\">Diapason.<\/div>\n<div>\n<p>Rosewood.<\/p>\n<\/div>\n<div style=\"font-weight: bold\">Scale.<\/div>\n<div>\n<p>Cruces g\u00f3ticas de abalone.<\/p>\n<\/div>\n<div style=\"font-weight: bold\">Scale.<\/div>\n<div>\n<p>25.5 &quot;(648 mm).<\/p>\n<\/div>\n<div style=\"font-weight: bold\">Frets<\/div>\n<div>\n<p>24 trastes x-jumbo.<\/p>\n<\/div>\n<div style=\"font-weight: bold\">Radio del diapas\u00f3n.<\/div>\n<div>\n<p>14 &quot;(355mm).<\/p>\n<\/div>\n<div style=\"font-weight: bold\">Forma del brazo.<\/div>\n<div>\n<p>C thin.<\/p>\n<\/div>\n<div style=\"font-weight: bold\">Espesor.<\/div>\n<div>\n<p>At the 1st fret: .787 \u201d(20mm) and at the 12th fret: .866\u201d (22mm).<\/p>\n<\/div>\n<div style=\"font-weight: bold\">Nut.<\/div>\n<div>\n<p>Floyd Rose.<\/p>\n<\/div>\n<div style=\"font-weight: bold\">Ancho de la cejuela.<\/div>\n<div>\n<p>1.625 &quot;(41.3 mm).<\/p>\n<\/div>\n<div style=\"font-weight: bold\">Soul.<\/div>\n<div>\n<p>Alma de 2 v\u00edas ajustable con tuerca Allen de 5\/32\u201d (4 mm).<\/p>\n<\/div>\n<div style=\"font-weight: bold\">Pastillas.<\/div>\n<div>\n<p>Puente: EMG 81TW. Brazo: EMG 89R.<\/p>\n<\/div>\n<div style=\"font-weight: bold\">Controls<\/div>\n<div>\n<p>2 vol\u00famenes (push-pull) y 1 tono, selector de 3 posiciones.<\/p>\n<\/div>\n<div style=\"font-weight: bold\">Compartimento de la bater\u00eda.<\/div>\n<div>\n<p>9V.<\/p>\n<\/div>\n<div style=\"font-weight: bold\">Hardware.<\/div>\n<div>\n<p>Cromado negro.<\/p>\n<\/div>\n<div style=\"font-weight: bold\">Bridge.<\/div>\n<div>\n<p>Floyd Rose 1000 Series.<\/p>\n<\/div>\n<div style=\"font-weight: bold\">Machinery.<\/div>\n<div>\n<p>Grover.<\/p>\n<\/div>\n<div style=\"font-weight: bold\">Perillas.<\/div>\n<div>\n<p>Perillas de metal moleteado con tornillo de ajuste.<\/p>\n<\/div>\n<div style=\"font-weight: bold\">Construcci\u00f3n.<\/div>\n<div>\n<p>Set-Neck with Ultra Access.<\/p>\n<\/div>\n<\/div>\n<\/div>","protected":false},"excerpt":{"rendered":"<p>Guitarra el\u00e9ctrica s\u00f3lida, cuerpo de caoba, tapa arqueada de maple acolchado, uni\u00f3n abalone con multicapa negro\/blanco\/negro, brazo C delgado de 3 piezas de caoba, diapas\u00f3n de palo de rosa, incrustaciones de cruces g\u00f3ticas abalone, escala: 25.5\u201d (648 mm), 24 trastes x-jumbo, cejuela Floyd Rose de 1.625\u201d (41.3 mm) de ancho, alma de 2 v\u00edas ajustable con tuerca Allen de 5\/32\u201d (4 mm), pastilla del puente: EMG 81TW, pastilla del brazo: EMG 89R, dos vol\u00famenes (push-pull) y un tono, selector de 3 posiciones, hardware cromado negro, puente Floyd Rose 1000 Series, maquinaria Grover, perillas de metal moleteado con tornillo de ajuste, construcci\u00f3n Set-Neck con Ultra Access.&hellip; <a class=\"kt-excerpt-readmore more-link\" href=\"https:\/\/www.mexicanguitarplayers.com\/en\/tienda\/cuerdas\/guitarras-cuerdas\/electricas\/guitarras-electricas-solidas\/guitarra-schecter-elec-hellraiser-c-1-fr\/\">Read more<\/a><\/p>","protected":false},"featured_media":38127,"comment_status":"open","ping_status":"closed","template":"","meta":{"kt_blocks_editor_width":""},"pwb-brand":[175],"product_brand":[],"product_cat":[224,313,312,314],"product_tag":[],"class_list":{"0":"post-38135","1":"product","2":"type-product","3":"status-publish","4":"has-post-thumbnail","6":"pwb-brand-schecter","7":"product_cat-cuerdas","8":"product_cat-electricas","9":"product_cat-guitarras-cuerdas","10":"product_cat-guitarras-electricas-solidas","11":"product_shipping_class-5-10-kg","13":"first","14":"outofstock","15":"taxable","16":"shipping-taxable","17":"purchasable","18":"product-type-simple"},"yoast_head":"<!-- This site is optimized with the Yoast SEO plugin v27.5 - https:\/\/yoast.com\/product\/yoast-seo-wordpress\/ -->\n<title>GUITARRA SCHECTER ELEC HELLRAISER C-1 FR - Mexican Guitar Players<\/title>\n<meta name=\"description\" content=\"Guitarra el\u00e9ctrica s\u00f3lida, cuerpo de caoba, tapa arqueada de maple acolchado, uni\u00f3n abalone con multicapa negro\/blanco\/negro, brazo C delgado de 3 piezas de caoba, diapas\u00f3n de palo de rosa, incrustaciones de cruces g\u00f3ticas abalone, escala: 25.5\u201d (648 mm), 24 trastes x-jumbo, cejuela Floyd Rose de 1.625\u201d (41.3 mm) de ancho, alma de 2 v\u00edas ajustable con tuerca Allen de 5\/32\u201d (4 mm), pastilla del puente: EMG 81TW, pastilla del brazo: EMG 89R, dos vol\u00famenes (push-pull) y un tono, selector de 3 posiciones, hardware cromado negro, puente Floyd Rose 1000 Series, maquinaria Grover, perillas de metal moleteado con tornillo de ajuste, construcci\u00f3n Set-Neck con Ultra Access.\" \/>\n<meta name=\"robots\" content=\"index, follow, max-snippet:-1, max-image-preview:large, max-video-preview:-1\" \/>\n<link rel=\"canonical\" href=\"https:\/\/www.mexicanguitarplayers.com\/en\/tienda\/sin%20categor\u00eda\/guitarra-schecter-elec-hellraiser-c-1-fr\/\" \/>\n<meta property=\"og:locale\" content=\"en_US\" \/>\n<meta property=\"og:type\" content=\"article\" \/>\n<meta property=\"og:title\" content=\"GUITARRA SCHECTER ELEC HELLRAISER C-1 FR - Mexican Guitar Players\" \/>\n<meta property=\"og:description\" content=\"Guitarra el\u00e9ctrica s\u00f3lida, cuerpo de caoba, tapa arqueada de maple acolchado, uni\u00f3n abalone con multicapa negro\/blanco\/negro, brazo C delgado de 3 piezas de caoba, diapas\u00f3n de palo de rosa, incrustaciones de cruces g\u00f3ticas abalone, escala: 25.5\u201d (648 mm), 24 trastes x-jumbo, cejuela Floyd Rose de 1.625\u201d (41.3 mm) de ancho, alma de 2 v\u00edas ajustable con tuerca Allen de 5\/32\u201d (4 mm), pastilla del puente: EMG 81TW, pastilla del brazo: EMG 89R, dos vol\u00famenes (push-pull) y un tono, selector de 3 posiciones, hardware cromado negro, puente Floyd Rose 1000 Series, maquinaria Grover, perillas de metal moleteado con tornillo de ajuste, construcci\u00f3n Set-Neck con Ultra Access.\" \/>\n<meta property=\"og:url\" content=\"https:\/\/www.mexicanguitarplayers.com\/en\/tienda\/sin categor\u00eda\/guitarra-schecter-elec-hellraiser-c-1-fr\/\" \/>\n<meta property=\"og:site_name\" content=\"Mexican Guitar Players\" \/>\n<meta property=\"article:modified_time\" content=\"2026-04-10T10:23:25+00:00\" \/>\n<meta name=\"twitter:card\" content=\"summary_large_image\" \/>\n<meta name=\"twitter:label1\" content=\"Est. reading time\" \/>\n\t<meta name=\"twitter:data1\" content=\"1 minute\" \/>\n<script type=\"application\/ld+json\" class=\"yoast-schema-graph\">{\"@context\":\"https:\\\/\\\/schema.org\",\"@graph\":[{\"@type\":[\"WebPage\",\"ItemPage\"],\"@id\":\"https:\\\/\\\/www.mexicanguitarplayers.com\\\/tienda\\\/sin categor\u00eda\\\/guitarra-schecter-elec-hellraiser-c-1-fr\\\/\",\"url\":\"https:\\\/\\\/www.mexicanguitarplayers.com\\\/tienda\\\/sin categor\u00eda\\\/guitarra-schecter-elec-hellraiser-c-1-fr\\\/\",\"name\":\"GUITARRA SCHECTER ELEC HELLRAISER C-1 FR - Mexican Guitar Players\",\"isPartOf\":{\"@id\":\"https:\\\/\\\/www.mexicanguitarplayers.com\\\/#website\"},\"primaryImageOfPage\":{\"@id\":\"https:\\\/\\\/www.mexicanguitarplayers.com\\\/tienda\\\/sin categor\u00eda\\\/guitarra-schecter-elec-hellraiser-c-1-fr\\\/#primaryimage\"},\"image\":{\"@id\":\"https:\\\/\\\/www.mexicanguitarplayers.com\\\/tienda\\\/sin categor\u00eda\\\/guitarra-schecter-elec-hellraiser-c-1-fr\\\/#primaryimage\"},\"thumbnailUrl\":\"https:\\\/\\\/www.mexicanguitarplayers.com\\\/wp-content\\\/uploads\\\/2025\\\/04\\\/ISSCCHELLRC1FR.jpg\",\"datePublished\":\"2025-04-09T12:00:33+00:00\",\"dateModified\":\"2026-04-10T10:23:25+00:00\",\"description\":\"Guitarra el\u00e9ctrica s\u00f3lida, cuerpo de caoba, tapa arqueada de maple acolchado, uni\u00f3n abalone con multicapa negro\\\/blanco\\\/negro, brazo C delgado de 3 piezas de caoba, diapas\u00f3n de palo de rosa, incrustaciones de cruces g\u00f3ticas abalone, escala: 25.5\u201d (648 mm), 24 trastes x-jumbo, cejuela Floyd Rose de 1.625\u201d (41.3 mm) de ancho, alma de 2 v\u00edas ajustable con tuerca Allen de 5\\\/32\u201d (4 mm), pastilla del puente: EMG 81TW, pastilla del brazo: EMG 89R, dos vol\u00famenes (push-pull) y un tono, selector de 3 posiciones, hardware cromado negro, puente Floyd Rose 1000 Series, maquinaria Grover, perillas de metal moleteado con tornillo de ajuste, construcci\u00f3n Set-Neck con Ultra Access.\",\"breadcrumb\":{\"@id\":\"https:\\\/\\\/www.mexicanguitarplayers.com\\\/tienda\\\/sin categor\u00eda\\\/guitarra-schecter-elec-hellraiser-c-1-fr\\\/#breadcrumb\"},\"inLanguage\":\"en-US\",\"potentialAction\":[{\"@type\":\"ReadAction\",\"target\":[\"https:\\\/\\\/www.mexicanguitarplayers.com\\\/tienda\\\/sin categor\u00eda\\\/guitarra-schecter-elec-hellraiser-c-1-fr\\\/\"]}]},{\"@type\":\"ImageObject\",\"inLanguage\":\"en-US\",\"@id\":\"https:\\\/\\\/www.mexicanguitarplayers.com\\\/tienda\\\/sin categor\u00eda\\\/guitarra-schecter-elec-hellraiser-c-1-fr\\\/#primaryimage\",\"url\":\"https:\\\/\\\/www.mexicanguitarplayers.com\\\/wp-content\\\/uploads\\\/2025\\\/04\\\/ISSCCHELLRC1FR.jpg\",\"contentUrl\":\"https:\\\/\\\/www.mexicanguitarplayers.com\\\/wp-content\\\/uploads\\\/2025\\\/04\\\/ISSCCHELLRC1FR.jpg\",\"width\":800,\"height\":1600},{\"@type\":\"BreadcrumbList\",\"@id\":\"https:\\\/\\\/www.mexicanguitarplayers.com\\\/tienda\\\/sin categor\u00eda\\\/guitarra-schecter-elec-hellraiser-c-1-fr\\\/#breadcrumb\",\"itemListElement\":[{\"@type\":\"ListItem\",\"position\":1,\"name\":\"Portada\",\"item\":\"https:\\\/\\\/www.mexicanguitarplayers.com\\\/\"},{\"@type\":\"ListItem\",\"position\":2,\"name\":\"Tienda\",\"item\":\"https:\\\/\\\/www.mexicanguitarplayers.com\\\/tienda\\\/\"},{\"@type\":\"ListItem\",\"position\":3,\"name\":\"GUITARRA SCHECTER ELEC HELLRAISER C-1 FR\"}]},{\"@type\":\"WebSite\",\"@id\":\"https:\\\/\\\/www.mexicanguitarplayers.com\\\/#website\",\"url\":\"https:\\\/\\\/www.mexicanguitarplayers.com\\\/\",\"name\":\"Mexican Guitar Players\",\"description\":\"Website\",\"publisher\":{\"@id\":\"https:\\\/\\\/www.mexicanguitarplayers.com\\\/#organization\"},\"potentialAction\":[{\"@type\":\"SearchAction\",\"target\":{\"@type\":\"EntryPoint\",\"urlTemplate\":\"https:\\\/\\\/www.mexicanguitarplayers.com\\\/?s={search_term_string}\"},\"query-input\":{\"@type\":\"PropertyValueSpecification\",\"valueRequired\":true,\"valueName\":\"search_term_string\"}}],\"inLanguage\":\"en-US\"},{\"@type\":\"Organization\",\"@id\":\"https:\\\/\\\/www.mexicanguitarplayers.com\\\/#organization\",\"name\":\"Mexican Guitar Players\",\"url\":\"https:\\\/\\\/www.mexicanguitarplayers.com\\\/\",\"logo\":{\"@type\":\"ImageObject\",\"inLanguage\":\"en-US\",\"@id\":\"https:\\\/\\\/www.mexicanguitarplayers.com\\\/#\\\/schema\\\/logo\\\/image\\\/\",\"url\":\"\",\"contentUrl\":\"\",\"caption\":\"Mexican Guitar Players\"},\"image\":{\"@id\":\"https:\\\/\\\/www.mexicanguitarplayers.com\\\/#\\\/schema\\\/logo\\\/image\\\/\"}}]}<\/script>\n<!-- \/ Yoast SEO plugin. -->","yoast_head_json":{"title":"GUITARRA SCHECTER ELEC HELLRAISER C-1 FR - Mexican Guitar Players","description":"Guitarra el\u00e9ctrica s\u00f3lida, cuerpo de caoba, tapa arqueada de maple acolchado, uni\u00f3n abalone con multicapa negro\/blanco\/negro, brazo C delgado de 3 piezas de caoba, diapas\u00f3n de palo de rosa, incrustaciones de cruces g\u00f3ticas abalone, escala: 25.5\u201d (648 mm), 24 trastes x-jumbo, cejuela Floyd Rose de 1.625\u201d (41.3 mm) de ancho, alma de 2 v\u00edas ajustable con tuerca Allen de 5\/32\u201d (4 mm), pastilla del puente: EMG 81TW, pastilla del brazo: EMG 89R, dos vol\u00famenes (push-pull) y un tono, selector de 3 posiciones, hardware cromado negro, puente Floyd Rose 1000 Series, maquinaria Grover, perillas de metal moleteado con tornillo de ajuste, construcci\u00f3n Set-Neck con Ultra Access.","robots":{"index":"index","follow":"follow","max-snippet":"max-snippet:-1","max-image-preview":"max-image-preview:large","max-video-preview":"max-video-preview:-1"},"canonical":"https:\/\/www.mexicanguitarplayers.com\/en\/tienda\/sin categor\u00eda\/guitarra-schecter-elec-hellraiser-c-1-fr\/","og_locale":"en_US","og_type":"article","og_title":"GUITARRA SCHECTER ELEC HELLRAISER C-1 FR - Mexican Guitar Players","og_description":"Guitarra el\u00e9ctrica s\u00f3lida, cuerpo de caoba, tapa arqueada de maple acolchado, uni\u00f3n abalone con multicapa negro\/blanco\/negro, brazo C delgado de 3 piezas de caoba, diapas\u00f3n de palo de rosa, incrustaciones de cruces g\u00f3ticas abalone, escala: 25.5\u201d (648 mm), 24 trastes x-jumbo, cejuela Floyd Rose de 1.625\u201d (41.3 mm) de ancho, alma de 2 v\u00edas ajustable con tuerca Allen de 5\/32\u201d (4 mm), pastilla del puente: EMG 81TW, pastilla del brazo: EMG 89R, dos vol\u00famenes (push-pull) y un tono, selector de 3 posiciones, hardware cromado negro, puente Floyd Rose 1000 Series, maquinaria Grover, perillas de metal moleteado con tornillo de ajuste, construcci\u00f3n Set-Neck con Ultra Access.","og_url":"https:\/\/www.mexicanguitarplayers.com\/en\/tienda\/sin categor\u00eda\/guitarra-schecter-elec-hellraiser-c-1-fr\/","og_site_name":"Mexican Guitar Players","article_modified_time":"2026-04-10T10:23:25+00:00","twitter_card":"summary_large_image","twitter_misc":{"Est. reading time":"1 minute"},"schema":{"@context":"https:\/\/schema.org","@graph":[{"@type":["WebPage","ItemPage"],"@id":"https:\/\/www.mexicanguitarplayers.com\/tienda\/sin categor\u00eda\/guitarra-schecter-elec-hellraiser-c-1-fr\/","url":"https:\/\/www.mexicanguitarplayers.com\/tienda\/sin categor\u00eda\/guitarra-schecter-elec-hellraiser-c-1-fr\/","name":"GUITARRA SCHECTER ELEC HELLRAISER C-1 FR - Mexican Guitar Players","isPartOf":{"@id":"https:\/\/www.mexicanguitarplayers.com\/#website"},"primaryImageOfPage":{"@id":"https:\/\/www.mexicanguitarplayers.com\/tienda\/sin categor\u00eda\/guitarra-schecter-elec-hellraiser-c-1-fr\/#primaryimage"},"image":{"@id":"https:\/\/www.mexicanguitarplayers.com\/tienda\/sin categor\u00eda\/guitarra-schecter-elec-hellraiser-c-1-fr\/#primaryimage"},"thumbnailUrl":"https:\/\/www.mexicanguitarplayers.com\/wp-content\/uploads\/2025\/04\/ISSCCHELLRC1FR.jpg","datePublished":"2025-04-09T12:00:33+00:00","dateModified":"2026-04-10T10:23:25+00:00","description":"Guitarra el\u00e9ctrica s\u00f3lida, cuerpo de caoba, tapa arqueada de maple acolchado, uni\u00f3n abalone con multicapa negro\/blanco\/negro, brazo C delgado de 3 piezas de caoba, diapas\u00f3n de palo de rosa, incrustaciones de cruces g\u00f3ticas abalone, escala: 25.5\u201d (648 mm), 24 trastes x-jumbo, cejuela Floyd Rose de 1.625\u201d (41.3 mm) de ancho, alma de 2 v\u00edas ajustable con tuerca Allen de 5\/32\u201d (4 mm), pastilla del puente: EMG 81TW, pastilla del brazo: EMG 89R, dos vol\u00famenes (push-pull) y un tono, selector de 3 posiciones, hardware cromado negro, puente Floyd Rose 1000 Series, maquinaria Grover, perillas de metal moleteado con tornillo de ajuste, construcci\u00f3n Set-Neck con Ultra Access.","breadcrumb":{"@id":"https:\/\/www.mexicanguitarplayers.com\/tienda\/sin categor\u00eda\/guitarra-schecter-elec-hellraiser-c-1-fr\/#breadcrumb"},"inLanguage":"en-US","potentialAction":[{"@type":"ReadAction","target":["https:\/\/www.mexicanguitarplayers.com\/tienda\/sin categor\u00eda\/guitarra-schecter-elec-hellraiser-c-1-fr\/"]}]},{"@type":"ImageObject","inLanguage":"en-US","@id":"https:\/\/www.mexicanguitarplayers.com\/tienda\/sin categor\u00eda\/guitarra-schecter-elec-hellraiser-c-1-fr\/#primaryimage","url":"https:\/\/www.mexicanguitarplayers.com\/wp-content\/uploads\/2025\/04\/ISSCCHELLRC1FR.jpg","contentUrl":"https:\/\/www.mexicanguitarplayers.com\/wp-content\/uploads\/2025\/04\/ISSCCHELLRC1FR.jpg","width":800,"height":1600},{"@type":"BreadcrumbList","@id":"https:\/\/www.mexicanguitarplayers.com\/tienda\/sin categor\u00eda\/guitarra-schecter-elec-hellraiser-c-1-fr\/#breadcrumb","itemListElement":[{"@type":"ListItem","position":1,"name":"Portada","item":"https:\/\/www.mexicanguitarplayers.com\/"},{"@type":"ListItem","position":2,"name":"Tienda","item":"https:\/\/www.mexicanguitarplayers.com\/tienda\/"},{"@type":"ListItem","position":3,"name":"GUITARRA SCHECTER ELEC HELLRAISER C-1 FR"}]},{"@type":"WebSite","@id":"https:\/\/www.mexicanguitarplayers.com\/#website","url":"https:\/\/www.mexicanguitarplayers.com\/","name":"Mexican Guitar Players","description":"Website","publisher":{"@id":"https:\/\/www.mexicanguitarplayers.com\/#organization"},"potentialAction":[{"@type":"SearchAction","target":{"@type":"EntryPoint","urlTemplate":"https:\/\/www.mexicanguitarplayers.com\/?s={search_term_string}"},"query-input":{"@type":"PropertyValueSpecification","valueRequired":true,"valueName":"search_term_string"}}],"inLanguage":"en-US"},{"@type":"Organization","@id":"https:\/\/www.mexicanguitarplayers.com\/#organization","name":"Mexican Guitar Players","url":"https:\/\/www.mexicanguitarplayers.com\/","logo":{"@type":"ImageObject","inLanguage":"en-US","@id":"https:\/\/www.mexicanguitarplayers.com\/#\/schema\/logo\/image\/","url":"","contentUrl":"","caption":"Mexican Guitar Players"},"image":{"@id":"https:\/\/www.mexicanguitarplayers.com\/#\/schema\/logo\/image\/"}}]}},"brands":[{"id":175,"name":"SCHECTER","slug":"schecter"}],"_links":{"self":[{"href":"https:\/\/www.mexicanguitarplayers.com\/en\/wp-json\/wp\/v2\/product\/38135","targetHints":{"allow":["GET"]}}],"collection":[{"href":"https:\/\/www.mexicanguitarplayers.com\/en\/wp-json\/wp\/v2\/product"}],"about":[{"href":"https:\/\/www.mexicanguitarplayers.com\/en\/wp-json\/wp\/v2\/types\/product"}],"replies":[{"embeddable":true,"href":"https:\/\/www.mexicanguitarplayers.com\/en\/wp-json\/wp\/v2\/comments?post=38135"}],"wp:featuredmedia":[{"embeddable":true,"href":"https:\/\/www.mexicanguitarplayers.com\/en\/wp-json\/wp\/v2\/media\/38127"}],"wp:attachment":[{"href":"https:\/\/www.mexicanguitarplayers.com\/en\/wp-json\/wp\/v2\/media?parent=38135"}],"wp:term":[{"taxonomy":"pwb-brand","embeddable":true,"href":"https:\/\/www.mexicanguitarplayers.com\/en\/wp-json\/wp\/v2\/pwb-brand?post=38135"},{"taxonomy":"product_brand","embeddable":true,"href":"https:\/\/www.mexicanguitarplayers.com\/en\/wp-json\/wp\/v2\/product_brand?post=38135"},{"taxonomy":"product_cat","embeddable":true,"href":"https:\/\/www.mexicanguitarplayers.com\/en\/wp-json\/wp\/v2\/product_cat?post=38135"},{"taxonomy":"product_tag","embeddable":true,"href":"https:\/\/www.mexicanguitarplayers.com\/en\/wp-json\/wp\/v2\/product_tag?post=38135"}],"curies":[{"name":"wp","href":"https:\/\/api.w.org\/{rel}","templated":true}]}}