{"id":38174,"date":"2025-04-09T06:01:31","date_gmt":"2025-04-09T12:01:31","guid":{"rendered":"https:\/\/www.mexicanguitarplayers.com\/tienda\/sin categor\u00eda\/guitarra-schecter-elect-demon-7-fr-crb\/"},"modified":"2026-04-10T04:23:19","modified_gmt":"2026-04-10T10:23:19","slug":"guitarra-schecter-elect-demon-7-fr-crb","status":"publish","type":"product","link":"https:\/\/www.mexicanguitarplayers.com\/en\/tienda\/cuerdas\/guitarras-cuerdas\/electricas\/guitarras-electricas-solidas\/guitarra-schecter-elect-demon-7-fr-crb\/","title":{"rendered":"GUITARRA SCHECTER ELECT. DEMON-7 FR CRB"},"content":{"rendered":"<div style=\"text-align: justify\">\n<div>\n<h3>Siniestras y sexys.<\/h3>\n<\/div>\n<div>Definidas como siniestras y sexys, las guitarras de la serie Demon vienen equipadas con dos pastillas Seymour Duncan Designed HB-105 activas, maquinaria Schecter y una variedad de puentes. Con algunos modelos llevando nuestra uni\u00f3n de una capa, estas guitarras son para las almas m\u00e1s oscuras. Incrustaciones de cruz g\u00f3tica y hardware en cromo negro en torno a este atractivo de las guitarras est\u00e9ticas, mientras que por supuesto se retiene nuestro m\u00e1s alto nivel de inspecci\u00f3n y configuraciones.<\/div>\n<div>\n<h4>Quick look<\/h4>\n<\/div>\n<ul style=\"margin: 0px 0px 0px 25px\">\n<li style=\"list-style-type: circle;margin: 5px\">Kind.<\/li>\n<li style=\"list-style-type: circle;margin: 5px\">Cuerpo.<\/li>\n<li style=\"list-style-type: circle;margin: 5px\">Hardware.<\/li>\n<li style=\"list-style-type: circle;margin: 5px\">Top.<\/li>\n<li style=\"list-style-type: circle;margin: 5px\">Construcci\u00f3n.<\/li>\n<li style=\"list-style-type: circle;margin: 5px\">Uni\u00f3n.<\/li>\n<li style=\"list-style-type: circle;margin: 5px\">Bridge.<\/li>\n<li style=\"list-style-type: circle;margin: 5px\">Machinery.<\/li>\n<li style=\"list-style-type: circle;margin: 5px\">Arm.<\/li>\n<li style=\"list-style-type: circle;margin: 5px\">Forma del brazo.<\/li>\n<li style=\"list-style-type: circle;margin: 5px\">Diapason.<\/li>\n<li style=\"list-style-type: circle;margin: 5px\">Radio del diapas\u00f3n.<\/li>\n<li style=\"list-style-type: circle;margin: 5px\">Scale.<\/li>\n<li style=\"list-style-type: circle;margin: 5px\">Scale.<\/li>\n<li style=\"list-style-type: circle;margin: 5px\">Espesor.<\/li>\n<li style=\"list-style-type: circle;margin: 5px\">Frets<\/li>\n<li style=\"list-style-type: circle;margin: 5px\">Nut.<\/li>\n<li style=\"list-style-type: circle;margin: 5px\">Ancho de la cejuela.<\/li>\n<li style=\"list-style-type: circle;margin: 5px\">Soul.<\/li>\n<li style=\"list-style-type: circle;margin: 5px\">Controls<\/li>\n<li style=\"list-style-type: circle;margin: 5px\">Selector.<\/li>\n<li style=\"list-style-type: circle;margin: 5px\">Pastillas.<\/li>\n<li style=\"list-style-type: circle;margin: 5px\">Compartimento de la bater\u00eda.<\/li>\n<li style=\"list-style-type: circle;margin: 5px\">Perillas.<\/li>\n<\/ul>\n<div>\n<div style=\"font-weight: bold\">Kind.<\/div>\n<div>\n<p>Guitarra el\u00e9ctrica de 7 cuerdas.<\/p>\n<\/div>\n<div style=\"font-weight: bold\">Cuerpo.<\/div>\n<div>\n<p>Tilo.<\/p>\n<\/div>\n<div style=\"font-weight: bold\">Hardware.<\/div>\n<div>\n<p>Black.<\/p>\n<\/div>\n<div style=\"font-weight: bold\">Top.<\/div>\n<div>\n<p>Arched.<\/p>\n<\/div>\n<div style=\"font-weight: bold\">Construcci\u00f3n.<\/div>\n<div>\n<p>Bolt-on.<\/p>\n<\/div>\n<div style=\"font-weight: bold\">Uni\u00f3n.<\/div>\n<div>\n<p>Black, one cape.<\/p>\n<\/div>\n<div style=\"font-weight: bold\">Bridge.<\/div>\n<div>\n<p>Floyd Rose Special.<\/p>\n<\/div>\n<div style=\"font-weight: bold\">Machinery.<\/div>\n<div>\n<p>Schecter.<\/p>\n<\/div>\n<div style=\"font-weight: bold\">Arm.<\/div>\n<div>\n<p>Maple.<\/p>\n<\/div>\n<div style=\"font-weight: bold\">Forma del brazo.<\/div>\n<div>\n<p>C thin.<\/p>\n<\/div>\n<div style=\"font-weight: bold\">Diapason.<\/div>\n<div>\n<p>Rosewood.<\/p>\n<\/div>\n<div style=\"font-weight: bold\">Radio del diapas\u00f3n.<\/div>\n<div>\n<p>16\u201d (406 mm).<\/p>\n<\/div>\n<div style=\"font-weight: bold\">Scale.<\/div>\n<div>\n<p>Cruces g\u00f3ticas en gris aperlado.<\/p>\n<\/div>\n<div style=\"font-weight: bold\">Scale.<\/div>\n<div>\n<p>26.5\u201d (673 mm).<\/p>\n<\/div>\n<div style=\"font-weight: bold\">Espesor.<\/div>\n<div>\n<p>At the 1st fret: .787 \u201d(20mm) and at the 12th fret: .866\u201d (22mm).<\/p>\n<\/div>\n<div style=\"font-weight: bold\">Frets<\/div>\n<div>\n<p>24 X-Jumbo frets.<\/p>\n<\/div>\n<div style=\"font-weight: bold\">Nut.<\/div>\n<div>\n<p>Floyd Rose Special.<\/p>\n<\/div>\n<div style=\"font-weight: bold\">Ancho de la cejuela.<\/div>\n<div>\n<p>1.874\u201d (47.6 mm).<\/p>\n<\/div>\n<div style=\"font-weight: bold\">Soul.<\/div>\n<div>\n<p>2-way adjustable web with 5\/32 \u201d(4 mm) Allen nut.<\/p>\n<\/div>\n<div style=\"font-weight: bold\">Controls<\/div>\n<div>\n<p>Un volumen y un tono.<\/p>\n<\/div>\n<div style=\"font-weight: bold\">Selector.<\/div>\n<div>\n<p>3 positions.<\/p>\n<\/div>\n<div style=\"font-weight: bold\">Pastillas.<\/div>\n<div>\n<p>Pastilla del puente: Duncan Designed HB-105\/7B. Pastilla del brazo: Duncan Designed HB-105\/7N.<\/p>\n<\/div>\n<div style=\"font-weight: bold\">Compartimento de la bater\u00eda.<\/div>\n<div>\n<p>9-volt Clip-in.<\/p>\n<\/div>\n<div style=\"font-weight: bold\">Perillas.<\/div>\n<div>\n<p>Perillas de metal moleteado con tornillo de ajuste.<\/p>\n<\/div>\n<\/div>\n<\/div>","protected":false},"excerpt":{"rendered":"<p>Guitarra el\u00e9ctrica de 7 cuerdas, cuerpo de tilo, hardware negro, tapa arqueada, construcci\u00f3n Bolt-on, uni\u00f3n en una capa de negro, puente Floyd Rose Special, maquinaria Schecter, brazp C delgado de maple,  diapas\u00f3n de palo de rosa, incrustaciones de cruces g\u00f3ticas en gris aperlado, escala: 26.5\u201d (673 mm), 24 trastes X-Jumbo, cejuela Floyd Rose Special de 1.874\u201d (47.6 mm), alma ajustable de 2 v\u00edas con tuerca Allen de 5\/32\u201d (4 mm), un volumen y un tono, selector de 3 posiciones, pastilla del puente: Duncan Designed HB-105\/7B, pastilla del brazo: Duncan Designed HB-105\/7N, perillas de metal moleteado con tornillo de ajuste.&hellip; <a class=\"kt-excerpt-readmore more-link\" href=\"https:\/\/www.mexicanguitarplayers.com\/en\/tienda\/cuerdas\/guitarras-cuerdas\/electricas\/guitarras-electricas-solidas\/guitarra-schecter-elect-demon-7-fr-crb\/\">Read more<\/a><\/p>","protected":false},"featured_media":38166,"comment_status":"open","ping_status":"closed","template":"","meta":{"kt_blocks_editor_width":""},"pwb-brand":[175],"product_brand":[],"product_cat":[224,313,312,314],"product_tag":[],"class_list":{"0":"post-38174","1":"product","2":"type-product","3":"status-publish","4":"has-post-thumbnail","6":"pwb-brand-schecter","7":"product_cat-cuerdas","8":"product_cat-electricas","9":"product_cat-guitarras-cuerdas","10":"product_cat-guitarras-electricas-solidas","11":"product_shipping_class-0-5-kg","13":"first","14":"outofstock","15":"taxable","16":"shipping-taxable","17":"purchasable","18":"product-type-simple"},"yoast_head":"<!-- This site is optimized with the Yoast SEO plugin v27.5 - https:\/\/yoast.com\/product\/yoast-seo-wordpress\/ -->\n<title>GUITARRA SCHECTER ELECT. DEMON-7 FR CRB - Mexican Guitar Players<\/title>\n<meta name=\"description\" content=\"Guitarra el\u00e9ctrica de 7 cuerdas, cuerpo de tilo, hardware negro, tapa arqueada, construcci\u00f3n Bolt-on, uni\u00f3n en una capa de negro, puente Floyd Rose Special, maquinaria Schecter, brazp C delgado de maple, diapas\u00f3n de palo de rosa, incrustaciones de cruces g\u00f3ticas en gris aperlado, escala: 26.5\u201d (673 mm), 24 trastes X-Jumbo, cejuela Floyd Rose Special de 1.874\u201d (47.6 mm), alma ajustable de 2 v\u00edas con tuerca Allen de 5\/32\u201d (4 mm), un volumen y un tono, selector de 3 posiciones, pastilla del puente: Duncan Designed HB-105\/7B, pastilla del brazo: Duncan Designed HB-105\/7N, perillas de metal moleteado con tornillo de ajuste.\" \/>\n<meta name=\"robots\" content=\"index, follow, max-snippet:-1, max-image-preview:large, max-video-preview:-1\" \/>\n<link rel=\"canonical\" href=\"https:\/\/www.mexicanguitarplayers.com\/en\/tienda\/sin%20categor\u00eda\/guitarra-schecter-elect-demon-7-fr-crb\/\" \/>\n<meta property=\"og:locale\" content=\"en_US\" \/>\n<meta property=\"og:type\" content=\"article\" \/>\n<meta property=\"og:title\" content=\"GUITARRA SCHECTER ELECT. DEMON-7 FR CRB - Mexican Guitar Players\" \/>\n<meta property=\"og:description\" content=\"Guitarra el\u00e9ctrica de 7 cuerdas, cuerpo de tilo, hardware negro, tapa arqueada, construcci\u00f3n Bolt-on, uni\u00f3n en una capa de negro, puente Floyd Rose Special, maquinaria Schecter, brazp C delgado de maple, diapas\u00f3n de palo de rosa, incrustaciones de cruces g\u00f3ticas en gris aperlado, escala: 26.5\u201d (673 mm), 24 trastes X-Jumbo, cejuela Floyd Rose Special de 1.874\u201d (47.6 mm), alma ajustable de 2 v\u00edas con tuerca Allen de 5\/32\u201d (4 mm), un volumen y un tono, selector de 3 posiciones, pastilla del puente: Duncan Designed HB-105\/7B, pastilla del brazo: Duncan Designed HB-105\/7N, perillas de metal moleteado con tornillo de ajuste.\" \/>\n<meta property=\"og:url\" content=\"https:\/\/www.mexicanguitarplayers.com\/en\/tienda\/sin categor\u00eda\/guitarra-schecter-elect-demon-7-fr-crb\/\" \/>\n<meta property=\"og:site_name\" content=\"Mexican Guitar Players\" \/>\n<meta property=\"article:modified_time\" content=\"2026-04-10T10:23:19+00:00\" \/>\n<meta name=\"twitter:card\" content=\"summary_large_image\" \/>\n<meta name=\"twitter:label1\" content=\"Est. reading time\" \/>\n\t<meta name=\"twitter:data1\" content=\"1 minute\" \/>\n<script type=\"application\/ld+json\" class=\"yoast-schema-graph\">{\"@context\":\"https:\\\/\\\/schema.org\",\"@graph\":[{\"@type\":[\"WebPage\",\"ItemPage\"],\"@id\":\"https:\\\/\\\/www.mexicanguitarplayers.com\\\/tienda\\\/sin categor\u00eda\\\/guitarra-schecter-elect-demon-7-fr-crb\\\/\",\"url\":\"https:\\\/\\\/www.mexicanguitarplayers.com\\\/tienda\\\/sin categor\u00eda\\\/guitarra-schecter-elect-demon-7-fr-crb\\\/\",\"name\":\"GUITARRA SCHECTER ELECT. DEMON-7 FR CRB - Mexican Guitar Players\",\"isPartOf\":{\"@id\":\"https:\\\/\\\/www.mexicanguitarplayers.com\\\/#website\"},\"primaryImageOfPage\":{\"@id\":\"https:\\\/\\\/www.mexicanguitarplayers.com\\\/tienda\\\/sin categor\u00eda\\\/guitarra-schecter-elect-demon-7-fr-crb\\\/#primaryimage\"},\"image\":{\"@id\":\"https:\\\/\\\/www.mexicanguitarplayers.com\\\/tienda\\\/sin categor\u00eda\\\/guitarra-schecter-elect-demon-7-fr-crb\\\/#primaryimage\"},\"thumbnailUrl\":\"https:\\\/\\\/www.mexicanguitarplayers.com\\\/wp-content\\\/uploads\\\/2025\\\/04\\\/ISSCCDEMON7FRC.jpg\",\"datePublished\":\"2025-04-09T12:01:31+00:00\",\"dateModified\":\"2026-04-10T10:23:19+00:00\",\"description\":\"Guitarra el\u00e9ctrica de 7 cuerdas, cuerpo de tilo, hardware negro, tapa arqueada, construcci\u00f3n Bolt-on, uni\u00f3n en una capa de negro, puente Floyd Rose Special, maquinaria Schecter, brazp C delgado de maple, diapas\u00f3n de palo de rosa, incrustaciones de cruces g\u00f3ticas en gris aperlado, escala: 26.5\u201d (673 mm), 24 trastes X-Jumbo, cejuela Floyd Rose Special de 1.874\u201d (47.6 mm), alma ajustable de 2 v\u00edas con tuerca Allen de 5\\\/32\u201d (4 mm), un volumen y un tono, selector de 3 posiciones, pastilla del puente: Duncan Designed HB-105\\\/7B, pastilla del brazo: Duncan Designed HB-105\\\/7N, perillas de metal moleteado con tornillo de ajuste.\",\"breadcrumb\":{\"@id\":\"https:\\\/\\\/www.mexicanguitarplayers.com\\\/tienda\\\/sin categor\u00eda\\\/guitarra-schecter-elect-demon-7-fr-crb\\\/#breadcrumb\"},\"inLanguage\":\"en-US\",\"potentialAction\":[{\"@type\":\"ReadAction\",\"target\":[\"https:\\\/\\\/www.mexicanguitarplayers.com\\\/tienda\\\/sin categor\u00eda\\\/guitarra-schecter-elect-demon-7-fr-crb\\\/\"]}]},{\"@type\":\"ImageObject\",\"inLanguage\":\"en-US\",\"@id\":\"https:\\\/\\\/www.mexicanguitarplayers.com\\\/tienda\\\/sin categor\u00eda\\\/guitarra-schecter-elect-demon-7-fr-crb\\\/#primaryimage\",\"url\":\"https:\\\/\\\/www.mexicanguitarplayers.com\\\/wp-content\\\/uploads\\\/2025\\\/04\\\/ISSCCDEMON7FRC.jpg\",\"contentUrl\":\"https:\\\/\\\/www.mexicanguitarplayers.com\\\/wp-content\\\/uploads\\\/2025\\\/04\\\/ISSCCDEMON7FRC.jpg\",\"width\":800,\"height\":1600},{\"@type\":\"BreadcrumbList\",\"@id\":\"https:\\\/\\\/www.mexicanguitarplayers.com\\\/tienda\\\/sin categor\u00eda\\\/guitarra-schecter-elect-demon-7-fr-crb\\\/#breadcrumb\",\"itemListElement\":[{\"@type\":\"ListItem\",\"position\":1,\"name\":\"Portada\",\"item\":\"https:\\\/\\\/www.mexicanguitarplayers.com\\\/\"},{\"@type\":\"ListItem\",\"position\":2,\"name\":\"Tienda\",\"item\":\"https:\\\/\\\/www.mexicanguitarplayers.com\\\/tienda\\\/\"},{\"@type\":\"ListItem\",\"position\":3,\"name\":\"GUITARRA SCHECTER ELECT. DEMON-7 FR CRB\"}]},{\"@type\":\"WebSite\",\"@id\":\"https:\\\/\\\/www.mexicanguitarplayers.com\\\/#website\",\"url\":\"https:\\\/\\\/www.mexicanguitarplayers.com\\\/\",\"name\":\"Mexican Guitar Players\",\"description\":\"Website\",\"publisher\":{\"@id\":\"https:\\\/\\\/www.mexicanguitarplayers.com\\\/#organization\"},\"potentialAction\":[{\"@type\":\"SearchAction\",\"target\":{\"@type\":\"EntryPoint\",\"urlTemplate\":\"https:\\\/\\\/www.mexicanguitarplayers.com\\\/?s={search_term_string}\"},\"query-input\":{\"@type\":\"PropertyValueSpecification\",\"valueRequired\":true,\"valueName\":\"search_term_string\"}}],\"inLanguage\":\"en-US\"},{\"@type\":\"Organization\",\"@id\":\"https:\\\/\\\/www.mexicanguitarplayers.com\\\/#organization\",\"name\":\"Mexican Guitar Players\",\"url\":\"https:\\\/\\\/www.mexicanguitarplayers.com\\\/\",\"logo\":{\"@type\":\"ImageObject\",\"inLanguage\":\"en-US\",\"@id\":\"https:\\\/\\\/www.mexicanguitarplayers.com\\\/#\\\/schema\\\/logo\\\/image\\\/\",\"url\":\"\",\"contentUrl\":\"\",\"caption\":\"Mexican Guitar Players\"},\"image\":{\"@id\":\"https:\\\/\\\/www.mexicanguitarplayers.com\\\/#\\\/schema\\\/logo\\\/image\\\/\"}}]}<\/script>\n<!-- \/ Yoast SEO plugin. -->","yoast_head_json":{"title":"GUITARRA SCHECTER ELECT. DEMON-7 FR CRB - Mexican Guitar Players","description":"Guitarra el\u00e9ctrica de 7 cuerdas, cuerpo de tilo, hardware negro, tapa arqueada, construcci\u00f3n Bolt-on, uni\u00f3n en una capa de negro, puente Floyd Rose Special, maquinaria Schecter, brazp C delgado de maple, diapas\u00f3n de palo de rosa, incrustaciones de cruces g\u00f3ticas en gris aperlado, escala: 26.5\u201d (673 mm), 24 trastes X-Jumbo, cejuela Floyd Rose Special de 1.874\u201d (47.6 mm), alma ajustable de 2 v\u00edas con tuerca Allen de 5\/32\u201d (4 mm), un volumen y un tono, selector de 3 posiciones, pastilla del puente: Duncan Designed HB-105\/7B, pastilla del brazo: Duncan Designed HB-105\/7N, perillas de metal moleteado con tornillo de ajuste.","robots":{"index":"index","follow":"follow","max-snippet":"max-snippet:-1","max-image-preview":"max-image-preview:large","max-video-preview":"max-video-preview:-1"},"canonical":"https:\/\/www.mexicanguitarplayers.com\/en\/tienda\/sin categor\u00eda\/guitarra-schecter-elect-demon-7-fr-crb\/","og_locale":"en_US","og_type":"article","og_title":"GUITARRA SCHECTER ELECT. DEMON-7 FR CRB - Mexican Guitar Players","og_description":"Guitarra el\u00e9ctrica de 7 cuerdas, cuerpo de tilo, hardware negro, tapa arqueada, construcci\u00f3n Bolt-on, uni\u00f3n en una capa de negro, puente Floyd Rose Special, maquinaria Schecter, brazp C delgado de maple, diapas\u00f3n de palo de rosa, incrustaciones de cruces g\u00f3ticas en gris aperlado, escala: 26.5\u201d (673 mm), 24 trastes X-Jumbo, cejuela Floyd Rose Special de 1.874\u201d (47.6 mm), alma ajustable de 2 v\u00edas con tuerca Allen de 5\/32\u201d (4 mm), un volumen y un tono, selector de 3 posiciones, pastilla del puente: Duncan Designed HB-105\/7B, pastilla del brazo: Duncan Designed HB-105\/7N, perillas de metal moleteado con tornillo de ajuste.","og_url":"https:\/\/www.mexicanguitarplayers.com\/en\/tienda\/sin categor\u00eda\/guitarra-schecter-elect-demon-7-fr-crb\/","og_site_name":"Mexican Guitar Players","article_modified_time":"2026-04-10T10:23:19+00:00","twitter_card":"summary_large_image","twitter_misc":{"Est. reading time":"1 minute"},"schema":{"@context":"https:\/\/schema.org","@graph":[{"@type":["WebPage","ItemPage"],"@id":"https:\/\/www.mexicanguitarplayers.com\/tienda\/sin categor\u00eda\/guitarra-schecter-elect-demon-7-fr-crb\/","url":"https:\/\/www.mexicanguitarplayers.com\/tienda\/sin categor\u00eda\/guitarra-schecter-elect-demon-7-fr-crb\/","name":"GUITARRA SCHECTER ELECT. DEMON-7 FR CRB - Mexican Guitar Players","isPartOf":{"@id":"https:\/\/www.mexicanguitarplayers.com\/#website"},"primaryImageOfPage":{"@id":"https:\/\/www.mexicanguitarplayers.com\/tienda\/sin categor\u00eda\/guitarra-schecter-elect-demon-7-fr-crb\/#primaryimage"},"image":{"@id":"https:\/\/www.mexicanguitarplayers.com\/tienda\/sin categor\u00eda\/guitarra-schecter-elect-demon-7-fr-crb\/#primaryimage"},"thumbnailUrl":"https:\/\/www.mexicanguitarplayers.com\/wp-content\/uploads\/2025\/04\/ISSCCDEMON7FRC.jpg","datePublished":"2025-04-09T12:01:31+00:00","dateModified":"2026-04-10T10:23:19+00:00","description":"Guitarra el\u00e9ctrica de 7 cuerdas, cuerpo de tilo, hardware negro, tapa arqueada, construcci\u00f3n Bolt-on, uni\u00f3n en una capa de negro, puente Floyd Rose Special, maquinaria Schecter, brazp C delgado de maple, diapas\u00f3n de palo de rosa, incrustaciones de cruces g\u00f3ticas en gris aperlado, escala: 26.5\u201d (673 mm), 24 trastes X-Jumbo, cejuela Floyd Rose Special de 1.874\u201d (47.6 mm), alma ajustable de 2 v\u00edas con tuerca Allen de 5\/32\u201d (4 mm), un volumen y un tono, selector de 3 posiciones, pastilla del puente: Duncan Designed HB-105\/7B, pastilla del brazo: Duncan Designed HB-105\/7N, perillas de metal moleteado con tornillo de ajuste.","breadcrumb":{"@id":"https:\/\/www.mexicanguitarplayers.com\/tienda\/sin categor\u00eda\/guitarra-schecter-elect-demon-7-fr-crb\/#breadcrumb"},"inLanguage":"en-US","potentialAction":[{"@type":"ReadAction","target":["https:\/\/www.mexicanguitarplayers.com\/tienda\/sin categor\u00eda\/guitarra-schecter-elect-demon-7-fr-crb\/"]}]},{"@type":"ImageObject","inLanguage":"en-US","@id":"https:\/\/www.mexicanguitarplayers.com\/tienda\/sin categor\u00eda\/guitarra-schecter-elect-demon-7-fr-crb\/#primaryimage","url":"https:\/\/www.mexicanguitarplayers.com\/wp-content\/uploads\/2025\/04\/ISSCCDEMON7FRC.jpg","contentUrl":"https:\/\/www.mexicanguitarplayers.com\/wp-content\/uploads\/2025\/04\/ISSCCDEMON7FRC.jpg","width":800,"height":1600},{"@type":"BreadcrumbList","@id":"https:\/\/www.mexicanguitarplayers.com\/tienda\/sin categor\u00eda\/guitarra-schecter-elect-demon-7-fr-crb\/#breadcrumb","itemListElement":[{"@type":"ListItem","position":1,"name":"Portada","item":"https:\/\/www.mexicanguitarplayers.com\/"},{"@type":"ListItem","position":2,"name":"Tienda","item":"https:\/\/www.mexicanguitarplayers.com\/tienda\/"},{"@type":"ListItem","position":3,"name":"GUITARRA SCHECTER ELECT. DEMON-7 FR CRB"}]},{"@type":"WebSite","@id":"https:\/\/www.mexicanguitarplayers.com\/#website","url":"https:\/\/www.mexicanguitarplayers.com\/","name":"Mexican Guitar Players","description":"Website","publisher":{"@id":"https:\/\/www.mexicanguitarplayers.com\/#organization"},"potentialAction":[{"@type":"SearchAction","target":{"@type":"EntryPoint","urlTemplate":"https:\/\/www.mexicanguitarplayers.com\/?s={search_term_string}"},"query-input":{"@type":"PropertyValueSpecification","valueRequired":true,"valueName":"search_term_string"}}],"inLanguage":"en-US"},{"@type":"Organization","@id":"https:\/\/www.mexicanguitarplayers.com\/#organization","name":"Mexican Guitar Players","url":"https:\/\/www.mexicanguitarplayers.com\/","logo":{"@type":"ImageObject","inLanguage":"en-US","@id":"https:\/\/www.mexicanguitarplayers.com\/#\/schema\/logo\/image\/","url":"","contentUrl":"","caption":"Mexican Guitar Players"},"image":{"@id":"https:\/\/www.mexicanguitarplayers.com\/#\/schema\/logo\/image\/"}}]}},"brands":[{"id":175,"name":"SCHECTER","slug":"schecter"}],"_links":{"self":[{"href":"https:\/\/www.mexicanguitarplayers.com\/en\/wp-json\/wp\/v2\/product\/38174","targetHints":{"allow":["GET"]}}],"collection":[{"href":"https:\/\/www.mexicanguitarplayers.com\/en\/wp-json\/wp\/v2\/product"}],"about":[{"href":"https:\/\/www.mexicanguitarplayers.com\/en\/wp-json\/wp\/v2\/types\/product"}],"replies":[{"embeddable":true,"href":"https:\/\/www.mexicanguitarplayers.com\/en\/wp-json\/wp\/v2\/comments?post=38174"}],"wp:featuredmedia":[{"embeddable":true,"href":"https:\/\/www.mexicanguitarplayers.com\/en\/wp-json\/wp\/v2\/media\/38166"}],"wp:attachment":[{"href":"https:\/\/www.mexicanguitarplayers.com\/en\/wp-json\/wp\/v2\/media?parent=38174"}],"wp:term":[{"taxonomy":"pwb-brand","embeddable":true,"href":"https:\/\/www.mexicanguitarplayers.com\/en\/wp-json\/wp\/v2\/pwb-brand?post=38174"},{"taxonomy":"product_brand","embeddable":true,"href":"https:\/\/www.mexicanguitarplayers.com\/en\/wp-json\/wp\/v2\/product_brand?post=38174"},{"taxonomy":"product_cat","embeddable":true,"href":"https:\/\/www.mexicanguitarplayers.com\/en\/wp-json\/wp\/v2\/product_cat?post=38174"},{"taxonomy":"product_tag","embeddable":true,"href":"https:\/\/www.mexicanguitarplayers.com\/en\/wp-json\/wp\/v2\/product_tag?post=38174"}],"curies":[{"name":"wp","href":"https:\/\/api.w.org\/{rel}","templated":true}]}}