{"id":38180,"date":"2025-04-09T06:01:39","date_gmt":"2025-04-09T12:01:39","guid":{"rendered":"https:\/\/www.mexicanguitarplayers.com\/tienda\/sin categor\u00eda\/controlador-t-c-mod-tc8210-dt\/"},"modified":"2026-04-14T04:15:37","modified_gmt":"2026-04-14T10:15:37","slug":"controlador-t-c-mod-tc8210-dt","status":"publish","type":"product","link":"https:\/\/www.mexicanguitarplayers.com\/en\/tienda\/audio\/interfaces\/controlador-t-c-mod-tc8210-dt\/","title":{"rendered":"CONTROLADOR T.C. MOD. TC8210-DT"},"content":{"rendered":"<div style=\"text-align: justify\">\n<div>\n<h3>Especialista en todos los estilos.<\/h3>\n<\/div>\n<div>Con su aire claro y natural, el TC8230-DT es la encarnaci\u00f3n de la filosof\u00eda de reverb de TC Electronic. Ideal para la producci\u00f3n de m\u00fasica DAW para Mac y PC, la fusi\u00f3n pionera de hardware y software TC8210-DT te brinda una potente reverb con un rendimiento transparente sin igual. Ese toque humano. La elegante unidad de control de escritorio pone todos los par\u00e1metros clave al alcance de tu mano, lo que te permite explorar y experimentar el contenido de tu coraz\u00f3n. Con la intuitiva y pr\u00e1ctica interfaz del TC8210-DT, obtienes un control creativo total de tu reverb. Todo tuyo. Dise\u00f1ado para proporcionar lo \u00faltimo en transparencia, el TC8210-DT conserva las caracter\u00edsticas naturales del sonido fuente, dejando su expresi\u00f3n y tono como se esperaba. Con su cach\u00e9 de salas cristalinas, habitaciones y espacios inmersivos, es esencial en cualquier kit creativo de m\u00fasico o mezclador. Entra en los salones de la fama. TC Electronic tiene un legado largo y bien merecido para el dise\u00f1o de reverb, con un sonido de reverb caracter\u00edstico que ha llegado a innumerables plataformas en vivo, pedales y estudios de grabaci\u00f3n. Basado en esa filosof\u00eda, TC8210-DT trae ese legendario sonido de reverb a tu DAW, donde puede aplicarse f\u00e1cilmente a tu nueva obra maestra. El cielo es el l\u00edmite. Como tu DAW maneja todo el procesamiento, puede cargar tantas instancias como sea necesario para tu mezcla. Cuando se conecta directamente a tu puerto USB, el controlador de escritorio TC8210-DT proporciona un control ultra intuitivo incluso sobre los matices m\u00e1s peque\u00f1os de tu efecto. Esto crea la sinergia perfecta entre software y hardware y hace que el TC8210-DT sea el complemento ideal para cualquier entorno de estudio moderno. TC8210-DT es excepcionalmente vers\u00e1til, tanto como una utilidad de mezcla, como una herramienta altamente creativa. Vivo y lleno en su tono, agrega un incre\u00edble impacto sonoro y una atm\u00f3sfera a cualquier fuente, desde sonido y muestras encontradas hasta sintetizadores suaves, instrumentos grabados y voces. Grabar preajustes listos. Los ajustes prestablecidos del TC8210-DT impulsar\u00e1n tu inspiraci\u00f3n y agregar\u00e1n car\u00e1cter instant\u00e1neo a tu sesi\u00f3n de mezcla o grabaci\u00f3n. Hechos a medida por algunos de los mejores productores o ingenieros, estos no son sus preajustes habituales, sino que registran configuraciones listas que impulsar\u00e1n el sonido y el car\u00e1cter del TC8210-DT a su m\u00e1ximo potencia. \u00bfY lo mejor de todo? Est\u00e1n aqu\u00ed. De nada !!! Medici\u00f3n y m\u00e1s. TC8210-DT proporciona medidores de entrada y salida para un monitoreo preciso de la se\u00f1al directamente en la interfaz del hardware. Los controles pr\u00e1cticos tambi\u00e9n te permiten ajustar todos los par\u00e1metros que definen el tono, incluidos la descomposici\u00f3n, el color, la modulaci\u00f3n y mucho m\u00e1s. Listo para tu DAW. TC8210-DT es una incre\u00edble adici\u00f3n a cualquier consola de mezclas o estaci\u00f3n de grabaci\u00f3n de dormitorio y es compatible con todos los est\u00e1ndares de plug-ins modernos. Esto te permite hacer un uso completo de la automatizaci\u00f3n DAW y la recuperaci\u00f3n de proyectos y te da la libertad de trabajar con cualquier software de audio que prefieras.<\/div>\n<div>\n<h4>Quick look<\/h4>\n<\/div>\n<ul style=\"margin: 0px 0px 0px 25px\">\n<li style=\"list-style-type: circle;margin: 5px\">Sonido.<\/li>\n<li style=\"list-style-type: circle;margin: 5px\">Soporte de software.<\/li>\n<li style=\"list-style-type: circle;margin: 5px\">Conexi\u00f3n USB.<\/li>\n<li style=\"list-style-type: circle;margin: 5px\">Energy.<\/li>\n<li style=\"list-style-type: circle;margin: 5px\">Dimensions.<\/li>\n<li style=\"list-style-type: circle;margin: 5px\">Weight.<\/li>\n<\/ul>\n<div>\n<div style=\"font-weight: bold\">Sonido.<\/div>\n<div>\n<p>Frecuencias de muestreo: 44.1, 48, 88.2, 96, 176.4, 192 kHz.<\/p>\n<\/div>\n<div style=\"font-weight: bold\">Soporte de software.<\/div>\n<div>\n<p>Sistemas operativos: Mac OS X 10.10 Yosemite o superior y Windows 7 o superior. No requieren drivers adicionales, utilizan drivers USB-HID est\u00e1ndar. Formatos de plug-in: AAX-native, Audio Units, VST2.4, VST3. 32\/64 bit.<\/p>\n<\/div>\n<div style=\"font-weight: bold\">Conexi\u00f3n USB.<\/div>\n<div>\n<p>Tipo: USB 2.0, tipo micro-B.<\/p>\n<\/div>\n<div style=\"font-weight: bold\">Energy.<\/div>\n<div>\n<p>Fuente de alimentaci\u00f3n: Alimentado por USB. Consumo m\u00e1ximo de energ\u00eda: 2.5 W.<\/p>\n<\/div>\n<div style=\"font-weight: bold\">Dimensions.<\/div>\n<div>\n<p>42 x 54 x 135 mm.<\/p>\n<\/div>\n<div style=\"font-weight: bold\">Weight.<\/div>\n<div>\n<p>0.22 kg.<\/p>\n<\/div>\n<\/div>\n<\/div>","protected":false},"excerpt":{"rendered":"<p>Controlador de hardware dedicado con plug-in cl\u00e1sico de mezcla reverb, trae el cl\u00e1sico sonido de reverb TC a tu DAW, interfaz de escritorio dedicada con pr\u00e1ctico control intuitivo, gran variedad de reverb para adaptarse perfectamente a las diversas necesidades musicales (todo, desde voces hasta bater\u00eda), conserva las caracter\u00edsticas naturales de la fuente original, incluye preajustes prestablecidos signature personalizados de tus artistas favoritos, combina caracter\u00edsticas operativas \u00fanicas y una calidad superior de sonido, medidores de E\/S que brindas un monitoreo directo de la actividad de reverb, ofrece automatizaci\u00f3n DAW y soporte de recuperaci\u00f3n de proyectos, control t\u00e1ctil simple para efectos de vanguardia y algoritmos innovadores, alimentado por USB, listo para Mac y PC, procesamiento de plug-in VST est\u00e1ndar, unidades de audio y AXX, dimensiones: 42 x 54 x 135 mm, peso: 0.22 kg.&hellip; <a class=\"kt-excerpt-readmore more-link\" href=\"https:\/\/www.mexicanguitarplayers.com\/en\/tienda\/audio\/interfaces\/controlador-t-c-mod-tc8210-dt\/\">Read more<\/a><\/p>","protected":false},"featured_media":38175,"comment_status":"open","ping_status":"closed","template":"","meta":{"kt_blocks_editor_width":""},"pwb-brand":[170],"product_brand":[],"product_cat":[213,233],"product_tag":[],"class_list":{"0":"post-38180","1":"product","2":"type-product","3":"status-publish","4":"has-post-thumbnail","6":"pwb-brand-tc-electronic","7":"product_cat-audio","8":"product_cat-interfaces","9":"product_shipping_class-0-5-kg","11":"first","12":"outofstock","13":"taxable","14":"shipping-taxable","15":"purchasable","16":"product-type-simple"},"yoast_head":"<!-- This site is optimized with the Yoast SEO plugin v27.6 - https:\/\/yoast.com\/product\/yoast-seo-wordpress\/ -->\n<title>CONTROLADOR T.C. MOD. TC8210-DT - Mexican Guitar Players<\/title>\n<meta name=\"description\" content=\"Controlador de hardware dedicado con plug-in cl\u00e1sico de mezcla reverb, trae el cl\u00e1sico sonido de reverb TC a tu DAW, interfaz de escritorio dedicada con pr\u00e1ctico control intuitivo, gran variedad de reverb para adaptarse perfectamente a las diversas necesidades musicales (todo, desde voces hasta bater\u00eda), conserva las caracter\u00edsticas naturales de la fuente original, incluye preajustes prestablecidos signature personalizados de tus artistas favoritos, combina caracter\u00edsticas operativas \u00fanicas y una calidad superior de sonido, medidores de E\/S que brindas un monitoreo directo de la actividad de reverb, ofrece automatizaci\u00f3n DAW y soporte de recuperaci\u00f3n de proyectos, control t\u00e1ctil simple para efectos de vanguardia y algoritmos innovadores, alimentado por USB, listo para Mac y PC, procesamiento de plug-in VST est\u00e1ndar, unidades de audio y AXX, dimensiones: 42 x 54 x 135 mm, peso: 0.22 kg.\" \/>\n<meta name=\"robots\" content=\"index, follow, max-snippet:-1, max-image-preview:large, max-video-preview:-1\" \/>\n<link rel=\"canonical\" href=\"https:\/\/www.mexicanguitarplayers.com\/en\/tienda\/sin%20categor\u00eda\/controlador-t-c-mod-tc8210-dt\/\" \/>\n<meta property=\"og:locale\" content=\"en_US\" \/>\n<meta property=\"og:type\" content=\"article\" \/>\n<meta property=\"og:title\" content=\"CONTROLADOR T.C. MOD. TC8210-DT - Mexican Guitar Players\" \/>\n<meta property=\"og:description\" content=\"Controlador de hardware dedicado con plug-in cl\u00e1sico de mezcla reverb, trae el cl\u00e1sico sonido de reverb TC a tu DAW, interfaz de escritorio dedicada con pr\u00e1ctico control intuitivo, gran variedad de reverb para adaptarse perfectamente a las diversas necesidades musicales (todo, desde voces hasta bater\u00eda), conserva las caracter\u00edsticas naturales de la fuente original, incluye preajustes prestablecidos signature personalizados de tus artistas favoritos, combina caracter\u00edsticas operativas \u00fanicas y una calidad superior de sonido, medidores de E\/S que brindas un monitoreo directo de la actividad de reverb, ofrece automatizaci\u00f3n DAW y soporte de recuperaci\u00f3n de proyectos, control t\u00e1ctil simple para efectos de vanguardia y algoritmos innovadores, alimentado por USB, listo para Mac y PC, procesamiento de plug-in VST est\u00e1ndar, unidades de audio y AXX, dimensiones: 42 x 54 x 135 mm, peso: 0.22 kg.\" \/>\n<meta property=\"og:url\" content=\"https:\/\/www.mexicanguitarplayers.com\/en\/tienda\/sin categor\u00eda\/controlador-t-c-mod-tc8210-dt\/\" \/>\n<meta property=\"og:site_name\" content=\"Mexican Guitar Players\" \/>\n<meta property=\"article:modified_time\" content=\"2026-04-14T10:15:37+00:00\" \/>\n<meta name=\"twitter:card\" content=\"summary_large_image\" \/>\n<meta name=\"twitter:label1\" content=\"Est. reading time\" \/>\n\t<meta name=\"twitter:data1\" content=\"3 minutes\" \/>\n<script type=\"application\/ld+json\" class=\"yoast-schema-graph\">{\"@context\":\"https:\\\/\\\/schema.org\",\"@graph\":[{\"@type\":[\"WebPage\",\"ItemPage\"],\"@id\":\"https:\\\/\\\/www.mexicanguitarplayers.com\\\/tienda\\\/sin categor\u00eda\\\/controlador-t-c-mod-tc8210-dt\\\/\",\"url\":\"https:\\\/\\\/www.mexicanguitarplayers.com\\\/tienda\\\/sin categor\u00eda\\\/controlador-t-c-mod-tc8210-dt\\\/\",\"name\":\"CONTROLADOR T.C. MOD. TC8210-DT - Mexican Guitar Players\",\"isPartOf\":{\"@id\":\"https:\\\/\\\/www.mexicanguitarplayers.com\\\/#website\"},\"primaryImageOfPage\":{\"@id\":\"https:\\\/\\\/www.mexicanguitarplayers.com\\\/tienda\\\/sin categor\u00eda\\\/controlador-t-c-mod-tc8210-dt\\\/#primaryimage\"},\"image\":{\"@id\":\"https:\\\/\\\/www.mexicanguitarplayers.com\\\/tienda\\\/sin categor\u00eda\\\/controlador-t-c-mod-tc8210-dt\\\/#primaryimage\"},\"thumbnailUrl\":\"https:\\\/\\\/www.mexicanguitarplayers.com\\\/wp-content\\\/uploads\\\/2025\\\/04\\\/IATCETC8210DT.jpg\",\"datePublished\":\"2025-04-09T12:01:39+00:00\",\"dateModified\":\"2026-04-14T10:15:37+00:00\",\"description\":\"Controlador de hardware dedicado con plug-in cl\u00e1sico de mezcla reverb, trae el cl\u00e1sico sonido de reverb TC a tu DAW, interfaz de escritorio dedicada con pr\u00e1ctico control intuitivo, gran variedad de reverb para adaptarse perfectamente a las diversas necesidades musicales (todo, desde voces hasta bater\u00eda), conserva las caracter\u00edsticas naturales de la fuente original, incluye preajustes prestablecidos signature personalizados de tus artistas favoritos, combina caracter\u00edsticas operativas \u00fanicas y una calidad superior de sonido, medidores de E\\\/S que brindas un monitoreo directo de la actividad de reverb, ofrece automatizaci\u00f3n DAW y soporte de recuperaci\u00f3n de proyectos, control t\u00e1ctil simple para efectos de vanguardia y algoritmos innovadores, alimentado por USB, listo para Mac y PC, procesamiento de plug-in VST est\u00e1ndar, unidades de audio y AXX, dimensiones: 42 x 54 x 135 mm, peso: 0.22 kg.\",\"breadcrumb\":{\"@id\":\"https:\\\/\\\/www.mexicanguitarplayers.com\\\/tienda\\\/sin categor\u00eda\\\/controlador-t-c-mod-tc8210-dt\\\/#breadcrumb\"},\"inLanguage\":\"en-US\",\"potentialAction\":[{\"@type\":\"ReadAction\",\"target\":[\"https:\\\/\\\/www.mexicanguitarplayers.com\\\/tienda\\\/sin categor\u00eda\\\/controlador-t-c-mod-tc8210-dt\\\/\"]}]},{\"@type\":\"ImageObject\",\"inLanguage\":\"en-US\",\"@id\":\"https:\\\/\\\/www.mexicanguitarplayers.com\\\/tienda\\\/sin categor\u00eda\\\/controlador-t-c-mod-tc8210-dt\\\/#primaryimage\",\"url\":\"https:\\\/\\\/www.mexicanguitarplayers.com\\\/wp-content\\\/uploads\\\/2025\\\/04\\\/IATCETC8210DT.jpg\",\"contentUrl\":\"https:\\\/\\\/www.mexicanguitarplayers.com\\\/wp-content\\\/uploads\\\/2025\\\/04\\\/IATCETC8210DT.jpg\",\"width\":800,\"height\":1600},{\"@type\":\"BreadcrumbList\",\"@id\":\"https:\\\/\\\/www.mexicanguitarplayers.com\\\/tienda\\\/sin categor\u00eda\\\/controlador-t-c-mod-tc8210-dt\\\/#breadcrumb\",\"itemListElement\":[{\"@type\":\"ListItem\",\"position\":1,\"name\":\"Portada\",\"item\":\"https:\\\/\\\/www.mexicanguitarplayers.com\\\/\"},{\"@type\":\"ListItem\",\"position\":2,\"name\":\"Tienda\",\"item\":\"https:\\\/\\\/www.mexicanguitarplayers.com\\\/tienda\\\/\"},{\"@type\":\"ListItem\",\"position\":3,\"name\":\"CONTROLADOR T.C. MOD. TC8210-DT\"}]},{\"@type\":\"WebSite\",\"@id\":\"https:\\\/\\\/www.mexicanguitarplayers.com\\\/#website\",\"url\":\"https:\\\/\\\/www.mexicanguitarplayers.com\\\/\",\"name\":\"Mexican Guitar Players\",\"description\":\"Website\",\"publisher\":{\"@id\":\"https:\\\/\\\/www.mexicanguitarplayers.com\\\/#organization\"},\"potentialAction\":[{\"@type\":\"SearchAction\",\"target\":{\"@type\":\"EntryPoint\",\"urlTemplate\":\"https:\\\/\\\/www.mexicanguitarplayers.com\\\/?s={search_term_string}\"},\"query-input\":{\"@type\":\"PropertyValueSpecification\",\"valueRequired\":true,\"valueName\":\"search_term_string\"}}],\"inLanguage\":\"en-US\"},{\"@type\":\"Organization\",\"@id\":\"https:\\\/\\\/www.mexicanguitarplayers.com\\\/#organization\",\"name\":\"Mexican Guitar Players\",\"url\":\"https:\\\/\\\/www.mexicanguitarplayers.com\\\/\",\"logo\":{\"@type\":\"ImageObject\",\"inLanguage\":\"en-US\",\"@id\":\"https:\\\/\\\/www.mexicanguitarplayers.com\\\/#\\\/schema\\\/logo\\\/image\\\/\",\"url\":\"\",\"contentUrl\":\"\",\"caption\":\"Mexican Guitar Players\"},\"image\":{\"@id\":\"https:\\\/\\\/www.mexicanguitarplayers.com\\\/#\\\/schema\\\/logo\\\/image\\\/\"}}]}<\/script>\n<!-- \/ Yoast SEO plugin. -->","yoast_head_json":{"title":"CONTROLADOR T.C. MOD. TC8210-DT - Mexican Guitar Players","description":"Controlador de hardware dedicado con plug-in cl\u00e1sico de mezcla reverb, trae el cl\u00e1sico sonido de reverb TC a tu DAW, interfaz de escritorio dedicada con pr\u00e1ctico control intuitivo, gran variedad de reverb para adaptarse perfectamente a las diversas necesidades musicales (todo, desde voces hasta bater\u00eda), conserva las caracter\u00edsticas naturales de la fuente original, incluye preajustes prestablecidos signature personalizados de tus artistas favoritos, combina caracter\u00edsticas operativas \u00fanicas y una calidad superior de sonido, medidores de E\/S que brindas un monitoreo directo de la actividad de reverb, ofrece automatizaci\u00f3n DAW y soporte de recuperaci\u00f3n de proyectos, control t\u00e1ctil simple para efectos de vanguardia y algoritmos innovadores, alimentado por USB, listo para Mac y PC, procesamiento de plug-in VST est\u00e1ndar, unidades de audio y AXX, dimensiones: 42 x 54 x 135 mm, peso: 0.22 kg.","robots":{"index":"index","follow":"follow","max-snippet":"max-snippet:-1","max-image-preview":"max-image-preview:large","max-video-preview":"max-video-preview:-1"},"canonical":"https:\/\/www.mexicanguitarplayers.com\/en\/tienda\/sin categor\u00eda\/controlador-t-c-mod-tc8210-dt\/","og_locale":"en_US","og_type":"article","og_title":"CONTROLADOR T.C. MOD. TC8210-DT - Mexican Guitar Players","og_description":"Controlador de hardware dedicado con plug-in cl\u00e1sico de mezcla reverb, trae el cl\u00e1sico sonido de reverb TC a tu DAW, interfaz de escritorio dedicada con pr\u00e1ctico control intuitivo, gran variedad de reverb para adaptarse perfectamente a las diversas necesidades musicales (todo, desde voces hasta bater\u00eda), conserva las caracter\u00edsticas naturales de la fuente original, incluye preajustes prestablecidos signature personalizados de tus artistas favoritos, combina caracter\u00edsticas operativas \u00fanicas y una calidad superior de sonido, medidores de E\/S que brindas un monitoreo directo de la actividad de reverb, ofrece automatizaci\u00f3n DAW y soporte de recuperaci\u00f3n de proyectos, control t\u00e1ctil simple para efectos de vanguardia y algoritmos innovadores, alimentado por USB, listo para Mac y PC, procesamiento de plug-in VST est\u00e1ndar, unidades de audio y AXX, dimensiones: 42 x 54 x 135 mm, peso: 0.22 kg.","og_url":"https:\/\/www.mexicanguitarplayers.com\/en\/tienda\/sin categor\u00eda\/controlador-t-c-mod-tc8210-dt\/","og_site_name":"Mexican Guitar Players","article_modified_time":"2026-04-14T10:15:37+00:00","twitter_card":"summary_large_image","twitter_misc":{"Est. reading time":"3 minutes"},"schema":{"@context":"https:\/\/schema.org","@graph":[{"@type":["WebPage","ItemPage"],"@id":"https:\/\/www.mexicanguitarplayers.com\/tienda\/sin categor\u00eda\/controlador-t-c-mod-tc8210-dt\/","url":"https:\/\/www.mexicanguitarplayers.com\/tienda\/sin categor\u00eda\/controlador-t-c-mod-tc8210-dt\/","name":"CONTROLADOR T.C. MOD. TC8210-DT - Mexican Guitar Players","isPartOf":{"@id":"https:\/\/www.mexicanguitarplayers.com\/#website"},"primaryImageOfPage":{"@id":"https:\/\/www.mexicanguitarplayers.com\/tienda\/sin categor\u00eda\/controlador-t-c-mod-tc8210-dt\/#primaryimage"},"image":{"@id":"https:\/\/www.mexicanguitarplayers.com\/tienda\/sin categor\u00eda\/controlador-t-c-mod-tc8210-dt\/#primaryimage"},"thumbnailUrl":"https:\/\/www.mexicanguitarplayers.com\/wp-content\/uploads\/2025\/04\/IATCETC8210DT.jpg","datePublished":"2025-04-09T12:01:39+00:00","dateModified":"2026-04-14T10:15:37+00:00","description":"Controlador de hardware dedicado con plug-in cl\u00e1sico de mezcla reverb, trae el cl\u00e1sico sonido de reverb TC a tu DAW, interfaz de escritorio dedicada con pr\u00e1ctico control intuitivo, gran variedad de reverb para adaptarse perfectamente a las diversas necesidades musicales (todo, desde voces hasta bater\u00eda), conserva las caracter\u00edsticas naturales de la fuente original, incluye preajustes prestablecidos signature personalizados de tus artistas favoritos, combina caracter\u00edsticas operativas \u00fanicas y una calidad superior de sonido, medidores de E\/S que brindas un monitoreo directo de la actividad de reverb, ofrece automatizaci\u00f3n DAW y soporte de recuperaci\u00f3n de proyectos, control t\u00e1ctil simple para efectos de vanguardia y algoritmos innovadores, alimentado por USB, listo para Mac y PC, procesamiento de plug-in VST est\u00e1ndar, unidades de audio y AXX, dimensiones: 42 x 54 x 135 mm, peso: 0.22 kg.","breadcrumb":{"@id":"https:\/\/www.mexicanguitarplayers.com\/tienda\/sin categor\u00eda\/controlador-t-c-mod-tc8210-dt\/#breadcrumb"},"inLanguage":"en-US","potentialAction":[{"@type":"ReadAction","target":["https:\/\/www.mexicanguitarplayers.com\/tienda\/sin categor\u00eda\/controlador-t-c-mod-tc8210-dt\/"]}]},{"@type":"ImageObject","inLanguage":"en-US","@id":"https:\/\/www.mexicanguitarplayers.com\/tienda\/sin categor\u00eda\/controlador-t-c-mod-tc8210-dt\/#primaryimage","url":"https:\/\/www.mexicanguitarplayers.com\/wp-content\/uploads\/2025\/04\/IATCETC8210DT.jpg","contentUrl":"https:\/\/www.mexicanguitarplayers.com\/wp-content\/uploads\/2025\/04\/IATCETC8210DT.jpg","width":800,"height":1600},{"@type":"BreadcrumbList","@id":"https:\/\/www.mexicanguitarplayers.com\/tienda\/sin categor\u00eda\/controlador-t-c-mod-tc8210-dt\/#breadcrumb","itemListElement":[{"@type":"ListItem","position":1,"name":"Portada","item":"https:\/\/www.mexicanguitarplayers.com\/"},{"@type":"ListItem","position":2,"name":"Tienda","item":"https:\/\/www.mexicanguitarplayers.com\/tienda\/"},{"@type":"ListItem","position":3,"name":"CONTROLADOR T.C. MOD. TC8210-DT"}]},{"@type":"WebSite","@id":"https:\/\/www.mexicanguitarplayers.com\/#website","url":"https:\/\/www.mexicanguitarplayers.com\/","name":"Mexican Guitar Players","description":"Website","publisher":{"@id":"https:\/\/www.mexicanguitarplayers.com\/#organization"},"potentialAction":[{"@type":"SearchAction","target":{"@type":"EntryPoint","urlTemplate":"https:\/\/www.mexicanguitarplayers.com\/?s={search_term_string}"},"query-input":{"@type":"PropertyValueSpecification","valueRequired":true,"valueName":"search_term_string"}}],"inLanguage":"en-US"},{"@type":"Organization","@id":"https:\/\/www.mexicanguitarplayers.com\/#organization","name":"Mexican Guitar Players","url":"https:\/\/www.mexicanguitarplayers.com\/","logo":{"@type":"ImageObject","inLanguage":"en-US","@id":"https:\/\/www.mexicanguitarplayers.com\/#\/schema\/logo\/image\/","url":"","contentUrl":"","caption":"Mexican Guitar Players"},"image":{"@id":"https:\/\/www.mexicanguitarplayers.com\/#\/schema\/logo\/image\/"}}]}},"brands":[{"id":170,"name":"TC-ELECTRONIC","slug":"tc-electronic"}],"_links":{"self":[{"href":"https:\/\/www.mexicanguitarplayers.com\/en\/wp-json\/wp\/v2\/product\/38180","targetHints":{"allow":["GET"]}}],"collection":[{"href":"https:\/\/www.mexicanguitarplayers.com\/en\/wp-json\/wp\/v2\/product"}],"about":[{"href":"https:\/\/www.mexicanguitarplayers.com\/en\/wp-json\/wp\/v2\/types\/product"}],"replies":[{"embeddable":true,"href":"https:\/\/www.mexicanguitarplayers.com\/en\/wp-json\/wp\/v2\/comments?post=38180"}],"wp:featuredmedia":[{"embeddable":true,"href":"https:\/\/www.mexicanguitarplayers.com\/en\/wp-json\/wp\/v2\/media\/38175"}],"wp:attachment":[{"href":"https:\/\/www.mexicanguitarplayers.com\/en\/wp-json\/wp\/v2\/media?parent=38180"}],"wp:term":[{"taxonomy":"pwb-brand","embeddable":true,"href":"https:\/\/www.mexicanguitarplayers.com\/en\/wp-json\/wp\/v2\/pwb-brand?post=38180"},{"taxonomy":"product_brand","embeddable":true,"href":"https:\/\/www.mexicanguitarplayers.com\/en\/wp-json\/wp\/v2\/product_brand?post=38180"},{"taxonomy":"product_cat","embeddable":true,"href":"https:\/\/www.mexicanguitarplayers.com\/en\/wp-json\/wp\/v2\/product_cat?post=38180"},{"taxonomy":"product_tag","embeddable":true,"href":"https:\/\/www.mexicanguitarplayers.com\/en\/wp-json\/wp\/v2\/product_tag?post=38180"}],"curies":[{"name":"wp","href":"https:\/\/api.w.org\/{rel}","templated":true}]}}