{"id":38190,"date":"2025-04-09T06:01:55","date_gmt":"2025-04-09T12:01:55","guid":{"rendered":"https:\/\/www.mexicanguitarplayers.com\/tienda\/sin categor\u00eda\/bajo-schecter-elect-stiletto-extreme-5\/"},"modified":"2026-05-01T07:19:00","modified_gmt":"2026-05-01T13:19:00","slug":"bajo-schecter-elect-stiletto-extreme-5","status":"publish","type":"product","link":"https:\/\/www.mexicanguitarplayers.com\/en\/tienda\/cuerdas\/bajos\/electricos\/electricos-activos\/bajo-schecter-elect-stiletto-extreme-5\/","title":{"rendered":"BAJO SCHECTER ELECT. STILETTO EXTREME 5"},"content":{"rendered":"<div style=\"text-align: justify\">\n<div>\n<h3>Graves incre\u00edbles.<\/h3>\n<\/div>\n<div>Con su hermoso contorno y tapas de maple brillante, los bajos Stiletto Extreme de Schecter llamar\u00e1n la atenci\u00f3n de cualquiera, y los 24 trastes, ecualizador de2 bandas y control de volumen master\/mezcla los mantendr\u00e1n a la escucha. Disponibles en configuraciones de 4 y 5 cuerdas y en versiones zurdas, esta serie es perfecta tanto para bajistas que van iniciando como para bajistas experimentados que buscan un nuevo sonido.<\/div>\n<div>\n<h4>Quick look<\/h4>\n<\/div>\n<ul style=\"margin: 0px 0px 0px 25px\">\n<li style=\"list-style-type: circle;margin: 5px\">General.<\/li>\n<li style=\"list-style-type: circle;margin: 5px\">Cuerpo.<\/li>\n<li style=\"list-style-type: circle;margin: 5px\">Arm.<\/li>\n<li style=\"list-style-type: circle;margin: 5px\">Electr\u00f3nicos.<\/li>\n<li style=\"list-style-type: circle;margin: 5px\">Accesorios.<\/li>\n<\/ul>\n<div>\n<div style=\"font-weight: bold\">General.<\/div>\n<div>\n<p>Modelo: Stiletto Extreme-5.<\/p>\n<\/div>\n<div style=\"font-weight: bold\">Cuerpo.<\/div>\n<div>\n<p>Tapa de maple acolchado. Contorno de la tapa: Plana. Construcci\u00f3n: Bolt-on. Cuerpo de caoba. Uni\u00f3n: Creme 1 capa. Puente: Diamond Bass.<\/p>\n<\/div>\n<div style=\"font-weight: bold\">Arm.<\/div>\n<div>\n<p>Diapas\u00f3n: Palo de rosa. Brazo: Maple. Incrustaciones: Pearloid y vector abalone. Escala: 35\u201d (889 mm). Forma del brazo: C delgado. Espesor en el primer traste: .787\u201d (20 mm) y en el traste 12: .866\u201d (22 mm). 24 trastes X-Jumbo. Radio del diapas\u00f3n: 16\u201d (406 mm). Cejuela: Tech XL Black Tusq. Ancho de la cejuela: 1.771\u201d (45 mm). Maquinaria: Schecter. Alma ajustable de 2 v\u00edas con tuerca Allen de 5\/32\u201d (4 mm).<\/p>\n<\/div>\n<div style=\"font-weight: bold\">Electr\u00f3nicos.<\/div>\n<div>\n<p>Pastilla del puente: Schecter Diamond Bass. Pastilla del brazo: Schecter Diamond Bass. Controles: Volumen master, blend y ecualizador activo de 2 bandas. Bater\u00eda: Compartimento para pila de 9V.<\/p>\n<\/div>\n<div style=\"font-weight: bold\">Accesorios.<\/div>\n<div>\n<p>Hardware: Cromo negro. Perillas de metal moleteado con tornillo de ajuste.<\/p>\n<\/div>\n<\/div>\n<\/div>","protected":false},"excerpt":{"rendered":"<p>Bajo el\u00e9ctrico de 5 cuerdas, modelo Stiletto Extreme, cuerpo de caoba, tapa plana de maple acolchado, construcci\u00f3n bolt-on, uni\u00f3n: creme 1 capa, puente Diamond Bass, brazo C delgado de maple, diapas\u00f3n de palo de rosa, incrustaciones de pearloid y vector abalone, escala 35\u201d (889 mm), 24 trastes X-Jumbo, maquinaria Scheter, alma ajustable de 2 v\u00edas, pastilla del puente: Schecter Diamond Bass, pastilla del brazo: Schecter Diamond Bass, volumen, blend y ecualizador activo de 2 v\u00edas, compartimento de bater\u00eda de 9V, hardware cromo  negro, perillas de metal moleteado con tornillo de ajuste.&hellip; <a class=\"kt-excerpt-readmore more-link\" href=\"https:\/\/www.mexicanguitarplayers.com\/en\/tienda\/cuerdas\/bajos\/electricos\/electricos-activos\/bajo-schecter-elect-stiletto-extreme-5\/\">Read more<\/a><\/p>","protected":false},"featured_media":38181,"comment_status":"open","ping_status":"closed","template":"","meta":{"kt_blocks_editor_width":""},"pwb-brand":[175],"product_brand":[],"product_cat":[317,224,318,326],"product_tag":[],"class_list":{"0":"post-38190","1":"product","2":"type-product","3":"status-publish","4":"has-post-thumbnail","6":"pwb-brand-schecter","7":"product_cat-bajos","8":"product_cat-cuerdas","9":"product_cat-electricos","10":"product_cat-electricos-activos","11":"product_shipping_class-5-10-kg","13":"first","14":"instock","15":"taxable","16":"shipping-taxable","17":"purchasable","18":"product-type-simple"},"yoast_head":"<!-- This site is optimized with the Yoast SEO plugin v27.5 - https:\/\/yoast.com\/product\/yoast-seo-wordpress\/ -->\n<title>BAJO SCHECTER ELECT. STILETTO EXTREME 5 - Mexican Guitar Players<\/title>\n<meta name=\"description\" content=\"Bajo el\u00e9ctrico de 5 cuerdas, modelo Stiletto Extreme, cuerpo de caoba, tapa plana de maple acolchado, construcci\u00f3n bolt-on, uni\u00f3n: creme 1 capa, puente Diamond Bass, brazo C delgado de maple, diapas\u00f3n de palo de rosa, incrustaciones de pearloid y vector abalone, escala 35\u201d (889 mm), 24 trastes X-Jumbo, maquinaria Scheter, alma ajustable de 2 v\u00edas, pastilla del puente: Schecter Diamond Bass, pastilla del brazo: Schecter Diamond Bass, volumen, blend y ecualizador activo de 2 v\u00edas, compartimento de bater\u00eda de 9V, hardware cromo negro, perillas de metal moleteado con tornillo de ajuste.\" \/>\n<meta name=\"robots\" content=\"index, follow, max-snippet:-1, max-image-preview:large, max-video-preview:-1\" \/>\n<link rel=\"canonical\" href=\"https:\/\/www.mexicanguitarplayers.com\/en\/tienda\/sin%20categor\u00eda\/bajo-schecter-elect-stiletto-extreme-5\/\" \/>\n<meta property=\"og:locale\" content=\"en_US\" \/>\n<meta property=\"og:type\" content=\"article\" \/>\n<meta property=\"og:title\" content=\"BAJO SCHECTER ELECT. STILETTO EXTREME 5 - Mexican Guitar Players\" \/>\n<meta property=\"og:description\" content=\"Bajo el\u00e9ctrico de 5 cuerdas, modelo Stiletto Extreme, cuerpo de caoba, tapa plana de maple acolchado, construcci\u00f3n bolt-on, uni\u00f3n: creme 1 capa, puente Diamond Bass, brazo C delgado de maple, diapas\u00f3n de palo de rosa, incrustaciones de pearloid y vector abalone, escala 35\u201d (889 mm), 24 trastes X-Jumbo, maquinaria Scheter, alma ajustable de 2 v\u00edas, pastilla del puente: Schecter Diamond Bass, pastilla del brazo: Schecter Diamond Bass, volumen, blend y ecualizador activo de 2 v\u00edas, compartimento de bater\u00eda de 9V, hardware cromo negro, perillas de metal moleteado con tornillo de ajuste.\" \/>\n<meta property=\"og:url\" content=\"https:\/\/www.mexicanguitarplayers.com\/en\/tienda\/sin categor\u00eda\/bajo-schecter-elect-stiletto-extreme-5\/\" \/>\n<meta property=\"og:site_name\" content=\"Mexican Guitar Players\" \/>\n<meta property=\"article:modified_time\" content=\"2026-05-01T13:19:00+00:00\" \/>\n<meta name=\"twitter:card\" content=\"summary_large_image\" \/>\n<meta name=\"twitter:label1\" content=\"Est. reading time\" \/>\n\t<meta name=\"twitter:data1\" content=\"1 minute\" \/>\n<script type=\"application\/ld+json\" class=\"yoast-schema-graph\">{\"@context\":\"https:\\\/\\\/schema.org\",\"@graph\":[{\"@type\":[\"WebPage\",\"ItemPage\"],\"@id\":\"https:\\\/\\\/www.mexicanguitarplayers.com\\\/tienda\\\/sin categor\u00eda\\\/bajo-schecter-elect-stiletto-extreme-5\\\/\",\"url\":\"https:\\\/\\\/www.mexicanguitarplayers.com\\\/tienda\\\/sin categor\u00eda\\\/bajo-schecter-elect-stiletto-extreme-5\\\/\",\"name\":\"BAJO SCHECTER ELECT. STILETTO EXTREME 5 - Mexican Guitar Players\",\"isPartOf\":{\"@id\":\"https:\\\/\\\/www.mexicanguitarplayers.com\\\/#website\"},\"primaryImageOfPage\":{\"@id\":\"https:\\\/\\\/www.mexicanguitarplayers.com\\\/tienda\\\/sin categor\u00eda\\\/bajo-schecter-elect-stiletto-extreme-5\\\/#primaryimage\"},\"image\":{\"@id\":\"https:\\\/\\\/www.mexicanguitarplayers.com\\\/tienda\\\/sin categor\u00eda\\\/bajo-schecter-elect-stiletto-extreme-5\\\/#primaryimage\"},\"thumbnailUrl\":\"https:\\\/\\\/www.mexicanguitarplayers.com\\\/wp-content\\\/uploads\\\/2025\\\/04\\\/ISSCCSTILEXT5.jpg\",\"datePublished\":\"2025-04-09T12:01:55+00:00\",\"dateModified\":\"2026-05-01T13:19:00+00:00\",\"description\":\"Bajo el\u00e9ctrico de 5 cuerdas, modelo Stiletto Extreme, cuerpo de caoba, tapa plana de maple acolchado, construcci\u00f3n bolt-on, uni\u00f3n: creme 1 capa, puente Diamond Bass, brazo C delgado de maple, diapas\u00f3n de palo de rosa, incrustaciones de pearloid y vector abalone, escala 35\u201d (889 mm), 24 trastes X-Jumbo, maquinaria Scheter, alma ajustable de 2 v\u00edas, pastilla del puente: Schecter Diamond Bass, pastilla del brazo: Schecter Diamond Bass, volumen, blend y ecualizador activo de 2 v\u00edas, compartimento de bater\u00eda de 9V, hardware cromo negro, perillas de metal moleteado con tornillo de ajuste.\",\"breadcrumb\":{\"@id\":\"https:\\\/\\\/www.mexicanguitarplayers.com\\\/tienda\\\/sin categor\u00eda\\\/bajo-schecter-elect-stiletto-extreme-5\\\/#breadcrumb\"},\"inLanguage\":\"en-US\",\"potentialAction\":[{\"@type\":\"ReadAction\",\"target\":[\"https:\\\/\\\/www.mexicanguitarplayers.com\\\/tienda\\\/sin categor\u00eda\\\/bajo-schecter-elect-stiletto-extreme-5\\\/\"]}]},{\"@type\":\"ImageObject\",\"inLanguage\":\"en-US\",\"@id\":\"https:\\\/\\\/www.mexicanguitarplayers.com\\\/tienda\\\/sin categor\u00eda\\\/bajo-schecter-elect-stiletto-extreme-5\\\/#primaryimage\",\"url\":\"https:\\\/\\\/www.mexicanguitarplayers.com\\\/wp-content\\\/uploads\\\/2025\\\/04\\\/ISSCCSTILEXT5.jpg\",\"contentUrl\":\"https:\\\/\\\/www.mexicanguitarplayers.com\\\/wp-content\\\/uploads\\\/2025\\\/04\\\/ISSCCSTILEXT5.jpg\",\"width\":800,\"height\":1600},{\"@type\":\"BreadcrumbList\",\"@id\":\"https:\\\/\\\/www.mexicanguitarplayers.com\\\/tienda\\\/sin categor\u00eda\\\/bajo-schecter-elect-stiletto-extreme-5\\\/#breadcrumb\",\"itemListElement\":[{\"@type\":\"ListItem\",\"position\":1,\"name\":\"Portada\",\"item\":\"https:\\\/\\\/www.mexicanguitarplayers.com\\\/\"},{\"@type\":\"ListItem\",\"position\":2,\"name\":\"Tienda\",\"item\":\"https:\\\/\\\/www.mexicanguitarplayers.com\\\/tienda\\\/\"},{\"@type\":\"ListItem\",\"position\":3,\"name\":\"BAJO SCHECTER ELECT. STILETTO EXTREME 5\"}]},{\"@type\":\"WebSite\",\"@id\":\"https:\\\/\\\/www.mexicanguitarplayers.com\\\/#website\",\"url\":\"https:\\\/\\\/www.mexicanguitarplayers.com\\\/\",\"name\":\"Mexican Guitar Players\",\"description\":\"Website\",\"publisher\":{\"@id\":\"https:\\\/\\\/www.mexicanguitarplayers.com\\\/#organization\"},\"potentialAction\":[{\"@type\":\"SearchAction\",\"target\":{\"@type\":\"EntryPoint\",\"urlTemplate\":\"https:\\\/\\\/www.mexicanguitarplayers.com\\\/?s={search_term_string}\"},\"query-input\":{\"@type\":\"PropertyValueSpecification\",\"valueRequired\":true,\"valueName\":\"search_term_string\"}}],\"inLanguage\":\"en-US\"},{\"@type\":\"Organization\",\"@id\":\"https:\\\/\\\/www.mexicanguitarplayers.com\\\/#organization\",\"name\":\"Mexican Guitar Players\",\"url\":\"https:\\\/\\\/www.mexicanguitarplayers.com\\\/\",\"logo\":{\"@type\":\"ImageObject\",\"inLanguage\":\"en-US\",\"@id\":\"https:\\\/\\\/www.mexicanguitarplayers.com\\\/#\\\/schema\\\/logo\\\/image\\\/\",\"url\":\"\",\"contentUrl\":\"\",\"caption\":\"Mexican Guitar Players\"},\"image\":{\"@id\":\"https:\\\/\\\/www.mexicanguitarplayers.com\\\/#\\\/schema\\\/logo\\\/image\\\/\"}}]}<\/script>\n<!-- \/ Yoast SEO plugin. -->","yoast_head_json":{"title":"BAJO SCHECTER ELECT. STILETTO EXTREME 5 - Mexican Guitar Players","description":"Bajo el\u00e9ctrico de 5 cuerdas, modelo Stiletto Extreme, cuerpo de caoba, tapa plana de maple acolchado, construcci\u00f3n bolt-on, uni\u00f3n: creme 1 capa, puente Diamond Bass, brazo C delgado de maple, diapas\u00f3n de palo de rosa, incrustaciones de pearloid y vector abalone, escala 35\u201d (889 mm), 24 trastes X-Jumbo, maquinaria Scheter, alma ajustable de 2 v\u00edas, pastilla del puente: Schecter Diamond Bass, pastilla del brazo: Schecter Diamond Bass, volumen, blend y ecualizador activo de 2 v\u00edas, compartimento de bater\u00eda de 9V, hardware cromo negro, perillas de metal moleteado con tornillo de ajuste.","robots":{"index":"index","follow":"follow","max-snippet":"max-snippet:-1","max-image-preview":"max-image-preview:large","max-video-preview":"max-video-preview:-1"},"canonical":"https:\/\/www.mexicanguitarplayers.com\/en\/tienda\/sin categor\u00eda\/bajo-schecter-elect-stiletto-extreme-5\/","og_locale":"en_US","og_type":"article","og_title":"BAJO SCHECTER ELECT. STILETTO EXTREME 5 - Mexican Guitar Players","og_description":"Bajo el\u00e9ctrico de 5 cuerdas, modelo Stiletto Extreme, cuerpo de caoba, tapa plana de maple acolchado, construcci\u00f3n bolt-on, uni\u00f3n: creme 1 capa, puente Diamond Bass, brazo C delgado de maple, diapas\u00f3n de palo de rosa, incrustaciones de pearloid y vector abalone, escala 35\u201d (889 mm), 24 trastes X-Jumbo, maquinaria Scheter, alma ajustable de 2 v\u00edas, pastilla del puente: Schecter Diamond Bass, pastilla del brazo: Schecter Diamond Bass, volumen, blend y ecualizador activo de 2 v\u00edas, compartimento de bater\u00eda de 9V, hardware cromo negro, perillas de metal moleteado con tornillo de ajuste.","og_url":"https:\/\/www.mexicanguitarplayers.com\/en\/tienda\/sin categor\u00eda\/bajo-schecter-elect-stiletto-extreme-5\/","og_site_name":"Mexican Guitar Players","article_modified_time":"2026-05-01T13:19:00+00:00","twitter_card":"summary_large_image","twitter_misc":{"Est. reading time":"1 minute"},"schema":{"@context":"https:\/\/schema.org","@graph":[{"@type":["WebPage","ItemPage"],"@id":"https:\/\/www.mexicanguitarplayers.com\/tienda\/sin categor\u00eda\/bajo-schecter-elect-stiletto-extreme-5\/","url":"https:\/\/www.mexicanguitarplayers.com\/tienda\/sin categor\u00eda\/bajo-schecter-elect-stiletto-extreme-5\/","name":"BAJO SCHECTER ELECT. STILETTO EXTREME 5 - Mexican Guitar Players","isPartOf":{"@id":"https:\/\/www.mexicanguitarplayers.com\/#website"},"primaryImageOfPage":{"@id":"https:\/\/www.mexicanguitarplayers.com\/tienda\/sin categor\u00eda\/bajo-schecter-elect-stiletto-extreme-5\/#primaryimage"},"image":{"@id":"https:\/\/www.mexicanguitarplayers.com\/tienda\/sin categor\u00eda\/bajo-schecter-elect-stiletto-extreme-5\/#primaryimage"},"thumbnailUrl":"https:\/\/www.mexicanguitarplayers.com\/wp-content\/uploads\/2025\/04\/ISSCCSTILEXT5.jpg","datePublished":"2025-04-09T12:01:55+00:00","dateModified":"2026-05-01T13:19:00+00:00","description":"Bajo el\u00e9ctrico de 5 cuerdas, modelo Stiletto Extreme, cuerpo de caoba, tapa plana de maple acolchado, construcci\u00f3n bolt-on, uni\u00f3n: creme 1 capa, puente Diamond Bass, brazo C delgado de maple, diapas\u00f3n de palo de rosa, incrustaciones de pearloid y vector abalone, escala 35\u201d (889 mm), 24 trastes X-Jumbo, maquinaria Scheter, alma ajustable de 2 v\u00edas, pastilla del puente: Schecter Diamond Bass, pastilla del brazo: Schecter Diamond Bass, volumen, blend y ecualizador activo de 2 v\u00edas, compartimento de bater\u00eda de 9V, hardware cromo negro, perillas de metal moleteado con tornillo de ajuste.","breadcrumb":{"@id":"https:\/\/www.mexicanguitarplayers.com\/tienda\/sin categor\u00eda\/bajo-schecter-elect-stiletto-extreme-5\/#breadcrumb"},"inLanguage":"en-US","potentialAction":[{"@type":"ReadAction","target":["https:\/\/www.mexicanguitarplayers.com\/tienda\/sin categor\u00eda\/bajo-schecter-elect-stiletto-extreme-5\/"]}]},{"@type":"ImageObject","inLanguage":"en-US","@id":"https:\/\/www.mexicanguitarplayers.com\/tienda\/sin categor\u00eda\/bajo-schecter-elect-stiletto-extreme-5\/#primaryimage","url":"https:\/\/www.mexicanguitarplayers.com\/wp-content\/uploads\/2025\/04\/ISSCCSTILEXT5.jpg","contentUrl":"https:\/\/www.mexicanguitarplayers.com\/wp-content\/uploads\/2025\/04\/ISSCCSTILEXT5.jpg","width":800,"height":1600},{"@type":"BreadcrumbList","@id":"https:\/\/www.mexicanguitarplayers.com\/tienda\/sin categor\u00eda\/bajo-schecter-elect-stiletto-extreme-5\/#breadcrumb","itemListElement":[{"@type":"ListItem","position":1,"name":"Portada","item":"https:\/\/www.mexicanguitarplayers.com\/"},{"@type":"ListItem","position":2,"name":"Tienda","item":"https:\/\/www.mexicanguitarplayers.com\/tienda\/"},{"@type":"ListItem","position":3,"name":"BAJO SCHECTER ELECT. STILETTO EXTREME 5"}]},{"@type":"WebSite","@id":"https:\/\/www.mexicanguitarplayers.com\/#website","url":"https:\/\/www.mexicanguitarplayers.com\/","name":"Mexican Guitar Players","description":"Website","publisher":{"@id":"https:\/\/www.mexicanguitarplayers.com\/#organization"},"potentialAction":[{"@type":"SearchAction","target":{"@type":"EntryPoint","urlTemplate":"https:\/\/www.mexicanguitarplayers.com\/?s={search_term_string}"},"query-input":{"@type":"PropertyValueSpecification","valueRequired":true,"valueName":"search_term_string"}}],"inLanguage":"en-US"},{"@type":"Organization","@id":"https:\/\/www.mexicanguitarplayers.com\/#organization","name":"Mexican Guitar Players","url":"https:\/\/www.mexicanguitarplayers.com\/","logo":{"@type":"ImageObject","inLanguage":"en-US","@id":"https:\/\/www.mexicanguitarplayers.com\/#\/schema\/logo\/image\/","url":"","contentUrl":"","caption":"Mexican Guitar Players"},"image":{"@id":"https:\/\/www.mexicanguitarplayers.com\/#\/schema\/logo\/image\/"}}]}},"brands":[{"id":175,"name":"SCHECTER","slug":"schecter"}],"_links":{"self":[{"href":"https:\/\/www.mexicanguitarplayers.com\/en\/wp-json\/wp\/v2\/product\/38190","targetHints":{"allow":["GET"]}}],"collection":[{"href":"https:\/\/www.mexicanguitarplayers.com\/en\/wp-json\/wp\/v2\/product"}],"about":[{"href":"https:\/\/www.mexicanguitarplayers.com\/en\/wp-json\/wp\/v2\/types\/product"}],"replies":[{"embeddable":true,"href":"https:\/\/www.mexicanguitarplayers.com\/en\/wp-json\/wp\/v2\/comments?post=38190"}],"wp:featuredmedia":[{"embeddable":true,"href":"https:\/\/www.mexicanguitarplayers.com\/en\/wp-json\/wp\/v2\/media\/38181"}],"wp:attachment":[{"href":"https:\/\/www.mexicanguitarplayers.com\/en\/wp-json\/wp\/v2\/media?parent=38190"}],"wp:term":[{"taxonomy":"pwb-brand","embeddable":true,"href":"https:\/\/www.mexicanguitarplayers.com\/en\/wp-json\/wp\/v2\/pwb-brand?post=38190"},{"taxonomy":"product_brand","embeddable":true,"href":"https:\/\/www.mexicanguitarplayers.com\/en\/wp-json\/wp\/v2\/product_brand?post=38190"},{"taxonomy":"product_cat","embeddable":true,"href":"https:\/\/www.mexicanguitarplayers.com\/en\/wp-json\/wp\/v2\/product_cat?post=38190"},{"taxonomy":"product_tag","embeddable":true,"href":"https:\/\/www.mexicanguitarplayers.com\/en\/wp-json\/wp\/v2\/product_tag?post=38190"}],"curies":[{"name":"wp","href":"https:\/\/api.w.org\/{rel}","templated":true}]}}