{"id":38221,"date":"2025-04-09T06:02:37","date_gmt":"2025-04-09T12:02:37","guid":{"rendered":"https:\/\/www.mexicanguitarplayers.com\/tienda\/sin categor\u00eda\/violin-gewa-mod-ps401611-4-4\/"},"modified":"2026-04-10T04:23:17","modified_gmt":"2026-04-10T10:23:17","slug":"violin-gewa-mod-ps401611-4-4","status":"publish","type":"product","link":"https:\/\/www.mexicanguitarplayers.com\/en\/tienda\/cuerdas\/orquestales\/violines\/violin-gewa-mod-ps401611-4-4\/","title":{"rendered":"VIOLIN GEWA   MOD. PS401611 4\/4"},"content":{"rendered":"<div style=\"text-align: justify\">\n<div>\n<h3>El sonido orquestal a tu alcance.<\/h3>\n<\/div>\n<div>Viol\u00edn marca Gewa, con set de hardwood, frente de abeto s\u00f3lido y tapa de arce s\u00f3lido, ribete insertado.  Terminado oscuro. Cordal con micro afinador, mentonera, arco Brasil con nuez en \u00e9bano.  Incluye estuche con compartimento para accesorios y est\u00e1 puesto a punto listo para tocar.<\/div>\n<div>\n<h4>Characteristics<\/h4>\n<\/div>\n<div>\n<ul style=\"margin: 0px 0px 0px 25px\">\n<li style=\"list-style-type: circle;margin: 5px\">Set de Hardwood. <\/li>\n<li style=\"list-style-type: circle;margin: 5px\">Tapa de abeto s\u00f3lido, fondo de arce s\u00f3lido. <\/li>\n<li style=\"list-style-type: circle;margin: 5px\">Ribete insertado. <\/li>\n<li style=\"list-style-type: circle;margin: 5px\">Acabado oscuro. <\/li>\n<li style=\"list-style-type: circle;margin: 5px\">Barbada. <\/li>\n<li style=\"list-style-type: circle;margin: 5px\">Cordal con microafinadores. <\/li>\n<li style=\"list-style-type: circle;margin: 5px\">Arco Brasil con nuez en \u00e9bano. <\/li>\n<li style=\"list-style-type: circle;margin: 5px\">Resina. <\/li>\n<li style=\"list-style-type: circle;margin: 5px\">Estuche r\u00edgido ligero con compartimento para accesorios. <\/li>\n<li style=\"list-style-type: circle;margin: 5px\">Bandolera. <\/li>\n<li style=\"list-style-type: circle;margin: 5px\">Todos los componentes incluidos. <\/li>\n<li style=\"list-style-type: circle;margin: 5px\">Listo para tocar. <\/li>\n<li style=\"list-style-type: circle;margin: 5px\">Configuraci\u00f3n alemana.<\/li>\n<li style=\"list-style-type: circle;margin: 5px\">4\/4.<\/li>\n<\/ul>\n<\/div>\n<\/div>","protected":false},"excerpt":{"rendered":"<p>Viol\u00edn Gewa de 4\/4. Set de Hardwood. Tapa de abeto s\u00f3lido, fondo de arce s\u00f3lido.Ribete insertado. Acabado oscuro. Barbada. Cordal con microafinadores. Arco Brasil con nuez en \u00e9bano. Resina. Estuche r\u00edgido ligero con compartimento para accesorios. Bandolera. Todos los componentes incluidos. Listo para tocar. Configuraci\u00f3n alemana.&hellip; <a class=\"kt-excerpt-readmore more-link\" href=\"https:\/\/www.mexicanguitarplayers.com\/en\/tienda\/cuerdas\/orquestales\/violines\/violin-gewa-mod-ps401611-4-4\/\">Read more<\/a><\/p>","protected":false},"featured_media":38220,"comment_status":"open","ping_status":"closed","template":"","meta":{"kt_blocks_editor_width":""},"pwb-brand":[331],"product_brand":[],"product_cat":[224,323,324],"product_tag":[],"class_list":{"0":"post-38221","1":"product","2":"type-product","3":"status-publish","4":"has-post-thumbnail","6":"pwb-brand-gewa","7":"product_cat-cuerdas","8":"product_cat-orquestales","9":"product_cat-violines","10":"product_shipping_class-0-5-kg","12":"first","13":"outofstock","14":"taxable","15":"shipping-taxable","16":"purchasable","17":"product-type-simple"},"yoast_head":"<!-- This site is optimized with the Yoast SEO plugin v27.6 - https:\/\/yoast.com\/product\/yoast-seo-wordpress\/ -->\n<title>VIOLIN GEWA  MOD. PS401611 4\/4 - Mexican Guitar Players<\/title>\n<meta name=\"description\" content=\"Viol\u00edn Gewa de 4\/4. Set de Hardwood. Tapa de abeto s\u00f3lido, fondo de arce s\u00f3lido.Ribete insertado. Acabado oscuro. Barbada. Cordal con microafinadores. Arco Brasil con nuez en \u00e9bano. Resina. Estuche r\u00edgido ligero con compartimento para accesorios. Bandolera. Todos los componentes incluidos. Listo para tocar. Configuraci\u00f3n alemana.\" \/>\n<meta name=\"robots\" content=\"index, follow, max-snippet:-1, max-image-preview:large, max-video-preview:-1\" \/>\n<link rel=\"canonical\" href=\"https:\/\/www.mexicanguitarplayers.com\/en\/tienda\/sin%20categor\u00eda\/violin-gewa-mod-ps401611-4-4\/\" \/>\n<meta property=\"og:locale\" content=\"en_US\" \/>\n<meta property=\"og:type\" content=\"article\" \/>\n<meta property=\"og:title\" content=\"VIOLIN GEWA  MOD. PS401611 4\/4 - Mexican Guitar Players\" \/>\n<meta property=\"og:description\" content=\"Viol\u00edn Gewa de 4\/4. Set de Hardwood. Tapa de abeto s\u00f3lido, fondo de arce s\u00f3lido.Ribete insertado. Acabado oscuro. Barbada. Cordal con microafinadores. Arco Brasil con nuez en \u00e9bano. Resina. Estuche r\u00edgido ligero con compartimento para accesorios. Bandolera. Todos los componentes incluidos. Listo para tocar. Configuraci\u00f3n alemana.\" \/>\n<meta property=\"og:url\" content=\"https:\/\/www.mexicanguitarplayers.com\/en\/tienda\/sin categor\u00eda\/violin-gewa-mod-ps401611-4-4\/\" \/>\n<meta property=\"og:site_name\" content=\"Mexican Guitar Players\" \/>\n<meta property=\"article:modified_time\" content=\"2026-04-10T10:23:17+00:00\" \/>\n<meta name=\"twitter:card\" content=\"summary_large_image\" \/>\n<meta name=\"twitter:label1\" content=\"Est. reading time\" \/>\n\t<meta name=\"twitter:data1\" content=\"1 minute\" \/>\n<script type=\"application\/ld+json\" class=\"yoast-schema-graph\">{\"@context\":\"https:\\\/\\\/schema.org\",\"@graph\":[{\"@type\":[\"WebPage\",\"ItemPage\"],\"@id\":\"https:\\\/\\\/www.mexicanguitarplayers.com\\\/tienda\\\/sin categor\u00eda\\\/violin-gewa-mod-ps401611-4-4\\\/\",\"url\":\"https:\\\/\\\/www.mexicanguitarplayers.com\\\/tienda\\\/sin categor\u00eda\\\/violin-gewa-mod-ps401611-4-4\\\/\",\"name\":\"VIOLIN GEWA MOD. PS401611 4\\\/4 - Mexican Guitar Players\",\"isPartOf\":{\"@id\":\"https:\\\/\\\/www.mexicanguitarplayers.com\\\/#website\"},\"primaryImageOfPage\":{\"@id\":\"https:\\\/\\\/www.mexicanguitarplayers.com\\\/tienda\\\/sin categor\u00eda\\\/violin-gewa-mod-ps401611-4-4\\\/#primaryimage\"},\"image\":{\"@id\":\"https:\\\/\\\/www.mexicanguitarplayers.com\\\/tienda\\\/sin categor\u00eda\\\/violin-gewa-mod-ps401611-4-4\\\/#primaryimage\"},\"thumbnailUrl\":\"https:\\\/\\\/www.mexicanguitarplayers.com\\\/wp-content\\\/uploads\\\/2025\\\/04\\\/ISGEWPS401611.jpg\",\"datePublished\":\"2025-04-09T12:02:37+00:00\",\"dateModified\":\"2026-04-10T10:23:17+00:00\",\"description\":\"Viol\u00edn Gewa de 4\\\/4. Set de Hardwood. Tapa de abeto s\u00f3lido, fondo de arce s\u00f3lido.Ribete insertado. Acabado oscuro. Barbada. Cordal con microafinadores. Arco Brasil con nuez en \u00e9bano. Resina. Estuche r\u00edgido ligero con compartimento para accesorios. Bandolera. Todos los componentes incluidos. Listo para tocar. Configuraci\u00f3n alemana.\",\"breadcrumb\":{\"@id\":\"https:\\\/\\\/www.mexicanguitarplayers.com\\\/tienda\\\/sin categor\u00eda\\\/violin-gewa-mod-ps401611-4-4\\\/#breadcrumb\"},\"inLanguage\":\"en-US\",\"potentialAction\":[{\"@type\":\"ReadAction\",\"target\":[\"https:\\\/\\\/www.mexicanguitarplayers.com\\\/tienda\\\/sin categor\u00eda\\\/violin-gewa-mod-ps401611-4-4\\\/\"]}]},{\"@type\":\"ImageObject\",\"inLanguage\":\"en-US\",\"@id\":\"https:\\\/\\\/www.mexicanguitarplayers.com\\\/tienda\\\/sin categor\u00eda\\\/violin-gewa-mod-ps401611-4-4\\\/#primaryimage\",\"url\":\"https:\\\/\\\/www.mexicanguitarplayers.com\\\/wp-content\\\/uploads\\\/2025\\\/04\\\/ISGEWPS401611.jpg\",\"contentUrl\":\"https:\\\/\\\/www.mexicanguitarplayers.com\\\/wp-content\\\/uploads\\\/2025\\\/04\\\/ISGEWPS401611.jpg\",\"width\":1200,\"height\":1200},{\"@type\":\"BreadcrumbList\",\"@id\":\"https:\\\/\\\/www.mexicanguitarplayers.com\\\/tienda\\\/sin categor\u00eda\\\/violin-gewa-mod-ps401611-4-4\\\/#breadcrumb\",\"itemListElement\":[{\"@type\":\"ListItem\",\"position\":1,\"name\":\"Portada\",\"item\":\"https:\\\/\\\/www.mexicanguitarplayers.com\\\/\"},{\"@type\":\"ListItem\",\"position\":2,\"name\":\"Tienda\",\"item\":\"https:\\\/\\\/www.mexicanguitarplayers.com\\\/tienda\\\/\"},{\"@type\":\"ListItem\",\"position\":3,\"name\":\"VIOLIN GEWA MOD. PS401611 4\\\/4\"}]},{\"@type\":\"WebSite\",\"@id\":\"https:\\\/\\\/www.mexicanguitarplayers.com\\\/#website\",\"url\":\"https:\\\/\\\/www.mexicanguitarplayers.com\\\/\",\"name\":\"Mexican Guitar Players\",\"description\":\"Website\",\"publisher\":{\"@id\":\"https:\\\/\\\/www.mexicanguitarplayers.com\\\/#organization\"},\"potentialAction\":[{\"@type\":\"SearchAction\",\"target\":{\"@type\":\"EntryPoint\",\"urlTemplate\":\"https:\\\/\\\/www.mexicanguitarplayers.com\\\/?s={search_term_string}\"},\"query-input\":{\"@type\":\"PropertyValueSpecification\",\"valueRequired\":true,\"valueName\":\"search_term_string\"}}],\"inLanguage\":\"en-US\"},{\"@type\":\"Organization\",\"@id\":\"https:\\\/\\\/www.mexicanguitarplayers.com\\\/#organization\",\"name\":\"Mexican Guitar Players\",\"url\":\"https:\\\/\\\/www.mexicanguitarplayers.com\\\/\",\"logo\":{\"@type\":\"ImageObject\",\"inLanguage\":\"en-US\",\"@id\":\"https:\\\/\\\/www.mexicanguitarplayers.com\\\/#\\\/schema\\\/logo\\\/image\\\/\",\"url\":\"\",\"contentUrl\":\"\",\"caption\":\"Mexican Guitar Players\"},\"image\":{\"@id\":\"https:\\\/\\\/www.mexicanguitarplayers.com\\\/#\\\/schema\\\/logo\\\/image\\\/\"}}]}<\/script>\n<!-- \/ Yoast SEO plugin. -->","yoast_head_json":{"title":"VIOLIN GEWA  MOD. PS401611 4\/4 - Mexican Guitar Players","description":"Viol\u00edn Gewa de 4\/4. Set de Hardwood. Tapa de abeto s\u00f3lido, fondo de arce s\u00f3lido.Ribete insertado. Acabado oscuro. Barbada. Cordal con microafinadores. Arco Brasil con nuez en \u00e9bano. Resina. Estuche r\u00edgido ligero con compartimento para accesorios. Bandolera. Todos los componentes incluidos. Listo para tocar. Configuraci\u00f3n alemana.","robots":{"index":"index","follow":"follow","max-snippet":"max-snippet:-1","max-image-preview":"max-image-preview:large","max-video-preview":"max-video-preview:-1"},"canonical":"https:\/\/www.mexicanguitarplayers.com\/en\/tienda\/sin categor\u00eda\/violin-gewa-mod-ps401611-4-4\/","og_locale":"en_US","og_type":"article","og_title":"VIOLIN GEWA  MOD. PS401611 4\/4 - Mexican Guitar Players","og_description":"Viol\u00edn Gewa de 4\/4. Set de Hardwood. Tapa de abeto s\u00f3lido, fondo de arce s\u00f3lido.Ribete insertado. Acabado oscuro. Barbada. Cordal con microafinadores. Arco Brasil con nuez en \u00e9bano. Resina. Estuche r\u00edgido ligero con compartimento para accesorios. Bandolera. Todos los componentes incluidos. Listo para tocar. Configuraci\u00f3n alemana.","og_url":"https:\/\/www.mexicanguitarplayers.com\/en\/tienda\/sin categor\u00eda\/violin-gewa-mod-ps401611-4-4\/","og_site_name":"Mexican Guitar Players","article_modified_time":"2026-04-10T10:23:17+00:00","twitter_card":"summary_large_image","twitter_misc":{"Est. reading time":"1 minute"},"schema":{"@context":"https:\/\/schema.org","@graph":[{"@type":["WebPage","ItemPage"],"@id":"https:\/\/www.mexicanguitarplayers.com\/tienda\/sin categor\u00eda\/violin-gewa-mod-ps401611-4-4\/","url":"https:\/\/www.mexicanguitarplayers.com\/tienda\/sin categor\u00eda\/violin-gewa-mod-ps401611-4-4\/","name":"VIOLIN GEWA MOD. PS401611 4\/4 - Mexican Guitar Players","isPartOf":{"@id":"https:\/\/www.mexicanguitarplayers.com\/#website"},"primaryImageOfPage":{"@id":"https:\/\/www.mexicanguitarplayers.com\/tienda\/sin categor\u00eda\/violin-gewa-mod-ps401611-4-4\/#primaryimage"},"image":{"@id":"https:\/\/www.mexicanguitarplayers.com\/tienda\/sin categor\u00eda\/violin-gewa-mod-ps401611-4-4\/#primaryimage"},"thumbnailUrl":"https:\/\/www.mexicanguitarplayers.com\/wp-content\/uploads\/2025\/04\/ISGEWPS401611.jpg","datePublished":"2025-04-09T12:02:37+00:00","dateModified":"2026-04-10T10:23:17+00:00","description":"Viol\u00edn Gewa de 4\/4. Set de Hardwood. Tapa de abeto s\u00f3lido, fondo de arce s\u00f3lido.Ribete insertado. Acabado oscuro. Barbada. Cordal con microafinadores. Arco Brasil con nuez en \u00e9bano. Resina. Estuche r\u00edgido ligero con compartimento para accesorios. Bandolera. Todos los componentes incluidos. Listo para tocar. Configuraci\u00f3n alemana.","breadcrumb":{"@id":"https:\/\/www.mexicanguitarplayers.com\/tienda\/sin categor\u00eda\/violin-gewa-mod-ps401611-4-4\/#breadcrumb"},"inLanguage":"en-US","potentialAction":[{"@type":"ReadAction","target":["https:\/\/www.mexicanguitarplayers.com\/tienda\/sin categor\u00eda\/violin-gewa-mod-ps401611-4-4\/"]}]},{"@type":"ImageObject","inLanguage":"en-US","@id":"https:\/\/www.mexicanguitarplayers.com\/tienda\/sin categor\u00eda\/violin-gewa-mod-ps401611-4-4\/#primaryimage","url":"https:\/\/www.mexicanguitarplayers.com\/wp-content\/uploads\/2025\/04\/ISGEWPS401611.jpg","contentUrl":"https:\/\/www.mexicanguitarplayers.com\/wp-content\/uploads\/2025\/04\/ISGEWPS401611.jpg","width":1200,"height":1200},{"@type":"BreadcrumbList","@id":"https:\/\/www.mexicanguitarplayers.com\/tienda\/sin categor\u00eda\/violin-gewa-mod-ps401611-4-4\/#breadcrumb","itemListElement":[{"@type":"ListItem","position":1,"name":"Portada","item":"https:\/\/www.mexicanguitarplayers.com\/"},{"@type":"ListItem","position":2,"name":"Tienda","item":"https:\/\/www.mexicanguitarplayers.com\/tienda\/"},{"@type":"ListItem","position":3,"name":"VIOLIN GEWA MOD. PS401611 4\/4"}]},{"@type":"WebSite","@id":"https:\/\/www.mexicanguitarplayers.com\/#website","url":"https:\/\/www.mexicanguitarplayers.com\/","name":"Mexican Guitar Players","description":"Website","publisher":{"@id":"https:\/\/www.mexicanguitarplayers.com\/#organization"},"potentialAction":[{"@type":"SearchAction","target":{"@type":"EntryPoint","urlTemplate":"https:\/\/www.mexicanguitarplayers.com\/?s={search_term_string}"},"query-input":{"@type":"PropertyValueSpecification","valueRequired":true,"valueName":"search_term_string"}}],"inLanguage":"en-US"},{"@type":"Organization","@id":"https:\/\/www.mexicanguitarplayers.com\/#organization","name":"Mexican Guitar Players","url":"https:\/\/www.mexicanguitarplayers.com\/","logo":{"@type":"ImageObject","inLanguage":"en-US","@id":"https:\/\/www.mexicanguitarplayers.com\/#\/schema\/logo\/image\/","url":"","contentUrl":"","caption":"Mexican Guitar Players"},"image":{"@id":"https:\/\/www.mexicanguitarplayers.com\/#\/schema\/logo\/image\/"}}]}},"brands":[{"id":331,"name":"GEWA","slug":"gewa"}],"_links":{"self":[{"href":"https:\/\/www.mexicanguitarplayers.com\/en\/wp-json\/wp\/v2\/product\/38221","targetHints":{"allow":["GET"]}}],"collection":[{"href":"https:\/\/www.mexicanguitarplayers.com\/en\/wp-json\/wp\/v2\/product"}],"about":[{"href":"https:\/\/www.mexicanguitarplayers.com\/en\/wp-json\/wp\/v2\/types\/product"}],"replies":[{"embeddable":true,"href":"https:\/\/www.mexicanguitarplayers.com\/en\/wp-json\/wp\/v2\/comments?post=38221"}],"wp:featuredmedia":[{"embeddable":true,"href":"https:\/\/www.mexicanguitarplayers.com\/en\/wp-json\/wp\/v2\/media\/38220"}],"wp:attachment":[{"href":"https:\/\/www.mexicanguitarplayers.com\/en\/wp-json\/wp\/v2\/media?parent=38221"}],"wp:term":[{"taxonomy":"pwb-brand","embeddable":true,"href":"https:\/\/www.mexicanguitarplayers.com\/en\/wp-json\/wp\/v2\/pwb-brand?post=38221"},{"taxonomy":"product_brand","embeddable":true,"href":"https:\/\/www.mexicanguitarplayers.com\/en\/wp-json\/wp\/v2\/product_brand?post=38221"},{"taxonomy":"product_cat","embeddable":true,"href":"https:\/\/www.mexicanguitarplayers.com\/en\/wp-json\/wp\/v2\/product_cat?post=38221"},{"taxonomy":"product_tag","embeddable":true,"href":"https:\/\/www.mexicanguitarplayers.com\/en\/wp-json\/wp\/v2\/product_tag?post=38221"}],"curies":[{"name":"wp","href":"https:\/\/api.w.org\/{rel}","templated":true}]}}