{"id":38304,"date":"2025-04-09T06:04:31","date_gmt":"2025-04-09T12:04:31","guid":{"rendered":"https:\/\/www.mexicanguitarplayers.com\/tienda\/sin categor\u00eda\/bafle-electro-voice-mod-elx200-12sp\/"},"modified":"2026-02-04T04:15:31","modified_gmt":"2026-02-04T10:15:31","slug":"bafle-electro-voice-mod-elx200-12sp","status":"publish","type":"product","link":"https:\/\/www.mexicanguitarplayers.com\/en\/tienda\/audio\/bafles-y-bocinas\/bafles\/bafles-activos\/bafle-electro-voice-mod-elx200-12sp\/","title":{"rendered":"BAFLE ELECTRO VOICE MOD. ELX200-12SP"},"content":{"rendered":"<div style=\"text-align: justify\">\n<div>\n<h3>El poder de los graves.<\/h3>\n<\/div>\n<div>El bafle ELX200-12SP cuenta con un amplificador Clase D de alta eficiencia (hasta 1200 watts) con QuickSmartDSP integrado y proporciona hasta 129 dB de presi\u00f3n sonora utilizando transductores dise\u00f1ados y concebidos por EV (Woofer EVS-12L de 12\u201d pulgadas). Los modelos de subwoofer amplificado permiten una configuraci\u00f3n sencilla por medio de tres pre-ajustes (Music, Live, Club), sistema de crossovers sub\/top, ecualizados de tres bandas y cinco pre-ajustes programables por el usuario (ajustes Store y Recall), monitoreo visual del estado del limitados, control de nivel de entrada y medidores y control maestro de volumen para asegurar una \u00f3ptima estructura de ganancia. Los modelos amplificados ELX200 son ideales para aplicaciones port\u00e1tiles y de instalaci\u00f3n, con un peso ligero y un gabinete compacto de madera de 15 mm, cuenta con polo de montaje M20 integrado y un dise\u00f1o de dos manijas para una f\u00e1cil elevaci\u00f3n. El nuevo control inal\u00e1mbrico y aplicaci\u00f3n de monitoreo QuickSmart Mobile, utiliza tecnolog\u00eda BTLE (Bluetooth Low Energy) que permite un control intuitivo del sistema, configuraci\u00f3n y monitoreo y hasta seis bafles amplificados ELX200 simult\u00e1neamente. Recibe alertas cuando tu sistema est\u00e9 sobrecargado y controla tu sistema desde el frente de tus altavoces y no por detr\u00e1s. <\/div>\n<div>\n<h4>Quick look<\/h4>\n<\/div>\n<ul style=\"margin: 0px 0px 0px 25px\">\n<li style=\"list-style-type: circle;margin: 5px\">Tama\u00f1o del woofer.<\/li>\n<li style=\"list-style-type: circle;margin: 5px\">Tipo de conector.<\/li>\n<li style=\"list-style-type: circle;margin: 5px\">Material del gabinete.<\/li>\n<li style=\"list-style-type: circle;margin: 5px\">Familia.<\/li>\n<li style=\"list-style-type: circle;margin: 5px\">Rango de frecuencia (-10 dB).<\/li>\n<li style=\"list-style-type: circle;margin: 5px\">Respuesta de frecuencia (-3 dB).<\/li>\n<li style=\"list-style-type: circle;margin: 5px\">Rejilla.<\/li>\n<li style=\"list-style-type: circle;margin: 5px\">Transductor LF.<\/li>\n<li style=\"list-style-type: circle;margin: 5px\">Frecuencia de pasa-bajos.<\/li>\n<li style=\"list-style-type: circle;margin: 5px\">SPL m\u00e1ximo (calc).<\/li>\n<li style=\"list-style-type: circle;margin: 5px\">Energy consumption.<\/li>\n<li style=\"list-style-type: circle;margin: 5px\">Potencia nominal.<\/li>\n<li style=\"list-style-type: circle;margin: 5px\">Activo o pasivo.<\/li>\n<li style=\"list-style-type: circle;margin: 5px\">Tipo de altavoz.<\/li>\n<li style=\"list-style-type: circle;margin: 5px\">Dimensions.<\/li>\n<li style=\"list-style-type: circle;margin: 5px\">Weight.<\/li>\n<\/ul>\n<div>\n<div style=\"font-weight: bold\">Tama\u00f1o del woofer.<\/div>\n<div>\n<p>12\u201d pulgadas.<\/p>\n<\/div>\n<div style=\"font-weight: bold\">Tipo de conector.<\/div>\n<div>\n<p>(2) XLR\/TRS combo jacks y (2) XLR link outputs.<\/p>\n<\/div>\n<div style=\"font-weight: bold\">Material del gabinete.<\/div>\n<div>\n<p>Madera contrachapada de 15 mm con EVCoat.<\/p>\n<\/div>\n<div style=\"font-weight: bold\">Familia.<\/div>\n<div>\n<p>ELX200.<\/p>\n<\/div>\n<div style=\"font-weight: bold\">Rango de frecuencia (-10 dB).<\/div>\n<div>\n<p>41 Hz &#8211; 165 Hz.<\/p>\n<\/div>\n<div style=\"font-weight: bold\">Respuesta de frecuencia (-3 dB).<\/div>\n<div>\n<p>49 Hz &#8211; 135 Hz.<\/p>\n<\/div>\n<div style=\"font-weight: bold\">Rejilla.<\/div>\n<div>\n<p>18 AWG acero con pintura en polvo.<\/p>\n<\/div>\n<div style=\"font-weight: bold\">Transductor LF.<\/div>\n<div>\n<p>EVS-12L de 12\u201d pulgadas (300 mm).<\/p>\n<\/div>\n<div style=\"font-weight: bold\">Frecuencia de pasa-bajos.<\/div>\n<div>\n<p>Ajustable: 80 Hz, 100 Hz, 120 Hz, 150 Hz.<\/p>\n<\/div>\n<div style=\"font-weight: bold\">SPL m\u00e1ximo (calc).<\/div>\n<div>\n<p>129 dB.<\/p>\n<\/div>\n<div style=\"font-weight: bold\">Energy consumption.<\/div>\n<div>\n<p>100 &#8211; 240 V~, 50 &#8211; 60 Hz, 1.8A.<\/p>\n<\/div>\n<div style=\"font-weight: bold\">Potencia nominal.<\/div>\n<div>\n<p>1200 watts.<\/p>\n<\/div>\n<div style=\"font-weight: bold\">Activo o pasivo.<\/div>\n<div>\n<p>Activo.<\/p>\n<\/div>\n<div style=\"font-weight: bold\">Tipo de altavoz.<\/div>\n<div>\n<p>Subwoofer.<\/p>\n<\/div>\n<div style=\"font-weight: bold\">Dimensions.<\/div>\n<div>\n<p>445 x 397 x 457 mm.<\/p>\n<\/div>\n<div style=\"font-weight: bold\">Weight.<\/div>\n<div>\n<p>19.1 kg.<\/p>\n<\/div>\n<\/div>\n<\/div>","protected":false},"excerpt":{"rendered":"<p>Subwoofer activo para aplicaciones port\u00e1tiles y de instalaci\u00f3n, woofer EVS-12L de 12\u201d pulgadas, amplificador de potencia Clase D de alta eficiencia (hasta 1200 watts) con QuickSmartDSP integrado, configuraci\u00f3n sencilla por medio de cuatro pre-ajustes (Music, Live, Speech, Club), ecualizador de 3 bandas, cinco pre-ajustes de usuario programables (ajustes Store y Recall), monitoreo visual de estado de limitador, control de nivel de entrada y medidores y control de volumen principal, gabinete de compuesto de madera contrachapada de 15 mm, rango de frecuencia (-10 dB): 41 Hz &#8211; 165 Hz, respuesta de frecuencia (-3 dB): 49 Hz &#8211; 135 Hz, rejilla de acero de 18 AWG con pintura en polvo, SPL m\u00e1ximo de 129 dB, consumo de energ\u00eda: 100 &#8211; 240 V~, 50 &#8211; 60 Hz, 1.8A, polo de montaje en poste M20, dimensiones: 445 x 397 x 457 mm, peso: 19.1 kg.&hellip; <a class=\"kt-excerpt-readmore more-link\" href=\"https:\/\/www.mexicanguitarplayers.com\/en\/tienda\/audio\/bafles-y-bocinas\/bafles\/bafles-activos\/bafle-electro-voice-mod-elx200-12sp\/\">Read more<\/a><\/p>","protected":false},"featured_media":38301,"comment_status":"open","ping_status":"closed","template":"","meta":{"kt_blocks_editor_width":""},"pwb-brand":[535],"product_brand":[],"product_cat":[213,222,472,221],"product_tag":[],"class_list":{"0":"post-38304","1":"product","2":"type-product","3":"status-publish","4":"has-post-thumbnail","6":"pwb-brand-electrovoice","7":"product_cat-audio","8":"product_cat-bafles","9":"product_cat-bafles-activos","10":"product_cat-bafles-y-bocinas","11":"product_shipping_class-20-25-kg","13":"first","14":"outofstock","15":"taxable","16":"shipping-taxable","17":"purchasable","18":"product-type-simple"},"yoast_head":"<!-- This site is optimized with the Yoast SEO plugin v27.3 - https:\/\/yoast.com\/product\/yoast-seo-wordpress\/ -->\n<title>BAFLE ELECTRO VOICE MOD. ELX200-12SP - Mexican Guitar Players<\/title>\n<meta name=\"description\" content=\"Subwoofer activo para aplicaciones port\u00e1tiles y de instalaci\u00f3n, woofer EVS-12L de 12\u201d pulgadas, amplificador de potencia Clase D de alta eficiencia (hasta 1200 watts) con QuickSmartDSP integrado, configuraci\u00f3n sencilla por medio de cuatro pre-ajustes (Music, Live, Speech, Club), ecualizador de 3 bandas, cinco pre-ajustes de usuario programables (ajustes Store y Recall), monitoreo visual de estado de limitador, control de nivel de entrada y medidores y control de volumen principal, gabinete de compuesto de madera contrachapada de 15 mm, rango de frecuencia (-10 dB): 41 Hz - 165 Hz, respuesta de frecuencia (-3 dB): 49 Hz - 135 Hz, rejilla de acero de 18 AWG con pintura en polvo, SPL m\u00e1ximo de 129 dB, consumo de energ\u00eda: 100 - 240 V~, 50 - 60 Hz, 1.8A, polo de montaje en poste M20, dimensiones: 445 x 397 x 457 mm, peso: 19.1 kg.\" \/>\n<meta name=\"robots\" content=\"index, follow, max-snippet:-1, max-image-preview:large, max-video-preview:-1\" \/>\n<link rel=\"canonical\" href=\"https:\/\/www.mexicanguitarplayers.com\/en\/tienda\/sin%20categor\u00eda\/bafle-electro-voice-mod-elx200-12sp\/\" \/>\n<meta property=\"og:locale\" content=\"en_US\" \/>\n<meta property=\"og:type\" content=\"article\" \/>\n<meta property=\"og:title\" content=\"BAFLE ELECTRO VOICE MOD. ELX200-12SP - Mexican Guitar Players\" \/>\n<meta property=\"og:description\" content=\"Subwoofer activo para aplicaciones port\u00e1tiles y de instalaci\u00f3n, woofer EVS-12L de 12\u201d pulgadas, amplificador de potencia Clase D de alta eficiencia (hasta 1200 watts) con QuickSmartDSP integrado, configuraci\u00f3n sencilla por medio de cuatro pre-ajustes (Music, Live, Speech, Club), ecualizador de 3 bandas, cinco pre-ajustes de usuario programables (ajustes Store y Recall), monitoreo visual de estado de limitador, control de nivel de entrada y medidores y control de volumen principal, gabinete de compuesto de madera contrachapada de 15 mm, rango de frecuencia (-10 dB): 41 Hz - 165 Hz, respuesta de frecuencia (-3 dB): 49 Hz - 135 Hz, rejilla de acero de 18 AWG con pintura en polvo, SPL m\u00e1ximo de 129 dB, consumo de energ\u00eda: 100 - 240 V~, 50 - 60 Hz, 1.8A, polo de montaje en poste M20, dimensiones: 445 x 397 x 457 mm, peso: 19.1 kg.\" \/>\n<meta property=\"og:url\" content=\"https:\/\/www.mexicanguitarplayers.com\/en\/tienda\/sin categor\u00eda\/bafle-electro-voice-mod-elx200-12sp\/\" \/>\n<meta property=\"og:site_name\" content=\"Mexican Guitar Players\" \/>\n<meta property=\"article:modified_time\" content=\"2026-02-04T10:15:31+00:00\" \/>\n<meta name=\"twitter:card\" content=\"summary_large_image\" \/>\n<meta name=\"twitter:label1\" content=\"Est. reading time\" \/>\n\t<meta name=\"twitter:data1\" content=\"2 minutes\" \/>\n<script type=\"application\/ld+json\" class=\"yoast-schema-graph\">{\"@context\":\"https:\\\/\\\/schema.org\",\"@graph\":[{\"@type\":[\"WebPage\",\"ItemPage\"],\"@id\":\"https:\\\/\\\/www.mexicanguitarplayers.com\\\/tienda\\\/sin categor\u00eda\\\/bafle-electro-voice-mod-elx200-12sp\\\/\",\"url\":\"https:\\\/\\\/www.mexicanguitarplayers.com\\\/tienda\\\/sin categor\u00eda\\\/bafle-electro-voice-mod-elx200-12sp\\\/\",\"name\":\"BAFLE ELECTRO VOICE MOD. ELX200-12SP - Mexican Guitar Players\",\"isPartOf\":{\"@id\":\"https:\\\/\\\/www.mexicanguitarplayers.com\\\/#website\"},\"primaryImageOfPage\":{\"@id\":\"https:\\\/\\\/www.mexicanguitarplayers.com\\\/tienda\\\/sin categor\u00eda\\\/bafle-electro-voice-mod-elx200-12sp\\\/#primaryimage\"},\"image\":{\"@id\":\"https:\\\/\\\/www.mexicanguitarplayers.com\\\/tienda\\\/sin categor\u00eda\\\/bafle-electro-voice-mod-elx200-12sp\\\/#primaryimage\"},\"thumbnailUrl\":\"https:\\\/\\\/www.mexicanguitarplayers.com\\\/wp-content\\\/uploads\\\/2025\\\/04\\\/IAEVOELX20012S.jpg\",\"datePublished\":\"2025-04-09T12:04:31+00:00\",\"dateModified\":\"2026-02-04T10:15:31+00:00\",\"description\":\"Subwoofer activo para aplicaciones port\u00e1tiles y de instalaci\u00f3n, woofer EVS-12L de 12\u201d pulgadas, amplificador de potencia Clase D de alta eficiencia (hasta 1200 watts) con QuickSmartDSP integrado, configuraci\u00f3n sencilla por medio de cuatro pre-ajustes (Music, Live, Speech, Club), ecualizador de 3 bandas, cinco pre-ajustes de usuario programables (ajustes Store y Recall), monitoreo visual de estado de limitador, control de nivel de entrada y medidores y control de volumen principal, gabinete de compuesto de madera contrachapada de 15 mm, rango de frecuencia (-10 dB): 41 Hz - 165 Hz, respuesta de frecuencia (-3 dB): 49 Hz - 135 Hz, rejilla de acero de 18 AWG con pintura en polvo, SPL m\u00e1ximo de 129 dB, consumo de energ\u00eda: 100 - 240 V~, 50 - 60 Hz, 1.8A, polo de montaje en poste M20, dimensiones: 445 x 397 x 457 mm, peso: 19.1 kg.\",\"breadcrumb\":{\"@id\":\"https:\\\/\\\/www.mexicanguitarplayers.com\\\/tienda\\\/sin categor\u00eda\\\/bafle-electro-voice-mod-elx200-12sp\\\/#breadcrumb\"},\"inLanguage\":\"en-US\",\"potentialAction\":[{\"@type\":\"ReadAction\",\"target\":[\"https:\\\/\\\/www.mexicanguitarplayers.com\\\/tienda\\\/sin categor\u00eda\\\/bafle-electro-voice-mod-elx200-12sp\\\/\"]}]},{\"@type\":\"ImageObject\",\"inLanguage\":\"en-US\",\"@id\":\"https:\\\/\\\/www.mexicanguitarplayers.com\\\/tienda\\\/sin categor\u00eda\\\/bafle-electro-voice-mod-elx200-12sp\\\/#primaryimage\",\"url\":\"https:\\\/\\\/www.mexicanguitarplayers.com\\\/wp-content\\\/uploads\\\/2025\\\/04\\\/IAEVOELX20012S.jpg\",\"contentUrl\":\"https:\\\/\\\/www.mexicanguitarplayers.com\\\/wp-content\\\/uploads\\\/2025\\\/04\\\/IAEVOELX20012S.jpg\",\"width\":1200,\"height\":1200},{\"@type\":\"BreadcrumbList\",\"@id\":\"https:\\\/\\\/www.mexicanguitarplayers.com\\\/tienda\\\/sin categor\u00eda\\\/bafle-electro-voice-mod-elx200-12sp\\\/#breadcrumb\",\"itemListElement\":[{\"@type\":\"ListItem\",\"position\":1,\"name\":\"Portada\",\"item\":\"https:\\\/\\\/www.mexicanguitarplayers.com\\\/\"},{\"@type\":\"ListItem\",\"position\":2,\"name\":\"Tienda\",\"item\":\"https:\\\/\\\/www.mexicanguitarplayers.com\\\/tienda\\\/\"},{\"@type\":\"ListItem\",\"position\":3,\"name\":\"BAFLE ELECTRO VOICE MOD. ELX200-12SP\"}]},{\"@type\":\"WebSite\",\"@id\":\"https:\\\/\\\/www.mexicanguitarplayers.com\\\/#website\",\"url\":\"https:\\\/\\\/www.mexicanguitarplayers.com\\\/\",\"name\":\"Mexican Guitar Players\",\"description\":\"Website\",\"publisher\":{\"@id\":\"https:\\\/\\\/www.mexicanguitarplayers.com\\\/#organization\"},\"potentialAction\":[{\"@type\":\"SearchAction\",\"target\":{\"@type\":\"EntryPoint\",\"urlTemplate\":\"https:\\\/\\\/www.mexicanguitarplayers.com\\\/?s={search_term_string}\"},\"query-input\":{\"@type\":\"PropertyValueSpecification\",\"valueRequired\":true,\"valueName\":\"search_term_string\"}}],\"inLanguage\":\"en-US\"},{\"@type\":\"Organization\",\"@id\":\"https:\\\/\\\/www.mexicanguitarplayers.com\\\/#organization\",\"name\":\"Mexican Guitar Players\",\"url\":\"https:\\\/\\\/www.mexicanguitarplayers.com\\\/\",\"logo\":{\"@type\":\"ImageObject\",\"inLanguage\":\"en-US\",\"@id\":\"https:\\\/\\\/www.mexicanguitarplayers.com\\\/#\\\/schema\\\/logo\\\/image\\\/\",\"url\":\"\",\"contentUrl\":\"\",\"caption\":\"Mexican Guitar Players\"},\"image\":{\"@id\":\"https:\\\/\\\/www.mexicanguitarplayers.com\\\/#\\\/schema\\\/logo\\\/image\\\/\"}}]}<\/script>\n<!-- \/ Yoast SEO plugin. -->","yoast_head_json":{"title":"BAFLE ELECTRO VOICE MOD. ELX200-12SP - Mexican Guitar Players","description":"Subwoofer activo para aplicaciones port\u00e1tiles y de instalaci\u00f3n, woofer EVS-12L de 12\u201d pulgadas, amplificador de potencia Clase D de alta eficiencia (hasta 1200 watts) con QuickSmartDSP integrado, configuraci\u00f3n sencilla por medio de cuatro pre-ajustes (Music, Live, Speech, Club), ecualizador de 3 bandas, cinco pre-ajustes de usuario programables (ajustes Store y Recall), monitoreo visual de estado de limitador, control de nivel de entrada y medidores y control de volumen principal, gabinete de compuesto de madera contrachapada de 15 mm, rango de frecuencia (-10 dB): 41 Hz - 165 Hz, respuesta de frecuencia (-3 dB): 49 Hz - 135 Hz, rejilla de acero de 18 AWG con pintura en polvo, SPL m\u00e1ximo de 129 dB, consumo de energ\u00eda: 100 - 240 V~, 50 - 60 Hz, 1.8A, polo de montaje en poste M20, dimensiones: 445 x 397 x 457 mm, peso: 19.1 kg.","robots":{"index":"index","follow":"follow","max-snippet":"max-snippet:-1","max-image-preview":"max-image-preview:large","max-video-preview":"max-video-preview:-1"},"canonical":"https:\/\/www.mexicanguitarplayers.com\/en\/tienda\/sin categor\u00eda\/bafle-electro-voice-mod-elx200-12sp\/","og_locale":"en_US","og_type":"article","og_title":"BAFLE ELECTRO VOICE MOD. ELX200-12SP - Mexican Guitar Players","og_description":"Subwoofer activo para aplicaciones port\u00e1tiles y de instalaci\u00f3n, woofer EVS-12L de 12\u201d pulgadas, amplificador de potencia Clase D de alta eficiencia (hasta 1200 watts) con QuickSmartDSP integrado, configuraci\u00f3n sencilla por medio de cuatro pre-ajustes (Music, Live, Speech, Club), ecualizador de 3 bandas, cinco pre-ajustes de usuario programables (ajustes Store y Recall), monitoreo visual de estado de limitador, control de nivel de entrada y medidores y control de volumen principal, gabinete de compuesto de madera contrachapada de 15 mm, rango de frecuencia (-10 dB): 41 Hz - 165 Hz, respuesta de frecuencia (-3 dB): 49 Hz - 135 Hz, rejilla de acero de 18 AWG con pintura en polvo, SPL m\u00e1ximo de 129 dB, consumo de energ\u00eda: 100 - 240 V~, 50 - 60 Hz, 1.8A, polo de montaje en poste M20, dimensiones: 445 x 397 x 457 mm, peso: 19.1 kg.","og_url":"https:\/\/www.mexicanguitarplayers.com\/en\/tienda\/sin categor\u00eda\/bafle-electro-voice-mod-elx200-12sp\/","og_site_name":"Mexican Guitar Players","article_modified_time":"2026-02-04T10:15:31+00:00","twitter_card":"summary_large_image","twitter_misc":{"Est. reading time":"2 minutes"},"schema":{"@context":"https:\/\/schema.org","@graph":[{"@type":["WebPage","ItemPage"],"@id":"https:\/\/www.mexicanguitarplayers.com\/tienda\/sin categor\u00eda\/bafle-electro-voice-mod-elx200-12sp\/","url":"https:\/\/www.mexicanguitarplayers.com\/tienda\/sin categor\u00eda\/bafle-electro-voice-mod-elx200-12sp\/","name":"BAFLE ELECTRO VOICE MOD. ELX200-12SP - Mexican Guitar Players","isPartOf":{"@id":"https:\/\/www.mexicanguitarplayers.com\/#website"},"primaryImageOfPage":{"@id":"https:\/\/www.mexicanguitarplayers.com\/tienda\/sin categor\u00eda\/bafle-electro-voice-mod-elx200-12sp\/#primaryimage"},"image":{"@id":"https:\/\/www.mexicanguitarplayers.com\/tienda\/sin categor\u00eda\/bafle-electro-voice-mod-elx200-12sp\/#primaryimage"},"thumbnailUrl":"https:\/\/www.mexicanguitarplayers.com\/wp-content\/uploads\/2025\/04\/IAEVOELX20012S.jpg","datePublished":"2025-04-09T12:04:31+00:00","dateModified":"2026-02-04T10:15:31+00:00","description":"Subwoofer activo para aplicaciones port\u00e1tiles y de instalaci\u00f3n, woofer EVS-12L de 12\u201d pulgadas, amplificador de potencia Clase D de alta eficiencia (hasta 1200 watts) con QuickSmartDSP integrado, configuraci\u00f3n sencilla por medio de cuatro pre-ajustes (Music, Live, Speech, Club), ecualizador de 3 bandas, cinco pre-ajustes de usuario programables (ajustes Store y Recall), monitoreo visual de estado de limitador, control de nivel de entrada y medidores y control de volumen principal, gabinete de compuesto de madera contrachapada de 15 mm, rango de frecuencia (-10 dB): 41 Hz - 165 Hz, respuesta de frecuencia (-3 dB): 49 Hz - 135 Hz, rejilla de acero de 18 AWG con pintura en polvo, SPL m\u00e1ximo de 129 dB, consumo de energ\u00eda: 100 - 240 V~, 50 - 60 Hz, 1.8A, polo de montaje en poste M20, dimensiones: 445 x 397 x 457 mm, peso: 19.1 kg.","breadcrumb":{"@id":"https:\/\/www.mexicanguitarplayers.com\/tienda\/sin categor\u00eda\/bafle-electro-voice-mod-elx200-12sp\/#breadcrumb"},"inLanguage":"en-US","potentialAction":[{"@type":"ReadAction","target":["https:\/\/www.mexicanguitarplayers.com\/tienda\/sin categor\u00eda\/bafle-electro-voice-mod-elx200-12sp\/"]}]},{"@type":"ImageObject","inLanguage":"en-US","@id":"https:\/\/www.mexicanguitarplayers.com\/tienda\/sin categor\u00eda\/bafle-electro-voice-mod-elx200-12sp\/#primaryimage","url":"https:\/\/www.mexicanguitarplayers.com\/wp-content\/uploads\/2025\/04\/IAEVOELX20012S.jpg","contentUrl":"https:\/\/www.mexicanguitarplayers.com\/wp-content\/uploads\/2025\/04\/IAEVOELX20012S.jpg","width":1200,"height":1200},{"@type":"BreadcrumbList","@id":"https:\/\/www.mexicanguitarplayers.com\/tienda\/sin categor\u00eda\/bafle-electro-voice-mod-elx200-12sp\/#breadcrumb","itemListElement":[{"@type":"ListItem","position":1,"name":"Portada","item":"https:\/\/www.mexicanguitarplayers.com\/"},{"@type":"ListItem","position":2,"name":"Tienda","item":"https:\/\/www.mexicanguitarplayers.com\/tienda\/"},{"@type":"ListItem","position":3,"name":"BAFLE ELECTRO VOICE MOD. ELX200-12SP"}]},{"@type":"WebSite","@id":"https:\/\/www.mexicanguitarplayers.com\/#website","url":"https:\/\/www.mexicanguitarplayers.com\/","name":"Mexican Guitar Players","description":"Website","publisher":{"@id":"https:\/\/www.mexicanguitarplayers.com\/#organization"},"potentialAction":[{"@type":"SearchAction","target":{"@type":"EntryPoint","urlTemplate":"https:\/\/www.mexicanguitarplayers.com\/?s={search_term_string}"},"query-input":{"@type":"PropertyValueSpecification","valueRequired":true,"valueName":"search_term_string"}}],"inLanguage":"en-US"},{"@type":"Organization","@id":"https:\/\/www.mexicanguitarplayers.com\/#organization","name":"Mexican Guitar Players","url":"https:\/\/www.mexicanguitarplayers.com\/","logo":{"@type":"ImageObject","inLanguage":"en-US","@id":"https:\/\/www.mexicanguitarplayers.com\/#\/schema\/logo\/image\/","url":"","contentUrl":"","caption":"Mexican Guitar Players"},"image":{"@id":"https:\/\/www.mexicanguitarplayers.com\/#\/schema\/logo\/image\/"}}]}},"brands":[{"id":535,"name":"ELECTROVOICE","slug":"electrovoice"}],"_links":{"self":[{"href":"https:\/\/www.mexicanguitarplayers.com\/en\/wp-json\/wp\/v2\/product\/38304","targetHints":{"allow":["GET"]}}],"collection":[{"href":"https:\/\/www.mexicanguitarplayers.com\/en\/wp-json\/wp\/v2\/product"}],"about":[{"href":"https:\/\/www.mexicanguitarplayers.com\/en\/wp-json\/wp\/v2\/types\/product"}],"replies":[{"embeddable":true,"href":"https:\/\/www.mexicanguitarplayers.com\/en\/wp-json\/wp\/v2\/comments?post=38304"}],"wp:featuredmedia":[{"embeddable":true,"href":"https:\/\/www.mexicanguitarplayers.com\/en\/wp-json\/wp\/v2\/media\/38301"}],"wp:attachment":[{"href":"https:\/\/www.mexicanguitarplayers.com\/en\/wp-json\/wp\/v2\/media?parent=38304"}],"wp:term":[{"taxonomy":"pwb-brand","embeddable":true,"href":"https:\/\/www.mexicanguitarplayers.com\/en\/wp-json\/wp\/v2\/pwb-brand?post=38304"},{"taxonomy":"product_brand","embeddable":true,"href":"https:\/\/www.mexicanguitarplayers.com\/en\/wp-json\/wp\/v2\/product_brand?post=38304"},{"taxonomy":"product_cat","embeddable":true,"href":"https:\/\/www.mexicanguitarplayers.com\/en\/wp-json\/wp\/v2\/product_cat?post=38304"},{"taxonomy":"product_tag","embeddable":true,"href":"https:\/\/www.mexicanguitarplayers.com\/en\/wp-json\/wp\/v2\/product_tag?post=38304"}],"curies":[{"name":"wp","href":"https:\/\/api.w.org\/{rel}","templated":true}]}}