{"id":38314,"date":"2025-04-09T06:04:43","date_gmt":"2025-04-09T12:04:43","guid":{"rendered":"https:\/\/www.mexicanguitarplayers.com\/tienda\/sin categor\u00eda\/cajon-meinl-slap-top-mod-ptopcaj2wn\/"},"modified":"2026-05-01T07:18:56","modified_gmt":"2026-05-01T13:18:56","slug":"cajon-meinl-slap-top-mod-ptopcaj2wn","status":"publish","type":"product","link":"https:\/\/www.mexicanguitarplayers.com\/en\/tienda\/percusiones\/percusiones-mayores\/cajones\/cajon-meinl-slap-top-mod-ptopcaj2wn\/","title":{"rendered":"CAJON MEINL SLAP-TOP MOD. PTOPCAJ2WN"},"content":{"rendered":"<div style=\"text-align: justify\">\n<div>\n<h3>El nuevo slaptop patentado.<\/h3>\n<\/div>\n<div>Equipado con perillas para mezclar tu sonido, el nuevo Pickup Turbo Slaptop Cajon te brinda la mejor experiencia de toque cuando se necesita una amplificaci\u00f3n adicional. Este caj\u00f3n est\u00e1 equipado con una sistema de pastilla pasiva que tiene controles de grave, tarola y tono junto con un conector de salida de alta calidad. Una superficie de nogal con alambres internos que ofrece excelentes tonos n\u00edtidos de slap y graves profundos y retumbantes. Los puertos de sonido proyectados hacia adelante en el Turbo Slaptop Cajon proyectan el sonido en la audiencia.<\/div>\n<div>\n<h4>Quick look<\/h4>\n<\/div>\n<ul style=\"margin: 0px 0px 0px 25px\">\n<li style=\"list-style-type: circle;margin: 5px\">Dimensions.<\/li>\n<\/ul>\n<div>\n<div style=\"font-weight: bold\">Dimensions.<\/div>\n<div>\n<p>Ancho: 14 1\/2&#8243;. Altura: 10&#8243;. Profundidad: 5 3\/4&#8243;.<\/p>\n<\/div>\n<\/div>\n<div>\n<h4>Characteristics<\/h4>\n<\/div>\n<div>\n<ul style=\"margin: 0px 0px 0px 25px\">\n<li style=\"list-style-type: circle;margin: 5px\">Cajon slaptop.<\/li>\n<li style=\"list-style-type: circle;margin: 5px\">Cuerpo de abedul b\u00e1ltico.<\/li>\n<li style=\"list-style-type: circle;margin: 5px\">Superficie de nogal con alambres internos.<\/li>\n<li style=\"list-style-type: circle;margin: 5px\">Pastilla pasiva y jack de salida.<\/li>\n<li style=\"list-style-type: circle;margin: 5px\">Controles individuales de tarola, graves y tono.<\/li>\n<\/ul>\n<\/div>\n<\/div>","protected":false},"excerpt":{"rendered":"<p>Cajon slaptop, cuerpo de abedul b\u00e1ltico, superficie de nogal con alambres internos, equipado con pastilla pasiva y jack de salida de alta calidad, controles individuales de tarola, graves y tono, dimensiones: ancho: 14 1\/2\u201d, altura: 10\u201d, profundidad: 5 3\/4\u201d.&hellip; <a class=\"kt-excerpt-readmore more-link\" href=\"https:\/\/www.mexicanguitarplayers.com\/en\/tienda\/percusiones\/percusiones-mayores\/cajones\/cajon-meinl-slap-top-mod-ptopcaj2wn\/\">Read more<\/a><\/p>","protected":false},"featured_media":38313,"comment_status":"open","ping_status":"closed","template":"","meta":{"kt_blocks_editor_width":""},"pwb-brand":[290],"product_brand":[],"product_cat":[268,208,267],"product_tag":[],"class_list":{"0":"post-38314","1":"product","2":"type-product","3":"status-publish","4":"has-post-thumbnail","6":"pwb-brand-meinl","7":"product_cat-cajones","8":"product_cat-percusiones","9":"product_cat-percusiones-mayores","10":"product_shipping_class-0-5-kg","12":"first","13":"instock","14":"taxable","15":"shipping-taxable","16":"purchasable","17":"product-type-simple"},"yoast_head":"<!-- This site is optimized with the Yoast SEO plugin v27.6 - https:\/\/yoast.com\/product\/yoast-seo-wordpress\/ -->\n<title>CAJON MEINL SLAP-TOP MOD. PTOPCAJ2WN - Mexican Guitar Players<\/title>\n<meta name=\"description\" content=\"Cajon slaptop, cuerpo de abedul b\u00e1ltico, superficie de nogal con alambres internos, equipado con pastilla pasiva y jack de salida de alta calidad, controles individuales de tarola, graves y tono, dimensiones: ancho: 14 1\/2\u201d, altura: 10\u201d, profundidad: 5 3\/4\u201d.\" \/>\n<meta name=\"robots\" content=\"index, follow, max-snippet:-1, max-image-preview:large, max-video-preview:-1\" \/>\n<link rel=\"canonical\" href=\"https:\/\/www.mexicanguitarplayers.com\/en\/tienda\/sin%20categor\u00eda\/cajon-meinl-slap-top-mod-ptopcaj2wn\/\" \/>\n<meta property=\"og:locale\" content=\"en_US\" \/>\n<meta property=\"og:type\" content=\"article\" \/>\n<meta property=\"og:title\" content=\"CAJON MEINL SLAP-TOP MOD. PTOPCAJ2WN - Mexican Guitar Players\" \/>\n<meta property=\"og:description\" content=\"Cajon slaptop, cuerpo de abedul b\u00e1ltico, superficie de nogal con alambres internos, equipado con pastilla pasiva y jack de salida de alta calidad, controles individuales de tarola, graves y tono, dimensiones: ancho: 14 1\/2\u201d, altura: 10\u201d, profundidad: 5 3\/4\u201d.\" \/>\n<meta property=\"og:url\" content=\"https:\/\/www.mexicanguitarplayers.com\/en\/tienda\/sin categor\u00eda\/cajon-meinl-slap-top-mod-ptopcaj2wn\/\" \/>\n<meta property=\"og:site_name\" content=\"Mexican Guitar Players\" \/>\n<meta property=\"article:modified_time\" content=\"2026-05-01T13:18:56+00:00\" \/>\n<meta name=\"twitter:card\" content=\"summary_large_image\" \/>\n<meta name=\"twitter:label1\" content=\"Est. reading time\" \/>\n\t<meta name=\"twitter:data1\" content=\"1 minute\" \/>\n<script type=\"application\/ld+json\" class=\"yoast-schema-graph\">{\"@context\":\"https:\\\/\\\/schema.org\",\"@graph\":[{\"@type\":[\"WebPage\",\"ItemPage\"],\"@id\":\"https:\\\/\\\/www.mexicanguitarplayers.com\\\/tienda\\\/sin categor\u00eda\\\/cajon-meinl-slap-top-mod-ptopcaj2wn\\\/\",\"url\":\"https:\\\/\\\/www.mexicanguitarplayers.com\\\/tienda\\\/sin categor\u00eda\\\/cajon-meinl-slap-top-mod-ptopcaj2wn\\\/\",\"name\":\"CAJON MEINL SLAP-TOP MOD. PTOPCAJ2WN - Mexican Guitar Players\",\"isPartOf\":{\"@id\":\"https:\\\/\\\/www.mexicanguitarplayers.com\\\/#website\"},\"primaryImageOfPage\":{\"@id\":\"https:\\\/\\\/www.mexicanguitarplayers.com\\\/tienda\\\/sin categor\u00eda\\\/cajon-meinl-slap-top-mod-ptopcaj2wn\\\/#primaryimage\"},\"image\":{\"@id\":\"https:\\\/\\\/www.mexicanguitarplayers.com\\\/tienda\\\/sin categor\u00eda\\\/cajon-meinl-slap-top-mod-ptopcaj2wn\\\/#primaryimage\"},\"thumbnailUrl\":\"https:\\\/\\\/www.mexicanguitarplayers.com\\\/wp-content\\\/uploads\\\/2025\\\/04\\\/IPMEIPTOPCAJ2W.jpg\",\"datePublished\":\"2025-04-09T12:04:43+00:00\",\"dateModified\":\"2026-05-01T13:18:56+00:00\",\"description\":\"Cajon slaptop, cuerpo de abedul b\u00e1ltico, superficie de nogal con alambres internos, equipado con pastilla pasiva y jack de salida de alta calidad, controles individuales de tarola, graves y tono, dimensiones: ancho: 14 1\\\/2\u201d, altura: 10\u201d, profundidad: 5 3\\\/4\u201d.\",\"breadcrumb\":{\"@id\":\"https:\\\/\\\/www.mexicanguitarplayers.com\\\/tienda\\\/sin categor\u00eda\\\/cajon-meinl-slap-top-mod-ptopcaj2wn\\\/#breadcrumb\"},\"inLanguage\":\"en-US\",\"potentialAction\":[{\"@type\":\"ReadAction\",\"target\":[\"https:\\\/\\\/www.mexicanguitarplayers.com\\\/tienda\\\/sin categor\u00eda\\\/cajon-meinl-slap-top-mod-ptopcaj2wn\\\/\"]}]},{\"@type\":\"ImageObject\",\"inLanguage\":\"en-US\",\"@id\":\"https:\\\/\\\/www.mexicanguitarplayers.com\\\/tienda\\\/sin categor\u00eda\\\/cajon-meinl-slap-top-mod-ptopcaj2wn\\\/#primaryimage\",\"url\":\"https:\\\/\\\/www.mexicanguitarplayers.com\\\/wp-content\\\/uploads\\\/2025\\\/04\\\/IPMEIPTOPCAJ2W.jpg\",\"contentUrl\":\"https:\\\/\\\/www.mexicanguitarplayers.com\\\/wp-content\\\/uploads\\\/2025\\\/04\\\/IPMEIPTOPCAJ2W.jpg\",\"width\":1200,\"height\":1200},{\"@type\":\"BreadcrumbList\",\"@id\":\"https:\\\/\\\/www.mexicanguitarplayers.com\\\/tienda\\\/sin categor\u00eda\\\/cajon-meinl-slap-top-mod-ptopcaj2wn\\\/#breadcrumb\",\"itemListElement\":[{\"@type\":\"ListItem\",\"position\":1,\"name\":\"Portada\",\"item\":\"https:\\\/\\\/www.mexicanguitarplayers.com\\\/\"},{\"@type\":\"ListItem\",\"position\":2,\"name\":\"Tienda\",\"item\":\"https:\\\/\\\/www.mexicanguitarplayers.com\\\/tienda\\\/\"},{\"@type\":\"ListItem\",\"position\":3,\"name\":\"CAJON MEINL SLAP-TOP MOD. PTOPCAJ2WN\"}]},{\"@type\":\"WebSite\",\"@id\":\"https:\\\/\\\/www.mexicanguitarplayers.com\\\/#website\",\"url\":\"https:\\\/\\\/www.mexicanguitarplayers.com\\\/\",\"name\":\"Mexican Guitar Players\",\"description\":\"Website\",\"publisher\":{\"@id\":\"https:\\\/\\\/www.mexicanguitarplayers.com\\\/#organization\"},\"potentialAction\":[{\"@type\":\"SearchAction\",\"target\":{\"@type\":\"EntryPoint\",\"urlTemplate\":\"https:\\\/\\\/www.mexicanguitarplayers.com\\\/?s={search_term_string}\"},\"query-input\":{\"@type\":\"PropertyValueSpecification\",\"valueRequired\":true,\"valueName\":\"search_term_string\"}}],\"inLanguage\":\"en-US\"},{\"@type\":\"Organization\",\"@id\":\"https:\\\/\\\/www.mexicanguitarplayers.com\\\/#organization\",\"name\":\"Mexican Guitar Players\",\"url\":\"https:\\\/\\\/www.mexicanguitarplayers.com\\\/\",\"logo\":{\"@type\":\"ImageObject\",\"inLanguage\":\"en-US\",\"@id\":\"https:\\\/\\\/www.mexicanguitarplayers.com\\\/#\\\/schema\\\/logo\\\/image\\\/\",\"url\":\"\",\"contentUrl\":\"\",\"caption\":\"Mexican Guitar Players\"},\"image\":{\"@id\":\"https:\\\/\\\/www.mexicanguitarplayers.com\\\/#\\\/schema\\\/logo\\\/image\\\/\"}}]}<\/script>\n<!-- \/ Yoast SEO plugin. -->","yoast_head_json":{"title":"CAJON MEINL SLAP-TOP MOD. PTOPCAJ2WN - Mexican Guitar Players","description":"Cajon slaptop, cuerpo de abedul b\u00e1ltico, superficie de nogal con alambres internos, equipado con pastilla pasiva y jack de salida de alta calidad, controles individuales de tarola, graves y tono, dimensiones: ancho: 14 1\/2\u201d, altura: 10\u201d, profundidad: 5 3\/4\u201d.","robots":{"index":"index","follow":"follow","max-snippet":"max-snippet:-1","max-image-preview":"max-image-preview:large","max-video-preview":"max-video-preview:-1"},"canonical":"https:\/\/www.mexicanguitarplayers.com\/en\/tienda\/sin categor\u00eda\/cajon-meinl-slap-top-mod-ptopcaj2wn\/","og_locale":"en_US","og_type":"article","og_title":"CAJON MEINL SLAP-TOP MOD. PTOPCAJ2WN - Mexican Guitar Players","og_description":"Cajon slaptop, cuerpo de abedul b\u00e1ltico, superficie de nogal con alambres internos, equipado con pastilla pasiva y jack de salida de alta calidad, controles individuales de tarola, graves y tono, dimensiones: ancho: 14 1\/2\u201d, altura: 10\u201d, profundidad: 5 3\/4\u201d.","og_url":"https:\/\/www.mexicanguitarplayers.com\/en\/tienda\/sin categor\u00eda\/cajon-meinl-slap-top-mod-ptopcaj2wn\/","og_site_name":"Mexican Guitar Players","article_modified_time":"2026-05-01T13:18:56+00:00","twitter_card":"summary_large_image","twitter_misc":{"Est. reading time":"1 minute"},"schema":{"@context":"https:\/\/schema.org","@graph":[{"@type":["WebPage","ItemPage"],"@id":"https:\/\/www.mexicanguitarplayers.com\/tienda\/sin categor\u00eda\/cajon-meinl-slap-top-mod-ptopcaj2wn\/","url":"https:\/\/www.mexicanguitarplayers.com\/tienda\/sin categor\u00eda\/cajon-meinl-slap-top-mod-ptopcaj2wn\/","name":"CAJON MEINL SLAP-TOP MOD. PTOPCAJ2WN - Mexican Guitar Players","isPartOf":{"@id":"https:\/\/www.mexicanguitarplayers.com\/#website"},"primaryImageOfPage":{"@id":"https:\/\/www.mexicanguitarplayers.com\/tienda\/sin categor\u00eda\/cajon-meinl-slap-top-mod-ptopcaj2wn\/#primaryimage"},"image":{"@id":"https:\/\/www.mexicanguitarplayers.com\/tienda\/sin categor\u00eda\/cajon-meinl-slap-top-mod-ptopcaj2wn\/#primaryimage"},"thumbnailUrl":"https:\/\/www.mexicanguitarplayers.com\/wp-content\/uploads\/2025\/04\/IPMEIPTOPCAJ2W.jpg","datePublished":"2025-04-09T12:04:43+00:00","dateModified":"2026-05-01T13:18:56+00:00","description":"Cajon slaptop, cuerpo de abedul b\u00e1ltico, superficie de nogal con alambres internos, equipado con pastilla pasiva y jack de salida de alta calidad, controles individuales de tarola, graves y tono, dimensiones: ancho: 14 1\/2\u201d, altura: 10\u201d, profundidad: 5 3\/4\u201d.","breadcrumb":{"@id":"https:\/\/www.mexicanguitarplayers.com\/tienda\/sin categor\u00eda\/cajon-meinl-slap-top-mod-ptopcaj2wn\/#breadcrumb"},"inLanguage":"en-US","potentialAction":[{"@type":"ReadAction","target":["https:\/\/www.mexicanguitarplayers.com\/tienda\/sin categor\u00eda\/cajon-meinl-slap-top-mod-ptopcaj2wn\/"]}]},{"@type":"ImageObject","inLanguage":"en-US","@id":"https:\/\/www.mexicanguitarplayers.com\/tienda\/sin categor\u00eda\/cajon-meinl-slap-top-mod-ptopcaj2wn\/#primaryimage","url":"https:\/\/www.mexicanguitarplayers.com\/wp-content\/uploads\/2025\/04\/IPMEIPTOPCAJ2W.jpg","contentUrl":"https:\/\/www.mexicanguitarplayers.com\/wp-content\/uploads\/2025\/04\/IPMEIPTOPCAJ2W.jpg","width":1200,"height":1200},{"@type":"BreadcrumbList","@id":"https:\/\/www.mexicanguitarplayers.com\/tienda\/sin categor\u00eda\/cajon-meinl-slap-top-mod-ptopcaj2wn\/#breadcrumb","itemListElement":[{"@type":"ListItem","position":1,"name":"Portada","item":"https:\/\/www.mexicanguitarplayers.com\/"},{"@type":"ListItem","position":2,"name":"Tienda","item":"https:\/\/www.mexicanguitarplayers.com\/tienda\/"},{"@type":"ListItem","position":3,"name":"CAJON MEINL SLAP-TOP MOD. PTOPCAJ2WN"}]},{"@type":"WebSite","@id":"https:\/\/www.mexicanguitarplayers.com\/#website","url":"https:\/\/www.mexicanguitarplayers.com\/","name":"Mexican Guitar Players","description":"Website","publisher":{"@id":"https:\/\/www.mexicanguitarplayers.com\/#organization"},"potentialAction":[{"@type":"SearchAction","target":{"@type":"EntryPoint","urlTemplate":"https:\/\/www.mexicanguitarplayers.com\/?s={search_term_string}"},"query-input":{"@type":"PropertyValueSpecification","valueRequired":true,"valueName":"search_term_string"}}],"inLanguage":"en-US"},{"@type":"Organization","@id":"https:\/\/www.mexicanguitarplayers.com\/#organization","name":"Mexican Guitar Players","url":"https:\/\/www.mexicanguitarplayers.com\/","logo":{"@type":"ImageObject","inLanguage":"en-US","@id":"https:\/\/www.mexicanguitarplayers.com\/#\/schema\/logo\/image\/","url":"","contentUrl":"","caption":"Mexican Guitar Players"},"image":{"@id":"https:\/\/www.mexicanguitarplayers.com\/#\/schema\/logo\/image\/"}}]}},"brands":[{"id":290,"name":"MEINL","slug":"meinl"}],"_links":{"self":[{"href":"https:\/\/www.mexicanguitarplayers.com\/en\/wp-json\/wp\/v2\/product\/38314","targetHints":{"allow":["GET"]}}],"collection":[{"href":"https:\/\/www.mexicanguitarplayers.com\/en\/wp-json\/wp\/v2\/product"}],"about":[{"href":"https:\/\/www.mexicanguitarplayers.com\/en\/wp-json\/wp\/v2\/types\/product"}],"replies":[{"embeddable":true,"href":"https:\/\/www.mexicanguitarplayers.com\/en\/wp-json\/wp\/v2\/comments?post=38314"}],"wp:featuredmedia":[{"embeddable":true,"href":"https:\/\/www.mexicanguitarplayers.com\/en\/wp-json\/wp\/v2\/media\/38313"}],"wp:attachment":[{"href":"https:\/\/www.mexicanguitarplayers.com\/en\/wp-json\/wp\/v2\/media?parent=38314"}],"wp:term":[{"taxonomy":"pwb-brand","embeddable":true,"href":"https:\/\/www.mexicanguitarplayers.com\/en\/wp-json\/wp\/v2\/pwb-brand?post=38314"},{"taxonomy":"product_brand","embeddable":true,"href":"https:\/\/www.mexicanguitarplayers.com\/en\/wp-json\/wp\/v2\/product_brand?post=38314"},{"taxonomy":"product_cat","embeddable":true,"href":"https:\/\/www.mexicanguitarplayers.com\/en\/wp-json\/wp\/v2\/product_cat?post=38314"},{"taxonomy":"product_tag","embeddable":true,"href":"https:\/\/www.mexicanguitarplayers.com\/en\/wp-json\/wp\/v2\/product_tag?post=38314"}],"curies":[{"name":"wp","href":"https:\/\/api.w.org\/{rel}","templated":true}]}}