{"id":38326,"date":"2025-04-09T06:05:25","date_gmt":"2025-04-09T12:05:25","guid":{"rendered":"https:\/\/www.mexicanguitarplayers.com\/tienda\/sin categor\u00eda\/pastillas-sd-juego-sc-everything-axe-str\/"},"modified":"2026-04-10T04:23:06","modified_gmt":"2026-04-10T10:23:06","slug":"pastillas-sd-juego-sc-everything-axe-str","status":"publish","type":"product","link":"https:\/\/www.mexicanguitarplayers.com\/en\/tienda\/accesorios\/para-guitarras\/pastillas-para-guitarra-electrica\/pastillas-sd-juego-sc-everything-axe-str\/","title":{"rendered":"PASTILLAS SD JUEGO SC EVERYTHING AXE STR"},"content":{"rendered":"<div style=\"text-align: justify\">\n<div>\n<h3>Un nuevo set ultra vers\u00e1til de 3 humbuckers.<\/h3>\n<\/div>\n<div>Este set de 3 pastillas convertir\u00e1 tu Stratocaster en el caballo de batalla m\u00e1s vers\u00e1til con su amplia variedad de opciones tonales. El modelo de puente JB Jr. llevar\u00e1 la posici\u00f3n de tu puente Strat a un nivel completamente nuevo. Este humbucker de tama\u00f1o single-coil de alto rendimiento te brindar\u00e1 agradables acordes crujientes y un tono lead que puede gritar, con un rango medio superior. Habr\u00e1 toneladas de brillo arm\u00f3nico brillante y un low-end bien enfocado. La posici\u00f3n central Duckbucker est\u00e1 ah\u00ed para agregar ese tono single-coil brillante en las posiciones 2, 3 y 4. Su patr\u00f3n \u00fanico de polos dividido con 3 polos en cada bobina, tambi\u00e9n contribuye al rebote del single-coil y a los low-end r\u00e1pidos. El Little 59 en la posici\u00f3n del brazo tiene una respuesta agradable y equilibrada similar a la P.A.F. para acordes grandes y completos y solos gruesos y contundentes. Tienen esa agradable mezcla de calidez y mordedura cuando las utilizas. Fabricadas a mano en Santa B\u00e1rbara, California, todas estas pastillas usan un im\u00e1n de cer\u00e1mica, vienen con un cable de 4 conductores para m\u00faltiples opciones de cableado y est\u00e1n recubiertas de cera para un funcionamiento sin chirridos. Todos los sets, excepto el modelo exclusivo de Jimi Hendrix, vienen con un RWRP medio como pastilla central (reverse wind\/reverse polarity): Elije esta opci\u00f3n para obtener una pastilla que cancele el zumbido con uno de nuestros modelos de brazo o puente.<\/div>\n<div>\n<h4>Quick look<\/h4>\n<\/div>\n<ul style=\"margin: 0px 0px 0px 25px\">\n<li style=\"list-style-type: circle;margin: 5px\">Modelo.<\/li>\n<li style=\"list-style-type: circle;margin: 5px\">Posici\u00f3n.<\/li>\n<li style=\"list-style-type: circle;margin: 5px\">Espaciado.<\/li>\n<li style=\"list-style-type: circle;margin: 5px\">Alambrado.<\/li>\n<li style=\"list-style-type: circle;margin: 5px\">Im\u00e1n.<\/li>\n<li style=\"list-style-type: circle;margin: 5px\">Resistencia.<\/li>\n<\/ul>\n<div>\n<div style=\"font-weight: bold\">Modelo.<\/div>\n<div>\n<p>Everything Axe.<\/p>\n<\/div>\n<div style=\"font-weight: bold\">Posici\u00f3n.<\/div>\n<div>\n<p>Para brazo, centro y puente.<\/p>\n<\/div>\n<div style=\"font-weight: bold\">Espaciado.<\/div>\n<div>\n<p>Est\u00e1ndar.<\/p>\n<\/div>\n<div style=\"font-weight: bold\">Alambrado.<\/div>\n<div>\n<p>4 conductores, blindado.<\/p>\n<\/div>\n<div style=\"font-weight: bold\">Im\u00e1n.<\/div>\n<div>\n<p>Cer\u00e1mica.<\/p>\n<\/div>\n<div style=\"font-weight: bold\">Resistencia.<\/div>\n<div>\n<p>Brazo: 9.80 kilo-ohms. Centro: 2.50 kilo-ohms. Puente: 10.05 kilo-ohms.<\/p>\n<\/div>\n<\/div>\n<\/div>","protected":false},"excerpt":{"rendered":"<p>Set de pastillas humbuckers ultra vers\u00e1til de tama\u00f1o single-coil, consta de un puente JB Jr, un central Duckbucker y un brazo Little 59,  cubierta color blanco, im\u00e1n: cer\u00e1mica, cableado: 4 conductores, blindado, tipo: pasivo, resistencia brazo: 9.80 kilo-ohms, resistencia centro: 2.50 kilo-ohms, resistencia puente: 10.05 kilo-ohms.&hellip; <a class=\"kt-excerpt-readmore more-link\" href=\"https:\/\/www.mexicanguitarplayers.com\/en\/tienda\/accesorios\/para-guitarras\/pastillas-para-guitarra-electrica\/pastillas-sd-juego-sc-everything-axe-str\/\">Read more<\/a><\/p>","protected":false},"featured_media":38321,"comment_status":"open","ping_status":"closed","template":"","meta":{"kt_blocks_editor_width":""},"pwb-brand":[502],"product_brand":[],"product_cat":[85,336,353],"product_tag":[],"class_list":{"0":"post-38326","1":"product","2":"type-product","3":"status-publish","4":"has-post-thumbnail","6":"pwb-brand-seymour-duncan","7":"product_cat-accesorios","8":"product_cat-para-guitarras","9":"product_cat-pastillas-para-guitarra-electrica","10":"product_shipping_class-0-5-kg","12":"first","13":"outofstock","14":"taxable","15":"shipping-taxable","16":"purchasable","17":"product-type-simple"},"yoast_head":"<!-- This site is optimized with the Yoast SEO plugin v27.5 - https:\/\/yoast.com\/product\/yoast-seo-wordpress\/ -->\n<title>PASTILLAS SD JUEGO SC EVERYTHING AXE STR - Mexican Guitar Players<\/title>\n<meta name=\"description\" content=\"Set de pastillas humbuckers ultra vers\u00e1til de tama\u00f1o single-coil, consta de un puente JB Jr, un central Duckbucker y un brazo Little 59, cubierta color blanco, im\u00e1n: cer\u00e1mica, cableado: 4 conductores, blindado, tipo: pasivo, resistencia brazo: 9.80 kilo-ohms, resistencia centro: 2.50 kilo-ohms, resistencia puente: 10.05 kilo-ohms.\" \/>\n<meta name=\"robots\" content=\"index, follow, max-snippet:-1, max-image-preview:large, max-video-preview:-1\" \/>\n<link rel=\"canonical\" href=\"https:\/\/www.mexicanguitarplayers.com\/en\/tienda\/sin%20categor\u00eda\/pastillas-sd-juego-sc-everything-axe-str\/\" \/>\n<meta property=\"og:locale\" content=\"en_US\" \/>\n<meta property=\"og:type\" content=\"article\" \/>\n<meta property=\"og:title\" content=\"PASTILLAS SD JUEGO SC EVERYTHING AXE STR - Mexican Guitar Players\" \/>\n<meta property=\"og:description\" content=\"Set de pastillas humbuckers ultra vers\u00e1til de tama\u00f1o single-coil, consta de un puente JB Jr, un central Duckbucker y un brazo Little 59, cubierta color blanco, im\u00e1n: cer\u00e1mica, cableado: 4 conductores, blindado, tipo: pasivo, resistencia brazo: 9.80 kilo-ohms, resistencia centro: 2.50 kilo-ohms, resistencia puente: 10.05 kilo-ohms.\" \/>\n<meta property=\"og:url\" content=\"https:\/\/www.mexicanguitarplayers.com\/en\/tienda\/sin categor\u00eda\/pastillas-sd-juego-sc-everything-axe-str\/\" \/>\n<meta property=\"og:site_name\" content=\"Mexican Guitar Players\" \/>\n<meta property=\"article:modified_time\" content=\"2026-04-10T10:23:06+00:00\" \/>\n<meta name=\"twitter:card\" content=\"summary_large_image\" \/>\n<meta name=\"twitter:label1\" content=\"Est. reading time\" \/>\n\t<meta name=\"twitter:data1\" content=\"1 minute\" \/>\n<script type=\"application\/ld+json\" class=\"yoast-schema-graph\">{\"@context\":\"https:\\\/\\\/schema.org\",\"@graph\":[{\"@type\":[\"WebPage\",\"ItemPage\"],\"@id\":\"https:\\\/\\\/www.mexicanguitarplayers.com\\\/tienda\\\/sin categor\u00eda\\\/pastillas-sd-juego-sc-everything-axe-str\\\/\",\"url\":\"https:\\\/\\\/www.mexicanguitarplayers.com\\\/tienda\\\/sin categor\u00eda\\\/pastillas-sd-juego-sc-everything-axe-str\\\/\",\"name\":\"PASTILLAS SD JUEGO SC EVERYTHING AXE STR - Mexican Guitar Players\",\"isPartOf\":{\"@id\":\"https:\\\/\\\/www.mexicanguitarplayers.com\\\/#website\"},\"primaryImageOfPage\":{\"@id\":\"https:\\\/\\\/www.mexicanguitarplayers.com\\\/tienda\\\/sin categor\u00eda\\\/pastillas-sd-juego-sc-everything-axe-str\\\/#primaryimage\"},\"image\":{\"@id\":\"https:\\\/\\\/www.mexicanguitarplayers.com\\\/tienda\\\/sin categor\u00eda\\\/pastillas-sd-juego-sc-everything-axe-str\\\/#primaryimage\"},\"thumbnailUrl\":\"https:\\\/\\\/www.mexicanguitarplayers.com\\\/wp-content\\\/uploads\\\/2025\\\/04\\\/RASEOEVEAXWSET.jpg\",\"datePublished\":\"2025-04-09T12:05:25+00:00\",\"dateModified\":\"2026-04-10T10:23:06+00:00\",\"description\":\"Set de pastillas humbuckers ultra vers\u00e1til de tama\u00f1o single-coil, consta de un puente JB Jr, un central Duckbucker y un brazo Little 59, cubierta color blanco, im\u00e1n: cer\u00e1mica, cableado: 4 conductores, blindado, tipo: pasivo, resistencia brazo: 9.80 kilo-ohms, resistencia centro: 2.50 kilo-ohms, resistencia puente: 10.05 kilo-ohms.\",\"breadcrumb\":{\"@id\":\"https:\\\/\\\/www.mexicanguitarplayers.com\\\/tienda\\\/sin categor\u00eda\\\/pastillas-sd-juego-sc-everything-axe-str\\\/#breadcrumb\"},\"inLanguage\":\"en-US\",\"potentialAction\":[{\"@type\":\"ReadAction\",\"target\":[\"https:\\\/\\\/www.mexicanguitarplayers.com\\\/tienda\\\/sin categor\u00eda\\\/pastillas-sd-juego-sc-everything-axe-str\\\/\"]}]},{\"@type\":\"ImageObject\",\"inLanguage\":\"en-US\",\"@id\":\"https:\\\/\\\/www.mexicanguitarplayers.com\\\/tienda\\\/sin categor\u00eda\\\/pastillas-sd-juego-sc-everything-axe-str\\\/#primaryimage\",\"url\":\"https:\\\/\\\/www.mexicanguitarplayers.com\\\/wp-content\\\/uploads\\\/2025\\\/04\\\/RASEOEVEAXWSET.jpg\",\"contentUrl\":\"https:\\\/\\\/www.mexicanguitarplayers.com\\\/wp-content\\\/uploads\\\/2025\\\/04\\\/RASEOEVEAXWSET.jpg\",\"width\":1200,\"height\":1200},{\"@type\":\"BreadcrumbList\",\"@id\":\"https:\\\/\\\/www.mexicanguitarplayers.com\\\/tienda\\\/sin categor\u00eda\\\/pastillas-sd-juego-sc-everything-axe-str\\\/#breadcrumb\",\"itemListElement\":[{\"@type\":\"ListItem\",\"position\":1,\"name\":\"Portada\",\"item\":\"https:\\\/\\\/www.mexicanguitarplayers.com\\\/\"},{\"@type\":\"ListItem\",\"position\":2,\"name\":\"Tienda\",\"item\":\"https:\\\/\\\/www.mexicanguitarplayers.com\\\/tienda\\\/\"},{\"@type\":\"ListItem\",\"position\":3,\"name\":\"PASTILLAS SD JUEGO SC EVERYTHING AXE STR\"}]},{\"@type\":\"WebSite\",\"@id\":\"https:\\\/\\\/www.mexicanguitarplayers.com\\\/#website\",\"url\":\"https:\\\/\\\/www.mexicanguitarplayers.com\\\/\",\"name\":\"Mexican Guitar Players\",\"description\":\"Website\",\"publisher\":{\"@id\":\"https:\\\/\\\/www.mexicanguitarplayers.com\\\/#organization\"},\"potentialAction\":[{\"@type\":\"SearchAction\",\"target\":{\"@type\":\"EntryPoint\",\"urlTemplate\":\"https:\\\/\\\/www.mexicanguitarplayers.com\\\/?s={search_term_string}\"},\"query-input\":{\"@type\":\"PropertyValueSpecification\",\"valueRequired\":true,\"valueName\":\"search_term_string\"}}],\"inLanguage\":\"en-US\"},{\"@type\":\"Organization\",\"@id\":\"https:\\\/\\\/www.mexicanguitarplayers.com\\\/#organization\",\"name\":\"Mexican Guitar Players\",\"url\":\"https:\\\/\\\/www.mexicanguitarplayers.com\\\/\",\"logo\":{\"@type\":\"ImageObject\",\"inLanguage\":\"en-US\",\"@id\":\"https:\\\/\\\/www.mexicanguitarplayers.com\\\/#\\\/schema\\\/logo\\\/image\\\/\",\"url\":\"\",\"contentUrl\":\"\",\"caption\":\"Mexican Guitar Players\"},\"image\":{\"@id\":\"https:\\\/\\\/www.mexicanguitarplayers.com\\\/#\\\/schema\\\/logo\\\/image\\\/\"}}]}<\/script>\n<!-- \/ Yoast SEO plugin. -->","yoast_head_json":{"title":"PASTILLAS SD JUEGO SC EVERYTHING AXE STR - Mexican Guitar Players","description":"Set de pastillas humbuckers ultra vers\u00e1til de tama\u00f1o single-coil, consta de un puente JB Jr, un central Duckbucker y un brazo Little 59, cubierta color blanco, im\u00e1n: cer\u00e1mica, cableado: 4 conductores, blindado, tipo: pasivo, resistencia brazo: 9.80 kilo-ohms, resistencia centro: 2.50 kilo-ohms, resistencia puente: 10.05 kilo-ohms.","robots":{"index":"index","follow":"follow","max-snippet":"max-snippet:-1","max-image-preview":"max-image-preview:large","max-video-preview":"max-video-preview:-1"},"canonical":"https:\/\/www.mexicanguitarplayers.com\/en\/tienda\/sin categor\u00eda\/pastillas-sd-juego-sc-everything-axe-str\/","og_locale":"en_US","og_type":"article","og_title":"PASTILLAS SD JUEGO SC EVERYTHING AXE STR - Mexican Guitar Players","og_description":"Set de pastillas humbuckers ultra vers\u00e1til de tama\u00f1o single-coil, consta de un puente JB Jr, un central Duckbucker y un brazo Little 59, cubierta color blanco, im\u00e1n: cer\u00e1mica, cableado: 4 conductores, blindado, tipo: pasivo, resistencia brazo: 9.80 kilo-ohms, resistencia centro: 2.50 kilo-ohms, resistencia puente: 10.05 kilo-ohms.","og_url":"https:\/\/www.mexicanguitarplayers.com\/en\/tienda\/sin categor\u00eda\/pastillas-sd-juego-sc-everything-axe-str\/","og_site_name":"Mexican Guitar Players","article_modified_time":"2026-04-10T10:23:06+00:00","twitter_card":"summary_large_image","twitter_misc":{"Est. reading time":"1 minute"},"schema":{"@context":"https:\/\/schema.org","@graph":[{"@type":["WebPage","ItemPage"],"@id":"https:\/\/www.mexicanguitarplayers.com\/tienda\/sin categor\u00eda\/pastillas-sd-juego-sc-everything-axe-str\/","url":"https:\/\/www.mexicanguitarplayers.com\/tienda\/sin categor\u00eda\/pastillas-sd-juego-sc-everything-axe-str\/","name":"PASTILLAS SD JUEGO SC EVERYTHING AXE STR - Mexican Guitar Players","isPartOf":{"@id":"https:\/\/www.mexicanguitarplayers.com\/#website"},"primaryImageOfPage":{"@id":"https:\/\/www.mexicanguitarplayers.com\/tienda\/sin categor\u00eda\/pastillas-sd-juego-sc-everything-axe-str\/#primaryimage"},"image":{"@id":"https:\/\/www.mexicanguitarplayers.com\/tienda\/sin categor\u00eda\/pastillas-sd-juego-sc-everything-axe-str\/#primaryimage"},"thumbnailUrl":"https:\/\/www.mexicanguitarplayers.com\/wp-content\/uploads\/2025\/04\/RASEOEVEAXWSET.jpg","datePublished":"2025-04-09T12:05:25+00:00","dateModified":"2026-04-10T10:23:06+00:00","description":"Set de pastillas humbuckers ultra vers\u00e1til de tama\u00f1o single-coil, consta de un puente JB Jr, un central Duckbucker y un brazo Little 59, cubierta color blanco, im\u00e1n: cer\u00e1mica, cableado: 4 conductores, blindado, tipo: pasivo, resistencia brazo: 9.80 kilo-ohms, resistencia centro: 2.50 kilo-ohms, resistencia puente: 10.05 kilo-ohms.","breadcrumb":{"@id":"https:\/\/www.mexicanguitarplayers.com\/tienda\/sin categor\u00eda\/pastillas-sd-juego-sc-everything-axe-str\/#breadcrumb"},"inLanguage":"en-US","potentialAction":[{"@type":"ReadAction","target":["https:\/\/www.mexicanguitarplayers.com\/tienda\/sin categor\u00eda\/pastillas-sd-juego-sc-everything-axe-str\/"]}]},{"@type":"ImageObject","inLanguage":"en-US","@id":"https:\/\/www.mexicanguitarplayers.com\/tienda\/sin categor\u00eda\/pastillas-sd-juego-sc-everything-axe-str\/#primaryimage","url":"https:\/\/www.mexicanguitarplayers.com\/wp-content\/uploads\/2025\/04\/RASEOEVEAXWSET.jpg","contentUrl":"https:\/\/www.mexicanguitarplayers.com\/wp-content\/uploads\/2025\/04\/RASEOEVEAXWSET.jpg","width":1200,"height":1200},{"@type":"BreadcrumbList","@id":"https:\/\/www.mexicanguitarplayers.com\/tienda\/sin categor\u00eda\/pastillas-sd-juego-sc-everything-axe-str\/#breadcrumb","itemListElement":[{"@type":"ListItem","position":1,"name":"Portada","item":"https:\/\/www.mexicanguitarplayers.com\/"},{"@type":"ListItem","position":2,"name":"Tienda","item":"https:\/\/www.mexicanguitarplayers.com\/tienda\/"},{"@type":"ListItem","position":3,"name":"PASTILLAS SD JUEGO SC EVERYTHING AXE STR"}]},{"@type":"WebSite","@id":"https:\/\/www.mexicanguitarplayers.com\/#website","url":"https:\/\/www.mexicanguitarplayers.com\/","name":"Mexican Guitar Players","description":"Website","publisher":{"@id":"https:\/\/www.mexicanguitarplayers.com\/#organization"},"potentialAction":[{"@type":"SearchAction","target":{"@type":"EntryPoint","urlTemplate":"https:\/\/www.mexicanguitarplayers.com\/?s={search_term_string}"},"query-input":{"@type":"PropertyValueSpecification","valueRequired":true,"valueName":"search_term_string"}}],"inLanguage":"en-US"},{"@type":"Organization","@id":"https:\/\/www.mexicanguitarplayers.com\/#organization","name":"Mexican Guitar Players","url":"https:\/\/www.mexicanguitarplayers.com\/","logo":{"@type":"ImageObject","inLanguage":"en-US","@id":"https:\/\/www.mexicanguitarplayers.com\/#\/schema\/logo\/image\/","url":"","contentUrl":"","caption":"Mexican Guitar Players"},"image":{"@id":"https:\/\/www.mexicanguitarplayers.com\/#\/schema\/logo\/image\/"}}]}},"brands":[{"id":502,"name":"SEYMOUR DUNCAN","slug":"seymour-duncan"}],"_links":{"self":[{"href":"https:\/\/www.mexicanguitarplayers.com\/en\/wp-json\/wp\/v2\/product\/38326","targetHints":{"allow":["GET"]}}],"collection":[{"href":"https:\/\/www.mexicanguitarplayers.com\/en\/wp-json\/wp\/v2\/product"}],"about":[{"href":"https:\/\/www.mexicanguitarplayers.com\/en\/wp-json\/wp\/v2\/types\/product"}],"replies":[{"embeddable":true,"href":"https:\/\/www.mexicanguitarplayers.com\/en\/wp-json\/wp\/v2\/comments?post=38326"}],"wp:featuredmedia":[{"embeddable":true,"href":"https:\/\/www.mexicanguitarplayers.com\/en\/wp-json\/wp\/v2\/media\/38321"}],"wp:attachment":[{"href":"https:\/\/www.mexicanguitarplayers.com\/en\/wp-json\/wp\/v2\/media?parent=38326"}],"wp:term":[{"taxonomy":"pwb-brand","embeddable":true,"href":"https:\/\/www.mexicanguitarplayers.com\/en\/wp-json\/wp\/v2\/pwb-brand?post=38326"},{"taxonomy":"product_brand","embeddable":true,"href":"https:\/\/www.mexicanguitarplayers.com\/en\/wp-json\/wp\/v2\/product_brand?post=38326"},{"taxonomy":"product_cat","embeddable":true,"href":"https:\/\/www.mexicanguitarplayers.com\/en\/wp-json\/wp\/v2\/product_cat?post=38326"},{"taxonomy":"product_tag","embeddable":true,"href":"https:\/\/www.mexicanguitarplayers.com\/en\/wp-json\/wp\/v2\/product_tag?post=38326"}],"curies":[{"name":"wp","href":"https:\/\/api.w.org\/{rel}","templated":true}]}}