{"id":38349,"date":"2025-04-09T06:05:59","date_gmt":"2025-04-09T12:05:59","guid":{"rendered":"https:\/\/www.mexicanguitarplayers.com\/tienda\/sin categor\u00eda\/rack-skb-semirigido-4-esp-1skb-sc194u\/"},"modified":"2026-04-10T04:23:02","modified_gmt":"2026-04-10T10:23:02","slug":"rack-skb-semirigido-4-esp-1skb-sc194u","status":"publish","type":"product","link":"https:\/\/www.mexicanguitarplayers.com\/en\/tienda\/accesorios\/para-audio\/rack\/rack-skb-semirigido-4-esp-1skb-sc194u\/","title":{"rendered":"RACK SKB SEMIRIGIDO 4 ESP. 1SKB-SC194U"},"content":{"rendered":"<div style=\"text-align: justify\">\n<div>\n<h3>Un gran estuche semi r\u00edgido.<\/h3>\n<\/div>\n<div>Dise\u00f1ado principalmente para sistemas de microfon\u00eda inal\u00e1mbrica, el 1SKB-SC194U es un estuche con tama\u00f1o de 4U que presenta un n\u00facleo de madera cubierto de nylon Denier 600 e incluye una correa ajustable para el hombro y un asa de lazo para un f\u00e1cil transporte. La profundidad de 14.5&#8243; (riel frontal a solapa posterior) brinda suficiente espacio para los sistemas inal\u00e1mbricos m\u00e1s populares y tambi\u00e9n es una soluci\u00f3n ideal para preamplificadores, efectos, etc. Las tapas frontal y posterior acolchadas, tienen resistentes cierres que permiten que las solapas se abran completamente y se plieguen por debajo. Una gran bolsa con cierre en la solapa frontal interior proporciona un excelente almacenamiento para antenas de micr\u00f3fono inal\u00e1mbricas. La gran bolsa exterior con cierre es ideal para cables y body packs. Los rieles de acero roscados del rack est\u00e1n empotrados para brindar protecci\u00f3n a los controles del quipo sin inhibir la colocaci\u00f3n correcta de las antenas.<\/div>\n<div>\n<h4>Quick look<\/h4>\n<\/div>\n<ul style=\"margin: 0px 0px 0px 25px\">\n<li style=\"list-style-type: circle;margin: 5px\">Ancho interior.<\/li>\n<li style=\"list-style-type: circle;margin: 5px\">Profundidad interior.<\/li>\n<li style=\"list-style-type: circle;margin: 5px\">Longitud exterior.<\/li>\n<li style=\"list-style-type: circle;margin: 5px\">Ancho exterior.<\/li>\n<li style=\"list-style-type: circle;margin: 5px\">Profundidad exterior.<\/li>\n<li style=\"list-style-type: circle;margin: 5px\">Unidades de rack totales.<\/li>\n<li style=\"list-style-type: circle;margin: 5px\">Profundidad de rack de riel a tapa trasera.<\/li>\n<li style=\"list-style-type: circle;margin: 5px\">Profundidad de la tapa.<\/li>\n<li style=\"list-style-type: circle;margin: 5px\">Weight.<\/li>\n<\/ul>\n<div>\n<div style=\"font-weight: bold\">Ancho interior.<\/div>\n<div>\n<p>48.26 cm.<\/p>\n<\/div>\n<div style=\"font-weight: bold\">Profundidad interior.<\/div>\n<div>\n<p>17.78 cm.<\/p>\n<\/div>\n<div style=\"font-weight: bold\">Longitud exterior.<\/div>\n<div>\n<p>44.45 cm.<\/p>\n<\/div>\n<div style=\"font-weight: bold\">Ancho exterior.<\/div>\n<div>\n<p>52.71 cm.<\/p>\n<\/div>\n<div style=\"font-weight: bold\">Profundidad exterior.<\/div>\n<div>\n<p>26.04 cm.<\/p>\n<\/div>\n<div style=\"font-weight: bold\">Unidades de rack totales.<\/div>\n<div>\n<p>4.<\/p>\n<\/div>\n<div style=\"font-weight: bold\">Profundidad de rack de riel a tapa trasera.<\/div>\n<div>\n<p>36.83 cm.<\/p>\n<\/div>\n<div style=\"font-weight: bold\">Profundidad de la tapa.<\/div>\n<div>\n<p>3.18 cm.<\/p>\n<\/div>\n<div style=\"font-weight: bold\">Weight.<\/div>\n<div>\n<p>4.60 kg.<\/p>\n<\/div>\n<\/div>\n<div>\n<h4>Characteristics<\/h4>\n<\/div>\n<div>\n<ul style=\"margin: 0px 0px 0px 25px\">\n<li style=\"list-style-type: circle;margin: 5px\">Fabricado con un n\u00facleo de madera cubierto por nylon Denier 600.<\/li>\n<li style=\"list-style-type: circle;margin: 5px\">Correa de hombro ajustable y asa de lazo para un f\u00e1cil transporte.<\/li>\n<li style=\"list-style-type: circle;margin: 5px\">Profundidad de 14.5&#8243; (riel frontal a solapa superior).<\/li>\n<li style=\"list-style-type: circle;margin: 5px\">Tapas delanteras y traseras acolchadas y con resistentes cierres.<\/li>\n<li style=\"list-style-type: circle;margin: 5px\">Bolsa exterior con cierre ideal para cables o body packs.<\/li>\n<li style=\"list-style-type: circle;margin: 5px\">Bolsa frontal interior para antenas de micr\u00f3fonos inal\u00e1mbricos.<\/li>\n<li style=\"list-style-type: circle;margin: 5px\">Rieles de acero roscados empotrados.<\/li>\n<\/ul>\n<\/div>\n<\/div>","protected":false},"excerpt":{"rendered":"<p>Estuche semi r\u00edgido de 4 espacios, dise\u00f1ado principalmente para sistemas de microfon\u00eda inal\u00e1mbrica, n\u00facleo de madera cubierto por nylon Denier 600, correa de hombro ajustable y asa de lazo para un f\u00e1cil transporte, profundidad de 14.5\u201d (riel frontal a solapa superior), tapas delanteras y traseras acolchadas y con resistentes cierres, bolsa exterior con cierre ideal para cables o body packs, bolsa frontal interior que proporciona un excelente almacenamiento de antenas de micr\u00f3fonos inal\u00e1mbricos, rieles de acero roscados empotrados, ancho interior: 48.26 cm, profundidad interior: 17.78 cm, longitud exterior: 44.45 cm, ancho exterior: 52.71 cm, profundidad exterior: 26.04 cm, profundidad de rack de riel a tapa trasera: 36.83 cm, profundidad de la tapa: 3.18 cm, peso: 4.60 kg.&hellip; <a class=\"kt-excerpt-readmore more-link\" href=\"https:\/\/www.mexicanguitarplayers.com\/en\/tienda\/accesorios\/para-audio\/rack\/rack-skb-semirigido-4-esp-1skb-sc194u\/\">Read more<\/a><\/p>","protected":false},"featured_media":38346,"comment_status":"open","ping_status":"closed","template":"","meta":{"kt_blocks_editor_width":""},"pwb-brand":[609],"product_brand":[],"product_cat":[85,410,411],"product_tag":[],"class_list":{"0":"post-38349","1":"product","2":"type-product","3":"status-publish","4":"has-post-thumbnail","6":"pwb-brand-skb","7":"product_cat-accesorios","8":"product_cat-para-audio","9":"product_cat-rack","10":"product_shipping_class-5-10-kg","12":"first","13":"outofstock","14":"taxable","15":"shipping-taxable","16":"purchasable","17":"product-type-simple"},"yoast_head":"<!-- This site is optimized with the Yoast SEO plugin v27.5 - https:\/\/yoast.com\/product\/yoast-seo-wordpress\/ -->\n<title>RACK SKB SEMIRIGIDO 4 ESP. 1SKB-SC194U - Mexican Guitar Players<\/title>\n<meta name=\"description\" content=\"Estuche semi r\u00edgido de 4 espacios, dise\u00f1ado principalmente para sistemas de microfon\u00eda inal\u00e1mbrica, n\u00facleo de madera cubierto por nylon Denier 600, correa de hombro ajustable y asa de lazo para un f\u00e1cil transporte, profundidad de 14.5\u201d (riel frontal a solapa superior), tapas delanteras y traseras acolchadas y con resistentes cierres, bolsa exterior con cierre ideal para cables o body packs, bolsa frontal interior que proporciona un excelente almacenamiento de antenas de micr\u00f3fonos inal\u00e1mbricos, rieles de acero roscados empotrados, ancho interior: 48.26 cm, profundidad interior: 17.78 cm, longitud exterior: 44.45 cm, ancho exterior: 52.71 cm, profundidad exterior: 26.04 cm, profundidad de rack de riel a tapa trasera: 36.83 cm, profundidad de la tapa: 3.18 cm, peso: 4.60 kg.\" \/>\n<meta name=\"robots\" content=\"index, follow, max-snippet:-1, max-image-preview:large, max-video-preview:-1\" \/>\n<link rel=\"canonical\" href=\"https:\/\/www.mexicanguitarplayers.com\/en\/tienda\/sin%20categor\u00eda\/rack-skb-semirigido-4-esp-1skb-sc194u\/\" \/>\n<meta property=\"og:locale\" content=\"en_US\" \/>\n<meta property=\"og:type\" content=\"article\" \/>\n<meta property=\"og:title\" content=\"RACK SKB SEMIRIGIDO 4 ESP. 1SKB-SC194U - Mexican Guitar Players\" \/>\n<meta property=\"og:description\" content=\"Estuche semi r\u00edgido de 4 espacios, dise\u00f1ado principalmente para sistemas de microfon\u00eda inal\u00e1mbrica, n\u00facleo de madera cubierto por nylon Denier 600, correa de hombro ajustable y asa de lazo para un f\u00e1cil transporte, profundidad de 14.5\u201d (riel frontal a solapa superior), tapas delanteras y traseras acolchadas y con resistentes cierres, bolsa exterior con cierre ideal para cables o body packs, bolsa frontal interior que proporciona un excelente almacenamiento de antenas de micr\u00f3fonos inal\u00e1mbricos, rieles de acero roscados empotrados, ancho interior: 48.26 cm, profundidad interior: 17.78 cm, longitud exterior: 44.45 cm, ancho exterior: 52.71 cm, profundidad exterior: 26.04 cm, profundidad de rack de riel a tapa trasera: 36.83 cm, profundidad de la tapa: 3.18 cm, peso: 4.60 kg.\" \/>\n<meta property=\"og:url\" content=\"https:\/\/www.mexicanguitarplayers.com\/en\/tienda\/sin categor\u00eda\/rack-skb-semirigido-4-esp-1skb-sc194u\/\" \/>\n<meta property=\"og:site_name\" content=\"Mexican Guitar Players\" \/>\n<meta property=\"article:modified_time\" content=\"2026-04-10T10:23:02+00:00\" \/>\n<meta name=\"twitter:card\" content=\"summary_large_image\" \/>\n<meta name=\"twitter:label1\" content=\"Est. reading time\" \/>\n\t<meta name=\"twitter:data1\" content=\"1 minute\" \/>\n<script type=\"application\/ld+json\" class=\"yoast-schema-graph\">{\"@context\":\"https:\\\/\\\/schema.org\",\"@graph\":[{\"@type\":[\"WebPage\",\"ItemPage\"],\"@id\":\"https:\\\/\\\/www.mexicanguitarplayers.com\\\/tienda\\\/sin categor\u00eda\\\/rack-skb-semirigido-4-esp-1skb-sc194u\\\/\",\"url\":\"https:\\\/\\\/www.mexicanguitarplayers.com\\\/tienda\\\/sin categor\u00eda\\\/rack-skb-semirigido-4-esp-1skb-sc194u\\\/\",\"name\":\"RACK SKB SEMIRIGIDO 4 ESP. 1SKB-SC194U - Mexican Guitar Players\",\"isPartOf\":{\"@id\":\"https:\\\/\\\/www.mexicanguitarplayers.com\\\/#website\"},\"primaryImageOfPage\":{\"@id\":\"https:\\\/\\\/www.mexicanguitarplayers.com\\\/tienda\\\/sin categor\u00eda\\\/rack-skb-semirigido-4-esp-1skb-sc194u\\\/#primaryimage\"},\"image\":{\"@id\":\"https:\\\/\\\/www.mexicanguitarplayers.com\\\/tienda\\\/sin categor\u00eda\\\/rack-skb-semirigido-4-esp-1skb-sc194u\\\/#primaryimage\"},\"thumbnailUrl\":\"https:\\\/\\\/www.mexicanguitarplayers.com\\\/wp-content\\\/uploads\\\/2025\\\/04\\\/VASKB1SKBSC194.jpg\",\"datePublished\":\"2025-04-09T12:05:59+00:00\",\"dateModified\":\"2026-04-10T10:23:02+00:00\",\"description\":\"Estuche semi r\u00edgido de 4 espacios, dise\u00f1ado principalmente para sistemas de microfon\u00eda inal\u00e1mbrica, n\u00facleo de madera cubierto por nylon Denier 600, correa de hombro ajustable y asa de lazo para un f\u00e1cil transporte, profundidad de 14.5\u201d (riel frontal a solapa superior), tapas delanteras y traseras acolchadas y con resistentes cierres, bolsa exterior con cierre ideal para cables o body packs, bolsa frontal interior que proporciona un excelente almacenamiento de antenas de micr\u00f3fonos inal\u00e1mbricos, rieles de acero roscados empotrados, ancho interior: 48.26 cm, profundidad interior: 17.78 cm, longitud exterior: 44.45 cm, ancho exterior: 52.71 cm, profundidad exterior: 26.04 cm, profundidad de rack de riel a tapa trasera: 36.83 cm, profundidad de la tapa: 3.18 cm, peso: 4.60 kg.\",\"breadcrumb\":{\"@id\":\"https:\\\/\\\/www.mexicanguitarplayers.com\\\/tienda\\\/sin categor\u00eda\\\/rack-skb-semirigido-4-esp-1skb-sc194u\\\/#breadcrumb\"},\"inLanguage\":\"en-US\",\"potentialAction\":[{\"@type\":\"ReadAction\",\"target\":[\"https:\\\/\\\/www.mexicanguitarplayers.com\\\/tienda\\\/sin categor\u00eda\\\/rack-skb-semirigido-4-esp-1skb-sc194u\\\/\"]}]},{\"@type\":\"ImageObject\",\"inLanguage\":\"en-US\",\"@id\":\"https:\\\/\\\/www.mexicanguitarplayers.com\\\/tienda\\\/sin categor\u00eda\\\/rack-skb-semirigido-4-esp-1skb-sc194u\\\/#primaryimage\",\"url\":\"https:\\\/\\\/www.mexicanguitarplayers.com\\\/wp-content\\\/uploads\\\/2025\\\/04\\\/VASKB1SKBSC194.jpg\",\"contentUrl\":\"https:\\\/\\\/www.mexicanguitarplayers.com\\\/wp-content\\\/uploads\\\/2025\\\/04\\\/VASKB1SKBSC194.jpg\",\"width\":1200,\"height\":1200},{\"@type\":\"BreadcrumbList\",\"@id\":\"https:\\\/\\\/www.mexicanguitarplayers.com\\\/tienda\\\/sin categor\u00eda\\\/rack-skb-semirigido-4-esp-1skb-sc194u\\\/#breadcrumb\",\"itemListElement\":[{\"@type\":\"ListItem\",\"position\":1,\"name\":\"Portada\",\"item\":\"https:\\\/\\\/www.mexicanguitarplayers.com\\\/\"},{\"@type\":\"ListItem\",\"position\":2,\"name\":\"Tienda\",\"item\":\"https:\\\/\\\/www.mexicanguitarplayers.com\\\/tienda\\\/\"},{\"@type\":\"ListItem\",\"position\":3,\"name\":\"RACK SKB SEMIRIGIDO 4 ESP. 1SKB-SC194U\"}]},{\"@type\":\"WebSite\",\"@id\":\"https:\\\/\\\/www.mexicanguitarplayers.com\\\/#website\",\"url\":\"https:\\\/\\\/www.mexicanguitarplayers.com\\\/\",\"name\":\"Mexican Guitar Players\",\"description\":\"Website\",\"publisher\":{\"@id\":\"https:\\\/\\\/www.mexicanguitarplayers.com\\\/#organization\"},\"potentialAction\":[{\"@type\":\"SearchAction\",\"target\":{\"@type\":\"EntryPoint\",\"urlTemplate\":\"https:\\\/\\\/www.mexicanguitarplayers.com\\\/?s={search_term_string}\"},\"query-input\":{\"@type\":\"PropertyValueSpecification\",\"valueRequired\":true,\"valueName\":\"search_term_string\"}}],\"inLanguage\":\"en-US\"},{\"@type\":\"Organization\",\"@id\":\"https:\\\/\\\/www.mexicanguitarplayers.com\\\/#organization\",\"name\":\"Mexican Guitar Players\",\"url\":\"https:\\\/\\\/www.mexicanguitarplayers.com\\\/\",\"logo\":{\"@type\":\"ImageObject\",\"inLanguage\":\"en-US\",\"@id\":\"https:\\\/\\\/www.mexicanguitarplayers.com\\\/#\\\/schema\\\/logo\\\/image\\\/\",\"url\":\"\",\"contentUrl\":\"\",\"caption\":\"Mexican Guitar Players\"},\"image\":{\"@id\":\"https:\\\/\\\/www.mexicanguitarplayers.com\\\/#\\\/schema\\\/logo\\\/image\\\/\"}}]}<\/script>\n<!-- \/ Yoast SEO plugin. -->","yoast_head_json":{"title":"RACK SKB SEMIRIGIDO 4 ESP. 1SKB-SC194U - Mexican Guitar Players","description":"Estuche semi r\u00edgido de 4 espacios, dise\u00f1ado principalmente para sistemas de microfon\u00eda inal\u00e1mbrica, n\u00facleo de madera cubierto por nylon Denier 600, correa de hombro ajustable y asa de lazo para un f\u00e1cil transporte, profundidad de 14.5\u201d (riel frontal a solapa superior), tapas delanteras y traseras acolchadas y con resistentes cierres, bolsa exterior con cierre ideal para cables o body packs, bolsa frontal interior que proporciona un excelente almacenamiento de antenas de micr\u00f3fonos inal\u00e1mbricos, rieles de acero roscados empotrados, ancho interior: 48.26 cm, profundidad interior: 17.78 cm, longitud exterior: 44.45 cm, ancho exterior: 52.71 cm, profundidad exterior: 26.04 cm, profundidad de rack de riel a tapa trasera: 36.83 cm, profundidad de la tapa: 3.18 cm, peso: 4.60 kg.","robots":{"index":"index","follow":"follow","max-snippet":"max-snippet:-1","max-image-preview":"max-image-preview:large","max-video-preview":"max-video-preview:-1"},"canonical":"https:\/\/www.mexicanguitarplayers.com\/en\/tienda\/sin categor\u00eda\/rack-skb-semirigido-4-esp-1skb-sc194u\/","og_locale":"en_US","og_type":"article","og_title":"RACK SKB SEMIRIGIDO 4 ESP. 1SKB-SC194U - Mexican Guitar Players","og_description":"Estuche semi r\u00edgido de 4 espacios, dise\u00f1ado principalmente para sistemas de microfon\u00eda inal\u00e1mbrica, n\u00facleo de madera cubierto por nylon Denier 600, correa de hombro ajustable y asa de lazo para un f\u00e1cil transporte, profundidad de 14.5\u201d (riel frontal a solapa superior), tapas delanteras y traseras acolchadas y con resistentes cierres, bolsa exterior con cierre ideal para cables o body packs, bolsa frontal interior que proporciona un excelente almacenamiento de antenas de micr\u00f3fonos inal\u00e1mbricos, rieles de acero roscados empotrados, ancho interior: 48.26 cm, profundidad interior: 17.78 cm, longitud exterior: 44.45 cm, ancho exterior: 52.71 cm, profundidad exterior: 26.04 cm, profundidad de rack de riel a tapa trasera: 36.83 cm, profundidad de la tapa: 3.18 cm, peso: 4.60 kg.","og_url":"https:\/\/www.mexicanguitarplayers.com\/en\/tienda\/sin categor\u00eda\/rack-skb-semirigido-4-esp-1skb-sc194u\/","og_site_name":"Mexican Guitar Players","article_modified_time":"2026-04-10T10:23:02+00:00","twitter_card":"summary_large_image","twitter_misc":{"Est. reading time":"1 minute"},"schema":{"@context":"https:\/\/schema.org","@graph":[{"@type":["WebPage","ItemPage"],"@id":"https:\/\/www.mexicanguitarplayers.com\/tienda\/sin categor\u00eda\/rack-skb-semirigido-4-esp-1skb-sc194u\/","url":"https:\/\/www.mexicanguitarplayers.com\/tienda\/sin categor\u00eda\/rack-skb-semirigido-4-esp-1skb-sc194u\/","name":"RACK SKB SEMIRIGIDO 4 ESP. 1SKB-SC194U - Mexican Guitar Players","isPartOf":{"@id":"https:\/\/www.mexicanguitarplayers.com\/#website"},"primaryImageOfPage":{"@id":"https:\/\/www.mexicanguitarplayers.com\/tienda\/sin categor\u00eda\/rack-skb-semirigido-4-esp-1skb-sc194u\/#primaryimage"},"image":{"@id":"https:\/\/www.mexicanguitarplayers.com\/tienda\/sin categor\u00eda\/rack-skb-semirigido-4-esp-1skb-sc194u\/#primaryimage"},"thumbnailUrl":"https:\/\/www.mexicanguitarplayers.com\/wp-content\/uploads\/2025\/04\/VASKB1SKBSC194.jpg","datePublished":"2025-04-09T12:05:59+00:00","dateModified":"2026-04-10T10:23:02+00:00","description":"Estuche semi r\u00edgido de 4 espacios, dise\u00f1ado principalmente para sistemas de microfon\u00eda inal\u00e1mbrica, n\u00facleo de madera cubierto por nylon Denier 600, correa de hombro ajustable y asa de lazo para un f\u00e1cil transporte, profundidad de 14.5\u201d (riel frontal a solapa superior), tapas delanteras y traseras acolchadas y con resistentes cierres, bolsa exterior con cierre ideal para cables o body packs, bolsa frontal interior que proporciona un excelente almacenamiento de antenas de micr\u00f3fonos inal\u00e1mbricos, rieles de acero roscados empotrados, ancho interior: 48.26 cm, profundidad interior: 17.78 cm, longitud exterior: 44.45 cm, ancho exterior: 52.71 cm, profundidad exterior: 26.04 cm, profundidad de rack de riel a tapa trasera: 36.83 cm, profundidad de la tapa: 3.18 cm, peso: 4.60 kg.","breadcrumb":{"@id":"https:\/\/www.mexicanguitarplayers.com\/tienda\/sin categor\u00eda\/rack-skb-semirigido-4-esp-1skb-sc194u\/#breadcrumb"},"inLanguage":"en-US","potentialAction":[{"@type":"ReadAction","target":["https:\/\/www.mexicanguitarplayers.com\/tienda\/sin categor\u00eda\/rack-skb-semirigido-4-esp-1skb-sc194u\/"]}]},{"@type":"ImageObject","inLanguage":"en-US","@id":"https:\/\/www.mexicanguitarplayers.com\/tienda\/sin categor\u00eda\/rack-skb-semirigido-4-esp-1skb-sc194u\/#primaryimage","url":"https:\/\/www.mexicanguitarplayers.com\/wp-content\/uploads\/2025\/04\/VASKB1SKBSC194.jpg","contentUrl":"https:\/\/www.mexicanguitarplayers.com\/wp-content\/uploads\/2025\/04\/VASKB1SKBSC194.jpg","width":1200,"height":1200},{"@type":"BreadcrumbList","@id":"https:\/\/www.mexicanguitarplayers.com\/tienda\/sin categor\u00eda\/rack-skb-semirigido-4-esp-1skb-sc194u\/#breadcrumb","itemListElement":[{"@type":"ListItem","position":1,"name":"Portada","item":"https:\/\/www.mexicanguitarplayers.com\/"},{"@type":"ListItem","position":2,"name":"Tienda","item":"https:\/\/www.mexicanguitarplayers.com\/tienda\/"},{"@type":"ListItem","position":3,"name":"RACK SKB SEMIRIGIDO 4 ESP. 1SKB-SC194U"}]},{"@type":"WebSite","@id":"https:\/\/www.mexicanguitarplayers.com\/#website","url":"https:\/\/www.mexicanguitarplayers.com\/","name":"Mexican Guitar Players","description":"Website","publisher":{"@id":"https:\/\/www.mexicanguitarplayers.com\/#organization"},"potentialAction":[{"@type":"SearchAction","target":{"@type":"EntryPoint","urlTemplate":"https:\/\/www.mexicanguitarplayers.com\/?s={search_term_string}"},"query-input":{"@type":"PropertyValueSpecification","valueRequired":true,"valueName":"search_term_string"}}],"inLanguage":"en-US"},{"@type":"Organization","@id":"https:\/\/www.mexicanguitarplayers.com\/#organization","name":"Mexican Guitar Players","url":"https:\/\/www.mexicanguitarplayers.com\/","logo":{"@type":"ImageObject","inLanguage":"en-US","@id":"https:\/\/www.mexicanguitarplayers.com\/#\/schema\/logo\/image\/","url":"","contentUrl":"","caption":"Mexican Guitar Players"},"image":{"@id":"https:\/\/www.mexicanguitarplayers.com\/#\/schema\/logo\/image\/"}}]}},"brands":[{"id":609,"name":"SKB","slug":"skb"}],"_links":{"self":[{"href":"https:\/\/www.mexicanguitarplayers.com\/en\/wp-json\/wp\/v2\/product\/38349","targetHints":{"allow":["GET"]}}],"collection":[{"href":"https:\/\/www.mexicanguitarplayers.com\/en\/wp-json\/wp\/v2\/product"}],"about":[{"href":"https:\/\/www.mexicanguitarplayers.com\/en\/wp-json\/wp\/v2\/types\/product"}],"replies":[{"embeddable":true,"href":"https:\/\/www.mexicanguitarplayers.com\/en\/wp-json\/wp\/v2\/comments?post=38349"}],"wp:featuredmedia":[{"embeddable":true,"href":"https:\/\/www.mexicanguitarplayers.com\/en\/wp-json\/wp\/v2\/media\/38346"}],"wp:attachment":[{"href":"https:\/\/www.mexicanguitarplayers.com\/en\/wp-json\/wp\/v2\/media?parent=38349"}],"wp:term":[{"taxonomy":"pwb-brand","embeddable":true,"href":"https:\/\/www.mexicanguitarplayers.com\/en\/wp-json\/wp\/v2\/pwb-brand?post=38349"},{"taxonomy":"product_brand","embeddable":true,"href":"https:\/\/www.mexicanguitarplayers.com\/en\/wp-json\/wp\/v2\/product_brand?post=38349"},{"taxonomy":"product_cat","embeddable":true,"href":"https:\/\/www.mexicanguitarplayers.com\/en\/wp-json\/wp\/v2\/product_cat?post=38349"},{"taxonomy":"product_tag","embeddable":true,"href":"https:\/\/www.mexicanguitarplayers.com\/en\/wp-json\/wp\/v2\/product_tag?post=38349"}],"curies":[{"name":"wp","href":"https:\/\/api.w.org\/{rel}","templated":true}]}}