{"id":38355,"date":"2025-04-09T06:06:07","date_gmt":"2025-04-09T12:06:07","guid":{"rendered":"https:\/\/www.mexicanguitarplayers.com\/tienda\/sin categor\u00eda\/controlador-behringer-ilum-lc2412-v2\/"},"modified":"2025-04-09T06:06:07","modified_gmt":"2025-04-09T12:06:07","slug":"controlador-behringer-ilum-lc2412-v2","status":"publish","type":"product","link":"https:\/\/www.mexicanguitarplayers.com\/en\/tienda\/iluminacion\/controladores\/controlador-behringer-ilum-lc2412-v2\/","title":{"rendered":"CONTROLADOR BEHRINGER ILUM. LC2412 V2"},"content":{"rendered":"<div style=\"text-align: justify\">\n<div>\n<h3>Versatilidad y facilidad de uso.<\/h3>\n<\/div>\n<div>La EUROLIGHT LC4212 V2 es una consola profesional de iluminaci\u00f3n DMX de 24 canales prestablecidos asignables a 512 canales DMX. Se pueden almacenar 120 escenas en 10 bancos y hay un chaser integrado con hasta 650 pasos que cuenta con sincronizaci\u00f3n de ritmo de graves, adem\u00e1s de una funci\u00f3n de sonido a luz dependiente de la frecuencia. El tiempo de crossfade se puede seleccionar libremente permitiendo desvanecimientos de escena s\u00faper suaves y hay dos canales adicionales multifuncionales para efectos especiales (por ejemplo, m\u00e1quina de niebla, cambiador de color, etc.). Dise\u00f1ado para proporcionar control multinivel de una amplia gama de paquetes de atenuadores y componentes de iluminaci\u00f3n de efectos especiales, el EUROLIGHT LC2412 V2 proporciona control universal de todos los sistemas compatibles con DMX, a un precio destinado a iluminar los ojos incluso en el escenario m\u00e1s econ\u00f3mico. \u00bfQu\u00e9 es DMX? El controlador LC2412 V2 emite se\u00f1ales de control de iluminaci\u00f3n basadas en el est\u00e1ndar DMX, que es un protocolo desarrollado para superar las inconsistencias en sistemas de iluminaci\u00f3n no estandarizados o patentados. El incre\u00edble EUROLIGHT LC2412 V2 funciona con el LD6230 Dimmer pack (no incluido), as\u00ed como con una amplia variedad de otros dispositivos DMX aprobados por la industria. Obtendr\u00e1s funciones de fading ultra flexibles para operaci\u00f3n manual y autom\u00e1tica y funciones intuitivas de canal flash y solo. Nuestra funci\u00f3n de vista previa extremadamente eficaz permite la memoria oculta y las comprobaciones de chaser, incluso durante los shows en vivo. LC2412 V2 tambi\u00e9n cuenta con control dimmer por medio de DMX o salida an\u00e1loga (0\/+10 V) adem\u00e1s una interfaz MIDI para conectar en cascada dos LC2412 (configuraci\u00f3n master\/slave). Para mayor comodidad, hay display\/controles y socket de l\u00e1mpara BNC para una f\u00e1cil operaci\u00f3n en ambientes oscuros. Creado para resistir la obra del tiempo. El EUROLIGHT LC2412 V2 presenta una construcci\u00f3n extremadamente resistente, con un chasis de acero dise\u00f1ado para garantizar una larga vida, incluso en las condiciones m\u00e1s exigentes. Se incluye un kit de montaje en rack para su instalaci\u00f3n en racks est\u00e1ndar de 19&#8243;. El LC2412 se fabrica bajo un sistema de gesti\u00f3n certificado ISO9000, un testimonio de nuestra b\u00fasqueda de lo \u00faltimo en gesti\u00f3n y rendimiento de calidad.<\/div>\n<div>\n<h4>Quick look<\/h4>\n<\/div>\n<ul style=\"margin: 0px 0px 0px 25px\">\n<li style=\"list-style-type: circle;margin: 5px\">System.<\/li>\n<li style=\"list-style-type: circle;margin: 5px\">Tickets.<\/li>\n<li style=\"list-style-type: circle;margin: 5px\">Departures.<\/li>\n<li style=\"list-style-type: circle;margin: 5px\">Power supply.<\/li>\n<li style=\"list-style-type: circle;margin: 5px\">Dimensions.<\/li>\n<li style=\"list-style-type: circle;margin: 5px\">Weight.<\/li>\n<\/ul>\n<div>\n<div style=\"font-weight: bold\">System.<\/div>\n<div>\n<p>Canales: 26 (24 + 2 canales conmutables especiales). DMX: 78 salidas de 512 canales DMX (m\u00e1ximo 3 canales DMX por consola-canal). Memorias: M\u00e1ximo 120. Chases: M\u00e1ximo 99. Pasos: M\u00e1ximo 650, hasta 99 por chase.<\/p>\n<\/div>\n<div style=\"font-weight: bold\">Tickets.<\/div>\n<div>\n<p>Entrada an\u00e1loga: Conector jack TS 1\/4&#8243; mono, desbalanceado. Nivel: Nivel de l\u00ednea. Footswitch: Conector Jack TS 1\/4&#8243; mono. MIDI: Conector DIN de 5 polos.<\/p>\n<\/div>\n<div style=\"font-weight: bold\">Departures.<\/div>\n<div>\n<p>Salida MX 512: Conector XLR de 5 pines, cumple con el est\u00e1ndar DMX512\/1990. Salida MIDI: Conector DIN de 5 polos. Salida an\u00e1loga: Conector Sub D, 15 polos. Nivel: 0\/+10 V DC. Impedancia de carga m\u00ednima: 600 ohms.<\/p>\n<\/div>\n<div style=\"font-weight: bold\">Power supply.<\/div>\n<div>\n<p>Voltaje: USA\/Canad\u00e1 120 V~, 60 Hz. Consumo de energ\u00eda: 37 W. Fusible: 100 &#8211; 120 V~: T 1 A H 250 V. Conector a energ\u00eda: Recept\u00e1culo IEC est\u00e1ndar.<\/p>\n<\/div>\n<div style=\"font-weight: bold\">Dimensions.<\/div>\n<div>\n<p>106 x 442 x 278 mm.<\/p>\n<\/div>\n<div style=\"font-weight: bold\">Weight.<\/div>\n<div>\n<p>4.3 kg.<\/p>\n<\/div>\n<\/div>\n<\/div>","protected":false},"excerpt":{"rendered":"<p>Consola profesional DMX para iluminaci\u00f3n, 24 canales prestablecidos asignables a 512 canales DMX, se pueden controlar hasta 3 canales DMX por canal prestablecido,  120 escenas almacenables en 10 bancos, chaser integrado con hasta 650 pasos con sincronizaci\u00f3n de ritmo de graves, funci\u00f3n de sonido a luz independiente de la frecuencia, tiempo de fundido cruzado libremente seleccionable para desvanecimientos de escena suaves, 2 canales adicionales multifuncionales para efectos especiales (m\u00e1quina de niebla, cambiador de color, etc), funciones de desvanecimiento ultra flexibles para operaci\u00f3n manual y autom\u00e1tica, funciones intuitivas de solo y flash de canal, funci\u00f3n de vista previa extremadamente efectiva que permite la memoria \u201doculta\u201d y las comprobaciones de chaser incluso durante los shows en vivo, control de dimmer a trav\u00e9s de DMX o salida anl\u00f3gica (0\/+10 V), interface MIDI para conexi\u00f3n en cascada de 2 consolas  LC2412s (configuraci\u00f3n master\/slave), pantalla y controles iluminados y portal\u00e1mparas BNX para una f\u00e1cil operaci\u00f3n en ambientes oscuros, dimensiones: 106 x 442 x 278 mm, peso: 4.3 kg, incluye kit de montaje para instalaci\u00f3n en rack est\u00e1ndar de 19\u201d.&hellip; <a class=\"kt-excerpt-readmore more-link\" href=\"https:\/\/www.mexicanguitarplayers.com\/en\/tienda\/iluminacion\/controladores\/controlador-behringer-ilum-lc2412-v2\/\">Read more<\/a><\/p>","protected":false},"featured_media":38350,"comment_status":"open","ping_status":"closed","template":"","meta":{"kt_blocks_editor_width":""},"pwb-brand":[171],"product_brand":[],"product_cat":[407,406],"product_tag":[],"class_list":{"0":"post-38355","1":"product","2":"type-product","3":"status-publish","4":"has-post-thumbnail","6":"pwb-brand-behringer","7":"product_cat-controladores","8":"product_cat-iluminacion","9":"product_shipping_class-0-5-kg","11":"first","12":"outofstock","13":"taxable","14":"shipping-taxable","15":"purchasable","16":"product-type-simple"},"yoast_head":"<!-- This site is optimized with the Yoast SEO plugin v27.6 - https:\/\/yoast.com\/product\/yoast-seo-wordpress\/ -->\n<title>CONTROLADOR BEHRINGER ILUM. LC2412 V2 - Mexican Guitar Players<\/title>\n<meta name=\"description\" content=\"Consola profesional DMX para iluminaci\u00f3n, 24 canales prestablecidos asignables a 512 canales DMX, se pueden controlar hasta 3 canales DMX por canal prestablecido, 120 escenas almacenables en 10 bancos, chaser integrado con hasta 650 pasos con sincronizaci\u00f3n de ritmo de graves, funci\u00f3n de sonido a luz independiente de la frecuencia, tiempo de fundido cruzado libremente seleccionable para desvanecimientos de escena suaves, 2 canales adicionales multifuncionales para efectos especiales (m\u00e1quina de niebla, cambiador de color, etc), funciones de desvanecimiento ultra flexibles para operaci\u00f3n manual y autom\u00e1tica, funciones intuitivas de solo y flash de canal, funci\u00f3n de vista previa extremadamente efectiva que permite la memoria \u201doculta\u201d y las comprobaciones de chaser incluso durante los shows en vivo, control de dimmer a trav\u00e9s de DMX o salida anl\u00f3gica (0\/+10 V), interface MIDI para conexi\u00f3n en cascada de 2 consolas LC2412s (configuraci\u00f3n master\/slave), pantalla y controles iluminados y portal\u00e1mparas BNX para una f\u00e1cil operaci\u00f3n en ambientes oscuros, dimensiones: 106 x 442 x 278 mm, peso: 4.3 kg, incluye kit de montaje para instalaci\u00f3n en rack est\u00e1ndar de 19\u201d.\" \/>\n<meta name=\"robots\" content=\"index, follow, max-snippet:-1, max-image-preview:large, max-video-preview:-1\" \/>\n<link rel=\"canonical\" href=\"https:\/\/www.mexicanguitarplayers.com\/en\/tienda\/sin%20categor\u00eda\/controlador-behringer-ilum-lc2412-v2\/\" \/>\n<meta property=\"og:locale\" content=\"en_US\" \/>\n<meta property=\"og:type\" content=\"article\" \/>\n<meta property=\"og:title\" content=\"CONTROLADOR BEHRINGER ILUM. LC2412 V2 - Mexican Guitar Players\" \/>\n<meta property=\"og:description\" content=\"Consola profesional DMX para iluminaci\u00f3n, 24 canales prestablecidos asignables a 512 canales DMX, se pueden controlar hasta 3 canales DMX por canal prestablecido, 120 escenas almacenables en 10 bancos, chaser integrado con hasta 650 pasos con sincronizaci\u00f3n de ritmo de graves, funci\u00f3n de sonido a luz independiente de la frecuencia, tiempo de fundido cruzado libremente seleccionable para desvanecimientos de escena suaves, 2 canales adicionales multifuncionales para efectos especiales (m\u00e1quina de niebla, cambiador de color, etc), funciones de desvanecimiento ultra flexibles para operaci\u00f3n manual y autom\u00e1tica, funciones intuitivas de solo y flash de canal, funci\u00f3n de vista previa extremadamente efectiva que permite la memoria \u201doculta\u201d y las comprobaciones de chaser incluso durante los shows en vivo, control de dimmer a trav\u00e9s de DMX o salida anl\u00f3gica (0\/+10 V), interface MIDI para conexi\u00f3n en cascada de 2 consolas LC2412s (configuraci\u00f3n master\/slave), pantalla y controles iluminados y portal\u00e1mparas BNX para una f\u00e1cil operaci\u00f3n en ambientes oscuros, dimensiones: 106 x 442 x 278 mm, peso: 4.3 kg, incluye kit de montaje para instalaci\u00f3n en rack est\u00e1ndar de 19\u201d.\" \/>\n<meta property=\"og:url\" content=\"https:\/\/www.mexicanguitarplayers.com\/en\/tienda\/sin categor\u00eda\/controlador-behringer-ilum-lc2412-v2\/\" \/>\n<meta property=\"og:site_name\" content=\"Mexican Guitar Players\" \/>\n<meta name=\"twitter:card\" content=\"summary_large_image\" \/>\n<meta name=\"twitter:label1\" content=\"Est. reading time\" \/>\n\t<meta name=\"twitter:data1\" content=\"3 minutes\" \/>\n<script type=\"application\/ld+json\" class=\"yoast-schema-graph\">{\"@context\":\"https:\\\/\\\/schema.org\",\"@graph\":[{\"@type\":[\"WebPage\",\"ItemPage\"],\"@id\":\"https:\\\/\\\/www.mexicanguitarplayers.com\\\/tienda\\\/sin categor\u00eda\\\/controlador-behringer-ilum-lc2412-v2\\\/\",\"url\":\"https:\\\/\\\/www.mexicanguitarplayers.com\\\/tienda\\\/sin categor\u00eda\\\/controlador-behringer-ilum-lc2412-v2\\\/\",\"name\":\"CONTROLADOR BEHRINGER ILUM. LC2412 V2 - Mexican Guitar Players\",\"isPartOf\":{\"@id\":\"https:\\\/\\\/www.mexicanguitarplayers.com\\\/#website\"},\"primaryImageOfPage\":{\"@id\":\"https:\\\/\\\/www.mexicanguitarplayers.com\\\/tienda\\\/sin categor\u00eda\\\/controlador-behringer-ilum-lc2412-v2\\\/#primaryimage\"},\"image\":{\"@id\":\"https:\\\/\\\/www.mexicanguitarplayers.com\\\/tienda\\\/sin categor\u00eda\\\/controlador-behringer-ilum-lc2412-v2\\\/#primaryimage\"},\"thumbnailUrl\":\"https:\\\/\\\/www.mexicanguitarplayers.com\\\/wp-content\\\/uploads\\\/2025\\\/04\\\/LUBEHLC2412V2.jpg\",\"datePublished\":\"2025-04-09T12:06:07+00:00\",\"description\":\"Consola profesional DMX para iluminaci\u00f3n, 24 canales prestablecidos asignables a 512 canales DMX, se pueden controlar hasta 3 canales DMX por canal prestablecido, 120 escenas almacenables en 10 bancos, chaser integrado con hasta 650 pasos con sincronizaci\u00f3n de ritmo de graves, funci\u00f3n de sonido a luz independiente de la frecuencia, tiempo de fundido cruzado libremente seleccionable para desvanecimientos de escena suaves, 2 canales adicionales multifuncionales para efectos especiales (m\u00e1quina de niebla, cambiador de color, etc), funciones de desvanecimiento ultra flexibles para operaci\u00f3n manual y autom\u00e1tica, funciones intuitivas de solo y flash de canal, funci\u00f3n de vista previa extremadamente efectiva que permite la memoria \u201doculta\u201d y las comprobaciones de chaser incluso durante los shows en vivo, control de dimmer a trav\u00e9s de DMX o salida anl\u00f3gica (0\\\/+10 V), interface MIDI para conexi\u00f3n en cascada de 2 consolas LC2412s (configuraci\u00f3n master\\\/slave), pantalla y controles iluminados y portal\u00e1mparas BNX para una f\u00e1cil operaci\u00f3n en ambientes oscuros, dimensiones: 106 x 442 x 278 mm, peso: 4.3 kg, incluye kit de montaje para instalaci\u00f3n en rack est\u00e1ndar de 19\u201d.\",\"breadcrumb\":{\"@id\":\"https:\\\/\\\/www.mexicanguitarplayers.com\\\/tienda\\\/sin categor\u00eda\\\/controlador-behringer-ilum-lc2412-v2\\\/#breadcrumb\"},\"inLanguage\":\"en-US\",\"potentialAction\":[{\"@type\":\"ReadAction\",\"target\":[\"https:\\\/\\\/www.mexicanguitarplayers.com\\\/tienda\\\/sin categor\u00eda\\\/controlador-behringer-ilum-lc2412-v2\\\/\"]}]},{\"@type\":\"ImageObject\",\"inLanguage\":\"en-US\",\"@id\":\"https:\\\/\\\/www.mexicanguitarplayers.com\\\/tienda\\\/sin categor\u00eda\\\/controlador-behringer-ilum-lc2412-v2\\\/#primaryimage\",\"url\":\"https:\\\/\\\/www.mexicanguitarplayers.com\\\/wp-content\\\/uploads\\\/2025\\\/04\\\/LUBEHLC2412V2.jpg\",\"contentUrl\":\"https:\\\/\\\/www.mexicanguitarplayers.com\\\/wp-content\\\/uploads\\\/2025\\\/04\\\/LUBEHLC2412V2.jpg\",\"width\":1200,\"height\":1200},{\"@type\":\"BreadcrumbList\",\"@id\":\"https:\\\/\\\/www.mexicanguitarplayers.com\\\/tienda\\\/sin categor\u00eda\\\/controlador-behringer-ilum-lc2412-v2\\\/#breadcrumb\",\"itemListElement\":[{\"@type\":\"ListItem\",\"position\":1,\"name\":\"Portada\",\"item\":\"https:\\\/\\\/www.mexicanguitarplayers.com\\\/\"},{\"@type\":\"ListItem\",\"position\":2,\"name\":\"Tienda\",\"item\":\"https:\\\/\\\/www.mexicanguitarplayers.com\\\/tienda\\\/\"},{\"@type\":\"ListItem\",\"position\":3,\"name\":\"CONTROLADOR BEHRINGER ILUM. LC2412 V2\"}]},{\"@type\":\"WebSite\",\"@id\":\"https:\\\/\\\/www.mexicanguitarplayers.com\\\/#website\",\"url\":\"https:\\\/\\\/www.mexicanguitarplayers.com\\\/\",\"name\":\"Mexican Guitar Players\",\"description\":\"Website\",\"publisher\":{\"@id\":\"https:\\\/\\\/www.mexicanguitarplayers.com\\\/#organization\"},\"potentialAction\":[{\"@type\":\"SearchAction\",\"target\":{\"@type\":\"EntryPoint\",\"urlTemplate\":\"https:\\\/\\\/www.mexicanguitarplayers.com\\\/?s={search_term_string}\"},\"query-input\":{\"@type\":\"PropertyValueSpecification\",\"valueRequired\":true,\"valueName\":\"search_term_string\"}}],\"inLanguage\":\"en-US\"},{\"@type\":\"Organization\",\"@id\":\"https:\\\/\\\/www.mexicanguitarplayers.com\\\/#organization\",\"name\":\"Mexican Guitar Players\",\"url\":\"https:\\\/\\\/www.mexicanguitarplayers.com\\\/\",\"logo\":{\"@type\":\"ImageObject\",\"inLanguage\":\"en-US\",\"@id\":\"https:\\\/\\\/www.mexicanguitarplayers.com\\\/#\\\/schema\\\/logo\\\/image\\\/\",\"url\":\"\",\"contentUrl\":\"\",\"caption\":\"Mexican Guitar Players\"},\"image\":{\"@id\":\"https:\\\/\\\/www.mexicanguitarplayers.com\\\/#\\\/schema\\\/logo\\\/image\\\/\"}}]}<\/script>\n<!-- \/ Yoast SEO plugin. -->","yoast_head_json":{"title":"CONTROLADOR BEHRINGER ILUM. LC2412 V2 - Mexican Guitar Players","description":"Consola profesional DMX para iluminaci\u00f3n, 24 canales prestablecidos asignables a 512 canales DMX, se pueden controlar hasta 3 canales DMX por canal prestablecido, 120 escenas almacenables en 10 bancos, chaser integrado con hasta 650 pasos con sincronizaci\u00f3n de ritmo de graves, funci\u00f3n de sonido a luz independiente de la frecuencia, tiempo de fundido cruzado libremente seleccionable para desvanecimientos de escena suaves, 2 canales adicionales multifuncionales para efectos especiales (m\u00e1quina de niebla, cambiador de color, etc), funciones de desvanecimiento ultra flexibles para operaci\u00f3n manual y autom\u00e1tica, funciones intuitivas de solo y flash de canal, funci\u00f3n de vista previa extremadamente efectiva que permite la memoria \u201doculta\u201d y las comprobaciones de chaser incluso durante los shows en vivo, control de dimmer a trav\u00e9s de DMX o salida anl\u00f3gica (0\/+10 V), interface MIDI para conexi\u00f3n en cascada de 2 consolas LC2412s (configuraci\u00f3n master\/slave), pantalla y controles iluminados y portal\u00e1mparas BNX para una f\u00e1cil operaci\u00f3n en ambientes oscuros, dimensiones: 106 x 442 x 278 mm, peso: 4.3 kg, incluye kit de montaje para instalaci\u00f3n en rack est\u00e1ndar de 19\u201d.","robots":{"index":"index","follow":"follow","max-snippet":"max-snippet:-1","max-image-preview":"max-image-preview:large","max-video-preview":"max-video-preview:-1"},"canonical":"https:\/\/www.mexicanguitarplayers.com\/en\/tienda\/sin categor\u00eda\/controlador-behringer-ilum-lc2412-v2\/","og_locale":"en_US","og_type":"article","og_title":"CONTROLADOR BEHRINGER ILUM. LC2412 V2 - Mexican Guitar Players","og_description":"Consola profesional DMX para iluminaci\u00f3n, 24 canales prestablecidos asignables a 512 canales DMX, se pueden controlar hasta 3 canales DMX por canal prestablecido, 120 escenas almacenables en 10 bancos, chaser integrado con hasta 650 pasos con sincronizaci\u00f3n de ritmo de graves, funci\u00f3n de sonido a luz independiente de la frecuencia, tiempo de fundido cruzado libremente seleccionable para desvanecimientos de escena suaves, 2 canales adicionales multifuncionales para efectos especiales (m\u00e1quina de niebla, cambiador de color, etc), funciones de desvanecimiento ultra flexibles para operaci\u00f3n manual y autom\u00e1tica, funciones intuitivas de solo y flash de canal, funci\u00f3n de vista previa extremadamente efectiva que permite la memoria \u201doculta\u201d y las comprobaciones de chaser incluso durante los shows en vivo, control de dimmer a trav\u00e9s de DMX o salida anl\u00f3gica (0\/+10 V), interface MIDI para conexi\u00f3n en cascada de 2 consolas LC2412s (configuraci\u00f3n master\/slave), pantalla y controles iluminados y portal\u00e1mparas BNX para una f\u00e1cil operaci\u00f3n en ambientes oscuros, dimensiones: 106 x 442 x 278 mm, peso: 4.3 kg, incluye kit de montaje para instalaci\u00f3n en rack est\u00e1ndar de 19\u201d.","og_url":"https:\/\/www.mexicanguitarplayers.com\/en\/tienda\/sin categor\u00eda\/controlador-behringer-ilum-lc2412-v2\/","og_site_name":"Mexican Guitar Players","twitter_card":"summary_large_image","twitter_misc":{"Est. reading time":"3 minutes"},"schema":{"@context":"https:\/\/schema.org","@graph":[{"@type":["WebPage","ItemPage"],"@id":"https:\/\/www.mexicanguitarplayers.com\/tienda\/sin categor\u00eda\/controlador-behringer-ilum-lc2412-v2\/","url":"https:\/\/www.mexicanguitarplayers.com\/tienda\/sin categor\u00eda\/controlador-behringer-ilum-lc2412-v2\/","name":"CONTROLADOR BEHRINGER ILUM. LC2412 V2 - Mexican Guitar Players","isPartOf":{"@id":"https:\/\/www.mexicanguitarplayers.com\/#website"},"primaryImageOfPage":{"@id":"https:\/\/www.mexicanguitarplayers.com\/tienda\/sin categor\u00eda\/controlador-behringer-ilum-lc2412-v2\/#primaryimage"},"image":{"@id":"https:\/\/www.mexicanguitarplayers.com\/tienda\/sin categor\u00eda\/controlador-behringer-ilum-lc2412-v2\/#primaryimage"},"thumbnailUrl":"https:\/\/www.mexicanguitarplayers.com\/wp-content\/uploads\/2025\/04\/LUBEHLC2412V2.jpg","datePublished":"2025-04-09T12:06:07+00:00","description":"Consola profesional DMX para iluminaci\u00f3n, 24 canales prestablecidos asignables a 512 canales DMX, se pueden controlar hasta 3 canales DMX por canal prestablecido, 120 escenas almacenables en 10 bancos, chaser integrado con hasta 650 pasos con sincronizaci\u00f3n de ritmo de graves, funci\u00f3n de sonido a luz independiente de la frecuencia, tiempo de fundido cruzado libremente seleccionable para desvanecimientos de escena suaves, 2 canales adicionales multifuncionales para efectos especiales (m\u00e1quina de niebla, cambiador de color, etc), funciones de desvanecimiento ultra flexibles para operaci\u00f3n manual y autom\u00e1tica, funciones intuitivas de solo y flash de canal, funci\u00f3n de vista previa extremadamente efectiva que permite la memoria \u201doculta\u201d y las comprobaciones de chaser incluso durante los shows en vivo, control de dimmer a trav\u00e9s de DMX o salida anl\u00f3gica (0\/+10 V), interface MIDI para conexi\u00f3n en cascada de 2 consolas LC2412s (configuraci\u00f3n master\/slave), pantalla y controles iluminados y portal\u00e1mparas BNX para una f\u00e1cil operaci\u00f3n en ambientes oscuros, dimensiones: 106 x 442 x 278 mm, peso: 4.3 kg, incluye kit de montaje para instalaci\u00f3n en rack est\u00e1ndar de 19\u201d.","breadcrumb":{"@id":"https:\/\/www.mexicanguitarplayers.com\/tienda\/sin categor\u00eda\/controlador-behringer-ilum-lc2412-v2\/#breadcrumb"},"inLanguage":"en-US","potentialAction":[{"@type":"ReadAction","target":["https:\/\/www.mexicanguitarplayers.com\/tienda\/sin categor\u00eda\/controlador-behringer-ilum-lc2412-v2\/"]}]},{"@type":"ImageObject","inLanguage":"en-US","@id":"https:\/\/www.mexicanguitarplayers.com\/tienda\/sin categor\u00eda\/controlador-behringer-ilum-lc2412-v2\/#primaryimage","url":"https:\/\/www.mexicanguitarplayers.com\/wp-content\/uploads\/2025\/04\/LUBEHLC2412V2.jpg","contentUrl":"https:\/\/www.mexicanguitarplayers.com\/wp-content\/uploads\/2025\/04\/LUBEHLC2412V2.jpg","width":1200,"height":1200},{"@type":"BreadcrumbList","@id":"https:\/\/www.mexicanguitarplayers.com\/tienda\/sin categor\u00eda\/controlador-behringer-ilum-lc2412-v2\/#breadcrumb","itemListElement":[{"@type":"ListItem","position":1,"name":"Portada","item":"https:\/\/www.mexicanguitarplayers.com\/"},{"@type":"ListItem","position":2,"name":"Tienda","item":"https:\/\/www.mexicanguitarplayers.com\/tienda\/"},{"@type":"ListItem","position":3,"name":"CONTROLADOR BEHRINGER ILUM. LC2412 V2"}]},{"@type":"WebSite","@id":"https:\/\/www.mexicanguitarplayers.com\/#website","url":"https:\/\/www.mexicanguitarplayers.com\/","name":"Mexican Guitar Players","description":"Website","publisher":{"@id":"https:\/\/www.mexicanguitarplayers.com\/#organization"},"potentialAction":[{"@type":"SearchAction","target":{"@type":"EntryPoint","urlTemplate":"https:\/\/www.mexicanguitarplayers.com\/?s={search_term_string}"},"query-input":{"@type":"PropertyValueSpecification","valueRequired":true,"valueName":"search_term_string"}}],"inLanguage":"en-US"},{"@type":"Organization","@id":"https:\/\/www.mexicanguitarplayers.com\/#organization","name":"Mexican Guitar Players","url":"https:\/\/www.mexicanguitarplayers.com\/","logo":{"@type":"ImageObject","inLanguage":"en-US","@id":"https:\/\/www.mexicanguitarplayers.com\/#\/schema\/logo\/image\/","url":"","contentUrl":"","caption":"Mexican Guitar Players"},"image":{"@id":"https:\/\/www.mexicanguitarplayers.com\/#\/schema\/logo\/image\/"}}]}},"brands":[{"id":171,"name":"BEHRINGER","slug":"behringer"}],"_links":{"self":[{"href":"https:\/\/www.mexicanguitarplayers.com\/en\/wp-json\/wp\/v2\/product\/38355","targetHints":{"allow":["GET"]}}],"collection":[{"href":"https:\/\/www.mexicanguitarplayers.com\/en\/wp-json\/wp\/v2\/product"}],"about":[{"href":"https:\/\/www.mexicanguitarplayers.com\/en\/wp-json\/wp\/v2\/types\/product"}],"replies":[{"embeddable":true,"href":"https:\/\/www.mexicanguitarplayers.com\/en\/wp-json\/wp\/v2\/comments?post=38355"}],"wp:featuredmedia":[{"embeddable":true,"href":"https:\/\/www.mexicanguitarplayers.com\/en\/wp-json\/wp\/v2\/media\/38350"}],"wp:attachment":[{"href":"https:\/\/www.mexicanguitarplayers.com\/en\/wp-json\/wp\/v2\/media?parent=38355"}],"wp:term":[{"taxonomy":"pwb-brand","embeddable":true,"href":"https:\/\/www.mexicanguitarplayers.com\/en\/wp-json\/wp\/v2\/pwb-brand?post=38355"},{"taxonomy":"product_brand","embeddable":true,"href":"https:\/\/www.mexicanguitarplayers.com\/en\/wp-json\/wp\/v2\/product_brand?post=38355"},{"taxonomy":"product_cat","embeddable":true,"href":"https:\/\/www.mexicanguitarplayers.com\/en\/wp-json\/wp\/v2\/product_cat?post=38355"},{"taxonomy":"product_tag","embeddable":true,"href":"https:\/\/www.mexicanguitarplayers.com\/en\/wp-json\/wp\/v2\/product_tag?post=38355"}],"curies":[{"name":"wp","href":"https:\/\/api.w.org\/{rel}","templated":true}]}}