{"id":38379,"date":"2025-04-09T06:06:40","date_gmt":"2025-04-09T12:06:40","guid":{"rendered":"https:\/\/www.mexicanguitarplayers.com\/tienda\/sin categor\u00eda\/teclado-casio-portatil-ctk-1550-c-eli\/"},"modified":"2026-04-10T04:22:59","modified_gmt":"2026-04-10T10:22:59","slug":"teclado-casio-portatil-ctk-1550-c-eli","status":"publish","type":"product","link":"https:\/\/www.mexicanguitarplayers.com\/en\/tienda\/teclas\/teclados\/estandar\/teclado-casio-portatil-ctk-1550-c-eli\/","title":{"rendered":"TECLADO CASIO PORTATIL    CTK-1550 C\/ELI"},"content":{"rendered":"<div style=\"text-align: justify\">\n<div>\n<h3>Modo de m\u00fasica Dance.<\/h3>\n<\/div>\n<div>F\u00e1cil reproducci\u00f3n de canciones de Dance: S\u00f3lo hace falta tocar las teclas para reproducir m\u00fasica Dance que exprese el estado de \u00e1nimo del DJ. O puedes utilizar la funci\u00f3n de reproducci\u00f3n integrada para aplicar las caracter\u00edsticas de los efectos de sonido de m\u00fasica de baile para obtener a\u00fan m\u00e1s diversi\u00f3n. Banco de canciones de 100 melod\u00edas cuidadosamente seleccionadas para que tocar el teclado sea m\u00e1s divertido. Funci\u00f3n de &#8220;Desactivaci\u00f3n de la parte de la mano derecha o izquierda&#8221; para practicar las lecciones. Funciones que te ayudan a lograr el mejor sonido. 61 teclas similares a las de un piano, que son pr\u00e1cticamente del mismo tama\u00f1o que las teclas de un piano ac\u00fastico.<\/div>\n<div>\n<h4>Quick look<\/h4>\n<\/div>\n<ul style=\"margin: 0px 0px 0px 25px\">\n<li style=\"list-style-type: circle;margin: 5px\">Teclado.<\/li>\n<li style=\"list-style-type: circle;margin: 5px\">Polifon\u00eda m\u00e1xima.<\/li>\n<li style=\"list-style-type: circle;margin: 5px\">Tonos.<\/li>\n<li style=\"list-style-type: circle;margin: 5px\">Ritmos\/Patrones.<\/li>\n<li style=\"list-style-type: circle;margin: 5px\">Acompa\u00f1amiento autom\u00e1tico.<\/li>\n<li style=\"list-style-type: circle;margin: 5px\">Canciones integradas.<\/li>\n<li style=\"list-style-type: circle;margin: 5px\">Funci\u00f3n de lecciones.<\/li>\n<li style=\"list-style-type: circle;margin: 5px\">Otras funciones.<\/li>\n<li style=\"list-style-type: circle;margin: 5px\">Transposici\u00f3n de teclas.<\/li>\n<li style=\"list-style-type: circle;margin: 5px\">Control de afinaci\u00f3n.<\/li>\n<li style=\"list-style-type: circle;margin: 5px\">Speakers.<\/li>\n<li style=\"list-style-type: circle;margin: 5px\">Salida de amplificador.<\/li>\n<li style=\"list-style-type: circle;margin: 5px\">Terminales de entrada y salida.<\/li>\n<li style=\"list-style-type: circle;margin: 5px\">Requisitos de alimentaci\u00f3n.<\/li>\n<li style=\"list-style-type: circle;margin: 5px\">Dimensions.<\/li>\n<li style=\"list-style-type: circle;margin: 5px\">Weight.<\/li>\n<\/ul>\n<div>\n<div style=\"font-weight: bold\">Teclado.<\/div>\n<div>\n<p>61 teclas similares a las de un piano.<\/p>\n<\/div>\n<div style=\"font-weight: bold\">Polifon\u00eda m\u00e1xima.<\/div>\n<div>\n<p>32 notas.<\/p>\n<\/div>\n<div style=\"font-weight: bold\">Tonos.<\/div>\n<div>\n<p>120 tonos incorporados.<\/p>\n<\/div>\n<div style=\"font-weight: bold\">Ritmos\/Patrones.<\/div>\n<div>\n<p>70 ritmos integrados, 50 ritmos de m\u00fasica Dance.<\/p>\n<\/div>\n<div style=\"font-weight: bold\">Acompa\u00f1amiento autom\u00e1tico.<\/div>\n<div>\n<p>Modos: Acorde de CASIO, nota simple 1, nota simple 2 (6.\u00aa desactivada), nota simple 3 (en bajo), acorde completo. Controles: Inicio\/parada, sincronizaci\u00f3n\/relleno.<\/p>\n<\/div>\n<div style=\"font-weight: bold\">Canciones integradas.<\/div>\n<div>\n<p>100 (melod\u00edas del banco de canciones).<\/p>\n<\/div>\n<div style=\"font-weight: bold\">Funci\u00f3n de lecciones.<\/div>\n<div>\n<p>Lesson Lite. Selecci\u00f3n de parte de la lecci\u00f3n (mano derecha, mano izquierda, ambas manos). Repetici\u00f3n. Evaluaci\u00f3n de desempe\u00f1o. Gu\u00eda de digitaci\u00f3n por voz.<\/p>\n<\/div>\n<div style=\"font-weight: bold\">Otras funciones.<\/div>\n<div>\n<p>Modo de m\u00fasica Dance. Control de ritmo y del banco de canciones.<\/p>\n<\/div>\n<div style=\"font-weight: bold\">Transposici\u00f3n de teclas.<\/div>\n<div>\n<p>\u00b11 octava (de -12 a 0 a +12 semitonos).<\/p>\n<\/div>\n<div style=\"font-weight: bold\">Control de afinaci\u00f3n.<\/div>\n<div>\n<p>A4 = de 415,5 a 465,9 Hz (ajuste predeterminado inicial: 440 Hz).<\/p>\n<\/div>\n<div style=\"font-weight: bold\">Speakers.<\/div>\n<div>\n<p>2 altavoces de 10 cm.<\/p>\n<\/div>\n<div style=\"font-weight: bold\">Salida de amplificador.<\/div>\n<div>\n<p>2W+2W.<\/p>\n<\/div>\n<div style=\"font-weight: bold\">Terminales de entrada y salida.<\/div>\n<div>\n<p>Aud\u00edfonos\/salida (conector est\u00e9reo est\u00e1ndar). Alimentaci\u00f3n externa (9.5 V CC).<\/p>\n<\/div>\n<div style=\"font-weight: bold\">Requisitos de alimentaci\u00f3n.<\/div>\n<div>\n<p>6 pilas tama\u00f1o AA o adaptador de CA: AD-E95100L.<\/p>\n<\/div>\n<div style=\"font-weight: bold\">Dimensions.<\/div>\n<div>\n<p>946 x 307 x 92 mm (sin incluir la base y otras proyecciones).<\/p>\n<\/div>\n<div style=\"font-weight: bold\">Weight.<\/div>\n<div>\n<p>3.3 kg (sin pilas).+<\/p>\n<\/div>\n<\/div>\n<\/div>","protected":false},"excerpt":{"rendered":"<p>Teclado de 61 teclas similares a las de un piano, polifon\u00eda m\u00e1xima de 32 notas, 120 tonos incorporados, 70 ritmos integrados, 50 ritmos de m\u00fasica dance, acompa\u00f1amiento autom\u00e1tico, modos: Acorde de CASIO, nota simple 1, nota simple 2 (6.\u00aa desactivada), nota simple 3 (en bajo), acorde completo, controles: Inicio\/parada, sincronizaci\u00f3n\/relleno, 100 canciones integradas, funci\u00f3n de lecciones: Lesson Lite, evaluaci\u00f3n de desempe\u00f1o, gu\u00eda de digitaci\u00f3n por voz, modo Dance, transposici\u00f3n de teclas: \u00b11 octava (de -12 a 0 a +12 semitonos), control de afinaci\u00f3n: A4 = de 415,5 a 465,9 Hz (ajuste predeterminado inicial: 440 Hz), 2 altavoces de 10 cm, salida de amplificador: 2W+2W, salida de aud\u00edfonos, utiliza 6 pilas AA (no incluidas) o adaptador de corriente AD-E95100L (incluido), incluye atril de partituras, dimensiones: 946 x 307 x 92 mm, peso: 3.3 kg (sin pilas).&hellip; <a class=\"kt-excerpt-readmore more-link\" href=\"https:\/\/www.mexicanguitarplayers.com\/en\/tienda\/teclas\/teclados\/estandar\/teclado-casio-portatil-ctk-1550-c-eli\/\">Read more<\/a><\/p>","protected":false},"featured_media":38378,"comment_status":"open","ping_status":"closed","template":"","meta":{"kt_blocks_editor_width":""},"pwb-brand":[274],"product_brand":[],"product_cat":[381,380,376],"product_tag":[],"class_list":{"0":"post-38379","1":"product","2":"type-product","3":"status-publish","4":"has-post-thumbnail","6":"pwb-brand-casio","7":"product_cat-estandar","8":"product_cat-teclados","9":"product_cat-teclas","10":"product_shipping_class-0-5-kg","12":"first","13":"outofstock","14":"taxable","15":"shipping-taxable","16":"purchasable","17":"product-type-simple"},"yoast_head":"<!-- This site is optimized with the Yoast SEO plugin v27.6 - https:\/\/yoast.com\/product\/yoast-seo-wordpress\/ -->\n<title>TECLADO CASIO PORTATIL  CTK-1550 C\/ELI - Mexican Guitar Players<\/title>\n<meta name=\"description\" content=\"Teclado de 61 teclas similares a las de un piano, polifon\u00eda m\u00e1xima de 32 notas, 120 tonos incorporados, 70 ritmos integrados, 50 ritmos de m\u00fasica dance, acompa\u00f1amiento autom\u00e1tico, modos: Acorde de CASIO, nota simple 1, nota simple 2 (6.\u00aa desactivada), nota simple 3 (en bajo), acorde completo, controles: Inicio\/parada, sincronizaci\u00f3n\/relleno, 100 canciones integradas, funci\u00f3n de lecciones: Lesson Lite, evaluaci\u00f3n de desempe\u00f1o, gu\u00eda de digitaci\u00f3n por voz, modo Dance, transposici\u00f3n de teclas: \u00b11 octava (de -12 a 0 a +12 semitonos), control de afinaci\u00f3n: A4 = de 415,5 a 465,9 Hz (ajuste predeterminado inicial: 440 Hz), 2 altavoces de 10 cm, salida de amplificador: 2W+2W, salida de aud\u00edfonos, utiliza 6 pilas AA (no incluidas) o adaptador de corriente AD-E95100L (incluido), incluye atril de partituras, dimensiones: 946 x 307 x 92 mm, peso: 3.3 kg (sin pilas).\" \/>\n<meta name=\"robots\" content=\"index, follow, max-snippet:-1, max-image-preview:large, max-video-preview:-1\" \/>\n<link rel=\"canonical\" href=\"https:\/\/www.mexicanguitarplayers.com\/en\/tienda\/sin%20categor\u00eda\/teclado-casio-portatil-ctk-1550-c-eli\/\" \/>\n<meta property=\"og:locale\" content=\"en_US\" \/>\n<meta property=\"og:type\" content=\"article\" \/>\n<meta property=\"og:title\" content=\"TECLADO CASIO PORTATIL  CTK-1550 C\/ELI - Mexican Guitar Players\" \/>\n<meta property=\"og:description\" content=\"Teclado de 61 teclas similares a las de un piano, polifon\u00eda m\u00e1xima de 32 notas, 120 tonos incorporados, 70 ritmos integrados, 50 ritmos de m\u00fasica dance, acompa\u00f1amiento autom\u00e1tico, modos: Acorde de CASIO, nota simple 1, nota simple 2 (6.\u00aa desactivada), nota simple 3 (en bajo), acorde completo, controles: Inicio\/parada, sincronizaci\u00f3n\/relleno, 100 canciones integradas, funci\u00f3n de lecciones: Lesson Lite, evaluaci\u00f3n de desempe\u00f1o, gu\u00eda de digitaci\u00f3n por voz, modo Dance, transposici\u00f3n de teclas: \u00b11 octava (de -12 a 0 a +12 semitonos), control de afinaci\u00f3n: A4 = de 415,5 a 465,9 Hz (ajuste predeterminado inicial: 440 Hz), 2 altavoces de 10 cm, salida de amplificador: 2W+2W, salida de aud\u00edfonos, utiliza 6 pilas AA (no incluidas) o adaptador de corriente AD-E95100L (incluido), incluye atril de partituras, dimensiones: 946 x 307 x 92 mm, peso: 3.3 kg (sin pilas).\" \/>\n<meta property=\"og:url\" content=\"https:\/\/www.mexicanguitarplayers.com\/en\/tienda\/sin categor\u00eda\/teclado-casio-portatil-ctk-1550-c-eli\/\" \/>\n<meta property=\"og:site_name\" content=\"Mexican Guitar Players\" \/>\n<meta property=\"article:modified_time\" content=\"2026-04-10T10:22:59+00:00\" \/>\n<meta name=\"twitter:card\" content=\"summary_large_image\" \/>\n<meta name=\"twitter:label1\" content=\"Est. reading time\" \/>\n\t<meta name=\"twitter:data1\" content=\"2 minutes\" \/>\n<script type=\"application\/ld+json\" class=\"yoast-schema-graph\">{\"@context\":\"https:\\\/\\\/schema.org\",\"@graph\":[{\"@type\":[\"WebPage\",\"ItemPage\"],\"@id\":\"https:\\\/\\\/www.mexicanguitarplayers.com\\\/tienda\\\/sin categor\u00eda\\\/teclado-casio-portatil-ctk-1550-c-eli\\\/\",\"url\":\"https:\\\/\\\/www.mexicanguitarplayers.com\\\/tienda\\\/sin categor\u00eda\\\/teclado-casio-portatil-ctk-1550-c-eli\\\/\",\"name\":\"TECLADO CASIO PORTATIL CTK-1550 C\\\/ELI - Mexican Guitar Players\",\"isPartOf\":{\"@id\":\"https:\\\/\\\/www.mexicanguitarplayers.com\\\/#website\"},\"primaryImageOfPage\":{\"@id\":\"https:\\\/\\\/www.mexicanguitarplayers.com\\\/tienda\\\/sin categor\u00eda\\\/teclado-casio-portatil-ctk-1550-c-eli\\\/#primaryimage\"},\"image\":{\"@id\":\"https:\\\/\\\/www.mexicanguitarplayers.com\\\/tienda\\\/sin categor\u00eda\\\/teclado-casio-portatil-ctk-1550-c-eli\\\/#primaryimage\"},\"thumbnailUrl\":\"https:\\\/\\\/www.mexicanguitarplayers.com\\\/wp-content\\\/uploads\\\/2025\\\/04\\\/ITCASCTK1550A.jpg\",\"datePublished\":\"2025-04-09T12:06:40+00:00\",\"dateModified\":\"2026-04-10T10:22:59+00:00\",\"description\":\"Teclado de 61 teclas similares a las de un piano, polifon\u00eda m\u00e1xima de 32 notas, 120 tonos incorporados, 70 ritmos integrados, 50 ritmos de m\u00fasica dance, acompa\u00f1amiento autom\u00e1tico, modos: Acorde de CASIO, nota simple 1, nota simple 2 (6.\u00aa desactivada), nota simple 3 (en bajo), acorde completo, controles: Inicio\\\/parada, sincronizaci\u00f3n\\\/relleno, 100 canciones integradas, funci\u00f3n de lecciones: Lesson Lite, evaluaci\u00f3n de desempe\u00f1o, gu\u00eda de digitaci\u00f3n por voz, modo Dance, transposici\u00f3n de teclas: \u00b11 octava (de -12 a 0 a +12 semitonos), control de afinaci\u00f3n: A4 = de 415,5 a 465,9 Hz (ajuste predeterminado inicial: 440 Hz), 2 altavoces de 10 cm, salida de amplificador: 2W+2W, salida de aud\u00edfonos, utiliza 6 pilas AA (no incluidas) o adaptador de corriente AD-E95100L (incluido), incluye atril de partituras, dimensiones: 946 x 307 x 92 mm, peso: 3.3 kg (sin pilas).\",\"breadcrumb\":{\"@id\":\"https:\\\/\\\/www.mexicanguitarplayers.com\\\/tienda\\\/sin categor\u00eda\\\/teclado-casio-portatil-ctk-1550-c-eli\\\/#breadcrumb\"},\"inLanguage\":\"en-US\",\"potentialAction\":[{\"@type\":\"ReadAction\",\"target\":[\"https:\\\/\\\/www.mexicanguitarplayers.com\\\/tienda\\\/sin categor\u00eda\\\/teclado-casio-portatil-ctk-1550-c-eli\\\/\"]}]},{\"@type\":\"ImageObject\",\"inLanguage\":\"en-US\",\"@id\":\"https:\\\/\\\/www.mexicanguitarplayers.com\\\/tienda\\\/sin categor\u00eda\\\/teclado-casio-portatil-ctk-1550-c-eli\\\/#primaryimage\",\"url\":\"https:\\\/\\\/www.mexicanguitarplayers.com\\\/wp-content\\\/uploads\\\/2025\\\/04\\\/ITCASCTK1550A.jpg\",\"contentUrl\":\"https:\\\/\\\/www.mexicanguitarplayers.com\\\/wp-content\\\/uploads\\\/2025\\\/04\\\/ITCASCTK1550A.jpg\",\"width\":1600,\"height\":800},{\"@type\":\"BreadcrumbList\",\"@id\":\"https:\\\/\\\/www.mexicanguitarplayers.com\\\/tienda\\\/sin categor\u00eda\\\/teclado-casio-portatil-ctk-1550-c-eli\\\/#breadcrumb\",\"itemListElement\":[{\"@type\":\"ListItem\",\"position\":1,\"name\":\"Portada\",\"item\":\"https:\\\/\\\/www.mexicanguitarplayers.com\\\/\"},{\"@type\":\"ListItem\",\"position\":2,\"name\":\"Tienda\",\"item\":\"https:\\\/\\\/www.mexicanguitarplayers.com\\\/tienda\\\/\"},{\"@type\":\"ListItem\",\"position\":3,\"name\":\"TECLADO CASIO PORTATIL CTK-1550 C\\\/ELI\"}]},{\"@type\":\"WebSite\",\"@id\":\"https:\\\/\\\/www.mexicanguitarplayers.com\\\/#website\",\"url\":\"https:\\\/\\\/www.mexicanguitarplayers.com\\\/\",\"name\":\"Mexican Guitar Players\",\"description\":\"Website\",\"publisher\":{\"@id\":\"https:\\\/\\\/www.mexicanguitarplayers.com\\\/#organization\"},\"potentialAction\":[{\"@type\":\"SearchAction\",\"target\":{\"@type\":\"EntryPoint\",\"urlTemplate\":\"https:\\\/\\\/www.mexicanguitarplayers.com\\\/?s={search_term_string}\"},\"query-input\":{\"@type\":\"PropertyValueSpecification\",\"valueRequired\":true,\"valueName\":\"search_term_string\"}}],\"inLanguage\":\"en-US\"},{\"@type\":\"Organization\",\"@id\":\"https:\\\/\\\/www.mexicanguitarplayers.com\\\/#organization\",\"name\":\"Mexican Guitar Players\",\"url\":\"https:\\\/\\\/www.mexicanguitarplayers.com\\\/\",\"logo\":{\"@type\":\"ImageObject\",\"inLanguage\":\"en-US\",\"@id\":\"https:\\\/\\\/www.mexicanguitarplayers.com\\\/#\\\/schema\\\/logo\\\/image\\\/\",\"url\":\"\",\"contentUrl\":\"\",\"caption\":\"Mexican Guitar Players\"},\"image\":{\"@id\":\"https:\\\/\\\/www.mexicanguitarplayers.com\\\/#\\\/schema\\\/logo\\\/image\\\/\"}}]}<\/script>\n<!-- \/ Yoast SEO plugin. -->","yoast_head_json":{"title":"TECLADO CASIO PORTATIL  CTK-1550 C\/ELI - Mexican Guitar Players","description":"Teclado de 61 teclas similares a las de un piano, polifon\u00eda m\u00e1xima de 32 notas, 120 tonos incorporados, 70 ritmos integrados, 50 ritmos de m\u00fasica dance, acompa\u00f1amiento autom\u00e1tico, modos: Acorde de CASIO, nota simple 1, nota simple 2 (6.\u00aa desactivada), nota simple 3 (en bajo), acorde completo, controles: Inicio\/parada, sincronizaci\u00f3n\/relleno, 100 canciones integradas, funci\u00f3n de lecciones: Lesson Lite, evaluaci\u00f3n de desempe\u00f1o, gu\u00eda de digitaci\u00f3n por voz, modo Dance, transposici\u00f3n de teclas: \u00b11 octava (de -12 a 0 a +12 semitonos), control de afinaci\u00f3n: A4 = de 415,5 a 465,9 Hz (ajuste predeterminado inicial: 440 Hz), 2 altavoces de 10 cm, salida de amplificador: 2W+2W, salida de aud\u00edfonos, utiliza 6 pilas AA (no incluidas) o adaptador de corriente AD-E95100L (incluido), incluye atril de partituras, dimensiones: 946 x 307 x 92 mm, peso: 3.3 kg (sin pilas).","robots":{"index":"index","follow":"follow","max-snippet":"max-snippet:-1","max-image-preview":"max-image-preview:large","max-video-preview":"max-video-preview:-1"},"canonical":"https:\/\/www.mexicanguitarplayers.com\/en\/tienda\/sin categor\u00eda\/teclado-casio-portatil-ctk-1550-c-eli\/","og_locale":"en_US","og_type":"article","og_title":"TECLADO CASIO PORTATIL  CTK-1550 C\/ELI - Mexican Guitar Players","og_description":"Teclado de 61 teclas similares a las de un piano, polifon\u00eda m\u00e1xima de 32 notas, 120 tonos incorporados, 70 ritmos integrados, 50 ritmos de m\u00fasica dance, acompa\u00f1amiento autom\u00e1tico, modos: Acorde de CASIO, nota simple 1, nota simple 2 (6.\u00aa desactivada), nota simple 3 (en bajo), acorde completo, controles: Inicio\/parada, sincronizaci\u00f3n\/relleno, 100 canciones integradas, funci\u00f3n de lecciones: Lesson Lite, evaluaci\u00f3n de desempe\u00f1o, gu\u00eda de digitaci\u00f3n por voz, modo Dance, transposici\u00f3n de teclas: \u00b11 octava (de -12 a 0 a +12 semitonos), control de afinaci\u00f3n: A4 = de 415,5 a 465,9 Hz (ajuste predeterminado inicial: 440 Hz), 2 altavoces de 10 cm, salida de amplificador: 2W+2W, salida de aud\u00edfonos, utiliza 6 pilas AA (no incluidas) o adaptador de corriente AD-E95100L (incluido), incluye atril de partituras, dimensiones: 946 x 307 x 92 mm, peso: 3.3 kg (sin pilas).","og_url":"https:\/\/www.mexicanguitarplayers.com\/en\/tienda\/sin categor\u00eda\/teclado-casio-portatil-ctk-1550-c-eli\/","og_site_name":"Mexican Guitar Players","article_modified_time":"2026-04-10T10:22:59+00:00","twitter_card":"summary_large_image","twitter_misc":{"Est. reading time":"2 minutes"},"schema":{"@context":"https:\/\/schema.org","@graph":[{"@type":["WebPage","ItemPage"],"@id":"https:\/\/www.mexicanguitarplayers.com\/tienda\/sin categor\u00eda\/teclado-casio-portatil-ctk-1550-c-eli\/","url":"https:\/\/www.mexicanguitarplayers.com\/tienda\/sin categor\u00eda\/teclado-casio-portatil-ctk-1550-c-eli\/","name":"TECLADO CASIO PORTATIL CTK-1550 C\/ELI - Mexican Guitar Players","isPartOf":{"@id":"https:\/\/www.mexicanguitarplayers.com\/#website"},"primaryImageOfPage":{"@id":"https:\/\/www.mexicanguitarplayers.com\/tienda\/sin categor\u00eda\/teclado-casio-portatil-ctk-1550-c-eli\/#primaryimage"},"image":{"@id":"https:\/\/www.mexicanguitarplayers.com\/tienda\/sin categor\u00eda\/teclado-casio-portatil-ctk-1550-c-eli\/#primaryimage"},"thumbnailUrl":"https:\/\/www.mexicanguitarplayers.com\/wp-content\/uploads\/2025\/04\/ITCASCTK1550A.jpg","datePublished":"2025-04-09T12:06:40+00:00","dateModified":"2026-04-10T10:22:59+00:00","description":"Teclado de 61 teclas similares a las de un piano, polifon\u00eda m\u00e1xima de 32 notas, 120 tonos incorporados, 70 ritmos integrados, 50 ritmos de m\u00fasica dance, acompa\u00f1amiento autom\u00e1tico, modos: Acorde de CASIO, nota simple 1, nota simple 2 (6.\u00aa desactivada), nota simple 3 (en bajo), acorde completo, controles: Inicio\/parada, sincronizaci\u00f3n\/relleno, 100 canciones integradas, funci\u00f3n de lecciones: Lesson Lite, evaluaci\u00f3n de desempe\u00f1o, gu\u00eda de digitaci\u00f3n por voz, modo Dance, transposici\u00f3n de teclas: \u00b11 octava (de -12 a 0 a +12 semitonos), control de afinaci\u00f3n: A4 = de 415,5 a 465,9 Hz (ajuste predeterminado inicial: 440 Hz), 2 altavoces de 10 cm, salida de amplificador: 2W+2W, salida de aud\u00edfonos, utiliza 6 pilas AA (no incluidas) o adaptador de corriente AD-E95100L (incluido), incluye atril de partituras, dimensiones: 946 x 307 x 92 mm, peso: 3.3 kg (sin pilas).","breadcrumb":{"@id":"https:\/\/www.mexicanguitarplayers.com\/tienda\/sin categor\u00eda\/teclado-casio-portatil-ctk-1550-c-eli\/#breadcrumb"},"inLanguage":"en-US","potentialAction":[{"@type":"ReadAction","target":["https:\/\/www.mexicanguitarplayers.com\/tienda\/sin categor\u00eda\/teclado-casio-portatil-ctk-1550-c-eli\/"]}]},{"@type":"ImageObject","inLanguage":"en-US","@id":"https:\/\/www.mexicanguitarplayers.com\/tienda\/sin categor\u00eda\/teclado-casio-portatil-ctk-1550-c-eli\/#primaryimage","url":"https:\/\/www.mexicanguitarplayers.com\/wp-content\/uploads\/2025\/04\/ITCASCTK1550A.jpg","contentUrl":"https:\/\/www.mexicanguitarplayers.com\/wp-content\/uploads\/2025\/04\/ITCASCTK1550A.jpg","width":1600,"height":800},{"@type":"BreadcrumbList","@id":"https:\/\/www.mexicanguitarplayers.com\/tienda\/sin categor\u00eda\/teclado-casio-portatil-ctk-1550-c-eli\/#breadcrumb","itemListElement":[{"@type":"ListItem","position":1,"name":"Portada","item":"https:\/\/www.mexicanguitarplayers.com\/"},{"@type":"ListItem","position":2,"name":"Tienda","item":"https:\/\/www.mexicanguitarplayers.com\/tienda\/"},{"@type":"ListItem","position":3,"name":"TECLADO CASIO PORTATIL CTK-1550 C\/ELI"}]},{"@type":"WebSite","@id":"https:\/\/www.mexicanguitarplayers.com\/#website","url":"https:\/\/www.mexicanguitarplayers.com\/","name":"Mexican Guitar Players","description":"Website","publisher":{"@id":"https:\/\/www.mexicanguitarplayers.com\/#organization"},"potentialAction":[{"@type":"SearchAction","target":{"@type":"EntryPoint","urlTemplate":"https:\/\/www.mexicanguitarplayers.com\/?s={search_term_string}"},"query-input":{"@type":"PropertyValueSpecification","valueRequired":true,"valueName":"search_term_string"}}],"inLanguage":"en-US"},{"@type":"Organization","@id":"https:\/\/www.mexicanguitarplayers.com\/#organization","name":"Mexican Guitar Players","url":"https:\/\/www.mexicanguitarplayers.com\/","logo":{"@type":"ImageObject","inLanguage":"en-US","@id":"https:\/\/www.mexicanguitarplayers.com\/#\/schema\/logo\/image\/","url":"","contentUrl":"","caption":"Mexican Guitar Players"},"image":{"@id":"https:\/\/www.mexicanguitarplayers.com\/#\/schema\/logo\/image\/"}}]}},"brands":[{"id":274,"name":"CASIO","slug":"casio"}],"_links":{"self":[{"href":"https:\/\/www.mexicanguitarplayers.com\/en\/wp-json\/wp\/v2\/product\/38379","targetHints":{"allow":["GET"]}}],"collection":[{"href":"https:\/\/www.mexicanguitarplayers.com\/en\/wp-json\/wp\/v2\/product"}],"about":[{"href":"https:\/\/www.mexicanguitarplayers.com\/en\/wp-json\/wp\/v2\/types\/product"}],"replies":[{"embeddable":true,"href":"https:\/\/www.mexicanguitarplayers.com\/en\/wp-json\/wp\/v2\/comments?post=38379"}],"wp:featuredmedia":[{"embeddable":true,"href":"https:\/\/www.mexicanguitarplayers.com\/en\/wp-json\/wp\/v2\/media\/38378"}],"wp:attachment":[{"href":"https:\/\/www.mexicanguitarplayers.com\/en\/wp-json\/wp\/v2\/media?parent=38379"}],"wp:term":[{"taxonomy":"pwb-brand","embeddable":true,"href":"https:\/\/www.mexicanguitarplayers.com\/en\/wp-json\/wp\/v2\/pwb-brand?post=38379"},{"taxonomy":"product_brand","embeddable":true,"href":"https:\/\/www.mexicanguitarplayers.com\/en\/wp-json\/wp\/v2\/product_brand?post=38379"},{"taxonomy":"product_cat","embeddable":true,"href":"https:\/\/www.mexicanguitarplayers.com\/en\/wp-json\/wp\/v2\/product_cat?post=38379"},{"taxonomy":"product_tag","embeddable":true,"href":"https:\/\/www.mexicanguitarplayers.com\/en\/wp-json\/wp\/v2\/product_tag?post=38379"}],"curies":[{"name":"wp","href":"https:\/\/api.w.org\/{rel}","templated":true}]}}