{"id":38392,"date":"2025-04-09T06:06:55","date_gmt":"2025-04-09T12:06:55","guid":{"rendered":"https:\/\/www.mexicanguitarplayers.com\/tienda\/sin categor\u00eda\/interfaz-blackstar-2x2-polar2\/"},"modified":"2026-01-17T04:28:09","modified_gmt":"2026-01-17T10:28:09","slug":"interfaz-blackstar-2x2-polar2","status":"publish","type":"product","link":"https:\/\/www.mexicanguitarplayers.com\/en\/tienda\/audio\/interfaces\/interfaz-blackstar-2x2-polar2\/","title":{"rendered":"INTERFAZ BLACKSTAR 2X2 POLAR2"},"content":{"rendered":"<div style=\"text-align: justify\">\n<div>\n<h3>POLAR 2 INTERFAZ BLACKSTAR<\/h3>\n<\/div>\n<div>La interfaz de audio para guitarristas. POLAR es Interfaz de audio especialmente dise\u00f1ada para mejorar la se\u00f1al DI de su guitarra de una manera que le devuelva la codiciada sensaci\u00f3n y respuesta de tocar a trav\u00e9s de un amplificador de guitarra de v\u00e1lvulas real. POLAR est\u00e1 equipado con entradas de instrumentos FET, que proporcionan un ruido ultrabajo y un alto margen para la mejor base sonora para el tono de su guitarra. Se siente como un verdadero amplificador \u201cEnhance\u201d restaura el tacto, la sensaci\u00f3n y la respuesta de tocar a trav\u00e9s de un amplificador real. Cuando el interruptor Enhance est\u00e1 activado en la entrada del instrumento, se introduce un circuito \u00fanico que imita la etapa de entrada de un amplificador de v\u00e1lvula real, incluidos todos sus comportamientos y caracter\u00edsticas no lineales. Sin recortes digitales, establezca niveles con facilidad Con \u201cEnhance\u201d activado, puedes capturar niveles de guitarra sin preocuparte por el recorte digital. Esta caracter\u00edstica le permite controlar los preamplificadores de POLAR como un amplificador de v\u00e1lvulas real, facilitando los ajustes de nivel y garantizando un manejo fluido de las se\u00f1ales din\u00e1micas de la guitarra, evitando as\u00ed tonos \u00e1speros y tomas arruinadas. Preamplificador de micr\u00f3fono de clase mundial Inspirados en renombrados preamplificadores de estudio antiguos, los preamplificadores de micr\u00f3fono de POLAR ofrecen tonos c\u00e1lidos y ricos y un car\u00e1cter aut\u00e9ntico, mejorando la profundidad y calidad general de su sonido. Al activar \u201cEnhance\u201d se eleva suavemente el extremo superior de la se\u00f1al, resaltando la claridad y el aire naturales de las interpretaciones vocales, instrumentos ac\u00fasticos y m\u00e1s. Todo lo que necesitas para grabar guitarra y voz. POLAR 2 viene con una colecci\u00f3n de software de estudio que incluye St. James Plugin Suite (valorado en $129\/\u00a3129\/\u20ac129), Ableton Live Lite, ReLab LX480 Essentials Reverb, Melodyne Essential y m\u00e1s. Empieza a hacer m\u00fasica ahora.<\/div>\n<div>\n<h4>Characteristics<\/h4>\n<\/div>\n<div>\n<ul style=\"margin: 0px 0px 0px 25px\">\n<li style=\"list-style-type: circle;margin: 5px\">N\u00daMERO DE PREAMPLIFICADORES DE MICR\u00d3FONO<\/li>\n<li style=\"list-style-type: circle;margin: 5px\">POTENCIA PHANTOM<\/li>\n<li style=\"list-style-type: circle;margin: 5px\">ENTRADAS DE INSTRUMENTOS<\/li>\n<li style=\"list-style-type: circle;margin: 5px\">ENTRADAS DE L\u00cdNEA<\/li>\n<li style=\"list-style-type: circle;margin: 5px\">MEJORAR INTERRUPTORES<\/li>\n<li style=\"list-style-type: circle;margin: 5px\">SALIDAS DE L\u00cdNEA<\/li>\n<li style=\"list-style-type: circle;margin: 5px\">SALIDAS DE AURICULARES<\/li>\n<li style=\"list-style-type: circle;margin: 5px\">LOOPBACK<\/li>\n<li style=\"list-style-type: circle;margin: 5px\">CONECTIVIDAD<\/li>\n<li style=\"list-style-type: circle;margin: 5px\">PROTOCOLO<\/li>\n<li style=\"list-style-type: circle;margin: 5px\">FACTOR DE FORMA<\/li>\n<li style=\"list-style-type: circle;margin: 5px\">E\/S SIMULT\u00c1NEAS<\/li>\n<li style=\"list-style-type: circle;margin: 5px\">RESOLUCI\u00d3N A\/D<\/li>\n<li style=\"list-style-type: circle;margin: 5px\">BUS POWERED<\/li>\n<li style=\"list-style-type: circle;margin: 5px\">FRECUENCIAS DE MUESTREO ADMITIDAS<\/li>\n<li style=\"list-style-type: circle;margin: 5px\">SOFTWARE INCLUIDO<\/li>\n<li style=\"list-style-type: circle;margin: 5px\">PESO<\/li>\n<li style=\"list-style-type: circle;margin: 5px\">DIMENSIONES<\/li>\n<\/ul>\n<\/div>\n<\/div>","protected":false},"excerpt":{"rendered":"<p>POLAR es la interfaz de audio ideal para guitarristas que buscan el mejor tono de grabaci\u00f3n de guitarra.POLAR 2 es una interfaz de audio USB de 2 canales creada por guitarristas para guitarristas. Cuenta con 2 canales de entrada FET de alto margen para instrumento, l\u00ednea y micr\u00f3fono, un amplificador de auriculares de alto rendimiento, alimentaci\u00f3n fantasma de +48 V para micr\u00f3fonos de condensador, salidas balanceadas para monitoreo profesional, medidores de nivel visual y el interruptor patentado \u201dEnhance\u201d.\u00a1POLAR viene incluido con la colecci\u00f3n de software de estudio que incluye el conjunto completo de complementos St. James y todo lo que necesitas para comenzar a grabar ahora!&hellip; <a class=\"kt-excerpt-readmore more-link\" href=\"https:\/\/www.mexicanguitarplayers.com\/en\/tienda\/audio\/interfaces\/interfaz-blackstar-2x2-polar2\/\">Read more<\/a><\/p>","protected":false},"featured_media":38386,"comment_status":"open","ping_status":"closed","template":"","meta":{"kt_blocks_editor_width":""},"pwb-brand":[172],"product_brand":[],"product_cat":[213,233],"product_tag":[],"class_list":{"0":"post-38392","1":"product","2":"type-product","3":"status-publish","4":"has-post-thumbnail","6":"pwb-brand-blackstar","7":"product_cat-audio","8":"product_cat-interfaces","9":"product_shipping_class-0-5-kg","11":"first","12":"instock","13":"taxable","14":"shipping-taxable","15":"purchasable","16":"product-type-simple"},"yoast_head":"<!-- This site is optimized with the Yoast SEO plugin v27.3 - https:\/\/yoast.com\/product\/yoast-seo-wordpress\/ -->\n<title>INTERFAZ BLACKSTAR 2X2 POLAR2 - Mexican Guitar Players<\/title>\n<meta name=\"description\" content=\"POLAR es la interfaz de audio ideal para guitarristas que buscan el mejor tono de grabaci\u00f3n de guitarra.POLAR 2 es una interfaz de audio USB de 2 canales creada por guitarristas para guitarristas. Cuenta con 2 canales de entrada FET de alto margen para instrumento, l\u00ednea y micr\u00f3fono, un amplificador de auriculares de alto rendimiento, alimentaci\u00f3n fantasma de +48 V para micr\u00f3fonos de condensador, salidas balanceadas para monitoreo profesional, medidores de nivel visual y el interruptor patentado \u201dEnhance\u201d.\u00a1POLAR viene incluido con la colecci\u00f3n de software de estudio que incluye el conjunto completo de complementos St. James y todo lo que necesitas para comenzar a grabar ahora!\" \/>\n<meta name=\"robots\" content=\"index, follow, max-snippet:-1, max-image-preview:large, max-video-preview:-1\" \/>\n<link rel=\"canonical\" href=\"https:\/\/www.mexicanguitarplayers.com\/en\/tienda\/sin%20categor\u00eda\/interfaz-blackstar-2x2-polar2\/\" \/>\n<meta property=\"og:locale\" content=\"en_US\" \/>\n<meta property=\"og:type\" content=\"article\" \/>\n<meta property=\"og:title\" content=\"INTERFAZ BLACKSTAR 2X2 POLAR2 - Mexican Guitar Players\" \/>\n<meta property=\"og:description\" content=\"POLAR es la interfaz de audio ideal para guitarristas que buscan el mejor tono de grabaci\u00f3n de guitarra.POLAR 2 es una interfaz de audio USB de 2 canales creada por guitarristas para guitarristas. Cuenta con 2 canales de entrada FET de alto margen para instrumento, l\u00ednea y micr\u00f3fono, un amplificador de auriculares de alto rendimiento, alimentaci\u00f3n fantasma de +48 V para micr\u00f3fonos de condensador, salidas balanceadas para monitoreo profesional, medidores de nivel visual y el interruptor patentado \u201dEnhance\u201d.\u00a1POLAR viene incluido con la colecci\u00f3n de software de estudio que incluye el conjunto completo de complementos St. James y todo lo que necesitas para comenzar a grabar ahora!\" \/>\n<meta property=\"og:url\" content=\"https:\/\/www.mexicanguitarplayers.com\/en\/tienda\/sin categor\u00eda\/interfaz-blackstar-2x2-polar2\/\" \/>\n<meta property=\"og:site_name\" content=\"Mexican Guitar Players\" \/>\n<meta property=\"article:modified_time\" content=\"2026-01-17T10:28:09+00:00\" \/>\n<meta name=\"twitter:card\" content=\"summary_large_image\" \/>\n<meta name=\"twitter:label1\" content=\"Est. reading time\" \/>\n\t<meta name=\"twitter:data1\" content=\"2 minutes\" \/>\n<script type=\"application\/ld+json\" class=\"yoast-schema-graph\">{\"@context\":\"https:\\\/\\\/schema.org\",\"@graph\":[{\"@type\":[\"WebPage\",\"ItemPage\"],\"@id\":\"https:\\\/\\\/www.mexicanguitarplayers.com\\\/tienda\\\/sin categor\u00eda\\\/interfaz-blackstar-2x2-polar2\\\/\",\"url\":\"https:\\\/\\\/www.mexicanguitarplayers.com\\\/tienda\\\/sin categor\u00eda\\\/interfaz-blackstar-2x2-polar2\\\/\",\"name\":\"INTERFAZ BLACKSTAR 2X2 POLAR2 - Mexican Guitar Players\",\"isPartOf\":{\"@id\":\"https:\\\/\\\/www.mexicanguitarplayers.com\\\/#website\"},\"primaryImageOfPage\":{\"@id\":\"https:\\\/\\\/www.mexicanguitarplayers.com\\\/tienda\\\/sin categor\u00eda\\\/interfaz-blackstar-2x2-polar2\\\/#primaryimage\"},\"image\":{\"@id\":\"https:\\\/\\\/www.mexicanguitarplayers.com\\\/tienda\\\/sin categor\u00eda\\\/interfaz-blackstar-2x2-polar2\\\/#primaryimage\"},\"thumbnailUrl\":\"https:\\\/\\\/www.mexicanguitarplayers.com\\\/wp-content\\\/uploads\\\/2025\\\/04\\\/IABLSPOLAR2.jpg\",\"datePublished\":\"2025-04-09T12:06:55+00:00\",\"dateModified\":\"2026-01-17T10:28:09+00:00\",\"description\":\"POLAR es la interfaz de audio ideal para guitarristas que buscan el mejor tono de grabaci\u00f3n de guitarra.POLAR 2 es una interfaz de audio USB de 2 canales creada por guitarristas para guitarristas. Cuenta con 2 canales de entrada FET de alto margen para instrumento, l\u00ednea y micr\u00f3fono, un amplificador de auriculares de alto rendimiento, alimentaci\u00f3n fantasma de +48 V para micr\u00f3fonos de condensador, salidas balanceadas para monitoreo profesional, medidores de nivel visual y el interruptor patentado \u201dEnhance\u201d.\u00a1POLAR viene incluido con la colecci\u00f3n de software de estudio que incluye el conjunto completo de complementos St. James y todo lo que necesitas para comenzar a grabar ahora!\",\"breadcrumb\":{\"@id\":\"https:\\\/\\\/www.mexicanguitarplayers.com\\\/tienda\\\/sin categor\u00eda\\\/interfaz-blackstar-2x2-polar2\\\/#breadcrumb\"},\"inLanguage\":\"en-US\",\"potentialAction\":[{\"@type\":\"ReadAction\",\"target\":[\"https:\\\/\\\/www.mexicanguitarplayers.com\\\/tienda\\\/sin categor\u00eda\\\/interfaz-blackstar-2x2-polar2\\\/\"]}]},{\"@type\":\"ImageObject\",\"inLanguage\":\"en-US\",\"@id\":\"https:\\\/\\\/www.mexicanguitarplayers.com\\\/tienda\\\/sin categor\u00eda\\\/interfaz-blackstar-2x2-polar2\\\/#primaryimage\",\"url\":\"https:\\\/\\\/www.mexicanguitarplayers.com\\\/wp-content\\\/uploads\\\/2025\\\/04\\\/IABLSPOLAR2.jpg\",\"contentUrl\":\"https:\\\/\\\/www.mexicanguitarplayers.com\\\/wp-content\\\/uploads\\\/2025\\\/04\\\/IABLSPOLAR2.jpg\",\"width\":1200,\"height\":1200},{\"@type\":\"BreadcrumbList\",\"@id\":\"https:\\\/\\\/www.mexicanguitarplayers.com\\\/tienda\\\/sin categor\u00eda\\\/interfaz-blackstar-2x2-polar2\\\/#breadcrumb\",\"itemListElement\":[{\"@type\":\"ListItem\",\"position\":1,\"name\":\"Portada\",\"item\":\"https:\\\/\\\/www.mexicanguitarplayers.com\\\/\"},{\"@type\":\"ListItem\",\"position\":2,\"name\":\"Tienda\",\"item\":\"https:\\\/\\\/www.mexicanguitarplayers.com\\\/tienda\\\/\"},{\"@type\":\"ListItem\",\"position\":3,\"name\":\"INTERFAZ BLACKSTAR 2X2 POLAR2\"}]},{\"@type\":\"WebSite\",\"@id\":\"https:\\\/\\\/www.mexicanguitarplayers.com\\\/#website\",\"url\":\"https:\\\/\\\/www.mexicanguitarplayers.com\\\/\",\"name\":\"Mexican Guitar Players\",\"description\":\"Website\",\"publisher\":{\"@id\":\"https:\\\/\\\/www.mexicanguitarplayers.com\\\/#organization\"},\"potentialAction\":[{\"@type\":\"SearchAction\",\"target\":{\"@type\":\"EntryPoint\",\"urlTemplate\":\"https:\\\/\\\/www.mexicanguitarplayers.com\\\/?s={search_term_string}\"},\"query-input\":{\"@type\":\"PropertyValueSpecification\",\"valueRequired\":true,\"valueName\":\"search_term_string\"}}],\"inLanguage\":\"en-US\"},{\"@type\":\"Organization\",\"@id\":\"https:\\\/\\\/www.mexicanguitarplayers.com\\\/#organization\",\"name\":\"Mexican Guitar Players\",\"url\":\"https:\\\/\\\/www.mexicanguitarplayers.com\\\/\",\"logo\":{\"@type\":\"ImageObject\",\"inLanguage\":\"en-US\",\"@id\":\"https:\\\/\\\/www.mexicanguitarplayers.com\\\/#\\\/schema\\\/logo\\\/image\\\/\",\"url\":\"\",\"contentUrl\":\"\",\"caption\":\"Mexican Guitar Players\"},\"image\":{\"@id\":\"https:\\\/\\\/www.mexicanguitarplayers.com\\\/#\\\/schema\\\/logo\\\/image\\\/\"}}]}<\/script>\n<!-- \/ Yoast SEO plugin. -->","yoast_head_json":{"title":"INTERFAZ BLACKSTAR 2X2 POLAR2 - Mexican Guitar Players","description":"POLAR es la interfaz de audio ideal para guitarristas que buscan el mejor tono de grabaci\u00f3n de guitarra.POLAR 2 es una interfaz de audio USB de 2 canales creada por guitarristas para guitarristas. Cuenta con 2 canales de entrada FET de alto margen para instrumento, l\u00ednea y micr\u00f3fono, un amplificador de auriculares de alto rendimiento, alimentaci\u00f3n fantasma de +48 V para micr\u00f3fonos de condensador, salidas balanceadas para monitoreo profesional, medidores de nivel visual y el interruptor patentado \u201dEnhance\u201d.\u00a1POLAR viene incluido con la colecci\u00f3n de software de estudio que incluye el conjunto completo de complementos St. James y todo lo que necesitas para comenzar a grabar ahora!","robots":{"index":"index","follow":"follow","max-snippet":"max-snippet:-1","max-image-preview":"max-image-preview:large","max-video-preview":"max-video-preview:-1"},"canonical":"https:\/\/www.mexicanguitarplayers.com\/en\/tienda\/sin categor\u00eda\/interfaz-blackstar-2x2-polar2\/","og_locale":"en_US","og_type":"article","og_title":"INTERFAZ BLACKSTAR 2X2 POLAR2 - Mexican Guitar Players","og_description":"POLAR es la interfaz de audio ideal para guitarristas que buscan el mejor tono de grabaci\u00f3n de guitarra.POLAR 2 es una interfaz de audio USB de 2 canales creada por guitarristas para guitarristas. Cuenta con 2 canales de entrada FET de alto margen para instrumento, l\u00ednea y micr\u00f3fono, un amplificador de auriculares de alto rendimiento, alimentaci\u00f3n fantasma de +48 V para micr\u00f3fonos de condensador, salidas balanceadas para monitoreo profesional, medidores de nivel visual y el interruptor patentado \u201dEnhance\u201d.\u00a1POLAR viene incluido con la colecci\u00f3n de software de estudio que incluye el conjunto completo de complementos St. James y todo lo que necesitas para comenzar a grabar ahora!","og_url":"https:\/\/www.mexicanguitarplayers.com\/en\/tienda\/sin categor\u00eda\/interfaz-blackstar-2x2-polar2\/","og_site_name":"Mexican Guitar Players","article_modified_time":"2026-01-17T10:28:09+00:00","twitter_card":"summary_large_image","twitter_misc":{"Est. reading time":"2 minutes"},"schema":{"@context":"https:\/\/schema.org","@graph":[{"@type":["WebPage","ItemPage"],"@id":"https:\/\/www.mexicanguitarplayers.com\/tienda\/sin categor\u00eda\/interfaz-blackstar-2x2-polar2\/","url":"https:\/\/www.mexicanguitarplayers.com\/tienda\/sin categor\u00eda\/interfaz-blackstar-2x2-polar2\/","name":"INTERFAZ BLACKSTAR 2X2 POLAR2 - Mexican Guitar Players","isPartOf":{"@id":"https:\/\/www.mexicanguitarplayers.com\/#website"},"primaryImageOfPage":{"@id":"https:\/\/www.mexicanguitarplayers.com\/tienda\/sin categor\u00eda\/interfaz-blackstar-2x2-polar2\/#primaryimage"},"image":{"@id":"https:\/\/www.mexicanguitarplayers.com\/tienda\/sin categor\u00eda\/interfaz-blackstar-2x2-polar2\/#primaryimage"},"thumbnailUrl":"https:\/\/www.mexicanguitarplayers.com\/wp-content\/uploads\/2025\/04\/IABLSPOLAR2.jpg","datePublished":"2025-04-09T12:06:55+00:00","dateModified":"2026-01-17T10:28:09+00:00","description":"POLAR es la interfaz de audio ideal para guitarristas que buscan el mejor tono de grabaci\u00f3n de guitarra.POLAR 2 es una interfaz de audio USB de 2 canales creada por guitarristas para guitarristas. Cuenta con 2 canales de entrada FET de alto margen para instrumento, l\u00ednea y micr\u00f3fono, un amplificador de auriculares de alto rendimiento, alimentaci\u00f3n fantasma de +48 V para micr\u00f3fonos de condensador, salidas balanceadas para monitoreo profesional, medidores de nivel visual y el interruptor patentado \u201dEnhance\u201d.\u00a1POLAR viene incluido con la colecci\u00f3n de software de estudio que incluye el conjunto completo de complementos St. James y todo lo que necesitas para comenzar a grabar ahora!","breadcrumb":{"@id":"https:\/\/www.mexicanguitarplayers.com\/tienda\/sin categor\u00eda\/interfaz-blackstar-2x2-polar2\/#breadcrumb"},"inLanguage":"en-US","potentialAction":[{"@type":"ReadAction","target":["https:\/\/www.mexicanguitarplayers.com\/tienda\/sin categor\u00eda\/interfaz-blackstar-2x2-polar2\/"]}]},{"@type":"ImageObject","inLanguage":"en-US","@id":"https:\/\/www.mexicanguitarplayers.com\/tienda\/sin categor\u00eda\/interfaz-blackstar-2x2-polar2\/#primaryimage","url":"https:\/\/www.mexicanguitarplayers.com\/wp-content\/uploads\/2025\/04\/IABLSPOLAR2.jpg","contentUrl":"https:\/\/www.mexicanguitarplayers.com\/wp-content\/uploads\/2025\/04\/IABLSPOLAR2.jpg","width":1200,"height":1200},{"@type":"BreadcrumbList","@id":"https:\/\/www.mexicanguitarplayers.com\/tienda\/sin categor\u00eda\/interfaz-blackstar-2x2-polar2\/#breadcrumb","itemListElement":[{"@type":"ListItem","position":1,"name":"Portada","item":"https:\/\/www.mexicanguitarplayers.com\/"},{"@type":"ListItem","position":2,"name":"Tienda","item":"https:\/\/www.mexicanguitarplayers.com\/tienda\/"},{"@type":"ListItem","position":3,"name":"INTERFAZ BLACKSTAR 2X2 POLAR2"}]},{"@type":"WebSite","@id":"https:\/\/www.mexicanguitarplayers.com\/#website","url":"https:\/\/www.mexicanguitarplayers.com\/","name":"Mexican Guitar Players","description":"Website","publisher":{"@id":"https:\/\/www.mexicanguitarplayers.com\/#organization"},"potentialAction":[{"@type":"SearchAction","target":{"@type":"EntryPoint","urlTemplate":"https:\/\/www.mexicanguitarplayers.com\/?s={search_term_string}"},"query-input":{"@type":"PropertyValueSpecification","valueRequired":true,"valueName":"search_term_string"}}],"inLanguage":"en-US"},{"@type":"Organization","@id":"https:\/\/www.mexicanguitarplayers.com\/#organization","name":"Mexican Guitar Players","url":"https:\/\/www.mexicanguitarplayers.com\/","logo":{"@type":"ImageObject","inLanguage":"en-US","@id":"https:\/\/www.mexicanguitarplayers.com\/#\/schema\/logo\/image\/","url":"","contentUrl":"","caption":"Mexican Guitar Players"},"image":{"@id":"https:\/\/www.mexicanguitarplayers.com\/#\/schema\/logo\/image\/"}}]}},"brands":[{"id":172,"name":"BLACKSTAR","slug":"blackstar"}],"_links":{"self":[{"href":"https:\/\/www.mexicanguitarplayers.com\/en\/wp-json\/wp\/v2\/product\/38392","targetHints":{"allow":["GET"]}}],"collection":[{"href":"https:\/\/www.mexicanguitarplayers.com\/en\/wp-json\/wp\/v2\/product"}],"about":[{"href":"https:\/\/www.mexicanguitarplayers.com\/en\/wp-json\/wp\/v2\/types\/product"}],"replies":[{"embeddable":true,"href":"https:\/\/www.mexicanguitarplayers.com\/en\/wp-json\/wp\/v2\/comments?post=38392"}],"wp:featuredmedia":[{"embeddable":true,"href":"https:\/\/www.mexicanguitarplayers.com\/en\/wp-json\/wp\/v2\/media\/38386"}],"wp:attachment":[{"href":"https:\/\/www.mexicanguitarplayers.com\/en\/wp-json\/wp\/v2\/media?parent=38392"}],"wp:term":[{"taxonomy":"pwb-brand","embeddable":true,"href":"https:\/\/www.mexicanguitarplayers.com\/en\/wp-json\/wp\/v2\/pwb-brand?post=38392"},{"taxonomy":"product_brand","embeddable":true,"href":"https:\/\/www.mexicanguitarplayers.com\/en\/wp-json\/wp\/v2\/product_brand?post=38392"},{"taxonomy":"product_cat","embeddable":true,"href":"https:\/\/www.mexicanguitarplayers.com\/en\/wp-json\/wp\/v2\/product_cat?post=38392"},{"taxonomy":"product_tag","embeddable":true,"href":"https:\/\/www.mexicanguitarplayers.com\/en\/wp-json\/wp\/v2\/product_tag?post=38392"}],"curies":[{"name":"wp","href":"https:\/\/api.w.org\/{rel}","templated":true}]}}