{"id":38401,"date":"2025-04-09T06:07:07","date_gmt":"2025-04-09T12:07:07","guid":{"rendered":"https:\/\/www.mexicanguitarplayers.com\/tienda\/sin categor\u00eda\/bafle-ashdown-p-bajo-mod-rm-414t-evo-iii\/"},"modified":"2026-04-10T04:22:56","modified_gmt":"2026-04-10T10:22:56","slug":"bafle-ashdown-p-bajo-mod-rm-414t-evo-iii","status":"publish","type":"product","link":"https:\/\/www.mexicanguitarplayers.com\/en\/tienda\/audio\/bafles-y-bocinas\/bafles\/bafles-pasivos\/bafle-ashdown-p-bajo-mod-rm-414t-evo-iii\/","title":{"rendered":"BAFLE ASHDOWN P\/BAJO MOD. RM-414T-EVO III"},"content":{"rendered":"<div style=\"text-align: justify\">\n<div>\n<h3>BAFLE ASHDOWN RM-414T-EVO III<\/h3>\n<\/div>\n<div>El Ashdown Rootmaster EVO III 414T es un cambio de juego para los bajistas, combinando potencia, precisi\u00f3n y portabilidad. Con un peso de solo 21 kg (46 libras), es perfecto para m\u00fasicos en movimiento. Con una potencia de salida de 600 vatios, cuatro altavoces personalizados de 10&#8243; y un vers\u00e1til tweeter de alta frecuencia, este gabinete ofrece ese ic\u00f3nico sonido Ashdown. Ligero, elegante y listo para rockear cualquier escenario, es la elecci\u00f3n definitiva para bajistas conscientes del tono.<\/div>\n<div>\n<h4>Characteristics<\/h4>\n<\/div>\n<div>\n<ul style=\"margin: 0px 0px 0px 25px\">\n<li style=\"list-style-type: circle;margin: 5px\">Manejo de energ\u00eda<\/li>\n<li style=\"list-style-type: circle;margin: 5px\">Configuraci\u00f3n de altavoces<\/li>\n<li style=\"list-style-type: circle;margin: 5px\">Respuesta de frecuencia<\/li>\n<li style=\"list-style-type: circle;margin: 5px\">Impedancia<\/li>\n<li style=\"list-style-type: circle;margin: 5px\">Alto x Ancho x Fondo (mm) <\/li>\n<li style=\"list-style-type: circle;margin: 5px\">Peso (kg)<\/li>\n<\/ul>\n<\/div>\n<\/div>","protected":false},"excerpt":{"rendered":"<p>El Ashdown Rootmaster EVO III 414T es un gabinete de bajo que combina potencia, precisi\u00f3n y portabilidad. Con 600 vatios de potencia y cuatro altavoces personalizados de 10\u201d m\u00e1s un tweeter de alta frecuencia, ofrece el distintivo sonido Ashdown en un dise\u00f1o ligero de 21 kg. Perfecto para cualquier escenario, es la opci\u00f3n definitiva para bajistas que valoran tanto el tono como la movilidad.&hellip; <a class=\"kt-excerpt-readmore more-link\" href=\"https:\/\/www.mexicanguitarplayers.com\/en\/tienda\/audio\/bafles-y-bocinas\/bafles\/bafles-pasivos\/bafle-ashdown-p-bajo-mod-rm-414t-evo-iii\/\">Read more<\/a><\/p>","protected":false},"featured_media":38397,"comment_status":"open","ping_status":"closed","template":"","meta":{"kt_blocks_editor_width":""},"pwb-brand":[257],"product_brand":[],"product_cat":[213,222,223,221],"product_tag":[],"class_list":{"0":"post-38401","1":"product","2":"type-product","3":"status-publish","4":"has-post-thumbnail","6":"pwb-brand-ashdown","7":"product_cat-audio","8":"product_cat-bafles","9":"product_cat-bafles-pasivos","10":"product_cat-bafles-y-bocinas","11":"product_shipping_class-25-30-kg","13":"first","14":"instock","15":"taxable","16":"shipping-taxable","17":"purchasable","18":"product-type-simple"},"yoast_head":"<!-- This site is optimized with the Yoast SEO plugin v27.5 - https:\/\/yoast.com\/product\/yoast-seo-wordpress\/ -->\n<title>BAFLE ASHDOWN P\/BAJO MOD. RM-414T-EVO III - Mexican Guitar Players<\/title>\n<meta name=\"description\" content=\"El Ashdown Rootmaster EVO III 414T es un gabinete de bajo que combina potencia, precisi\u00f3n y portabilidad. Con 600 vatios de potencia y cuatro altavoces personalizados de 10\u201d m\u00e1s un tweeter de alta frecuencia, ofrece el distintivo sonido Ashdown en un dise\u00f1o ligero de 21 kg. Perfecto para cualquier escenario, es la opci\u00f3n definitiva para bajistas que valoran tanto el tono como la movilidad.\" \/>\n<meta name=\"robots\" content=\"index, follow, max-snippet:-1, max-image-preview:large, max-video-preview:-1\" \/>\n<link rel=\"canonical\" href=\"https:\/\/www.mexicanguitarplayers.com\/en\/tienda\/sin%20categor\u00eda\/bafle-ashdown-p-bajo-mod-rm-414t-evo-iii\/\" \/>\n<meta property=\"og:locale\" content=\"en_US\" \/>\n<meta property=\"og:type\" content=\"article\" \/>\n<meta property=\"og:title\" content=\"BAFLE ASHDOWN P\/BAJO MOD. RM-414T-EVO III - Mexican Guitar Players\" \/>\n<meta property=\"og:description\" content=\"El Ashdown Rootmaster EVO III 414T es un gabinete de bajo que combina potencia, precisi\u00f3n y portabilidad. Con 600 vatios de potencia y cuatro altavoces personalizados de 10\u201d m\u00e1s un tweeter de alta frecuencia, ofrece el distintivo sonido Ashdown en un dise\u00f1o ligero de 21 kg. Perfecto para cualquier escenario, es la opci\u00f3n definitiva para bajistas que valoran tanto el tono como la movilidad.\" \/>\n<meta property=\"og:url\" content=\"https:\/\/www.mexicanguitarplayers.com\/en\/tienda\/sin categor\u00eda\/bafle-ashdown-p-bajo-mod-rm-414t-evo-iii\/\" \/>\n<meta property=\"og:site_name\" content=\"Mexican Guitar Players\" \/>\n<meta property=\"article:modified_time\" content=\"2026-04-10T10:22:56+00:00\" \/>\n<meta name=\"twitter:card\" content=\"summary_large_image\" \/>\n<script type=\"application\/ld+json\" class=\"yoast-schema-graph\">{\"@context\":\"https:\\\/\\\/schema.org\",\"@graph\":[{\"@type\":[\"WebPage\",\"ItemPage\"],\"@id\":\"https:\\\/\\\/www.mexicanguitarplayers.com\\\/tienda\\\/sin categor\u00eda\\\/bafle-ashdown-p-bajo-mod-rm-414t-evo-iii\\\/\",\"url\":\"https:\\\/\\\/www.mexicanguitarplayers.com\\\/tienda\\\/sin categor\u00eda\\\/bafle-ashdown-p-bajo-mod-rm-414t-evo-iii\\\/\",\"name\":\"BAFLE ASHDOWN P\\\/BAJO MOD. RM-414T-EVO III - Mexican Guitar Players\",\"isPartOf\":{\"@id\":\"https:\\\/\\\/www.mexicanguitarplayers.com\\\/#website\"},\"primaryImageOfPage\":{\"@id\":\"https:\\\/\\\/www.mexicanguitarplayers.com\\\/tienda\\\/sin categor\u00eda\\\/bafle-ashdown-p-bajo-mod-rm-414t-evo-iii\\\/#primaryimage\"},\"image\":{\"@id\":\"https:\\\/\\\/www.mexicanguitarplayers.com\\\/tienda\\\/sin categor\u00eda\\\/bafle-ashdown-p-bajo-mod-rm-414t-evo-iii\\\/#primaryimage\"},\"thumbnailUrl\":\"https:\\\/\\\/www.mexicanguitarplayers.com\\\/wp-content\\\/uploads\\\/2025\\\/04\\\/ICASORM414TEV3.jpg\",\"datePublished\":\"2025-04-09T12:07:07+00:00\",\"dateModified\":\"2026-04-10T10:22:56+00:00\",\"description\":\"El Ashdown Rootmaster EVO III 414T es un gabinete de bajo que combina potencia, precisi\u00f3n y portabilidad. Con 600 vatios de potencia y cuatro altavoces personalizados de 10\u201d m\u00e1s un tweeter de alta frecuencia, ofrece el distintivo sonido Ashdown en un dise\u00f1o ligero de 21 kg. Perfecto para cualquier escenario, es la opci\u00f3n definitiva para bajistas que valoran tanto el tono como la movilidad.\",\"breadcrumb\":{\"@id\":\"https:\\\/\\\/www.mexicanguitarplayers.com\\\/tienda\\\/sin categor\u00eda\\\/bafle-ashdown-p-bajo-mod-rm-414t-evo-iii\\\/#breadcrumb\"},\"inLanguage\":\"en-US\",\"potentialAction\":[{\"@type\":\"ReadAction\",\"target\":[\"https:\\\/\\\/www.mexicanguitarplayers.com\\\/tienda\\\/sin categor\u00eda\\\/bafle-ashdown-p-bajo-mod-rm-414t-evo-iii\\\/\"]}]},{\"@type\":\"ImageObject\",\"inLanguage\":\"en-US\",\"@id\":\"https:\\\/\\\/www.mexicanguitarplayers.com\\\/tienda\\\/sin categor\u00eda\\\/bafle-ashdown-p-bajo-mod-rm-414t-evo-iii\\\/#primaryimage\",\"url\":\"https:\\\/\\\/www.mexicanguitarplayers.com\\\/wp-content\\\/uploads\\\/2025\\\/04\\\/ICASORM414TEV3.jpg\",\"contentUrl\":\"https:\\\/\\\/www.mexicanguitarplayers.com\\\/wp-content\\\/uploads\\\/2025\\\/04\\\/ICASORM414TEV3.jpg\",\"width\":1200,\"height\":1200},{\"@type\":\"BreadcrumbList\",\"@id\":\"https:\\\/\\\/www.mexicanguitarplayers.com\\\/tienda\\\/sin categor\u00eda\\\/bafle-ashdown-p-bajo-mod-rm-414t-evo-iii\\\/#breadcrumb\",\"itemListElement\":[{\"@type\":\"ListItem\",\"position\":1,\"name\":\"Portada\",\"item\":\"https:\\\/\\\/www.mexicanguitarplayers.com\\\/\"},{\"@type\":\"ListItem\",\"position\":2,\"name\":\"Tienda\",\"item\":\"https:\\\/\\\/www.mexicanguitarplayers.com\\\/tienda\\\/\"},{\"@type\":\"ListItem\",\"position\":3,\"name\":\"BAFLE ASHDOWN P\\\/BAJO MOD. RM-414T-EVO III\"}]},{\"@type\":\"WebSite\",\"@id\":\"https:\\\/\\\/www.mexicanguitarplayers.com\\\/#website\",\"url\":\"https:\\\/\\\/www.mexicanguitarplayers.com\\\/\",\"name\":\"Mexican Guitar Players\",\"description\":\"Website\",\"publisher\":{\"@id\":\"https:\\\/\\\/www.mexicanguitarplayers.com\\\/#organization\"},\"potentialAction\":[{\"@type\":\"SearchAction\",\"target\":{\"@type\":\"EntryPoint\",\"urlTemplate\":\"https:\\\/\\\/www.mexicanguitarplayers.com\\\/?s={search_term_string}\"},\"query-input\":{\"@type\":\"PropertyValueSpecification\",\"valueRequired\":true,\"valueName\":\"search_term_string\"}}],\"inLanguage\":\"en-US\"},{\"@type\":\"Organization\",\"@id\":\"https:\\\/\\\/www.mexicanguitarplayers.com\\\/#organization\",\"name\":\"Mexican Guitar Players\",\"url\":\"https:\\\/\\\/www.mexicanguitarplayers.com\\\/\",\"logo\":{\"@type\":\"ImageObject\",\"inLanguage\":\"en-US\",\"@id\":\"https:\\\/\\\/www.mexicanguitarplayers.com\\\/#\\\/schema\\\/logo\\\/image\\\/\",\"url\":\"\",\"contentUrl\":\"\",\"caption\":\"Mexican Guitar Players\"},\"image\":{\"@id\":\"https:\\\/\\\/www.mexicanguitarplayers.com\\\/#\\\/schema\\\/logo\\\/image\\\/\"}}]}<\/script>\n<!-- \/ Yoast SEO plugin. -->","yoast_head_json":{"title":"BAFLE ASHDOWN P\/BAJO MOD. RM-414T-EVO III - Mexican Guitar Players","description":"El Ashdown Rootmaster EVO III 414T es un gabinete de bajo que combina potencia, precisi\u00f3n y portabilidad. Con 600 vatios de potencia y cuatro altavoces personalizados de 10\u201d m\u00e1s un tweeter de alta frecuencia, ofrece el distintivo sonido Ashdown en un dise\u00f1o ligero de 21 kg. Perfecto para cualquier escenario, es la opci\u00f3n definitiva para bajistas que valoran tanto el tono como la movilidad.","robots":{"index":"index","follow":"follow","max-snippet":"max-snippet:-1","max-image-preview":"max-image-preview:large","max-video-preview":"max-video-preview:-1"},"canonical":"https:\/\/www.mexicanguitarplayers.com\/en\/tienda\/sin categor\u00eda\/bafle-ashdown-p-bajo-mod-rm-414t-evo-iii\/","og_locale":"en_US","og_type":"article","og_title":"BAFLE ASHDOWN P\/BAJO MOD. RM-414T-EVO III - Mexican Guitar Players","og_description":"El Ashdown Rootmaster EVO III 414T es un gabinete de bajo que combina potencia, precisi\u00f3n y portabilidad. Con 600 vatios de potencia y cuatro altavoces personalizados de 10\u201d m\u00e1s un tweeter de alta frecuencia, ofrece el distintivo sonido Ashdown en un dise\u00f1o ligero de 21 kg. Perfecto para cualquier escenario, es la opci\u00f3n definitiva para bajistas que valoran tanto el tono como la movilidad.","og_url":"https:\/\/www.mexicanguitarplayers.com\/en\/tienda\/sin categor\u00eda\/bafle-ashdown-p-bajo-mod-rm-414t-evo-iii\/","og_site_name":"Mexican Guitar Players","article_modified_time":"2026-04-10T10:22:56+00:00","twitter_card":"summary_large_image","schema":{"@context":"https:\/\/schema.org","@graph":[{"@type":["WebPage","ItemPage"],"@id":"https:\/\/www.mexicanguitarplayers.com\/tienda\/sin categor\u00eda\/bafle-ashdown-p-bajo-mod-rm-414t-evo-iii\/","url":"https:\/\/www.mexicanguitarplayers.com\/tienda\/sin categor\u00eda\/bafle-ashdown-p-bajo-mod-rm-414t-evo-iii\/","name":"BAFLE ASHDOWN P\/BAJO MOD. RM-414T-EVO III - Mexican Guitar Players","isPartOf":{"@id":"https:\/\/www.mexicanguitarplayers.com\/#website"},"primaryImageOfPage":{"@id":"https:\/\/www.mexicanguitarplayers.com\/tienda\/sin categor\u00eda\/bafle-ashdown-p-bajo-mod-rm-414t-evo-iii\/#primaryimage"},"image":{"@id":"https:\/\/www.mexicanguitarplayers.com\/tienda\/sin categor\u00eda\/bafle-ashdown-p-bajo-mod-rm-414t-evo-iii\/#primaryimage"},"thumbnailUrl":"https:\/\/www.mexicanguitarplayers.com\/wp-content\/uploads\/2025\/04\/ICASORM414TEV3.jpg","datePublished":"2025-04-09T12:07:07+00:00","dateModified":"2026-04-10T10:22:56+00:00","description":"El Ashdown Rootmaster EVO III 414T es un gabinete de bajo que combina potencia, precisi\u00f3n y portabilidad. Con 600 vatios de potencia y cuatro altavoces personalizados de 10\u201d m\u00e1s un tweeter de alta frecuencia, ofrece el distintivo sonido Ashdown en un dise\u00f1o ligero de 21 kg. Perfecto para cualquier escenario, es la opci\u00f3n definitiva para bajistas que valoran tanto el tono como la movilidad.","breadcrumb":{"@id":"https:\/\/www.mexicanguitarplayers.com\/tienda\/sin categor\u00eda\/bafle-ashdown-p-bajo-mod-rm-414t-evo-iii\/#breadcrumb"},"inLanguage":"en-US","potentialAction":[{"@type":"ReadAction","target":["https:\/\/www.mexicanguitarplayers.com\/tienda\/sin categor\u00eda\/bafle-ashdown-p-bajo-mod-rm-414t-evo-iii\/"]}]},{"@type":"ImageObject","inLanguage":"en-US","@id":"https:\/\/www.mexicanguitarplayers.com\/tienda\/sin categor\u00eda\/bafle-ashdown-p-bajo-mod-rm-414t-evo-iii\/#primaryimage","url":"https:\/\/www.mexicanguitarplayers.com\/wp-content\/uploads\/2025\/04\/ICASORM414TEV3.jpg","contentUrl":"https:\/\/www.mexicanguitarplayers.com\/wp-content\/uploads\/2025\/04\/ICASORM414TEV3.jpg","width":1200,"height":1200},{"@type":"BreadcrumbList","@id":"https:\/\/www.mexicanguitarplayers.com\/tienda\/sin categor\u00eda\/bafle-ashdown-p-bajo-mod-rm-414t-evo-iii\/#breadcrumb","itemListElement":[{"@type":"ListItem","position":1,"name":"Portada","item":"https:\/\/www.mexicanguitarplayers.com\/"},{"@type":"ListItem","position":2,"name":"Tienda","item":"https:\/\/www.mexicanguitarplayers.com\/tienda\/"},{"@type":"ListItem","position":3,"name":"BAFLE ASHDOWN P\/BAJO MOD. RM-414T-EVO III"}]},{"@type":"WebSite","@id":"https:\/\/www.mexicanguitarplayers.com\/#website","url":"https:\/\/www.mexicanguitarplayers.com\/","name":"Mexican Guitar Players","description":"Website","publisher":{"@id":"https:\/\/www.mexicanguitarplayers.com\/#organization"},"potentialAction":[{"@type":"SearchAction","target":{"@type":"EntryPoint","urlTemplate":"https:\/\/www.mexicanguitarplayers.com\/?s={search_term_string}"},"query-input":{"@type":"PropertyValueSpecification","valueRequired":true,"valueName":"search_term_string"}}],"inLanguage":"en-US"},{"@type":"Organization","@id":"https:\/\/www.mexicanguitarplayers.com\/#organization","name":"Mexican Guitar Players","url":"https:\/\/www.mexicanguitarplayers.com\/","logo":{"@type":"ImageObject","inLanguage":"en-US","@id":"https:\/\/www.mexicanguitarplayers.com\/#\/schema\/logo\/image\/","url":"","contentUrl":"","caption":"Mexican Guitar Players"},"image":{"@id":"https:\/\/www.mexicanguitarplayers.com\/#\/schema\/logo\/image\/"}}]}},"brands":[{"id":257,"name":"ASHDOWN","slug":"ashdown"}],"_links":{"self":[{"href":"https:\/\/www.mexicanguitarplayers.com\/en\/wp-json\/wp\/v2\/product\/38401","targetHints":{"allow":["GET"]}}],"collection":[{"href":"https:\/\/www.mexicanguitarplayers.com\/en\/wp-json\/wp\/v2\/product"}],"about":[{"href":"https:\/\/www.mexicanguitarplayers.com\/en\/wp-json\/wp\/v2\/types\/product"}],"replies":[{"embeddable":true,"href":"https:\/\/www.mexicanguitarplayers.com\/en\/wp-json\/wp\/v2\/comments?post=38401"}],"wp:featuredmedia":[{"embeddable":true,"href":"https:\/\/www.mexicanguitarplayers.com\/en\/wp-json\/wp\/v2\/media\/38397"}],"wp:attachment":[{"href":"https:\/\/www.mexicanguitarplayers.com\/en\/wp-json\/wp\/v2\/media?parent=38401"}],"wp:term":[{"taxonomy":"pwb-brand","embeddable":true,"href":"https:\/\/www.mexicanguitarplayers.com\/en\/wp-json\/wp\/v2\/pwb-brand?post=38401"},{"taxonomy":"product_brand","embeddable":true,"href":"https:\/\/www.mexicanguitarplayers.com\/en\/wp-json\/wp\/v2\/product_brand?post=38401"},{"taxonomy":"product_cat","embeddable":true,"href":"https:\/\/www.mexicanguitarplayers.com\/en\/wp-json\/wp\/v2\/product_cat?post=38401"},{"taxonomy":"product_tag","embeddable":true,"href":"https:\/\/www.mexicanguitarplayers.com\/en\/wp-json\/wp\/v2\/product_tag?post=38401"}],"curies":[{"name":"wp","href":"https:\/\/api.w.org\/{rel}","templated":true}]}}